{"id":40619,"date":"2025-09-04T13:14:01","date_gmt":"2025-09-04T11:14:01","guid":{"rendered":"https:\/\/ratatamkids.com\/?post_type=product&#038;p=40619"},"modified":"2026-03-03T10:22:57","modified_gmt":"2026-03-03T09:22:57","slug":"balle-rebondissante-ourson-violet","status":"publish","type":"product","link":"https:\/\/ratatamkids.com\/en\/produit\/balle-rebondissante-ourson-violet\/","title":{"rendered":"Balle rebondissante ourson &#8211; Violet"},"content":{"rendered":"<p>\ud83d\udc9c La Balle Rebondissante des Secrets et des R\u00eaves \ud83d\udc9c<\/p>\n<p>Et si votre enfant pouvait attraper un morceau de r\u00eave ? Avec son air de <b>petit Bisounours<\/b> magique, cette balle est une vraie petite boule de myst\u00e8re et d\u2019imagination. Super souple et ultra rebondissante, elle est parfaite pour des parties endiabl\u00e9es o\u00f9 l&#8217;on chuchote ses plus grands secrets. Son petit <b>c\u0153ur<\/b> au milieu est l\u00e0 pour les garder pr\u00e9cieusement.<\/p>\n<ul>\n<li><b>Le petit protecteur de la plan\u00e8te :<\/b> Elle arrive dans un emballage kraft en forme d&#8217;ourson, un petit nid douillet et 100% recyclable, pour un voyage qui respecte notre Terre.<\/li>\n<li><b>Aussi solide que l&#8217;amiti\u00e9 :<\/b> Fabriqu\u00e9e en caoutchouc de qualit\u00e9, cette balle est pr\u00eate \u00e0 affronter tous les sauts et les ricochets les plus fous sans perdre son pouvoir magique.<\/li>\n<li><b>La s\u00e9curit\u00e9 avant tout :<\/b> Conforme aux normes de s\u00e9curit\u00e9, elle est sans danger pour que la seule chose qui rebondisse soit le sourire de votre enfant.<\/li>\n<\/ul>\n<p>Offrez \u00e0 votre enfant un bout de r\u00eave, pour qu&#8217;il puisse \u00e0 son tour se cr\u00e9er des souvenirs qui brillent.<\/p>\n<p><b>Caract\u00e9ristiques :<\/b><\/p>\n<ul>\n<li><b>Design :<\/b> Ourson violet avec un c\u0153ur au milieu<\/li>\n<li><b>Emballage :<\/b> Bo\u00eete kraft 100 % recyclable<\/li>\n<li><b>Mat\u00e9riau :<\/b> Caoutchouc<\/li>\n<li><b>Dimensions :<\/b> 43 mm de diam\u00e8tre<\/li>\n<li><b>\u00c2ge recommand\u00e9 :<\/b> \u00c0 partir de 3 ans<\/li>\n<li><b>Entretien :<\/b> Nettoyer avec un chiffon humide<\/li>\n<li>\n<ul>\n<li><b>4 couleurs disponibles:<\/b> Jaune, bleu, rose &amp; violet<span class=\"Apple-converted-space\"><br \/>\n<\/span><span style=\"font-size: 1rem;\">\u267b\ufe0f <\/span><strong style=\"font-size: 1rem;\" data-start=\"1102\" data-end=\"1132\">Emballage 100 % recyclable<\/strong><\/li>\n<\/ul>\n<p data-start=\"1099\" data-end=\"1158\"><img loading=\"lazy\" decoding=\"async\" class=\"sFlh5c FyHeAf iPVvYb\" src=\"https:\/\/www.sytraival.com\/img\/actualite-zoom\/5d22bec45b677c13da5e3ed4e1969e6a\/21-logo-triman.png\" alt=\"Triman: le logo du tri - Sytraival\" width=\"31\" height=\"32\" \/><\/p>\n<\/li>\n<\/ul>\n","protected":false},"excerpt":{"rendered":"<p>D\u00e9couvrez la <b>balle rebondissante<\/b> la plus mignonne ! Notre <b>ourson violet<\/b> avec son petit c\u0153ur est le jouet parfait pour les enfants \u00e0 partir de 3 ans.<\/p>\n","protected":false},"featured_media":40868,"comment_status":"open","ping_status":"closed","template":"","meta":{"_acf_changed":false},"product_brand":[],"product_cat":[24,250],"product_tag":[],"class_list":{"0":"post-40619","1":"product","2":"type-product","3":"status-publish","4":"has-post-thumbnail","6":"product_cat-jouets","7":"product_cat-balles-rebondissantes","9":"first","10":"instock","11":"taxable","12":"shipping-taxable","13":"purchasable","14":"product-type-simple"},"acf":[],"yoast_head":"<!-- This site is optimized with the Yoast SEO plugin v25.4 - https:\/\/yoast.com\/wordpress\/plugins\/seo\/ -->\n<title>Balle rebondissante ourson - Violet - Ratatam Official Website<\/title>\n<meta name=\"description\" content=\"Offrez une balle rebondissante en caoutchouc, \u00e0 la fois fun et \u00e9colo ! Un jouet durable et sans danger pour les enfants d\u00e8s 3 ans.\" \/>\n<meta name=\"robots\" content=\"index, follow, max-snippet:-1, max-image-preview:large, max-video-preview:-1\" \/>\n<link rel=\"canonical\" href=\"https:\/\/ratatamkids.com\/en\/produit\/balle-rebondissante-ourson-violet\/\" \/>\n<meta property=\"og:locale\" content=\"en_US\" \/>\n<meta property=\"og:type\" content=\"article\" \/>\n<meta property=\"og:title\" content=\"Balle rebondissante ourson - Violet - Ratatam Official Website\" \/>\n<meta property=\"og:description\" content=\"Offrez une balle rebondissante en caoutchouc, \u00e0 la fois fun et \u00e9colo ! Un jouet durable et sans danger pour les enfants d\u00e8s 3 ans.\" \/>\n<meta property=\"og:url\" content=\"https:\/\/ratatamkids.com\/en\/produit\/balle-rebondissante-ourson-violet\/\" \/>\n<meta property=\"og:site_name\" content=\"Ratatam Official Website\" \/>\n<meta property=\"article:publisher\" content=\"https:\/\/www.facebook.com\/Ratatamforhappykids\/\" \/>\n<meta property=\"article:modified_time\" content=\"2026-03-03T09:22:57+00:00\" \/>\n<meta property=\"og:image\" content=\"https:\/\/ratatamkids.com\/wp-content\/uploads\/2025\/09\/Image-4-1.jpg\" \/>\n\t<meta property=\"og:image:width\" content=\"390\" \/>\n\t<meta property=\"og:image:height\" content=\"390\" \/>\n\t<meta property=\"og:image:type\" content=\"image\/jpeg\" \/>\n<meta name=\"twitter:card\" content=\"summary_large_image\" \/>\n<meta name=\"twitter:label1\" content=\"Est. reading time\" \/>\n\t<meta name=\"twitter:data1\" content=\"2 minutes\" \/>\n<script type=\"application\/ld+json\" class=\"yoast-schema-graph\">{\"@context\":\"https:\/\/schema.org\",\"@graph\":[{\"@type\":\"WebPage\",\"@id\":\"https:\/\/ratatamkids.com\/en\/produit\/balle-rebondissante-ourson-violet\/\",\"url\":\"https:\/\/ratatamkids.com\/en\/produit\/balle-rebondissante-ourson-violet\/\",\"name\":\"Balle rebondissante ourson - Violet - Ratatam Official Website\",\"isPartOf\":{\"@id\":\"https:\/\/ratatamkids.com\/en\/#website\"},\"primaryImageOfPage\":{\"@id\":\"https:\/\/ratatamkids.com\/en\/produit\/balle-rebondissante-ourson-violet\/#primaryimage\"},\"image\":{\"@id\":\"https:\/\/ratatamkids.com\/en\/produit\/balle-rebondissante-ourson-violet\/#primaryimage\"},\"thumbnailUrl\":\"https:\/\/ratatamkids.com\/wp-content\/uploads\/2025\/09\/Image-4-1.jpg\",\"datePublished\":\"2025-09-04T11:14:01+00:00\",\"dateModified\":\"2026-03-03T09:22:57+00:00\",\"description\":\"Offrez une balle rebondissante en caoutchouc, \u00e0 la fois fun et \u00e9colo ! Un jouet durable et sans danger pour les enfants d\u00e8s 3 ans.\",\"breadcrumb\":{\"@id\":\"https:\/\/ratatamkids.com\/en\/produit\/balle-rebondissante-ourson-violet\/#breadcrumb\"},\"inLanguage\":\"en-US\",\"potentialAction\":[{\"@type\":\"ReadAction\",\"target\":[\"https:\/\/ratatamkids.com\/en\/produit\/balle-rebondissante-ourson-violet\/\"]}]},{\"@type\":\"ImageObject\",\"inLanguage\":\"en-US\",\"@id\":\"https:\/\/ratatamkids.com\/en\/produit\/balle-rebondissante-ourson-violet\/#primaryimage\",\"url\":\"https:\/\/ratatamkids.com\/wp-content\/uploads\/2025\/09\/Image-4-1.jpg\",\"contentUrl\":\"https:\/\/ratatamkids.com\/wp-content\/uploads\/2025\/09\/Image-4-1.jpg\",\"width\":390,\"height\":390,\"caption\":\"BALLE REBONDISSANTE OURSON VIOLET - PURPLE BEAR BOUNCY BALL - JOUET POUR ENFANT RATATAM\"},{\"@type\":\"BreadcrumbList\",\"@id\":\"https:\/\/ratatamkids.com\/en\/produit\/balle-rebondissante-ourson-violet\/#breadcrumb\",\"itemListElement\":[{\"@type\":\"ListItem\",\"position\":1,\"name\":\"Accueil\",\"item\":\"https:\/\/ratatamkids.com\/en\/\"},{\"@type\":\"ListItem\",\"position\":2,\"name\":\"Shop\",\"item\":\"https:\/\/ratatamkids.com\/en\/shop\/\"},{\"@type\":\"ListItem\",\"position\":3,\"name\":\"Toys\",\"item\":\"https:\/\/ratatamkids.com\/en\/categorie-produit\/toys\/\"},{\"@type\":\"ListItem\",\"position\":4,\"name\":\"Bouncing balls\",\"item\":\"https:\/\/ratatamkids.com\/en\/categorie-produit\/toys\/bouncing-balls\/\"},{\"@type\":\"ListItem\",\"position\":5,\"name\":\"Balle rebondissante ourson &#8211; Violet\"}]},{\"@type\":\"WebSite\",\"@id\":\"https:\/\/ratatamkids.com\/en\/#website\",\"url\":\"https:\/\/ratatamkids.com\/en\/\",\"name\":\"Ratatam Official Website\",\"description\":\"Cool brand for happy kids!\",\"potentialAction\":[{\"@type\":\"SearchAction\",\"target\":{\"@type\":\"EntryPoint\",\"urlTemplate\":\"https:\/\/ratatamkids.com\/en\/?s={search_term_string}\"},\"query-input\":{\"@type\":\"PropertyValueSpecification\",\"valueRequired\":true,\"valueName\":\"search_term_string\"}}],\"inLanguage\":\"en-US\"}]}<\/script>\n<!-- \/ Yoast SEO plugin. -->","yoast_head_json":{"title":"Balle rebondissante ourson - Violet - Ratatam Official Website","description":"Offrez une balle rebondissante en caoutchouc, \u00e0 la fois fun et \u00e9colo ! Un jouet durable et sans danger pour les enfants d\u00e8s 3 ans.","robots":{"index":"index","follow":"follow","max-snippet":"max-snippet:-1","max-image-preview":"max-image-preview:large","max-video-preview":"max-video-preview:-1"},"canonical":"https:\/\/ratatamkids.com\/en\/produit\/balle-rebondissante-ourson-violet\/","og_locale":"en_US","og_type":"article","og_title":"Balle rebondissante ourson - Violet - Ratatam Official Website","og_description":"Offrez une balle rebondissante en caoutchouc, \u00e0 la fois fun et \u00e9colo ! Un jouet durable et sans danger pour les enfants d\u00e8s 3 ans.","og_url":"https:\/\/ratatamkids.com\/en\/produit\/balle-rebondissante-ourson-violet\/","og_site_name":"Ratatam Official Website","article_publisher":"https:\/\/www.facebook.com\/Ratatamforhappykids\/","article_modified_time":"2026-03-03T09:22:57+00:00","og_image":[{"width":390,"height":390,"url":"https:\/\/ratatamkids.com\/wp-content\/uploads\/2025\/09\/Image-4-1.jpg","type":"image\/jpeg"}],"twitter_card":"summary_large_image","twitter_misc":{"Est. reading time":"2 minutes"},"schema":{"@context":"https:\/\/schema.org","@graph":[{"@type":"WebPage","@id":"https:\/\/ratatamkids.com\/en\/produit\/balle-rebondissante-ourson-violet\/","url":"https:\/\/ratatamkids.com\/en\/produit\/balle-rebondissante-ourson-violet\/","name":"Balle rebondissante ourson - Violet - Ratatam Official Website","isPartOf":{"@id":"https:\/\/ratatamkids.com\/en\/#website"},"primaryImageOfPage":{"@id":"https:\/\/ratatamkids.com\/en\/produit\/balle-rebondissante-ourson-violet\/#primaryimage"},"image":{"@id":"https:\/\/ratatamkids.com\/en\/produit\/balle-rebondissante-ourson-violet\/#primaryimage"},"thumbnailUrl":"https:\/\/ratatamkids.com\/wp-content\/uploads\/2025\/09\/Image-4-1.jpg","datePublished":"2025-09-04T11:14:01+00:00","dateModified":"2026-03-03T09:22:57+00:00","description":"Offrez une balle rebondissante en caoutchouc, \u00e0 la fois fun et \u00e9colo ! Un jouet durable et sans danger pour les enfants d\u00e8s 3 ans.","breadcrumb":{"@id":"https:\/\/ratatamkids.com\/en\/produit\/balle-rebondissante-ourson-violet\/#breadcrumb"},"inLanguage":"en-US","potentialAction":[{"@type":"ReadAction","target":["https:\/\/ratatamkids.com\/en\/produit\/balle-rebondissante-ourson-violet\/"]}]},{"@type":"ImageObject","inLanguage":"en-US","@id":"https:\/\/ratatamkids.com\/en\/produit\/balle-rebondissante-ourson-violet\/#primaryimage","url":"https:\/\/ratatamkids.com\/wp-content\/uploads\/2025\/09\/Image-4-1.jpg","contentUrl":"https:\/\/ratatamkids.com\/wp-content\/uploads\/2025\/09\/Image-4-1.jpg","width":390,"height":390,"caption":"BALLE REBONDISSANTE OURSON VIOLET - PURPLE BEAR BOUNCY BALL - JOUET POUR ENFANT RATATAM"},{"@type":"BreadcrumbList","@id":"https:\/\/ratatamkids.com\/en\/produit\/balle-rebondissante-ourson-violet\/#breadcrumb","itemListElement":[{"@type":"ListItem","position":1,"name":"Accueil","item":"https:\/\/ratatamkids.com\/en\/"},{"@type":"ListItem","position":2,"name":"Shop","item":"https:\/\/ratatamkids.com\/en\/shop\/"},{"@type":"ListItem","position":3,"name":"Toys","item":"https:\/\/ratatamkids.com\/en\/categorie-produit\/toys\/"},{"@type":"ListItem","position":4,"name":"Bouncing balls","item":"https:\/\/ratatamkids.com\/en\/categorie-produit\/toys\/bouncing-balls\/"},{"@type":"ListItem","position":5,"name":"Balle rebondissante ourson &#8211; Violet"}]},{"@type":"WebSite","@id":"https:\/\/ratatamkids.com\/en\/#website","url":"https:\/\/ratatamkids.com\/en\/","name":"Ratatam Official Website","description":"Cool brand for happy kids!","potentialAction":[{"@type":"SearchAction","target":{"@type":"EntryPoint","urlTemplate":"https:\/\/ratatamkids.com\/en\/?s={search_term_string}"},"query-input":{"@type":"PropertyValueSpecification","valueRequired":true,"valueName":"search_term_string"}}],"inLanguage":"en-US"}]}},"_links":{"self":[{"href":"https:\/\/ratatamkids.com\/en\/wp-json\/wp\/v2\/product\/40619","targetHints":{"allow":["GET"]}}],"collection":[{"href":"https:\/\/ratatamkids.com\/en\/wp-json\/wp\/v2\/product"}],"about":[{"href":"https:\/\/ratatamkids.com\/en\/wp-json\/wp\/v2\/types\/product"}],"replies":[{"embeddable":true,"href":"https:\/\/ratatamkids.com\/en\/wp-json\/wp\/v2\/comments?post=40619"}],"wp:featuredmedia":[{"embeddable":true,"href":"https:\/\/ratatamkids.com\/en\/wp-json\/wp\/v2\/media\/40868"}],"wp:attachment":[{"href":"https:\/\/ratatamkids.com\/en\/wp-json\/wp\/v2\/media?parent=40619"}],"wp:term":[{"taxonomy":"product_brand","embeddable":true,"href":"https:\/\/ratatamkids.com\/en\/wp-json\/wp\/v2\/product_brand?post=40619"},{"taxonomy":"product_cat","embeddable":true,"href":"https:\/\/ratatamkids.com\/en\/wp-json\/wp\/v2\/product_cat?post=40619"},{"taxonomy":"product_tag","embeddable":true,"href":"https:\/\/ratatamkids.com\/en\/wp-json\/wp\/v2\/product_tag?post=40619"}],"curies":[{"name":"wp","href":"https:\/\/api.w.org\/{rel}","templated":true}]}}