{"id":40618,"date":"2025-09-04T13:12:15","date_gmt":"2025-09-04T11:12:15","guid":{"rendered":"https:\/\/ratatamkids.com\/?post_type=product&#038;p=40618"},"modified":"2026-03-03T10:23:11","modified_gmt":"2026-03-03T09:23:11","slug":"balle-rebondissante-ourson-rose","status":"publish","type":"product","link":"https:\/\/ratatamkids.com\/en\/produit\/balle-rebondissante-ourson-rose\/","title":{"rendered":"Balle rebondissante ourson &#8211; Rose"},"content":{"rendered":"<p>\ud83d\udc96 La Balle des Gros C\u00e2lins qui font Boom ! \ud83d\udc96<\/p>\n<p>Attention, alerte tendresse ! Il para\u00eet qu&#8217;une petite <b>ourse rose<\/b> est \u00e0 la recherche de son nouvel ami pour la vie. Avec son air de <b>Bisounours<\/b> tout droit sorti des nuages de notre enfance, cette balle est une boule de bonheur sur pattes. Elle a un petit <b>c\u0153ur<\/b> tout doux pour dire &#8220;je t&#8217;aime&#8221; et des bonds ultra souples pour les parties de jeu les plus rigolotes.<\/p>\n<ul>\n<li><b>Le meilleur ami de la plan\u00e8te :<\/b> Elle arrive dans un emballage en forme d&#8217;ourson, un petit nid douillet pour un voyage sans risque. C&#8217;est un paquet de joie 100% recyclable, pour un amour durable.<\/li>\n<li><b>Plus solide que des c\u00e2lins :<\/b> Fabriqu\u00e9e en caoutchouc de qualit\u00e9, cette balle est pr\u00eate \u00e0 affronter tous les d\u00e9fis, les courses-poursuites et les ricochets endiabl\u00e9s sans se fatiguer.<\/li>\n<li><b>Le bonheur en toute s\u00e9curit\u00e9 :<\/b> Conforme aux normes de s\u00e9curit\u00e9, elle est sans danger pour que la seule chose qui tombe par terre soit le fou rire de votre enfant.<\/li>\n<\/ul>\n<p>Offrez \u00e0 votre enfant une amie qui fera rebondir la joie et les c\u00e2lins !<\/p>\n<p><b>Caract\u00e9ristiques :<\/b><\/p>\n<ul>\n<li><b>Design :<\/b> Ourson rose avec un c\u0153ur au milieu<\/li>\n<li><b>Emballage :<\/b> Bo\u00eete kraft 100 % recyclable<\/li>\n<li><b>Mat\u00e9riau :<\/b> Caoutchouc<\/li>\n<li><b>Dimensions :<\/b> 43 mm de diam\u00e8tre<\/li>\n<li><b>\u00c2ge recommand\u00e9 :<\/b> \u00c0 partir de 3 ans<\/li>\n<li><b>Entretien :<\/b> Nettoyer avec un chiffon humide<\/li>\n<li>\n<p data-start=\"1099\" data-end=\"1158\"><b style=\"font-size: 1rem;\">4 couleurs disponibles:<\/b><span style=\"font-size: 1rem;\"> Jaune, bleu, rose &amp; violet<\/span><br \/>\n\u267b\ufe0f <strong data-start=\"1102\" data-end=\"1132\">Emballage 100 % recyclable<\/strong><\/p>\n<p data-start=\"1099\" data-end=\"1158\"><img loading=\"lazy\" decoding=\"async\" class=\"sFlh5c FyHeAf iPVvYb\" src=\"https:\/\/www.sytraival.com\/img\/actualite-zoom\/5d22bec45b677c13da5e3ed4e1969e6a\/21-logo-triman.png\" alt=\"Triman: le logo du tri - Sytraival\" width=\"31\" height=\"32\" \/><\/p>\n<\/li>\n<\/ul>\n","protected":false},"excerpt":{"rendered":"<p>Offrez un jouet plein de douceur ! Notre <b>balle rebondissante ourson rose<\/b> est <b>ultra souple<\/b> et amusante pour les petits bouts de 3 ans et plus.<\/p>\n","protected":false},"featured_media":40866,"comment_status":"open","ping_status":"closed","template":"","meta":{"_acf_changed":false},"product_brand":[],"product_cat":[24,250],"product_tag":[],"class_list":{"0":"post-40618","1":"product","2":"type-product","3":"status-publish","4":"has-post-thumbnail","6":"product_cat-jouets","7":"product_cat-balles-rebondissantes","9":"first","10":"instock","11":"taxable","12":"shipping-taxable","13":"purchasable","14":"product-type-simple"},"acf":[],"yoast_head":"<!-- This site is optimized with the Yoast SEO plugin v25.4 - https:\/\/yoast.com\/wordpress\/plugins\/seo\/ -->\n<title>Balle rebondissante ourson - Rose - Ratatam Official Website<\/title>\n<meta name=\"description\" content=\"Le plus doux des jouets ! D\u00e9couvrez notre balle rebondissante ourson rose avec un c\u0153ur, parfaite pour des moments de tendresse et de jeu.\" \/>\n<meta name=\"robots\" content=\"index, follow, max-snippet:-1, max-image-preview:large, max-video-preview:-1\" \/>\n<link rel=\"canonical\" href=\"https:\/\/ratatamkids.com\/en\/produit\/balle-rebondissante-ourson-rose\/\" \/>\n<meta property=\"og:locale\" content=\"en_US\" \/>\n<meta property=\"og:type\" content=\"article\" \/>\n<meta property=\"og:title\" content=\"Balle rebondissante ourson - Rose - Ratatam Official Website\" \/>\n<meta property=\"og:description\" content=\"Le plus doux des jouets ! D\u00e9couvrez notre balle rebondissante ourson rose avec un c\u0153ur, parfaite pour des moments de tendresse et de jeu.\" \/>\n<meta property=\"og:url\" content=\"https:\/\/ratatamkids.com\/en\/produit\/balle-rebondissante-ourson-rose\/\" \/>\n<meta property=\"og:site_name\" content=\"Ratatam Official Website\" \/>\n<meta property=\"article:publisher\" content=\"https:\/\/www.facebook.com\/Ratatamforhappykids\/\" \/>\n<meta property=\"article:modified_time\" content=\"2026-03-03T09:23:11+00:00\" \/>\n<meta property=\"og:image\" content=\"https:\/\/ratatamkids.com\/wp-content\/uploads\/2025\/09\/Image-5-2.jpg\" \/>\n\t<meta property=\"og:image:width\" content=\"393\" \/>\n\t<meta property=\"og:image:height\" content=\"393\" \/>\n\t<meta property=\"og:image:type\" content=\"image\/jpeg\" \/>\n<meta name=\"twitter:card\" content=\"summary_large_image\" \/>\n<meta name=\"twitter:label1\" content=\"Est. reading time\" \/>\n\t<meta name=\"twitter:data1\" content=\"2 minutes\" \/>\n<script type=\"application\/ld+json\" class=\"yoast-schema-graph\">{\"@context\":\"https:\/\/schema.org\",\"@graph\":[{\"@type\":\"WebPage\",\"@id\":\"https:\/\/ratatamkids.com\/en\/produit\/balle-rebondissante-ourson-rose\/\",\"url\":\"https:\/\/ratatamkids.com\/en\/produit\/balle-rebondissante-ourson-rose\/\",\"name\":\"Balle rebondissante ourson - Rose - Ratatam Official Website\",\"isPartOf\":{\"@id\":\"https:\/\/ratatamkids.com\/en\/#website\"},\"primaryImageOfPage\":{\"@id\":\"https:\/\/ratatamkids.com\/en\/produit\/balle-rebondissante-ourson-rose\/#primaryimage\"},\"image\":{\"@id\":\"https:\/\/ratatamkids.com\/en\/produit\/balle-rebondissante-ourson-rose\/#primaryimage\"},\"thumbnailUrl\":\"https:\/\/ratatamkids.com\/wp-content\/uploads\/2025\/09\/Image-5-2.jpg\",\"datePublished\":\"2025-09-04T11:12:15+00:00\",\"dateModified\":\"2026-03-03T09:23:11+00:00\",\"description\":\"Le plus doux des jouets ! D\u00e9couvrez notre balle rebondissante ourson rose avec un c\u0153ur, parfaite pour des moments de tendresse et de jeu.\",\"breadcrumb\":{\"@id\":\"https:\/\/ratatamkids.com\/en\/produit\/balle-rebondissante-ourson-rose\/#breadcrumb\"},\"inLanguage\":\"en-US\",\"potentialAction\":[{\"@type\":\"ReadAction\",\"target\":[\"https:\/\/ratatamkids.com\/en\/produit\/balle-rebondissante-ourson-rose\/\"]}]},{\"@type\":\"ImageObject\",\"inLanguage\":\"en-US\",\"@id\":\"https:\/\/ratatamkids.com\/en\/produit\/balle-rebondissante-ourson-rose\/#primaryimage\",\"url\":\"https:\/\/ratatamkids.com\/wp-content\/uploads\/2025\/09\/Image-5-2.jpg\",\"contentUrl\":\"https:\/\/ratatamkids.com\/wp-content\/uploads\/2025\/09\/Image-5-2.jpg\",\"width\":393,\"height\":393,\"caption\":\"BALLE REBONDISSANTE OURSON ROSE RTATAM ENFANT\"},{\"@type\":\"BreadcrumbList\",\"@id\":\"https:\/\/ratatamkids.com\/en\/produit\/balle-rebondissante-ourson-rose\/#breadcrumb\",\"itemListElement\":[{\"@type\":\"ListItem\",\"position\":1,\"name\":\"Accueil\",\"item\":\"https:\/\/ratatamkids.com\/en\/\"},{\"@type\":\"ListItem\",\"position\":2,\"name\":\"Shop\",\"item\":\"https:\/\/ratatamkids.com\/en\/shop\/\"},{\"@type\":\"ListItem\",\"position\":3,\"name\":\"Toys\",\"item\":\"https:\/\/ratatamkids.com\/en\/categorie-produit\/toys\/\"},{\"@type\":\"ListItem\",\"position\":4,\"name\":\"Bouncing balls\",\"item\":\"https:\/\/ratatamkids.com\/en\/categorie-produit\/toys\/bouncing-balls\/\"},{\"@type\":\"ListItem\",\"position\":5,\"name\":\"Balle rebondissante ourson &#8211; Rose\"}]},{\"@type\":\"WebSite\",\"@id\":\"https:\/\/ratatamkids.com\/en\/#website\",\"url\":\"https:\/\/ratatamkids.com\/en\/\",\"name\":\"Ratatam Official Website\",\"description\":\"Cool brand for happy kids!\",\"potentialAction\":[{\"@type\":\"SearchAction\",\"target\":{\"@type\":\"EntryPoint\",\"urlTemplate\":\"https:\/\/ratatamkids.com\/en\/?s={search_term_string}\"},\"query-input\":{\"@type\":\"PropertyValueSpecification\",\"valueRequired\":true,\"valueName\":\"search_term_string\"}}],\"inLanguage\":\"en-US\"}]}<\/script>\n<!-- \/ Yoast SEO plugin. -->","yoast_head_json":{"title":"Balle rebondissante ourson - Rose - Ratatam Official Website","description":"Le plus doux des jouets ! D\u00e9couvrez notre balle rebondissante ourson rose avec un c\u0153ur, parfaite pour des moments de tendresse et de jeu.","robots":{"index":"index","follow":"follow","max-snippet":"max-snippet:-1","max-image-preview":"max-image-preview:large","max-video-preview":"max-video-preview:-1"},"canonical":"https:\/\/ratatamkids.com\/en\/produit\/balle-rebondissante-ourson-rose\/","og_locale":"en_US","og_type":"article","og_title":"Balle rebondissante ourson - Rose - Ratatam Official Website","og_description":"Le plus doux des jouets ! D\u00e9couvrez notre balle rebondissante ourson rose avec un c\u0153ur, parfaite pour des moments de tendresse et de jeu.","og_url":"https:\/\/ratatamkids.com\/en\/produit\/balle-rebondissante-ourson-rose\/","og_site_name":"Ratatam Official Website","article_publisher":"https:\/\/www.facebook.com\/Ratatamforhappykids\/","article_modified_time":"2026-03-03T09:23:11+00:00","og_image":[{"width":393,"height":393,"url":"https:\/\/ratatamkids.com\/wp-content\/uploads\/2025\/09\/Image-5-2.jpg","type":"image\/jpeg"}],"twitter_card":"summary_large_image","twitter_misc":{"Est. reading time":"2 minutes"},"schema":{"@context":"https:\/\/schema.org","@graph":[{"@type":"WebPage","@id":"https:\/\/ratatamkids.com\/en\/produit\/balle-rebondissante-ourson-rose\/","url":"https:\/\/ratatamkids.com\/en\/produit\/balle-rebondissante-ourson-rose\/","name":"Balle rebondissante ourson - Rose - Ratatam Official Website","isPartOf":{"@id":"https:\/\/ratatamkids.com\/en\/#website"},"primaryImageOfPage":{"@id":"https:\/\/ratatamkids.com\/en\/produit\/balle-rebondissante-ourson-rose\/#primaryimage"},"image":{"@id":"https:\/\/ratatamkids.com\/en\/produit\/balle-rebondissante-ourson-rose\/#primaryimage"},"thumbnailUrl":"https:\/\/ratatamkids.com\/wp-content\/uploads\/2025\/09\/Image-5-2.jpg","datePublished":"2025-09-04T11:12:15+00:00","dateModified":"2026-03-03T09:23:11+00:00","description":"Le plus doux des jouets ! D\u00e9couvrez notre balle rebondissante ourson rose avec un c\u0153ur, parfaite pour des moments de tendresse et de jeu.","breadcrumb":{"@id":"https:\/\/ratatamkids.com\/en\/produit\/balle-rebondissante-ourson-rose\/#breadcrumb"},"inLanguage":"en-US","potentialAction":[{"@type":"ReadAction","target":["https:\/\/ratatamkids.com\/en\/produit\/balle-rebondissante-ourson-rose\/"]}]},{"@type":"ImageObject","inLanguage":"en-US","@id":"https:\/\/ratatamkids.com\/en\/produit\/balle-rebondissante-ourson-rose\/#primaryimage","url":"https:\/\/ratatamkids.com\/wp-content\/uploads\/2025\/09\/Image-5-2.jpg","contentUrl":"https:\/\/ratatamkids.com\/wp-content\/uploads\/2025\/09\/Image-5-2.jpg","width":393,"height":393,"caption":"BALLE REBONDISSANTE OURSON ROSE RTATAM ENFANT"},{"@type":"BreadcrumbList","@id":"https:\/\/ratatamkids.com\/en\/produit\/balle-rebondissante-ourson-rose\/#breadcrumb","itemListElement":[{"@type":"ListItem","position":1,"name":"Accueil","item":"https:\/\/ratatamkids.com\/en\/"},{"@type":"ListItem","position":2,"name":"Shop","item":"https:\/\/ratatamkids.com\/en\/shop\/"},{"@type":"ListItem","position":3,"name":"Toys","item":"https:\/\/ratatamkids.com\/en\/categorie-produit\/toys\/"},{"@type":"ListItem","position":4,"name":"Bouncing balls","item":"https:\/\/ratatamkids.com\/en\/categorie-produit\/toys\/bouncing-balls\/"},{"@type":"ListItem","position":5,"name":"Balle rebondissante ourson &#8211; Rose"}]},{"@type":"WebSite","@id":"https:\/\/ratatamkids.com\/en\/#website","url":"https:\/\/ratatamkids.com\/en\/","name":"Ratatam Official Website","description":"Cool brand for happy kids!","potentialAction":[{"@type":"SearchAction","target":{"@type":"EntryPoint","urlTemplate":"https:\/\/ratatamkids.com\/en\/?s={search_term_string}"},"query-input":{"@type":"PropertyValueSpecification","valueRequired":true,"valueName":"search_term_string"}}],"inLanguage":"en-US"}]}},"_links":{"self":[{"href":"https:\/\/ratatamkids.com\/en\/wp-json\/wp\/v2\/product\/40618","targetHints":{"allow":["GET"]}}],"collection":[{"href":"https:\/\/ratatamkids.com\/en\/wp-json\/wp\/v2\/product"}],"about":[{"href":"https:\/\/ratatamkids.com\/en\/wp-json\/wp\/v2\/types\/product"}],"replies":[{"embeddable":true,"href":"https:\/\/ratatamkids.com\/en\/wp-json\/wp\/v2\/comments?post=40618"}],"wp:featuredmedia":[{"embeddable":true,"href":"https:\/\/ratatamkids.com\/en\/wp-json\/wp\/v2\/media\/40866"}],"wp:attachment":[{"href":"https:\/\/ratatamkids.com\/en\/wp-json\/wp\/v2\/media?parent=40618"}],"wp:term":[{"taxonomy":"product_brand","embeddable":true,"href":"https:\/\/ratatamkids.com\/en\/wp-json\/wp\/v2\/product_brand?post=40618"},{"taxonomy":"product_cat","embeddable":true,"href":"https:\/\/ratatamkids.com\/en\/wp-json\/wp\/v2\/product_cat?post=40618"},{"taxonomy":"product_tag","embeddable":true,"href":"https:\/\/ratatamkids.com\/en\/wp-json\/wp\/v2\/product_tag?post=40618"}],"curies":[{"name":"wp","href":"https:\/\/api.w.org\/{rel}","templated":true}]}}