{"id":40164,"date":"2025-07-24T13:10:09","date_gmt":"2025-07-24T11:10:09","guid":{"rendered":"https:\/\/ratatamkids.com\/?post_type=product&#038;p=40164"},"modified":"2026-02-09T22:43:27","modified_gmt":"2026-02-09T21:43:27","slug":"ballon-paillete-15-cm-cuivre","status":"publish","type":"product","link":"https:\/\/ratatamkids.com\/en\/produit\/ballon-paillete-15-cm-cuivre\/","title":{"rendered":"Ballon paillet\u00e9 15 cm-Cuivre"},"content":{"rendered":"<h2 data-start=\"122\" data-end=\"173\">\ud83d\udc31\u2728 Le ballon qui envoie du cuivre et du fun !<\/h2>\n<p data-start=\"175\" data-end=\"480\">Le <strong data-start=\"178\" data-end=\"223\">ballon paillet\u00e9 cuivre 15\u202fcm Ratatam kids<\/strong>, c\u2019est pas juste un ballon\u2026 c\u2019est <strong data-start=\"258\" data-end=\"316\">une boule de paillettes pr\u00eate \u00e0 mettre le feu aux jeux<\/strong> ! \ud83d\udca5 Il rebondit, virevolte et capte la lumi\u00e8re comme une mini boule \u00e0 facettes \u2728. On parie que les enfants vont le lancer partout (et qu\u2019ils vont adorer \u00e7a) \ud83d\ude0e.<\/p>\n<p data-start=\"482\" data-end=\"700\">Made in <strong data-start=\"490\" data-end=\"505\">France \ud83c\uddeb\ud83c\uddf7<\/strong>, il allie solidit\u00e9 et style. Et pour le fun maximal, il arrive dans un <strong data-start=\"577\" data-end=\"607\">emballage chat en kraft \ud83d\udc31<\/strong>, mignon, rigolo et carr\u00e9ment \u00e9colo. On ouvre, on d\u00e9couvre\u2026 et paf, la f\u00eate commence \ud83c\udf89\ud83c\udf81 !<\/p>\n<p data-start=\"702\" data-end=\"915\">Anniversaire, go\u00fbter, mini aventure dans le salon\u2026 ce ballon est <strong data-start=\"767\" data-end=\"863\">le petit objet qui transforme n\u2019importe quelle journ\u00e9e en festival de rires et de paillettes<\/strong> \ud83c\udf08\ud83d\ude3b. Bref, petit format, <strong data-start=\"890\" data-end=\"911\">maxi kiff garanti<\/strong> !<\/p>\n<p data-sourcepos=\"25:1-25:133\"><em>Les ballons fabrication artisanale peuvent entra\u00eener de l\u00e9g\u00e8res variations de couleurs d\u2019une s\u00e9rie \u00e0 l\u2019autre.<\/em><\/p>\n<p data-start=\"1099\" data-end=\"1158\">\u267b\ufe0f <strong data-start=\"1102\" data-end=\"1132\">Emballage 100 % recyclable\u00a0<\/strong><\/p>\n<p data-start=\"1099\" data-end=\"1158\"><img loading=\"lazy\" decoding=\"async\" class=\"sFlh5c FyHeAf iPVvYb\" src=\"https:\/\/www.sytraival.com\/img\/actualite-zoom\/5d22bec45b677c13da5e3ed4e1969e6a\/21-logo-triman.png\" alt=\"Triman: le logo du tri - Sytraival\" width=\"31\" height=\"32\" \/><\/p>\n","protected":false},"excerpt":{"rendered":"<p>\u2728 <em data-start=\"54\" data-end=\"198\">Ballon paillet\u00e9 cuivre 10 cm Ratatam kids, made in France, livr\u00e9 dans son packaging chat kraft. \u00a0fun et brillant : le cadeau parfait !<\/em><\/p>\n","protected":false},"featured_media":40461,"comment_status":"open","ping_status":"closed","template":"","meta":{"_acf_changed":false},"product_brand":[],"product_cat":[547,147,19,177],"product_tag":[],"class_list":{"0":"post-40164","1":"product","2":"type-product","3":"status-publish","4":"has-post-thumbnail","6":"product_cat-nouveautes","7":"product_cat-made-in-france","8":"product_cat-ballons","9":"product_cat-ballons-pailletes","11":"first","12":"instock","13":"taxable","14":"shipping-taxable","15":"purchasable","16":"product-type-simple"},"acf":[],"yoast_head":"<!-- This site is optimized with the Yoast SEO plugin v25.4 - https:\/\/yoast.com\/wordpress\/plugins\/seo\/ -->\n<title>Ballon paillet\u00e9 15 cm-Cuivre - Ratatam Official Website<\/title>\n<meta name=\"robots\" content=\"index, follow, max-snippet:-1, max-image-preview:large, max-video-preview:-1\" \/>\n<link rel=\"canonical\" href=\"https:\/\/ratatamkids.com\/en\/produit\/ballon-paillete-15-cm-cuivre\/\" \/>\n<meta property=\"og:locale\" content=\"en_US\" \/>\n<meta property=\"og:type\" content=\"article\" \/>\n<meta property=\"og:title\" content=\"Ballon paillet\u00e9 15 cm-Cuivre - Ratatam Official Website\" \/>\n<meta property=\"og:description\" content=\"\u2728 Ballon paillet\u00e9 cuivre 10 cm Ratatam kids, made in France, livr\u00e9 dans son packaging chat kraft. \u00a0fun et brillant : le cadeau parfait !\" \/>\n<meta property=\"og:url\" content=\"https:\/\/ratatamkids.com\/en\/produit\/ballon-paillete-15-cm-cuivre\/\" \/>\n<meta property=\"og:site_name\" content=\"Ratatam Official Website\" \/>\n<meta property=\"article:publisher\" content=\"https:\/\/www.facebook.com\/Ratatamforhappykids\/\" \/>\n<meta property=\"article:modified_time\" content=\"2026-02-09T21:43:27+00:00\" \/>\n<meta property=\"og:image\" content=\"https:\/\/ratatamkids.com\/wp-content\/uploads\/2025\/07\/Photoroom_20250724_094549-3.jpg\" \/>\n\t<meta property=\"og:image:width\" content=\"2000\" \/>\n\t<meta property=\"og:image:height\" content=\"2000\" \/>\n\t<meta property=\"og:image:type\" content=\"image\/jpeg\" \/>\n<meta name=\"twitter:card\" content=\"summary_large_image\" \/>\n<meta name=\"twitter:label1\" content=\"Est. reading time\" \/>\n\t<meta name=\"twitter:data1\" content=\"2 minutes\" \/>\n<script type=\"application\/ld+json\" class=\"yoast-schema-graph\">{\"@context\":\"https:\/\/schema.org\",\"@graph\":[{\"@type\":\"WebPage\",\"@id\":\"https:\/\/ratatamkids.com\/en\/produit\/ballon-paillete-15-cm-cuivre\/\",\"url\":\"https:\/\/ratatamkids.com\/en\/produit\/ballon-paillete-15-cm-cuivre\/\",\"name\":\"Ballon paillet\u00e9 15 cm-Cuivre - Ratatam Official Website\",\"isPartOf\":{\"@id\":\"https:\/\/ratatamkids.com\/en\/#website\"},\"primaryImageOfPage\":{\"@id\":\"https:\/\/ratatamkids.com\/en\/produit\/ballon-paillete-15-cm-cuivre\/#primaryimage\"},\"image\":{\"@id\":\"https:\/\/ratatamkids.com\/en\/produit\/ballon-paillete-15-cm-cuivre\/#primaryimage\"},\"thumbnailUrl\":\"https:\/\/ratatamkids.com\/wp-content\/uploads\/2025\/07\/Photoroom_20250724_094549-3.jpg\",\"datePublished\":\"2025-07-24T11:10:09+00:00\",\"dateModified\":\"2026-02-09T21:43:27+00:00\",\"breadcrumb\":{\"@id\":\"https:\/\/ratatamkids.com\/en\/produit\/ballon-paillete-15-cm-cuivre\/#breadcrumb\"},\"inLanguage\":\"en-US\",\"potentialAction\":[{\"@type\":\"ReadAction\",\"target\":[\"https:\/\/ratatamkids.com\/en\/produit\/ballon-paillete-15-cm-cuivre\/\"]}]},{\"@type\":\"ImageObject\",\"inLanguage\":\"en-US\",\"@id\":\"https:\/\/ratatamkids.com\/en\/produit\/ballon-paillete-15-cm-cuivre\/#primaryimage\",\"url\":\"https:\/\/ratatamkids.com\/wp-content\/uploads\/2025\/07\/Photoroom_20250724_094549-3.jpg\",\"contentUrl\":\"https:\/\/ratatamkids.com\/wp-content\/uploads\/2025\/07\/Photoroom_20250724_094549-3.jpg\",\"width\":2000,\"height\":2000},{\"@type\":\"BreadcrumbList\",\"@id\":\"https:\/\/ratatamkids.com\/en\/produit\/ballon-paillete-15-cm-cuivre\/#breadcrumb\",\"itemListElement\":[{\"@type\":\"ListItem\",\"position\":1,\"name\":\"Accueil\",\"item\":\"https:\/\/ratatamkids.com\/en\/\"},{\"@type\":\"ListItem\",\"position\":2,\"name\":\"Shop\",\"item\":\"https:\/\/ratatamkids.com\/en\/shop\/\"},{\"@type\":\"ListItem\",\"position\":3,\"name\":\"Balloons\",\"item\":\"https:\/\/ratatamkids.com\/en\/categorie-produit\/balloons\/\"},{\"@type\":\"ListItem\",\"position\":4,\"name\":\"Glitter Balloons\",\"item\":\"https:\/\/ratatamkids.com\/en\/categorie-produit\/balloons\/glitter-balloons\/\"},{\"@type\":\"ListItem\",\"position\":5,\"name\":\"Ballon paillet\u00e9 15 cm-Cuivre\"}]},{\"@type\":\"WebSite\",\"@id\":\"https:\/\/ratatamkids.com\/en\/#website\",\"url\":\"https:\/\/ratatamkids.com\/en\/\",\"name\":\"Ratatam Official Website\",\"description\":\"Cool brand for happy kids!\",\"potentialAction\":[{\"@type\":\"SearchAction\",\"target\":{\"@type\":\"EntryPoint\",\"urlTemplate\":\"https:\/\/ratatamkids.com\/en\/?s={search_term_string}\"},\"query-input\":{\"@type\":\"PropertyValueSpecification\",\"valueRequired\":true,\"valueName\":\"search_term_string\"}}],\"inLanguage\":\"en-US\"}]}<\/script>\n<!-- \/ Yoast SEO plugin. -->","yoast_head_json":{"title":"Ballon paillet\u00e9 15 cm-Cuivre - Ratatam Official Website","robots":{"index":"index","follow":"follow","max-snippet":"max-snippet:-1","max-image-preview":"max-image-preview:large","max-video-preview":"max-video-preview:-1"},"canonical":"https:\/\/ratatamkids.com\/en\/produit\/ballon-paillete-15-cm-cuivre\/","og_locale":"en_US","og_type":"article","og_title":"Ballon paillet\u00e9 15 cm-Cuivre - Ratatam Official Website","og_description":"\u2728 Ballon paillet\u00e9 cuivre 10 cm Ratatam kids, made in France, livr\u00e9 dans son packaging chat kraft. \u00a0fun et brillant : le cadeau parfait !","og_url":"https:\/\/ratatamkids.com\/en\/produit\/ballon-paillete-15-cm-cuivre\/","og_site_name":"Ratatam Official Website","article_publisher":"https:\/\/www.facebook.com\/Ratatamforhappykids\/","article_modified_time":"2026-02-09T21:43:27+00:00","og_image":[{"width":2000,"height":2000,"url":"https:\/\/ratatamkids.com\/wp-content\/uploads\/2025\/07\/Photoroom_20250724_094549-3.jpg","type":"image\/jpeg"}],"twitter_card":"summary_large_image","twitter_misc":{"Est. reading time":"2 minutes"},"schema":{"@context":"https:\/\/schema.org","@graph":[{"@type":"WebPage","@id":"https:\/\/ratatamkids.com\/en\/produit\/ballon-paillete-15-cm-cuivre\/","url":"https:\/\/ratatamkids.com\/en\/produit\/ballon-paillete-15-cm-cuivre\/","name":"Ballon paillet\u00e9 15 cm-Cuivre - Ratatam Official Website","isPartOf":{"@id":"https:\/\/ratatamkids.com\/en\/#website"},"primaryImageOfPage":{"@id":"https:\/\/ratatamkids.com\/en\/produit\/ballon-paillete-15-cm-cuivre\/#primaryimage"},"image":{"@id":"https:\/\/ratatamkids.com\/en\/produit\/ballon-paillete-15-cm-cuivre\/#primaryimage"},"thumbnailUrl":"https:\/\/ratatamkids.com\/wp-content\/uploads\/2025\/07\/Photoroom_20250724_094549-3.jpg","datePublished":"2025-07-24T11:10:09+00:00","dateModified":"2026-02-09T21:43:27+00:00","breadcrumb":{"@id":"https:\/\/ratatamkids.com\/en\/produit\/ballon-paillete-15-cm-cuivre\/#breadcrumb"},"inLanguage":"en-US","potentialAction":[{"@type":"ReadAction","target":["https:\/\/ratatamkids.com\/en\/produit\/ballon-paillete-15-cm-cuivre\/"]}]},{"@type":"ImageObject","inLanguage":"en-US","@id":"https:\/\/ratatamkids.com\/en\/produit\/ballon-paillete-15-cm-cuivre\/#primaryimage","url":"https:\/\/ratatamkids.com\/wp-content\/uploads\/2025\/07\/Photoroom_20250724_094549-3.jpg","contentUrl":"https:\/\/ratatamkids.com\/wp-content\/uploads\/2025\/07\/Photoroom_20250724_094549-3.jpg","width":2000,"height":2000},{"@type":"BreadcrumbList","@id":"https:\/\/ratatamkids.com\/en\/produit\/ballon-paillete-15-cm-cuivre\/#breadcrumb","itemListElement":[{"@type":"ListItem","position":1,"name":"Accueil","item":"https:\/\/ratatamkids.com\/en\/"},{"@type":"ListItem","position":2,"name":"Shop","item":"https:\/\/ratatamkids.com\/en\/shop\/"},{"@type":"ListItem","position":3,"name":"Balloons","item":"https:\/\/ratatamkids.com\/en\/categorie-produit\/balloons\/"},{"@type":"ListItem","position":4,"name":"Glitter Balloons","item":"https:\/\/ratatamkids.com\/en\/categorie-produit\/balloons\/glitter-balloons\/"},{"@type":"ListItem","position":5,"name":"Ballon paillet\u00e9 15 cm-Cuivre"}]},{"@type":"WebSite","@id":"https:\/\/ratatamkids.com\/en\/#website","url":"https:\/\/ratatamkids.com\/en\/","name":"Ratatam Official Website","description":"Cool brand for happy kids!","potentialAction":[{"@type":"SearchAction","target":{"@type":"EntryPoint","urlTemplate":"https:\/\/ratatamkids.com\/en\/?s={search_term_string}"},"query-input":{"@type":"PropertyValueSpecification","valueRequired":true,"valueName":"search_term_string"}}],"inLanguage":"en-US"}]}},"_links":{"self":[{"href":"https:\/\/ratatamkids.com\/en\/wp-json\/wp\/v2\/product\/40164","targetHints":{"allow":["GET"]}}],"collection":[{"href":"https:\/\/ratatamkids.com\/en\/wp-json\/wp\/v2\/product"}],"about":[{"href":"https:\/\/ratatamkids.com\/en\/wp-json\/wp\/v2\/types\/product"}],"replies":[{"embeddable":true,"href":"https:\/\/ratatamkids.com\/en\/wp-json\/wp\/v2\/comments?post=40164"}],"wp:featuredmedia":[{"embeddable":true,"href":"https:\/\/ratatamkids.com\/en\/wp-json\/wp\/v2\/media\/40461"}],"wp:attachment":[{"href":"https:\/\/ratatamkids.com\/en\/wp-json\/wp\/v2\/media?parent=40164"}],"wp:term":[{"taxonomy":"product_brand","embeddable":true,"href":"https:\/\/ratatamkids.com\/en\/wp-json\/wp\/v2\/product_brand?post=40164"},{"taxonomy":"product_cat","embeddable":true,"href":"https:\/\/ratatamkids.com\/en\/wp-json\/wp\/v2\/product_cat?post=40164"},{"taxonomy":"product_tag","embeddable":true,"href":"https:\/\/ratatamkids.com\/en\/wp-json\/wp\/v2\/product_tag?post=40164"}],"curies":[{"name":"wp","href":"https:\/\/api.w.org\/{rel}","templated":true}]}}