{"id":40163,"date":"2025-07-24T13:08:58","date_gmt":"2025-07-24T11:08:58","guid":{"rendered":"https:\/\/ratatamkids.com\/?post_type=product&#038;p=40163"},"modified":"2026-04-15T13:49:36","modified_gmt":"2026-04-15T11:49:36","slug":"ballon-mouton-paillete-10-cm-cuivre","status":"publish","type":"product","link":"https:\/\/ratatamkids.com\/en\/produit\/ballon-mouton-paillete-10-cm-cuivre\/","title":{"rendered":"Balle mouton paillet\u00e9e 10 cm &#8211; Cuivre"},"content":{"rendered":"<h2 data-start=\"110\" data-end=\"166\">\u00a0La balle \u00a0qui brille plus que ta boule \u00e0 facettes<\/h2>\n<p data-start=\"168\" data-end=\"433\">La balle <strong data-start=\"171\" data-end=\"216\">\u00a0paillet\u00e9 cuivre 10 cm Ratatam kids<\/strong>, c\u2019est la star des jeux d\u2019int\u00e9rieur comme d\u2019ext\u00e9rieur. Avec son look cuivr\u00e9 qui scintille \u00e0 chaque lancer, il fait p\u00e9tiller les apr\u00e8s-midis et met instantan\u00e9ment de la bonne humeur dans la maison ou dans le jardin.<\/p>\n<p data-start=\"435\" data-end=\"711\">Fabriqu\u00e9 en <strong data-start=\"447\" data-end=\"457\">France<\/strong>, cette balle allie style et qualit\u00e9, tout en restant parfaitement adapt\u00e9 aux petites mains. Et pour couronner le tout, elle est livr\u00e9 dans un emballage mouton en kraft : \u00e0 la fois rigolo, \u00e9colo et tellement mignon qu\u2019on a presque envie de le garder.<\/p>\n<p data-start=\"713\" data-end=\"849\">Un cadeau original, fun et durable qui s\u00e9duit aussi bien les enfants que les parents. Bref, un mini ballon\u2026 mais un maxi effet wahou !<\/p>\n<p data-start=\"897\" data-end=\"935\">\u00a0<strong data-start=\"900\" data-end=\"933\">Pourquoi on l\u2019adopte direct ?<\/strong><\/p>\n<ul data-start=\"936\" data-end=\"1092\">\n<li data-start=\"936\" data-end=\"959\">\n<p data-start=\"938\" data-end=\"959\">Made in France<\/p>\n<\/li>\n<li data-start=\"960\" data-end=\"1003\">\n<p data-start=\"962\" data-end=\"1003\">\u00c7a brille, \u00e7a claque, \u00e7a fait sourire<\/p>\n<\/li>\n<li data-start=\"1004\" data-end=\"1045\">\n<p data-start=\"1006\" data-end=\"1045\">Le packaging mouton, on en parle ?<\/p>\n<\/li>\n<li data-start=\"1046\" data-end=\"1092\">\n<p data-start=\"1048\" data-end=\"1092\">C\u2019est LE mini ballon qui a tout d\u2019un grand<\/p>\n<\/li>\n<\/ul>\n<p>2 tailles disponibles: 10 cm et 15 cm<\/p>\n<p data-sourcepos=\"25:1-25:133\"><em>Les balles fabrication artisanale peuvent entra\u00eener de l\u00e9g\u00e8res variations de couleurs d\u2019une s\u00e9rie \u00e0 l\u2019autre.<\/em><\/p>\n<p data-start=\"1099\" data-end=\"1158\">\u267b\ufe0f <strong data-start=\"1102\" data-end=\"1132\">Emballage 100 % recyclable\u00a0<\/strong><\/p>\n<p data-start=\"1099\" data-end=\"1158\"><img loading=\"lazy\" decoding=\"async\" class=\"sFlh5c FyHeAf iPVvYb\" src=\"https:\/\/www.sytraival.com\/img\/actualite-zoom\/5d22bec45b677c13da5e3ed4e1969e6a\/21-logo-triman.png\" alt=\"Triman: le logo du tri - Sytraival\" width=\"31\" height=\"32\" \/><\/p>\n","protected":false},"excerpt":{"rendered":"<p><em data-start=\"54\" data-end=\"198\">Balle paillet\u00e9e cuivre 10 cm Ratatam kids, made in France, livr\u00e9e dans son packaging mouton kraft. Petit, fun et brillante : le cadeau parfait !<\/em><\/p>\n","protected":false},"featured_media":40458,"comment_status":"open","ping_status":"closed","template":"","meta":{"_acf_changed":false},"product_brand":[],"product_cat":[147,19,189,177],"product_tag":[],"class_list":{"0":"post-40163","1":"product","2":"type-product","3":"status-publish","4":"has-post-thumbnail","6":"product_cat-made-in-france","7":"product_cat-ballons","8":"product_cat-ballons-babys-moutons","9":"product_cat-ballons-pailletes","11":"first","12":"instock","13":"taxable","14":"shipping-taxable","15":"purchasable","16":"product-type-simple"},"acf":[],"yoast_head":"<!-- This site is optimized with the Yoast SEO plugin v25.4 - https:\/\/yoast.com\/wordpress\/plugins\/seo\/ -->\n<title>Balle mouton paillet\u00e9e 10 cm - Cuivre - Ratatam Official Website<\/title>\n<meta name=\"description\" content=\"Ballon paillet\u00e9 cuivre 10 cm Ratatam kids, made in France. Fun, brillant et livr\u00e9 dans son adorable emballage mouton kraft. Le cadeau qui fait wahou !\" \/>\n<meta name=\"robots\" content=\"index, follow, max-snippet:-1, max-image-preview:large, max-video-preview:-1\" \/>\n<link rel=\"canonical\" href=\"https:\/\/ratatamkids.com\/en\/produit\/ballon-mouton-paillete-10-cm-cuivre\/\" \/>\n<meta property=\"og:locale\" content=\"en_US\" \/>\n<meta property=\"og:type\" content=\"article\" \/>\n<meta property=\"og:title\" content=\"Balle mouton paillet\u00e9e 10 cm - Cuivre - Ratatam Official Website\" \/>\n<meta property=\"og:description\" content=\"Ballon paillet\u00e9 cuivre 10 cm Ratatam kids, made in France. Fun, brillant et livr\u00e9 dans son adorable emballage mouton kraft. Le cadeau qui fait wahou !\" \/>\n<meta property=\"og:url\" content=\"https:\/\/ratatamkids.com\/en\/produit\/ballon-mouton-paillete-10-cm-cuivre\/\" \/>\n<meta property=\"og:site_name\" content=\"Ratatam Official Website\" \/>\n<meta property=\"article:publisher\" content=\"https:\/\/www.facebook.com\/Ratatamforhappykids\/\" \/>\n<meta property=\"article:modified_time\" content=\"2026-04-15T11:49:36+00:00\" \/>\n<meta property=\"og:image\" content=\"https:\/\/ratatamkids.com\/wp-content\/uploads\/2025\/07\/Photoroom_20250725_151356-2.jpg\" \/>\n\t<meta property=\"og:image:width\" content=\"2000\" \/>\n\t<meta property=\"og:image:height\" content=\"2000\" \/>\n\t<meta property=\"og:image:type\" content=\"image\/jpeg\" \/>\n<meta name=\"twitter:card\" content=\"summary_large_image\" \/>\n<meta name=\"twitter:label1\" content=\"Est. reading time\" \/>\n\t<meta name=\"twitter:data1\" content=\"2 minutes\" \/>\n<script type=\"application\/ld+json\" class=\"yoast-schema-graph\">{\"@context\":\"https:\/\/schema.org\",\"@graph\":[{\"@type\":\"WebPage\",\"@id\":\"https:\/\/ratatamkids.com\/en\/produit\/ballon-mouton-paillete-10-cm-cuivre\/\",\"url\":\"https:\/\/ratatamkids.com\/en\/produit\/ballon-mouton-paillete-10-cm-cuivre\/\",\"name\":\"Balle mouton paillet\u00e9e 10 cm - Cuivre - Ratatam Official Website\",\"isPartOf\":{\"@id\":\"https:\/\/ratatamkids.com\/en\/#website\"},\"primaryImageOfPage\":{\"@id\":\"https:\/\/ratatamkids.com\/en\/produit\/ballon-mouton-paillete-10-cm-cuivre\/#primaryimage\"},\"image\":{\"@id\":\"https:\/\/ratatamkids.com\/en\/produit\/ballon-mouton-paillete-10-cm-cuivre\/#primaryimage\"},\"thumbnailUrl\":\"https:\/\/ratatamkids.com\/wp-content\/uploads\/2025\/07\/Photoroom_20250725_151356-2.jpg\",\"datePublished\":\"2025-07-24T11:08:58+00:00\",\"dateModified\":\"2026-04-15T11:49:36+00:00\",\"description\":\"Ballon paillet\u00e9 cuivre 10 cm Ratatam kids, made in France. Fun, brillant et livr\u00e9 dans son adorable emballage mouton kraft. Le cadeau qui fait wahou !\",\"breadcrumb\":{\"@id\":\"https:\/\/ratatamkids.com\/en\/produit\/ballon-mouton-paillete-10-cm-cuivre\/#breadcrumb\"},\"inLanguage\":\"en-US\",\"potentialAction\":[{\"@type\":\"ReadAction\",\"target\":[\"https:\/\/ratatamkids.com\/en\/produit\/ballon-mouton-paillete-10-cm-cuivre\/\"]}]},{\"@type\":\"ImageObject\",\"inLanguage\":\"en-US\",\"@id\":\"https:\/\/ratatamkids.com\/en\/produit\/ballon-mouton-paillete-10-cm-cuivre\/#primaryimage\",\"url\":\"https:\/\/ratatamkids.com\/wp-content\/uploads\/2025\/07\/Photoroom_20250725_151356-2.jpg\",\"contentUrl\":\"https:\/\/ratatamkids.com\/wp-content\/uploads\/2025\/07\/Photoroom_20250725_151356-2.jpg\",\"width\":2000,\"height\":2000},{\"@type\":\"BreadcrumbList\",\"@id\":\"https:\/\/ratatamkids.com\/en\/produit\/ballon-mouton-paillete-10-cm-cuivre\/#breadcrumb\",\"itemListElement\":[{\"@type\":\"ListItem\",\"position\":1,\"name\":\"Accueil\",\"item\":\"https:\/\/ratatamkids.com\/en\/\"},{\"@type\":\"ListItem\",\"position\":2,\"name\":\"Shop\",\"item\":\"https:\/\/ratatamkids.com\/en\/shop\/\"},{\"@type\":\"ListItem\",\"position\":3,\"name\":\"Balloons\",\"item\":\"https:\/\/ratatamkids.com\/en\/categorie-produit\/balloons\/\"},{\"@type\":\"ListItem\",\"position\":4,\"name\":\"Baby Sheep balloons\",\"item\":\"https:\/\/ratatamkids.com\/en\/categorie-produit\/balloons\/baby-sheep-balloons\/\"},{\"@type\":\"ListItem\",\"position\":5,\"name\":\"Balle mouton paillet\u00e9e 10 cm &#8211; Cuivre\"}]},{\"@type\":\"WebSite\",\"@id\":\"https:\/\/ratatamkids.com\/en\/#website\",\"url\":\"https:\/\/ratatamkids.com\/en\/\",\"name\":\"Ratatam Official Website\",\"description\":\"Cool brand for happy kids!\",\"potentialAction\":[{\"@type\":\"SearchAction\",\"target\":{\"@type\":\"EntryPoint\",\"urlTemplate\":\"https:\/\/ratatamkids.com\/en\/?s={search_term_string}\"},\"query-input\":{\"@type\":\"PropertyValueSpecification\",\"valueRequired\":true,\"valueName\":\"search_term_string\"}}],\"inLanguage\":\"en-US\"}]}<\/script>\n<!-- \/ Yoast SEO plugin. -->","yoast_head_json":{"title":"Balle mouton paillet\u00e9e 10 cm - Cuivre - Ratatam Official Website","description":"Ballon paillet\u00e9 cuivre 10 cm Ratatam kids, made in France. Fun, brillant et livr\u00e9 dans son adorable emballage mouton kraft. Le cadeau qui fait wahou !","robots":{"index":"index","follow":"follow","max-snippet":"max-snippet:-1","max-image-preview":"max-image-preview:large","max-video-preview":"max-video-preview:-1"},"canonical":"https:\/\/ratatamkids.com\/en\/produit\/ballon-mouton-paillete-10-cm-cuivre\/","og_locale":"en_US","og_type":"article","og_title":"Balle mouton paillet\u00e9e 10 cm - Cuivre - Ratatam Official Website","og_description":"Ballon paillet\u00e9 cuivre 10 cm Ratatam kids, made in France. Fun, brillant et livr\u00e9 dans son adorable emballage mouton kraft. Le cadeau qui fait wahou !","og_url":"https:\/\/ratatamkids.com\/en\/produit\/ballon-mouton-paillete-10-cm-cuivre\/","og_site_name":"Ratatam Official Website","article_publisher":"https:\/\/www.facebook.com\/Ratatamforhappykids\/","article_modified_time":"2026-04-15T11:49:36+00:00","og_image":[{"width":2000,"height":2000,"url":"https:\/\/ratatamkids.com\/wp-content\/uploads\/2025\/07\/Photoroom_20250725_151356-2.jpg","type":"image\/jpeg"}],"twitter_card":"summary_large_image","twitter_misc":{"Est. reading time":"2 minutes"},"schema":{"@context":"https:\/\/schema.org","@graph":[{"@type":"WebPage","@id":"https:\/\/ratatamkids.com\/en\/produit\/ballon-mouton-paillete-10-cm-cuivre\/","url":"https:\/\/ratatamkids.com\/en\/produit\/ballon-mouton-paillete-10-cm-cuivre\/","name":"Balle mouton paillet\u00e9e 10 cm - Cuivre - Ratatam Official Website","isPartOf":{"@id":"https:\/\/ratatamkids.com\/en\/#website"},"primaryImageOfPage":{"@id":"https:\/\/ratatamkids.com\/en\/produit\/ballon-mouton-paillete-10-cm-cuivre\/#primaryimage"},"image":{"@id":"https:\/\/ratatamkids.com\/en\/produit\/ballon-mouton-paillete-10-cm-cuivre\/#primaryimage"},"thumbnailUrl":"https:\/\/ratatamkids.com\/wp-content\/uploads\/2025\/07\/Photoroom_20250725_151356-2.jpg","datePublished":"2025-07-24T11:08:58+00:00","dateModified":"2026-04-15T11:49:36+00:00","description":"Ballon paillet\u00e9 cuivre 10 cm Ratatam kids, made in France. Fun, brillant et livr\u00e9 dans son adorable emballage mouton kraft. Le cadeau qui fait wahou !","breadcrumb":{"@id":"https:\/\/ratatamkids.com\/en\/produit\/ballon-mouton-paillete-10-cm-cuivre\/#breadcrumb"},"inLanguage":"en-US","potentialAction":[{"@type":"ReadAction","target":["https:\/\/ratatamkids.com\/en\/produit\/ballon-mouton-paillete-10-cm-cuivre\/"]}]},{"@type":"ImageObject","inLanguage":"en-US","@id":"https:\/\/ratatamkids.com\/en\/produit\/ballon-mouton-paillete-10-cm-cuivre\/#primaryimage","url":"https:\/\/ratatamkids.com\/wp-content\/uploads\/2025\/07\/Photoroom_20250725_151356-2.jpg","contentUrl":"https:\/\/ratatamkids.com\/wp-content\/uploads\/2025\/07\/Photoroom_20250725_151356-2.jpg","width":2000,"height":2000},{"@type":"BreadcrumbList","@id":"https:\/\/ratatamkids.com\/en\/produit\/ballon-mouton-paillete-10-cm-cuivre\/#breadcrumb","itemListElement":[{"@type":"ListItem","position":1,"name":"Accueil","item":"https:\/\/ratatamkids.com\/en\/"},{"@type":"ListItem","position":2,"name":"Shop","item":"https:\/\/ratatamkids.com\/en\/shop\/"},{"@type":"ListItem","position":3,"name":"Balloons","item":"https:\/\/ratatamkids.com\/en\/categorie-produit\/balloons\/"},{"@type":"ListItem","position":4,"name":"Baby Sheep balloons","item":"https:\/\/ratatamkids.com\/en\/categorie-produit\/balloons\/baby-sheep-balloons\/"},{"@type":"ListItem","position":5,"name":"Balle mouton paillet\u00e9e 10 cm &#8211; Cuivre"}]},{"@type":"WebSite","@id":"https:\/\/ratatamkids.com\/en\/#website","url":"https:\/\/ratatamkids.com\/en\/","name":"Ratatam Official Website","description":"Cool brand for happy kids!","potentialAction":[{"@type":"SearchAction","target":{"@type":"EntryPoint","urlTemplate":"https:\/\/ratatamkids.com\/en\/?s={search_term_string}"},"query-input":{"@type":"PropertyValueSpecification","valueRequired":true,"valueName":"search_term_string"}}],"inLanguage":"en-US"}]}},"_links":{"self":[{"href":"https:\/\/ratatamkids.com\/en\/wp-json\/wp\/v2\/product\/40163","targetHints":{"allow":["GET"]}}],"collection":[{"href":"https:\/\/ratatamkids.com\/en\/wp-json\/wp\/v2\/product"}],"about":[{"href":"https:\/\/ratatamkids.com\/en\/wp-json\/wp\/v2\/types\/product"}],"replies":[{"embeddable":true,"href":"https:\/\/ratatamkids.com\/en\/wp-json\/wp\/v2\/comments?post=40163"}],"wp:featuredmedia":[{"embeddable":true,"href":"https:\/\/ratatamkids.com\/en\/wp-json\/wp\/v2\/media\/40458"}],"wp:attachment":[{"href":"https:\/\/ratatamkids.com\/en\/wp-json\/wp\/v2\/media?parent=40163"}],"wp:term":[{"taxonomy":"product_brand","embeddable":true,"href":"https:\/\/ratatamkids.com\/en\/wp-json\/wp\/v2\/product_brand?post=40163"},{"taxonomy":"product_cat","embeddable":true,"href":"https:\/\/ratatamkids.com\/en\/wp-json\/wp\/v2\/product_cat?post=40163"},{"taxonomy":"product_tag","embeddable":true,"href":"https:\/\/ratatamkids.com\/en\/wp-json\/wp\/v2\/product_tag?post=40163"}],"curies":[{"name":"wp","href":"https:\/\/api.w.org\/{rel}","templated":true}]}}