{"id":39956,"date":"2025-07-10T13:17:19","date_gmt":"2025-07-10T11:17:19","guid":{"rendered":"https:\/\/ratatamkids.com\/?post_type=product&#038;p=39956"},"modified":"2026-04-13T12:32:45","modified_gmt":"2026-04-13T10:32:45","slug":"cape-a-sequins-lily-etoile-rose-et-jaune-jaune","status":"publish","type":"product","link":"https:\/\/ratatamkids.com\/en\/produit\/cape-a-sequins-lily-etoile-rose-et-jaune-jaune\/","title":{"rendered":"Cape \u00e0 sequins Lily \u00e9toile rose et jaune &#8211; Jaune"},"content":{"rendered":"<p data-start=\"252\" data-end=\"327\"><strong data-start=\"252\" data-end=\"327\">Cape Lily \u2013 \u00c9toiles jaunes et roses | D\u00e9guisement enfant | Ratatam Kids<\/strong><\/p>\n<p data-start=\"329\" data-end=\"636\">Faites briller vos enfants avec la <strong data-start=\"364\" data-end=\"393\">cape Lily de Ratatam Kids<\/strong>, un <strong data-start=\"398\" data-end=\"425\">d\u00e9guisement pour enfant<\/strong> l\u00e9ger et magique, par\u00e9 de <strong data-start=\"452\" data-end=\"486\">jolies \u00e9toiles jaunes et roses<\/strong>. Id\u00e9ale pour les <strong data-start=\"504\" data-end=\"524\">jeux imaginatifs<\/strong>, les <strong data-start=\"530\" data-end=\"547\">anniversaires<\/strong>, ou les <strong data-start=\"556\" data-end=\"575\">f\u00eates costum\u00e9es<\/strong>, cette cape transforme chaque moment en aventure f\u00e9erique.<\/p>\n<p data-start=\"638\" data-end=\"687\"><strong data-start=\"638\" data-end=\"685\">Pourquoi choisir la cape Lily pour enfant ?<\/strong><\/p>\n<ul data-start=\"688\" data-end=\"1259\">\n<li data-start=\"688\" data-end=\"800\">\n<p data-start=\"690\" data-end=\"800\"><strong data-start=\"690\" data-end=\"721\">D\u00e9guisement enfant original<\/strong> : \u00e9toiles color\u00e9es qui ajoutent une touche de fantaisie et d\u2019\u00e9merveillement.<\/p>\n<\/li>\n<li data-start=\"801\" data-end=\"898\">\n<p data-start=\"803\" data-end=\"898\"><strong data-start=\"803\" data-end=\"826\">Tissu l\u00e9ger et doux<\/strong> : agr\u00e9able \u00e0 porter, parfait pour courir, danser et sauter sans g\u00eane.<\/p>\n<\/li>\n<li data-start=\"899\" data-end=\"1014\">\n<p data-start=\"901\" data-end=\"1014\"><strong data-start=\"901\" data-end=\"921\">Facile \u00e0 enfiler<\/strong> : syst\u00e8me pratique qui permet aux enfants de mettre et retirer la cape en toute autonomie.<\/p>\n<\/li>\n<li data-start=\"1015\" data-end=\"1138\">\n<p data-start=\"1017\" data-end=\"1138\"><strong data-start=\"1017\" data-end=\"1044\">Polyvalente et cr\u00e9ative<\/strong> : id\u00e9ale pour les jeux de r\u00f4le, super-h\u00e9ros, f\u00e9es ou magiciennes, et stimule l\u2019imagination.<\/p>\n<\/li>\n<li data-start=\"1139\" data-end=\"1259\">\n<p data-start=\"1141\" data-end=\"1259\"><strong data-start=\"1141\" data-end=\"1166\">R\u00e9sistante et durable<\/strong> : con\u00e7ue pour suivre les enfants dans toutes leurs aventures, tout en restant confortable.<\/p>\n<\/li>\n<\/ul>\n<p data-start=\"1261\" data-end=\"1296\"><strong data-start=\"1261\" data-end=\"1294\">Caract\u00e9ristiques techniques :<\/strong><\/p>\n<ul data-start=\"1297\" data-end=\"1530\">\n<li data-start=\"1297\" data-end=\"1348\">\n<p data-start=\"1299\" data-end=\"1348\">Couleurs : \u00e9toiles jaunes et roses sur fond uni<\/p>\n<\/li>\n<li data-start=\"1349\" data-end=\"1420\">\n<p data-start=\"1351\" data-end=\"1420\">Taille : adapt\u00e9e aux enfants de 3 \u00e0 10 ans<\/p>\n<\/li>\n<li data-start=\"1349\" data-end=\"1420\">\n<p data-start=\"1351\" data-end=\"1420\">Mati\u00e8re : tissu l\u00e9ger et doux<\/p>\n<\/li>\n<li data-start=\"1455\" data-end=\"1530\">\n<p data-start=\"1457\" data-end=\"1530\">Fabrication : <strong data-start=\"1471\" data-end=\"1480\">Chine<\/strong>, selon les standards de qualit\u00e9 de Ratatam Kids<\/p>\n<\/li>\n<\/ul>\n<p data-start=\"1532\" data-end=\"1736\">Avec la <strong data-start=\"1540\" data-end=\"1565\">cape Lily pour enfant<\/strong>, chaque jeu devient un moment magique. Encouragez la cr\u00e9ativit\u00e9 et le jeu imaginatif avec un <strong data-start=\"1659\" data-end=\"1700\">d\u00e9guisement enfant original et color\u00e9<\/strong> qui fait r\u00eaver petits et grands !<\/p>\n","protected":false},"excerpt":{"rendered":"<p>Faites r\u00eaver vos enfants avec la <strong data-start=\"185\" data-end=\"198\">cape Lily<\/strong> de Ratatam Kids ! L\u00e9g\u00e8re, douce et facile \u00e0 enfiler, elle est parfaite pour les <strong data-start=\"279\" data-end=\"299\">jeux imaginatifs<\/strong>, les <strong data-start=\"305\" data-end=\"322\">anniversaires<\/strong> ou les <strong data-start=\"330\" data-end=\"349\">f\u00eates costum\u00e9es<\/strong>. Ses <strong data-start=\"355\" data-end=\"382\">\u00e9toiles jaunes et roses<\/strong> apportent une touche de magie \u00e0 chaque aventure. Id\u00e9ale pour stimuler la cr\u00e9ativit\u00e9 et le plaisir de jouer !<\/p>\n","protected":false},"featured_media":42623,"comment_status":"open","ping_status":"closed","template":"","meta":{"_acf_changed":false},"product_brand":[],"product_cat":[554,551,552,20,144],"product_tag":[],"class_list":{"0":"post-39956","1":"product","2":"type-product","3":"status-publish","4":"has-post-thumbnail","6":"product_cat-40e","7":"product_cat-3-6-ans","8":"product_cat-6-ans-et","9":"product_cat-deguisements","10":"product_cat-capes","12":"first","13":"instock","14":"taxable","15":"shipping-taxable","16":"purchasable","17":"product-type-simple"},"acf":[],"yoast_head":"<!-- This site is optimized with the Yoast SEO plugin v25.4 - https:\/\/yoast.com\/wordpress\/plugins\/seo\/ -->\n<title>Cape \u00e0 sequins Lily \u00e9toile rose et jaune - Jaune - Ratatam Official Website<\/title>\n<meta name=\"robots\" content=\"index, follow, max-snippet:-1, max-image-preview:large, max-video-preview:-1\" \/>\n<link rel=\"canonical\" href=\"https:\/\/ratatamkids.com\/en\/produit\/cape-a-sequins-lily-etoile-rose-et-jaune-jaune\/\" \/>\n<meta property=\"og:locale\" content=\"en_US\" \/>\n<meta property=\"og:type\" content=\"article\" \/>\n<meta property=\"og:title\" content=\"Cape \u00e0 sequins Lily \u00e9toile rose et jaune - Jaune - Ratatam Official Website\" \/>\n<meta property=\"og:description\" content=\"Faites r\u00eaver vos enfants avec la cape Lily de Ratatam Kids ! L\u00e9g\u00e8re, douce et facile \u00e0 enfiler, elle est parfaite pour les jeux imaginatifs, les anniversaires ou les f\u00eates costum\u00e9es. Ses \u00e9toiles jaunes et roses apportent une touche de magie \u00e0 chaque aventure. Id\u00e9ale pour stimuler la cr\u00e9ativit\u00e9 et le plaisir de jouer !\" \/>\n<meta property=\"og:url\" content=\"https:\/\/ratatamkids.com\/en\/produit\/cape-a-sequins-lily-etoile-rose-et-jaune-jaune\/\" \/>\n<meta property=\"og:site_name\" content=\"Ratatam Official Website\" \/>\n<meta property=\"article:publisher\" content=\"https:\/\/www.facebook.com\/Ratatamforhappykids\/\" \/>\n<meta property=\"article:modified_time\" content=\"2026-04-13T10:32:45+00:00\" \/>\n<meta property=\"og:image\" content=\"https:\/\/ratatamkids.com\/wp-content\/uploads\/2025\/07\/4-P8125337-768x1024.jpg\" \/>\n\t<meta property=\"og:image:width\" content=\"768\" \/>\n\t<meta property=\"og:image:height\" content=\"1024\" \/>\n\t<meta property=\"og:image:type\" content=\"image\/jpeg\" \/>\n<meta name=\"twitter:card\" content=\"summary_large_image\" \/>\n<meta name=\"twitter:label1\" content=\"Est. reading time\" \/>\n\t<meta name=\"twitter:data1\" content=\"2 minutes\" \/>\n<script type=\"application\/ld+json\" class=\"yoast-schema-graph\">{\"@context\":\"https:\/\/schema.org\",\"@graph\":[{\"@type\":\"WebPage\",\"@id\":\"https:\/\/ratatamkids.com\/en\/produit\/cape-a-sequins-lily-etoile-rose-et-jaune-jaune\/\",\"url\":\"https:\/\/ratatamkids.com\/en\/produit\/cape-a-sequins-lily-etoile-rose-et-jaune-jaune\/\",\"name\":\"Cape \u00e0 sequins Lily \u00e9toile rose et jaune - Jaune - Ratatam Official Website\",\"isPartOf\":{\"@id\":\"https:\/\/ratatamkids.com\/en\/#website\"},\"primaryImageOfPage\":{\"@id\":\"https:\/\/ratatamkids.com\/en\/produit\/cape-a-sequins-lily-etoile-rose-et-jaune-jaune\/#primaryimage\"},\"image\":{\"@id\":\"https:\/\/ratatamkids.com\/en\/produit\/cape-a-sequins-lily-etoile-rose-et-jaune-jaune\/#primaryimage\"},\"thumbnailUrl\":\"https:\/\/ratatamkids.com\/wp-content\/uploads\/2025\/07\/4-P8125337-scaled.jpg\",\"datePublished\":\"2025-07-10T11:17:19+00:00\",\"dateModified\":\"2026-04-13T10:32:45+00:00\",\"breadcrumb\":{\"@id\":\"https:\/\/ratatamkids.com\/en\/produit\/cape-a-sequins-lily-etoile-rose-et-jaune-jaune\/#breadcrumb\"},\"inLanguage\":\"en-US\",\"potentialAction\":[{\"@type\":\"ReadAction\",\"target\":[\"https:\/\/ratatamkids.com\/en\/produit\/cape-a-sequins-lily-etoile-rose-et-jaune-jaune\/\"]}]},{\"@type\":\"ImageObject\",\"inLanguage\":\"en-US\",\"@id\":\"https:\/\/ratatamkids.com\/en\/produit\/cape-a-sequins-lily-etoile-rose-et-jaune-jaune\/#primaryimage\",\"url\":\"https:\/\/ratatamkids.com\/wp-content\/uploads\/2025\/07\/4-P8125337-scaled.jpg\",\"contentUrl\":\"https:\/\/ratatamkids.com\/wp-content\/uploads\/2025\/07\/4-P8125337-scaled.jpg\",\"width\":1920,\"height\":2560},{\"@type\":\"BreadcrumbList\",\"@id\":\"https:\/\/ratatamkids.com\/en\/produit\/cape-a-sequins-lily-etoile-rose-et-jaune-jaune\/#breadcrumb\",\"itemListElement\":[{\"@type\":\"ListItem\",\"position\":1,\"name\":\"Accueil\",\"item\":\"https:\/\/ratatamkids.com\/en\/\"},{\"@type\":\"ListItem\",\"position\":2,\"name\":\"Shop\",\"item\":\"https:\/\/ratatamkids.com\/en\/shop\/\"},{\"@type\":\"ListItem\",\"position\":3,\"name\":\"id\u00e9es cadeaux\",\"item\":\"https:\/\/ratatamkids.com\/en\/categorie-produit\/idees-cadeaux\/\"},{\"@type\":\"ListItem\",\"position\":4,\"name\":\"-40\u20ac\",\"item\":\"https:\/\/ratatamkids.com\/en\/categorie-produit\/idees-cadeaux\/40e\/\"},{\"@type\":\"ListItem\",\"position\":5,\"name\":\"Cape \u00e0 sequins Lily \u00e9toile rose et jaune &#8211; Jaune\"}]},{\"@type\":\"WebSite\",\"@id\":\"https:\/\/ratatamkids.com\/en\/#website\",\"url\":\"https:\/\/ratatamkids.com\/en\/\",\"name\":\"Ratatam Official Website\",\"description\":\"Cool brand for happy kids!\",\"potentialAction\":[{\"@type\":\"SearchAction\",\"target\":{\"@type\":\"EntryPoint\",\"urlTemplate\":\"https:\/\/ratatamkids.com\/en\/?s={search_term_string}\"},\"query-input\":{\"@type\":\"PropertyValueSpecification\",\"valueRequired\":true,\"valueName\":\"search_term_string\"}}],\"inLanguage\":\"en-US\"}]}<\/script>\n<!-- \/ Yoast SEO plugin. -->","yoast_head_json":{"title":"Cape \u00e0 sequins Lily \u00e9toile rose et jaune - Jaune - Ratatam Official Website","robots":{"index":"index","follow":"follow","max-snippet":"max-snippet:-1","max-image-preview":"max-image-preview:large","max-video-preview":"max-video-preview:-1"},"canonical":"https:\/\/ratatamkids.com\/en\/produit\/cape-a-sequins-lily-etoile-rose-et-jaune-jaune\/","og_locale":"en_US","og_type":"article","og_title":"Cape \u00e0 sequins Lily \u00e9toile rose et jaune - Jaune - Ratatam Official Website","og_description":"Faites r\u00eaver vos enfants avec la cape Lily de Ratatam Kids ! L\u00e9g\u00e8re, douce et facile \u00e0 enfiler, elle est parfaite pour les jeux imaginatifs, les anniversaires ou les f\u00eates costum\u00e9es. Ses \u00e9toiles jaunes et roses apportent une touche de magie \u00e0 chaque aventure. Id\u00e9ale pour stimuler la cr\u00e9ativit\u00e9 et le plaisir de jouer !","og_url":"https:\/\/ratatamkids.com\/en\/produit\/cape-a-sequins-lily-etoile-rose-et-jaune-jaune\/","og_site_name":"Ratatam Official Website","article_publisher":"https:\/\/www.facebook.com\/Ratatamforhappykids\/","article_modified_time":"2026-04-13T10:32:45+00:00","og_image":[{"width":768,"height":1024,"url":"https:\/\/ratatamkids.com\/wp-content\/uploads\/2025\/07\/4-P8125337-768x1024.jpg","type":"image\/jpeg"}],"twitter_card":"summary_large_image","twitter_misc":{"Est. reading time":"2 minutes"},"schema":{"@context":"https:\/\/schema.org","@graph":[{"@type":"WebPage","@id":"https:\/\/ratatamkids.com\/en\/produit\/cape-a-sequins-lily-etoile-rose-et-jaune-jaune\/","url":"https:\/\/ratatamkids.com\/en\/produit\/cape-a-sequins-lily-etoile-rose-et-jaune-jaune\/","name":"Cape \u00e0 sequins Lily \u00e9toile rose et jaune - Jaune - Ratatam Official Website","isPartOf":{"@id":"https:\/\/ratatamkids.com\/en\/#website"},"primaryImageOfPage":{"@id":"https:\/\/ratatamkids.com\/en\/produit\/cape-a-sequins-lily-etoile-rose-et-jaune-jaune\/#primaryimage"},"image":{"@id":"https:\/\/ratatamkids.com\/en\/produit\/cape-a-sequins-lily-etoile-rose-et-jaune-jaune\/#primaryimage"},"thumbnailUrl":"https:\/\/ratatamkids.com\/wp-content\/uploads\/2025\/07\/4-P8125337-scaled.jpg","datePublished":"2025-07-10T11:17:19+00:00","dateModified":"2026-04-13T10:32:45+00:00","breadcrumb":{"@id":"https:\/\/ratatamkids.com\/en\/produit\/cape-a-sequins-lily-etoile-rose-et-jaune-jaune\/#breadcrumb"},"inLanguage":"en-US","potentialAction":[{"@type":"ReadAction","target":["https:\/\/ratatamkids.com\/en\/produit\/cape-a-sequins-lily-etoile-rose-et-jaune-jaune\/"]}]},{"@type":"ImageObject","inLanguage":"en-US","@id":"https:\/\/ratatamkids.com\/en\/produit\/cape-a-sequins-lily-etoile-rose-et-jaune-jaune\/#primaryimage","url":"https:\/\/ratatamkids.com\/wp-content\/uploads\/2025\/07\/4-P8125337-scaled.jpg","contentUrl":"https:\/\/ratatamkids.com\/wp-content\/uploads\/2025\/07\/4-P8125337-scaled.jpg","width":1920,"height":2560},{"@type":"BreadcrumbList","@id":"https:\/\/ratatamkids.com\/en\/produit\/cape-a-sequins-lily-etoile-rose-et-jaune-jaune\/#breadcrumb","itemListElement":[{"@type":"ListItem","position":1,"name":"Accueil","item":"https:\/\/ratatamkids.com\/en\/"},{"@type":"ListItem","position":2,"name":"Shop","item":"https:\/\/ratatamkids.com\/en\/shop\/"},{"@type":"ListItem","position":3,"name":"id\u00e9es cadeaux","item":"https:\/\/ratatamkids.com\/en\/categorie-produit\/idees-cadeaux\/"},{"@type":"ListItem","position":4,"name":"-40\u20ac","item":"https:\/\/ratatamkids.com\/en\/categorie-produit\/idees-cadeaux\/40e\/"},{"@type":"ListItem","position":5,"name":"Cape \u00e0 sequins Lily \u00e9toile rose et jaune &#8211; Jaune"}]},{"@type":"WebSite","@id":"https:\/\/ratatamkids.com\/en\/#website","url":"https:\/\/ratatamkids.com\/en\/","name":"Ratatam Official Website","description":"Cool brand for happy kids!","potentialAction":[{"@type":"SearchAction","target":{"@type":"EntryPoint","urlTemplate":"https:\/\/ratatamkids.com\/en\/?s={search_term_string}"},"query-input":{"@type":"PropertyValueSpecification","valueRequired":true,"valueName":"search_term_string"}}],"inLanguage":"en-US"}]}},"_links":{"self":[{"href":"https:\/\/ratatamkids.com\/en\/wp-json\/wp\/v2\/product\/39956","targetHints":{"allow":["GET"]}}],"collection":[{"href":"https:\/\/ratatamkids.com\/en\/wp-json\/wp\/v2\/product"}],"about":[{"href":"https:\/\/ratatamkids.com\/en\/wp-json\/wp\/v2\/types\/product"}],"replies":[{"embeddable":true,"href":"https:\/\/ratatamkids.com\/en\/wp-json\/wp\/v2\/comments?post=39956"}],"wp:featuredmedia":[{"embeddable":true,"href":"https:\/\/ratatamkids.com\/en\/wp-json\/wp\/v2\/media\/42623"}],"wp:attachment":[{"href":"https:\/\/ratatamkids.com\/en\/wp-json\/wp\/v2\/media?parent=39956"}],"wp:term":[{"taxonomy":"product_brand","embeddable":true,"href":"https:\/\/ratatamkids.com\/en\/wp-json\/wp\/v2\/product_brand?post=39956"},{"taxonomy":"product_cat","embeddable":true,"href":"https:\/\/ratatamkids.com\/en\/wp-json\/wp\/v2\/product_cat?post=39956"},{"taxonomy":"product_tag","embeddable":true,"href":"https:\/\/ratatamkids.com\/en\/wp-json\/wp\/v2\/product_tag?post=39956"}],"curies":[{"name":"wp","href":"https:\/\/api.w.org\/{rel}","templated":true}]}}