{"id":39668,"date":"2025-07-02T11:02:10","date_gmt":"2025-07-02T09:02:10","guid":{"rendered":"https:\/\/ratatamkids.com\/?post_type=product&#038;p=39668"},"modified":"2026-03-31T17:05:59","modified_gmt":"2026-03-31T15:05:59","slug":"bague-elastique-daisy","status":"publish","type":"product","link":"https:\/\/ratatamkids.com\/en\/produit\/bague-elastique-daisy\/","title":{"rendered":"Bague \u00e9lastique daisy"},"content":{"rendered":"<p data-start=\"130\" data-end=\"211\">\ud83c\udf3c <strong data-start=\"133\" data-end=\"159\">Bague Daisy \u2013 Ratatam!<\/strong> \ud83c\udf3c<br data-start=\"162\" data-end=\"165\" \/><strong data-start=\"165\" data-end=\"211\">Un petit accessoire qui a tout d\u2019un grand.<\/strong><\/p>\n<p data-start=\"213\" data-end=\"435\">Fleurs styl\u00e9es, perles color\u00e9es, et un look qui claque : la <strong data-start=\"273\" data-end=\"288\">bague Daisy<\/strong> met du fun au bout des doigts. Simple, cool et pleine d\u2019\u00e9nergie, elle est parfaite pour les kids qui aiment ajouter une touche perso \u00e0 leur style.<\/p>\n<p data-start=\"437\" data-end=\"631\">\ud83d\udca5 Facile \u00e0 enfiler gr\u00e2ce \u00e0 son <strong data-start=\"469\" data-end=\"489\">anneau \u00e9lastique<\/strong>, elle s\u2019adapte \u00e0 tous les petits doigts sans prise de t\u00eate. <strong data-start=\"550\" data-end=\"560\">L\u00e9g\u00e8re<\/strong>, <strong data-start=\"562\" data-end=\"577\">confortable<\/strong>, <strong data-start=\"579\" data-end=\"594\">z\u00e9ro gal\u00e8re<\/strong> : on la met, on l\u2019oublie, on brille.<\/p>\n<p data-start=\"633\" data-end=\"744\">\u00c0 porter pour <strong data-start=\"647\" data-end=\"697\">jouer, sortir, s\u2019amuser ou juste pour le style<\/strong>. Un bijou qui suit partout, sans faire chichi.<\/p>\n<p data-start=\"746\" data-end=\"832\">\ud83d\udc9b <strong data-start=\"749\" data-end=\"770\">\u00c0 partir de 3 ans<\/strong><br data-start=\"770\" data-end=\"773\" \/>\ud83c\udf0d <strong data-start=\"776\" data-end=\"797\">Fabriqu\u00e9 en Chine<\/strong><br data-start=\"797\" data-end=\"800\" \/>\ud83c\udfaf <strong data-start=\"803\" data-end=\"832\">Petit format, maxi effet.<\/strong><\/p>\n","protected":false},"excerpt":{"rendered":"<p>\ud83c\udf3c Bague Daisy &#8211; Ratatam! \ud83c\udf3c<\/p>\n<p>Des perles toutes douces, des petites fleurs trop chouettes et un style fleuri \u00e0 croquer ! La bague Daisy, c\u2019est l\u2019accessoire pr\u00e9f\u00e9r\u00e9 des kids qui aiment mettre du soleil dans leurs looks. \u00c0 porter pour jouer, r\u00eaver ou danser, il suit les enfants partout avec sa dose de bonne humeur.<\/p>\n","protected":false},"featured_media":39892,"comment_status":"open","ping_status":"closed","template":"","meta":{"_acf_changed":false},"product_brand":[],"product_cat":[23,257,235],"product_tag":[],"class_list":{"0":"post-39668","1":"product","2":"type-product","3":"status-publish","4":"has-post-thumbnail","6":"product_cat-accessoires","7":"product_cat-accessoires-de-mode","8":"product_cat-bijoux","10":"first","11":"instock","12":"taxable","13":"shipping-taxable","14":"purchasable","15":"product-type-simple"},"acf":[],"yoast_head":"<!-- This site is optimized with the Yoast SEO plugin v25.4 - https:\/\/yoast.com\/wordpress\/plugins\/seo\/ -->\n<title>Bague \u00e9lastique daisy - Ratatam Official Website<\/title>\n<meta name=\"robots\" content=\"index, follow, max-snippet:-1, max-image-preview:large, max-video-preview:-1\" \/>\n<link rel=\"canonical\" href=\"https:\/\/ratatamkids.com\/en\/produit\/bague-elastique-daisy\/\" \/>\n<meta property=\"og:locale\" content=\"en_US\" \/>\n<meta property=\"og:type\" content=\"article\" \/>\n<meta property=\"og:title\" content=\"Bague \u00e9lastique daisy - Ratatam Official Website\" \/>\n<meta property=\"og:description\" content=\"\ud83c\udf3c Bague Daisy - Ratatam! \ud83c\udf3c  Des perles toutes douces, des petites fleurs trop chouettes et un style fleuri \u00e0 croquer ! La bague Daisy, c\u2019est l\u2019accessoire pr\u00e9f\u00e9r\u00e9 des kids qui aiment mettre du soleil dans leurs looks. \u00c0 porter pour jouer, r\u00eaver ou danser, il suit les enfants partout avec sa dose de bonne humeur.\" \/>\n<meta property=\"og:url\" content=\"https:\/\/ratatamkids.com\/en\/produit\/bague-elastique-daisy\/\" \/>\n<meta property=\"og:site_name\" content=\"Ratatam Official Website\" \/>\n<meta property=\"article:publisher\" content=\"https:\/\/www.facebook.com\/Ratatamforhappykids\/\" \/>\n<meta property=\"article:modified_time\" content=\"2026-03-31T15:05:59+00:00\" \/>\n<meta property=\"og:image\" content=\"https:\/\/ratatamkids.com\/wp-content\/uploads\/2025\/07\/BAGUE-DAISY-RG-DAI03_2.jpg\" \/>\n\t<meta property=\"og:image:width\" content=\"2000\" \/>\n\t<meta property=\"og:image:height\" content=\"2000\" \/>\n\t<meta property=\"og:image:type\" content=\"image\/jpeg\" \/>\n<meta name=\"twitter:card\" content=\"summary_large_image\" \/>\n<meta name=\"twitter:label1\" content=\"Est. reading time\" \/>\n\t<meta name=\"twitter:data1\" content=\"1 minute\" \/>\n<script type=\"application\/ld+json\" class=\"yoast-schema-graph\">{\"@context\":\"https:\/\/schema.org\",\"@graph\":[{\"@type\":\"WebPage\",\"@id\":\"https:\/\/ratatamkids.com\/en\/produit\/bague-elastique-daisy\/\",\"url\":\"https:\/\/ratatamkids.com\/en\/produit\/bague-elastique-daisy\/\",\"name\":\"Bague \u00e9lastique daisy - Ratatam Official Website\",\"isPartOf\":{\"@id\":\"https:\/\/ratatamkids.com\/en\/#website\"},\"primaryImageOfPage\":{\"@id\":\"https:\/\/ratatamkids.com\/en\/produit\/bague-elastique-daisy\/#primaryimage\"},\"image\":{\"@id\":\"https:\/\/ratatamkids.com\/en\/produit\/bague-elastique-daisy\/#primaryimage\"},\"thumbnailUrl\":\"https:\/\/ratatamkids.com\/wp-content\/uploads\/2025\/07\/BAGUE-DAISY-RG-DAI03_2.jpg\",\"datePublished\":\"2025-07-02T09:02:10+00:00\",\"dateModified\":\"2026-03-31T15:05:59+00:00\",\"breadcrumb\":{\"@id\":\"https:\/\/ratatamkids.com\/en\/produit\/bague-elastique-daisy\/#breadcrumb\"},\"inLanguage\":\"en-US\",\"potentialAction\":[{\"@type\":\"ReadAction\",\"target\":[\"https:\/\/ratatamkids.com\/en\/produit\/bague-elastique-daisy\/\"]}]},{\"@type\":\"ImageObject\",\"inLanguage\":\"en-US\",\"@id\":\"https:\/\/ratatamkids.com\/en\/produit\/bague-elastique-daisy\/#primaryimage\",\"url\":\"https:\/\/ratatamkids.com\/wp-content\/uploads\/2025\/07\/BAGUE-DAISY-RG-DAI03_2.jpg\",\"contentUrl\":\"https:\/\/ratatamkids.com\/wp-content\/uploads\/2025\/07\/BAGUE-DAISY-RG-DAI03_2.jpg\",\"width\":2000,\"height\":2000},{\"@type\":\"BreadcrumbList\",\"@id\":\"https:\/\/ratatamkids.com\/en\/produit\/bague-elastique-daisy\/#breadcrumb\",\"itemListElement\":[{\"@type\":\"ListItem\",\"position\":1,\"name\":\"Accueil\",\"item\":\"https:\/\/ratatamkids.com\/en\/\"},{\"@type\":\"ListItem\",\"position\":2,\"name\":\"Shop\",\"item\":\"https:\/\/ratatamkids.com\/en\/shop\/\"},{\"@type\":\"ListItem\",\"position\":3,\"name\":\"Accessories\",\"item\":\"https:\/\/ratatamkids.com\/en\/categorie-produit\/accessories\/\"},{\"@type\":\"ListItem\",\"position\":4,\"name\":\"Fashion Accessories\",\"item\":\"https:\/\/ratatamkids.com\/en\/categorie-produit\/accessories\/fashion-accessories\/\"},{\"@type\":\"ListItem\",\"position\":5,\"name\":\"Bague \u00e9lastique daisy\"}]},{\"@type\":\"WebSite\",\"@id\":\"https:\/\/ratatamkids.com\/en\/#website\",\"url\":\"https:\/\/ratatamkids.com\/en\/\",\"name\":\"Ratatam Official Website\",\"description\":\"Cool brand for happy kids!\",\"potentialAction\":[{\"@type\":\"SearchAction\",\"target\":{\"@type\":\"EntryPoint\",\"urlTemplate\":\"https:\/\/ratatamkids.com\/en\/?s={search_term_string}\"},\"query-input\":{\"@type\":\"PropertyValueSpecification\",\"valueRequired\":true,\"valueName\":\"search_term_string\"}}],\"inLanguage\":\"en-US\"}]}<\/script>\n<!-- \/ Yoast SEO plugin. -->","yoast_head_json":{"title":"Bague \u00e9lastique daisy - Ratatam Official Website","robots":{"index":"index","follow":"follow","max-snippet":"max-snippet:-1","max-image-preview":"max-image-preview:large","max-video-preview":"max-video-preview:-1"},"canonical":"https:\/\/ratatamkids.com\/en\/produit\/bague-elastique-daisy\/","og_locale":"en_US","og_type":"article","og_title":"Bague \u00e9lastique daisy - Ratatam Official Website","og_description":"\ud83c\udf3c Bague Daisy - Ratatam! \ud83c\udf3c  Des perles toutes douces, des petites fleurs trop chouettes et un style fleuri \u00e0 croquer ! La bague Daisy, c\u2019est l\u2019accessoire pr\u00e9f\u00e9r\u00e9 des kids qui aiment mettre du soleil dans leurs looks. \u00c0 porter pour jouer, r\u00eaver ou danser, il suit les enfants partout avec sa dose de bonne humeur.","og_url":"https:\/\/ratatamkids.com\/en\/produit\/bague-elastique-daisy\/","og_site_name":"Ratatam Official Website","article_publisher":"https:\/\/www.facebook.com\/Ratatamforhappykids\/","article_modified_time":"2026-03-31T15:05:59+00:00","og_image":[{"width":2000,"height":2000,"url":"https:\/\/ratatamkids.com\/wp-content\/uploads\/2025\/07\/BAGUE-DAISY-RG-DAI03_2.jpg","type":"image\/jpeg"}],"twitter_card":"summary_large_image","twitter_misc":{"Est. reading time":"1 minute"},"schema":{"@context":"https:\/\/schema.org","@graph":[{"@type":"WebPage","@id":"https:\/\/ratatamkids.com\/en\/produit\/bague-elastique-daisy\/","url":"https:\/\/ratatamkids.com\/en\/produit\/bague-elastique-daisy\/","name":"Bague \u00e9lastique daisy - Ratatam Official Website","isPartOf":{"@id":"https:\/\/ratatamkids.com\/en\/#website"},"primaryImageOfPage":{"@id":"https:\/\/ratatamkids.com\/en\/produit\/bague-elastique-daisy\/#primaryimage"},"image":{"@id":"https:\/\/ratatamkids.com\/en\/produit\/bague-elastique-daisy\/#primaryimage"},"thumbnailUrl":"https:\/\/ratatamkids.com\/wp-content\/uploads\/2025\/07\/BAGUE-DAISY-RG-DAI03_2.jpg","datePublished":"2025-07-02T09:02:10+00:00","dateModified":"2026-03-31T15:05:59+00:00","breadcrumb":{"@id":"https:\/\/ratatamkids.com\/en\/produit\/bague-elastique-daisy\/#breadcrumb"},"inLanguage":"en-US","potentialAction":[{"@type":"ReadAction","target":["https:\/\/ratatamkids.com\/en\/produit\/bague-elastique-daisy\/"]}]},{"@type":"ImageObject","inLanguage":"en-US","@id":"https:\/\/ratatamkids.com\/en\/produit\/bague-elastique-daisy\/#primaryimage","url":"https:\/\/ratatamkids.com\/wp-content\/uploads\/2025\/07\/BAGUE-DAISY-RG-DAI03_2.jpg","contentUrl":"https:\/\/ratatamkids.com\/wp-content\/uploads\/2025\/07\/BAGUE-DAISY-RG-DAI03_2.jpg","width":2000,"height":2000},{"@type":"BreadcrumbList","@id":"https:\/\/ratatamkids.com\/en\/produit\/bague-elastique-daisy\/#breadcrumb","itemListElement":[{"@type":"ListItem","position":1,"name":"Accueil","item":"https:\/\/ratatamkids.com\/en\/"},{"@type":"ListItem","position":2,"name":"Shop","item":"https:\/\/ratatamkids.com\/en\/shop\/"},{"@type":"ListItem","position":3,"name":"Accessories","item":"https:\/\/ratatamkids.com\/en\/categorie-produit\/accessories\/"},{"@type":"ListItem","position":4,"name":"Fashion Accessories","item":"https:\/\/ratatamkids.com\/en\/categorie-produit\/accessories\/fashion-accessories\/"},{"@type":"ListItem","position":5,"name":"Bague \u00e9lastique daisy"}]},{"@type":"WebSite","@id":"https:\/\/ratatamkids.com\/en\/#website","url":"https:\/\/ratatamkids.com\/en\/","name":"Ratatam Official Website","description":"Cool brand for happy kids!","potentialAction":[{"@type":"SearchAction","target":{"@type":"EntryPoint","urlTemplate":"https:\/\/ratatamkids.com\/en\/?s={search_term_string}"},"query-input":{"@type":"PropertyValueSpecification","valueRequired":true,"valueName":"search_term_string"}}],"inLanguage":"en-US"}]}},"_links":{"self":[{"href":"https:\/\/ratatamkids.com\/en\/wp-json\/wp\/v2\/product\/39668","targetHints":{"allow":["GET"]}}],"collection":[{"href":"https:\/\/ratatamkids.com\/en\/wp-json\/wp\/v2\/product"}],"about":[{"href":"https:\/\/ratatamkids.com\/en\/wp-json\/wp\/v2\/types\/product"}],"replies":[{"embeddable":true,"href":"https:\/\/ratatamkids.com\/en\/wp-json\/wp\/v2\/comments?post=39668"}],"wp:featuredmedia":[{"embeddable":true,"href":"https:\/\/ratatamkids.com\/en\/wp-json\/wp\/v2\/media\/39892"}],"wp:attachment":[{"href":"https:\/\/ratatamkids.com\/en\/wp-json\/wp\/v2\/media?parent=39668"}],"wp:term":[{"taxonomy":"product_brand","embeddable":true,"href":"https:\/\/ratatamkids.com\/en\/wp-json\/wp\/v2\/product_brand?post=39668"},{"taxonomy":"product_cat","embeddable":true,"href":"https:\/\/ratatamkids.com\/en\/wp-json\/wp\/v2\/product_cat?post=39668"},{"taxonomy":"product_tag","embeddable":true,"href":"https:\/\/ratatamkids.com\/en\/wp-json\/wp\/v2\/product_tag?post=39668"}],"curies":[{"name":"wp","href":"https:\/\/api.w.org\/{rel}","templated":true}]}}