{"id":39663,"date":"2025-07-02T10:52:04","date_gmt":"2025-07-02T08:52:04","guid":{"rendered":"https:\/\/ratatamkids.com\/?post_type=product&#038;p=39663"},"modified":"2026-03-31T17:05:57","modified_gmt":"2026-03-31T15:05:57","slug":"bracelet-elastique-daisy","status":"publish","type":"product","link":"https:\/\/ratatamkids.com\/en\/produit\/bracelet-elastique-daisy\/","title":{"rendered":"Bracelet \u00e9lastique daisy"},"content":{"rendered":"<p data-start=\"166\" data-end=\"257\">\ud83c\udf3c <strong data-start=\"169\" data-end=\"198\">Bracelet Daisy \u2013 Ratatam!<\/strong> \ud83c\udf3c<br data-start=\"201\" data-end=\"204\" \/><strong data-start=\"204\" data-end=\"257\">Des fleurs, des couleurs, et du style au poignet.<\/strong><\/p>\n<p data-start=\"259\" data-end=\"562\">Avec ses <strong data-start=\"268\" data-end=\"292\">perles toutes douces<\/strong>, ses <strong data-start=\"298\" data-end=\"326\">petites fleurs trop cool<\/strong> et son <strong data-start=\"334\" data-end=\"353\">look ensoleill\u00e9<\/strong>, le bracelet Daisy est l\u2019alli\u00e9 parfait des kids qui aiment ajouter une bonne dose de fun \u00e0 leurs tenues. Un accessoire color\u00e9, simple et joyeux qui fait p\u00e9tiller les looks du quotidien comme les grands jours.<\/p>\n<p data-start=\"564\" data-end=\"811\">\ud83c\udfa8 \u00c0 porter pour <strong data-start=\"581\" data-end=\"631\">jouer, danser, r\u00eaver ou juste kiffer son style<\/strong>, il accompagne les enfants partout sans jamais les g\u00eaner. Il est <strong data-start=\"697\" data-end=\"706\">l\u00e9ger<\/strong>, <strong data-start=\"708\" data-end=\"729\">ultra confortable<\/strong> et <strong data-start=\"733\" data-end=\"753\">facile \u00e0 enfiler<\/strong> gr\u00e2ce \u00e0 son \u00e9lastique. Bref, z\u00e9ro gal\u00e8re, que du bonheur.<\/p>\n<p data-start=\"813\" data-end=\"933\">\ud83d\udcab Et le petit d\u00e9tail qui fait toute la diff\u00e9rence ? Sa <strong data-start=\"869\" data-end=\"896\">m\u00e9daille dor\u00e9e Ratatam!<\/strong>.<\/p>\n<p data-start=\"935\" data-end=\"1021\"><br data-start=\"959\" data-end=\"962\" \/>\ud83c\udf0d <strong data-start=\"965\" data-end=\"986\">Fabriqu\u00e9 en Chine<\/strong><br data-start=\"986\" data-end=\"989\" \/>\u2600\ufe0f <strong data-start=\"992\" data-end=\"1021\">Look fleuri, vibes funky.<\/strong><\/p>\n<p data-start=\"935\" data-end=\"1021\">Interdit aux moins de 3 ans<\/p>\n<p data-start=\"1099\" data-end=\"1158\">\u267b\ufe0f <strong data-start=\"1102\" data-end=\"1132\">Emballage 100 % recyclable<\/strong><\/p>\n<p data-start=\"1099\" data-end=\"1158\"><img loading=\"lazy\" decoding=\"async\" class=\"sFlh5c FyHeAf iPVvYb\" src=\"https:\/\/www.sytraival.com\/img\/actualite-zoom\/5d22bec45b677c13da5e3ed4e1969e6a\/21-logo-triman.png\" alt=\"Triman: le logo du tri - Sytraival\" width=\"31\" height=\"32\" \/><\/p>\n","protected":false},"excerpt":{"rendered":"<p>\ud83c\udf3c Bracelet Daisy &#8211; Ratatam! \ud83c\udf3c<\/p>\n<p>Des perles toutes douces, des petites fleurs trop chouettes et un style fleuri \u00e0 croquer ! Le bracelet Daisy, c\u2019est l\u2019accessoire pr\u00e9f\u00e9r\u00e9 des kids qui aiment mettre du soleil dans leurs looks. \u00c0 porter pour jouer, r\u00eaver ou danser, il suit les enfants partout avec sa dose de bonne humeur.<\/p>\n","protected":false},"featured_media":39882,"comment_status":"open","ping_status":"closed","template":"","meta":{"_acf_changed":false},"product_brand":[],"product_cat":[23,257,235],"product_tag":[],"class_list":{"0":"post-39663","1":"product","2":"type-product","3":"status-publish","4":"has-post-thumbnail","6":"product_cat-accessoires","7":"product_cat-accessoires-de-mode","8":"product_cat-bijoux","10":"first","11":"instock","12":"taxable","13":"shipping-taxable","14":"purchasable","15":"product-type-simple"},"acf":[],"yoast_head":"<!-- This site is optimized with the Yoast SEO plugin v25.4 - https:\/\/yoast.com\/wordpress\/plugins\/seo\/ -->\n<title>Bracelet \u00e9lastique daisy - Ratatam Official Website<\/title>\n<meta name=\"robots\" content=\"index, follow, max-snippet:-1, max-image-preview:large, max-video-preview:-1\" \/>\n<link rel=\"canonical\" href=\"https:\/\/ratatamkids.com\/en\/produit\/bracelet-elastique-daisy\/\" \/>\n<meta property=\"og:locale\" content=\"en_US\" \/>\n<meta property=\"og:type\" content=\"article\" \/>\n<meta property=\"og:title\" content=\"Bracelet \u00e9lastique daisy - Ratatam Official Website\" \/>\n<meta property=\"og:description\" content=\"\ud83c\udf3c Bracelet Daisy - Ratatam! \ud83c\udf3c  Des perles toutes douces, des petites fleurs trop chouettes et un style fleuri \u00e0 croquer ! Le bracelet Daisy, c\u2019est l\u2019accessoire pr\u00e9f\u00e9r\u00e9 des kids qui aiment mettre du soleil dans leurs looks. \u00c0 porter pour jouer, r\u00eaver ou danser, il suit les enfants partout avec sa dose de bonne humeur.\" \/>\n<meta property=\"og:url\" content=\"https:\/\/ratatamkids.com\/en\/produit\/bracelet-elastique-daisy\/\" \/>\n<meta property=\"og:site_name\" content=\"Ratatam Official Website\" \/>\n<meta property=\"article:publisher\" content=\"https:\/\/www.facebook.com\/Ratatamforhappykids\/\" \/>\n<meta property=\"article:modified_time\" content=\"2026-03-31T15:05:57+00:00\" \/>\n<meta property=\"og:image\" content=\"https:\/\/ratatamkids.com\/wp-content\/uploads\/2025\/07\/BRACELET-DAISY-BR-DAI02.jpg\" \/>\n\t<meta property=\"og:image:width\" content=\"2000\" \/>\n\t<meta property=\"og:image:height\" content=\"2000\" \/>\n\t<meta property=\"og:image:type\" content=\"image\/jpeg\" \/>\n<meta name=\"twitter:card\" content=\"summary_large_image\" \/>\n<meta name=\"twitter:label1\" content=\"Est. reading time\" \/>\n\t<meta name=\"twitter:data1\" content=\"2 minutes\" \/>\n<script type=\"application\/ld+json\" class=\"yoast-schema-graph\">{\"@context\":\"https:\/\/schema.org\",\"@graph\":[{\"@type\":\"WebPage\",\"@id\":\"https:\/\/ratatamkids.com\/en\/produit\/bracelet-elastique-daisy\/\",\"url\":\"https:\/\/ratatamkids.com\/en\/produit\/bracelet-elastique-daisy\/\",\"name\":\"Bracelet \u00e9lastique daisy - Ratatam Official Website\",\"isPartOf\":{\"@id\":\"https:\/\/ratatamkids.com\/en\/#website\"},\"primaryImageOfPage\":{\"@id\":\"https:\/\/ratatamkids.com\/en\/produit\/bracelet-elastique-daisy\/#primaryimage\"},\"image\":{\"@id\":\"https:\/\/ratatamkids.com\/en\/produit\/bracelet-elastique-daisy\/#primaryimage\"},\"thumbnailUrl\":\"https:\/\/ratatamkids.com\/wp-content\/uploads\/2025\/07\/BRACELET-DAISY-BR-DAI02.jpg\",\"datePublished\":\"2025-07-02T08:52:04+00:00\",\"dateModified\":\"2026-03-31T15:05:57+00:00\",\"breadcrumb\":{\"@id\":\"https:\/\/ratatamkids.com\/en\/produit\/bracelet-elastique-daisy\/#breadcrumb\"},\"inLanguage\":\"en-US\",\"potentialAction\":[{\"@type\":\"ReadAction\",\"target\":[\"https:\/\/ratatamkids.com\/en\/produit\/bracelet-elastique-daisy\/\"]}]},{\"@type\":\"ImageObject\",\"inLanguage\":\"en-US\",\"@id\":\"https:\/\/ratatamkids.com\/en\/produit\/bracelet-elastique-daisy\/#primaryimage\",\"url\":\"https:\/\/ratatamkids.com\/wp-content\/uploads\/2025\/07\/BRACELET-DAISY-BR-DAI02.jpg\",\"contentUrl\":\"https:\/\/ratatamkids.com\/wp-content\/uploads\/2025\/07\/BRACELET-DAISY-BR-DAI02.jpg\",\"width\":2000,\"height\":2000},{\"@type\":\"BreadcrumbList\",\"@id\":\"https:\/\/ratatamkids.com\/en\/produit\/bracelet-elastique-daisy\/#breadcrumb\",\"itemListElement\":[{\"@type\":\"ListItem\",\"position\":1,\"name\":\"Accueil\",\"item\":\"https:\/\/ratatamkids.com\/en\/\"},{\"@type\":\"ListItem\",\"position\":2,\"name\":\"Shop\",\"item\":\"https:\/\/ratatamkids.com\/en\/shop\/\"},{\"@type\":\"ListItem\",\"position\":3,\"name\":\"id\u00e9es cadeaux\",\"item\":\"https:\/\/ratatamkids.com\/en\/categorie-produit\/idees-cadeaux\/\"},{\"@type\":\"ListItem\",\"position\":4,\"name\":\"Ado &amp; Maman\",\"item\":\"https:\/\/ratatamkids.com\/en\/categorie-produit\/idees-cadeaux\/ado-maman\/\"},{\"@type\":\"ListItem\",\"position\":5,\"name\":\"Bracelet \u00e9lastique daisy\"}]},{\"@type\":\"WebSite\",\"@id\":\"https:\/\/ratatamkids.com\/en\/#website\",\"url\":\"https:\/\/ratatamkids.com\/en\/\",\"name\":\"Ratatam Official Website\",\"description\":\"Cool brand for happy kids!\",\"potentialAction\":[{\"@type\":\"SearchAction\",\"target\":{\"@type\":\"EntryPoint\",\"urlTemplate\":\"https:\/\/ratatamkids.com\/en\/?s={search_term_string}\"},\"query-input\":{\"@type\":\"PropertyValueSpecification\",\"valueRequired\":true,\"valueName\":\"search_term_string\"}}],\"inLanguage\":\"en-US\"}]}<\/script>\n<!-- \/ Yoast SEO plugin. -->","yoast_head_json":{"title":"Bracelet \u00e9lastique daisy - Ratatam Official Website","robots":{"index":"index","follow":"follow","max-snippet":"max-snippet:-1","max-image-preview":"max-image-preview:large","max-video-preview":"max-video-preview:-1"},"canonical":"https:\/\/ratatamkids.com\/en\/produit\/bracelet-elastique-daisy\/","og_locale":"en_US","og_type":"article","og_title":"Bracelet \u00e9lastique daisy - Ratatam Official Website","og_description":"\ud83c\udf3c Bracelet Daisy - Ratatam! \ud83c\udf3c  Des perles toutes douces, des petites fleurs trop chouettes et un style fleuri \u00e0 croquer ! Le bracelet Daisy, c\u2019est l\u2019accessoire pr\u00e9f\u00e9r\u00e9 des kids qui aiment mettre du soleil dans leurs looks. \u00c0 porter pour jouer, r\u00eaver ou danser, il suit les enfants partout avec sa dose de bonne humeur.","og_url":"https:\/\/ratatamkids.com\/en\/produit\/bracelet-elastique-daisy\/","og_site_name":"Ratatam Official Website","article_publisher":"https:\/\/www.facebook.com\/Ratatamforhappykids\/","article_modified_time":"2026-03-31T15:05:57+00:00","og_image":[{"width":2000,"height":2000,"url":"https:\/\/ratatamkids.com\/wp-content\/uploads\/2025\/07\/BRACELET-DAISY-BR-DAI02.jpg","type":"image\/jpeg"}],"twitter_card":"summary_large_image","twitter_misc":{"Est. reading time":"2 minutes"},"schema":{"@context":"https:\/\/schema.org","@graph":[{"@type":"WebPage","@id":"https:\/\/ratatamkids.com\/en\/produit\/bracelet-elastique-daisy\/","url":"https:\/\/ratatamkids.com\/en\/produit\/bracelet-elastique-daisy\/","name":"Bracelet \u00e9lastique daisy - Ratatam Official Website","isPartOf":{"@id":"https:\/\/ratatamkids.com\/en\/#website"},"primaryImageOfPage":{"@id":"https:\/\/ratatamkids.com\/en\/produit\/bracelet-elastique-daisy\/#primaryimage"},"image":{"@id":"https:\/\/ratatamkids.com\/en\/produit\/bracelet-elastique-daisy\/#primaryimage"},"thumbnailUrl":"https:\/\/ratatamkids.com\/wp-content\/uploads\/2025\/07\/BRACELET-DAISY-BR-DAI02.jpg","datePublished":"2025-07-02T08:52:04+00:00","dateModified":"2026-03-31T15:05:57+00:00","breadcrumb":{"@id":"https:\/\/ratatamkids.com\/en\/produit\/bracelet-elastique-daisy\/#breadcrumb"},"inLanguage":"en-US","potentialAction":[{"@type":"ReadAction","target":["https:\/\/ratatamkids.com\/en\/produit\/bracelet-elastique-daisy\/"]}]},{"@type":"ImageObject","inLanguage":"en-US","@id":"https:\/\/ratatamkids.com\/en\/produit\/bracelet-elastique-daisy\/#primaryimage","url":"https:\/\/ratatamkids.com\/wp-content\/uploads\/2025\/07\/BRACELET-DAISY-BR-DAI02.jpg","contentUrl":"https:\/\/ratatamkids.com\/wp-content\/uploads\/2025\/07\/BRACELET-DAISY-BR-DAI02.jpg","width":2000,"height":2000},{"@type":"BreadcrumbList","@id":"https:\/\/ratatamkids.com\/en\/produit\/bracelet-elastique-daisy\/#breadcrumb","itemListElement":[{"@type":"ListItem","position":1,"name":"Accueil","item":"https:\/\/ratatamkids.com\/en\/"},{"@type":"ListItem","position":2,"name":"Shop","item":"https:\/\/ratatamkids.com\/en\/shop\/"},{"@type":"ListItem","position":3,"name":"id\u00e9es cadeaux","item":"https:\/\/ratatamkids.com\/en\/categorie-produit\/idees-cadeaux\/"},{"@type":"ListItem","position":4,"name":"Ado &amp; Maman","item":"https:\/\/ratatamkids.com\/en\/categorie-produit\/idees-cadeaux\/ado-maman\/"},{"@type":"ListItem","position":5,"name":"Bracelet \u00e9lastique daisy"}]},{"@type":"WebSite","@id":"https:\/\/ratatamkids.com\/en\/#website","url":"https:\/\/ratatamkids.com\/en\/","name":"Ratatam Official Website","description":"Cool brand for happy kids!","potentialAction":[{"@type":"SearchAction","target":{"@type":"EntryPoint","urlTemplate":"https:\/\/ratatamkids.com\/en\/?s={search_term_string}"},"query-input":{"@type":"PropertyValueSpecification","valueRequired":true,"valueName":"search_term_string"}}],"inLanguage":"en-US"}]}},"_links":{"self":[{"href":"https:\/\/ratatamkids.com\/en\/wp-json\/wp\/v2\/product\/39663","targetHints":{"allow":["GET"]}}],"collection":[{"href":"https:\/\/ratatamkids.com\/en\/wp-json\/wp\/v2\/product"}],"about":[{"href":"https:\/\/ratatamkids.com\/en\/wp-json\/wp\/v2\/types\/product"}],"replies":[{"embeddable":true,"href":"https:\/\/ratatamkids.com\/en\/wp-json\/wp\/v2\/comments?post=39663"}],"wp:featuredmedia":[{"embeddable":true,"href":"https:\/\/ratatamkids.com\/en\/wp-json\/wp\/v2\/media\/39882"}],"wp:attachment":[{"href":"https:\/\/ratatamkids.com\/en\/wp-json\/wp\/v2\/media?parent=39663"}],"wp:term":[{"taxonomy":"product_brand","embeddable":true,"href":"https:\/\/ratatamkids.com\/en\/wp-json\/wp\/v2\/product_brand?post=39663"},{"taxonomy":"product_cat","embeddable":true,"href":"https:\/\/ratatamkids.com\/en\/wp-json\/wp\/v2\/product_cat?post=39663"},{"taxonomy":"product_tag","embeddable":true,"href":"https:\/\/ratatamkids.com\/en\/wp-json\/wp\/v2\/product_tag?post=39663"}],"curies":[{"name":"wp","href":"https:\/\/api.w.org\/{rel}","templated":true}]}}