{"id":39657,"date":"2025-07-01T15:05:20","date_gmt":"2025-07-01T13:05:20","guid":{"rendered":"https:\/\/ratatamkids.com\/?post_type=product&#038;p=39657"},"modified":"2026-04-01T16:55:41","modified_gmt":"2026-04-01T14:55:41","slug":"bague-elastique-etoile-rose","status":"publish","type":"product","link":"https:\/\/ratatamkids.com\/en\/produit\/bague-elastique-etoile-rose\/","title":{"rendered":"Bague \u00e9lastique \u00e9toile &#8211; rose"},"content":{"rendered":"<p data-start=\"187\" data-end=\"269\">\ud83d\udcab <strong data-start=\"190\" data-end=\"236\">Bague Perles &amp; \u00c9toile Dor\u00e9e \u2013 Ratatam Kids<\/strong><br data-start=\"236\" data-end=\"239\" \/><strong data-start=\"239\" data-end=\"269\">Petite taille, gros style.<\/strong><\/p>\n<p data-start=\"271\" data-end=\"496\">Voil\u00e0 une bague qui envoie du lourd ! Avec ses <strong data-start=\"318\" data-end=\"337\">perles color\u00e9es<\/strong> qui claquent et sa <strong data-start=\"357\" data-end=\"380\">petite \u00e9toile dor\u00e9e<\/strong> qui capte la lumi\u00e8re, cette bague sign\u00e9e <strong data-start=\"422\" data-end=\"438\">Ratatam Kids<\/strong> transforme n\u2019importe quelle main en aimant \u00e0 compliments.<\/p>\n<p data-start=\"498\" data-end=\"753\">Pas besoin d\u2019occasions sp\u00e9ciales : elle se porte comme on respire \u2013 facile, fun et avec une bonne dose d\u2019attitude.<\/p>\n<p data-start=\"498\" data-end=\"753\"><strong data-start=\"613\" data-end=\"633\">\ud83d\udd04 Diam\u00e8tre de 2 cm, mais ajustable gr\u00e2ce \u00e0 son anneau \u00e9lastique<\/strong>, donc z\u00e9ro prise de t\u00eate pour l\u2019enfiler : elle s\u2019adapte \u00e0 tous les doigts et suit les kids dans toutes leurs aventures.<\/p>\n<p data-start=\"755\" data-end=\"909\">Que ce soit pour <strong data-start=\"772\" data-end=\"790\">pimper un look<\/strong>, <strong data-start=\"792\" data-end=\"830\">jouer les boss de la cour de r\u00e9cr\u00e9<\/strong>, ou juste <strong data-start=\"841\" data-end=\"861\">se faire plaisir<\/strong>, cette bague fait le taf. Et elle le fait bien.<\/p>\n<p data-start=\"911\" data-end=\"1000\">\ud83c\udf81 \u00c0 offrir, \u00e0 \u00e9changer ou \u00e0 garder pour soi (parce que franchement, elle est trop cool).<\/p>\n<p data-start=\"1002\" data-end=\"1080\"><br data-start=\"1018\" data-end=\"1021\" \/>\ud83c\udf0d <strong data-start=\"1024\" data-end=\"1045\">Fabriqu\u00e9 en Chine<\/strong><br data-start=\"1045\" data-end=\"1048\" \/>\ud83c\udfaf <strong data-start=\"1051\" data-end=\"1080\">Simple. Styl\u00e9e. Efficace.<\/strong><\/p>\n<p data-start=\"1002\" data-end=\"1080\">Interdit aux moins de 3 ans<\/p>\n<p data-start=\"1099\" data-end=\"1158\">\u267b\ufe0f <strong data-start=\"1102\" data-end=\"1132\">Emballage 100 % recyclable<\/strong><\/p>\n<p data-start=\"1099\" data-end=\"1158\"><img loading=\"lazy\" decoding=\"async\" class=\"sFlh5c FyHeAf iPVvYb\" src=\"https:\/\/www.sytraival.com\/img\/actualite-zoom\/5d22bec45b677c13da5e3ed4e1969e6a\/21-logo-triman.png\" alt=\"Triman: le logo du tri - Sytraival\" width=\"31\" height=\"32\" \/><\/p>\n","protected":false},"excerpt":{"rendered":"<p>\ud83d\udcab Bague Perles &amp; \u00c9toile Dor\u00e9e \u2013 Ratatam Kids<br \/>\nUne bague pleine de peps pour des petits doigts qui en jettent !<\/p>\n<p>Avec ses perles color\u00e9es et sa jolie \u00e9toile dor\u00e9e, cette bague Ratatam Kids a tout pour plaire : elle brille, elle s\u2019ajuste \u00e0 toutes les mains, et elle donne du style en deux secondes chrono.<\/p>\n","protected":false},"featured_media":39870,"comment_status":"open","ping_status":"closed","template":"","meta":{"_acf_changed":false},"product_brand":[],"product_cat":[23,257,235],"product_tag":[],"class_list":{"0":"post-39657","1":"product","2":"type-product","3":"status-publish","4":"has-post-thumbnail","6":"product_cat-accessoires","7":"product_cat-accessoires-de-mode","8":"product_cat-bijoux","10":"first","11":"instock","12":"taxable","13":"shipping-taxable","14":"purchasable","15":"product-type-simple"},"acf":[],"yoast_head":"<!-- This site is optimized with the Yoast SEO plugin v25.4 - https:\/\/yoast.com\/wordpress\/plugins\/seo\/ -->\n<title>Bague \u00e9lastique \u00e9toile - rose - Ratatam Official Website<\/title>\n<meta name=\"robots\" content=\"index, follow, max-snippet:-1, max-image-preview:large, max-video-preview:-1\" \/>\n<link rel=\"canonical\" href=\"https:\/\/ratatamkids.com\/en\/produit\/bague-elastique-etoile-rose\/\" \/>\n<meta property=\"og:locale\" content=\"en_US\" \/>\n<meta property=\"og:type\" content=\"article\" \/>\n<meta property=\"og:title\" content=\"Bague \u00e9lastique \u00e9toile - rose - Ratatam Official Website\" \/>\n<meta property=\"og:description\" content=\"\ud83d\udcab Bague Perles &amp; \u00c9toile Dor\u00e9e \u2013 Ratatam Kids Une bague pleine de peps pour des petits doigts qui en jettent !  Avec ses perles color\u00e9es et sa jolie \u00e9toile dor\u00e9e, cette bague Ratatam Kids a tout pour plaire : elle brille, elle s\u2019ajuste \u00e0 toutes les mains, et elle donne du style en deux secondes chrono.\" \/>\n<meta property=\"og:url\" content=\"https:\/\/ratatamkids.com\/en\/produit\/bague-elastique-etoile-rose\/\" \/>\n<meta property=\"og:site_name\" content=\"Ratatam Official Website\" \/>\n<meta property=\"article:publisher\" content=\"https:\/\/www.facebook.com\/Ratatamforhappykids\/\" \/>\n<meta property=\"article:modified_time\" content=\"2026-04-01T14:55:41+00:00\" \/>\n<meta property=\"og:image\" content=\"https:\/\/ratatamkids.com\/wp-content\/uploads\/2025\/07\/BAGUE-ETOILE-ROSE-RG-STA01.jpeg\" \/>\n\t<meta property=\"og:image:width\" content=\"2000\" \/>\n\t<meta property=\"og:image:height\" content=\"2000\" \/>\n\t<meta property=\"og:image:type\" content=\"image\/jpeg\" \/>\n<meta name=\"twitter:card\" content=\"summary_large_image\" \/>\n<meta name=\"twitter:label1\" content=\"Est. reading time\" \/>\n\t<meta name=\"twitter:data1\" content=\"2 minutes\" \/>\n<script type=\"application\/ld+json\" class=\"yoast-schema-graph\">{\"@context\":\"https:\/\/schema.org\",\"@graph\":[{\"@type\":\"WebPage\",\"@id\":\"https:\/\/ratatamkids.com\/en\/produit\/bague-elastique-etoile-rose\/\",\"url\":\"https:\/\/ratatamkids.com\/en\/produit\/bague-elastique-etoile-rose\/\",\"name\":\"Bague \u00e9lastique \u00e9toile - rose - Ratatam Official Website\",\"isPartOf\":{\"@id\":\"https:\/\/ratatamkids.com\/en\/#website\"},\"primaryImageOfPage\":{\"@id\":\"https:\/\/ratatamkids.com\/en\/produit\/bague-elastique-etoile-rose\/#primaryimage\"},\"image\":{\"@id\":\"https:\/\/ratatamkids.com\/en\/produit\/bague-elastique-etoile-rose\/#primaryimage\"},\"thumbnailUrl\":\"https:\/\/ratatamkids.com\/wp-content\/uploads\/2025\/07\/BAGUE-ETOILE-ROSE-RG-STA01.jpeg\",\"datePublished\":\"2025-07-01T13:05:20+00:00\",\"dateModified\":\"2026-04-01T14:55:41+00:00\",\"breadcrumb\":{\"@id\":\"https:\/\/ratatamkids.com\/en\/produit\/bague-elastique-etoile-rose\/#breadcrumb\"},\"inLanguage\":\"en-US\",\"potentialAction\":[{\"@type\":\"ReadAction\",\"target\":[\"https:\/\/ratatamkids.com\/en\/produit\/bague-elastique-etoile-rose\/\"]}]},{\"@type\":\"ImageObject\",\"inLanguage\":\"en-US\",\"@id\":\"https:\/\/ratatamkids.com\/en\/produit\/bague-elastique-etoile-rose\/#primaryimage\",\"url\":\"https:\/\/ratatamkids.com\/wp-content\/uploads\/2025\/07\/BAGUE-ETOILE-ROSE-RG-STA01.jpeg\",\"contentUrl\":\"https:\/\/ratatamkids.com\/wp-content\/uploads\/2025\/07\/BAGUE-ETOILE-ROSE-RG-STA01.jpeg\",\"width\":2000,\"height\":2000},{\"@type\":\"BreadcrumbList\",\"@id\":\"https:\/\/ratatamkids.com\/en\/produit\/bague-elastique-etoile-rose\/#breadcrumb\",\"itemListElement\":[{\"@type\":\"ListItem\",\"position\":1,\"name\":\"Accueil\",\"item\":\"https:\/\/ratatamkids.com\/en\/\"},{\"@type\":\"ListItem\",\"position\":2,\"name\":\"Shop\",\"item\":\"https:\/\/ratatamkids.com\/en\/shop\/\"},{\"@type\":\"ListItem\",\"position\":3,\"name\":\"Accessories\",\"item\":\"https:\/\/ratatamkids.com\/en\/categorie-produit\/accessories\/\"},{\"@type\":\"ListItem\",\"position\":4,\"name\":\"Fashion Accessories\",\"item\":\"https:\/\/ratatamkids.com\/en\/categorie-produit\/accessories\/fashion-accessories\/\"},{\"@type\":\"ListItem\",\"position\":5,\"name\":\"Bague \u00e9lastique \u00e9toile &#8211; rose\"}]},{\"@type\":\"WebSite\",\"@id\":\"https:\/\/ratatamkids.com\/en\/#website\",\"url\":\"https:\/\/ratatamkids.com\/en\/\",\"name\":\"Ratatam Official Website\",\"description\":\"Cool brand for happy kids!\",\"potentialAction\":[{\"@type\":\"SearchAction\",\"target\":{\"@type\":\"EntryPoint\",\"urlTemplate\":\"https:\/\/ratatamkids.com\/en\/?s={search_term_string}\"},\"query-input\":{\"@type\":\"PropertyValueSpecification\",\"valueRequired\":true,\"valueName\":\"search_term_string\"}}],\"inLanguage\":\"en-US\"}]}<\/script>\n<!-- \/ Yoast SEO plugin. -->","yoast_head_json":{"title":"Bague \u00e9lastique \u00e9toile - rose - Ratatam Official Website","robots":{"index":"index","follow":"follow","max-snippet":"max-snippet:-1","max-image-preview":"max-image-preview:large","max-video-preview":"max-video-preview:-1"},"canonical":"https:\/\/ratatamkids.com\/en\/produit\/bague-elastique-etoile-rose\/","og_locale":"en_US","og_type":"article","og_title":"Bague \u00e9lastique \u00e9toile - rose - Ratatam Official Website","og_description":"\ud83d\udcab Bague Perles &amp; \u00c9toile Dor\u00e9e \u2013 Ratatam Kids Une bague pleine de peps pour des petits doigts qui en jettent !  Avec ses perles color\u00e9es et sa jolie \u00e9toile dor\u00e9e, cette bague Ratatam Kids a tout pour plaire : elle brille, elle s\u2019ajuste \u00e0 toutes les mains, et elle donne du style en deux secondes chrono.","og_url":"https:\/\/ratatamkids.com\/en\/produit\/bague-elastique-etoile-rose\/","og_site_name":"Ratatam Official Website","article_publisher":"https:\/\/www.facebook.com\/Ratatamforhappykids\/","article_modified_time":"2026-04-01T14:55:41+00:00","og_image":[{"width":2000,"height":2000,"url":"https:\/\/ratatamkids.com\/wp-content\/uploads\/2025\/07\/BAGUE-ETOILE-ROSE-RG-STA01.jpeg","type":"image\/jpeg"}],"twitter_card":"summary_large_image","twitter_misc":{"Est. reading time":"2 minutes"},"schema":{"@context":"https:\/\/schema.org","@graph":[{"@type":"WebPage","@id":"https:\/\/ratatamkids.com\/en\/produit\/bague-elastique-etoile-rose\/","url":"https:\/\/ratatamkids.com\/en\/produit\/bague-elastique-etoile-rose\/","name":"Bague \u00e9lastique \u00e9toile - rose - Ratatam Official Website","isPartOf":{"@id":"https:\/\/ratatamkids.com\/en\/#website"},"primaryImageOfPage":{"@id":"https:\/\/ratatamkids.com\/en\/produit\/bague-elastique-etoile-rose\/#primaryimage"},"image":{"@id":"https:\/\/ratatamkids.com\/en\/produit\/bague-elastique-etoile-rose\/#primaryimage"},"thumbnailUrl":"https:\/\/ratatamkids.com\/wp-content\/uploads\/2025\/07\/BAGUE-ETOILE-ROSE-RG-STA01.jpeg","datePublished":"2025-07-01T13:05:20+00:00","dateModified":"2026-04-01T14:55:41+00:00","breadcrumb":{"@id":"https:\/\/ratatamkids.com\/en\/produit\/bague-elastique-etoile-rose\/#breadcrumb"},"inLanguage":"en-US","potentialAction":[{"@type":"ReadAction","target":["https:\/\/ratatamkids.com\/en\/produit\/bague-elastique-etoile-rose\/"]}]},{"@type":"ImageObject","inLanguage":"en-US","@id":"https:\/\/ratatamkids.com\/en\/produit\/bague-elastique-etoile-rose\/#primaryimage","url":"https:\/\/ratatamkids.com\/wp-content\/uploads\/2025\/07\/BAGUE-ETOILE-ROSE-RG-STA01.jpeg","contentUrl":"https:\/\/ratatamkids.com\/wp-content\/uploads\/2025\/07\/BAGUE-ETOILE-ROSE-RG-STA01.jpeg","width":2000,"height":2000},{"@type":"BreadcrumbList","@id":"https:\/\/ratatamkids.com\/en\/produit\/bague-elastique-etoile-rose\/#breadcrumb","itemListElement":[{"@type":"ListItem","position":1,"name":"Accueil","item":"https:\/\/ratatamkids.com\/en\/"},{"@type":"ListItem","position":2,"name":"Shop","item":"https:\/\/ratatamkids.com\/en\/shop\/"},{"@type":"ListItem","position":3,"name":"Accessories","item":"https:\/\/ratatamkids.com\/en\/categorie-produit\/accessories\/"},{"@type":"ListItem","position":4,"name":"Fashion Accessories","item":"https:\/\/ratatamkids.com\/en\/categorie-produit\/accessories\/fashion-accessories\/"},{"@type":"ListItem","position":5,"name":"Bague \u00e9lastique \u00e9toile &#8211; rose"}]},{"@type":"WebSite","@id":"https:\/\/ratatamkids.com\/en\/#website","url":"https:\/\/ratatamkids.com\/en\/","name":"Ratatam Official Website","description":"Cool brand for happy kids!","potentialAction":[{"@type":"SearchAction","target":{"@type":"EntryPoint","urlTemplate":"https:\/\/ratatamkids.com\/en\/?s={search_term_string}"},"query-input":{"@type":"PropertyValueSpecification","valueRequired":true,"valueName":"search_term_string"}}],"inLanguage":"en-US"}]}},"_links":{"self":[{"href":"https:\/\/ratatamkids.com\/en\/wp-json\/wp\/v2\/product\/39657","targetHints":{"allow":["GET"]}}],"collection":[{"href":"https:\/\/ratatamkids.com\/en\/wp-json\/wp\/v2\/product"}],"about":[{"href":"https:\/\/ratatamkids.com\/en\/wp-json\/wp\/v2\/types\/product"}],"replies":[{"embeddable":true,"href":"https:\/\/ratatamkids.com\/en\/wp-json\/wp\/v2\/comments?post=39657"}],"wp:featuredmedia":[{"embeddable":true,"href":"https:\/\/ratatamkids.com\/en\/wp-json\/wp\/v2\/media\/39870"}],"wp:attachment":[{"href":"https:\/\/ratatamkids.com\/en\/wp-json\/wp\/v2\/media?parent=39657"}],"wp:term":[{"taxonomy":"product_brand","embeddable":true,"href":"https:\/\/ratatamkids.com\/en\/wp-json\/wp\/v2\/product_brand?post=39657"},{"taxonomy":"product_cat","embeddable":true,"href":"https:\/\/ratatamkids.com\/en\/wp-json\/wp\/v2\/product_cat?post=39657"},{"taxonomy":"product_tag","embeddable":true,"href":"https:\/\/ratatamkids.com\/en\/wp-json\/wp\/v2\/product_tag?post=39657"}],"curies":[{"name":"wp","href":"https:\/\/api.w.org\/{rel}","templated":true}]}}