{"id":39650,"date":"2025-07-01T14:54:21","date_gmt":"2025-07-01T12:54:21","guid":{"rendered":"https:\/\/ratatamkids.com\/?post_type=product&#038;p=39650"},"modified":"2026-03-31T17:06:13","modified_gmt":"2026-03-31T15:06:13","slug":"bague-elastique-fleurs-bleu","status":"publish","type":"product","link":"https:\/\/ratatamkids.com\/en\/produit\/bague-elastique-fleurs-bleu\/","title":{"rendered":"Bague \u00e9lastique fleurs &#8211; bleu"},"content":{"rendered":"<p data-start=\"132\" data-end=\"250\">\ud83c\udf3c\u2728 <strong data-start=\"136\" data-end=\"177\">Bagues Fleurs Color\u00e9es \u2013 Ratatam Kids<\/strong> \u2728\ud83c\udf3c<br data-start=\"181\" data-end=\"184\" \/><strong data-start=\"184\" data-end=\"250\">Des bijoux qui font boum dans le c\u0153ur et boom sur les doigts !<\/strong><\/p>\n<p data-start=\"252\" data-end=\"568\">Pr\u00e9parez-vous \u00e0 faire pousser la bonne humeur \u00e0 chaque main ! Les <strong data-start=\"318\" data-end=\"357\">bagues fleurs color\u00e9es Ratatam Kids<\/strong>, ce sont des explosions de couleurs, des \u00e9clats de rires et des arcs-en-ciel en version mini. Chaque bague est une petite star \u00e0 part enti\u00e8re, pr\u00eate \u00e0 faire briller les doigts des enfants avec style!<\/p>\n<p data-start=\"570\" data-end=\"807\">\u00a0<strong data-start=\"573\" data-end=\"589\">Jaune<\/strong>, \u00a0<strong data-start=\"594\" data-end=\"609\">vert<\/strong>, \u00a0<strong data-start=\"614\" data-end=\"632\">fuchsia<\/strong>, \u00a0<strong data-start=\"637\" data-end=\"652\">rose<\/strong>, \u00a0<strong data-start=\"657\" data-end=\"676\">bleu<\/strong>, \u00a0<strong data-start=\"681\" data-end=\"699\">violet<\/strong>\u2026 Un bouquet de couleurs \u00e0 mixer, collectionner, \u00e9changer ou offrir. \u00c7a claque, \u00e7a brille, \u00e7a met le smile !<\/p>\n<p data-start=\"809\" data-end=\"1069\">\ud83d\udd04 <strong data-start=\"887\" data-end=\"908\">Diam\u00e8tre de 2 cm<\/strong>, mais <strong data-start=\"915\" data-end=\"948\">ajustable <\/strong>gr\u00e2ce \u00e0 leur <strong data-start=\"825\" data-end=\"857\">anneau \u00e9lastique ultra-confo<\/strong>, elles s\u2019adaptent \u00e0 tous les doigts, du plus mini au plus funky. L\u00e9g\u00e8res comme une plume, rigolotes comme un go\u00fbter entre copains, elles transforment chaque look en f\u00eate et chaque jour en carnaval des couleurs !<\/p>\n<p data-start=\"1071\" data-end=\"1309\">\ud83c\udf89 \u00c0 glisser dans une pochette surprise, \u00e0 offrir pour un anniversaire ou \u00e0 collectionner comme des tr\u00e9sors trop cool, ces bagues sont le must-have des kids qui aiment jouer avec la mode, s\u2019inventer des histoires et se sentir fabuleux\/se.<\/p>\n<p data-start=\"1311\" data-end=\"1381\">\ud83c\udf0d <strong data-start=\"1333\" data-end=\"1354\">Fabriqu\u00e9 en Chine<\/strong><br data-start=\"1354\" data-end=\"1357\" \/>\ud83c\udf88 <strong data-start=\"1360\" data-end=\"1381\">100 % fun garanti<\/strong><\/p>\n<p data-start=\"1311\" data-end=\"1381\">Interdit aux moins de 3 ans<\/p>\n<p data-start=\"1099\" data-end=\"1158\">\u267b\ufe0f <strong data-start=\"1102\" data-end=\"1132\">Emballage 100 % recyclable<\/strong><\/p>\n<p data-start=\"1099\" data-end=\"1158\"><img loading=\"lazy\" decoding=\"async\" class=\"sFlh5c FyHeAf iPVvYb\" src=\"https:\/\/www.sytraival.com\/img\/actualite-zoom\/5d22bec45b677c13da5e3ed4e1969e6a\/21-logo-triman.png\" alt=\"Triman: le logo du tri - Sytraival\" width=\"31\" height=\"32\" \/><\/p>\n","protected":false},"excerpt":{"rendered":"<p>\ud83c\udf3c Bagues Fleurs Color\u00e9es Ratatam Kids \ud83c\udf3c<\/p>\n<p>Faites \u00e9clore la bonne humeur avec les nouvelles bagues fleurs color\u00e9es sign\u00e9es Ratatam Kids ! Inspir\u00e9es de l\u2019univers ludique et p\u00e9tillant de la marque, ces jolies bagues en forme de fleurs se d\u00e9clinent dans une palette vive et joyeuse : jaune, vert, fuchsia, rose clair , bleu et violet.<\/p>\n","protected":false},"featured_media":39860,"comment_status":"open","ping_status":"closed","template":"","meta":{"_acf_changed":false},"product_brand":[],"product_cat":[549,556,553,554,551,552,547,23,257,235],"product_tag":[],"class_list":{"0":"post-39650","1":"product","2":"type-product","3":"status-publish","4":"has-post-thumbnail","6":"product_cat-idees-cadeaux","7":"product_cat-10e","8":"product_cat-20e","9":"product_cat-40e","10":"product_cat-3-6-ans","11":"product_cat-6-ans-et","12":"product_cat-nouveautes","13":"product_cat-accessoires","14":"product_cat-accessoires-de-mode","15":"product_cat-bijoux","17":"first","18":"instock","19":"taxable","20":"shipping-taxable","21":"purchasable","22":"product-type-simple"},"acf":[],"yoast_head":"<!-- This site is optimized with the Yoast SEO plugin v25.4 - https:\/\/yoast.com\/wordpress\/plugins\/seo\/ -->\n<title>Bague \u00e9lastique fleurs - bleu - Ratatam Official Website<\/title>\n<meta name=\"robots\" content=\"index, follow, max-snippet:-1, max-image-preview:large, max-video-preview:-1\" \/>\n<link rel=\"canonical\" href=\"https:\/\/ratatamkids.com\/en\/produit\/bague-elastique-fleurs-bleu\/\" \/>\n<meta property=\"og:locale\" content=\"en_US\" \/>\n<meta property=\"og:type\" content=\"article\" \/>\n<meta property=\"og:title\" content=\"Bague \u00e9lastique fleurs - bleu - Ratatam Official Website\" \/>\n<meta property=\"og:description\" content=\"\ud83c\udf3c Bagues Fleurs Color\u00e9es Ratatam Kids \ud83c\udf3c  Faites \u00e9clore la bonne humeur avec les nouvelles bagues fleurs color\u00e9es sign\u00e9es Ratatam Kids ! Inspir\u00e9es de l\u2019univers ludique et p\u00e9tillant de la marque, ces jolies bagues en forme de fleurs se d\u00e9clinent dans une palette vive et joyeuse : jaune, vert, fuchsia, rose clair , bleu et violet.\" \/>\n<meta property=\"og:url\" content=\"https:\/\/ratatamkids.com\/en\/produit\/bague-elastique-fleurs-bleu\/\" \/>\n<meta property=\"og:site_name\" content=\"Ratatam Official Website\" \/>\n<meta property=\"article:publisher\" content=\"https:\/\/www.facebook.com\/Ratatamforhappykids\/\" \/>\n<meta property=\"article:modified_time\" content=\"2026-03-31T15:06:13+00:00\" \/>\n<meta property=\"og:image\" content=\"https:\/\/ratatamkids.com\/wp-content\/uploads\/2025\/07\/BAGUE-FLEUR-BLEU-RG-FLO02.jpeg\" \/>\n\t<meta property=\"og:image:width\" content=\"2000\" \/>\n\t<meta property=\"og:image:height\" content=\"2000\" \/>\n\t<meta property=\"og:image:type\" content=\"image\/jpeg\" \/>\n<meta name=\"twitter:card\" content=\"summary_large_image\" \/>\n<meta name=\"twitter:label1\" content=\"Est. reading time\" \/>\n\t<meta name=\"twitter:data1\" content=\"2 minutes\" \/>\n<script type=\"application\/ld+json\" class=\"yoast-schema-graph\">{\"@context\":\"https:\/\/schema.org\",\"@graph\":[{\"@type\":\"WebPage\",\"@id\":\"https:\/\/ratatamkids.com\/en\/produit\/bague-elastique-fleurs-bleu\/\",\"url\":\"https:\/\/ratatamkids.com\/en\/produit\/bague-elastique-fleurs-bleu\/\",\"name\":\"Bague \u00e9lastique fleurs - bleu - Ratatam Official Website\",\"isPartOf\":{\"@id\":\"https:\/\/ratatamkids.com\/en\/#website\"},\"primaryImageOfPage\":{\"@id\":\"https:\/\/ratatamkids.com\/en\/produit\/bague-elastique-fleurs-bleu\/#primaryimage\"},\"image\":{\"@id\":\"https:\/\/ratatamkids.com\/en\/produit\/bague-elastique-fleurs-bleu\/#primaryimage\"},\"thumbnailUrl\":\"https:\/\/ratatamkids.com\/wp-content\/uploads\/2025\/07\/BAGUE-FLEUR-BLEU-RG-FLO02.jpeg\",\"datePublished\":\"2025-07-01T12:54:21+00:00\",\"dateModified\":\"2026-03-31T15:06:13+00:00\",\"breadcrumb\":{\"@id\":\"https:\/\/ratatamkids.com\/en\/produit\/bague-elastique-fleurs-bleu\/#breadcrumb\"},\"inLanguage\":\"en-US\",\"potentialAction\":[{\"@type\":\"ReadAction\",\"target\":[\"https:\/\/ratatamkids.com\/en\/produit\/bague-elastique-fleurs-bleu\/\"]}]},{\"@type\":\"ImageObject\",\"inLanguage\":\"en-US\",\"@id\":\"https:\/\/ratatamkids.com\/en\/produit\/bague-elastique-fleurs-bleu\/#primaryimage\",\"url\":\"https:\/\/ratatamkids.com\/wp-content\/uploads\/2025\/07\/BAGUE-FLEUR-BLEU-RG-FLO02.jpeg\",\"contentUrl\":\"https:\/\/ratatamkids.com\/wp-content\/uploads\/2025\/07\/BAGUE-FLEUR-BLEU-RG-FLO02.jpeg\",\"width\":2000,\"height\":2000},{\"@type\":\"BreadcrumbList\",\"@id\":\"https:\/\/ratatamkids.com\/en\/produit\/bague-elastique-fleurs-bleu\/#breadcrumb\",\"itemListElement\":[{\"@type\":\"ListItem\",\"position\":1,\"name\":\"Accueil\",\"item\":\"https:\/\/ratatamkids.com\/en\/\"},{\"@type\":\"ListItem\",\"position\":2,\"name\":\"Shop\",\"item\":\"https:\/\/ratatamkids.com\/en\/shop\/\"},{\"@type\":\"ListItem\",\"position\":3,\"name\":\"id\u00e9es cadeaux\",\"item\":\"https:\/\/ratatamkids.com\/en\/categorie-produit\/idees-cadeaux\/\"},{\"@type\":\"ListItem\",\"position\":4,\"name\":\"-10\u20ac\",\"item\":\"https:\/\/ratatamkids.com\/en\/categorie-produit\/idees-cadeaux\/10e\/\"},{\"@type\":\"ListItem\",\"position\":5,\"name\":\"Bague \u00e9lastique fleurs &#8211; bleu\"}]},{\"@type\":\"WebSite\",\"@id\":\"https:\/\/ratatamkids.com\/en\/#website\",\"url\":\"https:\/\/ratatamkids.com\/en\/\",\"name\":\"Ratatam Official Website\",\"description\":\"Cool brand for happy kids!\",\"potentialAction\":[{\"@type\":\"SearchAction\",\"target\":{\"@type\":\"EntryPoint\",\"urlTemplate\":\"https:\/\/ratatamkids.com\/en\/?s={search_term_string}\"},\"query-input\":{\"@type\":\"PropertyValueSpecification\",\"valueRequired\":true,\"valueName\":\"search_term_string\"}}],\"inLanguage\":\"en-US\"}]}<\/script>\n<!-- \/ Yoast SEO plugin. -->","yoast_head_json":{"title":"Bague \u00e9lastique fleurs - bleu - Ratatam Official Website","robots":{"index":"index","follow":"follow","max-snippet":"max-snippet:-1","max-image-preview":"max-image-preview:large","max-video-preview":"max-video-preview:-1"},"canonical":"https:\/\/ratatamkids.com\/en\/produit\/bague-elastique-fleurs-bleu\/","og_locale":"en_US","og_type":"article","og_title":"Bague \u00e9lastique fleurs - bleu - Ratatam Official Website","og_description":"\ud83c\udf3c Bagues Fleurs Color\u00e9es Ratatam Kids \ud83c\udf3c  Faites \u00e9clore la bonne humeur avec les nouvelles bagues fleurs color\u00e9es sign\u00e9es Ratatam Kids ! Inspir\u00e9es de l\u2019univers ludique et p\u00e9tillant de la marque, ces jolies bagues en forme de fleurs se d\u00e9clinent dans une palette vive et joyeuse : jaune, vert, fuchsia, rose clair , bleu et violet.","og_url":"https:\/\/ratatamkids.com\/en\/produit\/bague-elastique-fleurs-bleu\/","og_site_name":"Ratatam Official Website","article_publisher":"https:\/\/www.facebook.com\/Ratatamforhappykids\/","article_modified_time":"2026-03-31T15:06:13+00:00","og_image":[{"width":2000,"height":2000,"url":"https:\/\/ratatamkids.com\/wp-content\/uploads\/2025\/07\/BAGUE-FLEUR-BLEU-RG-FLO02.jpeg","type":"image\/jpeg"}],"twitter_card":"summary_large_image","twitter_misc":{"Est. reading time":"2 minutes"},"schema":{"@context":"https:\/\/schema.org","@graph":[{"@type":"WebPage","@id":"https:\/\/ratatamkids.com\/en\/produit\/bague-elastique-fleurs-bleu\/","url":"https:\/\/ratatamkids.com\/en\/produit\/bague-elastique-fleurs-bleu\/","name":"Bague \u00e9lastique fleurs - bleu - Ratatam Official Website","isPartOf":{"@id":"https:\/\/ratatamkids.com\/en\/#website"},"primaryImageOfPage":{"@id":"https:\/\/ratatamkids.com\/en\/produit\/bague-elastique-fleurs-bleu\/#primaryimage"},"image":{"@id":"https:\/\/ratatamkids.com\/en\/produit\/bague-elastique-fleurs-bleu\/#primaryimage"},"thumbnailUrl":"https:\/\/ratatamkids.com\/wp-content\/uploads\/2025\/07\/BAGUE-FLEUR-BLEU-RG-FLO02.jpeg","datePublished":"2025-07-01T12:54:21+00:00","dateModified":"2026-03-31T15:06:13+00:00","breadcrumb":{"@id":"https:\/\/ratatamkids.com\/en\/produit\/bague-elastique-fleurs-bleu\/#breadcrumb"},"inLanguage":"en-US","potentialAction":[{"@type":"ReadAction","target":["https:\/\/ratatamkids.com\/en\/produit\/bague-elastique-fleurs-bleu\/"]}]},{"@type":"ImageObject","inLanguage":"en-US","@id":"https:\/\/ratatamkids.com\/en\/produit\/bague-elastique-fleurs-bleu\/#primaryimage","url":"https:\/\/ratatamkids.com\/wp-content\/uploads\/2025\/07\/BAGUE-FLEUR-BLEU-RG-FLO02.jpeg","contentUrl":"https:\/\/ratatamkids.com\/wp-content\/uploads\/2025\/07\/BAGUE-FLEUR-BLEU-RG-FLO02.jpeg","width":2000,"height":2000},{"@type":"BreadcrumbList","@id":"https:\/\/ratatamkids.com\/en\/produit\/bague-elastique-fleurs-bleu\/#breadcrumb","itemListElement":[{"@type":"ListItem","position":1,"name":"Accueil","item":"https:\/\/ratatamkids.com\/en\/"},{"@type":"ListItem","position":2,"name":"Shop","item":"https:\/\/ratatamkids.com\/en\/shop\/"},{"@type":"ListItem","position":3,"name":"id\u00e9es cadeaux","item":"https:\/\/ratatamkids.com\/en\/categorie-produit\/idees-cadeaux\/"},{"@type":"ListItem","position":4,"name":"-10\u20ac","item":"https:\/\/ratatamkids.com\/en\/categorie-produit\/idees-cadeaux\/10e\/"},{"@type":"ListItem","position":5,"name":"Bague \u00e9lastique fleurs &#8211; bleu"}]},{"@type":"WebSite","@id":"https:\/\/ratatamkids.com\/en\/#website","url":"https:\/\/ratatamkids.com\/en\/","name":"Ratatam Official Website","description":"Cool brand for happy kids!","potentialAction":[{"@type":"SearchAction","target":{"@type":"EntryPoint","urlTemplate":"https:\/\/ratatamkids.com\/en\/?s={search_term_string}"},"query-input":{"@type":"PropertyValueSpecification","valueRequired":true,"valueName":"search_term_string"}}],"inLanguage":"en-US"}]}},"_links":{"self":[{"href":"https:\/\/ratatamkids.com\/en\/wp-json\/wp\/v2\/product\/39650","targetHints":{"allow":["GET"]}}],"collection":[{"href":"https:\/\/ratatamkids.com\/en\/wp-json\/wp\/v2\/product"}],"about":[{"href":"https:\/\/ratatamkids.com\/en\/wp-json\/wp\/v2\/types\/product"}],"replies":[{"embeddable":true,"href":"https:\/\/ratatamkids.com\/en\/wp-json\/wp\/v2\/comments?post=39650"}],"wp:featuredmedia":[{"embeddable":true,"href":"https:\/\/ratatamkids.com\/en\/wp-json\/wp\/v2\/media\/39860"}],"wp:attachment":[{"href":"https:\/\/ratatamkids.com\/en\/wp-json\/wp\/v2\/media?parent=39650"}],"wp:term":[{"taxonomy":"product_brand","embeddable":true,"href":"https:\/\/ratatamkids.com\/en\/wp-json\/wp\/v2\/product_brand?post=39650"},{"taxonomy":"product_cat","embeddable":true,"href":"https:\/\/ratatamkids.com\/en\/wp-json\/wp\/v2\/product_cat?post=39650"},{"taxonomy":"product_tag","embeddable":true,"href":"https:\/\/ratatamkids.com\/en\/wp-json\/wp\/v2\/product_tag?post=39650"}],"curies":[{"name":"wp","href":"https:\/\/api.w.org\/{rel}","templated":true}]}}