{"id":39639,"date":"2025-07-01T14:33:18","date_gmt":"2025-07-01T12:33:18","guid":{"rendered":"https:\/\/ratatamkids.com\/?post_type=product&#038;p=39639"},"modified":"2026-03-27T15:58:12","modified_gmt":"2026-03-27T14:58:12","slug":"bracelet-elastique-fleurs-violet","status":"publish","type":"product","link":"https:\/\/ratatamkids.com\/en\/produit\/bracelet-elastique-fleurs-violet\/","title":{"rendered":"Bracelet \u00e9lastique fleurs &#8211; violet"},"content":{"rendered":"<p data-start=\"168\" data-end=\"550\">\ud83c\udf3c <strong data-start=\"171\" data-end=\"228\">Les bracelets fleurs les plus cool de l\u2019\u00e9t\u00e9 sont l\u00e0 !<\/strong> \ud83c\udf3c<\/p>\n<p data-start=\"168\" data-end=\"550\"><br data-start=\"231\" data-end=\"234\" \/>Chez <strong data-start=\"239\" data-end=\"255\">Ratatam Kids<\/strong>, les poignets se mettent au <em data-start=\"284\" data-end=\"294\">fun mode<\/em> avec ces bracelets en perles ultra color\u00e9s et carr\u00e9ment craquants. Fleurs funky, perles qui brillent \u00e0 fond, couleurs qui p\u00e8tent \u2014 jaune, fuchsia, vert , bleu, rose, violet pop\u2026 bref, un vrai cocktail de good vibes \u00e0 porter non-stop ! \ud83c\udf08\u2728<\/p>\n<p data-start=\"552\" data-end=\"813\">\ud83d\udca5 <strong data-start=\"456\" data-end=\"473\">Diam\u00e8tre 5 cm<\/strong>, mais no stress : gr\u00e2ce \u00e0 l\u2019\u00e9lastique, ils s\u2019ajustent easy \u00e0 tous les petits poignets (et m\u00eame aux plus grands), et suivent les kids dans toutes leurs missions : \u00e9cole, plage, pyjama party, ou d\u00e9guis\u00e9s en super f\u00e9e des fleurs. Pas de prise de t\u00eate, que du style !<\/p>\n<p data-start=\"815\" data-end=\"1017\">\ud83c\udf38 <strong data-start=\"818\" data-end=\"843\">Mix &amp; match \u00e0 volont\u00e9<\/strong> avec les colliers et bagues assortis pour un look fleuri 100 % happy vibes. Le combo parfait pour des kids qui aiment que \u00e7a brille, que \u00e7a swingue et que \u00e7a change du gris.<\/p>\n<p data-start=\"1019\" data-end=\"1219\">\ud83c\udf81 \u00c0 glisser dans une pochette surprise, \u00e0 offrir en mode mini cadeau cool, ou juste pour dire &#8220;T\u2019es trop styl\u00e9\u00b7e aujourd\u2019hui&#8221; \u2014 parce que franchement, avec des fleurs au poignet, la vie est plus fun.<\/p>\n<p data-start=\"1221\" data-end=\"1291\"><br data-start=\"1238\" data-end=\"1241\" \/>\ud83d\udcab Color\u00e9, l\u00e9ger, rigolo\u2026 et carr\u00e9ment <em data-start=\"1280\" data-end=\"1289\">kiffant<\/em> !<\/p>\n<p data-start=\"1221\" data-end=\"1291\">Fabriqu\u00e9 en Chine<\/p>\n<p data-start=\"1221\" data-end=\"1291\">Interdit aux moins de 3 ans<\/p>\n<p data-start=\"1099\" data-end=\"1158\">\u267b\ufe0f <strong data-start=\"1102\" data-end=\"1132\">Emballage 100 % recyclable<\/strong><\/p>\n<p data-start=\"1099\" data-end=\"1158\"><img loading=\"lazy\" decoding=\"async\" class=\"sFlh5c FyHeAf iPVvYb\" src=\"https:\/\/www.sytraival.com\/img\/actualite-zoom\/5d22bec45b677c13da5e3ed4e1969e6a\/21-logo-triman.png\" alt=\"Triman: le logo du tri - Sytraival\" width=\"31\" height=\"32\" \/><\/p>\n","protected":false},"excerpt":{"rendered":"<p>\ud83c\udf3c Les bracelets fleurs les plus fun de l\u2019\u00e9t\u00e9 ! \ud83c\udf3c<br \/>\nChez Ratatam Kids, les poignets aussi ont droit \u00e0 leur dose de couleurs avec ces bracelets \u00e9lastiques en perles trop craquants ! des fleurs mignonne, des perles qui brillent de mille couleurs \u2014 jaune, fuchsia, vert, bleu, rose clair et violet\u2026 c\u2019est la recette du bonheur version mini ! \ud83c\udf08<\/p>\n","protected":false},"featured_media":39774,"comment_status":"open","ping_status":"closed","template":"","meta":{"_acf_changed":false},"product_brand":[],"product_cat":[549,556,553,551,552,547,23,257,235],"product_tag":[],"class_list":{"0":"post-39639","1":"product","2":"type-product","3":"status-publish","4":"has-post-thumbnail","6":"product_cat-idees-cadeaux","7":"product_cat-10e","8":"product_cat-20e","9":"product_cat-3-6-ans","10":"product_cat-6-ans-et","11":"product_cat-nouveautes","12":"product_cat-accessoires","13":"product_cat-accessoires-de-mode","14":"product_cat-bijoux","16":"first","17":"instock","18":"taxable","19":"shipping-taxable","20":"purchasable","21":"product-type-simple"},"acf":[],"yoast_head":"<!-- This site is optimized with the Yoast SEO plugin v25.4 - https:\/\/yoast.com\/wordpress\/plugins\/seo\/ -->\n<title>Bracelet \u00e9lastique fleurs - violet - Ratatam Official Website<\/title>\n<meta name=\"robots\" content=\"index, follow, max-snippet:-1, max-image-preview:large, max-video-preview:-1\" \/>\n<link rel=\"canonical\" href=\"https:\/\/ratatamkids.com\/en\/produit\/bracelet-elastique-fleurs-violet\/\" \/>\n<meta property=\"og:locale\" content=\"en_US\" \/>\n<meta property=\"og:type\" content=\"article\" \/>\n<meta property=\"og:title\" content=\"Bracelet \u00e9lastique fleurs - violet - Ratatam Official Website\" \/>\n<meta property=\"og:description\" content=\"\ud83c\udf3c Les bracelets fleurs les plus fun de l\u2019\u00e9t\u00e9 ! \ud83c\udf3c Chez Ratatam Kids, les poignets aussi ont droit \u00e0 leur dose de couleurs avec ces bracelets \u00e9lastiques en perles trop craquants ! des fleurs mignonne, des perles qui brillent de mille couleurs \u2014 jaune, fuchsia, vert, bleu, rose clair et violet\u2026 c\u2019est la recette du bonheur version mini ! \ud83c\udf08\" \/>\n<meta property=\"og:url\" content=\"https:\/\/ratatamkids.com\/en\/produit\/bracelet-elastique-fleurs-violet\/\" \/>\n<meta property=\"og:site_name\" content=\"Ratatam Official Website\" \/>\n<meta property=\"article:publisher\" content=\"https:\/\/www.facebook.com\/Ratatamforhappykids\/\" \/>\n<meta property=\"article:modified_time\" content=\"2026-03-27T14:58:12+00:00\" \/>\n<meta property=\"og:image\" content=\"https:\/\/ratatamkids.com\/wp-content\/uploads\/2025\/07\/BRACELET-FLEUR-VIOLET-BR-FLO06_3.jpg\" \/>\n\t<meta property=\"og:image:width\" content=\"2000\" \/>\n\t<meta property=\"og:image:height\" content=\"2000\" \/>\n\t<meta property=\"og:image:type\" content=\"image\/jpeg\" \/>\n<meta name=\"twitter:card\" content=\"summary_large_image\" \/>\n<meta name=\"twitter:label1\" content=\"Est. reading time\" \/>\n\t<meta name=\"twitter:data1\" content=\"2 minutes\" \/>\n<script type=\"application\/ld+json\" class=\"yoast-schema-graph\">{\"@context\":\"https:\/\/schema.org\",\"@graph\":[{\"@type\":\"WebPage\",\"@id\":\"https:\/\/ratatamkids.com\/en\/produit\/bracelet-elastique-fleurs-violet\/\",\"url\":\"https:\/\/ratatamkids.com\/en\/produit\/bracelet-elastique-fleurs-violet\/\",\"name\":\"Bracelet \u00e9lastique fleurs - violet - Ratatam Official Website\",\"isPartOf\":{\"@id\":\"https:\/\/ratatamkids.com\/en\/#website\"},\"primaryImageOfPage\":{\"@id\":\"https:\/\/ratatamkids.com\/en\/produit\/bracelet-elastique-fleurs-violet\/#primaryimage\"},\"image\":{\"@id\":\"https:\/\/ratatamkids.com\/en\/produit\/bracelet-elastique-fleurs-violet\/#primaryimage\"},\"thumbnailUrl\":\"https:\/\/ratatamkids.com\/wp-content\/uploads\/2025\/07\/BRACELET-FLEUR-VIOLET-BR-FLO06_3.jpg\",\"datePublished\":\"2025-07-01T12:33:18+00:00\",\"dateModified\":\"2026-03-27T14:58:12+00:00\",\"breadcrumb\":{\"@id\":\"https:\/\/ratatamkids.com\/en\/produit\/bracelet-elastique-fleurs-violet\/#breadcrumb\"},\"inLanguage\":\"en-US\",\"potentialAction\":[{\"@type\":\"ReadAction\",\"target\":[\"https:\/\/ratatamkids.com\/en\/produit\/bracelet-elastique-fleurs-violet\/\"]}]},{\"@type\":\"ImageObject\",\"inLanguage\":\"en-US\",\"@id\":\"https:\/\/ratatamkids.com\/en\/produit\/bracelet-elastique-fleurs-violet\/#primaryimage\",\"url\":\"https:\/\/ratatamkids.com\/wp-content\/uploads\/2025\/07\/BRACELET-FLEUR-VIOLET-BR-FLO06_3.jpg\",\"contentUrl\":\"https:\/\/ratatamkids.com\/wp-content\/uploads\/2025\/07\/BRACELET-FLEUR-VIOLET-BR-FLO06_3.jpg\",\"width\":2000,\"height\":2000},{\"@type\":\"BreadcrumbList\",\"@id\":\"https:\/\/ratatamkids.com\/en\/produit\/bracelet-elastique-fleurs-violet\/#breadcrumb\",\"itemListElement\":[{\"@type\":\"ListItem\",\"position\":1,\"name\":\"Accueil\",\"item\":\"https:\/\/ratatamkids.com\/en\/\"},{\"@type\":\"ListItem\",\"position\":2,\"name\":\"Shop\",\"item\":\"https:\/\/ratatamkids.com\/en\/shop\/\"},{\"@type\":\"ListItem\",\"position\":3,\"name\":\"id\u00e9es cadeaux\",\"item\":\"https:\/\/ratatamkids.com\/en\/categorie-produit\/idees-cadeaux\/\"},{\"@type\":\"ListItem\",\"position\":4,\"name\":\"-10\u20ac\",\"item\":\"https:\/\/ratatamkids.com\/en\/categorie-produit\/idees-cadeaux\/10e\/\"},{\"@type\":\"ListItem\",\"position\":5,\"name\":\"Bracelet \u00e9lastique fleurs &#8211; violet\"}]},{\"@type\":\"WebSite\",\"@id\":\"https:\/\/ratatamkids.com\/en\/#website\",\"url\":\"https:\/\/ratatamkids.com\/en\/\",\"name\":\"Ratatam Official Website\",\"description\":\"Cool brand for happy kids!\",\"potentialAction\":[{\"@type\":\"SearchAction\",\"target\":{\"@type\":\"EntryPoint\",\"urlTemplate\":\"https:\/\/ratatamkids.com\/en\/?s={search_term_string}\"},\"query-input\":{\"@type\":\"PropertyValueSpecification\",\"valueRequired\":true,\"valueName\":\"search_term_string\"}}],\"inLanguage\":\"en-US\"}]}<\/script>\n<!-- \/ Yoast SEO plugin. -->","yoast_head_json":{"title":"Bracelet \u00e9lastique fleurs - violet - Ratatam Official Website","robots":{"index":"index","follow":"follow","max-snippet":"max-snippet:-1","max-image-preview":"max-image-preview:large","max-video-preview":"max-video-preview:-1"},"canonical":"https:\/\/ratatamkids.com\/en\/produit\/bracelet-elastique-fleurs-violet\/","og_locale":"en_US","og_type":"article","og_title":"Bracelet \u00e9lastique fleurs - violet - Ratatam Official Website","og_description":"\ud83c\udf3c Les bracelets fleurs les plus fun de l\u2019\u00e9t\u00e9 ! \ud83c\udf3c Chez Ratatam Kids, les poignets aussi ont droit \u00e0 leur dose de couleurs avec ces bracelets \u00e9lastiques en perles trop craquants ! des fleurs mignonne, des perles qui brillent de mille couleurs \u2014 jaune, fuchsia, vert, bleu, rose clair et violet\u2026 c\u2019est la recette du bonheur version mini ! \ud83c\udf08","og_url":"https:\/\/ratatamkids.com\/en\/produit\/bracelet-elastique-fleurs-violet\/","og_site_name":"Ratatam Official Website","article_publisher":"https:\/\/www.facebook.com\/Ratatamforhappykids\/","article_modified_time":"2026-03-27T14:58:12+00:00","og_image":[{"width":2000,"height":2000,"url":"https:\/\/ratatamkids.com\/wp-content\/uploads\/2025\/07\/BRACELET-FLEUR-VIOLET-BR-FLO06_3.jpg","type":"image\/jpeg"}],"twitter_card":"summary_large_image","twitter_misc":{"Est. reading time":"2 minutes"},"schema":{"@context":"https:\/\/schema.org","@graph":[{"@type":"WebPage","@id":"https:\/\/ratatamkids.com\/en\/produit\/bracelet-elastique-fleurs-violet\/","url":"https:\/\/ratatamkids.com\/en\/produit\/bracelet-elastique-fleurs-violet\/","name":"Bracelet \u00e9lastique fleurs - violet - Ratatam Official Website","isPartOf":{"@id":"https:\/\/ratatamkids.com\/en\/#website"},"primaryImageOfPage":{"@id":"https:\/\/ratatamkids.com\/en\/produit\/bracelet-elastique-fleurs-violet\/#primaryimage"},"image":{"@id":"https:\/\/ratatamkids.com\/en\/produit\/bracelet-elastique-fleurs-violet\/#primaryimage"},"thumbnailUrl":"https:\/\/ratatamkids.com\/wp-content\/uploads\/2025\/07\/BRACELET-FLEUR-VIOLET-BR-FLO06_3.jpg","datePublished":"2025-07-01T12:33:18+00:00","dateModified":"2026-03-27T14:58:12+00:00","breadcrumb":{"@id":"https:\/\/ratatamkids.com\/en\/produit\/bracelet-elastique-fleurs-violet\/#breadcrumb"},"inLanguage":"en-US","potentialAction":[{"@type":"ReadAction","target":["https:\/\/ratatamkids.com\/en\/produit\/bracelet-elastique-fleurs-violet\/"]}]},{"@type":"ImageObject","inLanguage":"en-US","@id":"https:\/\/ratatamkids.com\/en\/produit\/bracelet-elastique-fleurs-violet\/#primaryimage","url":"https:\/\/ratatamkids.com\/wp-content\/uploads\/2025\/07\/BRACELET-FLEUR-VIOLET-BR-FLO06_3.jpg","contentUrl":"https:\/\/ratatamkids.com\/wp-content\/uploads\/2025\/07\/BRACELET-FLEUR-VIOLET-BR-FLO06_3.jpg","width":2000,"height":2000},{"@type":"BreadcrumbList","@id":"https:\/\/ratatamkids.com\/en\/produit\/bracelet-elastique-fleurs-violet\/#breadcrumb","itemListElement":[{"@type":"ListItem","position":1,"name":"Accueil","item":"https:\/\/ratatamkids.com\/en\/"},{"@type":"ListItem","position":2,"name":"Shop","item":"https:\/\/ratatamkids.com\/en\/shop\/"},{"@type":"ListItem","position":3,"name":"id\u00e9es cadeaux","item":"https:\/\/ratatamkids.com\/en\/categorie-produit\/idees-cadeaux\/"},{"@type":"ListItem","position":4,"name":"-10\u20ac","item":"https:\/\/ratatamkids.com\/en\/categorie-produit\/idees-cadeaux\/10e\/"},{"@type":"ListItem","position":5,"name":"Bracelet \u00e9lastique fleurs &#8211; violet"}]},{"@type":"WebSite","@id":"https:\/\/ratatamkids.com\/en\/#website","url":"https:\/\/ratatamkids.com\/en\/","name":"Ratatam Official Website","description":"Cool brand for happy kids!","potentialAction":[{"@type":"SearchAction","target":{"@type":"EntryPoint","urlTemplate":"https:\/\/ratatamkids.com\/en\/?s={search_term_string}"},"query-input":{"@type":"PropertyValueSpecification","valueRequired":true,"valueName":"search_term_string"}}],"inLanguage":"en-US"}]}},"_links":{"self":[{"href":"https:\/\/ratatamkids.com\/en\/wp-json\/wp\/v2\/product\/39639","targetHints":{"allow":["GET"]}}],"collection":[{"href":"https:\/\/ratatamkids.com\/en\/wp-json\/wp\/v2\/product"}],"about":[{"href":"https:\/\/ratatamkids.com\/en\/wp-json\/wp\/v2\/types\/product"}],"replies":[{"embeddable":true,"href":"https:\/\/ratatamkids.com\/en\/wp-json\/wp\/v2\/comments?post=39639"}],"wp:featuredmedia":[{"embeddable":true,"href":"https:\/\/ratatamkids.com\/en\/wp-json\/wp\/v2\/media\/39774"}],"wp:attachment":[{"href":"https:\/\/ratatamkids.com\/en\/wp-json\/wp\/v2\/media?parent=39639"}],"wp:term":[{"taxonomy":"product_brand","embeddable":true,"href":"https:\/\/ratatamkids.com\/en\/wp-json\/wp\/v2\/product_brand?post=39639"},{"taxonomy":"product_cat","embeddable":true,"href":"https:\/\/ratatamkids.com\/en\/wp-json\/wp\/v2\/product_cat?post=39639"},{"taxonomy":"product_tag","embeddable":true,"href":"https:\/\/ratatamkids.com\/en\/wp-json\/wp\/v2\/product_tag?post=39639"}],"curies":[{"name":"wp","href":"https:\/\/api.w.org\/{rel}","templated":true}]}}