{"id":39629,"date":"2025-07-01T14:06:44","date_gmt":"2025-07-01T12:06:44","guid":{"rendered":"https:\/\/ratatamkids.com\/?post_type=product&#038;p=39629"},"modified":"2026-04-01T11:05:11","modified_gmt":"2026-04-01T09:05:11","slug":"collier-elastique-fleurs-bleu","status":"publish","type":"product","link":"https:\/\/ratatamkids.com\/en\/produit\/collier-elastique-fleurs-bleu\/","title":{"rendered":"Collier \u00e9lastique fleurs &#8211; bleu"},"content":{"rendered":"<p data-start=\"139\" data-end=\"229\">\ud83c\udf38 Les colliers fleurs les plus cool de la cour de r\u00e9cr\u00e9 d\u00e9barquent chez Ratatam Kids ! \ud83c\udf38<\/p>\n<p data-start=\"231\" data-end=\"490\">Envie de mettre des couleurs dans le quotidien de ton mini fashionista ? Ces colliers \u00e9lastiques en perles sont l\u00e0 pour \u00e7a ! Fun, color\u00e9s et bourr\u00e9s de bonne humeur, ils font tourner toutes les t\u00eates sur le chemin de l\u2019\u00e9cole (ou de la boum d\u2019anniversaire \ud83c\udf89).<\/p>\n<p data-start=\"492\" data-end=\"809\">Chaque collier est une explosion de couleurs et de fantaisie : des perles flashy, des fleurs rigolotes, un design ultra joyeux\u2026 Ils existent en <strong data-start=\"638\" data-end=\"666\">six teintes qui claquent<\/strong> : <strong data-start=\"669\" data-end=\"721\">jaune, bleu, vert, rose clair, fuchsia et violet<\/strong> \ud83c\udf08 De quoi matcher tous les looks arc-en-ciel de la semaine (et m\u00eame ceux du week-end).<\/p>\n<p data-start=\"811\" data-end=\"1075\">\ud83d\udd04 <strong data-start=\"887\" data-end=\"908\">Diam\u00e8tre de 13 cm<\/strong>, mais <strong data-start=\"915\" data-end=\"948\">ajustable <\/strong>gr\u00e2ce \u00e0 leur <strong data-start=\"824\" data-end=\"844\">cordon \u00e9lastique<\/strong>, ils sont <strong data-start=\"855\" data-end=\"882\">super faciles \u00e0 enfiler<\/strong> (m\u00eame pour les petites mains press\u00e9es de partir \u00e0 l\u2019aventure). R\u00e9sistants et l\u00e9gers, ils suivent les enfants dans toutes leurs p\u00e9rip\u00e9ties : sauts, courses, danses, rires, et cascades incluses.<\/p>\n<p data-start=\"1077\" data-end=\"1207\">\ud83d\udca1 \u00c0 porter seul ou \u00e0 mixer avec les <strong data-start=\"1114\" data-end=\"1131\">bagues fleurs<\/strong> et <strong data-start=\"1135\" data-end=\"1157\">bracelets assortis<\/strong> pour un total look fleuri \u00a0!<\/p>\n<p data-start=\"1209\" data-end=\"1351\">\ud83c\udf81 Une super id\u00e9e de cadeau d\u2019anniversaire, un petit bonheur \u00e0 collectionner ou simplement un accessoire qui fait sourire et briller les yeux.<\/p>\n<p data-start=\"1353\" data-end=\"1498\">\ud83c\udf0d <strong data-start=\"1356\" data-end=\"1378\">Fabriqu\u00e9s en Chine\u00a0<\/strong><\/p>\n<p data-start=\"1500\" data-end=\"1575\">Interdit aux moins de 3 ans<\/p>\n<p data-start=\"1099\" data-end=\"1158\">\u267b\ufe0f <strong data-start=\"1102\" data-end=\"1132\">Emballage 100 % recyclable<\/strong><\/p>\n<p data-start=\"1099\" data-end=\"1158\"><img loading=\"lazy\" decoding=\"async\" class=\"sFlh5c FyHeAf iPVvYb\" src=\"https:\/\/www.sytraival.com\/img\/actualite-zoom\/5d22bec45b677c13da5e3ed4e1969e6a\/21-logo-triman.png\" alt=\"Triman: le logo du tri - Sytraival\" width=\"31\" height=\"32\" \/><\/p>\n","protected":false},"excerpt":{"rendered":"<p>\ud83c\udf38 Les colliers fleurs les plus cool de la cour de r\u00e9cr\u00e9 sont l\u00e0 ! D\u00e9clin\u00e9s en <strong data-start=\"79\" data-end=\"105\">6 couleurs p\u00e9tillantes<\/strong>(jaune, bleu, vert, rose clair, fuchsia et violet), ils sont fun, \u00e9lastiques et parfaits pour toutes les aventures.<br data-start=\"221\" data-end=\"224\" \/>\u00c0 mixer avec bagues et bracelets pour un look fleuri \u00a0!<br data-start=\"295\" data-end=\"298\" \/>\ud83c\udf81 Id\u00e9al d\u00e8s 3 ans, pour offrir ou juste faire briller les yeux.<br data-start=\"362\" data-end=\"365\" \/><strong data-start=\"365\" data-end=\"387\">Fabriqu\u00e9s en Chine<\/strong>, avec beaucoup (beaucoup) de bonne humeur !<\/p>\n","protected":false},"featured_media":39728,"comment_status":"open","ping_status":"closed","template":"","meta":{"_acf_changed":false},"product_brand":[],"product_cat":[549,553,551,552,547,23,257,235],"product_tag":[],"class_list":{"0":"post-39629","1":"product","2":"type-product","3":"status-publish","4":"has-post-thumbnail","6":"product_cat-idees-cadeaux","7":"product_cat-20e","8":"product_cat-3-6-ans","9":"product_cat-6-ans-et","10":"product_cat-nouveautes","11":"product_cat-accessoires","12":"product_cat-accessoires-de-mode","13":"product_cat-bijoux","15":"first","16":"instock","17":"taxable","18":"shipping-taxable","19":"purchasable","20":"product-type-simple"},"acf":[],"yoast_head":"<!-- This site is optimized with the Yoast SEO plugin v25.4 - https:\/\/yoast.com\/wordpress\/plugins\/seo\/ -->\n<title>Collier \u00e9lastique fleurs - bleu - Ratatam Official Website<\/title>\n<meta name=\"robots\" content=\"index, follow, max-snippet:-1, max-image-preview:large, max-video-preview:-1\" \/>\n<link rel=\"canonical\" href=\"https:\/\/ratatamkids.com\/en\/produit\/collier-elastique-fleurs-bleu\/\" \/>\n<meta property=\"og:locale\" content=\"en_US\" \/>\n<meta property=\"og:type\" content=\"article\" \/>\n<meta property=\"og:title\" content=\"Collier \u00e9lastique fleurs - bleu - Ratatam Official Website\" \/>\n<meta property=\"og:description\" content=\"\ud83c\udf38 Les colliers fleurs les plus cool de la cour de r\u00e9cr\u00e9 sont l\u00e0 ! D\u00e9clin\u00e9s en 6 couleurs p\u00e9tillantes(jaune, bleu, vert, rose clair, fuchsia et violet), ils sont fun, \u00e9lastiques et parfaits pour toutes les aventures.\u00c0 mixer avec bagues et bracelets pour un look fleuri \u00a0!\ud83c\udf81 Id\u00e9al d\u00e8s 3 ans, pour offrir ou juste faire briller les yeux.Fabriqu\u00e9s en Chine, avec beaucoup (beaucoup) de bonne humeur !\" \/>\n<meta property=\"og:url\" content=\"https:\/\/ratatamkids.com\/en\/produit\/collier-elastique-fleurs-bleu\/\" \/>\n<meta property=\"og:site_name\" content=\"Ratatam Official Website\" \/>\n<meta property=\"article:publisher\" content=\"https:\/\/www.facebook.com\/Ratatamforhappykids\/\" \/>\n<meta property=\"article:modified_time\" content=\"2026-04-01T09:05:11+00:00\" \/>\n<meta property=\"og:image\" content=\"https:\/\/ratatamkids.com\/wp-content\/uploads\/2025\/07\/COLLIER-FLEUR-BLEU-CO-FL002.jpg\" \/>\n\t<meta property=\"og:image:width\" content=\"2000\" \/>\n\t<meta property=\"og:image:height\" content=\"2000\" \/>\n\t<meta property=\"og:image:type\" content=\"image\/jpeg\" \/>\n<meta name=\"twitter:card\" content=\"summary_large_image\" \/>\n<meta name=\"twitter:label1\" content=\"Est. reading time\" \/>\n\t<meta name=\"twitter:data1\" content=\"2 minutes\" \/>\n<script type=\"application\/ld+json\" class=\"yoast-schema-graph\">{\"@context\":\"https:\/\/schema.org\",\"@graph\":[{\"@type\":\"WebPage\",\"@id\":\"https:\/\/ratatamkids.com\/en\/produit\/collier-elastique-fleurs-bleu\/\",\"url\":\"https:\/\/ratatamkids.com\/en\/produit\/collier-elastique-fleurs-bleu\/\",\"name\":\"Collier \u00e9lastique fleurs - bleu - Ratatam Official Website\",\"isPartOf\":{\"@id\":\"https:\/\/ratatamkids.com\/en\/#website\"},\"primaryImageOfPage\":{\"@id\":\"https:\/\/ratatamkids.com\/en\/produit\/collier-elastique-fleurs-bleu\/#primaryimage\"},\"image\":{\"@id\":\"https:\/\/ratatamkids.com\/en\/produit\/collier-elastique-fleurs-bleu\/#primaryimage\"},\"thumbnailUrl\":\"https:\/\/ratatamkids.com\/wp-content\/uploads\/2025\/07\/COLLIER-FLEUR-BLEU-CO-FL002.jpg\",\"datePublished\":\"2025-07-01T12:06:44+00:00\",\"dateModified\":\"2026-04-01T09:05:11+00:00\",\"breadcrumb\":{\"@id\":\"https:\/\/ratatamkids.com\/en\/produit\/collier-elastique-fleurs-bleu\/#breadcrumb\"},\"inLanguage\":\"en-US\",\"potentialAction\":[{\"@type\":\"ReadAction\",\"target\":[\"https:\/\/ratatamkids.com\/en\/produit\/collier-elastique-fleurs-bleu\/\"]}]},{\"@type\":\"ImageObject\",\"inLanguage\":\"en-US\",\"@id\":\"https:\/\/ratatamkids.com\/en\/produit\/collier-elastique-fleurs-bleu\/#primaryimage\",\"url\":\"https:\/\/ratatamkids.com\/wp-content\/uploads\/2025\/07\/COLLIER-FLEUR-BLEU-CO-FL002.jpg\",\"contentUrl\":\"https:\/\/ratatamkids.com\/wp-content\/uploads\/2025\/07\/COLLIER-FLEUR-BLEU-CO-FL002.jpg\",\"width\":2000,\"height\":2000},{\"@type\":\"BreadcrumbList\",\"@id\":\"https:\/\/ratatamkids.com\/en\/produit\/collier-elastique-fleurs-bleu\/#breadcrumb\",\"itemListElement\":[{\"@type\":\"ListItem\",\"position\":1,\"name\":\"Accueil\",\"item\":\"https:\/\/ratatamkids.com\/en\/\"},{\"@type\":\"ListItem\",\"position\":2,\"name\":\"Shop\",\"item\":\"https:\/\/ratatamkids.com\/en\/shop\/\"},{\"@type\":\"ListItem\",\"position\":3,\"name\":\"id\u00e9es cadeaux\",\"item\":\"https:\/\/ratatamkids.com\/en\/categorie-produit\/idees-cadeaux\/\"},{\"@type\":\"ListItem\",\"position\":4,\"name\":\"-20\u20ac\",\"item\":\"https:\/\/ratatamkids.com\/en\/categorie-produit\/idees-cadeaux\/20e\/\"},{\"@type\":\"ListItem\",\"position\":5,\"name\":\"Collier \u00e9lastique fleurs &#8211; bleu\"}]},{\"@type\":\"WebSite\",\"@id\":\"https:\/\/ratatamkids.com\/en\/#website\",\"url\":\"https:\/\/ratatamkids.com\/en\/\",\"name\":\"Ratatam Official Website\",\"description\":\"Cool brand for happy kids!\",\"potentialAction\":[{\"@type\":\"SearchAction\",\"target\":{\"@type\":\"EntryPoint\",\"urlTemplate\":\"https:\/\/ratatamkids.com\/en\/?s={search_term_string}\"},\"query-input\":{\"@type\":\"PropertyValueSpecification\",\"valueRequired\":true,\"valueName\":\"search_term_string\"}}],\"inLanguage\":\"en-US\"}]}<\/script>\n<!-- \/ Yoast SEO plugin. -->","yoast_head_json":{"title":"Collier \u00e9lastique fleurs - bleu - Ratatam Official Website","robots":{"index":"index","follow":"follow","max-snippet":"max-snippet:-1","max-image-preview":"max-image-preview:large","max-video-preview":"max-video-preview:-1"},"canonical":"https:\/\/ratatamkids.com\/en\/produit\/collier-elastique-fleurs-bleu\/","og_locale":"en_US","og_type":"article","og_title":"Collier \u00e9lastique fleurs - bleu - Ratatam Official Website","og_description":"\ud83c\udf38 Les colliers fleurs les plus cool de la cour de r\u00e9cr\u00e9 sont l\u00e0 ! D\u00e9clin\u00e9s en 6 couleurs p\u00e9tillantes(jaune, bleu, vert, rose clair, fuchsia et violet), ils sont fun, \u00e9lastiques et parfaits pour toutes les aventures.\u00c0 mixer avec bagues et bracelets pour un look fleuri \u00a0!\ud83c\udf81 Id\u00e9al d\u00e8s 3 ans, pour offrir ou juste faire briller les yeux.Fabriqu\u00e9s en Chine, avec beaucoup (beaucoup) de bonne humeur !","og_url":"https:\/\/ratatamkids.com\/en\/produit\/collier-elastique-fleurs-bleu\/","og_site_name":"Ratatam Official Website","article_publisher":"https:\/\/www.facebook.com\/Ratatamforhappykids\/","article_modified_time":"2026-04-01T09:05:11+00:00","og_image":[{"width":2000,"height":2000,"url":"https:\/\/ratatamkids.com\/wp-content\/uploads\/2025\/07\/COLLIER-FLEUR-BLEU-CO-FL002.jpg","type":"image\/jpeg"}],"twitter_card":"summary_large_image","twitter_misc":{"Est. reading time":"2 minutes"},"schema":{"@context":"https:\/\/schema.org","@graph":[{"@type":"WebPage","@id":"https:\/\/ratatamkids.com\/en\/produit\/collier-elastique-fleurs-bleu\/","url":"https:\/\/ratatamkids.com\/en\/produit\/collier-elastique-fleurs-bleu\/","name":"Collier \u00e9lastique fleurs - bleu - Ratatam Official Website","isPartOf":{"@id":"https:\/\/ratatamkids.com\/en\/#website"},"primaryImageOfPage":{"@id":"https:\/\/ratatamkids.com\/en\/produit\/collier-elastique-fleurs-bleu\/#primaryimage"},"image":{"@id":"https:\/\/ratatamkids.com\/en\/produit\/collier-elastique-fleurs-bleu\/#primaryimage"},"thumbnailUrl":"https:\/\/ratatamkids.com\/wp-content\/uploads\/2025\/07\/COLLIER-FLEUR-BLEU-CO-FL002.jpg","datePublished":"2025-07-01T12:06:44+00:00","dateModified":"2026-04-01T09:05:11+00:00","breadcrumb":{"@id":"https:\/\/ratatamkids.com\/en\/produit\/collier-elastique-fleurs-bleu\/#breadcrumb"},"inLanguage":"en-US","potentialAction":[{"@type":"ReadAction","target":["https:\/\/ratatamkids.com\/en\/produit\/collier-elastique-fleurs-bleu\/"]}]},{"@type":"ImageObject","inLanguage":"en-US","@id":"https:\/\/ratatamkids.com\/en\/produit\/collier-elastique-fleurs-bleu\/#primaryimage","url":"https:\/\/ratatamkids.com\/wp-content\/uploads\/2025\/07\/COLLIER-FLEUR-BLEU-CO-FL002.jpg","contentUrl":"https:\/\/ratatamkids.com\/wp-content\/uploads\/2025\/07\/COLLIER-FLEUR-BLEU-CO-FL002.jpg","width":2000,"height":2000},{"@type":"BreadcrumbList","@id":"https:\/\/ratatamkids.com\/en\/produit\/collier-elastique-fleurs-bleu\/#breadcrumb","itemListElement":[{"@type":"ListItem","position":1,"name":"Accueil","item":"https:\/\/ratatamkids.com\/en\/"},{"@type":"ListItem","position":2,"name":"Shop","item":"https:\/\/ratatamkids.com\/en\/shop\/"},{"@type":"ListItem","position":3,"name":"id\u00e9es cadeaux","item":"https:\/\/ratatamkids.com\/en\/categorie-produit\/idees-cadeaux\/"},{"@type":"ListItem","position":4,"name":"-20\u20ac","item":"https:\/\/ratatamkids.com\/en\/categorie-produit\/idees-cadeaux\/20e\/"},{"@type":"ListItem","position":5,"name":"Collier \u00e9lastique fleurs &#8211; bleu"}]},{"@type":"WebSite","@id":"https:\/\/ratatamkids.com\/en\/#website","url":"https:\/\/ratatamkids.com\/en\/","name":"Ratatam Official Website","description":"Cool brand for happy kids!","potentialAction":[{"@type":"SearchAction","target":{"@type":"EntryPoint","urlTemplate":"https:\/\/ratatamkids.com\/en\/?s={search_term_string}"},"query-input":{"@type":"PropertyValueSpecification","valueRequired":true,"valueName":"search_term_string"}}],"inLanguage":"en-US"}]}},"_links":{"self":[{"href":"https:\/\/ratatamkids.com\/en\/wp-json\/wp\/v2\/product\/39629","targetHints":{"allow":["GET"]}}],"collection":[{"href":"https:\/\/ratatamkids.com\/en\/wp-json\/wp\/v2\/product"}],"about":[{"href":"https:\/\/ratatamkids.com\/en\/wp-json\/wp\/v2\/types\/product"}],"replies":[{"embeddable":true,"href":"https:\/\/ratatamkids.com\/en\/wp-json\/wp\/v2\/comments?post=39629"}],"wp:featuredmedia":[{"embeddable":true,"href":"https:\/\/ratatamkids.com\/en\/wp-json\/wp\/v2\/media\/39728"}],"wp:attachment":[{"href":"https:\/\/ratatamkids.com\/en\/wp-json\/wp\/v2\/media?parent=39629"}],"wp:term":[{"taxonomy":"product_brand","embeddable":true,"href":"https:\/\/ratatamkids.com\/en\/wp-json\/wp\/v2\/product_brand?post=39629"},{"taxonomy":"product_cat","embeddable":true,"href":"https:\/\/ratatamkids.com\/en\/wp-json\/wp\/v2\/product_cat?post=39629"},{"taxonomy":"product_tag","embeddable":true,"href":"https:\/\/ratatamkids.com\/en\/wp-json\/wp\/v2\/product_tag?post=39629"}],"curies":[{"name":"wp","href":"https:\/\/api.w.org\/{rel}","templated":true}]}}