{"id":39612,"date":"2025-06-30T15:25:23","date_gmt":"2025-06-30T13:25:23","guid":{"rendered":"https:\/\/ratatamkids.com\/?post_type=product&#038;p=39612"},"modified":"2026-04-16T10:56:47","modified_gmt":"2026-04-16T08:56:47","slug":"stickers-de-visage-daisy-blanc","status":"publish","type":"product","link":"https:\/\/ratatamkids.com\/en\/produit\/stickers-de-visage-daisy-blanc\/","title":{"rendered":"Stickers de visage daisy &#8211; Blanc"},"content":{"rendered":"<p data-start=\"113\" data-end=\"433\">\ud83c\udf3c\u2728 <strong data-start=\"117\" data-end=\"167\">Des visages qui fleurissent en un clin d\u2019\u0153il !<\/strong><br data-start=\"167\" data-end=\"170\" \/>Avec les stickers visage <strong data-start=\"195\" data-end=\"217\">Daisy Ratatam Kids<\/strong>, chaque enfant peut transformer son visage en un festival de petites fleurs \ud83c\udf38\ud83d\udc9b. Faciles \u00e0 poser et \u00e0 retirer, ces stickers color\u00e9s apportent imm\u00e9diatement une touche fun et originale \u00e0 n\u2019importe quelle occasion.<\/p>\n<p data-start=\"435\" data-end=\"667\">\ud83c\udf89 Parfaits pour les anniversaires \ud83c\udf82, les garden-parties \ud83c\udf37, les d\u00e9guisements \ud83e\udd73 ou simplement pour ajouter un peu de fleurs \u00a0\u00e0 une journ\u00e9e ordinaire, ils permettent aux enfants de jouer et d\u2019exprimer leur cr\u00e9ativit\u00e9 sans effort.<\/p>\n<p data-start=\"669\" data-end=\"944\">\u00a0Ces stickers sont simples, rapides et efficaces pour cr\u00e9er des looks festifs en quelques secondes \u2728. Avec <strong data-start=\"821\" data-end=\"843\">Daisy Ratatam Kids<\/strong>, chaque visage devient unique et plein de style, pour des moments de f\u00eate et de fun garantis \ud83c\udf08\ud83d\udcab.<\/p>\n<p data-start=\"1432\" data-end=\"1465\">\u2728 <strong data-start=\"1434\" data-end=\"1461\">Les atouts Ratatam Kids<\/strong> :<\/p>\n<ul data-start=\"1466\" data-end=\"1603\">\n<li data-start=\"1503\" data-end=\"1548\">\n<p data-start=\"1505\" data-end=\"1548\">Application et retrait simples et rapides<\/p>\n<\/li>\n<li data-start=\"1590\" data-end=\"1603\">\n<p data-start=\"1592\" data-end=\"1603\">Interdit aux moins de \u00a03 ans<\/p>\n<\/li>\n<li data-start=\"1590\" data-end=\"1603\">Avec 4 motifs diff\u00e9rents, ces stickers fun et color\u00e9s se posent facilement et permettent de changer de look en un instant \ud83c\udf08\u2728<\/li>\n<\/ul>\n<p data-start=\"669\" data-end=\"944\">Fabriqu\u00e9 en Chine<\/p>\n<p data-start=\"1099\" data-end=\"1158\">\u267b\ufe0f <strong data-start=\"1102\" data-end=\"1132\">Emballage 100 % recyclable\u00a0<\/strong><\/p>\n<p data-start=\"1099\" data-end=\"1158\"><img loading=\"lazy\" decoding=\"async\" class=\"sFlh5c FyHeAf iPVvYb\" src=\"https:\/\/www.sytraival.com\/img\/actualite-zoom\/5d22bec45b677c13da5e3ed4e1969e6a\/21-logo-triman.png\" alt=\"Triman: le logo du tri - Sytraival\" width=\"31\" height=\"32\" \/><\/p>\n","protected":false},"excerpt":{"rendered":"<p>\ud83c\udf38 <strong data-start=\"96\" data-end=\"139\">Fleurs sur les joues en un clin d\u2019\u0153il !<\/strong> Avec 4 motifs diff\u00e9rents, ces stickers fun et color\u00e9s \ud83c\udf08 se posent facilement et changent de look en un instant \u2728<\/p>\n","protected":false},"featured_media":41601,"comment_status":"open","ping_status":"closed","template":"","meta":{"_acf_changed":false},"product_brand":[],"product_cat":[549,556,553,551,552,547,23,257,235],"product_tag":[],"class_list":{"0":"post-39612","1":"product","2":"type-product","3":"status-publish","4":"has-post-thumbnail","6":"product_cat-idees-cadeaux","7":"product_cat-10e","8":"product_cat-20e","9":"product_cat-3-6-ans","10":"product_cat-6-ans-et","11":"product_cat-nouveautes","12":"product_cat-accessoires","13":"product_cat-accessoires-de-mode","14":"product_cat-bijoux","16":"first","17":"instock","18":"taxable","19":"shipping-taxable","20":"purchasable","21":"product-type-simple"},"acf":[],"yoast_head":"<!-- This site is optimized with the Yoast SEO plugin v25.4 - https:\/\/yoast.com\/wordpress\/plugins\/seo\/ -->\n<title>Stickers de visage daisy - Blanc - Ratatam Official Website<\/title>\n<meta name=\"description\" content=\"Stickers visage Daisy Ratatam Kids \ud83c\udf3c Fun et color\u00e9s, faciles \u00e0 poser, adapt\u00e9s d\u00e8s 3 ans pour transformer chaque visage en mini-f\u00eate \ud83c\udf08\u2728\" \/>\n<meta name=\"robots\" content=\"index, follow, max-snippet:-1, max-image-preview:large, max-video-preview:-1\" \/>\n<link rel=\"canonical\" href=\"https:\/\/ratatamkids.com\/en\/produit\/stickers-de-visage-daisy-blanc\/\" \/>\n<meta property=\"og:locale\" content=\"en_US\" \/>\n<meta property=\"og:type\" content=\"article\" \/>\n<meta property=\"og:title\" content=\"Stickers de visage daisy - Blanc - Ratatam Official Website\" \/>\n<meta property=\"og:description\" content=\"Stickers visage Daisy Ratatam Kids \ud83c\udf3c Fun et color\u00e9s, faciles \u00e0 poser, adapt\u00e9s d\u00e8s 3 ans pour transformer chaque visage en mini-f\u00eate \ud83c\udf08\u2728\" \/>\n<meta property=\"og:url\" content=\"https:\/\/ratatamkids.com\/en\/produit\/stickers-de-visage-daisy-blanc\/\" \/>\n<meta property=\"og:site_name\" content=\"Ratatam Official Website\" \/>\n<meta property=\"article:publisher\" content=\"https:\/\/www.facebook.com\/Ratatamforhappykids\/\" \/>\n<meta property=\"article:modified_time\" content=\"2026-04-16T08:56:47+00:00\" \/>\n<meta property=\"og:image\" content=\"https:\/\/ratatamkids.com\/wp-content\/uploads\/2025\/06\/STICKERS-VISAGE-DAISY-.jpg\" \/>\n\t<meta property=\"og:image:width\" content=\"1570\" \/>\n\t<meta property=\"og:image:height\" content=\"1570\" \/>\n\t<meta property=\"og:image:type\" content=\"image\/jpeg\" \/>\n<meta name=\"twitter:card\" content=\"summary_large_image\" \/>\n<meta name=\"twitter:label1\" content=\"Est. reading time\" \/>\n\t<meta name=\"twitter:data1\" content=\"2 minutes\" \/>\n<script type=\"application\/ld+json\" class=\"yoast-schema-graph\">{\"@context\":\"https:\/\/schema.org\",\"@graph\":[{\"@type\":\"WebPage\",\"@id\":\"https:\/\/ratatamkids.com\/en\/produit\/stickers-de-visage-daisy-blanc\/\",\"url\":\"https:\/\/ratatamkids.com\/en\/produit\/stickers-de-visage-daisy-blanc\/\",\"name\":\"Stickers de visage daisy - Blanc - Ratatam Official Website\",\"isPartOf\":{\"@id\":\"https:\/\/ratatamkids.com\/en\/#website\"},\"primaryImageOfPage\":{\"@id\":\"https:\/\/ratatamkids.com\/en\/produit\/stickers-de-visage-daisy-blanc\/#primaryimage\"},\"image\":{\"@id\":\"https:\/\/ratatamkids.com\/en\/produit\/stickers-de-visage-daisy-blanc\/#primaryimage\"},\"thumbnailUrl\":\"https:\/\/ratatamkids.com\/wp-content\/uploads\/2025\/06\/STICKERS-VISAGE-DAISY-.jpg\",\"datePublished\":\"2025-06-30T13:25:23+00:00\",\"dateModified\":\"2026-04-16T08:56:47+00:00\",\"description\":\"Stickers visage Daisy Ratatam Kids \ud83c\udf3c Fun et color\u00e9s, faciles \u00e0 poser, adapt\u00e9s d\u00e8s 3 ans pour transformer chaque visage en mini-f\u00eate \ud83c\udf08\u2728\",\"breadcrumb\":{\"@id\":\"https:\/\/ratatamkids.com\/en\/produit\/stickers-de-visage-daisy-blanc\/#breadcrumb\"},\"inLanguage\":\"en-US\",\"potentialAction\":[{\"@type\":\"ReadAction\",\"target\":[\"https:\/\/ratatamkids.com\/en\/produit\/stickers-de-visage-daisy-blanc\/\"]}]},{\"@type\":\"ImageObject\",\"inLanguage\":\"en-US\",\"@id\":\"https:\/\/ratatamkids.com\/en\/produit\/stickers-de-visage-daisy-blanc\/#primaryimage\",\"url\":\"https:\/\/ratatamkids.com\/wp-content\/uploads\/2025\/06\/STICKERS-VISAGE-DAISY-.jpg\",\"contentUrl\":\"https:\/\/ratatamkids.com\/wp-content\/uploads\/2025\/06\/STICKERS-VISAGE-DAISY-.jpg\",\"width\":1570,\"height\":1570,\"caption\":\"STICKERS VOSAGE FLEURS DAISY\"},{\"@type\":\"BreadcrumbList\",\"@id\":\"https:\/\/ratatamkids.com\/en\/produit\/stickers-de-visage-daisy-blanc\/#breadcrumb\",\"itemListElement\":[{\"@type\":\"ListItem\",\"position\":1,\"name\":\"Accueil\",\"item\":\"https:\/\/ratatamkids.com\/en\/\"},{\"@type\":\"ListItem\",\"position\":2,\"name\":\"Shop\",\"item\":\"https:\/\/ratatamkids.com\/en\/shop\/\"},{\"@type\":\"ListItem\",\"position\":3,\"name\":\"id\u00e9es cadeaux\",\"item\":\"https:\/\/ratatamkids.com\/en\/categorie-produit\/idees-cadeaux\/\"},{\"@type\":\"ListItem\",\"position\":4,\"name\":\"-10\u20ac\",\"item\":\"https:\/\/ratatamkids.com\/en\/categorie-produit\/idees-cadeaux\/10e\/\"},{\"@type\":\"ListItem\",\"position\":5,\"name\":\"Stickers de visage daisy &#8211; Blanc\"}]},{\"@type\":\"WebSite\",\"@id\":\"https:\/\/ratatamkids.com\/en\/#website\",\"url\":\"https:\/\/ratatamkids.com\/en\/\",\"name\":\"Ratatam Official Website\",\"description\":\"Cool brand for happy kids!\",\"potentialAction\":[{\"@type\":\"SearchAction\",\"target\":{\"@type\":\"EntryPoint\",\"urlTemplate\":\"https:\/\/ratatamkids.com\/en\/?s={search_term_string}\"},\"query-input\":{\"@type\":\"PropertyValueSpecification\",\"valueRequired\":true,\"valueName\":\"search_term_string\"}}],\"inLanguage\":\"en-US\"}]}<\/script>\n<!-- \/ Yoast SEO plugin. -->","yoast_head_json":{"title":"Stickers de visage daisy - Blanc - Ratatam Official Website","description":"Stickers visage Daisy Ratatam Kids \ud83c\udf3c Fun et color\u00e9s, faciles \u00e0 poser, adapt\u00e9s d\u00e8s 3 ans pour transformer chaque visage en mini-f\u00eate \ud83c\udf08\u2728","robots":{"index":"index","follow":"follow","max-snippet":"max-snippet:-1","max-image-preview":"max-image-preview:large","max-video-preview":"max-video-preview:-1"},"canonical":"https:\/\/ratatamkids.com\/en\/produit\/stickers-de-visage-daisy-blanc\/","og_locale":"en_US","og_type":"article","og_title":"Stickers de visage daisy - Blanc - Ratatam Official Website","og_description":"Stickers visage Daisy Ratatam Kids \ud83c\udf3c Fun et color\u00e9s, faciles \u00e0 poser, adapt\u00e9s d\u00e8s 3 ans pour transformer chaque visage en mini-f\u00eate \ud83c\udf08\u2728","og_url":"https:\/\/ratatamkids.com\/en\/produit\/stickers-de-visage-daisy-blanc\/","og_site_name":"Ratatam Official Website","article_publisher":"https:\/\/www.facebook.com\/Ratatamforhappykids\/","article_modified_time":"2026-04-16T08:56:47+00:00","og_image":[{"width":1570,"height":1570,"url":"https:\/\/ratatamkids.com\/wp-content\/uploads\/2025\/06\/STICKERS-VISAGE-DAISY-.jpg","type":"image\/jpeg"}],"twitter_card":"summary_large_image","twitter_misc":{"Est. reading time":"2 minutes"},"schema":{"@context":"https:\/\/schema.org","@graph":[{"@type":"WebPage","@id":"https:\/\/ratatamkids.com\/en\/produit\/stickers-de-visage-daisy-blanc\/","url":"https:\/\/ratatamkids.com\/en\/produit\/stickers-de-visage-daisy-blanc\/","name":"Stickers de visage daisy - Blanc - Ratatam Official Website","isPartOf":{"@id":"https:\/\/ratatamkids.com\/en\/#website"},"primaryImageOfPage":{"@id":"https:\/\/ratatamkids.com\/en\/produit\/stickers-de-visage-daisy-blanc\/#primaryimage"},"image":{"@id":"https:\/\/ratatamkids.com\/en\/produit\/stickers-de-visage-daisy-blanc\/#primaryimage"},"thumbnailUrl":"https:\/\/ratatamkids.com\/wp-content\/uploads\/2025\/06\/STICKERS-VISAGE-DAISY-.jpg","datePublished":"2025-06-30T13:25:23+00:00","dateModified":"2026-04-16T08:56:47+00:00","description":"Stickers visage Daisy Ratatam Kids \ud83c\udf3c Fun et color\u00e9s, faciles \u00e0 poser, adapt\u00e9s d\u00e8s 3 ans pour transformer chaque visage en mini-f\u00eate \ud83c\udf08\u2728","breadcrumb":{"@id":"https:\/\/ratatamkids.com\/en\/produit\/stickers-de-visage-daisy-blanc\/#breadcrumb"},"inLanguage":"en-US","potentialAction":[{"@type":"ReadAction","target":["https:\/\/ratatamkids.com\/en\/produit\/stickers-de-visage-daisy-blanc\/"]}]},{"@type":"ImageObject","inLanguage":"en-US","@id":"https:\/\/ratatamkids.com\/en\/produit\/stickers-de-visage-daisy-blanc\/#primaryimage","url":"https:\/\/ratatamkids.com\/wp-content\/uploads\/2025\/06\/STICKERS-VISAGE-DAISY-.jpg","contentUrl":"https:\/\/ratatamkids.com\/wp-content\/uploads\/2025\/06\/STICKERS-VISAGE-DAISY-.jpg","width":1570,"height":1570,"caption":"STICKERS VOSAGE FLEURS DAISY"},{"@type":"BreadcrumbList","@id":"https:\/\/ratatamkids.com\/en\/produit\/stickers-de-visage-daisy-blanc\/#breadcrumb","itemListElement":[{"@type":"ListItem","position":1,"name":"Accueil","item":"https:\/\/ratatamkids.com\/en\/"},{"@type":"ListItem","position":2,"name":"Shop","item":"https:\/\/ratatamkids.com\/en\/shop\/"},{"@type":"ListItem","position":3,"name":"id\u00e9es cadeaux","item":"https:\/\/ratatamkids.com\/en\/categorie-produit\/idees-cadeaux\/"},{"@type":"ListItem","position":4,"name":"-10\u20ac","item":"https:\/\/ratatamkids.com\/en\/categorie-produit\/idees-cadeaux\/10e\/"},{"@type":"ListItem","position":5,"name":"Stickers de visage daisy &#8211; Blanc"}]},{"@type":"WebSite","@id":"https:\/\/ratatamkids.com\/en\/#website","url":"https:\/\/ratatamkids.com\/en\/","name":"Ratatam Official Website","description":"Cool brand for happy kids!","potentialAction":[{"@type":"SearchAction","target":{"@type":"EntryPoint","urlTemplate":"https:\/\/ratatamkids.com\/en\/?s={search_term_string}"},"query-input":{"@type":"PropertyValueSpecification","valueRequired":true,"valueName":"search_term_string"}}],"inLanguage":"en-US"}]}},"_links":{"self":[{"href":"https:\/\/ratatamkids.com\/en\/wp-json\/wp\/v2\/product\/39612","targetHints":{"allow":["GET"]}}],"collection":[{"href":"https:\/\/ratatamkids.com\/en\/wp-json\/wp\/v2\/product"}],"about":[{"href":"https:\/\/ratatamkids.com\/en\/wp-json\/wp\/v2\/types\/product"}],"replies":[{"embeddable":true,"href":"https:\/\/ratatamkids.com\/en\/wp-json\/wp\/v2\/comments?post=39612"}],"wp:featuredmedia":[{"embeddable":true,"href":"https:\/\/ratatamkids.com\/en\/wp-json\/wp\/v2\/media\/41601"}],"wp:attachment":[{"href":"https:\/\/ratatamkids.com\/en\/wp-json\/wp\/v2\/media?parent=39612"}],"wp:term":[{"taxonomy":"product_brand","embeddable":true,"href":"https:\/\/ratatamkids.com\/en\/wp-json\/wp\/v2\/product_brand?post=39612"},{"taxonomy":"product_cat","embeddable":true,"href":"https:\/\/ratatamkids.com\/en\/wp-json\/wp\/v2\/product_cat?post=39612"},{"taxonomy":"product_tag","embeddable":true,"href":"https:\/\/ratatamkids.com\/en\/wp-json\/wp\/v2\/product_tag?post=39612"}],"curies":[{"name":"wp","href":"https:\/\/api.w.org\/{rel}","templated":true}]}}