{"id":39610,"date":"2025-06-30T15:19:16","date_gmt":"2025-06-30T13:19:16","guid":{"rendered":"https:\/\/ratatamkids.com\/?post_type=product&#038;p=39610"},"modified":"2026-04-16T10:56:43","modified_gmt":"2026-04-16T08:56:43","slug":"stickers-de-visage-coeurs-rougerose","status":"publish","type":"product","link":"https:\/\/ratatamkids.com\/en\/produit\/stickers-de-visage-coeurs-rougerose\/","title":{"rendered":"Stickers de visage coeurs &#8211; Rouge&amp;Rose"},"content":{"rendered":"<p><strong>\u2764\ufe0f\u2728 De l\u2019amour plein la bouille ! <\/strong><\/p>\n<p>Les stickers visage en forme de c\u0153urs rose et rouge Ratatam Kids sont l\u00e0 pour faire battre les c\u0153urs\u2026 et briller les petites joues ! \u00c0 coller en un clin d\u2019\u0153il pour un look trop chou, ces mini c\u0153urs transforment les enfants en h\u00e9ros du love et du fun. \ud83c\udf88 Id\u00e9al pour les anniversaires, les f\u00eates costum\u00e9es, les s\u00e9ances photo ou juste pour mettre un peu d\u2019amour dans le quotidien !<\/p>\n<p>Avec les stickers visage coeurs Ratatam Kids, chaque sourire devient une petite f\u00eate \ud83c\udf08\ud83d\udc96<\/p>\n<p>\ud83d\udc96 Test\u00e9s pour les kids, approuv\u00e9s par les parents : z\u00e9ro prise de t\u00eate, 100 % wahou !<\/p>\n<p>Faciles \u00e0 poser et \u00e0 retirer, ces stickers transforment instantan\u00e9ment un visage en petite \u0153uvre d\u2019art color\u00e9e et p\u00e9tillante \ud83e\udd29<\/p>\n<p data-start=\"1432\" data-end=\"1465\">\u2728 <strong data-start=\"1434\" data-end=\"1461\">Les atouts Ratatam Kids<\/strong> :<\/p>\n<ul data-start=\"1466\" data-end=\"1603\">\n<li data-start=\"1466\" data-end=\"1502\">\n<p data-start=\"1468\" data-end=\"1502\">Des couleurs vives et \u00e9clatantes<\/p>\n<\/li>\n<li data-start=\"1503\" data-end=\"1548\">\n<p data-start=\"1505\" data-end=\"1548\">Application et retrait simples et rapides<\/p>\n<\/li>\n<li data-start=\"1590\" data-end=\"1603\">\n<p data-start=\"1592\" data-end=\"1603\">Interdit aux moins de \u00a03 ans<\/p>\n<\/li>\n<\/ul>\n<p data-start=\"1605\" data-end=\"1750\">Transformez chaque instant en f\u00eate avec les stickers visage \u00e0 pois multicolores Ratatam Kids \u2013 le petit d\u00e9tail qui fait une grande diff\u00e9rence !<\/p>\n<p data-start=\"669\" data-end=\"944\">Fabriqu\u00e9 en Chine<\/p>\n<p data-start=\"1099\" data-end=\"1158\">\u267b\ufe0f <strong data-start=\"1102\" data-end=\"1132\">Emballage 100 % recyclable\u00a0<\/strong><\/p>\n<p data-start=\"1099\" data-end=\"1158\"><img loading=\"lazy\" decoding=\"async\" class=\"sFlh5c FyHeAf iPVvYb\" src=\"https:\/\/www.sytraival.com\/img\/actualite-zoom\/5d22bec45b677c13da5e3ed4e1969e6a\/21-logo-triman.png\" alt=\"Triman: le logo du tri - Sytraival\" width=\"31\" height=\"32\" \/><\/p>\n<p>&nbsp;<\/p>\n<p>&nbsp;<\/p>\n","protected":false},"excerpt":{"rendered":"<p>\u2764\ufe0f <strong>Coeur \u00a0sur les joues en un clin d\u2019\u0153il !<\/strong> Avec 4 motifs diff\u00e9rents, ces stickers fun et color\u00e9s \ud83c\udf08 se posent facilement et changent de look en un instant \u2728<\/p>\n","protected":false},"featured_media":41605,"comment_status":"open","ping_status":"closed","template":"","meta":{"_acf_changed":false},"product_brand":[],"product_cat":[549,556,553,551,552,547,23,257,235],"product_tag":[],"class_list":{"0":"post-39610","1":"product","2":"type-product","3":"status-publish","4":"has-post-thumbnail","6":"product_cat-idees-cadeaux","7":"product_cat-10e","8":"product_cat-20e","9":"product_cat-3-6-ans","10":"product_cat-6-ans-et","11":"product_cat-nouveautes","12":"product_cat-accessoires","13":"product_cat-accessoires-de-mode","14":"product_cat-bijoux","16":"first","17":"instock","18":"taxable","19":"shipping-taxable","20":"purchasable","21":"product-type-simple"},"acf":[],"yoast_head":"<!-- This site is optimized with the Yoast SEO plugin v25.4 - https:\/\/yoast.com\/wordpress\/plugins\/seo\/ -->\n<title>Stickers de visage coeurs - Rouge&amp;Rose - Ratatam Official Website<\/title>\n<meta name=\"description\" content=\"Stickers visage c\u0153urs Ratatam Kids \u2764\ufe0f\u2728 Fun et color\u00e9s, faciles \u00e0 poser, adapt\u00e9s d\u00e8s 3 ans pour un look trop chou et plein d\u2019amour \ud83d\udc96\" \/>\n<meta name=\"robots\" content=\"index, follow, max-snippet:-1, max-image-preview:large, max-video-preview:-1\" \/>\n<link rel=\"canonical\" href=\"https:\/\/ratatamkids.com\/en\/produit\/stickers-de-visage-coeurs-rougerose\/\" \/>\n<meta property=\"og:locale\" content=\"en_US\" \/>\n<meta property=\"og:type\" content=\"article\" \/>\n<meta property=\"og:title\" content=\"Stickers de visage coeurs - Rouge&amp;Rose - Ratatam Official Website\" \/>\n<meta property=\"og:description\" content=\"Stickers visage c\u0153urs Ratatam Kids \u2764\ufe0f\u2728 Fun et color\u00e9s, faciles \u00e0 poser, adapt\u00e9s d\u00e8s 3 ans pour un look trop chou et plein d\u2019amour \ud83d\udc96\" \/>\n<meta property=\"og:url\" content=\"https:\/\/ratatamkids.com\/en\/produit\/stickers-de-visage-coeurs-rougerose\/\" \/>\n<meta property=\"og:site_name\" content=\"Ratatam Official Website\" \/>\n<meta property=\"article:publisher\" content=\"https:\/\/www.facebook.com\/Ratatamforhappykids\/\" \/>\n<meta property=\"article:modified_time\" content=\"2026-04-16T08:56:43+00:00\" \/>\n<meta property=\"og:image\" content=\"https:\/\/ratatamkids.com\/wp-content\/uploads\/2025\/06\/STICKERS-VISAGE-COEURS-.jpg\" \/>\n\t<meta property=\"og:image:width\" content=\"1663\" \/>\n\t<meta property=\"og:image:height\" content=\"1663\" \/>\n\t<meta property=\"og:image:type\" content=\"image\/jpeg\" \/>\n<meta name=\"twitter:card\" content=\"summary_large_image\" \/>\n<meta name=\"twitter:label1\" content=\"Est. reading time\" \/>\n\t<meta name=\"twitter:data1\" content=\"2 minutes\" \/>\n<script type=\"application\/ld+json\" class=\"yoast-schema-graph\">{\"@context\":\"https:\/\/schema.org\",\"@graph\":[{\"@type\":\"WebPage\",\"@id\":\"https:\/\/ratatamkids.com\/en\/produit\/stickers-de-visage-coeurs-rougerose\/\",\"url\":\"https:\/\/ratatamkids.com\/en\/produit\/stickers-de-visage-coeurs-rougerose\/\",\"name\":\"Stickers de visage coeurs - Rouge&amp;Rose - Ratatam Official Website\",\"isPartOf\":{\"@id\":\"https:\/\/ratatamkids.com\/en\/#website\"},\"primaryImageOfPage\":{\"@id\":\"https:\/\/ratatamkids.com\/en\/produit\/stickers-de-visage-coeurs-rougerose\/#primaryimage\"},\"image\":{\"@id\":\"https:\/\/ratatamkids.com\/en\/produit\/stickers-de-visage-coeurs-rougerose\/#primaryimage\"},\"thumbnailUrl\":\"https:\/\/ratatamkids.com\/wp-content\/uploads\/2025\/06\/STICKERS-VISAGE-COEURS-.jpg\",\"datePublished\":\"2025-06-30T13:19:16+00:00\",\"dateModified\":\"2026-04-16T08:56:43+00:00\",\"description\":\"Stickers visage c\u0153urs Ratatam Kids \u2764\ufe0f\u2728 Fun et color\u00e9s, faciles \u00e0 poser, adapt\u00e9s d\u00e8s 3 ans pour un look trop chou et plein d\u2019amour \ud83d\udc96\",\"breadcrumb\":{\"@id\":\"https:\/\/ratatamkids.com\/en\/produit\/stickers-de-visage-coeurs-rougerose\/#breadcrumb\"},\"inLanguage\":\"en-US\",\"potentialAction\":[{\"@type\":\"ReadAction\",\"target\":[\"https:\/\/ratatamkids.com\/en\/produit\/stickers-de-visage-coeurs-rougerose\/\"]}]},{\"@type\":\"ImageObject\",\"inLanguage\":\"en-US\",\"@id\":\"https:\/\/ratatamkids.com\/en\/produit\/stickers-de-visage-coeurs-rougerose\/#primaryimage\",\"url\":\"https:\/\/ratatamkids.com\/wp-content\/uploads\/2025\/06\/STICKERS-VISAGE-COEURS-.jpg\",\"contentUrl\":\"https:\/\/ratatamkids.com\/wp-content\/uploads\/2025\/06\/STICKERS-VISAGE-COEURS-.jpg\",\"width\":1663,\"height\":1663,\"caption\":\"STICKERS VISAGE COEURS RATATAM\"},{\"@type\":\"BreadcrumbList\",\"@id\":\"https:\/\/ratatamkids.com\/en\/produit\/stickers-de-visage-coeurs-rougerose\/#breadcrumb\",\"itemListElement\":[{\"@type\":\"ListItem\",\"position\":1,\"name\":\"Accueil\",\"item\":\"https:\/\/ratatamkids.com\/en\/\"},{\"@type\":\"ListItem\",\"position\":2,\"name\":\"Shop\",\"item\":\"https:\/\/ratatamkids.com\/en\/shop\/\"},{\"@type\":\"ListItem\",\"position\":3,\"name\":\"id\u00e9es cadeaux\",\"item\":\"https:\/\/ratatamkids.com\/en\/categorie-produit\/idees-cadeaux\/\"},{\"@type\":\"ListItem\",\"position\":4,\"name\":\"-10\u20ac\",\"item\":\"https:\/\/ratatamkids.com\/en\/categorie-produit\/idees-cadeaux\/10e\/\"},{\"@type\":\"ListItem\",\"position\":5,\"name\":\"Stickers de visage coeurs &#8211; Rouge&amp;Rose\"}]},{\"@type\":\"WebSite\",\"@id\":\"https:\/\/ratatamkids.com\/en\/#website\",\"url\":\"https:\/\/ratatamkids.com\/en\/\",\"name\":\"Ratatam Official Website\",\"description\":\"Cool brand for happy kids!\",\"potentialAction\":[{\"@type\":\"SearchAction\",\"target\":{\"@type\":\"EntryPoint\",\"urlTemplate\":\"https:\/\/ratatamkids.com\/en\/?s={search_term_string}\"},\"query-input\":{\"@type\":\"PropertyValueSpecification\",\"valueRequired\":true,\"valueName\":\"search_term_string\"}}],\"inLanguage\":\"en-US\"}]}<\/script>\n<!-- \/ Yoast SEO plugin. -->","yoast_head_json":{"title":"Stickers de visage coeurs - Rouge&amp;Rose - Ratatam Official Website","description":"Stickers visage c\u0153urs Ratatam Kids \u2764\ufe0f\u2728 Fun et color\u00e9s, faciles \u00e0 poser, adapt\u00e9s d\u00e8s 3 ans pour un look trop chou et plein d\u2019amour \ud83d\udc96","robots":{"index":"index","follow":"follow","max-snippet":"max-snippet:-1","max-image-preview":"max-image-preview:large","max-video-preview":"max-video-preview:-1"},"canonical":"https:\/\/ratatamkids.com\/en\/produit\/stickers-de-visage-coeurs-rougerose\/","og_locale":"en_US","og_type":"article","og_title":"Stickers de visage coeurs - Rouge&amp;Rose - Ratatam Official Website","og_description":"Stickers visage c\u0153urs Ratatam Kids \u2764\ufe0f\u2728 Fun et color\u00e9s, faciles \u00e0 poser, adapt\u00e9s d\u00e8s 3 ans pour un look trop chou et plein d\u2019amour \ud83d\udc96","og_url":"https:\/\/ratatamkids.com\/en\/produit\/stickers-de-visage-coeurs-rougerose\/","og_site_name":"Ratatam Official Website","article_publisher":"https:\/\/www.facebook.com\/Ratatamforhappykids\/","article_modified_time":"2026-04-16T08:56:43+00:00","og_image":[{"width":1663,"height":1663,"url":"https:\/\/ratatamkids.com\/wp-content\/uploads\/2025\/06\/STICKERS-VISAGE-COEURS-.jpg","type":"image\/jpeg"}],"twitter_card":"summary_large_image","twitter_misc":{"Est. reading time":"2 minutes"},"schema":{"@context":"https:\/\/schema.org","@graph":[{"@type":"WebPage","@id":"https:\/\/ratatamkids.com\/en\/produit\/stickers-de-visage-coeurs-rougerose\/","url":"https:\/\/ratatamkids.com\/en\/produit\/stickers-de-visage-coeurs-rougerose\/","name":"Stickers de visage coeurs - Rouge&amp;Rose - Ratatam Official Website","isPartOf":{"@id":"https:\/\/ratatamkids.com\/en\/#website"},"primaryImageOfPage":{"@id":"https:\/\/ratatamkids.com\/en\/produit\/stickers-de-visage-coeurs-rougerose\/#primaryimage"},"image":{"@id":"https:\/\/ratatamkids.com\/en\/produit\/stickers-de-visage-coeurs-rougerose\/#primaryimage"},"thumbnailUrl":"https:\/\/ratatamkids.com\/wp-content\/uploads\/2025\/06\/STICKERS-VISAGE-COEURS-.jpg","datePublished":"2025-06-30T13:19:16+00:00","dateModified":"2026-04-16T08:56:43+00:00","description":"Stickers visage c\u0153urs Ratatam Kids \u2764\ufe0f\u2728 Fun et color\u00e9s, faciles \u00e0 poser, adapt\u00e9s d\u00e8s 3 ans pour un look trop chou et plein d\u2019amour \ud83d\udc96","breadcrumb":{"@id":"https:\/\/ratatamkids.com\/en\/produit\/stickers-de-visage-coeurs-rougerose\/#breadcrumb"},"inLanguage":"en-US","potentialAction":[{"@type":"ReadAction","target":["https:\/\/ratatamkids.com\/en\/produit\/stickers-de-visage-coeurs-rougerose\/"]}]},{"@type":"ImageObject","inLanguage":"en-US","@id":"https:\/\/ratatamkids.com\/en\/produit\/stickers-de-visage-coeurs-rougerose\/#primaryimage","url":"https:\/\/ratatamkids.com\/wp-content\/uploads\/2025\/06\/STICKERS-VISAGE-COEURS-.jpg","contentUrl":"https:\/\/ratatamkids.com\/wp-content\/uploads\/2025\/06\/STICKERS-VISAGE-COEURS-.jpg","width":1663,"height":1663,"caption":"STICKERS VISAGE COEURS RATATAM"},{"@type":"BreadcrumbList","@id":"https:\/\/ratatamkids.com\/en\/produit\/stickers-de-visage-coeurs-rougerose\/#breadcrumb","itemListElement":[{"@type":"ListItem","position":1,"name":"Accueil","item":"https:\/\/ratatamkids.com\/en\/"},{"@type":"ListItem","position":2,"name":"Shop","item":"https:\/\/ratatamkids.com\/en\/shop\/"},{"@type":"ListItem","position":3,"name":"id\u00e9es cadeaux","item":"https:\/\/ratatamkids.com\/en\/categorie-produit\/idees-cadeaux\/"},{"@type":"ListItem","position":4,"name":"-10\u20ac","item":"https:\/\/ratatamkids.com\/en\/categorie-produit\/idees-cadeaux\/10e\/"},{"@type":"ListItem","position":5,"name":"Stickers de visage coeurs &#8211; Rouge&amp;Rose"}]},{"@type":"WebSite","@id":"https:\/\/ratatamkids.com\/en\/#website","url":"https:\/\/ratatamkids.com\/en\/","name":"Ratatam Official Website","description":"Cool brand for happy kids!","potentialAction":[{"@type":"SearchAction","target":{"@type":"EntryPoint","urlTemplate":"https:\/\/ratatamkids.com\/en\/?s={search_term_string}"},"query-input":{"@type":"PropertyValueSpecification","valueRequired":true,"valueName":"search_term_string"}}],"inLanguage":"en-US"}]}},"_links":{"self":[{"href":"https:\/\/ratatamkids.com\/en\/wp-json\/wp\/v2\/product\/39610","targetHints":{"allow":["GET"]}}],"collection":[{"href":"https:\/\/ratatamkids.com\/en\/wp-json\/wp\/v2\/product"}],"about":[{"href":"https:\/\/ratatamkids.com\/en\/wp-json\/wp\/v2\/types\/product"}],"replies":[{"embeddable":true,"href":"https:\/\/ratatamkids.com\/en\/wp-json\/wp\/v2\/comments?post=39610"}],"wp:featuredmedia":[{"embeddable":true,"href":"https:\/\/ratatamkids.com\/en\/wp-json\/wp\/v2\/media\/41605"}],"wp:attachment":[{"href":"https:\/\/ratatamkids.com\/en\/wp-json\/wp\/v2\/media?parent=39610"}],"wp:term":[{"taxonomy":"product_brand","embeddable":true,"href":"https:\/\/ratatamkids.com\/en\/wp-json\/wp\/v2\/product_brand?post=39610"},{"taxonomy":"product_cat","embeddable":true,"href":"https:\/\/ratatamkids.com\/en\/wp-json\/wp\/v2\/product_cat?post=39610"},{"taxonomy":"product_tag","embeddable":true,"href":"https:\/\/ratatamkids.com\/en\/wp-json\/wp\/v2\/product_tag?post=39610"}],"curies":[{"name":"wp","href":"https:\/\/api.w.org\/{rel}","templated":true}]}}