{"id":39247,"date":"2025-06-06T13:50:29","date_gmt":"2025-06-06T11:50:29","guid":{"rendered":"https:\/\/ratatamkids.com\/?post_type=product&#038;p=39247"},"modified":"2026-04-16T13:56:39","modified_gmt":"2026-04-16T11:56:39","slug":"la-pochette-ordinateur-irise-nova-violet","status":"publish","type":"product","link":"https:\/\/ratatamkids.com\/en\/produit\/la-pochette-ordinateur-irise-nova-violet\/","title":{"rendered":"La Pochette Ordinateur iris\u00e9 Nova &#8211; Violet"},"content":{"rendered":"<h1>\ud83d\udc9c Votre PC n&#8217;a jamais \u00e9t\u00e9 aussi cool ! \ud83d\udc9c<\/h1>\n<p>L&#8217;ordinateur, c&#8217;est la vie. Alors, pourquoi le cacher dans une pochette tristounette ? Notre pochette <b>violette iris\u00e9e<\/b> est la protection ultime pour tous les esprits cr\u00e9atifs ! C&#8217;est l&#8217;accessoire parfait pour l&#8217;\u00e9cole, le bureau ou simplement pour faire le malin en ville. Avec elle, vous \u00eates s\u00fbr de faire tourner les t\u00eates.<\/p>\n<ul>\n<li><b>Le style, rien que le style :<\/b> Son effet iris\u00e9 unique est un v\u00e9ritable aimant \u00e0 compliments. Le violet est la couleur de la cr\u00e9ativit\u00e9, et \u00e7a se voit !<\/li>\n<li><b>Protection XXL :<\/b> On ne blague pas avec la s\u00e9curit\u00e9 ! Doubl\u00e9e avec soin, elle prot\u00e8ge votre ordi des chocs, des rayures et des regards jaloux.<\/li>\n<li><b>Pratique :<\/b> L\u00e9g\u00e8re et facile \u00e0 glisser partout, elle est l&#8217;alli\u00e9e de toutes vos aventures. On l&#8217;adore !<\/li>\n<\/ul>\n<p data-start=\"854\" data-end=\"988\">Disponible en 4 coloris : Violet, Dor\u00e9, Rose et bleu \ud83d\udc9c \ud83d\udc9b\ud83e\ude77\ud83e\ude75<\/p>\n<p data-start=\"854\" data-end=\"988\">Fabriqu\u00e9 en Chine<\/p>\n","protected":false},"excerpt":{"rendered":"<p>Prot\u00e9gez votre PC avec style ! Notre pochette d&#8217;ordinateur violette iris\u00e9e est l&#8217;accessoire tendance qu&#8217;il vous faut.<\/p>\n<p>Aussi disponible en dor\u00e9, rose et bleu.<\/p>\n","protected":false},"featured_media":40579,"comment_status":"open","ping_status":"closed","template":"","meta":{"_acf_changed":false},"product_brand":[],"product_cat":[547,23,240],"product_tag":[],"class_list":{"0":"post-39247","1":"product","2":"type-product","3":"status-publish","4":"has-post-thumbnail","6":"product_cat-nouveautes","7":"product_cat-accessoires","8":"product_cat-sacs","10":"first","11":"instock","12":"taxable","13":"shipping-taxable","14":"purchasable","15":"product-type-simple"},"acf":[],"yoast_head":"<!-- This site is optimized with the Yoast SEO plugin v25.4 - https:\/\/yoast.com\/wordpress\/plugins\/seo\/ -->\n<title>La Pochette Ordinateur iris\u00e9 Nova - Violet - Ratatam Official Website<\/title>\n<meta name=\"description\" content=\"Housse pour ordinateur portable iris\u00e9e de couleur violette. Design unique et protection optimale. D\u00e9couvrez aussi les versions dor\u00e9es, roses et bleues.\" \/>\n<meta name=\"robots\" content=\"index, follow, max-snippet:-1, max-image-preview:large, max-video-preview:-1\" \/>\n<link rel=\"canonical\" href=\"https:\/\/ratatamkids.com\/en\/produit\/la-pochette-ordinateur-irise-nova-violet\/\" \/>\n<meta property=\"og:locale\" content=\"en_US\" \/>\n<meta property=\"og:type\" content=\"article\" \/>\n<meta property=\"og:title\" content=\"La Pochette Ordinateur iris\u00e9 Nova - Violet - Ratatam Official Website\" \/>\n<meta property=\"og:description\" content=\"Housse pour ordinateur portable iris\u00e9e de couleur violette. Design unique et protection optimale. D\u00e9couvrez aussi les versions dor\u00e9es, roses et bleues.\" \/>\n<meta property=\"og:url\" content=\"https:\/\/ratatamkids.com\/en\/produit\/la-pochette-ordinateur-irise-nova-violet\/\" \/>\n<meta property=\"og:site_name\" content=\"Ratatam Official Website\" \/>\n<meta property=\"article:publisher\" content=\"https:\/\/www.facebook.com\/Ratatamforhappykids\/\" \/>\n<meta property=\"article:modified_time\" content=\"2026-04-16T11:56:39+00:00\" \/>\n<meta property=\"og:image\" content=\"https:\/\/ratatamkids.com\/wp-content\/uploads\/2025\/06\/POCHETTE-ORDINATEUR-IRISE-VIOLET-.jpg\" \/>\n\t<meta property=\"og:image:width\" content=\"1800\" \/>\n\t<meta property=\"og:image:height\" content=\"1800\" \/>\n\t<meta property=\"og:image:type\" content=\"image\/jpeg\" \/>\n<meta name=\"twitter:card\" content=\"summary_large_image\" \/>\n<meta name=\"twitter:label1\" content=\"Est. reading time\" \/>\n\t<meta name=\"twitter:data1\" content=\"1 minute\" \/>\n<script type=\"application\/ld+json\" class=\"yoast-schema-graph\">{\"@context\":\"https:\/\/schema.org\",\"@graph\":[{\"@type\":\"WebPage\",\"@id\":\"https:\/\/ratatamkids.com\/en\/produit\/la-pochette-ordinateur-irise-nova-violet\/\",\"url\":\"https:\/\/ratatamkids.com\/en\/produit\/la-pochette-ordinateur-irise-nova-violet\/\",\"name\":\"La Pochette Ordinateur iris\u00e9 Nova - Violet - Ratatam Official Website\",\"isPartOf\":{\"@id\":\"https:\/\/ratatamkids.com\/en\/#website\"},\"primaryImageOfPage\":{\"@id\":\"https:\/\/ratatamkids.com\/en\/produit\/la-pochette-ordinateur-irise-nova-violet\/#primaryimage\"},\"image\":{\"@id\":\"https:\/\/ratatamkids.com\/en\/produit\/la-pochette-ordinateur-irise-nova-violet\/#primaryimage\"},\"thumbnailUrl\":\"https:\/\/ratatamkids.com\/wp-content\/uploads\/2025\/06\/POCHETTE-ORDINATEUR-IRISE-VIOLET-.jpg\",\"datePublished\":\"2025-06-06T11:50:29+00:00\",\"dateModified\":\"2026-04-16T11:56:39+00:00\",\"description\":\"Housse pour ordinateur portable iris\u00e9e de couleur violette. Design unique et protection optimale. D\u00e9couvrez aussi les versions dor\u00e9es, roses et bleues.\",\"breadcrumb\":{\"@id\":\"https:\/\/ratatamkids.com\/en\/produit\/la-pochette-ordinateur-irise-nova-violet\/#breadcrumb\"},\"inLanguage\":\"en-US\",\"potentialAction\":[{\"@type\":\"ReadAction\",\"target\":[\"https:\/\/ratatamkids.com\/en\/produit\/la-pochette-ordinateur-irise-nova-violet\/\"]}]},{\"@type\":\"ImageObject\",\"inLanguage\":\"en-US\",\"@id\":\"https:\/\/ratatamkids.com\/en\/produit\/la-pochette-ordinateur-irise-nova-violet\/#primaryimage\",\"url\":\"https:\/\/ratatamkids.com\/wp-content\/uploads\/2025\/06\/POCHETTE-ORDINATEUR-IRISE-VIOLET-.jpg\",\"contentUrl\":\"https:\/\/ratatamkids.com\/wp-content\/uploads\/2025\/06\/POCHETTE-ORDINATEUR-IRISE-VIOLET-.jpg\",\"width\":1800,\"height\":1800,\"caption\":\"POCHETTE ORDINATEUR IRISE VIOLET RATATAM POCHETTE ORDINATEUR IRISE VIOLET RATATAM\"},{\"@type\":\"BreadcrumbList\",\"@id\":\"https:\/\/ratatamkids.com\/en\/produit\/la-pochette-ordinateur-irise-nova-violet\/#breadcrumb\",\"itemListElement\":[{\"@type\":\"ListItem\",\"position\":1,\"name\":\"Accueil\",\"item\":\"https:\/\/ratatamkids.com\/en\/\"},{\"@type\":\"ListItem\",\"position\":2,\"name\":\"Shop\",\"item\":\"https:\/\/ratatamkids.com\/en\/shop\/\"},{\"@type\":\"ListItem\",\"position\":3,\"name\":\"Accessories\",\"item\":\"https:\/\/ratatamkids.com\/en\/categorie-produit\/accessories\/\"},{\"@type\":\"ListItem\",\"position\":4,\"name\":\"Bags\",\"item\":\"https:\/\/ratatamkids.com\/en\/categorie-produit\/accessories\/bags\/\"},{\"@type\":\"ListItem\",\"position\":5,\"name\":\"La Pochette Ordinateur iris\u00e9 Nova &#8211; Violet\"}]},{\"@type\":\"WebSite\",\"@id\":\"https:\/\/ratatamkids.com\/en\/#website\",\"url\":\"https:\/\/ratatamkids.com\/en\/\",\"name\":\"Ratatam Official Website\",\"description\":\"Cool brand for happy kids!\",\"potentialAction\":[{\"@type\":\"SearchAction\",\"target\":{\"@type\":\"EntryPoint\",\"urlTemplate\":\"https:\/\/ratatamkids.com\/en\/?s={search_term_string}\"},\"query-input\":{\"@type\":\"PropertyValueSpecification\",\"valueRequired\":true,\"valueName\":\"search_term_string\"}}],\"inLanguage\":\"en-US\"}]}<\/script>\n<!-- \/ Yoast SEO plugin. -->","yoast_head_json":{"title":"La Pochette Ordinateur iris\u00e9 Nova - Violet - Ratatam Official Website","description":"Housse pour ordinateur portable iris\u00e9e de couleur violette. Design unique et protection optimale. D\u00e9couvrez aussi les versions dor\u00e9es, roses et bleues.","robots":{"index":"index","follow":"follow","max-snippet":"max-snippet:-1","max-image-preview":"max-image-preview:large","max-video-preview":"max-video-preview:-1"},"canonical":"https:\/\/ratatamkids.com\/en\/produit\/la-pochette-ordinateur-irise-nova-violet\/","og_locale":"en_US","og_type":"article","og_title":"La Pochette Ordinateur iris\u00e9 Nova - Violet - Ratatam Official Website","og_description":"Housse pour ordinateur portable iris\u00e9e de couleur violette. Design unique et protection optimale. D\u00e9couvrez aussi les versions dor\u00e9es, roses et bleues.","og_url":"https:\/\/ratatamkids.com\/en\/produit\/la-pochette-ordinateur-irise-nova-violet\/","og_site_name":"Ratatam Official Website","article_publisher":"https:\/\/www.facebook.com\/Ratatamforhappykids\/","article_modified_time":"2026-04-16T11:56:39+00:00","og_image":[{"width":1800,"height":1800,"url":"https:\/\/ratatamkids.com\/wp-content\/uploads\/2025\/06\/POCHETTE-ORDINATEUR-IRISE-VIOLET-.jpg","type":"image\/jpeg"}],"twitter_card":"summary_large_image","twitter_misc":{"Est. reading time":"1 minute"},"schema":{"@context":"https:\/\/schema.org","@graph":[{"@type":"WebPage","@id":"https:\/\/ratatamkids.com\/en\/produit\/la-pochette-ordinateur-irise-nova-violet\/","url":"https:\/\/ratatamkids.com\/en\/produit\/la-pochette-ordinateur-irise-nova-violet\/","name":"La Pochette Ordinateur iris\u00e9 Nova - Violet - Ratatam Official Website","isPartOf":{"@id":"https:\/\/ratatamkids.com\/en\/#website"},"primaryImageOfPage":{"@id":"https:\/\/ratatamkids.com\/en\/produit\/la-pochette-ordinateur-irise-nova-violet\/#primaryimage"},"image":{"@id":"https:\/\/ratatamkids.com\/en\/produit\/la-pochette-ordinateur-irise-nova-violet\/#primaryimage"},"thumbnailUrl":"https:\/\/ratatamkids.com\/wp-content\/uploads\/2025\/06\/POCHETTE-ORDINATEUR-IRISE-VIOLET-.jpg","datePublished":"2025-06-06T11:50:29+00:00","dateModified":"2026-04-16T11:56:39+00:00","description":"Housse pour ordinateur portable iris\u00e9e de couleur violette. Design unique et protection optimale. D\u00e9couvrez aussi les versions dor\u00e9es, roses et bleues.","breadcrumb":{"@id":"https:\/\/ratatamkids.com\/en\/produit\/la-pochette-ordinateur-irise-nova-violet\/#breadcrumb"},"inLanguage":"en-US","potentialAction":[{"@type":"ReadAction","target":["https:\/\/ratatamkids.com\/en\/produit\/la-pochette-ordinateur-irise-nova-violet\/"]}]},{"@type":"ImageObject","inLanguage":"en-US","@id":"https:\/\/ratatamkids.com\/en\/produit\/la-pochette-ordinateur-irise-nova-violet\/#primaryimage","url":"https:\/\/ratatamkids.com\/wp-content\/uploads\/2025\/06\/POCHETTE-ORDINATEUR-IRISE-VIOLET-.jpg","contentUrl":"https:\/\/ratatamkids.com\/wp-content\/uploads\/2025\/06\/POCHETTE-ORDINATEUR-IRISE-VIOLET-.jpg","width":1800,"height":1800,"caption":"POCHETTE ORDINATEUR IRISE VIOLET RATATAM POCHETTE ORDINATEUR IRISE VIOLET RATATAM"},{"@type":"BreadcrumbList","@id":"https:\/\/ratatamkids.com\/en\/produit\/la-pochette-ordinateur-irise-nova-violet\/#breadcrumb","itemListElement":[{"@type":"ListItem","position":1,"name":"Accueil","item":"https:\/\/ratatamkids.com\/en\/"},{"@type":"ListItem","position":2,"name":"Shop","item":"https:\/\/ratatamkids.com\/en\/shop\/"},{"@type":"ListItem","position":3,"name":"Accessories","item":"https:\/\/ratatamkids.com\/en\/categorie-produit\/accessories\/"},{"@type":"ListItem","position":4,"name":"Bags","item":"https:\/\/ratatamkids.com\/en\/categorie-produit\/accessories\/bags\/"},{"@type":"ListItem","position":5,"name":"La Pochette Ordinateur iris\u00e9 Nova &#8211; Violet"}]},{"@type":"WebSite","@id":"https:\/\/ratatamkids.com\/en\/#website","url":"https:\/\/ratatamkids.com\/en\/","name":"Ratatam Official Website","description":"Cool brand for happy kids!","potentialAction":[{"@type":"SearchAction","target":{"@type":"EntryPoint","urlTemplate":"https:\/\/ratatamkids.com\/en\/?s={search_term_string}"},"query-input":{"@type":"PropertyValueSpecification","valueRequired":true,"valueName":"search_term_string"}}],"inLanguage":"en-US"}]}},"_links":{"self":[{"href":"https:\/\/ratatamkids.com\/en\/wp-json\/wp\/v2\/product\/39247","targetHints":{"allow":["GET"]}}],"collection":[{"href":"https:\/\/ratatamkids.com\/en\/wp-json\/wp\/v2\/product"}],"about":[{"href":"https:\/\/ratatamkids.com\/en\/wp-json\/wp\/v2\/types\/product"}],"replies":[{"embeddable":true,"href":"https:\/\/ratatamkids.com\/en\/wp-json\/wp\/v2\/comments?post=39247"}],"wp:featuredmedia":[{"embeddable":true,"href":"https:\/\/ratatamkids.com\/en\/wp-json\/wp\/v2\/media\/40579"}],"wp:attachment":[{"href":"https:\/\/ratatamkids.com\/en\/wp-json\/wp\/v2\/media?parent=39247"}],"wp:term":[{"taxonomy":"product_brand","embeddable":true,"href":"https:\/\/ratatamkids.com\/en\/wp-json\/wp\/v2\/product_brand?post=39247"},{"taxonomy":"product_cat","embeddable":true,"href":"https:\/\/ratatamkids.com\/en\/wp-json\/wp\/v2\/product_cat?post=39247"},{"taxonomy":"product_tag","embeddable":true,"href":"https:\/\/ratatamkids.com\/en\/wp-json\/wp\/v2\/product_tag?post=39247"}],"curies":[{"name":"wp","href":"https:\/\/api.w.org\/{rel}","templated":true}]}}