{"id":39246,"date":"2025-06-06T13:49:10","date_gmt":"2025-06-06T11:49:10","guid":{"rendered":"https:\/\/ratatamkids.com\/?post_type=product&#038;p=39246"},"modified":"2026-04-16T15:57:48","modified_gmt":"2026-04-16T13:57:48","slug":"la-pochette-ordinateur-irisee-nova-dore","status":"publish","type":"product","link":"https:\/\/ratatamkids.com\/en\/produit\/la-pochette-ordinateur-irisee-nova-dore\/","title":{"rendered":"La Pochette Ordinateur iris\u00e9e Nova -Dor\u00e9"},"content":{"rendered":"<h1>\u2728 Votre Ordinateur n&#8217;a Jamais \u00c9t\u00e9 Aussi Chic ! \u2728<\/h1>\n<p>Marre des pochettes d&#8217;ordinateur qui font grise mine ? Offrez \u00e0 votre pr\u00e9cieux compagnon num\u00e9rique la pochette qu&#8217;il m\u00e9rite !<\/p>\n<p>Cette pochette <b>dor\u00e9e iris\u00e9e<\/b> n&#8217;est pas qu&#8217;un simple accessoire, c&#8217;est une d\u00e9claration de style qui brille de mille feux !<\/p>\n<p>Parfaite pour l&#8217;\u00e9cole, le bureau ou les caf\u00e9s branch\u00e9s, elle prot\u00e8ge votre ordinateur avec panache.<\/p>\n<ul>\n<li><b>100 % Styl\u00e9e :<\/b> Son effet iris\u00e9 unique attire tous les regards et ajoute une touche de magie \u00e0 votre quotidien. C&#8217;est l&#8217;accessoire parfait pour les esprits cr\u00e9atifs !<\/li>\n<li><b>Protection Max :<\/b> Doubl\u00e9e pour un max de s\u00e9curit\u00e9, elle prot\u00e8ge votre ordi des chocs et des rayures (et des regards jaloux !).<\/li>\n<li><b>Pratique \u00e0 Souhait :<\/b> Facile \u00e0 glisser dans un sac \u00e0 dos ou \u00e0 transporter \u00e0 la main, elle est le compagnon id\u00e9al de toutes vos aventures.<\/li>\n<\/ul>\n<p data-start=\"854\" data-end=\"988\">Disponible en 4 coloris : Violet, Dor\u00e9, Rose et bleu \ud83d\udc9c \ud83d\udc9b\ud83e\ude77\ud83e\ude75<\/p>\n<p data-start=\"854\" data-end=\"988\">Fabriqu\u00e9 en Chine<\/p>\n","protected":false},"excerpt":{"rendered":"<p>Offrez une touche de magie \u00e0 votre PC ! Notre pochette d&#8217;ordinateur iris\u00e9e dor\u00e9e est la protection la plus chic. Existe en 4 couleurs.<\/p>\n","protected":false},"featured_media":44242,"comment_status":"open","ping_status":"closed","template":"","meta":{"_acf_changed":false},"product_brand":[],"product_cat":[547,23,240],"product_tag":[],"class_list":{"0":"post-39246","1":"product","2":"type-product","3":"status-publish","4":"has-post-thumbnail","6":"product_cat-nouveautes","7":"product_cat-accessoires","8":"product_cat-sacs","10":"first","11":"instock","12":"taxable","13":"shipping-taxable","14":"purchasable","15":"product-type-simple"},"acf":[],"yoast_head":"<!-- This site is optimized with the Yoast SEO plugin v25.4 - https:\/\/yoast.com\/wordpress\/plugins\/seo\/ -->\n<title>La Pochette Ordinateur iris\u00e9e Nova -Dor\u00e9 - Ratatam Official Website<\/title>\n<meta name=\"description\" content=\"Pochette pour ordinateur portable dor\u00e9e et iris\u00e9e. Housse \u00e9l\u00e9gante et protectrice pour PC. D\u00e9couvrez aussi nos mod\u00e8les en violet, rose et bleu.\" \/>\n<meta name=\"robots\" content=\"index, follow, max-snippet:-1, max-image-preview:large, max-video-preview:-1\" \/>\n<link rel=\"canonical\" href=\"https:\/\/ratatamkids.com\/en\/produit\/la-pochette-ordinateur-irisee-nova-dore\/\" \/>\n<meta property=\"og:locale\" content=\"en_US\" \/>\n<meta property=\"og:type\" content=\"article\" \/>\n<meta property=\"og:title\" content=\"La Pochette Ordinateur iris\u00e9e Nova -Dor\u00e9 - Ratatam Official Website\" \/>\n<meta property=\"og:description\" content=\"Pochette pour ordinateur portable dor\u00e9e et iris\u00e9e. Housse \u00e9l\u00e9gante et protectrice pour PC. D\u00e9couvrez aussi nos mod\u00e8les en violet, rose et bleu.\" \/>\n<meta property=\"og:url\" content=\"https:\/\/ratatamkids.com\/en\/produit\/la-pochette-ordinateur-irisee-nova-dore\/\" \/>\n<meta property=\"og:site_name\" content=\"Ratatam Official Website\" \/>\n<meta property=\"article:publisher\" content=\"https:\/\/www.facebook.com\/Ratatamforhappykids\/\" \/>\n<meta property=\"article:modified_time\" content=\"2026-04-16T13:57:48+00:00\" \/>\n<meta property=\"og:image\" content=\"https:\/\/ratatamkids.com\/wp-content\/uploads\/2025\/06\/POCHETTE-ORDI-NOVA-OR-LIFESTYLE-2-1024x1024.jpg\" \/>\n\t<meta property=\"og:image:width\" content=\"1024\" \/>\n\t<meta property=\"og:image:height\" content=\"1024\" \/>\n\t<meta property=\"og:image:type\" content=\"image\/jpeg\" \/>\n<meta name=\"twitter:card\" content=\"summary_large_image\" \/>\n<meta name=\"twitter:label1\" content=\"Est. reading time\" \/>\n\t<meta name=\"twitter:data1\" content=\"1 minute\" \/>\n<script type=\"application\/ld+json\" class=\"yoast-schema-graph\">{\"@context\":\"https:\/\/schema.org\",\"@graph\":[{\"@type\":\"WebPage\",\"@id\":\"https:\/\/ratatamkids.com\/en\/produit\/la-pochette-ordinateur-irisee-nova-dore\/\",\"url\":\"https:\/\/ratatamkids.com\/en\/produit\/la-pochette-ordinateur-irisee-nova-dore\/\",\"name\":\"La Pochette Ordinateur iris\u00e9e Nova -Dor\u00e9 - Ratatam Official Website\",\"isPartOf\":{\"@id\":\"https:\/\/ratatamkids.com\/en\/#website\"},\"primaryImageOfPage\":{\"@id\":\"https:\/\/ratatamkids.com\/en\/produit\/la-pochette-ordinateur-irisee-nova-dore\/#primaryimage\"},\"image\":{\"@id\":\"https:\/\/ratatamkids.com\/en\/produit\/la-pochette-ordinateur-irisee-nova-dore\/#primaryimage\"},\"thumbnailUrl\":\"https:\/\/ratatamkids.com\/wp-content\/uploads\/2025\/06\/POCHETTE-ORDI-NOVA-OR-LIFESTYLE-2.jpg\",\"datePublished\":\"2025-06-06T11:49:10+00:00\",\"dateModified\":\"2026-04-16T13:57:48+00:00\",\"description\":\"Pochette pour ordinateur portable dor\u00e9e et iris\u00e9e. Housse \u00e9l\u00e9gante et protectrice pour PC. D\u00e9couvrez aussi nos mod\u00e8les en violet, rose et bleu.\",\"breadcrumb\":{\"@id\":\"https:\/\/ratatamkids.com\/en\/produit\/la-pochette-ordinateur-irisee-nova-dore\/#breadcrumb\"},\"inLanguage\":\"en-US\",\"potentialAction\":[{\"@type\":\"ReadAction\",\"target\":[\"https:\/\/ratatamkids.com\/en\/produit\/la-pochette-ordinateur-irisee-nova-dore\/\"]}]},{\"@type\":\"ImageObject\",\"inLanguage\":\"en-US\",\"@id\":\"https:\/\/ratatamkids.com\/en\/produit\/la-pochette-ordinateur-irisee-nova-dore\/#primaryimage\",\"url\":\"https:\/\/ratatamkids.com\/wp-content\/uploads\/2025\/06\/POCHETTE-ORDI-NOVA-OR-LIFESTYLE-2.jpg\",\"contentUrl\":\"https:\/\/ratatamkids.com\/wp-content\/uploads\/2025\/06\/POCHETTE-ORDI-NOVA-OR-LIFESTYLE-2.jpg\",\"width\":1999,\"height\":1999},{\"@type\":\"BreadcrumbList\",\"@id\":\"https:\/\/ratatamkids.com\/en\/produit\/la-pochette-ordinateur-irisee-nova-dore\/#breadcrumb\",\"itemListElement\":[{\"@type\":\"ListItem\",\"position\":1,\"name\":\"Accueil\",\"item\":\"https:\/\/ratatamkids.com\/en\/\"},{\"@type\":\"ListItem\",\"position\":2,\"name\":\"Shop\",\"item\":\"https:\/\/ratatamkids.com\/en\/shop\/\"},{\"@type\":\"ListItem\",\"position\":3,\"name\":\"Accessories\",\"item\":\"https:\/\/ratatamkids.com\/en\/categorie-produit\/accessories\/\"},{\"@type\":\"ListItem\",\"position\":4,\"name\":\"Bags\",\"item\":\"https:\/\/ratatamkids.com\/en\/categorie-produit\/accessories\/bags\/\"},{\"@type\":\"ListItem\",\"position\":5,\"name\":\"La Pochette Ordinateur iris\u00e9e Nova -Dor\u00e9\"}]},{\"@type\":\"WebSite\",\"@id\":\"https:\/\/ratatamkids.com\/en\/#website\",\"url\":\"https:\/\/ratatamkids.com\/en\/\",\"name\":\"Ratatam Official Website\",\"description\":\"Cool brand for happy kids!\",\"potentialAction\":[{\"@type\":\"SearchAction\",\"target\":{\"@type\":\"EntryPoint\",\"urlTemplate\":\"https:\/\/ratatamkids.com\/en\/?s={search_term_string}\"},\"query-input\":{\"@type\":\"PropertyValueSpecification\",\"valueRequired\":true,\"valueName\":\"search_term_string\"}}],\"inLanguage\":\"en-US\"}]}<\/script>\n<!-- \/ Yoast SEO plugin. -->","yoast_head_json":{"title":"La Pochette Ordinateur iris\u00e9e Nova -Dor\u00e9 - Ratatam Official Website","description":"Pochette pour ordinateur portable dor\u00e9e et iris\u00e9e. Housse \u00e9l\u00e9gante et protectrice pour PC. D\u00e9couvrez aussi nos mod\u00e8les en violet, rose et bleu.","robots":{"index":"index","follow":"follow","max-snippet":"max-snippet:-1","max-image-preview":"max-image-preview:large","max-video-preview":"max-video-preview:-1"},"canonical":"https:\/\/ratatamkids.com\/en\/produit\/la-pochette-ordinateur-irisee-nova-dore\/","og_locale":"en_US","og_type":"article","og_title":"La Pochette Ordinateur iris\u00e9e Nova -Dor\u00e9 - Ratatam Official Website","og_description":"Pochette pour ordinateur portable dor\u00e9e et iris\u00e9e. Housse \u00e9l\u00e9gante et protectrice pour PC. D\u00e9couvrez aussi nos mod\u00e8les en violet, rose et bleu.","og_url":"https:\/\/ratatamkids.com\/en\/produit\/la-pochette-ordinateur-irisee-nova-dore\/","og_site_name":"Ratatam Official Website","article_publisher":"https:\/\/www.facebook.com\/Ratatamforhappykids\/","article_modified_time":"2026-04-16T13:57:48+00:00","og_image":[{"width":1024,"height":1024,"url":"https:\/\/ratatamkids.com\/wp-content\/uploads\/2025\/06\/POCHETTE-ORDI-NOVA-OR-LIFESTYLE-2-1024x1024.jpg","type":"image\/jpeg"}],"twitter_card":"summary_large_image","twitter_misc":{"Est. reading time":"1 minute"},"schema":{"@context":"https:\/\/schema.org","@graph":[{"@type":"WebPage","@id":"https:\/\/ratatamkids.com\/en\/produit\/la-pochette-ordinateur-irisee-nova-dore\/","url":"https:\/\/ratatamkids.com\/en\/produit\/la-pochette-ordinateur-irisee-nova-dore\/","name":"La Pochette Ordinateur iris\u00e9e Nova -Dor\u00e9 - Ratatam Official Website","isPartOf":{"@id":"https:\/\/ratatamkids.com\/en\/#website"},"primaryImageOfPage":{"@id":"https:\/\/ratatamkids.com\/en\/produit\/la-pochette-ordinateur-irisee-nova-dore\/#primaryimage"},"image":{"@id":"https:\/\/ratatamkids.com\/en\/produit\/la-pochette-ordinateur-irisee-nova-dore\/#primaryimage"},"thumbnailUrl":"https:\/\/ratatamkids.com\/wp-content\/uploads\/2025\/06\/POCHETTE-ORDI-NOVA-OR-LIFESTYLE-2.jpg","datePublished":"2025-06-06T11:49:10+00:00","dateModified":"2026-04-16T13:57:48+00:00","description":"Pochette pour ordinateur portable dor\u00e9e et iris\u00e9e. Housse \u00e9l\u00e9gante et protectrice pour PC. D\u00e9couvrez aussi nos mod\u00e8les en violet, rose et bleu.","breadcrumb":{"@id":"https:\/\/ratatamkids.com\/en\/produit\/la-pochette-ordinateur-irisee-nova-dore\/#breadcrumb"},"inLanguage":"en-US","potentialAction":[{"@type":"ReadAction","target":["https:\/\/ratatamkids.com\/en\/produit\/la-pochette-ordinateur-irisee-nova-dore\/"]}]},{"@type":"ImageObject","inLanguage":"en-US","@id":"https:\/\/ratatamkids.com\/en\/produit\/la-pochette-ordinateur-irisee-nova-dore\/#primaryimage","url":"https:\/\/ratatamkids.com\/wp-content\/uploads\/2025\/06\/POCHETTE-ORDI-NOVA-OR-LIFESTYLE-2.jpg","contentUrl":"https:\/\/ratatamkids.com\/wp-content\/uploads\/2025\/06\/POCHETTE-ORDI-NOVA-OR-LIFESTYLE-2.jpg","width":1999,"height":1999},{"@type":"BreadcrumbList","@id":"https:\/\/ratatamkids.com\/en\/produit\/la-pochette-ordinateur-irisee-nova-dore\/#breadcrumb","itemListElement":[{"@type":"ListItem","position":1,"name":"Accueil","item":"https:\/\/ratatamkids.com\/en\/"},{"@type":"ListItem","position":2,"name":"Shop","item":"https:\/\/ratatamkids.com\/en\/shop\/"},{"@type":"ListItem","position":3,"name":"Accessories","item":"https:\/\/ratatamkids.com\/en\/categorie-produit\/accessories\/"},{"@type":"ListItem","position":4,"name":"Bags","item":"https:\/\/ratatamkids.com\/en\/categorie-produit\/accessories\/bags\/"},{"@type":"ListItem","position":5,"name":"La Pochette Ordinateur iris\u00e9e Nova -Dor\u00e9"}]},{"@type":"WebSite","@id":"https:\/\/ratatamkids.com\/en\/#website","url":"https:\/\/ratatamkids.com\/en\/","name":"Ratatam Official Website","description":"Cool brand for happy kids!","potentialAction":[{"@type":"SearchAction","target":{"@type":"EntryPoint","urlTemplate":"https:\/\/ratatamkids.com\/en\/?s={search_term_string}"},"query-input":{"@type":"PropertyValueSpecification","valueRequired":true,"valueName":"search_term_string"}}],"inLanguage":"en-US"}]}},"_links":{"self":[{"href":"https:\/\/ratatamkids.com\/en\/wp-json\/wp\/v2\/product\/39246","targetHints":{"allow":["GET"]}}],"collection":[{"href":"https:\/\/ratatamkids.com\/en\/wp-json\/wp\/v2\/product"}],"about":[{"href":"https:\/\/ratatamkids.com\/en\/wp-json\/wp\/v2\/types\/product"}],"replies":[{"embeddable":true,"href":"https:\/\/ratatamkids.com\/en\/wp-json\/wp\/v2\/comments?post=39246"}],"wp:featuredmedia":[{"embeddable":true,"href":"https:\/\/ratatamkids.com\/en\/wp-json\/wp\/v2\/media\/44242"}],"wp:attachment":[{"href":"https:\/\/ratatamkids.com\/en\/wp-json\/wp\/v2\/media?parent=39246"}],"wp:term":[{"taxonomy":"product_brand","embeddable":true,"href":"https:\/\/ratatamkids.com\/en\/wp-json\/wp\/v2\/product_brand?post=39246"},{"taxonomy":"product_cat","embeddable":true,"href":"https:\/\/ratatamkids.com\/en\/wp-json\/wp\/v2\/product_cat?post=39246"},{"taxonomy":"product_tag","embeddable":true,"href":"https:\/\/ratatamkids.com\/en\/wp-json\/wp\/v2\/product_tag?post=39246"}],"curies":[{"name":"wp","href":"https:\/\/api.w.org\/{rel}","templated":true}]}}