{"id":39233,"date":"2025-06-06T11:47:09","date_gmt":"2025-06-06T09:47:09","guid":{"rendered":"https:\/\/ratatamkids.com\/?post_type=product&#038;p=39233"},"modified":"2026-03-30T13:38:42","modified_gmt":"2026-03-30T11:38:42","slug":"le-cabas-nova-dore","status":"publish","type":"product","link":"https:\/\/ratatamkids.com\/en\/produit\/le-cabas-nova-dore\/","title":{"rendered":"Le grand sac iris\u00e9 Nova &#8211; Dor\u00e9"},"content":{"rendered":"<p>\u2728 <strong data-start=\"127\" data-end=\"175\">LE SAC CABAS NOVA QUI FAIT TOUT (ET LE FAIT BIEN)<\/strong> \u2728<\/p>\n<p data-start=\"195\" data-end=\"336\">Le sac cabas Nova \u00a0<strong data-start=\"247\" data-end=\"263\">Ratatam Kids<\/strong> d\u00e9barque en <strong>dor\u00e9\u00a0iris\u00e9<\/strong>, et il ne passe <strong data-start=\"307\" data-end=\"321\">clairement<\/strong> pas inaper\u00e7u !<\/p>\n<p data-start=\"338\" data-end=\"660\">Fabriqu\u00e9 avec soin en Chine, ce cabas est <strong data-start=\"380\" data-end=\"399\">le crush absolu<\/strong> pour celles qui veulent mixer <strong data-start=\"430\" data-end=\"450\">style + pratique<\/strong> sans compromis.<\/p>\n<p data-start=\"338\" data-end=\"660\">Le nouveau cabas <strong data-start=\"199\" data-end=\"226\">Ratatam Kids dor\u00e9 \u00a0iris\u00e9<\/strong>, c\u2019est <strong data-start=\"234\" data-end=\"255\">la touche glitter<\/strong> qu\u2019il manquait \u00e0 ta routine ! Ce sac ultra styl\u00e9 s\u2019adresse \u00e0 toutes les g\u00e9n\u00e9rations de <strong data-start=\"372\" data-end=\"388\">fashionistas<\/strong> : des mini stars en maternelle aux <strong data-start=\"424\" data-end=\"446\">ados ultra look\u00e9es<\/strong>, sans oublier les <strong data-start=\"465\" data-end=\"481\">working moms<\/strong> qui veulent tout emporter avec style \ud83d\udcbc\ud83d\udc69\u200d\ud83d\udc67\ud83d\udc5b<\/p>\n<p data-start=\"530\" data-end=\"560\">\ud83d\udc96 <strong data-start=\"533\" data-end=\"558\">Pourquoi on l\u2019adore ?<\/strong><\/p>\n<ul data-start=\"561\" data-end=\"916\">\n<li data-start=\"561\" data-end=\"713\">\n<p data-start=\"563\" data-end=\"713\">Il est <strong data-start=\"570\" data-end=\"599\">grand (mais pas trop), l\u00e9ger et r\u00e9sistant<\/strong> (parfait pour trimballer cahiers, ordi, go\u00fbter, agenda, trousse de make-up et 1000 autres trucs indispensables)<\/p>\n<\/li>\n<li data-start=\"714\" data-end=\"800\">\n<p data-start=\"716\" data-end=\"800\">Son <strong data-start=\"720\" data-end=\"740\">effet dor\u00e9 iris\u00e9<\/strong> capte la lumi\u00e8re comme une boule \u00e0 facettes\ud83c\udf1f<\/p>\n<\/li>\n<li data-start=\"801\" data-end=\"916\">\n<p data-start=\"803\" data-end=\"916\">Il passe cr\u00e8me partout : <strong data-start=\"828\" data-end=\"865\">cours, bureau, shopping, week-end<\/strong>, il suit le rythme effr\u00e9n\u00e9 des vies bien remplies.<\/p>\n<\/li>\n<\/ul>\n<p data-start=\"918\" data-end=\"1090\">\ud83c\udf92 <strong data-start=\"921\" data-end=\"938\">Version ado ?<\/strong><br data-start=\"938\" data-end=\"941\" \/>C\u2019est le sac de cours <strong data-start=\"963\" data-end=\"993\">le plus styl\u00e9 de la classe<\/strong>. Assez grand pour les classeurs, assez cool pour les selfies, et surtout <strong data-start=\"1067\" data-end=\"1089\">z\u00e9ro faute de go\u00fbt<\/strong>.<\/p>\n<p data-start=\"1092\" data-end=\"1240\">\ud83d\udc81\u200d\u2640\ufe0f <strong data-start=\"1098\" data-end=\"1117\">Version maman ?<\/strong><br data-start=\"1117\" data-end=\"1120\" \/>Un cabas qui remplace \u00e0 la fois ton sac \u00e0 main, ton sac de boulot, et ton tote bag oubli\u00e9. Le tout avec un max de style.<\/p>\n<p data-start=\"1242\" data-end=\"1310\">\u2728 <strong data-start=\"1244\" data-end=\"1310\">BREF : le cabas qui matche ton lifestyle de queen, \u00e0 tout \u00e2ge.<\/strong><\/p>\n<p data-start=\"1242\" data-end=\"1310\">Fabriqu\u00e9 en Chine<\/p>\n","protected":false},"excerpt":{"rendered":"<p>\u2728<strong data-start=\"59\" data-end=\"95\">Le cabas dor\u00e9 Nova \u00a0Ratatam Kids<\/strong> : le sac ultra styl\u00e9 pour les ados en mode cours, les mamans press\u00e9es (mais look\u00e9es), et toutes les fashionistas qui aiment briller ! L\u00e9ger, grand et canon, il t\u2019accompagne partout, du bureau \u00e0 l\u2019\u00e9cole en passant par le go\u00fbter. \ud83d\udcbc\ud83c\udf08\ud83d\udc96<\/p>\n","protected":false},"featured_media":43969,"comment_status":"open","ping_status":"closed","template":"","meta":{"_acf_changed":false},"product_brand":[],"product_cat":[547,23,240],"product_tag":[],"class_list":{"0":"post-39233","1":"product","2":"type-product","3":"status-publish","4":"has-post-thumbnail","6":"product_cat-nouveautes","7":"product_cat-accessoires","8":"product_cat-sacs","10":"first","11":"instock","12":"taxable","13":"shipping-taxable","14":"purchasable","15":"product-type-simple"},"acf":[],"yoast_head":"<!-- This site is optimized with the Yoast SEO plugin v25.4 - https:\/\/yoast.com\/wordpress\/plugins\/seo\/ -->\n<title>Le grand sac iris\u00e9 Nova - Dor\u00e9 - Ratatam Official Website<\/title>\n<meta name=\"description\" content=\"Cabas Nova Ratatam Kids \u2728 Iris\u00e9 dor\u00e9, pratique et styl\u00e9 \ud83d\udc5c Parfait pour l\u2019\u00e9cole, les sorties et briller en toute occasion \ud83c\udf1f\" \/>\n<meta name=\"robots\" content=\"index, follow, max-snippet:-1, max-image-preview:large, max-video-preview:-1\" \/>\n<link rel=\"canonical\" href=\"https:\/\/ratatamkids.com\/en\/produit\/le-cabas-nova-dore\/\" \/>\n<meta property=\"og:locale\" content=\"en_US\" \/>\n<meta property=\"og:type\" content=\"article\" \/>\n<meta property=\"og:title\" content=\"Le grand sac iris\u00e9 Nova - Dor\u00e9 - Ratatam Official Website\" \/>\n<meta property=\"og:description\" content=\"Cabas Nova Ratatam Kids \u2728 Iris\u00e9 dor\u00e9, pratique et styl\u00e9 \ud83d\udc5c Parfait pour l\u2019\u00e9cole, les sorties et briller en toute occasion \ud83c\udf1f\" \/>\n<meta property=\"og:url\" content=\"https:\/\/ratatamkids.com\/en\/produit\/le-cabas-nova-dore\/\" \/>\n<meta property=\"og:site_name\" content=\"Ratatam Official Website\" \/>\n<meta property=\"article:publisher\" content=\"https:\/\/www.facebook.com\/Ratatamforhappykids\/\" \/>\n<meta property=\"article:modified_time\" content=\"2026-03-30T11:38:42+00:00\" \/>\n<meta property=\"og:image\" content=\"https:\/\/ratatamkids.com\/wp-content\/uploads\/2025\/06\/FT-A047-GRAND-SAC-NOVA-IRISE-DORE-2.jpg\" \/>\n\t<meta property=\"og:image:width\" content=\"1080\" \/>\n\t<meta property=\"og:image:height\" content=\"1080\" \/>\n\t<meta property=\"og:image:type\" content=\"image\/jpeg\" \/>\n<meta name=\"twitter:card\" content=\"summary_large_image\" \/>\n<meta name=\"twitter:label1\" content=\"Est. reading time\" \/>\n\t<meta name=\"twitter:data1\" content=\"2 minutes\" \/>\n<script type=\"application\/ld+json\" class=\"yoast-schema-graph\">{\"@context\":\"https:\/\/schema.org\",\"@graph\":[{\"@type\":\"WebPage\",\"@id\":\"https:\/\/ratatamkids.com\/en\/produit\/le-cabas-nova-dore\/\",\"url\":\"https:\/\/ratatamkids.com\/en\/produit\/le-cabas-nova-dore\/\",\"name\":\"Le grand sac iris\u00e9 Nova - Dor\u00e9 - Ratatam Official Website\",\"isPartOf\":{\"@id\":\"https:\/\/ratatamkids.com\/en\/#website\"},\"primaryImageOfPage\":{\"@id\":\"https:\/\/ratatamkids.com\/en\/produit\/le-cabas-nova-dore\/#primaryimage\"},\"image\":{\"@id\":\"https:\/\/ratatamkids.com\/en\/produit\/le-cabas-nova-dore\/#primaryimage\"},\"thumbnailUrl\":\"https:\/\/ratatamkids.com\/wp-content\/uploads\/2025\/06\/FT-A047-GRAND-SAC-NOVA-IRISE-DORE-2.jpg\",\"datePublished\":\"2025-06-06T09:47:09+00:00\",\"dateModified\":\"2026-03-30T11:38:42+00:00\",\"description\":\"Cabas Nova Ratatam Kids \u2728 Iris\u00e9 dor\u00e9, pratique et styl\u00e9 \ud83d\udc5c Parfait pour l\u2019\u00e9cole, les sorties et briller en toute occasion \ud83c\udf1f\",\"breadcrumb\":{\"@id\":\"https:\/\/ratatamkids.com\/en\/produit\/le-cabas-nova-dore\/#breadcrumb\"},\"inLanguage\":\"en-US\",\"potentialAction\":[{\"@type\":\"ReadAction\",\"target\":[\"https:\/\/ratatamkids.com\/en\/produit\/le-cabas-nova-dore\/\"]}]},{\"@type\":\"ImageObject\",\"inLanguage\":\"en-US\",\"@id\":\"https:\/\/ratatamkids.com\/en\/produit\/le-cabas-nova-dore\/#primaryimage\",\"url\":\"https:\/\/ratatamkids.com\/wp-content\/uploads\/2025\/06\/FT-A047-GRAND-SAC-NOVA-IRISE-DORE-2.jpg\",\"contentUrl\":\"https:\/\/ratatamkids.com\/wp-content\/uploads\/2025\/06\/FT-A047-GRAND-SAC-NOVA-IRISE-DORE-2.jpg\",\"width\":1080,\"height\":1080},{\"@type\":\"BreadcrumbList\",\"@id\":\"https:\/\/ratatamkids.com\/en\/produit\/le-cabas-nova-dore\/#breadcrumb\",\"itemListElement\":[{\"@type\":\"ListItem\",\"position\":1,\"name\":\"Accueil\",\"item\":\"https:\/\/ratatamkids.com\/en\/\"},{\"@type\":\"ListItem\",\"position\":2,\"name\":\"Shop\",\"item\":\"https:\/\/ratatamkids.com\/en\/shop\/\"},{\"@type\":\"ListItem\",\"position\":3,\"name\":\"Accessories\",\"item\":\"https:\/\/ratatamkids.com\/en\/categorie-produit\/accessories\/\"},{\"@type\":\"ListItem\",\"position\":4,\"name\":\"Bags\",\"item\":\"https:\/\/ratatamkids.com\/en\/categorie-produit\/accessories\/bags\/\"},{\"@type\":\"ListItem\",\"position\":5,\"name\":\"Le grand sac iris\u00e9 Nova &#8211; Dor\u00e9\"}]},{\"@type\":\"WebSite\",\"@id\":\"https:\/\/ratatamkids.com\/en\/#website\",\"url\":\"https:\/\/ratatamkids.com\/en\/\",\"name\":\"Ratatam Official Website\",\"description\":\"Cool brand for happy kids!\",\"potentialAction\":[{\"@type\":\"SearchAction\",\"target\":{\"@type\":\"EntryPoint\",\"urlTemplate\":\"https:\/\/ratatamkids.com\/en\/?s={search_term_string}\"},\"query-input\":{\"@type\":\"PropertyValueSpecification\",\"valueRequired\":true,\"valueName\":\"search_term_string\"}}],\"inLanguage\":\"en-US\"}]}<\/script>\n<!-- \/ Yoast SEO plugin. -->","yoast_head_json":{"title":"Le grand sac iris\u00e9 Nova - Dor\u00e9 - Ratatam Official Website","description":"Cabas Nova Ratatam Kids \u2728 Iris\u00e9 dor\u00e9, pratique et styl\u00e9 \ud83d\udc5c Parfait pour l\u2019\u00e9cole, les sorties et briller en toute occasion \ud83c\udf1f","robots":{"index":"index","follow":"follow","max-snippet":"max-snippet:-1","max-image-preview":"max-image-preview:large","max-video-preview":"max-video-preview:-1"},"canonical":"https:\/\/ratatamkids.com\/en\/produit\/le-cabas-nova-dore\/","og_locale":"en_US","og_type":"article","og_title":"Le grand sac iris\u00e9 Nova - Dor\u00e9 - Ratatam Official Website","og_description":"Cabas Nova Ratatam Kids \u2728 Iris\u00e9 dor\u00e9, pratique et styl\u00e9 \ud83d\udc5c Parfait pour l\u2019\u00e9cole, les sorties et briller en toute occasion \ud83c\udf1f","og_url":"https:\/\/ratatamkids.com\/en\/produit\/le-cabas-nova-dore\/","og_site_name":"Ratatam Official Website","article_publisher":"https:\/\/www.facebook.com\/Ratatamforhappykids\/","article_modified_time":"2026-03-30T11:38:42+00:00","og_image":[{"width":1080,"height":1080,"url":"https:\/\/ratatamkids.com\/wp-content\/uploads\/2025\/06\/FT-A047-GRAND-SAC-NOVA-IRISE-DORE-2.jpg","type":"image\/jpeg"}],"twitter_card":"summary_large_image","twitter_misc":{"Est. reading time":"2 minutes"},"schema":{"@context":"https:\/\/schema.org","@graph":[{"@type":"WebPage","@id":"https:\/\/ratatamkids.com\/en\/produit\/le-cabas-nova-dore\/","url":"https:\/\/ratatamkids.com\/en\/produit\/le-cabas-nova-dore\/","name":"Le grand sac iris\u00e9 Nova - Dor\u00e9 - Ratatam Official Website","isPartOf":{"@id":"https:\/\/ratatamkids.com\/en\/#website"},"primaryImageOfPage":{"@id":"https:\/\/ratatamkids.com\/en\/produit\/le-cabas-nova-dore\/#primaryimage"},"image":{"@id":"https:\/\/ratatamkids.com\/en\/produit\/le-cabas-nova-dore\/#primaryimage"},"thumbnailUrl":"https:\/\/ratatamkids.com\/wp-content\/uploads\/2025\/06\/FT-A047-GRAND-SAC-NOVA-IRISE-DORE-2.jpg","datePublished":"2025-06-06T09:47:09+00:00","dateModified":"2026-03-30T11:38:42+00:00","description":"Cabas Nova Ratatam Kids \u2728 Iris\u00e9 dor\u00e9, pratique et styl\u00e9 \ud83d\udc5c Parfait pour l\u2019\u00e9cole, les sorties et briller en toute occasion \ud83c\udf1f","breadcrumb":{"@id":"https:\/\/ratatamkids.com\/en\/produit\/le-cabas-nova-dore\/#breadcrumb"},"inLanguage":"en-US","potentialAction":[{"@type":"ReadAction","target":["https:\/\/ratatamkids.com\/en\/produit\/le-cabas-nova-dore\/"]}]},{"@type":"ImageObject","inLanguage":"en-US","@id":"https:\/\/ratatamkids.com\/en\/produit\/le-cabas-nova-dore\/#primaryimage","url":"https:\/\/ratatamkids.com\/wp-content\/uploads\/2025\/06\/FT-A047-GRAND-SAC-NOVA-IRISE-DORE-2.jpg","contentUrl":"https:\/\/ratatamkids.com\/wp-content\/uploads\/2025\/06\/FT-A047-GRAND-SAC-NOVA-IRISE-DORE-2.jpg","width":1080,"height":1080},{"@type":"BreadcrumbList","@id":"https:\/\/ratatamkids.com\/en\/produit\/le-cabas-nova-dore\/#breadcrumb","itemListElement":[{"@type":"ListItem","position":1,"name":"Accueil","item":"https:\/\/ratatamkids.com\/en\/"},{"@type":"ListItem","position":2,"name":"Shop","item":"https:\/\/ratatamkids.com\/en\/shop\/"},{"@type":"ListItem","position":3,"name":"Accessories","item":"https:\/\/ratatamkids.com\/en\/categorie-produit\/accessories\/"},{"@type":"ListItem","position":4,"name":"Bags","item":"https:\/\/ratatamkids.com\/en\/categorie-produit\/accessories\/bags\/"},{"@type":"ListItem","position":5,"name":"Le grand sac iris\u00e9 Nova &#8211; Dor\u00e9"}]},{"@type":"WebSite","@id":"https:\/\/ratatamkids.com\/en\/#website","url":"https:\/\/ratatamkids.com\/en\/","name":"Ratatam Official Website","description":"Cool brand for happy kids!","potentialAction":[{"@type":"SearchAction","target":{"@type":"EntryPoint","urlTemplate":"https:\/\/ratatamkids.com\/en\/?s={search_term_string}"},"query-input":{"@type":"PropertyValueSpecification","valueRequired":true,"valueName":"search_term_string"}}],"inLanguage":"en-US"}]}},"_links":{"self":[{"href":"https:\/\/ratatamkids.com\/en\/wp-json\/wp\/v2\/product\/39233","targetHints":{"allow":["GET"]}}],"collection":[{"href":"https:\/\/ratatamkids.com\/en\/wp-json\/wp\/v2\/product"}],"about":[{"href":"https:\/\/ratatamkids.com\/en\/wp-json\/wp\/v2\/types\/product"}],"replies":[{"embeddable":true,"href":"https:\/\/ratatamkids.com\/en\/wp-json\/wp\/v2\/comments?post=39233"}],"wp:featuredmedia":[{"embeddable":true,"href":"https:\/\/ratatamkids.com\/en\/wp-json\/wp\/v2\/media\/43969"}],"wp:attachment":[{"href":"https:\/\/ratatamkids.com\/en\/wp-json\/wp\/v2\/media?parent=39233"}],"wp:term":[{"taxonomy":"product_brand","embeddable":true,"href":"https:\/\/ratatamkids.com\/en\/wp-json\/wp\/v2\/product_brand?post=39233"},{"taxonomy":"product_cat","embeddable":true,"href":"https:\/\/ratatamkids.com\/en\/wp-json\/wp\/v2\/product_cat?post=39233"},{"taxonomy":"product_tag","embeddable":true,"href":"https:\/\/ratatamkids.com\/en\/wp-json\/wp\/v2\/product_tag?post=39233"}],"curies":[{"name":"wp","href":"https:\/\/api.w.org\/{rel}","templated":true}]}}