{"id":38950,"date":"2025-05-23T15:20:53","date_gmt":"2025-05-23T13:20:53","guid":{"rendered":"https:\/\/ratatamkids.com\/?post_type=product&#038;p=38950"},"modified":"2026-04-03T13:34:13","modified_gmt":"2026-04-03T11:34:13","slug":"paire-de-boucles-doreille-clip-etoiles-jaune","status":"publish","type":"product","link":"https:\/\/ratatamkids.com\/en\/produit\/paire-de-boucles-doreille-clip-etoiles-jaune\/","title":{"rendered":"Paire de boucles d&#8217;oreille clip ETOILES &#8211; Jaune"},"content":{"rendered":"<h2 data-sourcepos=\"5:1-5:98\">\ud83d\udc9b\u2600\ufe0f <strong>Brille comme le Soleil ! Boucles d&#8217;Oreilles Clips \u00c9toile Jaune Lumineuse pour Enfant<\/strong> \u2728<\/h2>\n<p data-sourcepos=\"7:1-7:444\">Coucou les petits rayons de soleil ! Pr\u00eats \u00e0 faire scintiller vos oreilles avec une touche de jaune \u00e9clatant ?<\/p>\n<p data-sourcepos=\"7:1-7:444\">D\u00e9couvrez nos <strong>super boucles d&#8217;oreilles clips en forme d&#8217;\u00e9toile jaune<\/strong> ! Avec leur couleur aussi joyeuse et lumineuse que le soleil du matin, elles sont comme une petite \u00e9toile qui met de la bonne humeur partout, pr\u00eate \u00e0 illuminer toutes tes aventures ! C&#8217;est le petit accessoire parfait pour un look trop cool et plein d&#8217;\u00e9nergie !<\/p>\n<p data-sourcepos=\"9:1-9:497\">Ces jolies \u00e9toiles se clipsent <strong>en un clin d&#8217;\u0153il<\/strong>, sans m\u00eame avoir besoin de percer vos oreilles ! C&#8217;est super facile de les mettre et de les enlever, pour changer de style plus vite qu&#8217;un \u00e9clair. Parfaites pour une journ\u00e9e ensoleill\u00e9e, pour te d\u00e9guiser en personnage de dessin anim\u00e9 lumineux ou en super-h\u00e9ros, ou juste pour ajouter une touche de jaune p\u00e9tillant \u00e0 ta journ\u00e9e. Imagine toutes les missions pleines de joie et les rires que tu vas partager avec ces \u00e9toiles jaunes \u00e0 tes oreilles !<\/p>\n<h3 data-sourcepos=\"11:1-11:32\">Pourquoi tu vas les adorer :<\/h3>\n<ul data-sourcepos=\"13:1-18:0\">\n<li data-sourcepos=\"13:1-13:107\"><strong>Une \u00e9toile pleine de joie :<\/strong> Un motif classique et une couleur \u00e9clatante pour un look super lumineux !<\/li>\n<li data-sourcepos=\"14:1-14:84\"><strong>Clip, et la magie op\u00e8re !<\/strong> Hyper faciles \u00e0 poser et \u00e0 enlever, tout en douceur.<\/li>\n<li data-sourcepos=\"15:1-15:128\"><strong>Pour toutes tes explorations ensoleill\u00e9es :<\/strong> Parfaites pour les jeux, les anniversaires ou pour r\u00eaver de jours sans nuages.<\/li>\n<li data-sourcepos=\"16:1-16:73\"><strong>Trop mignonnes :<\/strong> Un design adorable qui fera craquer tous tes amis.<\/li>\n<li data-sourcepos=\"17:1-18:0\"><strong>Le cadeau qui illumine :<\/strong> Pour toi ou pour offrir \u00e0 un(e) ami(e) qui adore le soleil et les belles couleurs !<\/li>\n<\/ul>\n<p>Ces boucles d&#8217;oreilles existent aussi en bleu, vert, rose et violet !<\/p>\n<p>Fabriqu\u00e9 en Chine<\/p>\n<p>Interdit aux moins de 3 ans<\/p>\n<p data-start=\"1099\" data-end=\"1158\">\u267b\ufe0f <strong data-start=\"1102\" data-end=\"1132\">Emballage 100 % recyclable<\/strong><\/p>\n<p data-start=\"1099\" data-end=\"1158\"><img loading=\"lazy\" decoding=\"async\" class=\"sFlh5c FyHeAf iPVvYb\" src=\"https:\/\/www.sytraival.com\/img\/actualite-zoom\/5d22bec45b677c13da5e3ed4e1969e6a\/21-logo-triman.png\" alt=\"Triman: le logo du tri - Sytraival\" width=\"31\" height=\"32\" \/><\/p>\n","protected":false},"excerpt":{"rendered":"<p>Envie de rayonner ? Mets vite ces boucles d&#8217;oreilles clips <strong>\u00e9toile jaune<\/strong> ! \ud83c\udf1f<\/p>\n<p>Elles sont tellement jolies et faciles \u00e0 poser que tu vas vouloir illuminer toutes les pi\u00e8ces.<\/p>\n<p>Un coup de lumi\u00e8re pour un style stellaire qui donne le sourire !<\/p>\n","protected":false},"featured_media":38759,"comment_status":"open","ping_status":"closed","template":"","meta":{"_acf_changed":false},"product_brand":[],"product_cat":[549,556,553,554,551,552,23,257,235],"product_tag":[],"class_list":{"0":"post-38950","1":"product","2":"type-product","3":"status-publish","4":"has-post-thumbnail","6":"product_cat-idees-cadeaux","7":"product_cat-10e","8":"product_cat-20e","9":"product_cat-40e","10":"product_cat-3-6-ans","11":"product_cat-6-ans-et","12":"product_cat-accessoires","13":"product_cat-accessoires-de-mode","14":"product_cat-bijoux","16":"first","17":"instock","18":"taxable","19":"shipping-taxable","20":"purchasable","21":"product-type-simple"},"acf":[],"yoast_head":"<!-- This site is optimized with the Yoast SEO plugin v25.4 - https:\/\/yoast.com\/wordpress\/plugins\/seo\/ -->\n<title>Paire de boucles d&#039;oreille clip ETOILES - Jaune - Ratatam Official Website<\/title>\n<meta name=\"description\" content=\"Boucles d&#039;oreilles clips \u00e9toile jaune pour enfants ! \ud83c\udf1f\ud83d\udc9b Faciles \u00e0 clipser, parfaites pour un look lumineux et fun sans per\u00e7age.\" \/>\n<meta name=\"robots\" content=\"index, follow, max-snippet:-1, max-image-preview:large, max-video-preview:-1\" \/>\n<link rel=\"canonical\" href=\"https:\/\/ratatamkids.com\/en\/produit\/paire-de-boucles-doreille-clip-etoiles-jaune\/\" \/>\n<meta property=\"og:locale\" content=\"en_US\" \/>\n<meta property=\"og:type\" content=\"article\" \/>\n<meta property=\"og:title\" content=\"Paire de boucles d&#039;oreille clip ETOILES - Jaune - Ratatam Official Website\" \/>\n<meta property=\"og:description\" content=\"Boucles d&#039;oreilles clips \u00e9toile jaune pour enfants ! \ud83c\udf1f\ud83d\udc9b Faciles \u00e0 clipser, parfaites pour un look lumineux et fun sans per\u00e7age.\" \/>\n<meta property=\"og:url\" content=\"https:\/\/ratatamkids.com\/en\/produit\/paire-de-boucles-doreille-clip-etoiles-jaune\/\" \/>\n<meta property=\"og:site_name\" content=\"Ratatam Official Website\" \/>\n<meta property=\"article:publisher\" content=\"https:\/\/www.facebook.com\/Ratatamforhappykids\/\" \/>\n<meta property=\"article:modified_time\" content=\"2026-04-03T11:34:13+00:00\" \/>\n<meta property=\"og:image\" content=\"https:\/\/ratatamkids.com\/wp-content\/uploads\/2025\/03\/EA-00029-BOUCLE-OREILLES-ETOILES-6.jpg\" \/>\n\t<meta property=\"og:image:width\" content=\"2000\" \/>\n\t<meta property=\"og:image:height\" content=\"2000\" \/>\n\t<meta property=\"og:image:type\" content=\"image\/jpeg\" \/>\n<meta name=\"twitter:card\" content=\"summary_large_image\" \/>\n<meta name=\"twitter:label1\" content=\"Est. reading time\" \/>\n\t<meta name=\"twitter:data1\" content=\"2 minutes\" \/>\n<script type=\"application\/ld+json\" class=\"yoast-schema-graph\">{\"@context\":\"https:\/\/schema.org\",\"@graph\":[{\"@type\":\"WebPage\",\"@id\":\"https:\/\/ratatamkids.com\/en\/produit\/paire-de-boucles-doreille-clip-etoiles-jaune\/\",\"url\":\"https:\/\/ratatamkids.com\/en\/produit\/paire-de-boucles-doreille-clip-etoiles-jaune\/\",\"name\":\"Paire de boucles d'oreille clip ETOILES - Jaune - Ratatam Official Website\",\"isPartOf\":{\"@id\":\"https:\/\/ratatamkids.com\/en\/#website\"},\"primaryImageOfPage\":{\"@id\":\"https:\/\/ratatamkids.com\/en\/produit\/paire-de-boucles-doreille-clip-etoiles-jaune\/#primaryimage\"},\"image\":{\"@id\":\"https:\/\/ratatamkids.com\/en\/produit\/paire-de-boucles-doreille-clip-etoiles-jaune\/#primaryimage\"},\"thumbnailUrl\":\"https:\/\/ratatamkids.com\/wp-content\/uploads\/2025\/03\/EA-00029-BOUCLE-OREILLES-ETOILES-6.jpg\",\"datePublished\":\"2025-05-23T13:20:53+00:00\",\"dateModified\":\"2026-04-03T11:34:13+00:00\",\"description\":\"Boucles d'oreilles clips \u00e9toile jaune pour enfants ! \ud83c\udf1f\ud83d\udc9b Faciles \u00e0 clipser, parfaites pour un look lumineux et fun sans per\u00e7age.\",\"breadcrumb\":{\"@id\":\"https:\/\/ratatamkids.com\/en\/produit\/paire-de-boucles-doreille-clip-etoiles-jaune\/#breadcrumb\"},\"inLanguage\":\"en-US\",\"potentialAction\":[{\"@type\":\"ReadAction\",\"target\":[\"https:\/\/ratatamkids.com\/en\/produit\/paire-de-boucles-doreille-clip-etoiles-jaune\/\"]}]},{\"@type\":\"ImageObject\",\"inLanguage\":\"en-US\",\"@id\":\"https:\/\/ratatamkids.com\/en\/produit\/paire-de-boucles-doreille-clip-etoiles-jaune\/#primaryimage\",\"url\":\"https:\/\/ratatamkids.com\/wp-content\/uploads\/2025\/03\/EA-00029-BOUCLE-OREILLES-ETOILES-6.jpg\",\"contentUrl\":\"https:\/\/ratatamkids.com\/wp-content\/uploads\/2025\/03\/EA-00029-BOUCLE-OREILLES-ETOILES-6.jpg\",\"width\":2000,\"height\":2000,\"caption\":\"PACK DE 5 PAIRES DE BOULES D'OREILLES A CLIPSER ETOILES JAUNE EA-00029\"},{\"@type\":\"BreadcrumbList\",\"@id\":\"https:\/\/ratatamkids.com\/en\/produit\/paire-de-boucles-doreille-clip-etoiles-jaune\/#breadcrumb\",\"itemListElement\":[{\"@type\":\"ListItem\",\"position\":1,\"name\":\"Accueil\",\"item\":\"https:\/\/ratatamkids.com\/en\/\"},{\"@type\":\"ListItem\",\"position\":2,\"name\":\"Shop\",\"item\":\"https:\/\/ratatamkids.com\/en\/shop\/\"},{\"@type\":\"ListItem\",\"position\":3,\"name\":\"id\u00e9es cadeaux\",\"item\":\"https:\/\/ratatamkids.com\/en\/categorie-produit\/idees-cadeaux\/\"},{\"@type\":\"ListItem\",\"position\":4,\"name\":\"-10\u20ac\",\"item\":\"https:\/\/ratatamkids.com\/en\/categorie-produit\/idees-cadeaux\/10e\/\"},{\"@type\":\"ListItem\",\"position\":5,\"name\":\"Paire de boucles d&rsquo;oreille clip ETOILES &#8211; Jaune\"}]},{\"@type\":\"WebSite\",\"@id\":\"https:\/\/ratatamkids.com\/en\/#website\",\"url\":\"https:\/\/ratatamkids.com\/en\/\",\"name\":\"Ratatam Official Website\",\"description\":\"Cool brand for happy kids!\",\"potentialAction\":[{\"@type\":\"SearchAction\",\"target\":{\"@type\":\"EntryPoint\",\"urlTemplate\":\"https:\/\/ratatamkids.com\/en\/?s={search_term_string}\"},\"query-input\":{\"@type\":\"PropertyValueSpecification\",\"valueRequired\":true,\"valueName\":\"search_term_string\"}}],\"inLanguage\":\"en-US\"}]}<\/script>\n<!-- \/ Yoast SEO plugin. -->","yoast_head_json":{"title":"Paire de boucles d'oreille clip ETOILES - Jaune - Ratatam Official Website","description":"Boucles d'oreilles clips \u00e9toile jaune pour enfants ! \ud83c\udf1f\ud83d\udc9b Faciles \u00e0 clipser, parfaites pour un look lumineux et fun sans per\u00e7age.","robots":{"index":"index","follow":"follow","max-snippet":"max-snippet:-1","max-image-preview":"max-image-preview:large","max-video-preview":"max-video-preview:-1"},"canonical":"https:\/\/ratatamkids.com\/en\/produit\/paire-de-boucles-doreille-clip-etoiles-jaune\/","og_locale":"en_US","og_type":"article","og_title":"Paire de boucles d'oreille clip ETOILES - Jaune - Ratatam Official Website","og_description":"Boucles d'oreilles clips \u00e9toile jaune pour enfants ! \ud83c\udf1f\ud83d\udc9b Faciles \u00e0 clipser, parfaites pour un look lumineux et fun sans per\u00e7age.","og_url":"https:\/\/ratatamkids.com\/en\/produit\/paire-de-boucles-doreille-clip-etoiles-jaune\/","og_site_name":"Ratatam Official Website","article_publisher":"https:\/\/www.facebook.com\/Ratatamforhappykids\/","article_modified_time":"2026-04-03T11:34:13+00:00","og_image":[{"width":2000,"height":2000,"url":"https:\/\/ratatamkids.com\/wp-content\/uploads\/2025\/03\/EA-00029-BOUCLE-OREILLES-ETOILES-6.jpg","type":"image\/jpeg"}],"twitter_card":"summary_large_image","twitter_misc":{"Est. reading time":"2 minutes"},"schema":{"@context":"https:\/\/schema.org","@graph":[{"@type":"WebPage","@id":"https:\/\/ratatamkids.com\/en\/produit\/paire-de-boucles-doreille-clip-etoiles-jaune\/","url":"https:\/\/ratatamkids.com\/en\/produit\/paire-de-boucles-doreille-clip-etoiles-jaune\/","name":"Paire de boucles d'oreille clip ETOILES - Jaune - Ratatam Official Website","isPartOf":{"@id":"https:\/\/ratatamkids.com\/en\/#website"},"primaryImageOfPage":{"@id":"https:\/\/ratatamkids.com\/en\/produit\/paire-de-boucles-doreille-clip-etoiles-jaune\/#primaryimage"},"image":{"@id":"https:\/\/ratatamkids.com\/en\/produit\/paire-de-boucles-doreille-clip-etoiles-jaune\/#primaryimage"},"thumbnailUrl":"https:\/\/ratatamkids.com\/wp-content\/uploads\/2025\/03\/EA-00029-BOUCLE-OREILLES-ETOILES-6.jpg","datePublished":"2025-05-23T13:20:53+00:00","dateModified":"2026-04-03T11:34:13+00:00","description":"Boucles d'oreilles clips \u00e9toile jaune pour enfants ! \ud83c\udf1f\ud83d\udc9b Faciles \u00e0 clipser, parfaites pour un look lumineux et fun sans per\u00e7age.","breadcrumb":{"@id":"https:\/\/ratatamkids.com\/en\/produit\/paire-de-boucles-doreille-clip-etoiles-jaune\/#breadcrumb"},"inLanguage":"en-US","potentialAction":[{"@type":"ReadAction","target":["https:\/\/ratatamkids.com\/en\/produit\/paire-de-boucles-doreille-clip-etoiles-jaune\/"]}]},{"@type":"ImageObject","inLanguage":"en-US","@id":"https:\/\/ratatamkids.com\/en\/produit\/paire-de-boucles-doreille-clip-etoiles-jaune\/#primaryimage","url":"https:\/\/ratatamkids.com\/wp-content\/uploads\/2025\/03\/EA-00029-BOUCLE-OREILLES-ETOILES-6.jpg","contentUrl":"https:\/\/ratatamkids.com\/wp-content\/uploads\/2025\/03\/EA-00029-BOUCLE-OREILLES-ETOILES-6.jpg","width":2000,"height":2000,"caption":"PACK DE 5 PAIRES DE BOULES D'OREILLES A CLIPSER ETOILES JAUNE EA-00029"},{"@type":"BreadcrumbList","@id":"https:\/\/ratatamkids.com\/en\/produit\/paire-de-boucles-doreille-clip-etoiles-jaune\/#breadcrumb","itemListElement":[{"@type":"ListItem","position":1,"name":"Accueil","item":"https:\/\/ratatamkids.com\/en\/"},{"@type":"ListItem","position":2,"name":"Shop","item":"https:\/\/ratatamkids.com\/en\/shop\/"},{"@type":"ListItem","position":3,"name":"id\u00e9es cadeaux","item":"https:\/\/ratatamkids.com\/en\/categorie-produit\/idees-cadeaux\/"},{"@type":"ListItem","position":4,"name":"-10\u20ac","item":"https:\/\/ratatamkids.com\/en\/categorie-produit\/idees-cadeaux\/10e\/"},{"@type":"ListItem","position":5,"name":"Paire de boucles d&rsquo;oreille clip ETOILES &#8211; Jaune"}]},{"@type":"WebSite","@id":"https:\/\/ratatamkids.com\/en\/#website","url":"https:\/\/ratatamkids.com\/en\/","name":"Ratatam Official Website","description":"Cool brand for happy kids!","potentialAction":[{"@type":"SearchAction","target":{"@type":"EntryPoint","urlTemplate":"https:\/\/ratatamkids.com\/en\/?s={search_term_string}"},"query-input":{"@type":"PropertyValueSpecification","valueRequired":true,"valueName":"search_term_string"}}],"inLanguage":"en-US"}]}},"_links":{"self":[{"href":"https:\/\/ratatamkids.com\/en\/wp-json\/wp\/v2\/product\/38950","targetHints":{"allow":["GET"]}}],"collection":[{"href":"https:\/\/ratatamkids.com\/en\/wp-json\/wp\/v2\/product"}],"about":[{"href":"https:\/\/ratatamkids.com\/en\/wp-json\/wp\/v2\/types\/product"}],"replies":[{"embeddable":true,"href":"https:\/\/ratatamkids.com\/en\/wp-json\/wp\/v2\/comments?post=38950"}],"wp:featuredmedia":[{"embeddable":true,"href":"https:\/\/ratatamkids.com\/en\/wp-json\/wp\/v2\/media\/38759"}],"wp:attachment":[{"href":"https:\/\/ratatamkids.com\/en\/wp-json\/wp\/v2\/media?parent=38950"}],"wp:term":[{"taxonomy":"product_brand","embeddable":true,"href":"https:\/\/ratatamkids.com\/en\/wp-json\/wp\/v2\/product_brand?post=38950"},{"taxonomy":"product_cat","embeddable":true,"href":"https:\/\/ratatamkids.com\/en\/wp-json\/wp\/v2\/product_cat?post=38950"},{"taxonomy":"product_tag","embeddable":true,"href":"https:\/\/ratatamkids.com\/en\/wp-json\/wp\/v2\/product_tag?post=38950"}],"curies":[{"name":"wp","href":"https:\/\/api.w.org\/{rel}","templated":true}]}}