{"id":38946,"date":"2025-05-23T15:00:25","date_gmt":"2025-05-23T13:00:25","guid":{"rendered":"https:\/\/ratatamkids.com\/?post_type=product&#038;p=38946"},"modified":"2026-04-16T08:44:28","modified_gmt":"2026-04-16T06:44:28","slug":"paire-de-boucles-doreille-clip-fleurs-bleu","status":"publish","type":"product","link":"https:\/\/ratatamkids.com\/en\/produit\/paire-de-boucles-doreille-clip-fleurs-bleu\/","title":{"rendered":"Paire de boucles d&#8217;oreille clip fleurs -Bleu"},"content":{"rendered":"<h1 data-sourcepos=\"5:1-5:90\">\ud83d\udc99\ud83c\udf0a Plonge dans l&#8217;Oc\u00e9an de Style !<\/h1>\n<h1 data-sourcepos=\"5:1-5:90\">Boucles d&#8217;Oreilles Clips Fleur Bleue pour Enfant<\/h1>\n<p data-sourcepos=\"7:1-7:462\">Salut les petits poissons ! Pr\u00eats \u00e0 faire des vagues et \u00e0 illuminer vos oreilles avec une touche de bleu rafra\u00eechissant ?<\/p>\n<p data-sourcepos=\"7:1-7:462\">D\u00e9couvrez nos <strong>super boucles d&#8217;oreilles clips en forme de fleur bleue<\/strong> ! Avec leur couleur aussi belle que l&#8217;oc\u00e9an ou un ciel d&#8217;\u00e9t\u00e9, elles sont comme une petite fleur magique sortie des profondeurs, pr\u00eate \u00e0 vous faire voyager dans des aventures aquatiques ! C&#8217;est le petit accessoire parfait pour un look trop cool et plein de fra\u00eecheur !<\/p>\n<p data-sourcepos=\"9:1-9:486\">Ces jolies fleurs se clipsent <strong>en un \u00e9clair<\/strong>, sans m\u00eame avoir besoin de percer vos oreilles ! C&#8217;est tellement facile de les mettre et de les enlever, pour changer de style plus vite qu&#8217;un poisson-clown. Parfaites pour une journ\u00e9e \u00e0 la plage imaginaire, pour te d\u00e9guiser en sir\u00e8ne ou en super-h\u00e9ros aquatique, ou juste pour ajouter une touche de bleu rigolo \u00e0 ta journ\u00e9e. Imagine toutes les missions sous-marines et les rires que tu vas partager avec ces fleurs bleues \u00e0 tes oreilles !<\/p>\n<h3 data-sourcepos=\"11:1-11:32\">Pourquoi tu vas les adorer :<\/h3>\n<ul data-sourcepos=\"13:1-18:0\">\n<li data-sourcepos=\"13:1-13:122\"><strong>Une fleur qui fait &#8220;plouf&#8221; :<\/strong> Un motif joyeux et une couleur qui invite au voyage pour un look super rafra\u00eechissant !<\/li>\n<li data-sourcepos=\"14:1-14:89\"><strong>Clip, et l&#8217;aventure commence !<\/strong> Hyper faciles \u00e0 poser et \u00e0 enlever, tout en douceur.<\/li>\n<li data-sourcepos=\"15:1-15:126\"><strong>Pour toutes tes explorations:<\/strong> Parfaites pour les jeux, les anniversaires ou pour r\u00eaver de cr\u00e9atures marines.<\/li>\n<li data-sourcepos=\"16:1-16:74\"><strong>Trop mignonnes :<\/strong> Un design adorable qui fera chavirer tous tes amis.<\/li>\n<li data-sourcepos=\"17:1-18:0\"><strong>Le cadeau qui fait des bulles de joie :<\/strong> Pour toi ou pour offrir \u00e0 un(e) ami(e) qui adore l&#8217;eau et les belles couleurs !<\/li>\n<\/ul>\n<p data-sourcepos=\"33:1-33:76\"><strong>Ces boucles d&#8217;oreilles existent aussi en corail, jaune, violet et rose !<\/strong><\/p>\n<p data-sourcepos=\"33:1-33:76\">Fabriqu\u00e9 en Chine<\/p>\n<p data-start=\"1099\" data-end=\"1158\">\u267b\ufe0f <strong data-start=\"1102\" data-end=\"1132\">Emballage 100 % recyclable<\/strong><\/p>\n<p data-start=\"1099\" data-end=\"1158\"><img loading=\"lazy\" decoding=\"async\" class=\"sFlh5c FyHeAf iPVvYb\" src=\"https:\/\/www.sytraival.com\/img\/actualite-zoom\/5d22bec45b677c13da5e3ed4e1969e6a\/21-logo-triman.png\" alt=\"Triman: le logo du tri - Sytraival\" width=\"31\" height=\"32\" \/><\/p>\n","protected":false},"excerpt":{"rendered":"<p>Tes oreilles vont adorer nos boucles d&#8217;oreilles clips fleur bleue ! \ud83d\udc99<\/p>\n<p>Elles se clippent en un \u00e9clair pour des aventures pleines de fra\u00eecheur et de magie.<\/p>\n<p>Psst, elles existent aussi en plein d&#8217;autres teintes trop rigolotes pour changer de style !<\/p>\n","protected":false},"featured_media":38715,"comment_status":"open","ping_status":"closed","template":"","meta":{"_acf_changed":false},"product_brand":[],"product_cat":[23,257,235],"product_tag":[],"class_list":{"0":"post-38946","1":"product","2":"type-product","3":"status-publish","4":"has-post-thumbnail","6":"product_cat-accessoires","7":"product_cat-accessoires-de-mode","8":"product_cat-bijoux","10":"first","11":"instock","12":"taxable","13":"shipping-taxable","14":"purchasable","15":"product-type-simple"},"acf":[],"yoast_head":"<!-- This site is optimized with the Yoast SEO plugin v25.4 - https:\/\/yoast.com\/wordpress\/plugins\/seo\/ -->\n<title>Paire de boucles d&#039;oreille clip fleurs -Bleu - Ratatam Official Website<\/title>\n<meta name=\"description\" content=\"Boucles d&#039;oreilles clips fleur bleue pour enfants ! \ud83d\udc99\ud83c\udf0a Faciles \u00e0 clipser, parfaites pour un look frais et fun sans per\u00e7age.\" \/>\n<meta name=\"robots\" content=\"index, follow, max-snippet:-1, max-image-preview:large, max-video-preview:-1\" \/>\n<link rel=\"canonical\" href=\"https:\/\/ratatamkids.com\/en\/produit\/paire-de-boucles-doreille-clip-fleurs-bleu\/\" \/>\n<meta property=\"og:locale\" content=\"en_US\" \/>\n<meta property=\"og:type\" content=\"article\" \/>\n<meta property=\"og:title\" content=\"Paire de boucles d&#039;oreille clip fleurs -Bleu - Ratatam Official Website\" \/>\n<meta property=\"og:description\" content=\"Boucles d&#039;oreilles clips fleur bleue pour enfants ! \ud83d\udc99\ud83c\udf0a Faciles \u00e0 clipser, parfaites pour un look frais et fun sans per\u00e7age.\" \/>\n<meta property=\"og:url\" content=\"https:\/\/ratatamkids.com\/en\/produit\/paire-de-boucles-doreille-clip-fleurs-bleu\/\" \/>\n<meta property=\"og:site_name\" content=\"Ratatam Official Website\" \/>\n<meta property=\"article:publisher\" content=\"https:\/\/www.facebook.com\/Ratatamforhappykids\/\" \/>\n<meta property=\"article:modified_time\" content=\"2026-04-16T06:44:28+00:00\" \/>\n<meta property=\"og:image\" content=\"https:\/\/ratatamkids.com\/wp-content\/uploads\/2025\/03\/EA-00031-BOUCLES-OREILLES-FLEURS-9.jpg\" \/>\n\t<meta property=\"og:image:width\" content=\"2000\" \/>\n\t<meta property=\"og:image:height\" content=\"2000\" \/>\n\t<meta property=\"og:image:type\" content=\"image\/jpeg\" \/>\n<meta name=\"twitter:card\" content=\"summary_large_image\" \/>\n<meta name=\"twitter:label1\" content=\"Est. reading time\" \/>\n\t<meta name=\"twitter:data1\" content=\"2 minutes\" \/>\n<script type=\"application\/ld+json\" class=\"yoast-schema-graph\">{\"@context\":\"https:\/\/schema.org\",\"@graph\":[{\"@type\":\"WebPage\",\"@id\":\"https:\/\/ratatamkids.com\/en\/produit\/paire-de-boucles-doreille-clip-fleurs-bleu\/\",\"url\":\"https:\/\/ratatamkids.com\/en\/produit\/paire-de-boucles-doreille-clip-fleurs-bleu\/\",\"name\":\"Paire de boucles d'oreille clip fleurs -Bleu - Ratatam Official Website\",\"isPartOf\":{\"@id\":\"https:\/\/ratatamkids.com\/en\/#website\"},\"primaryImageOfPage\":{\"@id\":\"https:\/\/ratatamkids.com\/en\/produit\/paire-de-boucles-doreille-clip-fleurs-bleu\/#primaryimage\"},\"image\":{\"@id\":\"https:\/\/ratatamkids.com\/en\/produit\/paire-de-boucles-doreille-clip-fleurs-bleu\/#primaryimage\"},\"thumbnailUrl\":\"https:\/\/ratatamkids.com\/wp-content\/uploads\/2025\/03\/EA-00031-BOUCLES-OREILLES-FLEURS-9.jpg\",\"datePublished\":\"2025-05-23T13:00:25+00:00\",\"dateModified\":\"2026-04-16T06:44:28+00:00\",\"description\":\"Boucles d'oreilles clips fleur bleue pour enfants ! \ud83d\udc99\ud83c\udf0a Faciles \u00e0 clipser, parfaites pour un look frais et fun sans per\u00e7age.\",\"breadcrumb\":{\"@id\":\"https:\/\/ratatamkids.com\/en\/produit\/paire-de-boucles-doreille-clip-fleurs-bleu\/#breadcrumb\"},\"inLanguage\":\"en-US\",\"potentialAction\":[{\"@type\":\"ReadAction\",\"target\":[\"https:\/\/ratatamkids.com\/en\/produit\/paire-de-boucles-doreille-clip-fleurs-bleu\/\"]}]},{\"@type\":\"ImageObject\",\"inLanguage\":\"en-US\",\"@id\":\"https:\/\/ratatamkids.com\/en\/produit\/paire-de-boucles-doreille-clip-fleurs-bleu\/#primaryimage\",\"url\":\"https:\/\/ratatamkids.com\/wp-content\/uploads\/2025\/03\/EA-00031-BOUCLES-OREILLES-FLEURS-9.jpg\",\"contentUrl\":\"https:\/\/ratatamkids.com\/wp-content\/uploads\/2025\/03\/EA-00031-BOUCLES-OREILLES-FLEURS-9.jpg\",\"width\":2000,\"height\":2000,\"caption\":\"PACK 5 PAIRES DE BOUCLES D'OREILLES CLIP FLEURS EA-00031\"},{\"@type\":\"BreadcrumbList\",\"@id\":\"https:\/\/ratatamkids.com\/en\/produit\/paire-de-boucles-doreille-clip-fleurs-bleu\/#breadcrumb\",\"itemListElement\":[{\"@type\":\"ListItem\",\"position\":1,\"name\":\"Accueil\",\"item\":\"https:\/\/ratatamkids.com\/en\/\"},{\"@type\":\"ListItem\",\"position\":2,\"name\":\"Shop\",\"item\":\"https:\/\/ratatamkids.com\/en\/shop\/\"},{\"@type\":\"ListItem\",\"position\":3,\"name\":\"Accessories\",\"item\":\"https:\/\/ratatamkids.com\/en\/categorie-produit\/accessories\/\"},{\"@type\":\"ListItem\",\"position\":4,\"name\":\"Fashion Accessories\",\"item\":\"https:\/\/ratatamkids.com\/en\/categorie-produit\/accessories\/fashion-accessories\/\"},{\"@type\":\"ListItem\",\"position\":5,\"name\":\"Paire de boucles d&rsquo;oreille clip fleurs -Bleu\"}]},{\"@type\":\"WebSite\",\"@id\":\"https:\/\/ratatamkids.com\/en\/#website\",\"url\":\"https:\/\/ratatamkids.com\/en\/\",\"name\":\"Ratatam Official Website\",\"description\":\"Cool brand for happy kids!\",\"potentialAction\":[{\"@type\":\"SearchAction\",\"target\":{\"@type\":\"EntryPoint\",\"urlTemplate\":\"https:\/\/ratatamkids.com\/en\/?s={search_term_string}\"},\"query-input\":{\"@type\":\"PropertyValueSpecification\",\"valueRequired\":true,\"valueName\":\"search_term_string\"}}],\"inLanguage\":\"en-US\"}]}<\/script>\n<!-- \/ Yoast SEO plugin. -->","yoast_head_json":{"title":"Paire de boucles d'oreille clip fleurs -Bleu - Ratatam Official Website","description":"Boucles d'oreilles clips fleur bleue pour enfants ! \ud83d\udc99\ud83c\udf0a Faciles \u00e0 clipser, parfaites pour un look frais et fun sans per\u00e7age.","robots":{"index":"index","follow":"follow","max-snippet":"max-snippet:-1","max-image-preview":"max-image-preview:large","max-video-preview":"max-video-preview:-1"},"canonical":"https:\/\/ratatamkids.com\/en\/produit\/paire-de-boucles-doreille-clip-fleurs-bleu\/","og_locale":"en_US","og_type":"article","og_title":"Paire de boucles d'oreille clip fleurs -Bleu - Ratatam Official Website","og_description":"Boucles d'oreilles clips fleur bleue pour enfants ! \ud83d\udc99\ud83c\udf0a Faciles \u00e0 clipser, parfaites pour un look frais et fun sans per\u00e7age.","og_url":"https:\/\/ratatamkids.com\/en\/produit\/paire-de-boucles-doreille-clip-fleurs-bleu\/","og_site_name":"Ratatam Official Website","article_publisher":"https:\/\/www.facebook.com\/Ratatamforhappykids\/","article_modified_time":"2026-04-16T06:44:28+00:00","og_image":[{"width":2000,"height":2000,"url":"https:\/\/ratatamkids.com\/wp-content\/uploads\/2025\/03\/EA-00031-BOUCLES-OREILLES-FLEURS-9.jpg","type":"image\/jpeg"}],"twitter_card":"summary_large_image","twitter_misc":{"Est. reading time":"2 minutes"},"schema":{"@context":"https:\/\/schema.org","@graph":[{"@type":"WebPage","@id":"https:\/\/ratatamkids.com\/en\/produit\/paire-de-boucles-doreille-clip-fleurs-bleu\/","url":"https:\/\/ratatamkids.com\/en\/produit\/paire-de-boucles-doreille-clip-fleurs-bleu\/","name":"Paire de boucles d'oreille clip fleurs -Bleu - Ratatam Official Website","isPartOf":{"@id":"https:\/\/ratatamkids.com\/en\/#website"},"primaryImageOfPage":{"@id":"https:\/\/ratatamkids.com\/en\/produit\/paire-de-boucles-doreille-clip-fleurs-bleu\/#primaryimage"},"image":{"@id":"https:\/\/ratatamkids.com\/en\/produit\/paire-de-boucles-doreille-clip-fleurs-bleu\/#primaryimage"},"thumbnailUrl":"https:\/\/ratatamkids.com\/wp-content\/uploads\/2025\/03\/EA-00031-BOUCLES-OREILLES-FLEURS-9.jpg","datePublished":"2025-05-23T13:00:25+00:00","dateModified":"2026-04-16T06:44:28+00:00","description":"Boucles d'oreilles clips fleur bleue pour enfants ! \ud83d\udc99\ud83c\udf0a Faciles \u00e0 clipser, parfaites pour un look frais et fun sans per\u00e7age.","breadcrumb":{"@id":"https:\/\/ratatamkids.com\/en\/produit\/paire-de-boucles-doreille-clip-fleurs-bleu\/#breadcrumb"},"inLanguage":"en-US","potentialAction":[{"@type":"ReadAction","target":["https:\/\/ratatamkids.com\/en\/produit\/paire-de-boucles-doreille-clip-fleurs-bleu\/"]}]},{"@type":"ImageObject","inLanguage":"en-US","@id":"https:\/\/ratatamkids.com\/en\/produit\/paire-de-boucles-doreille-clip-fleurs-bleu\/#primaryimage","url":"https:\/\/ratatamkids.com\/wp-content\/uploads\/2025\/03\/EA-00031-BOUCLES-OREILLES-FLEURS-9.jpg","contentUrl":"https:\/\/ratatamkids.com\/wp-content\/uploads\/2025\/03\/EA-00031-BOUCLES-OREILLES-FLEURS-9.jpg","width":2000,"height":2000,"caption":"PACK 5 PAIRES DE BOUCLES D'OREILLES CLIP FLEURS EA-00031"},{"@type":"BreadcrumbList","@id":"https:\/\/ratatamkids.com\/en\/produit\/paire-de-boucles-doreille-clip-fleurs-bleu\/#breadcrumb","itemListElement":[{"@type":"ListItem","position":1,"name":"Accueil","item":"https:\/\/ratatamkids.com\/en\/"},{"@type":"ListItem","position":2,"name":"Shop","item":"https:\/\/ratatamkids.com\/en\/shop\/"},{"@type":"ListItem","position":3,"name":"Accessories","item":"https:\/\/ratatamkids.com\/en\/categorie-produit\/accessories\/"},{"@type":"ListItem","position":4,"name":"Fashion Accessories","item":"https:\/\/ratatamkids.com\/en\/categorie-produit\/accessories\/fashion-accessories\/"},{"@type":"ListItem","position":5,"name":"Paire de boucles d&rsquo;oreille clip fleurs -Bleu"}]},{"@type":"WebSite","@id":"https:\/\/ratatamkids.com\/en\/#website","url":"https:\/\/ratatamkids.com\/en\/","name":"Ratatam Official Website","description":"Cool brand for happy kids!","potentialAction":[{"@type":"SearchAction","target":{"@type":"EntryPoint","urlTemplate":"https:\/\/ratatamkids.com\/en\/?s={search_term_string}"},"query-input":{"@type":"PropertyValueSpecification","valueRequired":true,"valueName":"search_term_string"}}],"inLanguage":"en-US"}]}},"_links":{"self":[{"href":"https:\/\/ratatamkids.com\/en\/wp-json\/wp\/v2\/product\/38946","targetHints":{"allow":["GET"]}}],"collection":[{"href":"https:\/\/ratatamkids.com\/en\/wp-json\/wp\/v2\/product"}],"about":[{"href":"https:\/\/ratatamkids.com\/en\/wp-json\/wp\/v2\/types\/product"}],"replies":[{"embeddable":true,"href":"https:\/\/ratatamkids.com\/en\/wp-json\/wp\/v2\/comments?post=38946"}],"wp:featuredmedia":[{"embeddable":true,"href":"https:\/\/ratatamkids.com\/en\/wp-json\/wp\/v2\/media\/38715"}],"wp:attachment":[{"href":"https:\/\/ratatamkids.com\/en\/wp-json\/wp\/v2\/media?parent=38946"}],"wp:term":[{"taxonomy":"product_brand","embeddable":true,"href":"https:\/\/ratatamkids.com\/en\/wp-json\/wp\/v2\/product_brand?post=38946"},{"taxonomy":"product_cat","embeddable":true,"href":"https:\/\/ratatamkids.com\/en\/wp-json\/wp\/v2\/product_cat?post=38946"},{"taxonomy":"product_tag","embeddable":true,"href":"https:\/\/ratatamkids.com\/en\/wp-json\/wp\/v2\/product_tag?post=38946"}],"curies":[{"name":"wp","href":"https:\/\/api.w.org\/{rel}","templated":true}]}}