{"id":38680,"date":"2025-05-12T14:57:25","date_gmt":"2025-05-12T12:57:25","guid":{"rendered":"https:\/\/ratatamkids.com\/produit\/balle-rebondissante-souris-multico-jaune\/"},"modified":"2026-04-15T10:45:35","modified_gmt":"2026-04-15T08:45:35","slug":"balle-rebondissante-souris-multico-jaune","status":"publish","type":"product","link":"https:\/\/ratatamkids.com\/en\/produit\/balle-rebondissante-souris-multico-jaune\/","title":{"rendered":"Balle rebondissante souris multico &#8211; jaune"},"content":{"rendered":"<p>\ud83d\udc2d\u2728\ud83d\udc9b <strong>C&#8217;est la f\u00eate des couleurs&#8230; avec une star jaune \u00e9tincelante !<\/strong><\/p>\n<p>D\u00e9couvre la balle rebondissante souris multicolore&#8230; o\u00f9 le jaune met de la joie partout !<\/p>\n<p>Ses pastilles brillantes adorent danser avec toutes les couleurs, surtout le jaune qui donne la p\u00eache !<\/p>\n<p>On dirait une petite f\u00eate jaune et brillante dans ta main !<\/p>\n<p>Et regarde ! Elle arrive dans une maison en carton trop mignonne en forme de souris.<\/p>\n<p>C&#8217;est un cadeau surprise qui n&#8217;attend que toi pour des jeux jaunes et multicolores super rigolos !<\/p>\n<p>Alors, pr\u00e9parez-vous \u00e0 des aventures pleines de rebondissements avec notre fantastique balle rebondissante souris ! C\u2019est le secret pour des jeux actifs et des moments de complicit\u00e9 inoubliables avec votre petit aventurier !<\/p>\n<p>43 mm<\/p>\n<p>Livr\u00e9e dans son emballage kraft souris<\/p>\n<p>Caoutchouc<\/p>\n<p>Disponible en orange, bleu et jaune !<\/p>\n<p>Fabriqu\u00e9 en Chine<\/p>\n<p>\u00c9viter toute exposition prolong\u00e9e \u00e0 la chaleur ou \u00e0 la lumi\u00e8re<\/p>\n<p data-start=\"1099\" data-end=\"1158\">\u267b\ufe0f <strong data-start=\"1102\" data-end=\"1132\">Emballage 100 % recyclable<\/strong><\/p>\n<p data-start=\"1099\" data-end=\"1158\"><img loading=\"lazy\" decoding=\"async\" class=\"sFlh5c FyHeAf iPVvYb\" src=\"https:\/\/www.sytraival.com\/img\/actualite-zoom\/5d22bec45b677c13da5e3ed4e1969e6a\/21-logo-triman.png\" alt=\"Triman: le logo du tri - Sytraival\" width=\"31\" height=\"32\" \/><\/p>\n","protected":false},"excerpt":{"rendered":"<p>Stimulez l&#8217;imagination et l&#8217;activit\u00e9 de votre enfant avec la balle rebondissante souris multicolore jaune ! Emballage rigolo inclus pour des aventures jaunes encore plus fun !<\/p>\n","protected":false},"featured_media":38689,"comment_status":"open","ping_status":"closed","template":"","meta":{"_acf_changed":false},"product_brand":[],"product_cat":[15,24,250,191],"product_tag":[],"class_list":{"0":"post-38680","1":"product","2":"type-product","3":"status-publish","4":"has-post-thumbnail","6":"product_cat-non-classe","7":"product_cat-jouets","8":"product_cat-balles-rebondissantes","9":"product_cat-balles-rebondissantes-souris","11":"first","12":"instock","13":"taxable","14":"shipping-taxable","15":"purchasable","16":"product-type-simple"},"acf":[],"yoast_head":"<!-- This site is optimized with the Yoast SEO plugin v25.4 - https:\/\/yoast.com\/wordpress\/plugins\/seo\/ -->\n<title>Balle rebondissante souris multico - jaune - Ratatam Official Website<\/title>\n<meta name=\"description\" content=\"D\u00e9couvrez la balle rebondissante souris multicolore avec une touche de jaune \u00e9clatant ! \ud83c\udf1f Livr\u00e9e dans un emballage souris surprise. Jeux actifs et rires jaunes garantis pour les enfants !\" \/>\n<meta name=\"robots\" content=\"index, follow, max-snippet:-1, max-image-preview:large, max-video-preview:-1\" \/>\n<link rel=\"canonical\" href=\"https:\/\/ratatamkids.com\/en\/produit\/balle-rebondissante-souris-multico-jaune\/\" \/>\n<meta property=\"og:locale\" content=\"en_US\" \/>\n<meta property=\"og:type\" content=\"article\" \/>\n<meta property=\"og:title\" content=\"Balle rebondissante souris multico - jaune - Ratatam Official Website\" \/>\n<meta property=\"og:description\" content=\"D\u00e9couvrez la balle rebondissante souris multicolore avec une touche de jaune \u00e9clatant ! \ud83c\udf1f Livr\u00e9e dans un emballage souris surprise. Jeux actifs et rires jaunes garantis pour les enfants !\" \/>\n<meta property=\"og:url\" content=\"https:\/\/ratatamkids.com\/en\/produit\/balle-rebondissante-souris-multico-jaune\/\" \/>\n<meta property=\"og:site_name\" content=\"Ratatam Official Website\" \/>\n<meta property=\"article:publisher\" content=\"https:\/\/www.facebook.com\/Ratatamforhappykids\/\" \/>\n<meta property=\"article:modified_time\" content=\"2026-04-15T08:45:35+00:00\" \/>\n<meta property=\"og:image\" content=\"https:\/\/ratatamkids.com\/wp-content\/uploads\/2025\/05\/BRS-083-BALLE-REBONDISSANTE-SOURIS-JAUNE.png\" \/>\n\t<meta property=\"og:image:width\" content=\"800\" \/>\n\t<meta property=\"og:image:height\" content=\"800\" \/>\n\t<meta property=\"og:image:type\" content=\"image\/png\" \/>\n<meta name=\"twitter:card\" content=\"summary_large_image\" \/>\n<meta name=\"twitter:label1\" content=\"Est. reading time\" \/>\n\t<meta name=\"twitter:data1\" content=\"2 minutes\" \/>\n<script type=\"application\/ld+json\" class=\"yoast-schema-graph\">{\"@context\":\"https:\/\/schema.org\",\"@graph\":[{\"@type\":\"WebPage\",\"@id\":\"https:\/\/ratatamkids.com\/en\/produit\/balle-rebondissante-souris-multico-jaune\/\",\"url\":\"https:\/\/ratatamkids.com\/en\/produit\/balle-rebondissante-souris-multico-jaune\/\",\"name\":\"Balle rebondissante souris multico - jaune - Ratatam Official Website\",\"isPartOf\":{\"@id\":\"https:\/\/ratatamkids.com\/en\/#website\"},\"primaryImageOfPage\":{\"@id\":\"https:\/\/ratatamkids.com\/en\/produit\/balle-rebondissante-souris-multico-jaune\/#primaryimage\"},\"image\":{\"@id\":\"https:\/\/ratatamkids.com\/en\/produit\/balle-rebondissante-souris-multico-jaune\/#primaryimage\"},\"thumbnailUrl\":\"https:\/\/ratatamkids.com\/wp-content\/uploads\/2025\/05\/BRS-083-BALLE-REBONDISSANTE-SOURIS-JAUNE.png\",\"datePublished\":\"2025-05-12T12:57:25+00:00\",\"dateModified\":\"2026-04-15T08:45:35+00:00\",\"description\":\"D\u00e9couvrez la balle rebondissante souris multicolore avec une touche de jaune \u00e9clatant ! \ud83c\udf1f Livr\u00e9e dans un emballage souris surprise. Jeux actifs et rires jaunes garantis pour les enfants !\",\"breadcrumb\":{\"@id\":\"https:\/\/ratatamkids.com\/en\/produit\/balle-rebondissante-souris-multico-jaune\/#breadcrumb\"},\"inLanguage\":\"en-US\",\"potentialAction\":[{\"@type\":\"ReadAction\",\"target\":[\"https:\/\/ratatamkids.com\/en\/produit\/balle-rebondissante-souris-multico-jaune\/\"]}]},{\"@type\":\"ImageObject\",\"inLanguage\":\"en-US\",\"@id\":\"https:\/\/ratatamkids.com\/en\/produit\/balle-rebondissante-souris-multico-jaune\/#primaryimage\",\"url\":\"https:\/\/ratatamkids.com\/wp-content\/uploads\/2025\/05\/BRS-083-BALLE-REBONDISSANTE-SOURIS-JAUNE.png\",\"contentUrl\":\"https:\/\/ratatamkids.com\/wp-content\/uploads\/2025\/05\/BRS-083-BALLE-REBONDISSANTE-SOURIS-JAUNE.png\",\"width\":800,\"height\":800,\"caption\":\"BALLE REBONDISSANTE SOURIS MULTICO JAUNE BRS-083\"},{\"@type\":\"BreadcrumbList\",\"@id\":\"https:\/\/ratatamkids.com\/en\/produit\/balle-rebondissante-souris-multico-jaune\/#breadcrumb\",\"itemListElement\":[{\"@type\":\"ListItem\",\"position\":1,\"name\":\"Accueil\",\"item\":\"https:\/\/ratatamkids.com\/en\/\"},{\"@type\":\"ListItem\",\"position\":2,\"name\":\"Shop\",\"item\":\"https:\/\/ratatamkids.com\/en\/shop\/\"},{\"@type\":\"ListItem\",\"position\":3,\"name\":\"Non classifi\u00e9(e)\",\"item\":\"https:\/\/ratatamkids.com\/en\/categorie-produit\/non-classifiee\/\"},{\"@type\":\"ListItem\",\"position\":4,\"name\":\"Balle rebondissante souris multico &#8211; jaune\"}]},{\"@type\":\"WebSite\",\"@id\":\"https:\/\/ratatamkids.com\/en\/#website\",\"url\":\"https:\/\/ratatamkids.com\/en\/\",\"name\":\"Ratatam Official Website\",\"description\":\"Cool brand for happy kids!\",\"potentialAction\":[{\"@type\":\"SearchAction\",\"target\":{\"@type\":\"EntryPoint\",\"urlTemplate\":\"https:\/\/ratatamkids.com\/en\/?s={search_term_string}\"},\"query-input\":{\"@type\":\"PropertyValueSpecification\",\"valueRequired\":true,\"valueName\":\"search_term_string\"}}],\"inLanguage\":\"en-US\"}]}<\/script>\n<!-- \/ Yoast SEO plugin. -->","yoast_head_json":{"title":"Balle rebondissante souris multico - jaune - Ratatam Official Website","description":"D\u00e9couvrez la balle rebondissante souris multicolore avec une touche de jaune \u00e9clatant ! \ud83c\udf1f Livr\u00e9e dans un emballage souris surprise. Jeux actifs et rires jaunes garantis pour les enfants !","robots":{"index":"index","follow":"follow","max-snippet":"max-snippet:-1","max-image-preview":"max-image-preview:large","max-video-preview":"max-video-preview:-1"},"canonical":"https:\/\/ratatamkids.com\/en\/produit\/balle-rebondissante-souris-multico-jaune\/","og_locale":"en_US","og_type":"article","og_title":"Balle rebondissante souris multico - jaune - Ratatam Official Website","og_description":"D\u00e9couvrez la balle rebondissante souris multicolore avec une touche de jaune \u00e9clatant ! \ud83c\udf1f Livr\u00e9e dans un emballage souris surprise. Jeux actifs et rires jaunes garantis pour les enfants !","og_url":"https:\/\/ratatamkids.com\/en\/produit\/balle-rebondissante-souris-multico-jaune\/","og_site_name":"Ratatam Official Website","article_publisher":"https:\/\/www.facebook.com\/Ratatamforhappykids\/","article_modified_time":"2026-04-15T08:45:35+00:00","og_image":[{"width":800,"height":800,"url":"https:\/\/ratatamkids.com\/wp-content\/uploads\/2025\/05\/BRS-083-BALLE-REBONDISSANTE-SOURIS-JAUNE.png","type":"image\/png"}],"twitter_card":"summary_large_image","twitter_misc":{"Est. reading time":"2 minutes"},"schema":{"@context":"https:\/\/schema.org","@graph":[{"@type":"WebPage","@id":"https:\/\/ratatamkids.com\/en\/produit\/balle-rebondissante-souris-multico-jaune\/","url":"https:\/\/ratatamkids.com\/en\/produit\/balle-rebondissante-souris-multico-jaune\/","name":"Balle rebondissante souris multico - jaune - Ratatam Official Website","isPartOf":{"@id":"https:\/\/ratatamkids.com\/en\/#website"},"primaryImageOfPage":{"@id":"https:\/\/ratatamkids.com\/en\/produit\/balle-rebondissante-souris-multico-jaune\/#primaryimage"},"image":{"@id":"https:\/\/ratatamkids.com\/en\/produit\/balle-rebondissante-souris-multico-jaune\/#primaryimage"},"thumbnailUrl":"https:\/\/ratatamkids.com\/wp-content\/uploads\/2025\/05\/BRS-083-BALLE-REBONDISSANTE-SOURIS-JAUNE.png","datePublished":"2025-05-12T12:57:25+00:00","dateModified":"2026-04-15T08:45:35+00:00","description":"D\u00e9couvrez la balle rebondissante souris multicolore avec une touche de jaune \u00e9clatant ! \ud83c\udf1f Livr\u00e9e dans un emballage souris surprise. Jeux actifs et rires jaunes garantis pour les enfants !","breadcrumb":{"@id":"https:\/\/ratatamkids.com\/en\/produit\/balle-rebondissante-souris-multico-jaune\/#breadcrumb"},"inLanguage":"en-US","potentialAction":[{"@type":"ReadAction","target":["https:\/\/ratatamkids.com\/en\/produit\/balle-rebondissante-souris-multico-jaune\/"]}]},{"@type":"ImageObject","inLanguage":"en-US","@id":"https:\/\/ratatamkids.com\/en\/produit\/balle-rebondissante-souris-multico-jaune\/#primaryimage","url":"https:\/\/ratatamkids.com\/wp-content\/uploads\/2025\/05\/BRS-083-BALLE-REBONDISSANTE-SOURIS-JAUNE.png","contentUrl":"https:\/\/ratatamkids.com\/wp-content\/uploads\/2025\/05\/BRS-083-BALLE-REBONDISSANTE-SOURIS-JAUNE.png","width":800,"height":800,"caption":"BALLE REBONDISSANTE SOURIS MULTICO JAUNE BRS-083"},{"@type":"BreadcrumbList","@id":"https:\/\/ratatamkids.com\/en\/produit\/balle-rebondissante-souris-multico-jaune\/#breadcrumb","itemListElement":[{"@type":"ListItem","position":1,"name":"Accueil","item":"https:\/\/ratatamkids.com\/en\/"},{"@type":"ListItem","position":2,"name":"Shop","item":"https:\/\/ratatamkids.com\/en\/shop\/"},{"@type":"ListItem","position":3,"name":"Non classifi\u00e9(e)","item":"https:\/\/ratatamkids.com\/en\/categorie-produit\/non-classifiee\/"},{"@type":"ListItem","position":4,"name":"Balle rebondissante souris multico &#8211; jaune"}]},{"@type":"WebSite","@id":"https:\/\/ratatamkids.com\/en\/#website","url":"https:\/\/ratatamkids.com\/en\/","name":"Ratatam Official Website","description":"Cool brand for happy kids!","potentialAction":[{"@type":"SearchAction","target":{"@type":"EntryPoint","urlTemplate":"https:\/\/ratatamkids.com\/en\/?s={search_term_string}"},"query-input":{"@type":"PropertyValueSpecification","valueRequired":true,"valueName":"search_term_string"}}],"inLanguage":"en-US"}]}},"_links":{"self":[{"href":"https:\/\/ratatamkids.com\/en\/wp-json\/wp\/v2\/product\/38680","targetHints":{"allow":["GET"]}}],"collection":[{"href":"https:\/\/ratatamkids.com\/en\/wp-json\/wp\/v2\/product"}],"about":[{"href":"https:\/\/ratatamkids.com\/en\/wp-json\/wp\/v2\/types\/product"}],"replies":[{"embeddable":true,"href":"https:\/\/ratatamkids.com\/en\/wp-json\/wp\/v2\/comments?post=38680"}],"wp:featuredmedia":[{"embeddable":true,"href":"https:\/\/ratatamkids.com\/en\/wp-json\/wp\/v2\/media\/38689"}],"wp:attachment":[{"href":"https:\/\/ratatamkids.com\/en\/wp-json\/wp\/v2\/media?parent=38680"}],"wp:term":[{"taxonomy":"product_brand","embeddable":true,"href":"https:\/\/ratatamkids.com\/en\/wp-json\/wp\/v2\/product_brand?post=38680"},{"taxonomy":"product_cat","embeddable":true,"href":"https:\/\/ratatamkids.com\/en\/wp-json\/wp\/v2\/product_cat?post=38680"},{"taxonomy":"product_tag","embeddable":true,"href":"https:\/\/ratatamkids.com\/en\/wp-json\/wp\/v2\/product_tag?post=38680"}],"curies":[{"name":"wp","href":"https:\/\/api.w.org\/{rel}","templated":true}]}}