{"id":38679,"date":"2025-05-12T14:57:04","date_gmt":"2025-05-12T12:57:04","guid":{"rendered":"https:\/\/ratatamkids.com\/produit\/balle-rebondissante-souris-multico-bleu\/"},"modified":"2026-04-15T10:44:44","modified_gmt":"2026-04-15T08:44:44","slug":"balle-rebondissante-souris-multico-bleu","status":"publish","type":"product","link":"https:\/\/ratatamkids.com\/en\/produit\/balle-rebondissante-souris-multico-bleu\/","title":{"rendered":"Balle rebondissante souris multico &#8211; bleu"},"content":{"rendered":"<p>\ud83c\udf1f\ud83d\udc2d\ud83d\udc99 <strong>Plonge dans un oc\u00e9an de fun !<\/strong> Voici la super balle rebondissante souris multicolore&#8230; avec une vague de bleu \u00e9clatant !<\/p>\n<p>Ses pastilles multicolores adorent nager avec le bleu joyeux.<\/p>\n<p>Imagines : une petite souris bleue te livre un tr\u00e9sor qui saute et qui p\u00e9tille comme des bulles !<\/p>\n<p>Son emballage secret en forme de souris, c&#8217;est encore plus chouette \u00e0 d\u00e9couvrir !<\/p>\n<p>Attrape cette balle pleine d&#8217;\u00e9nergie et pr\u00e9pare-toi \u00e0 des jeux bleus et multicolores super amusants !<\/p>\n<p>Alors, pr\u00e9parez-vous \u00e0 des aventures pleines de rebondissements avec notre fantastique balle rebondissante souris ! C\u2019est le secret pour des jeux actifs et des moments de complicit\u00e9 inoubliables avec votre petit aventurier !<\/p>\n<p>43 mm<\/p>\n<p>Livr\u00e9e dans son emballage kraft souris<\/p>\n<p>Caoutchouc<\/p>\n<p>Disponible en orange, bleu et jaune !<\/p>\n<p>Fabriqu\u00e9 en Chine<\/p>\n<p>\u00c9viter toute exposition prolong\u00e9e \u00e0 la chaleur ou \u00e0 la lumi\u00e8re<\/p>\n<p data-start=\"1099\" data-end=\"1158\">\u267b\ufe0f <strong data-start=\"1102\" data-end=\"1132\">Emballage 100 % recyclable<\/strong><\/p>\n<p data-start=\"1099\" data-end=\"1158\"><img loading=\"lazy\" decoding=\"async\" class=\"sFlh5c FyHeAf iPVvYb\" src=\"https:\/\/www.sytraival.com\/img\/actualite-zoom\/5d22bec45b677c13da5e3ed4e1969e6a\/21-logo-triman.png\" alt=\"Triman: le logo du tri - Sytraival\" width=\"31\" height=\"32\" \/><\/p>\n","protected":false},"excerpt":{"rendered":"<p data-sourcepos=\"5:1-5:130\">&#8220;Balle rebondissante souris bleue et multicolore ! \ud83d\udc2d\ud83d\udc99<\/p>\n<p data-sourcepos=\"5:1-5:130\">\u00c9toiles brillantes, surprise souris et des rebonds plein d&#8217;oc\u00e9an de fun !<\/p>\n","protected":false},"featured_media":38685,"comment_status":"open","ping_status":"closed","template":"","meta":{"_acf_changed":false},"product_brand":[],"product_cat":[24,250,191],"product_tag":[],"class_list":{"0":"post-38679","1":"product","2":"type-product","3":"status-publish","4":"has-post-thumbnail","6":"product_cat-jouets","7":"product_cat-balles-rebondissantes","8":"product_cat-balles-rebondissantes-souris","10":"first","11":"instock","12":"taxable","13":"shipping-taxable","14":"purchasable","15":"product-type-simple"},"acf":[],"yoast_head":"<!-- This site is optimized with the Yoast SEO plugin v25.4 - https:\/\/yoast.com\/wordpress\/plugins\/seo\/ -->\n<title>Balle rebondissante souris multico - bleu - Ratatam Official Website<\/title>\n<meta name=\"description\" content=\"D\u00e9couvrez la balle rebondissante souris multicolore bleu \u00e9clatant ! \ud83c\udf1f Livr\u00e9e dans un emballage souris. Jeux actifs et rires bleus garantis pour les enfants !\" \/>\n<meta name=\"robots\" content=\"index, follow, max-snippet:-1, max-image-preview:large, max-video-preview:-1\" \/>\n<link rel=\"canonical\" href=\"https:\/\/ratatamkids.com\/en\/produit\/balle-rebondissante-souris-multico-bleu\/\" \/>\n<meta property=\"og:locale\" content=\"en_US\" \/>\n<meta property=\"og:type\" content=\"article\" \/>\n<meta property=\"og:title\" content=\"Balle rebondissante souris multico - bleu - Ratatam Official Website\" \/>\n<meta property=\"og:description\" content=\"D\u00e9couvrez la balle rebondissante souris multicolore bleu \u00e9clatant ! \ud83c\udf1f Livr\u00e9e dans un emballage souris. Jeux actifs et rires bleus garantis pour les enfants !\" \/>\n<meta property=\"og:url\" content=\"https:\/\/ratatamkids.com\/en\/produit\/balle-rebondissante-souris-multico-bleu\/\" \/>\n<meta property=\"og:site_name\" content=\"Ratatam Official Website\" \/>\n<meta property=\"article:publisher\" content=\"https:\/\/www.facebook.com\/Ratatamforhappykids\/\" \/>\n<meta property=\"article:modified_time\" content=\"2026-04-15T08:44:44+00:00\" \/>\n<meta property=\"og:image\" content=\"https:\/\/ratatamkids.com\/wp-content\/uploads\/2025\/05\/BRS-082-BALLE-REBONDISSANTE-SOURIS-MULTICO-BLEU-.png\" \/>\n\t<meta property=\"og:image:width\" content=\"800\" \/>\n\t<meta property=\"og:image:height\" content=\"800\" \/>\n\t<meta property=\"og:image:type\" content=\"image\/png\" \/>\n<meta name=\"twitter:card\" content=\"summary_large_image\" \/>\n<meta name=\"twitter:label1\" content=\"Est. reading time\" \/>\n\t<meta name=\"twitter:data1\" content=\"2 minutes\" \/>\n<script type=\"application\/ld+json\" class=\"yoast-schema-graph\">{\"@context\":\"https:\/\/schema.org\",\"@graph\":[{\"@type\":\"WebPage\",\"@id\":\"https:\/\/ratatamkids.com\/en\/produit\/balle-rebondissante-souris-multico-bleu\/\",\"url\":\"https:\/\/ratatamkids.com\/en\/produit\/balle-rebondissante-souris-multico-bleu\/\",\"name\":\"Balle rebondissante souris multico - bleu - Ratatam Official Website\",\"isPartOf\":{\"@id\":\"https:\/\/ratatamkids.com\/en\/#website\"},\"primaryImageOfPage\":{\"@id\":\"https:\/\/ratatamkids.com\/en\/produit\/balle-rebondissante-souris-multico-bleu\/#primaryimage\"},\"image\":{\"@id\":\"https:\/\/ratatamkids.com\/en\/produit\/balle-rebondissante-souris-multico-bleu\/#primaryimage\"},\"thumbnailUrl\":\"https:\/\/ratatamkids.com\/wp-content\/uploads\/2025\/05\/BRS-082-BALLE-REBONDISSANTE-SOURIS-MULTICO-BLEU-.png\",\"datePublished\":\"2025-05-12T12:57:04+00:00\",\"dateModified\":\"2026-04-15T08:44:44+00:00\",\"description\":\"D\u00e9couvrez la balle rebondissante souris multicolore bleu \u00e9clatant ! \ud83c\udf1f Livr\u00e9e dans un emballage souris. Jeux actifs et rires bleus garantis pour les enfants !\",\"breadcrumb\":{\"@id\":\"https:\/\/ratatamkids.com\/en\/produit\/balle-rebondissante-souris-multico-bleu\/#breadcrumb\"},\"inLanguage\":\"en-US\",\"potentialAction\":[{\"@type\":\"ReadAction\",\"target\":[\"https:\/\/ratatamkids.com\/en\/produit\/balle-rebondissante-souris-multico-bleu\/\"]}]},{\"@type\":\"ImageObject\",\"inLanguage\":\"en-US\",\"@id\":\"https:\/\/ratatamkids.com\/en\/produit\/balle-rebondissante-souris-multico-bleu\/#primaryimage\",\"url\":\"https:\/\/ratatamkids.com\/wp-content\/uploads\/2025\/05\/BRS-082-BALLE-REBONDISSANTE-SOURIS-MULTICO-BLEU-.png\",\"contentUrl\":\"https:\/\/ratatamkids.com\/wp-content\/uploads\/2025\/05\/BRS-082-BALLE-REBONDISSANTE-SOURIS-MULTICO-BLEU-.png\",\"width\":800,\"height\":800,\"caption\":\"BALLE REBONDISSANTE SOURIS MULTICO BLEUE BRS-082\"},{\"@type\":\"BreadcrumbList\",\"@id\":\"https:\/\/ratatamkids.com\/en\/produit\/balle-rebondissante-souris-multico-bleu\/#breadcrumb\",\"itemListElement\":[{\"@type\":\"ListItem\",\"position\":1,\"name\":\"Accueil\",\"item\":\"https:\/\/ratatamkids.com\/en\/\"},{\"@type\":\"ListItem\",\"position\":2,\"name\":\"Shop\",\"item\":\"https:\/\/ratatamkids.com\/en\/shop\/\"},{\"@type\":\"ListItem\",\"position\":3,\"name\":\"Toys\",\"item\":\"https:\/\/ratatamkids.com\/en\/categorie-produit\/toys\/\"},{\"@type\":\"ListItem\",\"position\":4,\"name\":\"Balle rebondissante souris multico &#8211; bleu\"}]},{\"@type\":\"WebSite\",\"@id\":\"https:\/\/ratatamkids.com\/en\/#website\",\"url\":\"https:\/\/ratatamkids.com\/en\/\",\"name\":\"Ratatam Official Website\",\"description\":\"Cool brand for happy kids!\",\"potentialAction\":[{\"@type\":\"SearchAction\",\"target\":{\"@type\":\"EntryPoint\",\"urlTemplate\":\"https:\/\/ratatamkids.com\/en\/?s={search_term_string}\"},\"query-input\":{\"@type\":\"PropertyValueSpecification\",\"valueRequired\":true,\"valueName\":\"search_term_string\"}}],\"inLanguage\":\"en-US\"}]}<\/script>\n<!-- \/ Yoast SEO plugin. -->","yoast_head_json":{"title":"Balle rebondissante souris multico - bleu - Ratatam Official Website","description":"D\u00e9couvrez la balle rebondissante souris multicolore bleu \u00e9clatant ! \ud83c\udf1f Livr\u00e9e dans un emballage souris. Jeux actifs et rires bleus garantis pour les enfants !","robots":{"index":"index","follow":"follow","max-snippet":"max-snippet:-1","max-image-preview":"max-image-preview:large","max-video-preview":"max-video-preview:-1"},"canonical":"https:\/\/ratatamkids.com\/en\/produit\/balle-rebondissante-souris-multico-bleu\/","og_locale":"en_US","og_type":"article","og_title":"Balle rebondissante souris multico - bleu - Ratatam Official Website","og_description":"D\u00e9couvrez la balle rebondissante souris multicolore bleu \u00e9clatant ! \ud83c\udf1f Livr\u00e9e dans un emballage souris. Jeux actifs et rires bleus garantis pour les enfants !","og_url":"https:\/\/ratatamkids.com\/en\/produit\/balle-rebondissante-souris-multico-bleu\/","og_site_name":"Ratatam Official Website","article_publisher":"https:\/\/www.facebook.com\/Ratatamforhappykids\/","article_modified_time":"2026-04-15T08:44:44+00:00","og_image":[{"width":800,"height":800,"url":"https:\/\/ratatamkids.com\/wp-content\/uploads\/2025\/05\/BRS-082-BALLE-REBONDISSANTE-SOURIS-MULTICO-BLEU-.png","type":"image\/png"}],"twitter_card":"summary_large_image","twitter_misc":{"Est. reading time":"2 minutes"},"schema":{"@context":"https:\/\/schema.org","@graph":[{"@type":"WebPage","@id":"https:\/\/ratatamkids.com\/en\/produit\/balle-rebondissante-souris-multico-bleu\/","url":"https:\/\/ratatamkids.com\/en\/produit\/balle-rebondissante-souris-multico-bleu\/","name":"Balle rebondissante souris multico - bleu - Ratatam Official Website","isPartOf":{"@id":"https:\/\/ratatamkids.com\/en\/#website"},"primaryImageOfPage":{"@id":"https:\/\/ratatamkids.com\/en\/produit\/balle-rebondissante-souris-multico-bleu\/#primaryimage"},"image":{"@id":"https:\/\/ratatamkids.com\/en\/produit\/balle-rebondissante-souris-multico-bleu\/#primaryimage"},"thumbnailUrl":"https:\/\/ratatamkids.com\/wp-content\/uploads\/2025\/05\/BRS-082-BALLE-REBONDISSANTE-SOURIS-MULTICO-BLEU-.png","datePublished":"2025-05-12T12:57:04+00:00","dateModified":"2026-04-15T08:44:44+00:00","description":"D\u00e9couvrez la balle rebondissante souris multicolore bleu \u00e9clatant ! \ud83c\udf1f Livr\u00e9e dans un emballage souris. Jeux actifs et rires bleus garantis pour les enfants !","breadcrumb":{"@id":"https:\/\/ratatamkids.com\/en\/produit\/balle-rebondissante-souris-multico-bleu\/#breadcrumb"},"inLanguage":"en-US","potentialAction":[{"@type":"ReadAction","target":["https:\/\/ratatamkids.com\/en\/produit\/balle-rebondissante-souris-multico-bleu\/"]}]},{"@type":"ImageObject","inLanguage":"en-US","@id":"https:\/\/ratatamkids.com\/en\/produit\/balle-rebondissante-souris-multico-bleu\/#primaryimage","url":"https:\/\/ratatamkids.com\/wp-content\/uploads\/2025\/05\/BRS-082-BALLE-REBONDISSANTE-SOURIS-MULTICO-BLEU-.png","contentUrl":"https:\/\/ratatamkids.com\/wp-content\/uploads\/2025\/05\/BRS-082-BALLE-REBONDISSANTE-SOURIS-MULTICO-BLEU-.png","width":800,"height":800,"caption":"BALLE REBONDISSANTE SOURIS MULTICO BLEUE BRS-082"},{"@type":"BreadcrumbList","@id":"https:\/\/ratatamkids.com\/en\/produit\/balle-rebondissante-souris-multico-bleu\/#breadcrumb","itemListElement":[{"@type":"ListItem","position":1,"name":"Accueil","item":"https:\/\/ratatamkids.com\/en\/"},{"@type":"ListItem","position":2,"name":"Shop","item":"https:\/\/ratatamkids.com\/en\/shop\/"},{"@type":"ListItem","position":3,"name":"Toys","item":"https:\/\/ratatamkids.com\/en\/categorie-produit\/toys\/"},{"@type":"ListItem","position":4,"name":"Balle rebondissante souris multico &#8211; bleu"}]},{"@type":"WebSite","@id":"https:\/\/ratatamkids.com\/en\/#website","url":"https:\/\/ratatamkids.com\/en\/","name":"Ratatam Official Website","description":"Cool brand for happy kids!","potentialAction":[{"@type":"SearchAction","target":{"@type":"EntryPoint","urlTemplate":"https:\/\/ratatamkids.com\/en\/?s={search_term_string}"},"query-input":{"@type":"PropertyValueSpecification","valueRequired":true,"valueName":"search_term_string"}}],"inLanguage":"en-US"}]}},"_links":{"self":[{"href":"https:\/\/ratatamkids.com\/en\/wp-json\/wp\/v2\/product\/38679","targetHints":{"allow":["GET"]}}],"collection":[{"href":"https:\/\/ratatamkids.com\/en\/wp-json\/wp\/v2\/product"}],"about":[{"href":"https:\/\/ratatamkids.com\/en\/wp-json\/wp\/v2\/types\/product"}],"replies":[{"embeddable":true,"href":"https:\/\/ratatamkids.com\/en\/wp-json\/wp\/v2\/comments?post=38679"}],"wp:featuredmedia":[{"embeddable":true,"href":"https:\/\/ratatamkids.com\/en\/wp-json\/wp\/v2\/media\/38685"}],"wp:attachment":[{"href":"https:\/\/ratatamkids.com\/en\/wp-json\/wp\/v2\/media?parent=38679"}],"wp:term":[{"taxonomy":"product_brand","embeddable":true,"href":"https:\/\/ratatamkids.com\/en\/wp-json\/wp\/v2\/product_brand?post=38679"},{"taxonomy":"product_cat","embeddable":true,"href":"https:\/\/ratatamkids.com\/en\/wp-json\/wp\/v2\/product_cat?post=38679"},{"taxonomy":"product_tag","embeddable":true,"href":"https:\/\/ratatamkids.com\/en\/wp-json\/wp\/v2\/product_tag?post=38679"}],"curies":[{"name":"wp","href":"https:\/\/api.w.org\/{rel}","templated":true}]}}