{"id":38678,"date":"2025-05-12T14:56:32","date_gmt":"2025-05-12T12:56:32","guid":{"rendered":"https:\/\/ratatamkids.com\/produit\/balle-rebondissante-souris-multico-orange\/"},"modified":"2026-04-15T10:41:39","modified_gmt":"2026-04-15T08:41:39","slug":"balle-rebondissante-souris-multico-orange","status":"publish","type":"product","link":"https:\/\/ratatamkids.com\/en\/produit\/balle-rebondissante-souris-multico-orange\/","title":{"rendered":"Balle rebondissante souris multico &#8211; orange"},"content":{"rendered":"<p><strong>Wouhou ! L&#8217;orange arrive avec une surprise qui saute partout !<\/strong><\/p>\n<p>Voici la super balle rebondissante souris multicolore&#8230; avec une touche d&#8217;orange p\u00e9tillante !<\/p>\n<p>Ses pastilles multicolores adorent se m\u00e9langer avec le orange joyeux. Imagine : une petite souris orange te livre un tr\u00e9sor qui bondit de partout !<\/p>\n<p>Son emballage secret en forme de souris, c&#8217;est encore plus rigolo \u00e0 d\u00e9couvrir !<\/p>\n<p>Attrape cette balle pleine d&#8217;\u00e9nergie et pr\u00e9pare-toi \u00e0 des jeux orange et multicolores super amusants !<\/p>\n<p>Fabriqu\u00e9e en caoutchouc r\u00e9sistant, elle est con\u00e7ue pour rebondir encore et encore, garantissant des heures de jeux endiabl\u00e9s et de fous rires ! Avec une taille de 43mm, elle est parfaite pour les petites mains !<\/p>\n<p>Alors, pr\u00e9parez-vous \u00e0 des aventures pleines de rebondissements avec notre fantastique balle rebondissante souris ! C\u2019est le secret pour des jeux actifs et des moments de complicit\u00e9 inoubliables avec votre petit aventurier !<\/p>\n<p>43 mm<\/p>\n<p>Livr\u00e9e dans son emballage kraft souris<\/p>\n<p>Caoutchouc<\/p>\n<p>Disponible en orange, bleu et jaune !<\/p>\n<p>Fabriqu\u00e9 en Chine<\/p>\n<p>\u00c9viter toute exposition prolong\u00e9e \u00e0 la chaleur ou \u00e0 la lumi\u00e8re<\/p>\n<p data-start=\"1099\" data-end=\"1158\">\u267b\ufe0f <strong data-start=\"1102\" data-end=\"1132\">Emballage 100 % recyclable<\/strong><\/p>\n<p data-start=\"1099\" data-end=\"1158\"><img loading=\"lazy\" decoding=\"async\" class=\"sFlh5c FyHeAf iPVvYb\" src=\"https:\/\/www.sytraival.com\/img\/actualite-zoom\/5d22bec45b677c13da5e3ed4e1969e6a\/21-logo-triman.png\" alt=\"Triman: le logo du tri - Sytraival\" width=\"31\" height=\"32\" \/><\/p>\n","protected":false},"excerpt":{"rendered":"<p>D\u00e9couvrez la balle rebondissante souris multicolore avec une touche d&#8217;orange p\u00e9tillante ! \ud83c\udf1f<\/p>\n<p>Livr\u00e9e dans un emballage souris surprise. Jeux actifs et rires assur\u00e9s pour les enfants !<\/p>\n","protected":false},"featured_media":38681,"comment_status":"open","ping_status":"closed","template":"","meta":{"_acf_changed":false},"product_brand":[],"product_cat":[24,250,191],"product_tag":[],"class_list":{"0":"post-38678","1":"product","2":"type-product","3":"status-publish","4":"has-post-thumbnail","6":"product_cat-jouets","7":"product_cat-balles-rebondissantes","8":"product_cat-balles-rebondissantes-souris","10":"first","11":"instock","12":"taxable","13":"shipping-taxable","14":"purchasable","15":"product-type-simple"},"acf":[],"yoast_head":"<!-- This site is optimized with the Yoast SEO plugin v25.4 - https:\/\/yoast.com\/wordpress\/plugins\/seo\/ -->\n<title>Balle rebondissante souris multico - orange - Ratatam Official Website<\/title>\n<meta name=\"description\" content=\"&quot;Balle rebondissante souris orange et multicolore ! \ud83d\udc2d\ud83e\udde1 \u00c9toiles brillantes, surprise souris et rebonds garantis pour des heures de fun !\" \/>\n<meta name=\"robots\" content=\"index, follow, max-snippet:-1, max-image-preview:large, max-video-preview:-1\" \/>\n<link rel=\"canonical\" href=\"https:\/\/ratatamkids.com\/en\/produit\/balle-rebondissante-souris-multico-orange\/\" \/>\n<meta property=\"og:locale\" content=\"en_US\" \/>\n<meta property=\"og:type\" content=\"article\" \/>\n<meta property=\"og:title\" content=\"Balle rebondissante souris multico - orange - Ratatam Official Website\" \/>\n<meta property=\"og:description\" content=\"&quot;Balle rebondissante souris orange et multicolore ! \ud83d\udc2d\ud83e\udde1 \u00c9toiles brillantes, surprise souris et rebonds garantis pour des heures de fun !\" \/>\n<meta property=\"og:url\" content=\"https:\/\/ratatamkids.com\/en\/produit\/balle-rebondissante-souris-multico-orange\/\" \/>\n<meta property=\"og:site_name\" content=\"Ratatam Official Website\" \/>\n<meta property=\"article:publisher\" content=\"https:\/\/www.facebook.com\/Ratatamforhappykids\/\" \/>\n<meta property=\"article:modified_time\" content=\"2026-04-15T08:41:39+00:00\" \/>\n<meta property=\"og:image\" content=\"https:\/\/ratatamkids.com\/wp-content\/uploads\/2025\/05\/BRS-081-BALLE-REBONDISSANTE-SOURIS-MULTICO-ORANGE.png\" \/>\n\t<meta property=\"og:image:width\" content=\"800\" \/>\n\t<meta property=\"og:image:height\" content=\"800\" \/>\n\t<meta property=\"og:image:type\" content=\"image\/png\" \/>\n<meta name=\"twitter:card\" content=\"summary_large_image\" \/>\n<meta name=\"twitter:label1\" content=\"Est. reading time\" \/>\n\t<meta name=\"twitter:data1\" content=\"2 minutes\" \/>\n<script type=\"application\/ld+json\" class=\"yoast-schema-graph\">{\"@context\":\"https:\/\/schema.org\",\"@graph\":[{\"@type\":\"WebPage\",\"@id\":\"https:\/\/ratatamkids.com\/en\/produit\/balle-rebondissante-souris-multico-orange\/\",\"url\":\"https:\/\/ratatamkids.com\/en\/produit\/balle-rebondissante-souris-multico-orange\/\",\"name\":\"Balle rebondissante souris multico - orange - Ratatam Official Website\",\"isPartOf\":{\"@id\":\"https:\/\/ratatamkids.com\/en\/#website\"},\"primaryImageOfPage\":{\"@id\":\"https:\/\/ratatamkids.com\/en\/produit\/balle-rebondissante-souris-multico-orange\/#primaryimage\"},\"image\":{\"@id\":\"https:\/\/ratatamkids.com\/en\/produit\/balle-rebondissante-souris-multico-orange\/#primaryimage\"},\"thumbnailUrl\":\"https:\/\/ratatamkids.com\/wp-content\/uploads\/2025\/05\/BRS-081-BALLE-REBONDISSANTE-SOURIS-MULTICO-ORANGE.png\",\"datePublished\":\"2025-05-12T12:56:32+00:00\",\"dateModified\":\"2026-04-15T08:41:39+00:00\",\"description\":\"\\\"Balle rebondissante souris orange et multicolore ! \ud83d\udc2d\ud83e\udde1 \u00c9toiles brillantes, surprise souris et rebonds garantis pour des heures de fun !\",\"breadcrumb\":{\"@id\":\"https:\/\/ratatamkids.com\/en\/produit\/balle-rebondissante-souris-multico-orange\/#breadcrumb\"},\"inLanguage\":\"en-US\",\"potentialAction\":[{\"@type\":\"ReadAction\",\"target\":[\"https:\/\/ratatamkids.com\/en\/produit\/balle-rebondissante-souris-multico-orange\/\"]}]},{\"@type\":\"ImageObject\",\"inLanguage\":\"en-US\",\"@id\":\"https:\/\/ratatamkids.com\/en\/produit\/balle-rebondissante-souris-multico-orange\/#primaryimage\",\"url\":\"https:\/\/ratatamkids.com\/wp-content\/uploads\/2025\/05\/BRS-081-BALLE-REBONDISSANTE-SOURIS-MULTICO-ORANGE.png\",\"contentUrl\":\"https:\/\/ratatamkids.com\/wp-content\/uploads\/2025\/05\/BRS-081-BALLE-REBONDISSANTE-SOURIS-MULTICO-ORANGE.png\",\"width\":800,\"height\":800,\"caption\":\"BALLE REBONDISSANTE SOURIS MULTICO ORANGE BRS-081\"},{\"@type\":\"BreadcrumbList\",\"@id\":\"https:\/\/ratatamkids.com\/en\/produit\/balle-rebondissante-souris-multico-orange\/#breadcrumb\",\"itemListElement\":[{\"@type\":\"ListItem\",\"position\":1,\"name\":\"Accueil\",\"item\":\"https:\/\/ratatamkids.com\/en\/\"},{\"@type\":\"ListItem\",\"position\":2,\"name\":\"Shop\",\"item\":\"https:\/\/ratatamkids.com\/en\/shop\/\"},{\"@type\":\"ListItem\",\"position\":3,\"name\":\"Toys\",\"item\":\"https:\/\/ratatamkids.com\/en\/categorie-produit\/toys\/\"},{\"@type\":\"ListItem\",\"position\":4,\"name\":\"Bouncing balls\",\"item\":\"https:\/\/ratatamkids.com\/en\/categorie-produit\/toys\/bouncing-balls\/\"},{\"@type\":\"ListItem\",\"position\":5,\"name\":\"Balle rebondissante souris multico &#8211; orange\"}]},{\"@type\":\"WebSite\",\"@id\":\"https:\/\/ratatamkids.com\/en\/#website\",\"url\":\"https:\/\/ratatamkids.com\/en\/\",\"name\":\"Ratatam Official Website\",\"description\":\"Cool brand for happy kids!\",\"potentialAction\":[{\"@type\":\"SearchAction\",\"target\":{\"@type\":\"EntryPoint\",\"urlTemplate\":\"https:\/\/ratatamkids.com\/en\/?s={search_term_string}\"},\"query-input\":{\"@type\":\"PropertyValueSpecification\",\"valueRequired\":true,\"valueName\":\"search_term_string\"}}],\"inLanguage\":\"en-US\"}]}<\/script>\n<!-- \/ Yoast SEO plugin. -->","yoast_head_json":{"title":"Balle rebondissante souris multico - orange - Ratatam Official Website","description":"\"Balle rebondissante souris orange et multicolore ! \ud83d\udc2d\ud83e\udde1 \u00c9toiles brillantes, surprise souris et rebonds garantis pour des heures de fun !","robots":{"index":"index","follow":"follow","max-snippet":"max-snippet:-1","max-image-preview":"max-image-preview:large","max-video-preview":"max-video-preview:-1"},"canonical":"https:\/\/ratatamkids.com\/en\/produit\/balle-rebondissante-souris-multico-orange\/","og_locale":"en_US","og_type":"article","og_title":"Balle rebondissante souris multico - orange - Ratatam Official Website","og_description":"\"Balle rebondissante souris orange et multicolore ! \ud83d\udc2d\ud83e\udde1 \u00c9toiles brillantes, surprise souris et rebonds garantis pour des heures de fun !","og_url":"https:\/\/ratatamkids.com\/en\/produit\/balle-rebondissante-souris-multico-orange\/","og_site_name":"Ratatam Official Website","article_publisher":"https:\/\/www.facebook.com\/Ratatamforhappykids\/","article_modified_time":"2026-04-15T08:41:39+00:00","og_image":[{"width":800,"height":800,"url":"https:\/\/ratatamkids.com\/wp-content\/uploads\/2025\/05\/BRS-081-BALLE-REBONDISSANTE-SOURIS-MULTICO-ORANGE.png","type":"image\/png"}],"twitter_card":"summary_large_image","twitter_misc":{"Est. reading time":"2 minutes"},"schema":{"@context":"https:\/\/schema.org","@graph":[{"@type":"WebPage","@id":"https:\/\/ratatamkids.com\/en\/produit\/balle-rebondissante-souris-multico-orange\/","url":"https:\/\/ratatamkids.com\/en\/produit\/balle-rebondissante-souris-multico-orange\/","name":"Balle rebondissante souris multico - orange - Ratatam Official Website","isPartOf":{"@id":"https:\/\/ratatamkids.com\/en\/#website"},"primaryImageOfPage":{"@id":"https:\/\/ratatamkids.com\/en\/produit\/balle-rebondissante-souris-multico-orange\/#primaryimage"},"image":{"@id":"https:\/\/ratatamkids.com\/en\/produit\/balle-rebondissante-souris-multico-orange\/#primaryimage"},"thumbnailUrl":"https:\/\/ratatamkids.com\/wp-content\/uploads\/2025\/05\/BRS-081-BALLE-REBONDISSANTE-SOURIS-MULTICO-ORANGE.png","datePublished":"2025-05-12T12:56:32+00:00","dateModified":"2026-04-15T08:41:39+00:00","description":"\"Balle rebondissante souris orange et multicolore ! \ud83d\udc2d\ud83e\udde1 \u00c9toiles brillantes, surprise souris et rebonds garantis pour des heures de fun !","breadcrumb":{"@id":"https:\/\/ratatamkids.com\/en\/produit\/balle-rebondissante-souris-multico-orange\/#breadcrumb"},"inLanguage":"en-US","potentialAction":[{"@type":"ReadAction","target":["https:\/\/ratatamkids.com\/en\/produit\/balle-rebondissante-souris-multico-orange\/"]}]},{"@type":"ImageObject","inLanguage":"en-US","@id":"https:\/\/ratatamkids.com\/en\/produit\/balle-rebondissante-souris-multico-orange\/#primaryimage","url":"https:\/\/ratatamkids.com\/wp-content\/uploads\/2025\/05\/BRS-081-BALLE-REBONDISSANTE-SOURIS-MULTICO-ORANGE.png","contentUrl":"https:\/\/ratatamkids.com\/wp-content\/uploads\/2025\/05\/BRS-081-BALLE-REBONDISSANTE-SOURIS-MULTICO-ORANGE.png","width":800,"height":800,"caption":"BALLE REBONDISSANTE SOURIS MULTICO ORANGE BRS-081"},{"@type":"BreadcrumbList","@id":"https:\/\/ratatamkids.com\/en\/produit\/balle-rebondissante-souris-multico-orange\/#breadcrumb","itemListElement":[{"@type":"ListItem","position":1,"name":"Accueil","item":"https:\/\/ratatamkids.com\/en\/"},{"@type":"ListItem","position":2,"name":"Shop","item":"https:\/\/ratatamkids.com\/en\/shop\/"},{"@type":"ListItem","position":3,"name":"Toys","item":"https:\/\/ratatamkids.com\/en\/categorie-produit\/toys\/"},{"@type":"ListItem","position":4,"name":"Bouncing balls","item":"https:\/\/ratatamkids.com\/en\/categorie-produit\/toys\/bouncing-balls\/"},{"@type":"ListItem","position":5,"name":"Balle rebondissante souris multico &#8211; orange"}]},{"@type":"WebSite","@id":"https:\/\/ratatamkids.com\/en\/#website","url":"https:\/\/ratatamkids.com\/en\/","name":"Ratatam Official Website","description":"Cool brand for happy kids!","potentialAction":[{"@type":"SearchAction","target":{"@type":"EntryPoint","urlTemplate":"https:\/\/ratatamkids.com\/en\/?s={search_term_string}"},"query-input":{"@type":"PropertyValueSpecification","valueRequired":true,"valueName":"search_term_string"}}],"inLanguage":"en-US"}]}},"_links":{"self":[{"href":"https:\/\/ratatamkids.com\/en\/wp-json\/wp\/v2\/product\/38678","targetHints":{"allow":["GET"]}}],"collection":[{"href":"https:\/\/ratatamkids.com\/en\/wp-json\/wp\/v2\/product"}],"about":[{"href":"https:\/\/ratatamkids.com\/en\/wp-json\/wp\/v2\/types\/product"}],"replies":[{"embeddable":true,"href":"https:\/\/ratatamkids.com\/en\/wp-json\/wp\/v2\/comments?post=38678"}],"wp:featuredmedia":[{"embeddable":true,"href":"https:\/\/ratatamkids.com\/en\/wp-json\/wp\/v2\/media\/38681"}],"wp:attachment":[{"href":"https:\/\/ratatamkids.com\/en\/wp-json\/wp\/v2\/media?parent=38678"}],"wp:term":[{"taxonomy":"product_brand","embeddable":true,"href":"https:\/\/ratatamkids.com\/en\/wp-json\/wp\/v2\/product_brand?post=38678"},{"taxonomy":"product_cat","embeddable":true,"href":"https:\/\/ratatamkids.com\/en\/wp-json\/wp\/v2\/product_cat?post=38678"},{"taxonomy":"product_tag","embeddable":true,"href":"https:\/\/ratatamkids.com\/en\/wp-json\/wp\/v2\/product_tag?post=38678"}],"curies":[{"name":"wp","href":"https:\/\/api.w.org\/{rel}","templated":true}]}}