{"id":38488,"date":"2025-04-28T15:54:54","date_gmt":"2025-04-28T13:54:54","guid":{"rendered":"https:\/\/ratatamkids.com\/?post_type=product&#038;p=38488"},"modified":"2026-04-15T13:56:22","modified_gmt":"2026-04-15T11:56:22","slug":"ballon-gum-10-cm-bleuviolet","status":"publish","type":"product","link":"https:\/\/ratatamkids.com\/en\/produit\/ballon-gum-10-cm-bleuviolet\/","title":{"rendered":"Balle gum 10 cm &#8211; Bleu&#038;Violet"},"content":{"rendered":"<p data-sourcepos=\"3:1-3:279\">\u00a0<strong>LA BALLE\u00a0ARTISANAL &amp; UNIQUE POUR CHACUN !\u00a0<\/strong><\/p>\n<p data-sourcepos=\"3:1-3:279\">C&#8217;est la <strong>Balle<\/strong> <strong>\u00a0Bubble Gum<\/strong>, toute ronde et toute mignonne, on l&#8217;a appel\u00e9 BUBBLE GUM car avec son d\u00e9grad\u00e9 de couleurs elle ressemble aux bubble gums de notre enfance!<\/p>\n<p data-sourcepos=\"3:1-3:279\">Et voici cette nouvelle couleur trop canon : un d\u00e9grad\u00e9 cosmique magique de <strong>violet et de bleu<\/strong> !<\/p>\n<p data-sourcepos=\"5:1-5:164\">elle \u00a0est toute petite, juste <strong>10 centim\u00e8tres<\/strong> pour les mains des petits aventuriers !<\/p>\n<p data-sourcepos=\"5:1-5:164\">Et devine quoi ? elle est <strong>100% Fabriqu\u00e9 et Emball\u00e9 en France<\/strong> avec amour !<\/p>\n<p data-sourcepos=\"7:1-7:250\">Imagine : un petit ballon tout doux, avec des couleurs trop chouettes qui se m\u00e9langent comme par magie !<\/p>\n<p data-sourcepos=\"9:1-9:165\">Chaque balle est fait avec soin, \u00e0 la main, comme un petit tr\u00e9sor unique rien que pour toi ! C&#8217;est la balle parfaite pour les b\u00e9b\u00e9s et les petits champions !<\/p>\n<p data-sourcepos=\"11:1-11:188\">Tu peux l&#8217;emmener partout avec toi \u00a0! \u00c0 la plage pour jouer dans le sable, \u00e0 la f\u00eate pour rigoler avec tes copains, ou dehors pour faire des jeux trop cools !<\/p>\n<p data-sourcepos=\"13:1-13:94\">M\u00eame dans l&#8217;eau ou \u00e0 la maison, elle met de la joie partout et fait des photos super belles !<\/p>\n<p data-sourcepos=\"15:1-15:166\">Il est super costaud, ce petit ballon ! Tu peux jouer au hand, au volley, ou \u00e0 tous les jeux que tu veux ! C&#8217;est le copain id\u00e9al pour s&#8217;amuser pendant des heures !<\/p>\n<p data-sourcepos=\"17:1-17:147\">Et tu sais quoi de rigolo ? Son emballage est en carton tout doux comme un c\u00e2lin de mouton ! \u00a0C&#8217;est parce qu&#8217;on aime la plan\u00e8te chez Ratatam !<\/p>\n<p data-sourcepos=\"21:1-21:159\">Si jamais elle devient un peu molle apr\u00e8s beaucoup de c\u00e2lins, pas de panique ! Maman ou papa peuvent regarder le petit secret pour le regonfler comme par magie !<\/p>\n<p data-sourcepos=\"23:1-23:214\">Le petit plus trop cool ? elle est parfaite pour toutes les mains, m\u00eame les plus petites ! C&#8217;est super pour apprendre \u00e0 attraper et \u00e0 bouger !<\/p>\n<p data-sourcepos=\"25:1-25:133\">Alors, pr\u00eat \u00e0 faire des bulles de fun avec ta nouvelle balle Bubble Gum, surtout celui avec le super d\u00e9grad\u00e9 <strong>violet et bleu<\/strong> ?<\/p>\n<p data-sourcepos=\"25:1-25:133\">2 tailles disponibles: 10 cm et 15 cm<\/p>\n<p data-sourcepos=\"25:1-25:133\">3 couleurs disponibles: Bleu&amp;Violet &#8211; Rose&amp;Orange &#8211; Vert&amp;Jaune<\/p>\n<p><em>Les ballons fabrication artisanale peuvent entra\u00eener de l\u00e9g\u00e8res variations de couleurs d&#8217;une s\u00e9rie \u00e0 l&#8217;autre.<\/em><\/p>\n<p data-start=\"1099\" data-end=\"1158\">\u267b\ufe0f <strong data-start=\"1102\" data-end=\"1132\">Emballage 100 % recyclable\u00a0<\/strong><\/p>\n<p data-start=\"1099\" data-end=\"1158\"><img loading=\"lazy\" decoding=\"async\" class=\"sFlh5c FyHeAf iPVvYb\" src=\"https:\/\/www.sytraival.com\/img\/actualite-zoom\/5d22bec45b677c13da5e3ed4e1969e6a\/21-logo-triman.png\" alt=\"Triman: le logo du tri - Sytraival\" width=\"31\" height=\"32\" \/><\/p>\n","protected":false},"excerpt":{"rendered":"<p>Le petit plus trop cool ?<\/p>\n<p>elle est parfaiet pour toutes les mains, m\u00eame les plus petites !<\/p>\n<p>C&#8217;est super pour apprendre \u00e0 attraper et \u00e0 bouger !<\/p>\n","protected":false},"featured_media":38556,"comment_status":"open","ping_status":"closed","template":"","meta":{"_acf_changed":false},"product_brand":[],"product_cat":[147,19,181],"product_tag":[],"class_list":{"0":"post-38488","1":"product","2":"type-product","3":"status-publish","4":"has-post-thumbnail","6":"product_cat-made-in-france","7":"product_cat-ballons","8":"product_cat-ballons-unis","10":"first","11":"instock","12":"taxable","13":"shipping-taxable","14":"purchasable","15":"product-type-simple"},"acf":[],"yoast_head":"<!-- This site is optimized with the Yoast SEO plugin v25.4 - https:\/\/yoast.com\/wordpress\/plugins\/seo\/ -->\n<title>Balle gum 10 cm - Bleu&amp;Violet - Ratatam Official Website<\/title>\n<meta name=\"description\" content=\"Ballon de 10 cm degrad\u00e9 de couleurs bleu &amp; violet pour enfants ! Livraison offerte en France M\u00e9tropolitaine\" \/>\n<meta name=\"robots\" content=\"index, follow, max-snippet:-1, max-image-preview:large, max-video-preview:-1\" \/>\n<link rel=\"canonical\" href=\"https:\/\/ratatamkids.com\/en\/produit\/ballon-gum-10-cm-bleuviolet\/\" \/>\n<meta property=\"og:locale\" content=\"en_US\" \/>\n<meta property=\"og:type\" content=\"article\" \/>\n<meta property=\"og:title\" content=\"Balle gum 10 cm - Bleu&amp;Violet - Ratatam Official Website\" \/>\n<meta property=\"og:description\" content=\"Ballon de 10 cm degrad\u00e9 de couleurs bleu &amp; violet pour enfants ! Livraison offerte en France M\u00e9tropolitaine\" \/>\n<meta property=\"og:url\" content=\"https:\/\/ratatamkids.com\/en\/produit\/ballon-gum-10-cm-bleuviolet\/\" \/>\n<meta property=\"og:site_name\" content=\"Ratatam Official Website\" \/>\n<meta property=\"article:publisher\" content=\"https:\/\/www.facebook.com\/Ratatamforhappykids\/\" \/>\n<meta property=\"article:modified_time\" content=\"2026-04-15T11:56:22+00:00\" \/>\n<meta property=\"og:image\" content=\"https:\/\/ratatamkids.com\/wp-content\/uploads\/2025\/04\/BALLON-GUM-10CM-BLEUVIOLET.jpg\" \/>\n\t<meta property=\"og:image:width\" content=\"2000\" \/>\n\t<meta property=\"og:image:height\" content=\"2000\" \/>\n\t<meta property=\"og:image:type\" content=\"image\/jpeg\" \/>\n<meta name=\"twitter:card\" content=\"summary_large_image\" \/>\n<meta name=\"twitter:label1\" content=\"Est. reading time\" \/>\n\t<meta name=\"twitter:data1\" content=\"3 minutes\" \/>\n<script type=\"application\/ld+json\" class=\"yoast-schema-graph\">{\"@context\":\"https:\/\/schema.org\",\"@graph\":[{\"@type\":\"WebPage\",\"@id\":\"https:\/\/ratatamkids.com\/en\/produit\/ballon-gum-10-cm-bleuviolet\/\",\"url\":\"https:\/\/ratatamkids.com\/en\/produit\/ballon-gum-10-cm-bleuviolet\/\",\"name\":\"Balle gum 10 cm - Bleu&Violet - Ratatam Official Website\",\"isPartOf\":{\"@id\":\"https:\/\/ratatamkids.com\/en\/#website\"},\"primaryImageOfPage\":{\"@id\":\"https:\/\/ratatamkids.com\/en\/produit\/ballon-gum-10-cm-bleuviolet\/#primaryimage\"},\"image\":{\"@id\":\"https:\/\/ratatamkids.com\/en\/produit\/ballon-gum-10-cm-bleuviolet\/#primaryimage\"},\"thumbnailUrl\":\"https:\/\/ratatamkids.com\/wp-content\/uploads\/2025\/04\/BALLON-GUM-10CM-BLEUVIOLET.jpg\",\"datePublished\":\"2025-04-28T13:54:54+00:00\",\"dateModified\":\"2026-04-15T11:56:22+00:00\",\"description\":\"Ballon de 10 cm degrad\u00e9 de couleurs bleu & violet pour enfants ! Livraison offerte en France M\u00e9tropolitaine\",\"breadcrumb\":{\"@id\":\"https:\/\/ratatamkids.com\/en\/produit\/ballon-gum-10-cm-bleuviolet\/#breadcrumb\"},\"inLanguage\":\"en-US\",\"potentialAction\":[{\"@type\":\"ReadAction\",\"target\":[\"https:\/\/ratatamkids.com\/en\/produit\/ballon-gum-10-cm-bleuviolet\/\"]}]},{\"@type\":\"ImageObject\",\"inLanguage\":\"en-US\",\"@id\":\"https:\/\/ratatamkids.com\/en\/produit\/ballon-gum-10-cm-bleuviolet\/#primaryimage\",\"url\":\"https:\/\/ratatamkids.com\/wp-content\/uploads\/2025\/04\/BALLON-GUM-10CM-BLEUVIOLET.jpg\",\"contentUrl\":\"https:\/\/ratatamkids.com\/wp-content\/uploads\/2025\/04\/BALLON-GUM-10CM-BLEUVIOLET.jpg\",\"width\":2000,\"height\":2000},{\"@type\":\"BreadcrumbList\",\"@id\":\"https:\/\/ratatamkids.com\/en\/produit\/ballon-gum-10-cm-bleuviolet\/#breadcrumb\",\"itemListElement\":[{\"@type\":\"ListItem\",\"position\":1,\"name\":\"Accueil\",\"item\":\"https:\/\/ratatamkids.com\/en\/\"},{\"@type\":\"ListItem\",\"position\":2,\"name\":\"Shop\",\"item\":\"https:\/\/ratatamkids.com\/en\/shop\/\"},{\"@type\":\"ListItem\",\"position\":3,\"name\":\"Balloons\",\"item\":\"https:\/\/ratatamkids.com\/en\/categorie-produit\/balloons\/\"},{\"@type\":\"ListItem\",\"position\":4,\"name\":\"United balloons\",\"item\":\"https:\/\/ratatamkids.com\/en\/categorie-produit\/balloons\/united-balloons\/\"},{\"@type\":\"ListItem\",\"position\":5,\"name\":\"Balle gum 10 cm &#8211; Bleu&#038;Violet\"}]},{\"@type\":\"WebSite\",\"@id\":\"https:\/\/ratatamkids.com\/en\/#website\",\"url\":\"https:\/\/ratatamkids.com\/en\/\",\"name\":\"Ratatam Official Website\",\"description\":\"Cool brand for happy kids!\",\"potentialAction\":[{\"@type\":\"SearchAction\",\"target\":{\"@type\":\"EntryPoint\",\"urlTemplate\":\"https:\/\/ratatamkids.com\/en\/?s={search_term_string}\"},\"query-input\":{\"@type\":\"PropertyValueSpecification\",\"valueRequired\":true,\"valueName\":\"search_term_string\"}}],\"inLanguage\":\"en-US\"}]}<\/script>\n<!-- \/ Yoast SEO plugin. -->","yoast_head_json":{"title":"Balle gum 10 cm - Bleu&Violet - Ratatam Official Website","description":"Ballon de 10 cm degrad\u00e9 de couleurs bleu & violet pour enfants ! Livraison offerte en France M\u00e9tropolitaine","robots":{"index":"index","follow":"follow","max-snippet":"max-snippet:-1","max-image-preview":"max-image-preview:large","max-video-preview":"max-video-preview:-1"},"canonical":"https:\/\/ratatamkids.com\/en\/produit\/ballon-gum-10-cm-bleuviolet\/","og_locale":"en_US","og_type":"article","og_title":"Balle gum 10 cm - Bleu&Violet - Ratatam Official Website","og_description":"Ballon de 10 cm degrad\u00e9 de couleurs bleu & violet pour enfants ! Livraison offerte en France M\u00e9tropolitaine","og_url":"https:\/\/ratatamkids.com\/en\/produit\/ballon-gum-10-cm-bleuviolet\/","og_site_name":"Ratatam Official Website","article_publisher":"https:\/\/www.facebook.com\/Ratatamforhappykids\/","article_modified_time":"2026-04-15T11:56:22+00:00","og_image":[{"width":2000,"height":2000,"url":"https:\/\/ratatamkids.com\/wp-content\/uploads\/2025\/04\/BALLON-GUM-10CM-BLEUVIOLET.jpg","type":"image\/jpeg"}],"twitter_card":"summary_large_image","twitter_misc":{"Est. reading time":"3 minutes"},"schema":{"@context":"https:\/\/schema.org","@graph":[{"@type":"WebPage","@id":"https:\/\/ratatamkids.com\/en\/produit\/ballon-gum-10-cm-bleuviolet\/","url":"https:\/\/ratatamkids.com\/en\/produit\/ballon-gum-10-cm-bleuviolet\/","name":"Balle gum 10 cm - Bleu&Violet - Ratatam Official Website","isPartOf":{"@id":"https:\/\/ratatamkids.com\/en\/#website"},"primaryImageOfPage":{"@id":"https:\/\/ratatamkids.com\/en\/produit\/ballon-gum-10-cm-bleuviolet\/#primaryimage"},"image":{"@id":"https:\/\/ratatamkids.com\/en\/produit\/ballon-gum-10-cm-bleuviolet\/#primaryimage"},"thumbnailUrl":"https:\/\/ratatamkids.com\/wp-content\/uploads\/2025\/04\/BALLON-GUM-10CM-BLEUVIOLET.jpg","datePublished":"2025-04-28T13:54:54+00:00","dateModified":"2026-04-15T11:56:22+00:00","description":"Ballon de 10 cm degrad\u00e9 de couleurs bleu & violet pour enfants ! Livraison offerte en France M\u00e9tropolitaine","breadcrumb":{"@id":"https:\/\/ratatamkids.com\/en\/produit\/ballon-gum-10-cm-bleuviolet\/#breadcrumb"},"inLanguage":"en-US","potentialAction":[{"@type":"ReadAction","target":["https:\/\/ratatamkids.com\/en\/produit\/ballon-gum-10-cm-bleuviolet\/"]}]},{"@type":"ImageObject","inLanguage":"en-US","@id":"https:\/\/ratatamkids.com\/en\/produit\/ballon-gum-10-cm-bleuviolet\/#primaryimage","url":"https:\/\/ratatamkids.com\/wp-content\/uploads\/2025\/04\/BALLON-GUM-10CM-BLEUVIOLET.jpg","contentUrl":"https:\/\/ratatamkids.com\/wp-content\/uploads\/2025\/04\/BALLON-GUM-10CM-BLEUVIOLET.jpg","width":2000,"height":2000},{"@type":"BreadcrumbList","@id":"https:\/\/ratatamkids.com\/en\/produit\/ballon-gum-10-cm-bleuviolet\/#breadcrumb","itemListElement":[{"@type":"ListItem","position":1,"name":"Accueil","item":"https:\/\/ratatamkids.com\/en\/"},{"@type":"ListItem","position":2,"name":"Shop","item":"https:\/\/ratatamkids.com\/en\/shop\/"},{"@type":"ListItem","position":3,"name":"Balloons","item":"https:\/\/ratatamkids.com\/en\/categorie-produit\/balloons\/"},{"@type":"ListItem","position":4,"name":"United balloons","item":"https:\/\/ratatamkids.com\/en\/categorie-produit\/balloons\/united-balloons\/"},{"@type":"ListItem","position":5,"name":"Balle gum 10 cm &#8211; Bleu&#038;Violet"}]},{"@type":"WebSite","@id":"https:\/\/ratatamkids.com\/en\/#website","url":"https:\/\/ratatamkids.com\/en\/","name":"Ratatam Official Website","description":"Cool brand for happy kids!","potentialAction":[{"@type":"SearchAction","target":{"@type":"EntryPoint","urlTemplate":"https:\/\/ratatamkids.com\/en\/?s={search_term_string}"},"query-input":{"@type":"PropertyValueSpecification","valueRequired":true,"valueName":"search_term_string"}}],"inLanguage":"en-US"}]}},"_links":{"self":[{"href":"https:\/\/ratatamkids.com\/en\/wp-json\/wp\/v2\/product\/38488","targetHints":{"allow":["GET"]}}],"collection":[{"href":"https:\/\/ratatamkids.com\/en\/wp-json\/wp\/v2\/product"}],"about":[{"href":"https:\/\/ratatamkids.com\/en\/wp-json\/wp\/v2\/types\/product"}],"replies":[{"embeddable":true,"href":"https:\/\/ratatamkids.com\/en\/wp-json\/wp\/v2\/comments?post=38488"}],"wp:featuredmedia":[{"embeddable":true,"href":"https:\/\/ratatamkids.com\/en\/wp-json\/wp\/v2\/media\/38556"}],"wp:attachment":[{"href":"https:\/\/ratatamkids.com\/en\/wp-json\/wp\/v2\/media?parent=38488"}],"wp:term":[{"taxonomy":"product_brand","embeddable":true,"href":"https:\/\/ratatamkids.com\/en\/wp-json\/wp\/v2\/product_brand?post=38488"},{"taxonomy":"product_cat","embeddable":true,"href":"https:\/\/ratatamkids.com\/en\/wp-json\/wp\/v2\/product_cat?post=38488"},{"taxonomy":"product_tag","embeddable":true,"href":"https:\/\/ratatamkids.com\/en\/wp-json\/wp\/v2\/product_tag?post=38488"}],"curies":[{"name":"wp","href":"https:\/\/api.w.org\/{rel}","templated":true}]}}