{"id":38485,"date":"2025-04-28T15:43:13","date_gmt":"2025-04-28T13:43:13","guid":{"rendered":"https:\/\/ratatamkids.com\/?post_type=product&#038;p=38485"},"modified":"2026-03-03T09:45:10","modified_gmt":"2026-03-03T08:45:10","slug":"ballon-gum-15-cm-bleuviolet","status":"publish","type":"product","link":"https:\/\/ratatamkids.com\/en\/produit\/ballon-gum-15-cm-bleuviolet\/","title":{"rendered":"Ballon gum 15 cm &#8211; Bleu&amp;Violet"},"content":{"rendered":"<p data-sourcepos=\"1:1-1:210\">Attention les yeux, voici la <strong>MEGA NOUVEAUT\u00c9 2025<\/strong> qui va faire exploser la cour de r\u00e9cr\u00e9 ! \ud83d\ude80<\/p>\n<p data-sourcepos=\"1:1-1:210\">Mais c&#8217;est surtout <strong>UN BALLON ARTISANAL &amp; UNIQUE POUR CHACUN !\u00a0<\/strong><\/p>\n<p data-sourcepos=\"1:1-1:210\">C&#8217;est le <strong>Ballon Bubble Gum <\/strong>\u00a0de <strong>15 centim\u00e8tres<\/strong> de fun \u00e0 gogo ! Plus gros, plus rigolo, plus tout ! \ud83d\ude04<\/p>\n<p data-sourcepos=\"3:1-3:125\">C&#8217;est le <strong>Ballon Bubble Gum<\/strong> car avec son d\u00e9grad\u00e9 de couleurs il ressemble aux bubble gums de notre enfance! \ud83c\udf6d\ud83c\udf08<\/p>\n<p data-sourcepos=\"5:1-5:222\">Il est juste parfait pour les mains des petits et des grands aventuriers qui aiment les maxi-jeux !<\/p>\n<p data-sourcepos=\"5:1-5:222\">Et devine quoi ? Il est toujours <strong>100% Fabriqu\u00e9 et Emball\u00e9 en France<\/strong> avec une tonne d&#8217;amour et de savoir-faire ! \ud83c\uddeb\ud83c\uddf7\u2764\ufe0f<\/p>\n<p data-sourcepos=\"9:1-9:174\">Chaque ballon est une petite \u0153uvre d&#8217;art faite \u00e0 la main, en France, rien que pour toi ! C&#8217;est un peu comme avoir un tr\u00e9sor unique pour jouer \u00e0 des aventures incroyables ! \ud83e\udd29<\/p>\n<p data-sourcepos=\"11:1-11:241\">Avec sa taille parfaite, il est facile \u00e0 attraper pour des parties de folie ! Emm\u00e8ne-le partout : au parc pour des courses g\u00e9antes, \u00e0 la plage pour des jeux dans le sable XXL, ou \u00e0 la maison pour des batailles de ballons rigolotes ! \ud83c\udfde\ufe0f\ud83c\udfd6\ufe0f\ud83c\udfe0<\/p>\n<p data-sourcepos=\"15:1-15:179\">Ce ballon super costaud est le champion des jeux ! Foot, basket, chat perch\u00e9&#8230; rien ne lui fait peur ! C&#8217;est le partenaire id\u00e9al pour des heures et des heures de rigolade ! \u26bd\ud83c\udfc0\ud83d\ude39<\/p>\n<p data-sourcepos=\"17:1-17:154\">Et son emballage ? Une jolie bo\u00eete en carton toute douce comme un c\u00e2lin de mouton ! \ud83d\udc11 Parce qu&#8217;on adore prendre soin de notre plan\u00e8te chez Ratatam ! \ud83c\udf0d\ud83d\udc9a<\/p>\n<p data-sourcepos=\"19:1-19:246\">Fabriqu\u00e9 avec une mati\u00e8re top qualit\u00e9 et sans trucs bizarres, ce ballon g\u00e9ant est super r\u00e9sistant pour suivre toutes tes aventures pendant des ann\u00e9es ! Et hop, il garde son air de champion super longtemps pour que le fun ne s&#8217;arr\u00eate jamais ! \ud83d\udca8\ud83c\udfc6<\/p>\n<p data-sourcepos=\"21:1-21:210\">Un petit secret de pro : si apr\u00e8s des milliers de jeux il a besoin d&#8217;une petite pause gonflage, pas de souci ! Un petit coup de pompe (ou la vid\u00e9o magique !) et il est reparti pour de nouvelles aventures ! \ud83d\ude09\ud83c\udf88<\/p>\n<p data-sourcepos=\"23:1-23:269\">Le m\u00e9ga plus de ce ballon de 15 cm ? Il est parfait pour partager des jeux encore plus grands avec tes copains et ta famille ! C&#8217;est g\u00e9nial pour d\u00e9velopper ta motricit\u00e9 et devenir un vrai pro du ballon ! Attrape-le, lance-le, fais-le rouler&#8230; le fun est garanti ! \ud83c\udf89\ud83e\udd38<\/p>\n<p data-sourcepos=\"25:1-25:149\">Alors, pr\u00eat \u00e0 vivre des aventures G\u00c9ANTES avec ton nouveau Ballon Bubble Gum de 15 cm ? Choisis ta couleur pr\u00e9f\u00e9r\u00e9e et que la f\u00eate commence ! \ud83e\udd73\ud83c\udf88\ud83d\udecd\ufe0f<\/p>\n<p data-sourcepos=\"25:1-25:149\">100% France (ballon et emballage)<\/p>\n<p data-sourcepos=\"25:1-25:149\">2 tailles disponibles: 15 cm et 10 cm<\/p>\n<p data-sourcepos=\"25:1-25:149\">3 couleurs disponibles: Vert&amp;Jaune, Rose&amp;Orange, Bleu&amp;Violet<\/p>\n<p data-sourcepos=\"25:1-25:149\"><em>Les ballons fabrication artisanale peuvent entra\u00eener de l\u00e9g\u00e8res variations de couleurs d&#8217;une s\u00e9rie \u00e0 l&#8217;autre.<\/em><\/p>\n<p data-start=\"1099\" data-end=\"1158\">\u267b\ufe0f <strong data-start=\"1102\" data-end=\"1132\">Emballage 100 % recyclable<\/strong><\/p>\n<p data-start=\"1099\" data-end=\"1158\"><img loading=\"lazy\" decoding=\"async\" class=\"sFlh5c FyHeAf iPVvYb\" src=\"https:\/\/www.sytraival.com\/img\/actualite-zoom\/5d22bec45b677c13da5e3ed4e1969e6a\/21-logo-triman.png\" alt=\"Triman: le logo du tri - Sytraival\" width=\"31\" height=\"32\" \/><\/p>\n","protected":false},"excerpt":{"rendered":"<p>C&#8217;est le <strong>Ballon Bubble Gum <\/strong>\u00a0de <strong>15 centim\u00e8tres<\/strong> de fun \u00e0 gogo ! Plus gros, plus rigolo, plus tout ! \ud83d\ude04<\/p>\n<p>100% FRANCE<\/p>\n","protected":false},"featured_media":38562,"comment_status":"open","ping_status":"closed","template":"","meta":{"_acf_changed":false},"product_brand":[],"product_cat":[547,147,19,181],"product_tag":[],"class_list":{"0":"post-38485","1":"product","2":"type-product","3":"status-publish","4":"has-post-thumbnail","6":"product_cat-nouveautes","7":"product_cat-made-in-france","8":"product_cat-ballons","9":"product_cat-ballons-unis","11":"first","12":"instock","13":"taxable","14":"shipping-taxable","15":"purchasable","16":"product-type-simple"},"acf":[],"yoast_head":"<!-- This site is optimized with the Yoast SEO plugin v25.4 - https:\/\/yoast.com\/wordpress\/plugins\/seo\/ -->\n<title>Ballon gum 15 cm - Bleu&amp;Violet - Ratatam Official Website<\/title>\n<meta name=\"description\" content=\"Ballon degrad\u00e9 bleu et violet de 15 cm pour enfants ! Livraison offerte en France Metropolitaine.\" \/>\n<meta name=\"robots\" content=\"index, follow, max-snippet:-1, max-image-preview:large, max-video-preview:-1\" \/>\n<link rel=\"canonical\" href=\"https:\/\/ratatamkids.com\/en\/produit\/ballon-gum-15-cm-bleuviolet\/\" \/>\n<meta property=\"og:locale\" content=\"en_US\" \/>\n<meta property=\"og:type\" content=\"article\" \/>\n<meta property=\"og:title\" content=\"Ballon gum 15 cm - Bleu&amp;Violet - Ratatam Official Website\" \/>\n<meta property=\"og:description\" content=\"Ballon degrad\u00e9 bleu et violet de 15 cm pour enfants ! Livraison offerte en France Metropolitaine.\" \/>\n<meta property=\"og:url\" content=\"https:\/\/ratatamkids.com\/en\/produit\/ballon-gum-15-cm-bleuviolet\/\" \/>\n<meta property=\"og:site_name\" content=\"Ratatam Official Website\" \/>\n<meta property=\"article:publisher\" content=\"https:\/\/www.facebook.com\/Ratatamforhappykids\/\" \/>\n<meta property=\"article:modified_time\" content=\"2026-03-03T08:45:10+00:00\" \/>\n<meta property=\"og:image\" content=\"https:\/\/ratatamkids.com\/wp-content\/uploads\/2025\/04\/BALLON-GUM-15CM-BLEU-VIOLET.jpg\" \/>\n\t<meta property=\"og:image:width\" content=\"2000\" \/>\n\t<meta property=\"og:image:height\" content=\"2000\" \/>\n\t<meta property=\"og:image:type\" content=\"image\/jpeg\" \/>\n<meta name=\"twitter:card\" content=\"summary_large_image\" \/>\n<meta name=\"twitter:label1\" content=\"Est. reading time\" \/>\n\t<meta name=\"twitter:data1\" content=\"3 minutes\" \/>\n<script type=\"application\/ld+json\" class=\"yoast-schema-graph\">{\"@context\":\"https:\/\/schema.org\",\"@graph\":[{\"@type\":\"WebPage\",\"@id\":\"https:\/\/ratatamkids.com\/en\/produit\/ballon-gum-15-cm-bleuviolet\/\",\"url\":\"https:\/\/ratatamkids.com\/en\/produit\/ballon-gum-15-cm-bleuviolet\/\",\"name\":\"Ballon gum 15 cm - Bleu&amp;Violet - Ratatam Official Website\",\"isPartOf\":{\"@id\":\"https:\/\/ratatamkids.com\/en\/#website\"},\"primaryImageOfPage\":{\"@id\":\"https:\/\/ratatamkids.com\/en\/produit\/ballon-gum-15-cm-bleuviolet\/#primaryimage\"},\"image\":{\"@id\":\"https:\/\/ratatamkids.com\/en\/produit\/ballon-gum-15-cm-bleuviolet\/#primaryimage\"},\"thumbnailUrl\":\"https:\/\/ratatamkids.com\/wp-content\/uploads\/2025\/04\/BALLON-GUM-15CM-BLEU-VIOLET.jpg\",\"datePublished\":\"2025-04-28T13:43:13+00:00\",\"dateModified\":\"2026-03-03T08:45:10+00:00\",\"description\":\"Ballon degrad\u00e9 bleu et violet de 15 cm pour enfants ! Livraison offerte en France Metropolitaine.\",\"breadcrumb\":{\"@id\":\"https:\/\/ratatamkids.com\/en\/produit\/ballon-gum-15-cm-bleuviolet\/#breadcrumb\"},\"inLanguage\":\"en-US\",\"potentialAction\":[{\"@type\":\"ReadAction\",\"target\":[\"https:\/\/ratatamkids.com\/en\/produit\/ballon-gum-15-cm-bleuviolet\/\"]}]},{\"@type\":\"ImageObject\",\"inLanguage\":\"en-US\",\"@id\":\"https:\/\/ratatamkids.com\/en\/produit\/ballon-gum-15-cm-bleuviolet\/#primaryimage\",\"url\":\"https:\/\/ratatamkids.com\/wp-content\/uploads\/2025\/04\/BALLON-GUM-15CM-BLEU-VIOLET.jpg\",\"contentUrl\":\"https:\/\/ratatamkids.com\/wp-content\/uploads\/2025\/04\/BALLON-GUM-15CM-BLEU-VIOLET.jpg\",\"width\":2000,\"height\":2000},{\"@type\":\"BreadcrumbList\",\"@id\":\"https:\/\/ratatamkids.com\/en\/produit\/ballon-gum-15-cm-bleuviolet\/#breadcrumb\",\"itemListElement\":[{\"@type\":\"ListItem\",\"position\":1,\"name\":\"Accueil\",\"item\":\"https:\/\/ratatamkids.com\/en\/\"},{\"@type\":\"ListItem\",\"position\":2,\"name\":\"Shop\",\"item\":\"https:\/\/ratatamkids.com\/en\/shop\/\"},{\"@type\":\"ListItem\",\"position\":3,\"name\":\"Balloons\",\"item\":\"https:\/\/ratatamkids.com\/en\/categorie-produit\/balloons\/\"},{\"@type\":\"ListItem\",\"position\":4,\"name\":\"United balloons\",\"item\":\"https:\/\/ratatamkids.com\/en\/categorie-produit\/balloons\/united-balloons\/\"},{\"@type\":\"ListItem\",\"position\":5,\"name\":\"Ballon gum 15 cm &#8211; Bleu&amp;Violet\"}]},{\"@type\":\"WebSite\",\"@id\":\"https:\/\/ratatamkids.com\/en\/#website\",\"url\":\"https:\/\/ratatamkids.com\/en\/\",\"name\":\"Ratatam Official Website\",\"description\":\"Cool brand for happy kids!\",\"potentialAction\":[{\"@type\":\"SearchAction\",\"target\":{\"@type\":\"EntryPoint\",\"urlTemplate\":\"https:\/\/ratatamkids.com\/en\/?s={search_term_string}\"},\"query-input\":{\"@type\":\"PropertyValueSpecification\",\"valueRequired\":true,\"valueName\":\"search_term_string\"}}],\"inLanguage\":\"en-US\"}]}<\/script>\n<!-- \/ Yoast SEO plugin. -->","yoast_head_json":{"title":"Ballon gum 15 cm - Bleu&amp;Violet - Ratatam Official Website","description":"Ballon degrad\u00e9 bleu et violet de 15 cm pour enfants ! Livraison offerte en France Metropolitaine.","robots":{"index":"index","follow":"follow","max-snippet":"max-snippet:-1","max-image-preview":"max-image-preview:large","max-video-preview":"max-video-preview:-1"},"canonical":"https:\/\/ratatamkids.com\/en\/produit\/ballon-gum-15-cm-bleuviolet\/","og_locale":"en_US","og_type":"article","og_title":"Ballon gum 15 cm - Bleu&amp;Violet - Ratatam Official Website","og_description":"Ballon degrad\u00e9 bleu et violet de 15 cm pour enfants ! Livraison offerte en France Metropolitaine.","og_url":"https:\/\/ratatamkids.com\/en\/produit\/ballon-gum-15-cm-bleuviolet\/","og_site_name":"Ratatam Official Website","article_publisher":"https:\/\/www.facebook.com\/Ratatamforhappykids\/","article_modified_time":"2026-03-03T08:45:10+00:00","og_image":[{"width":2000,"height":2000,"url":"https:\/\/ratatamkids.com\/wp-content\/uploads\/2025\/04\/BALLON-GUM-15CM-BLEU-VIOLET.jpg","type":"image\/jpeg"}],"twitter_card":"summary_large_image","twitter_misc":{"Est. reading time":"3 minutes"},"schema":{"@context":"https:\/\/schema.org","@graph":[{"@type":"WebPage","@id":"https:\/\/ratatamkids.com\/en\/produit\/ballon-gum-15-cm-bleuviolet\/","url":"https:\/\/ratatamkids.com\/en\/produit\/ballon-gum-15-cm-bleuviolet\/","name":"Ballon gum 15 cm - Bleu&amp;Violet - Ratatam Official Website","isPartOf":{"@id":"https:\/\/ratatamkids.com\/en\/#website"},"primaryImageOfPage":{"@id":"https:\/\/ratatamkids.com\/en\/produit\/ballon-gum-15-cm-bleuviolet\/#primaryimage"},"image":{"@id":"https:\/\/ratatamkids.com\/en\/produit\/ballon-gum-15-cm-bleuviolet\/#primaryimage"},"thumbnailUrl":"https:\/\/ratatamkids.com\/wp-content\/uploads\/2025\/04\/BALLON-GUM-15CM-BLEU-VIOLET.jpg","datePublished":"2025-04-28T13:43:13+00:00","dateModified":"2026-03-03T08:45:10+00:00","description":"Ballon degrad\u00e9 bleu et violet de 15 cm pour enfants ! Livraison offerte en France Metropolitaine.","breadcrumb":{"@id":"https:\/\/ratatamkids.com\/en\/produit\/ballon-gum-15-cm-bleuviolet\/#breadcrumb"},"inLanguage":"en-US","potentialAction":[{"@type":"ReadAction","target":["https:\/\/ratatamkids.com\/en\/produit\/ballon-gum-15-cm-bleuviolet\/"]}]},{"@type":"ImageObject","inLanguage":"en-US","@id":"https:\/\/ratatamkids.com\/en\/produit\/ballon-gum-15-cm-bleuviolet\/#primaryimage","url":"https:\/\/ratatamkids.com\/wp-content\/uploads\/2025\/04\/BALLON-GUM-15CM-BLEU-VIOLET.jpg","contentUrl":"https:\/\/ratatamkids.com\/wp-content\/uploads\/2025\/04\/BALLON-GUM-15CM-BLEU-VIOLET.jpg","width":2000,"height":2000},{"@type":"BreadcrumbList","@id":"https:\/\/ratatamkids.com\/en\/produit\/ballon-gum-15-cm-bleuviolet\/#breadcrumb","itemListElement":[{"@type":"ListItem","position":1,"name":"Accueil","item":"https:\/\/ratatamkids.com\/en\/"},{"@type":"ListItem","position":2,"name":"Shop","item":"https:\/\/ratatamkids.com\/en\/shop\/"},{"@type":"ListItem","position":3,"name":"Balloons","item":"https:\/\/ratatamkids.com\/en\/categorie-produit\/balloons\/"},{"@type":"ListItem","position":4,"name":"United balloons","item":"https:\/\/ratatamkids.com\/en\/categorie-produit\/balloons\/united-balloons\/"},{"@type":"ListItem","position":5,"name":"Ballon gum 15 cm &#8211; Bleu&amp;Violet"}]},{"@type":"WebSite","@id":"https:\/\/ratatamkids.com\/en\/#website","url":"https:\/\/ratatamkids.com\/en\/","name":"Ratatam Official Website","description":"Cool brand for happy kids!","potentialAction":[{"@type":"SearchAction","target":{"@type":"EntryPoint","urlTemplate":"https:\/\/ratatamkids.com\/en\/?s={search_term_string}"},"query-input":{"@type":"PropertyValueSpecification","valueRequired":true,"valueName":"search_term_string"}}],"inLanguage":"en-US"}]}},"_links":{"self":[{"href":"https:\/\/ratatamkids.com\/en\/wp-json\/wp\/v2\/product\/38485","targetHints":{"allow":["GET"]}}],"collection":[{"href":"https:\/\/ratatamkids.com\/en\/wp-json\/wp\/v2\/product"}],"about":[{"href":"https:\/\/ratatamkids.com\/en\/wp-json\/wp\/v2\/types\/product"}],"replies":[{"embeddable":true,"href":"https:\/\/ratatamkids.com\/en\/wp-json\/wp\/v2\/comments?post=38485"}],"wp:featuredmedia":[{"embeddable":true,"href":"https:\/\/ratatamkids.com\/en\/wp-json\/wp\/v2\/media\/38562"}],"wp:attachment":[{"href":"https:\/\/ratatamkids.com\/en\/wp-json\/wp\/v2\/media?parent=38485"}],"wp:term":[{"taxonomy":"product_brand","embeddable":true,"href":"https:\/\/ratatamkids.com\/en\/wp-json\/wp\/v2\/product_brand?post=38485"},{"taxonomy":"product_cat","embeddable":true,"href":"https:\/\/ratatamkids.com\/en\/wp-json\/wp\/v2\/product_cat?post=38485"},{"taxonomy":"product_tag","embeddable":true,"href":"https:\/\/ratatamkids.com\/en\/wp-json\/wp\/v2\/product_tag?post=38485"}],"curies":[{"name":"wp","href":"https:\/\/api.w.org\/{rel}","templated":true}]}}