{"id":38484,"date":"2025-04-28T15:40:50","date_gmt":"2025-04-28T13:40:50","guid":{"rendered":"https:\/\/ratatamkids.com\/?post_type=product&#038;p=38484"},"modified":"2026-03-03T09:45:24","modified_gmt":"2026-03-03T08:45:24","slug":"ballon-gum-15-cm-roseorange","status":"publish","type":"product","link":"https:\/\/ratatamkids.com\/en\/produit\/ballon-gum-15-cm-roseorange\/","title":{"rendered":"Ballon gum 15 cm &#8211; Rose&amp;Orange"},"content":{"rendered":"<p data-sourcepos=\"1:1-1:294\">Pr\u00e9parez-vous \u00e0 une explosion de couleurs et de fun avec la <strong>SUPER NOUVEAUT\u00c9 2025, <\/strong>mais c&#8217;est surtout <strong>UN BALLON ARTISANAL &amp; UNIQUE POUR CHACUN !\u00a0<\/strong><\/p>\n<p data-sourcepos=\"1:1-1:294\">Voici le <strong>Ballon Bubble Gum <\/strong>\u00a0de <strong>15 centim\u00e8tres<\/strong>, maintenant dans un d\u00e9grad\u00e9 p\u00e9tillant de <strong>rose et d&#8217;orange<\/strong> ! \ud83d\udc96\ud83e\udde1 C&#8217;est la dose de bonne humeur garantie pour des jeux encore plus d\u00e9lirants ! \ud83d\ude04<\/p>\n<p data-sourcepos=\"1:1-1:294\">C&#8217;est le <strong>Ballon Bubble Gum<\/strong> car avec son d\u00e9grad\u00e9 de couleurs il ressemble aux bubble gums de notre enfance! \ud83c\udf6d\ud83c\udf08<\/p>\n<p data-sourcepos=\"3:1-3:157\">Imaginez un ballon, o\u00f9 le rose bonbon se m\u00e9lange \u00e0 l&#8217;orange vitamin\u00e9 comme un coucher de soleil joyeux ! \ud83c\udf05<\/p>\n<p data-sourcepos=\"5:1-5:272\">Avec sa taille parfaite de 15 cm, il est id\u00e9al pour les mains de tous les aventuriers, petits et grands, qui veulent encore plus de fun !<\/p>\n<p data-sourcepos=\"5:1-5:272\">Et devinez quoi ? Il est toujours <strong>100% Fabriqu\u00e9 et Emball\u00e9 en France<\/strong> avec tout notre savoir-faire et une montagne d&#8217;amour ! \ud83c\uddeb\ud83c\uddf7\u2764\ufe0f<\/p>\n<p data-sourcepos=\"7:1-7:172\">Craquez pour ce m\u00e9lange de couleurs super tendance : le rose doux qui rencontre l&#8217;orange plein de peps ! C&#8217;est le duo parfait pour des jeux qui ne passent pas inaper\u00e7us ! \u2728<\/p>\n<p data-sourcepos=\"9:1-9:175\">Chaque ballon est une petite merveille cr\u00e9\u00e9e \u00e0 la main, en France, sp\u00e9cialement pour vous ! C&#8217;est comme avoir un petit rayon de soleil p\u00e9tillant pour toutes vos activit\u00e9s ! \u2600\ufe0f<\/p>\n<p data-sourcepos=\"15:1-15:189\">Ce ballon super r\u00e9sistant est pr\u00eat \u00e0 relever tous les d\u00e9fis ! Foot, basket, dodgeball&#8230; rien ne l&#8217;arr\u00eate ! C&#8217;est le partenaire id\u00e9al pour des heures de rires et d&#8217;amusement sans fin ! \ud83d\udcaa\ud83d\ude02<\/p>\n<p data-sourcepos=\"17:1-17:184\">Et son emballage ? Une jolie bo\u00eete en carton toute douce, comme un c\u00e2lin de notre ami le mouton ! \ud83d\udc11 Parce qu&#8217;on aime notre plan\u00e8te et on fait tout pour la prot\u00e9ger chez Ratatam ! \ud83c\udf0d\ud83d\udc9a<\/p>\n<p data-sourcepos=\"19:1-19:283\">Fabriqu\u00e9 avec des mat\u00e9riaux de top qualit\u00e9 et sans substances bizarres, ce ballon g\u00e9ant rose et orange est ultra r\u00e9sistant pour vous accompagner dans toutes vos folies pendant des ann\u00e9es ! Et hop, il garde son air de champion super longtemps pour que le fun ne s&#8217;arr\u00eate jamais ! \ud83d\udca8\ud83c\udfc6<\/p>\n<p data-sourcepos=\"21:1-21:239\">Un petit conseil de pro : si apr\u00e8s des milliers de lancers et d&#8217;attrapages il a besoin d&#8217;un petit coup de boost, pas de panique ! Un petit coup de pompe (ou notre tuto secret !) et il est reparti pour de nouvelles aventures color\u00e9es ! \ud83d\ude09\ud83c\udf88<\/p>\n<p data-sourcepos=\"23:1-23:317\">Le super avantage de ce ballon de 15 cm ? Il est parfait pour partager des moments de joie encore plus grands avec tous vos amis et votre famille ! C&#8217;est g\u00e9nial pour d\u00e9velopper votre coordination et devenir un vrai champion des jeux de ballon ! Attrapez-le, lancez-le, faites-le rebondir&#8230; le fun est illimit\u00e9 ! \ud83c\udf89\ud83e\udd38<\/p>\n<p data-sourcepos=\"25:1-25:176\">Alors, pr\u00eat \u00e0 mettre de la couleur et de la joie dans vos jeux avec le Ballon Bubble Gum G\u00c9ANT rose et orange ? Choisissez-le vite et que la f\u00eate arc-en-ciel commence ! \ud83e\udd73\ud83c\udf88\ud83d\udecd\ufe0f<\/p>\n<p data-sourcepos=\"25:1-25:176\">100% FRANCE<\/p>\n<p data-sourcepos=\"25:1-25:176\">2 tailles disponibles: 10 cm et 15 cm<\/p>\n<p data-sourcepos=\"25:1-25:176\">3 couleurs disponibles: Rose&amp;Orange &#8211; Vert&amp;Jaune &#8211; Bleu&amp;Violet<\/p>\n<p data-start=\"1099\" data-end=\"1158\">\u267b\ufe0f <strong data-start=\"1102\" data-end=\"1132\">Emballage 100 % recyclable<\/strong><\/p>\n<p data-start=\"1099\" data-end=\"1158\"><img loading=\"lazy\" decoding=\"async\" class=\"sFlh5c FyHeAf iPVvYb\" src=\"https:\/\/www.sytraival.com\/img\/actualite-zoom\/5d22bec45b677c13da5e3ed4e1969e6a\/21-logo-triman.png\" alt=\"Triman: le logo du tri - Sytraival\" width=\"31\" height=\"32\" \/><\/p>\n","protected":false},"excerpt":{"rendered":"<p>Pr\u00e9parez-vous \u00e0 une explosion de couleurs et de fun avec la <strong>SUPER NOUVEAUT\u00c9 2025<\/strong> !<\/p>\n<p>Voici le <strong>Ballon Bubble Gum<\/strong>\u00a0de <strong>15 centim\u00e8tres<\/strong>, maintenant dans un d\u00e9grad\u00e9 p\u00e9tillant de <strong>rose et d&#8217;orange<\/strong> ! \ud83d\udc96\ud83e\udde1 C&#8217;est la dose de bonne humeur garantie pour des jeux encore plus d\u00e9lirants ! \ud83d\ude04<\/p>\n","protected":false},"featured_media":38564,"comment_status":"open","ping_status":"closed","template":"","meta":{"_acf_changed":false},"product_brand":[],"product_cat":[547,147,19,181],"product_tag":[],"class_list":{"0":"post-38484","1":"product","2":"type-product","3":"status-publish","4":"has-post-thumbnail","6":"product_cat-nouveautes","7":"product_cat-made-in-france","8":"product_cat-ballons","9":"product_cat-ballons-unis","11":"first","12":"instock","13":"taxable","14":"shipping-taxable","15":"purchasable","16":"product-type-simple"},"acf":[],"yoast_head":"<!-- This site is optimized with the Yoast SEO plugin v25.4 - https:\/\/yoast.com\/wordpress\/plugins\/seo\/ -->\n<title>Ballon gum 15 cm - Rose&amp;Orange - Ratatam Official Website<\/title>\n<meta name=\"description\" content=\"Ballon bubble gum rose et orange 15 cm pour enfants. Livraison offerte en France M\u00e9tropolitaine !\" \/>\n<meta name=\"robots\" content=\"index, follow, max-snippet:-1, max-image-preview:large, max-video-preview:-1\" \/>\n<link rel=\"canonical\" href=\"https:\/\/ratatamkids.com\/en\/produit\/ballon-gum-15-cm-roseorange\/\" \/>\n<meta property=\"og:locale\" content=\"en_US\" \/>\n<meta property=\"og:type\" content=\"article\" \/>\n<meta property=\"og:title\" content=\"Ballon gum 15 cm - Rose&amp;Orange - Ratatam Official Website\" \/>\n<meta property=\"og:description\" content=\"Ballon bubble gum rose et orange 15 cm pour enfants. Livraison offerte en France M\u00e9tropolitaine !\" \/>\n<meta property=\"og:url\" content=\"https:\/\/ratatamkids.com\/en\/produit\/ballon-gum-15-cm-roseorange\/\" \/>\n<meta property=\"og:site_name\" content=\"Ratatam Official Website\" \/>\n<meta property=\"article:publisher\" content=\"https:\/\/www.facebook.com\/Ratatamforhappykids\/\" \/>\n<meta property=\"article:modified_time\" content=\"2026-03-03T08:45:24+00:00\" \/>\n<meta property=\"og:image\" content=\"https:\/\/ratatamkids.com\/wp-content\/uploads\/2025\/04\/BALLON-GUM-15CM-ROSE-ORANGE.jpg\" \/>\n\t<meta property=\"og:image:width\" content=\"2000\" \/>\n\t<meta property=\"og:image:height\" content=\"2000\" \/>\n\t<meta property=\"og:image:type\" content=\"image\/jpeg\" \/>\n<meta name=\"twitter:card\" content=\"summary_large_image\" \/>\n<meta name=\"twitter:label1\" content=\"Est. reading time\" \/>\n\t<meta name=\"twitter:data1\" content=\"3 minutes\" \/>\n<script type=\"application\/ld+json\" class=\"yoast-schema-graph\">{\"@context\":\"https:\/\/schema.org\",\"@graph\":[{\"@type\":\"WebPage\",\"@id\":\"https:\/\/ratatamkids.com\/en\/produit\/ballon-gum-15-cm-roseorange\/\",\"url\":\"https:\/\/ratatamkids.com\/en\/produit\/ballon-gum-15-cm-roseorange\/\",\"name\":\"Ballon gum 15 cm - Rose&amp;Orange - Ratatam Official Website\",\"isPartOf\":{\"@id\":\"https:\/\/ratatamkids.com\/en\/#website\"},\"primaryImageOfPage\":{\"@id\":\"https:\/\/ratatamkids.com\/en\/produit\/ballon-gum-15-cm-roseorange\/#primaryimage\"},\"image\":{\"@id\":\"https:\/\/ratatamkids.com\/en\/produit\/ballon-gum-15-cm-roseorange\/#primaryimage\"},\"thumbnailUrl\":\"https:\/\/ratatamkids.com\/wp-content\/uploads\/2025\/04\/BALLON-GUM-15CM-ROSE-ORANGE.jpg\",\"datePublished\":\"2025-04-28T13:40:50+00:00\",\"dateModified\":\"2026-03-03T08:45:24+00:00\",\"description\":\"Ballon bubble gum rose et orange 15 cm pour enfants. Livraison offerte en France M\u00e9tropolitaine !\",\"breadcrumb\":{\"@id\":\"https:\/\/ratatamkids.com\/en\/produit\/ballon-gum-15-cm-roseorange\/#breadcrumb\"},\"inLanguage\":\"en-US\",\"potentialAction\":[{\"@type\":\"ReadAction\",\"target\":[\"https:\/\/ratatamkids.com\/en\/produit\/ballon-gum-15-cm-roseorange\/\"]}]},{\"@type\":\"ImageObject\",\"inLanguage\":\"en-US\",\"@id\":\"https:\/\/ratatamkids.com\/en\/produit\/ballon-gum-15-cm-roseorange\/#primaryimage\",\"url\":\"https:\/\/ratatamkids.com\/wp-content\/uploads\/2025\/04\/BALLON-GUM-15CM-ROSE-ORANGE.jpg\",\"contentUrl\":\"https:\/\/ratatamkids.com\/wp-content\/uploads\/2025\/04\/BALLON-GUM-15CM-ROSE-ORANGE.jpg\",\"width\":2000,\"height\":2000},{\"@type\":\"BreadcrumbList\",\"@id\":\"https:\/\/ratatamkids.com\/en\/produit\/ballon-gum-15-cm-roseorange\/#breadcrumb\",\"itemListElement\":[{\"@type\":\"ListItem\",\"position\":1,\"name\":\"Accueil\",\"item\":\"https:\/\/ratatamkids.com\/en\/\"},{\"@type\":\"ListItem\",\"position\":2,\"name\":\"Shop\",\"item\":\"https:\/\/ratatamkids.com\/en\/shop\/\"},{\"@type\":\"ListItem\",\"position\":3,\"name\":\"Balloons\",\"item\":\"https:\/\/ratatamkids.com\/en\/categorie-produit\/balloons\/\"},{\"@type\":\"ListItem\",\"position\":4,\"name\":\"United balloons\",\"item\":\"https:\/\/ratatamkids.com\/en\/categorie-produit\/balloons\/united-balloons\/\"},{\"@type\":\"ListItem\",\"position\":5,\"name\":\"Ballon gum 15 cm &#8211; Rose&amp;Orange\"}]},{\"@type\":\"WebSite\",\"@id\":\"https:\/\/ratatamkids.com\/en\/#website\",\"url\":\"https:\/\/ratatamkids.com\/en\/\",\"name\":\"Ratatam Official Website\",\"description\":\"Cool brand for happy kids!\",\"potentialAction\":[{\"@type\":\"SearchAction\",\"target\":{\"@type\":\"EntryPoint\",\"urlTemplate\":\"https:\/\/ratatamkids.com\/en\/?s={search_term_string}\"},\"query-input\":{\"@type\":\"PropertyValueSpecification\",\"valueRequired\":true,\"valueName\":\"search_term_string\"}}],\"inLanguage\":\"en-US\"}]}<\/script>\n<!-- \/ Yoast SEO plugin. -->","yoast_head_json":{"title":"Ballon gum 15 cm - Rose&amp;Orange - Ratatam Official Website","description":"Ballon bubble gum rose et orange 15 cm pour enfants. Livraison offerte en France M\u00e9tropolitaine !","robots":{"index":"index","follow":"follow","max-snippet":"max-snippet:-1","max-image-preview":"max-image-preview:large","max-video-preview":"max-video-preview:-1"},"canonical":"https:\/\/ratatamkids.com\/en\/produit\/ballon-gum-15-cm-roseorange\/","og_locale":"en_US","og_type":"article","og_title":"Ballon gum 15 cm - Rose&amp;Orange - Ratatam Official Website","og_description":"Ballon bubble gum rose et orange 15 cm pour enfants. Livraison offerte en France M\u00e9tropolitaine !","og_url":"https:\/\/ratatamkids.com\/en\/produit\/ballon-gum-15-cm-roseorange\/","og_site_name":"Ratatam Official Website","article_publisher":"https:\/\/www.facebook.com\/Ratatamforhappykids\/","article_modified_time":"2026-03-03T08:45:24+00:00","og_image":[{"width":2000,"height":2000,"url":"https:\/\/ratatamkids.com\/wp-content\/uploads\/2025\/04\/BALLON-GUM-15CM-ROSE-ORANGE.jpg","type":"image\/jpeg"}],"twitter_card":"summary_large_image","twitter_misc":{"Est. reading time":"3 minutes"},"schema":{"@context":"https:\/\/schema.org","@graph":[{"@type":"WebPage","@id":"https:\/\/ratatamkids.com\/en\/produit\/ballon-gum-15-cm-roseorange\/","url":"https:\/\/ratatamkids.com\/en\/produit\/ballon-gum-15-cm-roseorange\/","name":"Ballon gum 15 cm - Rose&amp;Orange - Ratatam Official Website","isPartOf":{"@id":"https:\/\/ratatamkids.com\/en\/#website"},"primaryImageOfPage":{"@id":"https:\/\/ratatamkids.com\/en\/produit\/ballon-gum-15-cm-roseorange\/#primaryimage"},"image":{"@id":"https:\/\/ratatamkids.com\/en\/produit\/ballon-gum-15-cm-roseorange\/#primaryimage"},"thumbnailUrl":"https:\/\/ratatamkids.com\/wp-content\/uploads\/2025\/04\/BALLON-GUM-15CM-ROSE-ORANGE.jpg","datePublished":"2025-04-28T13:40:50+00:00","dateModified":"2026-03-03T08:45:24+00:00","description":"Ballon bubble gum rose et orange 15 cm pour enfants. Livraison offerte en France M\u00e9tropolitaine !","breadcrumb":{"@id":"https:\/\/ratatamkids.com\/en\/produit\/ballon-gum-15-cm-roseorange\/#breadcrumb"},"inLanguage":"en-US","potentialAction":[{"@type":"ReadAction","target":["https:\/\/ratatamkids.com\/en\/produit\/ballon-gum-15-cm-roseorange\/"]}]},{"@type":"ImageObject","inLanguage":"en-US","@id":"https:\/\/ratatamkids.com\/en\/produit\/ballon-gum-15-cm-roseorange\/#primaryimage","url":"https:\/\/ratatamkids.com\/wp-content\/uploads\/2025\/04\/BALLON-GUM-15CM-ROSE-ORANGE.jpg","contentUrl":"https:\/\/ratatamkids.com\/wp-content\/uploads\/2025\/04\/BALLON-GUM-15CM-ROSE-ORANGE.jpg","width":2000,"height":2000},{"@type":"BreadcrumbList","@id":"https:\/\/ratatamkids.com\/en\/produit\/ballon-gum-15-cm-roseorange\/#breadcrumb","itemListElement":[{"@type":"ListItem","position":1,"name":"Accueil","item":"https:\/\/ratatamkids.com\/en\/"},{"@type":"ListItem","position":2,"name":"Shop","item":"https:\/\/ratatamkids.com\/en\/shop\/"},{"@type":"ListItem","position":3,"name":"Balloons","item":"https:\/\/ratatamkids.com\/en\/categorie-produit\/balloons\/"},{"@type":"ListItem","position":4,"name":"United balloons","item":"https:\/\/ratatamkids.com\/en\/categorie-produit\/balloons\/united-balloons\/"},{"@type":"ListItem","position":5,"name":"Ballon gum 15 cm &#8211; Rose&amp;Orange"}]},{"@type":"WebSite","@id":"https:\/\/ratatamkids.com\/en\/#website","url":"https:\/\/ratatamkids.com\/en\/","name":"Ratatam Official Website","description":"Cool brand for happy kids!","potentialAction":[{"@type":"SearchAction","target":{"@type":"EntryPoint","urlTemplate":"https:\/\/ratatamkids.com\/en\/?s={search_term_string}"},"query-input":{"@type":"PropertyValueSpecification","valueRequired":true,"valueName":"search_term_string"}}],"inLanguage":"en-US"}]}},"_links":{"self":[{"href":"https:\/\/ratatamkids.com\/en\/wp-json\/wp\/v2\/product\/38484","targetHints":{"allow":["GET"]}}],"collection":[{"href":"https:\/\/ratatamkids.com\/en\/wp-json\/wp\/v2\/product"}],"about":[{"href":"https:\/\/ratatamkids.com\/en\/wp-json\/wp\/v2\/types\/product"}],"replies":[{"embeddable":true,"href":"https:\/\/ratatamkids.com\/en\/wp-json\/wp\/v2\/comments?post=38484"}],"wp:featuredmedia":[{"embeddable":true,"href":"https:\/\/ratatamkids.com\/en\/wp-json\/wp\/v2\/media\/38564"}],"wp:attachment":[{"href":"https:\/\/ratatamkids.com\/en\/wp-json\/wp\/v2\/media?parent=38484"}],"wp:term":[{"taxonomy":"product_brand","embeddable":true,"href":"https:\/\/ratatamkids.com\/en\/wp-json\/wp\/v2\/product_brand?post=38484"},{"taxonomy":"product_cat","embeddable":true,"href":"https:\/\/ratatamkids.com\/en\/wp-json\/wp\/v2\/product_cat?post=38484"},{"taxonomy":"product_tag","embeddable":true,"href":"https:\/\/ratatamkids.com\/en\/wp-json\/wp\/v2\/product_tag?post=38484"}],"curies":[{"name":"wp","href":"https:\/\/api.w.org\/{rel}","templated":true}]}}