{"id":38483,"date":"2025-04-28T15:32:58","date_gmt":"2025-04-28T13:32:58","guid":{"rendered":"https:\/\/ratatamkids.com\/?post_type=product&#038;p=38483"},"modified":"2026-03-03T09:45:43","modified_gmt":"2026-03-03T08:45:43","slug":"ballon-gum-15-cm-vertjaune","status":"publish","type":"product","link":"https:\/\/ratatamkids.com\/en\/produit\/ballon-gum-15-cm-vertjaune\/","title":{"rendered":"Ballon gum 15 cm &#8211; Vert&amp;Jaune"},"content":{"rendered":"<p data-sourcepos=\"1:1-1:297\">Accrochez-vous, l&#8217;avalanche de fun continue avec la <strong>M\u00c9GA NOUVEAUT\u00c9 2025, <\/strong>mais c&#8217;est surtout <strong>UN BALLON ARTISANAL &amp; UNIQUE POUR CHACUN !\u00a0<\/strong><\/p>\n<p data-sourcepos=\"1:1-1:297\">C&#8217;est le <strong>Ballon Bubble Gum<\/strong> car avec son d\u00e9grad\u00e9 de couleurs il ressemble aux bubble gums de notre enfance! \ud83c\udf6d\ud83c\udf08<\/p>\n<p data-sourcepos=\"1:1-1:297\">Voici le <strong>Ballon Bubble Gum <\/strong>de <strong>15 centim\u00e8tres<\/strong>, maintenant dans un d\u00e9grad\u00e9 so braaazil super vitamin\u00e9 de <strong>vert et de jaune<\/strong> ! \ud83d\udc9a\ud83d\udc9b C&#8217;est l&#8217;\u00e9nergie et la bonne humeur assur\u00e9es pour des jeux encore plus incroyables ! \ud83d\ude04<\/p>\n<p data-sourcepos=\"3:1-3:193\">Imaginez un ballon bien rond et bien dodu, o\u00f9 le vert prairie se m\u00e9lange au jaune soleil pour un effet des plus joyeux ! \u2600\ufe0f C&#8217;est comme avoir un petit arc-en-ciel p\u00e9tillant entre les mains ! \ud83c\udf08<\/p>\n<p data-sourcepos=\"5:1-5:271\">Avec sa taille id\u00e9ale de 15 cm, il est parfait pour les mains de tous les aventuriers, petits et grands, qui veulent multiplier le fun par dix ! Et devinez quoi ? Il est toujours <strong>100% Fabriqu\u00e9 et Emball\u00e9 en France<\/strong> avec une dose maximale d&#8217;amour et de passion ! \ud83c\uddeb\ud83c\uddf7\u2764\ufe0f<\/p>\n<p data-sourcepos=\"7:1-7:185\">Laissez-vous s\u00e9duire par ce duo de couleurs super dynamiques : le vert nature qui rencontre le jaune \u00e9clatant ! C&#8217;est le m\u00e9lange parfait pour des jeux qui respirent la joie de vivre ! \u2728<\/p>\n<p data-sourcepos=\"9:1-9:208\">Chaque ballon est une petite merveille cr\u00e9\u00e9e \u00e0 la main, en France, sp\u00e9cialement pour vous apporter des tonnes de sourires ! C&#8217;est comme avoir un petit rayon de soleil bondissant pour toutes vos aventures ! \ud83d\ude0a<\/p>\n<p data-sourcepos=\"11:1-11:244\">Emmenez ce g\u00e9ant vert et jaune partout o\u00f9 l&#8217;envie de jouer se fait sentir ! Au parc pour des parties de foot endiabl\u00e9es, \u00e0 la plage pour des jeux de volley super rigolos, ou m\u00eame dans le jardin pour des courses folles et des roulades ! \ud83c\udfde\ufe0f\ud83c\udfd6\ufe0f\ud83c\udfe1<\/p>\n<p data-sourcepos=\"15:1-15:209\">Ce ballon super costaud est le roi des jeux en ext\u00e9rieur et en int\u00e9rieur ! Foot, basket, chat perch\u00e9&#8230; rien ne l&#8217;effraie ! C&#8217;est le partenaire id\u00e9al pour des heures de rires et d&#8217;amusement sans limites ! \ud83d\udcaa\ud83d\ude02<\/p>\n<p data-sourcepos=\"17:1-17:201\">Et son emballage ? Une jolie bo\u00eete en carton toute douce, comme un c\u00e2lin de notre ami le mouton tout doux ! \ud83d\udc11 Parce qu&#8217;on aime notre plan\u00e8te et on met tout notre c\u0153ur \u00e0 la prot\u00e9ger chez Ratatam ! \ud83c\udf0d\ud83d\udc9a<\/p>\n<p data-sourcepos=\"19:1-19:310\">Fabriqu\u00e9 avec des mat\u00e9riaux de premi\u00e8re qualit\u00e9 et sans aucune substance ind\u00e9sirable, ce ballon g\u00e9ant vert et jaune est ultra r\u00e9sistant pour vous accompagner dans toutes vos folies pendant des ann\u00e9es et des ann\u00e9es ! Et hop, il garde son air de champion super longtemps pour que le fun ne s&#8217;arr\u00eate jamais ! \ud83d\udca8\ud83c\udfc6<\/p>\n<p data-sourcepos=\"21:1-21:260\">Un petit secret de champion : si apr\u00e8s des milliers de lancers et de rebonds il a besoin d&#8217;une petite recharge, pas de panique ! Un petit coup de pompe (ou notre tuto magique !) et il est reparti pour de nouvelles aventures color\u00e9es et pleines d&#8217;\u00e9nergie ! \ud83d\ude09\ud83c\udf88<\/p>\n<p data-sourcepos=\"23:1-23:322\">Le super atout de ce ballon de 15 cm ? Il est parfait pour partager des moments de joie encore plus grands avec tous vos copains et votre famille ! C&#8217;est g\u00e9nial pour d\u00e9velopper votre agilit\u00e9 et devenir un vrai pro des jeux de ballon en \u00e9quipe ! Attrapez-le, lancez-le, faites-le jongler&#8230; le fun est garanti \u00e0 100% ! \ud83c\udf89\ud83e\udd38<\/p>\n<p data-sourcepos=\"25:1-25:180\">Alors, pr\u00eat \u00e0 mettre une dose de nature et de soleil dans vos jeux avec le Ballon Bubble Gum G\u00c9ANT vert et jaune ? Choisissez-le vite et que la f\u00eate des couleurs commence ! \ud83e\udd73\ud83c\udf88\ud83d\udecd\ufe0f<\/p>\n<p data-sourcepos=\"25:1-25:180\">100% FRANCE<\/p>\n<p data-sourcepos=\"25:1-25:180\">2 tailles disponibles: 10 cm et 15 cm<\/p>\n<p data-sourcepos=\"25:1-25:180\">3 couleurs disponibles: Vert&amp;Jaune &#8211; Rose&amp;Orange &#8211; Bleu&amp;Violet<\/p>\n<p data-sourcepos=\"25:1-25:180\"><em>Les ballons fabrication artisanale peuvent entra\u00eener de l\u00e9g\u00e8res variations de couleurs d&#8217;une s\u00e9rie \u00e0 l&#8217;autre.<\/em><\/p>\n<p data-start=\"1099\" data-end=\"1158\">\u267b\ufe0f <strong data-start=\"1102\" data-end=\"1132\">Emballage 100 % recyclable<\/strong><\/p>\n<p data-start=\"1099\" data-end=\"1158\"><img loading=\"lazy\" decoding=\"async\" class=\"sFlh5c FyHeAf iPVvYb\" src=\"https:\/\/www.sytraival.com\/img\/actualite-zoom\/5d22bec45b677c13da5e3ed4e1969e6a\/21-logo-triman.png\" alt=\"Triman: le logo du tri - Sytraival\" width=\"31\" height=\"32\" \/><\/p>\n","protected":false},"excerpt":{"rendered":"<p>Voici le <strong>Ballon Bubble Gum <\/strong>\u00a0de <strong>15 centim\u00e8tres<\/strong>, maintenant dans un d\u00e9grad\u00e9 super vitamin\u00e9 de <strong>vert et de jaune<\/strong> ! \ud83d\udc9a\ud83d\udc9b<\/p>\n","protected":false},"featured_media":38566,"comment_status":"open","ping_status":"closed","template":"","meta":{"_acf_changed":false},"product_brand":[],"product_cat":[547,147,19,181],"product_tag":[],"class_list":{"0":"post-38483","1":"product","2":"type-product","3":"status-publish","4":"has-post-thumbnail","6":"product_cat-nouveautes","7":"product_cat-made-in-france","8":"product_cat-ballons","9":"product_cat-ballons-unis","11":"first","12":"instock","13":"taxable","14":"shipping-taxable","15":"purchasable","16":"product-type-simple"},"acf":[],"yoast_head":"<!-- This site is optimized with the Yoast SEO plugin v25.4 - https:\/\/yoast.com\/wordpress\/plugins\/seo\/ -->\n<title>Ballon gum 15 cm - Vert&amp;Jaune - Ratatam Official Website<\/title>\n<meta name=\"description\" content=\"Ballon degrad\u00e9 15 cm vert et jaune 100% Fran\u00e7ais pour enfants. Livraison offerte en France Metropolitaine !\" \/>\n<meta name=\"robots\" content=\"index, follow, max-snippet:-1, max-image-preview:large, max-video-preview:-1\" \/>\n<link rel=\"canonical\" href=\"https:\/\/ratatamkids.com\/en\/produit\/ballon-gum-15-cm-vertjaune\/\" \/>\n<meta property=\"og:locale\" content=\"en_US\" \/>\n<meta property=\"og:type\" content=\"article\" \/>\n<meta property=\"og:title\" content=\"Ballon gum 15 cm - Vert&amp;Jaune - Ratatam Official Website\" \/>\n<meta property=\"og:description\" content=\"Ballon degrad\u00e9 15 cm vert et jaune 100% Fran\u00e7ais pour enfants. Livraison offerte en France Metropolitaine !\" \/>\n<meta property=\"og:url\" content=\"https:\/\/ratatamkids.com\/en\/produit\/ballon-gum-15-cm-vertjaune\/\" \/>\n<meta property=\"og:site_name\" content=\"Ratatam Official Website\" \/>\n<meta property=\"article:publisher\" content=\"https:\/\/www.facebook.com\/Ratatamforhappykids\/\" \/>\n<meta property=\"article:modified_time\" content=\"2026-03-03T08:45:43+00:00\" \/>\n<meta property=\"og:image\" content=\"https:\/\/ratatamkids.com\/wp-content\/uploads\/2025\/04\/BALLON-GUM-15CM-VERT-ET-JAUNE.jpg\" \/>\n\t<meta property=\"og:image:width\" content=\"2000\" \/>\n\t<meta property=\"og:image:height\" content=\"2000\" \/>\n\t<meta property=\"og:image:type\" content=\"image\/jpeg\" \/>\n<meta name=\"twitter:card\" content=\"summary_large_image\" \/>\n<meta name=\"twitter:label1\" content=\"Est. reading time\" \/>\n\t<meta name=\"twitter:data1\" content=\"4 minutes\" \/>\n<script type=\"application\/ld+json\" class=\"yoast-schema-graph\">{\"@context\":\"https:\/\/schema.org\",\"@graph\":[{\"@type\":\"WebPage\",\"@id\":\"https:\/\/ratatamkids.com\/en\/produit\/ballon-gum-15-cm-vertjaune\/\",\"url\":\"https:\/\/ratatamkids.com\/en\/produit\/ballon-gum-15-cm-vertjaune\/\",\"name\":\"Ballon gum 15 cm - Vert&amp;Jaune - Ratatam Official Website\",\"isPartOf\":{\"@id\":\"https:\/\/ratatamkids.com\/en\/#website\"},\"primaryImageOfPage\":{\"@id\":\"https:\/\/ratatamkids.com\/en\/produit\/ballon-gum-15-cm-vertjaune\/#primaryimage\"},\"image\":{\"@id\":\"https:\/\/ratatamkids.com\/en\/produit\/ballon-gum-15-cm-vertjaune\/#primaryimage\"},\"thumbnailUrl\":\"https:\/\/ratatamkids.com\/wp-content\/uploads\/2025\/04\/BALLON-GUM-15CM-VERT-ET-JAUNE.jpg\",\"datePublished\":\"2025-04-28T13:32:58+00:00\",\"dateModified\":\"2026-03-03T08:45:43+00:00\",\"description\":\"Ballon degrad\u00e9 15 cm vert et jaune 100% Fran\u00e7ais pour enfants. Livraison offerte en France Metropolitaine !\",\"breadcrumb\":{\"@id\":\"https:\/\/ratatamkids.com\/en\/produit\/ballon-gum-15-cm-vertjaune\/#breadcrumb\"},\"inLanguage\":\"en-US\",\"potentialAction\":[{\"@type\":\"ReadAction\",\"target\":[\"https:\/\/ratatamkids.com\/en\/produit\/ballon-gum-15-cm-vertjaune\/\"]}]},{\"@type\":\"ImageObject\",\"inLanguage\":\"en-US\",\"@id\":\"https:\/\/ratatamkids.com\/en\/produit\/ballon-gum-15-cm-vertjaune\/#primaryimage\",\"url\":\"https:\/\/ratatamkids.com\/wp-content\/uploads\/2025\/04\/BALLON-GUM-15CM-VERT-ET-JAUNE.jpg\",\"contentUrl\":\"https:\/\/ratatamkids.com\/wp-content\/uploads\/2025\/04\/BALLON-GUM-15CM-VERT-ET-JAUNE.jpg\",\"width\":2000,\"height\":2000},{\"@type\":\"BreadcrumbList\",\"@id\":\"https:\/\/ratatamkids.com\/en\/produit\/ballon-gum-15-cm-vertjaune\/#breadcrumb\",\"itemListElement\":[{\"@type\":\"ListItem\",\"position\":1,\"name\":\"Accueil\",\"item\":\"https:\/\/ratatamkids.com\/en\/\"},{\"@type\":\"ListItem\",\"position\":2,\"name\":\"Shop\",\"item\":\"https:\/\/ratatamkids.com\/en\/shop\/\"},{\"@type\":\"ListItem\",\"position\":3,\"name\":\"Balloons\",\"item\":\"https:\/\/ratatamkids.com\/en\/categorie-produit\/balloons\/\"},{\"@type\":\"ListItem\",\"position\":4,\"name\":\"United balloons\",\"item\":\"https:\/\/ratatamkids.com\/en\/categorie-produit\/balloons\/united-balloons\/\"},{\"@type\":\"ListItem\",\"position\":5,\"name\":\"Ballon gum 15 cm &#8211; Vert&amp;Jaune\"}]},{\"@type\":\"WebSite\",\"@id\":\"https:\/\/ratatamkids.com\/en\/#website\",\"url\":\"https:\/\/ratatamkids.com\/en\/\",\"name\":\"Ratatam Official Website\",\"description\":\"Cool brand for happy kids!\",\"potentialAction\":[{\"@type\":\"SearchAction\",\"target\":{\"@type\":\"EntryPoint\",\"urlTemplate\":\"https:\/\/ratatamkids.com\/en\/?s={search_term_string}\"},\"query-input\":{\"@type\":\"PropertyValueSpecification\",\"valueRequired\":true,\"valueName\":\"search_term_string\"}}],\"inLanguage\":\"en-US\"}]}<\/script>\n<!-- \/ Yoast SEO plugin. -->","yoast_head_json":{"title":"Ballon gum 15 cm - Vert&amp;Jaune - Ratatam Official Website","description":"Ballon degrad\u00e9 15 cm vert et jaune 100% Fran\u00e7ais pour enfants. Livraison offerte en France Metropolitaine !","robots":{"index":"index","follow":"follow","max-snippet":"max-snippet:-1","max-image-preview":"max-image-preview:large","max-video-preview":"max-video-preview:-1"},"canonical":"https:\/\/ratatamkids.com\/en\/produit\/ballon-gum-15-cm-vertjaune\/","og_locale":"en_US","og_type":"article","og_title":"Ballon gum 15 cm - Vert&amp;Jaune - Ratatam Official Website","og_description":"Ballon degrad\u00e9 15 cm vert et jaune 100% Fran\u00e7ais pour enfants. Livraison offerte en France Metropolitaine !","og_url":"https:\/\/ratatamkids.com\/en\/produit\/ballon-gum-15-cm-vertjaune\/","og_site_name":"Ratatam Official Website","article_publisher":"https:\/\/www.facebook.com\/Ratatamforhappykids\/","article_modified_time":"2026-03-03T08:45:43+00:00","og_image":[{"width":2000,"height":2000,"url":"https:\/\/ratatamkids.com\/wp-content\/uploads\/2025\/04\/BALLON-GUM-15CM-VERT-ET-JAUNE.jpg","type":"image\/jpeg"}],"twitter_card":"summary_large_image","twitter_misc":{"Est. reading time":"4 minutes"},"schema":{"@context":"https:\/\/schema.org","@graph":[{"@type":"WebPage","@id":"https:\/\/ratatamkids.com\/en\/produit\/ballon-gum-15-cm-vertjaune\/","url":"https:\/\/ratatamkids.com\/en\/produit\/ballon-gum-15-cm-vertjaune\/","name":"Ballon gum 15 cm - Vert&amp;Jaune - Ratatam Official Website","isPartOf":{"@id":"https:\/\/ratatamkids.com\/en\/#website"},"primaryImageOfPage":{"@id":"https:\/\/ratatamkids.com\/en\/produit\/ballon-gum-15-cm-vertjaune\/#primaryimage"},"image":{"@id":"https:\/\/ratatamkids.com\/en\/produit\/ballon-gum-15-cm-vertjaune\/#primaryimage"},"thumbnailUrl":"https:\/\/ratatamkids.com\/wp-content\/uploads\/2025\/04\/BALLON-GUM-15CM-VERT-ET-JAUNE.jpg","datePublished":"2025-04-28T13:32:58+00:00","dateModified":"2026-03-03T08:45:43+00:00","description":"Ballon degrad\u00e9 15 cm vert et jaune 100% Fran\u00e7ais pour enfants. Livraison offerte en France Metropolitaine !","breadcrumb":{"@id":"https:\/\/ratatamkids.com\/en\/produit\/ballon-gum-15-cm-vertjaune\/#breadcrumb"},"inLanguage":"en-US","potentialAction":[{"@type":"ReadAction","target":["https:\/\/ratatamkids.com\/en\/produit\/ballon-gum-15-cm-vertjaune\/"]}]},{"@type":"ImageObject","inLanguage":"en-US","@id":"https:\/\/ratatamkids.com\/en\/produit\/ballon-gum-15-cm-vertjaune\/#primaryimage","url":"https:\/\/ratatamkids.com\/wp-content\/uploads\/2025\/04\/BALLON-GUM-15CM-VERT-ET-JAUNE.jpg","contentUrl":"https:\/\/ratatamkids.com\/wp-content\/uploads\/2025\/04\/BALLON-GUM-15CM-VERT-ET-JAUNE.jpg","width":2000,"height":2000},{"@type":"BreadcrumbList","@id":"https:\/\/ratatamkids.com\/en\/produit\/ballon-gum-15-cm-vertjaune\/#breadcrumb","itemListElement":[{"@type":"ListItem","position":1,"name":"Accueil","item":"https:\/\/ratatamkids.com\/en\/"},{"@type":"ListItem","position":2,"name":"Shop","item":"https:\/\/ratatamkids.com\/en\/shop\/"},{"@type":"ListItem","position":3,"name":"Balloons","item":"https:\/\/ratatamkids.com\/en\/categorie-produit\/balloons\/"},{"@type":"ListItem","position":4,"name":"United balloons","item":"https:\/\/ratatamkids.com\/en\/categorie-produit\/balloons\/united-balloons\/"},{"@type":"ListItem","position":5,"name":"Ballon gum 15 cm &#8211; Vert&amp;Jaune"}]},{"@type":"WebSite","@id":"https:\/\/ratatamkids.com\/en\/#website","url":"https:\/\/ratatamkids.com\/en\/","name":"Ratatam Official Website","description":"Cool brand for happy kids!","potentialAction":[{"@type":"SearchAction","target":{"@type":"EntryPoint","urlTemplate":"https:\/\/ratatamkids.com\/en\/?s={search_term_string}"},"query-input":{"@type":"PropertyValueSpecification","valueRequired":true,"valueName":"search_term_string"}}],"inLanguage":"en-US"}]}},"_links":{"self":[{"href":"https:\/\/ratatamkids.com\/en\/wp-json\/wp\/v2\/product\/38483","targetHints":{"allow":["GET"]}}],"collection":[{"href":"https:\/\/ratatamkids.com\/en\/wp-json\/wp\/v2\/product"}],"about":[{"href":"https:\/\/ratatamkids.com\/en\/wp-json\/wp\/v2\/types\/product"}],"replies":[{"embeddable":true,"href":"https:\/\/ratatamkids.com\/en\/wp-json\/wp\/v2\/comments?post=38483"}],"wp:featuredmedia":[{"embeddable":true,"href":"https:\/\/ratatamkids.com\/en\/wp-json\/wp\/v2\/media\/38566"}],"wp:attachment":[{"href":"https:\/\/ratatamkids.com\/en\/wp-json\/wp\/v2\/media?parent=38483"}],"wp:term":[{"taxonomy":"product_brand","embeddable":true,"href":"https:\/\/ratatamkids.com\/en\/wp-json\/wp\/v2\/product_brand?post=38483"},{"taxonomy":"product_cat","embeddable":true,"href":"https:\/\/ratatamkids.com\/en\/wp-json\/wp\/v2\/product_cat?post=38483"},{"taxonomy":"product_tag","embeddable":true,"href":"https:\/\/ratatamkids.com\/en\/wp-json\/wp\/v2\/product_tag?post=38483"}],"curies":[{"name":"wp","href":"https:\/\/api.w.org\/{rel}","templated":true}]}}