{"id":37714,"date":"2025-02-18T18:24:09","date_gmt":"2025-02-18T17:24:09","guid":{"rendered":"https:\/\/ratatamkids.com\/?post_type=product&#038;p=37714"},"modified":"2026-03-11T10:29:29","modified_gmt":"2026-03-11T09:29:29","slug":"masque-marmotte-marron","status":"publish","type":"product","link":"https:\/\/ratatamkids.com\/en\/produit\/masque-marmotte-marron\/","title":{"rendered":"Masque Marmotte &#8211; Marron"},"content":{"rendered":"<p>Transformez chaque jour en une aventure fantastique avec <strong>nos masques d\u2019animaux<\/strong> ! Que les enfants souhaitent se d\u00e9guiser pour une f\u00eate, se mettre en sc\u00e8ne pour un anniversaire ou simplement s\u2019amuser \u00e0 la maison, nos masques sont parfaits pour donner vie \u00e0 l\u2019imagination des plus jeunes et des moins jeunes !<\/p>\n<p>Gr\u00e2ce \u00e0 l\u2019\u00e9lastique, nos masques s\u2019adaptent \u00e0 toutes les t\u00eates, offrant un ajustement parfait pour petits et grands.<\/p>\n<p>Les masques invitent \u00a0\u00e0 se raconter des histoires, \u00e0 jouer des sc\u00e9naris improbables et \u00e0 partager des fous rires en famille ou entre amis. Parfaits pour des s\u00e9ances photo m\u00e9morables ou pour animer des jeux de r\u00f4le, ils vous permettront de cr\u00e9er des souvenirs inoubliables.<\/p>\n<p>Alors n\u2019attendez plus ! Enfilez votre masque et laissez libre cours \u00e0 votre cr\u00e9ativit\u00e9. Avec nos masques d\u2019animaux dr\u00f4les, chaque jour devient une nouvelle aventure pleine de rires et de surprises !<\/p>\n<p><strong>Commandez maintenant et entrez dans la peau de votre animal pr\u00e9f\u00e9r\u00e9 !<\/strong><\/p>\n<p>Fabriqu\u00e9 en Chine<\/p>\n<p>Polyur\u00e9thane<\/p>\n<p>Disponible en 9 compagnons: Dragon violet, Souris marron, Cerf, Panda, Dragon noir, Loup, Souris grise, Puma &amp; Marmotte<\/p>\n","protected":false},"excerpt":{"rendered":"<p>Transformez chaque jour en une aventure fantastique avec <strong>nos masques d\u2019animaux<\/strong> !<\/p>\n<p>Disponible en 9 compagnons: Dragon violet, Souris marron, Cerf, Panda, Dragon noir, Loup, Souris grise, Puma &amp; Marmotte<\/p>\n","protected":false},"featured_media":37999,"comment_status":"open","ping_status":"closed","template":"","meta":{"_acf_changed":false},"product_brand":[],"product_cat":[20,23],"product_tag":[],"class_list":{"0":"post-37714","1":"product","2":"type-product","3":"status-publish","4":"has-post-thumbnail","6":"product_cat-deguisements","7":"product_cat-accessoires","9":"first","10":"instock","11":"taxable","12":"shipping-taxable","13":"purchasable","14":"product-type-simple"},"acf":[],"yoast_head":"<!-- This site is optimized with the Yoast SEO plugin v25.4 - https:\/\/yoast.com\/wordpress\/plugins\/seo\/ -->\n<title>Masque Marmotte - Marron - Ratatam Official Website<\/title>\n<meta name=\"description\" content=\"D\u00e9couvrez les masques animaux Ratatam Kids, parfaits pour les enfants qui adorent se d\u00e9guiser. Des designs fun et color\u00e9s\" \/>\n<meta name=\"robots\" content=\"index, follow, max-snippet:-1, max-image-preview:large, max-video-preview:-1\" \/>\n<link rel=\"canonical\" href=\"https:\/\/ratatamkids.com\/en\/produit\/masque-marmotte-marron\/\" \/>\n<meta property=\"og:locale\" content=\"en_US\" \/>\n<meta property=\"og:type\" content=\"article\" \/>\n<meta property=\"og:title\" content=\"Masque Marmotte - Marron - Ratatam Official Website\" \/>\n<meta property=\"og:description\" content=\"D\u00e9couvrez les masques animaux Ratatam Kids, parfaits pour les enfants qui adorent se d\u00e9guiser. Des designs fun et color\u00e9s\" \/>\n<meta property=\"og:url\" content=\"https:\/\/ratatamkids.com\/en\/produit\/masque-marmotte-marron\/\" \/>\n<meta property=\"og:site_name\" content=\"Ratatam Official Website\" \/>\n<meta property=\"article:publisher\" content=\"https:\/\/www.facebook.com\/Ratatamforhappykids\/\" \/>\n<meta property=\"article:modified_time\" content=\"2026-03-11T09:29:29+00:00\" \/>\n<meta property=\"og:image\" content=\"https:\/\/ratatamkids.com\/wp-content\/uploads\/2025\/02\/MASQUE-MARMOTTE-MARRON-RATATAM-KIDS-2.jpeg\" \/>\n\t<meta property=\"og:image:width\" content=\"1800\" \/>\n\t<meta property=\"og:image:height\" content=\"2400\" \/>\n\t<meta property=\"og:image:type\" content=\"image\/jpeg\" \/>\n<meta name=\"twitter:card\" content=\"summary_large_image\" \/>\n<meta name=\"twitter:label1\" content=\"Est. reading time\" \/>\n\t<meta name=\"twitter:data1\" content=\"2 minutes\" \/>\n<script type=\"application\/ld+json\" class=\"yoast-schema-graph\">{\"@context\":\"https:\/\/schema.org\",\"@graph\":[{\"@type\":\"WebPage\",\"@id\":\"https:\/\/ratatamkids.com\/en\/produit\/masque-marmotte-marron\/\",\"url\":\"https:\/\/ratatamkids.com\/en\/produit\/masque-marmotte-marron\/\",\"name\":\"Masque Marmotte - Marron - Ratatam Official Website\",\"isPartOf\":{\"@id\":\"https:\/\/ratatamkids.com\/en\/#website\"},\"primaryImageOfPage\":{\"@id\":\"https:\/\/ratatamkids.com\/en\/produit\/masque-marmotte-marron\/#primaryimage\"},\"image\":{\"@id\":\"https:\/\/ratatamkids.com\/en\/produit\/masque-marmotte-marron\/#primaryimage\"},\"thumbnailUrl\":\"https:\/\/ratatamkids.com\/wp-content\/uploads\/2025\/02\/MASQUE-MARMOTTE-MARRON-RATATAM-KIDS-2.jpeg\",\"datePublished\":\"2025-02-18T17:24:09+00:00\",\"dateModified\":\"2026-03-11T09:29:29+00:00\",\"description\":\"D\u00e9couvrez les masques animaux Ratatam Kids, parfaits pour les enfants qui adorent se d\u00e9guiser. Des designs fun et color\u00e9s\",\"breadcrumb\":{\"@id\":\"https:\/\/ratatamkids.com\/en\/produit\/masque-marmotte-marron\/#breadcrumb\"},\"inLanguage\":\"en-US\",\"potentialAction\":[{\"@type\":\"ReadAction\",\"target\":[\"https:\/\/ratatamkids.com\/en\/produit\/masque-marmotte-marron\/\"]}]},{\"@type\":\"ImageObject\",\"inLanguage\":\"en-US\",\"@id\":\"https:\/\/ratatamkids.com\/en\/produit\/masque-marmotte-marron\/#primaryimage\",\"url\":\"https:\/\/ratatamkids.com\/wp-content\/uploads\/2025\/02\/MASQUE-MARMOTTE-MARRON-RATATAM-KIDS-2.jpeg\",\"contentUrl\":\"https:\/\/ratatamkids.com\/wp-content\/uploads\/2025\/02\/MASQUE-MARMOTTE-MARRON-RATATAM-KIDS-2.jpeg\",\"width\":1800,\"height\":2400,\"caption\":\"MASQUE DE DEGUISEMENT MARMOTTE RATATAM KIDS\"},{\"@type\":\"BreadcrumbList\",\"@id\":\"https:\/\/ratatamkids.com\/en\/produit\/masque-marmotte-marron\/#breadcrumb\",\"itemListElement\":[{\"@type\":\"ListItem\",\"position\":1,\"name\":\"Accueil\",\"item\":\"https:\/\/ratatamkids.com\/en\/\"},{\"@type\":\"ListItem\",\"position\":2,\"name\":\"Shop\",\"item\":\"https:\/\/ratatamkids.com\/en\/shop\/\"},{\"@type\":\"ListItem\",\"position\":3,\"name\":\"id\u00e9es cadeaux\",\"item\":\"https:\/\/ratatamkids.com\/en\/categorie-produit\/idees-cadeaux\/\"},{\"@type\":\"ListItem\",\"position\":4,\"name\":\"-20\u20ac\",\"item\":\"https:\/\/ratatamkids.com\/en\/categorie-produit\/idees-cadeaux\/20e\/\"},{\"@type\":\"ListItem\",\"position\":5,\"name\":\"Masque Marmotte &#8211; Marron\"}]},{\"@type\":\"WebSite\",\"@id\":\"https:\/\/ratatamkids.com\/en\/#website\",\"url\":\"https:\/\/ratatamkids.com\/en\/\",\"name\":\"Ratatam Official Website\",\"description\":\"Cool brand for happy kids!\",\"potentialAction\":[{\"@type\":\"SearchAction\",\"target\":{\"@type\":\"EntryPoint\",\"urlTemplate\":\"https:\/\/ratatamkids.com\/en\/?s={search_term_string}\"},\"query-input\":{\"@type\":\"PropertyValueSpecification\",\"valueRequired\":true,\"valueName\":\"search_term_string\"}}],\"inLanguage\":\"en-US\"}]}<\/script>\n<!-- \/ Yoast SEO plugin. -->","yoast_head_json":{"title":"Masque Marmotte - Marron - Ratatam Official Website","description":"D\u00e9couvrez les masques animaux Ratatam Kids, parfaits pour les enfants qui adorent se d\u00e9guiser. Des designs fun et color\u00e9s","robots":{"index":"index","follow":"follow","max-snippet":"max-snippet:-1","max-image-preview":"max-image-preview:large","max-video-preview":"max-video-preview:-1"},"canonical":"https:\/\/ratatamkids.com\/en\/produit\/masque-marmotte-marron\/","og_locale":"en_US","og_type":"article","og_title":"Masque Marmotte - Marron - Ratatam Official Website","og_description":"D\u00e9couvrez les masques animaux Ratatam Kids, parfaits pour les enfants qui adorent se d\u00e9guiser. Des designs fun et color\u00e9s","og_url":"https:\/\/ratatamkids.com\/en\/produit\/masque-marmotte-marron\/","og_site_name":"Ratatam Official Website","article_publisher":"https:\/\/www.facebook.com\/Ratatamforhappykids\/","article_modified_time":"2026-03-11T09:29:29+00:00","og_image":[{"width":1800,"height":2400,"url":"https:\/\/ratatamkids.com\/wp-content\/uploads\/2025\/02\/MASQUE-MARMOTTE-MARRON-RATATAM-KIDS-2.jpeg","type":"image\/jpeg"}],"twitter_card":"summary_large_image","twitter_misc":{"Est. reading time":"2 minutes"},"schema":{"@context":"https:\/\/schema.org","@graph":[{"@type":"WebPage","@id":"https:\/\/ratatamkids.com\/en\/produit\/masque-marmotte-marron\/","url":"https:\/\/ratatamkids.com\/en\/produit\/masque-marmotte-marron\/","name":"Masque Marmotte - Marron - Ratatam Official Website","isPartOf":{"@id":"https:\/\/ratatamkids.com\/en\/#website"},"primaryImageOfPage":{"@id":"https:\/\/ratatamkids.com\/en\/produit\/masque-marmotte-marron\/#primaryimage"},"image":{"@id":"https:\/\/ratatamkids.com\/en\/produit\/masque-marmotte-marron\/#primaryimage"},"thumbnailUrl":"https:\/\/ratatamkids.com\/wp-content\/uploads\/2025\/02\/MASQUE-MARMOTTE-MARRON-RATATAM-KIDS-2.jpeg","datePublished":"2025-02-18T17:24:09+00:00","dateModified":"2026-03-11T09:29:29+00:00","description":"D\u00e9couvrez les masques animaux Ratatam Kids, parfaits pour les enfants qui adorent se d\u00e9guiser. Des designs fun et color\u00e9s","breadcrumb":{"@id":"https:\/\/ratatamkids.com\/en\/produit\/masque-marmotte-marron\/#breadcrumb"},"inLanguage":"en-US","potentialAction":[{"@type":"ReadAction","target":["https:\/\/ratatamkids.com\/en\/produit\/masque-marmotte-marron\/"]}]},{"@type":"ImageObject","inLanguage":"en-US","@id":"https:\/\/ratatamkids.com\/en\/produit\/masque-marmotte-marron\/#primaryimage","url":"https:\/\/ratatamkids.com\/wp-content\/uploads\/2025\/02\/MASQUE-MARMOTTE-MARRON-RATATAM-KIDS-2.jpeg","contentUrl":"https:\/\/ratatamkids.com\/wp-content\/uploads\/2025\/02\/MASQUE-MARMOTTE-MARRON-RATATAM-KIDS-2.jpeg","width":1800,"height":2400,"caption":"MASQUE DE DEGUISEMENT MARMOTTE RATATAM KIDS"},{"@type":"BreadcrumbList","@id":"https:\/\/ratatamkids.com\/en\/produit\/masque-marmotte-marron\/#breadcrumb","itemListElement":[{"@type":"ListItem","position":1,"name":"Accueil","item":"https:\/\/ratatamkids.com\/en\/"},{"@type":"ListItem","position":2,"name":"Shop","item":"https:\/\/ratatamkids.com\/en\/shop\/"},{"@type":"ListItem","position":3,"name":"id\u00e9es cadeaux","item":"https:\/\/ratatamkids.com\/en\/categorie-produit\/idees-cadeaux\/"},{"@type":"ListItem","position":4,"name":"-20\u20ac","item":"https:\/\/ratatamkids.com\/en\/categorie-produit\/idees-cadeaux\/20e\/"},{"@type":"ListItem","position":5,"name":"Masque Marmotte &#8211; Marron"}]},{"@type":"WebSite","@id":"https:\/\/ratatamkids.com\/en\/#website","url":"https:\/\/ratatamkids.com\/en\/","name":"Ratatam Official Website","description":"Cool brand for happy kids!","potentialAction":[{"@type":"SearchAction","target":{"@type":"EntryPoint","urlTemplate":"https:\/\/ratatamkids.com\/en\/?s={search_term_string}"},"query-input":{"@type":"PropertyValueSpecification","valueRequired":true,"valueName":"search_term_string"}}],"inLanguage":"en-US"}]}},"_links":{"self":[{"href":"https:\/\/ratatamkids.com\/en\/wp-json\/wp\/v2\/product\/37714","targetHints":{"allow":["GET"]}}],"collection":[{"href":"https:\/\/ratatamkids.com\/en\/wp-json\/wp\/v2\/product"}],"about":[{"href":"https:\/\/ratatamkids.com\/en\/wp-json\/wp\/v2\/types\/product"}],"replies":[{"embeddable":true,"href":"https:\/\/ratatamkids.com\/en\/wp-json\/wp\/v2\/comments?post=37714"}],"wp:featuredmedia":[{"embeddable":true,"href":"https:\/\/ratatamkids.com\/en\/wp-json\/wp\/v2\/media\/37999"}],"wp:attachment":[{"href":"https:\/\/ratatamkids.com\/en\/wp-json\/wp\/v2\/media?parent=37714"}],"wp:term":[{"taxonomy":"product_brand","embeddable":true,"href":"https:\/\/ratatamkids.com\/en\/wp-json\/wp\/v2\/product_brand?post=37714"},{"taxonomy":"product_cat","embeddable":true,"href":"https:\/\/ratatamkids.com\/en\/wp-json\/wp\/v2\/product_cat?post=37714"},{"taxonomy":"product_tag","embeddable":true,"href":"https:\/\/ratatamkids.com\/en\/wp-json\/wp\/v2\/product_tag?post=37714"}],"curies":[{"name":"wp","href":"https:\/\/api.w.org\/{rel}","templated":true}]}}