{"id":37698,"date":"2025-05-19T15:31:27","date_gmt":"2025-05-19T13:31:27","guid":{"rendered":"https:\/\/ratatamkids.com\/?post_type=product&#038;p=37698"},"modified":"2026-02-09T22:39:50","modified_gmt":"2026-02-09T21:39:50","slug":"petit-ballon-flowers-12-cm-corail","status":"publish","type":"product","link":"https:\/\/ratatamkids.com\/en\/produit\/petit-ballon-flowers-12-cm-corail\/","title":{"rendered":"Petit Ballon Red sky 12 cm &#8211; corail"},"content":{"rendered":"<p><strong>Ballon \u201cRed Starry Sky\u201d \u2013 Collection capsule &#8220;A Cosmic Romance&#8221; x Sproet and Sprout\u00a0<\/strong><\/p>\n<p>Un ballon galactique inspir\u00e9 d\u2019un ciel en feu !<\/p>\n<p>Issu du conte cosmique de Captain Space Cat et Mr. Moustache, ce mod\u00e8le exclusif refl\u00e8te les couleurs envo\u00fbtantes d\u2019une n\u00e9buleuse rouge \u2013 une aurore bor\u00e9ale interstellaire.<\/p>\n<p>Ce ballon invite aux aventures c\u00e9lestes\u2026 ou aux jeux sans fin dans le jardin !<\/p>\n<p>&nbsp;<\/p>\n<p>Points forts :<\/p>\n<p>\u2013 Design original par Sproet &amp; Sprout<\/p>\n<p>\u2013 Une explosion d\u2019\u00e9nergie visuelle audacieuse<\/p>\n<p>\u2013 \u00c9dition limit\u00e9e \u2013 Collection capsule &#8220;A Cosmic Romance&#8221;<\/p>\n<p>\u2013 Cr\u00e9\u00e9 avec amour pour les esprits curieux et cr\u00e9atifs<\/p>\n<p>&nbsp;<\/p>\n<p data-sourcepos=\"19:1-23:164\">En PVC sans phtalates<\/p>\n<p data-sourcepos=\"19:1-23:164\">Fabriqu\u00e9 en Chine.<\/p>\n<p data-sourcepos=\"19:1-23:164\">Livr\u00e9 gonfl\u00e9, il est facilement regonflable \u00e0 l\u2019aide d\u2019une pompe \u00e0 v\u00e9los avec aiguilles sp\u00e9ciales ballon.(Consultez notre guide pour apprendre \u00e0 gonfler facilement votre ballon)<\/p>\n","protected":false},"excerpt":{"rendered":"<p>Faites \u00e9clore la bonne humeur avec ce charmant ballon 12 cm orn\u00e9 de fleurs fushia sur un fond rose.<\/p>\n<p>Parfait pour les petites aventures, il est facile \u00e0 manipuler et \u00e0 regonfler.<\/p>\n<p>Un cadeau fleuri sign\u00e9 Ratatam Kids !<\/p>\n","protected":false},"featured_media":40384,"comment_status":"open","ping_status":"closed","template":"","meta":{"_acf_changed":false},"product_brand":[],"product_cat":[19,178,359],"product_tag":[],"class_list":{"0":"post-37698","1":"product","2":"type-product","3":"status-publish","4":"has-post-thumbnail","6":"product_cat-ballons","7":"product_cat-ballon-hawaii","8":"product_cat-ballons-a-motifs","10":"first","11":"instock","12":"taxable","13":"shipping-taxable","14":"purchasable","15":"product-type-simple"},"acf":[],"yoast_head":"<!-- This site is optimized with the Yoast SEO plugin v25.4 - https:\/\/yoast.com\/wordpress\/plugins\/seo\/ -->\n<title>Petit Ballon Red sky 12 cm - corail - Ratatam Official Website<\/title>\n<meta name=\"description\" content=\"D\u00e9couvrez le ballon Ratatam Kids avec d&#039;adorables fleurs multicolores sur fond rose doux ! \ud83c\udf88 Facile \u00e0 attraper, livr\u00e9 gonfl\u00e9.\" \/>\n<meta name=\"robots\" content=\"index, follow, max-snippet:-1, max-image-preview:large, max-video-preview:-1\" \/>\n<link rel=\"canonical\" href=\"https:\/\/ratatamkids.com\/en\/produit\/petit-ballon-flowers-12-cm-corail\/\" \/>\n<meta property=\"og:locale\" content=\"en_US\" \/>\n<meta property=\"og:type\" content=\"article\" \/>\n<meta property=\"og:title\" content=\"Petit Ballon Red sky 12 cm - corail - Ratatam Official Website\" \/>\n<meta property=\"og:description\" content=\"D\u00e9couvrez le ballon Ratatam Kids avec d&#039;adorables fleurs multicolores sur fond rose doux ! \ud83c\udf88 Facile \u00e0 attraper, livr\u00e9 gonfl\u00e9.\" \/>\n<meta property=\"og:url\" content=\"https:\/\/ratatamkids.com\/en\/produit\/petit-ballon-flowers-12-cm-corail\/\" \/>\n<meta property=\"og:site_name\" content=\"Ratatam Official Website\" \/>\n<meta property=\"article:publisher\" content=\"https:\/\/www.facebook.com\/Ratatamforhappykids\/\" \/>\n<meta property=\"article:modified_time\" content=\"2026-02-09T21:39:50+00:00\" \/>\n<meta property=\"og:image\" content=\"https:\/\/ratatamkids.com\/wp-content\/uploads\/2025\/05\/ballon-corail-etoile.png\" \/>\n\t<meta property=\"og:image:width\" content=\"2000\" \/>\n\t<meta property=\"og:image:height\" content=\"2000\" \/>\n\t<meta property=\"og:image:type\" content=\"image\/png\" \/>\n<meta name=\"twitter:card\" content=\"summary_large_image\" \/>\n<meta name=\"twitter:label1\" content=\"Est. reading time\" \/>\n\t<meta name=\"twitter:data1\" content=\"1 minute\" \/>\n<script type=\"application\/ld+json\" class=\"yoast-schema-graph\">{\"@context\":\"https:\/\/schema.org\",\"@graph\":[{\"@type\":\"WebPage\",\"@id\":\"https:\/\/ratatamkids.com\/en\/produit\/petit-ballon-flowers-12-cm-corail\/\",\"url\":\"https:\/\/ratatamkids.com\/en\/produit\/petit-ballon-flowers-12-cm-corail\/\",\"name\":\"Petit Ballon Red sky 12 cm - corail - Ratatam Official Website\",\"isPartOf\":{\"@id\":\"https:\/\/ratatamkids.com\/en\/#website\"},\"primaryImageOfPage\":{\"@id\":\"https:\/\/ratatamkids.com\/en\/produit\/petit-ballon-flowers-12-cm-corail\/#primaryimage\"},\"image\":{\"@id\":\"https:\/\/ratatamkids.com\/en\/produit\/petit-ballon-flowers-12-cm-corail\/#primaryimage\"},\"thumbnailUrl\":\"https:\/\/ratatamkids.com\/wp-content\/uploads\/2025\/05\/ballon-corail-etoile.png\",\"datePublished\":\"2025-05-19T13:31:27+00:00\",\"dateModified\":\"2026-02-09T21:39:50+00:00\",\"description\":\"D\u00e9couvrez le ballon Ratatam Kids avec d'adorables fleurs multicolores sur fond rose doux ! \ud83c\udf88 Facile \u00e0 attraper, livr\u00e9 gonfl\u00e9.\",\"breadcrumb\":{\"@id\":\"https:\/\/ratatamkids.com\/en\/produit\/petit-ballon-flowers-12-cm-corail\/#breadcrumb\"},\"inLanguage\":\"en-US\",\"potentialAction\":[{\"@type\":\"ReadAction\",\"target\":[\"https:\/\/ratatamkids.com\/en\/produit\/petit-ballon-flowers-12-cm-corail\/\"]}]},{\"@type\":\"ImageObject\",\"inLanguage\":\"en-US\",\"@id\":\"https:\/\/ratatamkids.com\/en\/produit\/petit-ballon-flowers-12-cm-corail\/#primaryimage\",\"url\":\"https:\/\/ratatamkids.com\/wp-content\/uploads\/2025\/05\/ballon-corail-etoile.png\",\"contentUrl\":\"https:\/\/ratatamkids.com\/wp-content\/uploads\/2025\/05\/ballon-corail-etoile.png\",\"width\":2000,\"height\":2000},{\"@type\":\"BreadcrumbList\",\"@id\":\"https:\/\/ratatamkids.com\/en\/produit\/petit-ballon-flowers-12-cm-corail\/#breadcrumb\",\"itemListElement\":[{\"@type\":\"ListItem\",\"position\":1,\"name\":\"Accueil\",\"item\":\"https:\/\/ratatamkids.com\/en\/\"},{\"@type\":\"ListItem\",\"position\":2,\"name\":\"Shop\",\"item\":\"https:\/\/ratatamkids.com\/en\/shop\/\"},{\"@type\":\"ListItem\",\"position\":3,\"name\":\"id\u00e9es cadeaux\",\"item\":\"https:\/\/ratatamkids.com\/en\/categorie-produit\/idees-cadeaux\/\"},{\"@type\":\"ListItem\",\"position\":4,\"name\":\"-20\u20ac\",\"item\":\"https:\/\/ratatamkids.com\/en\/categorie-produit\/idees-cadeaux\/20e\/\"},{\"@type\":\"ListItem\",\"position\":5,\"name\":\"Petit Ballon Red sky 12 cm &#8211; corail\"}]},{\"@type\":\"WebSite\",\"@id\":\"https:\/\/ratatamkids.com\/en\/#website\",\"url\":\"https:\/\/ratatamkids.com\/en\/\",\"name\":\"Ratatam Official Website\",\"description\":\"Cool brand for happy kids!\",\"potentialAction\":[{\"@type\":\"SearchAction\",\"target\":{\"@type\":\"EntryPoint\",\"urlTemplate\":\"https:\/\/ratatamkids.com\/en\/?s={search_term_string}\"},\"query-input\":{\"@type\":\"PropertyValueSpecification\",\"valueRequired\":true,\"valueName\":\"search_term_string\"}}],\"inLanguage\":\"en-US\"}]}<\/script>\n<!-- \/ Yoast SEO plugin. -->","yoast_head_json":{"title":"Petit Ballon Red sky 12 cm - corail - Ratatam Official Website","description":"D\u00e9couvrez le ballon Ratatam Kids avec d'adorables fleurs multicolores sur fond rose doux ! \ud83c\udf88 Facile \u00e0 attraper, livr\u00e9 gonfl\u00e9.","robots":{"index":"index","follow":"follow","max-snippet":"max-snippet:-1","max-image-preview":"max-image-preview:large","max-video-preview":"max-video-preview:-1"},"canonical":"https:\/\/ratatamkids.com\/en\/produit\/petit-ballon-flowers-12-cm-corail\/","og_locale":"en_US","og_type":"article","og_title":"Petit Ballon Red sky 12 cm - corail - Ratatam Official Website","og_description":"D\u00e9couvrez le ballon Ratatam Kids avec d'adorables fleurs multicolores sur fond rose doux ! \ud83c\udf88 Facile \u00e0 attraper, livr\u00e9 gonfl\u00e9.","og_url":"https:\/\/ratatamkids.com\/en\/produit\/petit-ballon-flowers-12-cm-corail\/","og_site_name":"Ratatam Official Website","article_publisher":"https:\/\/www.facebook.com\/Ratatamforhappykids\/","article_modified_time":"2026-02-09T21:39:50+00:00","og_image":[{"width":2000,"height":2000,"url":"https:\/\/ratatamkids.com\/wp-content\/uploads\/2025\/05\/ballon-corail-etoile.png","type":"image\/png"}],"twitter_card":"summary_large_image","twitter_misc":{"Est. reading time":"1 minute"},"schema":{"@context":"https:\/\/schema.org","@graph":[{"@type":"WebPage","@id":"https:\/\/ratatamkids.com\/en\/produit\/petit-ballon-flowers-12-cm-corail\/","url":"https:\/\/ratatamkids.com\/en\/produit\/petit-ballon-flowers-12-cm-corail\/","name":"Petit Ballon Red sky 12 cm - corail - Ratatam Official Website","isPartOf":{"@id":"https:\/\/ratatamkids.com\/en\/#website"},"primaryImageOfPage":{"@id":"https:\/\/ratatamkids.com\/en\/produit\/petit-ballon-flowers-12-cm-corail\/#primaryimage"},"image":{"@id":"https:\/\/ratatamkids.com\/en\/produit\/petit-ballon-flowers-12-cm-corail\/#primaryimage"},"thumbnailUrl":"https:\/\/ratatamkids.com\/wp-content\/uploads\/2025\/05\/ballon-corail-etoile.png","datePublished":"2025-05-19T13:31:27+00:00","dateModified":"2026-02-09T21:39:50+00:00","description":"D\u00e9couvrez le ballon Ratatam Kids avec d'adorables fleurs multicolores sur fond rose doux ! \ud83c\udf88 Facile \u00e0 attraper, livr\u00e9 gonfl\u00e9.","breadcrumb":{"@id":"https:\/\/ratatamkids.com\/en\/produit\/petit-ballon-flowers-12-cm-corail\/#breadcrumb"},"inLanguage":"en-US","potentialAction":[{"@type":"ReadAction","target":["https:\/\/ratatamkids.com\/en\/produit\/petit-ballon-flowers-12-cm-corail\/"]}]},{"@type":"ImageObject","inLanguage":"en-US","@id":"https:\/\/ratatamkids.com\/en\/produit\/petit-ballon-flowers-12-cm-corail\/#primaryimage","url":"https:\/\/ratatamkids.com\/wp-content\/uploads\/2025\/05\/ballon-corail-etoile.png","contentUrl":"https:\/\/ratatamkids.com\/wp-content\/uploads\/2025\/05\/ballon-corail-etoile.png","width":2000,"height":2000},{"@type":"BreadcrumbList","@id":"https:\/\/ratatamkids.com\/en\/produit\/petit-ballon-flowers-12-cm-corail\/#breadcrumb","itemListElement":[{"@type":"ListItem","position":1,"name":"Accueil","item":"https:\/\/ratatamkids.com\/en\/"},{"@type":"ListItem","position":2,"name":"Shop","item":"https:\/\/ratatamkids.com\/en\/shop\/"},{"@type":"ListItem","position":3,"name":"id\u00e9es cadeaux","item":"https:\/\/ratatamkids.com\/en\/categorie-produit\/idees-cadeaux\/"},{"@type":"ListItem","position":4,"name":"-20\u20ac","item":"https:\/\/ratatamkids.com\/en\/categorie-produit\/idees-cadeaux\/20e\/"},{"@type":"ListItem","position":5,"name":"Petit Ballon Red sky 12 cm &#8211; corail"}]},{"@type":"WebSite","@id":"https:\/\/ratatamkids.com\/en\/#website","url":"https:\/\/ratatamkids.com\/en\/","name":"Ratatam Official Website","description":"Cool brand for happy kids!","potentialAction":[{"@type":"SearchAction","target":{"@type":"EntryPoint","urlTemplate":"https:\/\/ratatamkids.com\/en\/?s={search_term_string}"},"query-input":{"@type":"PropertyValueSpecification","valueRequired":true,"valueName":"search_term_string"}}],"inLanguage":"en-US"}]}},"_links":{"self":[{"href":"https:\/\/ratatamkids.com\/en\/wp-json\/wp\/v2\/product\/37698","targetHints":{"allow":["GET"]}}],"collection":[{"href":"https:\/\/ratatamkids.com\/en\/wp-json\/wp\/v2\/product"}],"about":[{"href":"https:\/\/ratatamkids.com\/en\/wp-json\/wp\/v2\/types\/product"}],"replies":[{"embeddable":true,"href":"https:\/\/ratatamkids.com\/en\/wp-json\/wp\/v2\/comments?post=37698"}],"wp:featuredmedia":[{"embeddable":true,"href":"https:\/\/ratatamkids.com\/en\/wp-json\/wp\/v2\/media\/40384"}],"wp:attachment":[{"href":"https:\/\/ratatamkids.com\/en\/wp-json\/wp\/v2\/media?parent=37698"}],"wp:term":[{"taxonomy":"product_brand","embeddable":true,"href":"https:\/\/ratatamkids.com\/en\/wp-json\/wp\/v2\/product_brand?post=37698"},{"taxonomy":"product_cat","embeddable":true,"href":"https:\/\/ratatamkids.com\/en\/wp-json\/wp\/v2\/product_cat?post=37698"},{"taxonomy":"product_tag","embeddable":true,"href":"https:\/\/ratatamkids.com\/en\/wp-json\/wp\/v2\/product_tag?post=37698"}],"curies":[{"name":"wp","href":"https:\/\/api.w.org\/{rel}","templated":true}]}}