{"id":37697,"date":"2025-05-19T15:25:18","date_gmt":"2025-05-19T13:25:18","guid":{"rendered":"https:\/\/ratatamkids.com\/produit\/petit-ballon-doggy-12-cm-jaune\/"},"modified":"2026-02-09T22:42:01","modified_gmt":"2026-02-09T21:42:01","slug":"petit-ballon-doggy-12-cm-jaune","status":"publish","type":"product","link":"https:\/\/ratatamkids.com\/en\/produit\/petit-ballon-doggy-12-cm-jaune\/","title":{"rendered":"Petit Ballon Doggy 12 cm &#8211; jaune"},"content":{"rendered":"<p>Ballon \u201cMr. Moustache\u201d \u2013Collection capsule &#8220;A Cosmic Romance&#8221; x Sproet &amp; Sprout<br \/>\nEntrez dans l\u2019univers d\u00e9cal\u00e9 de Mr. Moustache, le h\u00e9ros d\u00e9tendu et attachant venu tout droit de la plan\u00e8te Amorina !<br \/>\nCette \u00e9dition sp\u00e9ciale c\u00e9l\u00e8bre la rencontre cosmique entre Ratatam et Sproet &amp; Sprout, imagin\u00e9e par l\u2019illustratrice fran\u00e7aise Giselle et rose \u00e0 l\u2019occasion des 10 ans de Sproet &amp; Sprout. \u2728<br \/>\nUn concentr\u00e9 de fun, de couleurs et de caract\u00e8re pour \u00e9merveiller les enfants r\u00eaveurs et s\u00e9duire les parents sensibles au style.<\/p>\n<p>Points forts :<br \/>\n\u2013 Design exclusif par Giselle et rose pour Sproet &amp; Sprout x Ratatam<br \/>\n\u2013 Un compagnon de jeu aussi mignon que r\u00e9tro<br \/>\n\u2013 \u00c9dition limit\u00e9e \u2013 Collection capsule &#8220;A Cosmic Romance&#8221;<br \/>\n\u2013 Cr\u00e9\u00e9 avec amour pour les esprits curieux et cr\u00e9atifs<\/p>\n<p>Fabriqu\u00e9 en Chine.<\/p>\n<p>Livr\u00e9 gonfl\u00e9, il est facilement regonflable \u00e0 l\u2019aide d\u2019une pompe \u00e0 v\u00e9los avec aiguilles sp\u00e9ciales ballon.<\/p>\n<h1><span style=\"font-size: 1rem;\">En PVC sans phtalates<\/span><\/h1>\n<p>Livr\u00e9 gonfl\u00e9, il est facilement regonflable \u00e0 l\u2019aide d\u2019une pompe \u00e0 v\u00e9los avec aiguilles sp\u00e9ciales ballon. (Consultez notre guide pour apprendre \u00e0 gonfler facilement votre ballon)<\/p>\n<p>Disponible en 7 amis : \u00c9toiles multicolores &amp; bleu, Coeurs rouges &amp; rose, Chien &amp; jaune, \u00c9clairs jaunes &amp; bleu, Hawai &amp; blanc, Chien &amp; jaune, Fleurs &amp; corail<\/p>\n","protected":false},"excerpt":{"rendered":"<p>D\u00e9couvrez un adorable ballon Ratatam Kids avec un joyeux chien sur un fond jaune ensoleill\u00e9.<\/p>\n<p>Parfait pour les petites mains, il promet des heures de c\u00e2lins et de jeux color\u00e9s !<\/p>\n<p>Livr\u00e9 gonfl\u00e9 et pr\u00eat \u00e0 bondir dans l&#8217;aventure.<\/p>\n","protected":false},"featured_media":40386,"comment_status":"open","ping_status":"closed","template":"","meta":{"_acf_changed":false},"product_brand":[],"product_cat":[19,178,359],"product_tag":[],"class_list":{"0":"post-37697","1":"product","2":"type-product","3":"status-publish","4":"has-post-thumbnail","6":"product_cat-ballons","7":"product_cat-ballon-hawaii","8":"product_cat-ballons-a-motifs","10":"first","11":"instock","12":"taxable","13":"shipping-taxable","14":"purchasable","15":"product-type-simple"},"acf":[],"yoast_head":"<!-- This site is optimized with the Yoast SEO plugin v25.4 - https:\/\/yoast.com\/wordpress\/plugins\/seo\/ -->\n<title>Petit Ballon Doggy 12 cm - jaune - Ratatam Official Website<\/title>\n<meta name=\"description\" content=\"Craquez pour le ballon chien jaune Ratatam Kids ! \ud83d\udc15\ud83d\udc9b Un ami bondissant et color\u00e9 pour des aventures sans fin. Emballage surprise inclus !\" \/>\n<meta name=\"robots\" content=\"index, follow, max-snippet:-1, max-image-preview:large, max-video-preview:-1\" \/>\n<link rel=\"canonical\" href=\"https:\/\/ratatamkids.com\/en\/produit\/petit-ballon-doggy-12-cm-jaune\/\" \/>\n<meta property=\"og:locale\" content=\"en_US\" \/>\n<meta property=\"og:type\" content=\"article\" \/>\n<meta property=\"og:title\" content=\"Petit Ballon Doggy 12 cm - jaune - Ratatam Official Website\" \/>\n<meta property=\"og:description\" content=\"Craquez pour le ballon chien jaune Ratatam Kids ! \ud83d\udc15\ud83d\udc9b Un ami bondissant et color\u00e9 pour des aventures sans fin. Emballage surprise inclus !\" \/>\n<meta property=\"og:url\" content=\"https:\/\/ratatamkids.com\/en\/produit\/petit-ballon-doggy-12-cm-jaune\/\" \/>\n<meta property=\"og:site_name\" content=\"Ratatam Official Website\" \/>\n<meta property=\"article:publisher\" content=\"https:\/\/www.facebook.com\/Ratatamforhappykids\/\" \/>\n<meta property=\"article:modified_time\" content=\"2026-02-09T21:42:01+00:00\" \/>\n<meta property=\"og:image\" content=\"https:\/\/ratatamkids.com\/wp-content\/uploads\/2025\/05\/balln-moustache.png\" \/>\n\t<meta property=\"og:image:width\" content=\"2000\" \/>\n\t<meta property=\"og:image:height\" content=\"2000\" \/>\n\t<meta property=\"og:image:type\" content=\"image\/png\" \/>\n<meta name=\"twitter:card\" content=\"summary_large_image\" \/>\n<meta name=\"twitter:label1\" content=\"Est. reading time\" \/>\n\t<meta name=\"twitter:data1\" content=\"2 minutes\" \/>\n<script type=\"application\/ld+json\" class=\"yoast-schema-graph\">{\"@context\":\"https:\/\/schema.org\",\"@graph\":[{\"@type\":\"WebPage\",\"@id\":\"https:\/\/ratatamkids.com\/en\/produit\/petit-ballon-doggy-12-cm-jaune\/\",\"url\":\"https:\/\/ratatamkids.com\/en\/produit\/petit-ballon-doggy-12-cm-jaune\/\",\"name\":\"Petit Ballon Doggy 12 cm - jaune - Ratatam Official Website\",\"isPartOf\":{\"@id\":\"https:\/\/ratatamkids.com\/en\/#website\"},\"primaryImageOfPage\":{\"@id\":\"https:\/\/ratatamkids.com\/en\/produit\/petit-ballon-doggy-12-cm-jaune\/#primaryimage\"},\"image\":{\"@id\":\"https:\/\/ratatamkids.com\/en\/produit\/petit-ballon-doggy-12-cm-jaune\/#primaryimage\"},\"thumbnailUrl\":\"https:\/\/ratatamkids.com\/wp-content\/uploads\/2025\/05\/balln-moustache.png\",\"datePublished\":\"2025-05-19T13:25:18+00:00\",\"dateModified\":\"2026-02-09T21:42:01+00:00\",\"description\":\"Craquez pour le ballon chien jaune Ratatam Kids ! \ud83d\udc15\ud83d\udc9b Un ami bondissant et color\u00e9 pour des aventures sans fin. Emballage surprise inclus !\",\"breadcrumb\":{\"@id\":\"https:\/\/ratatamkids.com\/en\/produit\/petit-ballon-doggy-12-cm-jaune\/#breadcrumb\"},\"inLanguage\":\"en-US\",\"potentialAction\":[{\"@type\":\"ReadAction\",\"target\":[\"https:\/\/ratatamkids.com\/en\/produit\/petit-ballon-doggy-12-cm-jaune\/\"]}]},{\"@type\":\"ImageObject\",\"inLanguage\":\"en-US\",\"@id\":\"https:\/\/ratatamkids.com\/en\/produit\/petit-ballon-doggy-12-cm-jaune\/#primaryimage\",\"url\":\"https:\/\/ratatamkids.com\/wp-content\/uploads\/2025\/05\/balln-moustache.png\",\"contentUrl\":\"https:\/\/ratatamkids.com\/wp-content\/uploads\/2025\/05\/balln-moustache.png\",\"width\":2000,\"height\":2000},{\"@type\":\"BreadcrumbList\",\"@id\":\"https:\/\/ratatamkids.com\/en\/produit\/petit-ballon-doggy-12-cm-jaune\/#breadcrumb\",\"itemListElement\":[{\"@type\":\"ListItem\",\"position\":1,\"name\":\"Accueil\",\"item\":\"https:\/\/ratatamkids.com\/en\/\"},{\"@type\":\"ListItem\",\"position\":2,\"name\":\"Shop\",\"item\":\"https:\/\/ratatamkids.com\/en\/shop\/\"},{\"@type\":\"ListItem\",\"position\":3,\"name\":\"Balloons\",\"item\":\"https:\/\/ratatamkids.com\/en\/categorie-produit\/balloons\/\"},{\"@type\":\"ListItem\",\"position\":4,\"name\":\"Hawaii balloon\",\"item\":\"https:\/\/ratatamkids.com\/en\/categorie-produit\/balloons\/hawaii-balloon\/\"},{\"@type\":\"ListItem\",\"position\":5,\"name\":\"Petit Ballon Doggy 12 cm &#8211; jaune\"}]},{\"@type\":\"WebSite\",\"@id\":\"https:\/\/ratatamkids.com\/en\/#website\",\"url\":\"https:\/\/ratatamkids.com\/en\/\",\"name\":\"Ratatam Official Website\",\"description\":\"Cool brand for happy kids!\",\"potentialAction\":[{\"@type\":\"SearchAction\",\"target\":{\"@type\":\"EntryPoint\",\"urlTemplate\":\"https:\/\/ratatamkids.com\/en\/?s={search_term_string}\"},\"query-input\":{\"@type\":\"PropertyValueSpecification\",\"valueRequired\":true,\"valueName\":\"search_term_string\"}}],\"inLanguage\":\"en-US\"}]}<\/script>\n<!-- \/ Yoast SEO plugin. -->","yoast_head_json":{"title":"Petit Ballon Doggy 12 cm - jaune - Ratatam Official Website","description":"Craquez pour le ballon chien jaune Ratatam Kids ! \ud83d\udc15\ud83d\udc9b Un ami bondissant et color\u00e9 pour des aventures sans fin. Emballage surprise inclus !","robots":{"index":"index","follow":"follow","max-snippet":"max-snippet:-1","max-image-preview":"max-image-preview:large","max-video-preview":"max-video-preview:-1"},"canonical":"https:\/\/ratatamkids.com\/en\/produit\/petit-ballon-doggy-12-cm-jaune\/","og_locale":"en_US","og_type":"article","og_title":"Petit Ballon Doggy 12 cm - jaune - Ratatam Official Website","og_description":"Craquez pour le ballon chien jaune Ratatam Kids ! \ud83d\udc15\ud83d\udc9b Un ami bondissant et color\u00e9 pour des aventures sans fin. Emballage surprise inclus !","og_url":"https:\/\/ratatamkids.com\/en\/produit\/petit-ballon-doggy-12-cm-jaune\/","og_site_name":"Ratatam Official Website","article_publisher":"https:\/\/www.facebook.com\/Ratatamforhappykids\/","article_modified_time":"2026-02-09T21:42:01+00:00","og_image":[{"width":2000,"height":2000,"url":"https:\/\/ratatamkids.com\/wp-content\/uploads\/2025\/05\/balln-moustache.png","type":"image\/png"}],"twitter_card":"summary_large_image","twitter_misc":{"Est. reading time":"2 minutes"},"schema":{"@context":"https:\/\/schema.org","@graph":[{"@type":"WebPage","@id":"https:\/\/ratatamkids.com\/en\/produit\/petit-ballon-doggy-12-cm-jaune\/","url":"https:\/\/ratatamkids.com\/en\/produit\/petit-ballon-doggy-12-cm-jaune\/","name":"Petit Ballon Doggy 12 cm - jaune - Ratatam Official Website","isPartOf":{"@id":"https:\/\/ratatamkids.com\/en\/#website"},"primaryImageOfPage":{"@id":"https:\/\/ratatamkids.com\/en\/produit\/petit-ballon-doggy-12-cm-jaune\/#primaryimage"},"image":{"@id":"https:\/\/ratatamkids.com\/en\/produit\/petit-ballon-doggy-12-cm-jaune\/#primaryimage"},"thumbnailUrl":"https:\/\/ratatamkids.com\/wp-content\/uploads\/2025\/05\/balln-moustache.png","datePublished":"2025-05-19T13:25:18+00:00","dateModified":"2026-02-09T21:42:01+00:00","description":"Craquez pour le ballon chien jaune Ratatam Kids ! \ud83d\udc15\ud83d\udc9b Un ami bondissant et color\u00e9 pour des aventures sans fin. Emballage surprise inclus !","breadcrumb":{"@id":"https:\/\/ratatamkids.com\/en\/produit\/petit-ballon-doggy-12-cm-jaune\/#breadcrumb"},"inLanguage":"en-US","potentialAction":[{"@type":"ReadAction","target":["https:\/\/ratatamkids.com\/en\/produit\/petit-ballon-doggy-12-cm-jaune\/"]}]},{"@type":"ImageObject","inLanguage":"en-US","@id":"https:\/\/ratatamkids.com\/en\/produit\/petit-ballon-doggy-12-cm-jaune\/#primaryimage","url":"https:\/\/ratatamkids.com\/wp-content\/uploads\/2025\/05\/balln-moustache.png","contentUrl":"https:\/\/ratatamkids.com\/wp-content\/uploads\/2025\/05\/balln-moustache.png","width":2000,"height":2000},{"@type":"BreadcrumbList","@id":"https:\/\/ratatamkids.com\/en\/produit\/petit-ballon-doggy-12-cm-jaune\/#breadcrumb","itemListElement":[{"@type":"ListItem","position":1,"name":"Accueil","item":"https:\/\/ratatamkids.com\/en\/"},{"@type":"ListItem","position":2,"name":"Shop","item":"https:\/\/ratatamkids.com\/en\/shop\/"},{"@type":"ListItem","position":3,"name":"Balloons","item":"https:\/\/ratatamkids.com\/en\/categorie-produit\/balloons\/"},{"@type":"ListItem","position":4,"name":"Hawaii balloon","item":"https:\/\/ratatamkids.com\/en\/categorie-produit\/balloons\/hawaii-balloon\/"},{"@type":"ListItem","position":5,"name":"Petit Ballon Doggy 12 cm &#8211; jaune"}]},{"@type":"WebSite","@id":"https:\/\/ratatamkids.com\/en\/#website","url":"https:\/\/ratatamkids.com\/en\/","name":"Ratatam Official Website","description":"Cool brand for happy kids!","potentialAction":[{"@type":"SearchAction","target":{"@type":"EntryPoint","urlTemplate":"https:\/\/ratatamkids.com\/en\/?s={search_term_string}"},"query-input":{"@type":"PropertyValueSpecification","valueRequired":true,"valueName":"search_term_string"}}],"inLanguage":"en-US"}]}},"_links":{"self":[{"href":"https:\/\/ratatamkids.com\/en\/wp-json\/wp\/v2\/product\/37697","targetHints":{"allow":["GET"]}}],"collection":[{"href":"https:\/\/ratatamkids.com\/en\/wp-json\/wp\/v2\/product"}],"about":[{"href":"https:\/\/ratatamkids.com\/en\/wp-json\/wp\/v2\/types\/product"}],"replies":[{"embeddable":true,"href":"https:\/\/ratatamkids.com\/en\/wp-json\/wp\/v2\/comments?post=37697"}],"wp:featuredmedia":[{"embeddable":true,"href":"https:\/\/ratatamkids.com\/en\/wp-json\/wp\/v2\/media\/40386"}],"wp:attachment":[{"href":"https:\/\/ratatamkids.com\/en\/wp-json\/wp\/v2\/media?parent=37697"}],"wp:term":[{"taxonomy":"product_brand","embeddable":true,"href":"https:\/\/ratatamkids.com\/en\/wp-json\/wp\/v2\/product_brand?post=37697"},{"taxonomy":"product_cat","embeddable":true,"href":"https:\/\/ratatamkids.com\/en\/wp-json\/wp\/v2\/product_cat?post=37697"},{"taxonomy":"product_tag","embeddable":true,"href":"https:\/\/ratatamkids.com\/en\/wp-json\/wp\/v2\/product_tag?post=37697"}],"curies":[{"name":"wp","href":"https:\/\/api.w.org\/{rel}","templated":true}]}}