{"id":37359,"date":"2025-01-20T20:42:04","date_gmt":"2025-01-20T19:42:04","guid":{"rendered":"https:\/\/ratatamkids.com\/produit\/balle-rebondissante-oiseau-violet-purple-bird-bouncy-ball\/"},"modified":"2026-03-03T10:44:05","modified_gmt":"2026-03-03T09:44:05","slug":"balle-rebondissante-oiseau-violet-purple-bird-bouncy-ball","status":"publish","type":"product","link":"https:\/\/ratatamkids.com\/en\/produit\/balle-rebondissante-oiseau-violet-purple-bird-bouncy-ball\/","title":{"rendered":"Balle rebondissante facettes oiseau &#8211; Violet"},"content":{"rendered":"<h2>Balle rebondissante OISEAU \u2013 la balle magique aux mille facettes !<\/h2>\n<p><strong>La balle rebondissante<\/strong> oiseau, \u00e9galement appel\u00e9e balle \u201cdiamant\u201d, est le jouet amusant et color\u00e9 qui va plaire aux enfants de tout \u00e2ge. Avec ses multiples facettes, elle offre une texture unique et une exp\u00e9rience de jeu stimulante. Livr\u00e9e dans son emballage kraft oiseau, elle est facile \u00e0 ranger et \u00e0 transporter.<\/p>\n<p>Fabriqu\u00e9e en caoutchouc de qualit\u00e9, cette balle rebondissante a une taille de 42mm, id\u00e9ale pour les petites mains. Elle est disponible en 6 couleurs toniques qui vont plaire \u00e0 tous les enfants. Que ce soit pour jouer \u00e0 l\u2019int\u00e9rieur ou \u00e0 l\u2019ext\u00e9rieur, cette balle est con\u00e7ue pour rebondir haut et longtemps, offrant des heures de plaisir et d\u2019exercice.<\/p>\n<p>La balle magique oiseau est un jouet s\u00fbr et durable pour les enfants de tous \u00e2ges. En choisissant cette balle pour votre enfant, vous pouvez \u00eatre s\u00fbr qu\u2019il passera des heures \u00e0 s\u2019amuser tout en d\u00e9veloppant ses comp\u00e9tences motrices et en stimulant son imagination.<\/p>\n<p>Caract\u00e9ristiques :<\/p>\n<ul>\n<li>Balle rebondissante oiseau ou balle \u201cdiamant\u201d<\/li>\n<li>Livr\u00e9e dans son emballage kraft oiseau<\/li>\n<li>Caoutchouc de qualit\u00e9<\/li>\n<li>Taille de 42mm<\/li>\n<li>Disponible en 6 couleurs vibrantes<\/li>\n<\/ul>\n<p>Fabriqu\u00e9 en Chine.<\/p>\n<h3>Savez-vous pourquoi les balles rebondissantes rebondissent autant ?<\/h3>\n<p>Les balles rebondissantes ont la particularit\u00e9 d\u2019avoir des rebonds bien plus \u00e9lev\u00e9s que les autres balles gr\u00e2ce \u00e0 leur composition en polym\u00e8res. Cette mati\u00e8re les rend tr\u00e8s \u00e9lastiques, leur <b>bpermettant de ne presque pas se d\u00e9former lors du choc avec le sol et de perdre ainsi tr\u00e8s peu d\u2019\u00e9nergie<\/b>. Bien que le caoutchouc soit le mat\u00e9riau le plus couramment utilis\u00e9 pour fabriquer ces \u00ab super-balles \u00bb, d\u2019autres \u00e9l\u00e9ments comme la colle \u00e0 bois et le borax peuvent \u00e9galement \u00eatre utilis\u00e9s pour cr\u00e9er des rebonds encore plus spectaculaires.<\/p>\n<p data-start=\"1099\" data-end=\"1158\">\u267b\ufe0f <strong data-start=\"1102\" data-end=\"1132\">Emballage 100 % recyclable<\/strong><\/p>\n<p data-start=\"1099\" data-end=\"1158\"><img loading=\"lazy\" decoding=\"async\" class=\"sFlh5c FyHeAf iPVvYb\" src=\"https:\/\/www.sytraival.com\/img\/actualite-zoom\/5d22bec45b677c13da5e3ed4e1969e6a\/21-logo-triman.png\" alt=\"Triman: le logo du tri - Sytraival\" width=\"31\" height=\"32\" \/><\/p>\n","protected":false},"excerpt":{"rendered":"<p>La balle rebondissante oiseau, ou balle diamant, est disponible dans 6 couleurs!<\/p>\n<p>La balle rebondissante est livr\u00e9e dans son emballage kraft oiseau.<\/p>\n","protected":false},"featured_media":37360,"comment_status":"open","ping_status":"closed","template":"","meta":{"_acf_changed":false},"product_brand":[],"product_cat":[24,250,193],"product_tag":[],"class_list":{"0":"post-37359","1":"product","2":"type-product","3":"status-publish","4":"has-post-thumbnail","6":"product_cat-jouets","7":"product_cat-balles-rebondissantes","8":"product_cat-balles-rebondissantes-oiseaux","10":"first","11":"instock","12":"taxable","13":"shipping-taxable","14":"purchasable","15":"product-type-simple"},"acf":[],"yoast_head":"<!-- This site is optimized with the Yoast SEO plugin v25.4 - https:\/\/yoast.com\/wordpress\/plugins\/seo\/ -->\n<title>Balle rebondissante facettes oiseau - Violet - Ratatam Official Website<\/title>\n<meta name=\"description\" content=\"Balle rebondissante facettes violette 42 mm pour enfants. Jouet pour enfant Ratatam. Livraison offerte France Metropolitaine !\" \/>\n<meta name=\"robots\" content=\"index, follow, max-snippet:-1, max-image-preview:large, max-video-preview:-1\" \/>\n<link rel=\"canonical\" href=\"https:\/\/ratatamkids.com\/en\/produit\/balle-rebondissante-oiseau-violet-purple-bird-bouncy-ball\/\" \/>\n<meta property=\"og:locale\" content=\"en_US\" \/>\n<meta property=\"og:type\" content=\"article\" \/>\n<meta property=\"og:title\" content=\"Balle rebondissante facettes oiseau - Violet - Ratatam Official Website\" \/>\n<meta property=\"og:description\" content=\"Balle rebondissante facettes violette 42 mm pour enfants. Jouet pour enfant Ratatam. Livraison offerte France Metropolitaine !\" \/>\n<meta property=\"og:url\" content=\"https:\/\/ratatamkids.com\/en\/produit\/balle-rebondissante-oiseau-violet-purple-bird-bouncy-ball\/\" \/>\n<meta property=\"og:site_name\" content=\"Ratatam Official Website\" \/>\n<meta property=\"article:publisher\" content=\"https:\/\/www.facebook.com\/Ratatamforhappykids\/\" \/>\n<meta property=\"article:modified_time\" content=\"2026-03-03T09:44:05+00:00\" \/>\n<meta property=\"og:image\" content=\"https:\/\/ratatamkids.com\/wp-content\/uploads\/2025\/01\/BRD-034.jpg\" \/>\n\t<meta property=\"og:image:width\" content=\"787\" \/>\n\t<meta property=\"og:image:height\" content=\"970\" \/>\n\t<meta property=\"og:image:type\" content=\"image\/jpeg\" \/>\n<meta name=\"twitter:card\" content=\"summary_large_image\" \/>\n<meta name=\"twitter:label1\" content=\"Est. reading time\" \/>\n\t<meta name=\"twitter:data1\" content=\"2 minutes\" \/>\n<script type=\"application\/ld+json\" class=\"yoast-schema-graph\">{\"@context\":\"https:\/\/schema.org\",\"@graph\":[{\"@type\":\"WebPage\",\"@id\":\"https:\/\/ratatamkids.com\/en\/produit\/balle-rebondissante-oiseau-violet-purple-bird-bouncy-ball\/\",\"url\":\"https:\/\/ratatamkids.com\/en\/produit\/balle-rebondissante-oiseau-violet-purple-bird-bouncy-ball\/\",\"name\":\"Balle rebondissante facettes oiseau - Violet - Ratatam Official Website\",\"isPartOf\":{\"@id\":\"https:\/\/ratatamkids.com\/en\/#website\"},\"primaryImageOfPage\":{\"@id\":\"https:\/\/ratatamkids.com\/en\/produit\/balle-rebondissante-oiseau-violet-purple-bird-bouncy-ball\/#primaryimage\"},\"image\":{\"@id\":\"https:\/\/ratatamkids.com\/en\/produit\/balle-rebondissante-oiseau-violet-purple-bird-bouncy-ball\/#primaryimage\"},\"thumbnailUrl\":\"https:\/\/ratatamkids.com\/wp-content\/uploads\/2025\/01\/BRD-034.jpg\",\"datePublished\":\"2025-01-20T19:42:04+00:00\",\"dateModified\":\"2026-03-03T09:44:05+00:00\",\"description\":\"Balle rebondissante facettes violette 42 mm pour enfants. Jouet pour enfant Ratatam. Livraison offerte France Metropolitaine !\",\"breadcrumb\":{\"@id\":\"https:\/\/ratatamkids.com\/en\/produit\/balle-rebondissante-oiseau-violet-purple-bird-bouncy-ball\/#breadcrumb\"},\"inLanguage\":\"en-US\",\"potentialAction\":[{\"@type\":\"ReadAction\",\"target\":[\"https:\/\/ratatamkids.com\/en\/produit\/balle-rebondissante-oiseau-violet-purple-bird-bouncy-ball\/\"]}]},{\"@type\":\"ImageObject\",\"inLanguage\":\"en-US\",\"@id\":\"https:\/\/ratatamkids.com\/en\/produit\/balle-rebondissante-oiseau-violet-purple-bird-bouncy-ball\/#primaryimage\",\"url\":\"https:\/\/ratatamkids.com\/wp-content\/uploads\/2025\/01\/BRD-034.jpg\",\"contentUrl\":\"https:\/\/ratatamkids.com\/wp-content\/uploads\/2025\/01\/BRD-034.jpg\",\"width\":787,\"height\":970,\"caption\":\"BALLE REBONDISSANTE OISEAU VIOLETTE RATATAM BRD-034\"},{\"@type\":\"BreadcrumbList\",\"@id\":\"https:\/\/ratatamkids.com\/en\/produit\/balle-rebondissante-oiseau-violet-purple-bird-bouncy-ball\/#breadcrumb\",\"itemListElement\":[{\"@type\":\"ListItem\",\"position\":1,\"name\":\"Accueil\",\"item\":\"https:\/\/ratatamkids.com\/en\/\"},{\"@type\":\"ListItem\",\"position\":2,\"name\":\"Shop\",\"item\":\"https:\/\/ratatamkids.com\/en\/shop\/\"},{\"@type\":\"ListItem\",\"position\":3,\"name\":\"Toys\",\"item\":\"https:\/\/ratatamkids.com\/en\/categorie-produit\/toys\/\"},{\"@type\":\"ListItem\",\"position\":4,\"name\":\"Bouncing balls\",\"item\":\"https:\/\/ratatamkids.com\/en\/categorie-produit\/toys\/bouncing-balls\/\"},{\"@type\":\"ListItem\",\"position\":5,\"name\":\"Balle rebondissante facettes oiseau &#8211; Violet\"}]},{\"@type\":\"WebSite\",\"@id\":\"https:\/\/ratatamkids.com\/en\/#website\",\"url\":\"https:\/\/ratatamkids.com\/en\/\",\"name\":\"Ratatam Official Website\",\"description\":\"Cool brand for happy kids!\",\"potentialAction\":[{\"@type\":\"SearchAction\",\"target\":{\"@type\":\"EntryPoint\",\"urlTemplate\":\"https:\/\/ratatamkids.com\/en\/?s={search_term_string}\"},\"query-input\":{\"@type\":\"PropertyValueSpecification\",\"valueRequired\":true,\"valueName\":\"search_term_string\"}}],\"inLanguage\":\"en-US\"}]}<\/script>\n<!-- \/ Yoast SEO plugin. -->","yoast_head_json":{"title":"Balle rebondissante facettes oiseau - Violet - Ratatam Official Website","description":"Balle rebondissante facettes violette 42 mm pour enfants. Jouet pour enfant Ratatam. Livraison offerte France Metropolitaine !","robots":{"index":"index","follow":"follow","max-snippet":"max-snippet:-1","max-image-preview":"max-image-preview:large","max-video-preview":"max-video-preview:-1"},"canonical":"https:\/\/ratatamkids.com\/en\/produit\/balle-rebondissante-oiseau-violet-purple-bird-bouncy-ball\/","og_locale":"en_US","og_type":"article","og_title":"Balle rebondissante facettes oiseau - Violet - Ratatam Official Website","og_description":"Balle rebondissante facettes violette 42 mm pour enfants. Jouet pour enfant Ratatam. Livraison offerte France Metropolitaine !","og_url":"https:\/\/ratatamkids.com\/en\/produit\/balle-rebondissante-oiseau-violet-purple-bird-bouncy-ball\/","og_site_name":"Ratatam Official Website","article_publisher":"https:\/\/www.facebook.com\/Ratatamforhappykids\/","article_modified_time":"2026-03-03T09:44:05+00:00","og_image":[{"width":787,"height":970,"url":"https:\/\/ratatamkids.com\/wp-content\/uploads\/2025\/01\/BRD-034.jpg","type":"image\/jpeg"}],"twitter_card":"summary_large_image","twitter_misc":{"Est. reading time":"2 minutes"},"schema":{"@context":"https:\/\/schema.org","@graph":[{"@type":"WebPage","@id":"https:\/\/ratatamkids.com\/en\/produit\/balle-rebondissante-oiseau-violet-purple-bird-bouncy-ball\/","url":"https:\/\/ratatamkids.com\/en\/produit\/balle-rebondissante-oiseau-violet-purple-bird-bouncy-ball\/","name":"Balle rebondissante facettes oiseau - Violet - Ratatam Official Website","isPartOf":{"@id":"https:\/\/ratatamkids.com\/en\/#website"},"primaryImageOfPage":{"@id":"https:\/\/ratatamkids.com\/en\/produit\/balle-rebondissante-oiseau-violet-purple-bird-bouncy-ball\/#primaryimage"},"image":{"@id":"https:\/\/ratatamkids.com\/en\/produit\/balle-rebondissante-oiseau-violet-purple-bird-bouncy-ball\/#primaryimage"},"thumbnailUrl":"https:\/\/ratatamkids.com\/wp-content\/uploads\/2025\/01\/BRD-034.jpg","datePublished":"2025-01-20T19:42:04+00:00","dateModified":"2026-03-03T09:44:05+00:00","description":"Balle rebondissante facettes violette 42 mm pour enfants. Jouet pour enfant Ratatam. Livraison offerte France Metropolitaine !","breadcrumb":{"@id":"https:\/\/ratatamkids.com\/en\/produit\/balle-rebondissante-oiseau-violet-purple-bird-bouncy-ball\/#breadcrumb"},"inLanguage":"en-US","potentialAction":[{"@type":"ReadAction","target":["https:\/\/ratatamkids.com\/en\/produit\/balle-rebondissante-oiseau-violet-purple-bird-bouncy-ball\/"]}]},{"@type":"ImageObject","inLanguage":"en-US","@id":"https:\/\/ratatamkids.com\/en\/produit\/balle-rebondissante-oiseau-violet-purple-bird-bouncy-ball\/#primaryimage","url":"https:\/\/ratatamkids.com\/wp-content\/uploads\/2025\/01\/BRD-034.jpg","contentUrl":"https:\/\/ratatamkids.com\/wp-content\/uploads\/2025\/01\/BRD-034.jpg","width":787,"height":970,"caption":"BALLE REBONDISSANTE OISEAU VIOLETTE RATATAM BRD-034"},{"@type":"BreadcrumbList","@id":"https:\/\/ratatamkids.com\/en\/produit\/balle-rebondissante-oiseau-violet-purple-bird-bouncy-ball\/#breadcrumb","itemListElement":[{"@type":"ListItem","position":1,"name":"Accueil","item":"https:\/\/ratatamkids.com\/en\/"},{"@type":"ListItem","position":2,"name":"Shop","item":"https:\/\/ratatamkids.com\/en\/shop\/"},{"@type":"ListItem","position":3,"name":"Toys","item":"https:\/\/ratatamkids.com\/en\/categorie-produit\/toys\/"},{"@type":"ListItem","position":4,"name":"Bouncing balls","item":"https:\/\/ratatamkids.com\/en\/categorie-produit\/toys\/bouncing-balls\/"},{"@type":"ListItem","position":5,"name":"Balle rebondissante facettes oiseau &#8211; Violet"}]},{"@type":"WebSite","@id":"https:\/\/ratatamkids.com\/en\/#website","url":"https:\/\/ratatamkids.com\/en\/","name":"Ratatam Official Website","description":"Cool brand for happy kids!","potentialAction":[{"@type":"SearchAction","target":{"@type":"EntryPoint","urlTemplate":"https:\/\/ratatamkids.com\/en\/?s={search_term_string}"},"query-input":{"@type":"PropertyValueSpecification","valueRequired":true,"valueName":"search_term_string"}}],"inLanguage":"en-US"}]}},"_links":{"self":[{"href":"https:\/\/ratatamkids.com\/en\/wp-json\/wp\/v2\/product\/37359","targetHints":{"allow":["GET"]}}],"collection":[{"href":"https:\/\/ratatamkids.com\/en\/wp-json\/wp\/v2\/product"}],"about":[{"href":"https:\/\/ratatamkids.com\/en\/wp-json\/wp\/v2\/types\/product"}],"replies":[{"embeddable":true,"href":"https:\/\/ratatamkids.com\/en\/wp-json\/wp\/v2\/comments?post=37359"}],"wp:featuredmedia":[{"embeddable":true,"href":"https:\/\/ratatamkids.com\/en\/wp-json\/wp\/v2\/media\/37360"}],"wp:attachment":[{"href":"https:\/\/ratatamkids.com\/en\/wp-json\/wp\/v2\/media?parent=37359"}],"wp:term":[{"taxonomy":"product_brand","embeddable":true,"href":"https:\/\/ratatamkids.com\/en\/wp-json\/wp\/v2\/product_brand?post=37359"},{"taxonomy":"product_cat","embeddable":true,"href":"https:\/\/ratatamkids.com\/en\/wp-json\/wp\/v2\/product_cat?post=37359"},{"taxonomy":"product_tag","embeddable":true,"href":"https:\/\/ratatamkids.com\/en\/wp-json\/wp\/v2\/product_tag?post=37359"}],"curies":[{"name":"wp","href":"https:\/\/api.w.org\/{rel}","templated":true}]}}