{"id":35466,"date":"2024-10-11T12:11:19","date_gmt":"2024-10-11T10:11:19","guid":{"rendered":"https:\/\/ratatamkids.com\/?post_type=product&#038;p=35466"},"modified":"2026-03-03T10:44:54","modified_gmt":"2026-03-03T09:44:54","slug":"balle-rebondissante-girafe","status":"publish","type":"product","link":"https:\/\/ratatamkids.com\/en\/produit\/balle-rebondissante-girafe\/","title":{"rendered":"Balle rebondissante Girafe"},"content":{"rendered":"<h1><strong>Prends de la hauteur avec moi !<\/strong><\/h1>\n<p>Notre balle rebondissante girafe est l&#8217;invit\u00e9e parfaite pour une soir\u00e9e dans la savane. Avec son long cou et ses pattes fines, elle sautillera avec gr\u00e2ce. <strong>Parfait pour les petits danseurs qui veulent montrer leurs plus beaux pas !<\/strong><\/p>\n<p data-sourcepos=\"13:1-13:48\"><strong>Pourquoi choisir notre balle rebondissante ?<\/strong><\/p>\n<ul data-sourcepos=\"15:1-19:0\">\n<li data-sourcepos=\"15:1-15:151\"><strong>\u00c9colo et ludique :<\/strong> Livr\u00e9e dans un emballage kraft imitant la peau de l\u2019animal, elle est \u00e0 la fois esth\u00e9tique et respectueuse de l\u2019environnement.<\/li>\n<li data-sourcepos=\"16:1-16:108\"><strong>Vari\u00e9t\u00e9 :<\/strong> En plus de la vache, d\u00e9couvrez les mod\u00e8les faon, zebre et vache pour encore plus de choix !<\/li>\n<li data-sourcepos=\"17:1-17:91\"><strong>Qualit\u00e9 :<\/strong> Fabriqu\u00e9e avec des mat\u00e9riaux de qualit\u00e9, cette balle est con\u00e7ue pour durer.<\/li>\n<li data-sourcepos=\"18:1-19:0\"><strong>S\u00e9curit\u00e9 :<\/strong> Conforme aux normes de s\u00e9curit\u00e9 en vigueur, elle est sans danger pour les enfants.<\/li>\n<\/ul>\n<p data-sourcepos=\"20:1-20:22\"><strong>Caract\u00e9ristiques :<\/strong><\/p>\n<ul data-sourcepos=\"22:1-26:0\">\n<li data-sourcepos=\"22:1-22:35\"><strong>Dimensions :<\/strong> 43 mm de diam\u00e8tre<\/li>\n<li data-sourcepos=\"23:1-23:27\"><strong>Mat\u00e9riau :<\/strong> Caoutchouc<\/li>\n<li data-sourcepos=\"24:1-24:40\"><strong>\u00c2ge recommand\u00e9 :<\/strong> \u00c0 partir de 3 ans<\/li>\n<li data-sourcepos=\"25:1-26:0\"><strong>Entretien :<\/strong> Nettoyer avec un chiffon humide<\/li>\n<\/ul>\n<p data-sourcepos=\"27:1-27:56\"><strong>Offrez \u00e0 votre enfant un jouet original et durable !<\/strong><\/p>\n<p>4 imprim\u00e9s: zebre, vache, faon et girafe.<\/p>\n<p>Diam\u00e8tre: 43mm<\/p>\n<p>Livr\u00e9e dans son emballage kraft animal peau de b\u00eate<\/p>\n<p>Caoutchouc<\/p>\n<p data-start=\"1099\" data-end=\"1158\">\u267b\ufe0f <strong data-start=\"1102\" data-end=\"1132\">Emballage 100 % recyclable<\/strong><\/p>\n<p data-start=\"1099\" data-end=\"1158\"><img loading=\"lazy\" decoding=\"async\" class=\"sFlh5c FyHeAf iPVvYb\" src=\"https:\/\/www.sytraival.com\/img\/actualite-zoom\/5d22bec45b677c13da5e3ed4e1969e6a\/21-logo-triman.png\" alt=\"Triman: le logo du tri - Sytraival\" width=\"31\" height=\"32\" \/><\/p>\n","protected":false},"excerpt":{"rendered":"<p>La balle rebondissante est livr\u00e9e dans son emballage kraft animal peau de b\u00eate.<\/p>\n<p>Diam\u00e8tre 43 mm<\/p>\n","protected":false},"featured_media":35616,"comment_status":"open","ping_status":"closed","template":"","meta":{"_acf_changed":false},"product_brand":[],"product_cat":[24,250],"product_tag":[],"class_list":{"0":"post-35466","1":"product","2":"type-product","3":"status-publish","4":"has-post-thumbnail","6":"product_cat-jouets","7":"product_cat-balles-rebondissantes","9":"first","10":"instock","11":"taxable","12":"shipping-taxable","13":"purchasable","14":"product-type-simple"},"acf":[],"yoast_head":"<!-- This site is optimized with the Yoast SEO plugin v25.4 - https:\/\/yoast.com\/wordpress\/plugins\/seo\/ -->\n<title>Balle rebondissante Girafe - Ratatam Official Website<\/title>\n<meta name=\"description\" content=\"La balle rebondissante girafe pour enfants ! La balle rebondissante est livr\u00e9e dans son emballage kraft animal peau de b\u00eate.\" \/>\n<meta name=\"robots\" content=\"index, follow, max-snippet:-1, max-image-preview:large, max-video-preview:-1\" \/>\n<link rel=\"canonical\" href=\"https:\/\/ratatamkids.com\/en\/produit\/balle-rebondissante-girafe\/\" \/>\n<meta property=\"og:locale\" content=\"en_US\" \/>\n<meta property=\"og:type\" content=\"article\" \/>\n<meta property=\"og:title\" content=\"Balle rebondissante Girafe - Ratatam Official Website\" \/>\n<meta property=\"og:description\" content=\"La balle rebondissante girafe pour enfants ! La balle rebondissante est livr\u00e9e dans son emballage kraft animal peau de b\u00eate.\" \/>\n<meta property=\"og:url\" content=\"https:\/\/ratatamkids.com\/en\/produit\/balle-rebondissante-girafe\/\" \/>\n<meta property=\"og:site_name\" content=\"Ratatam Official Website\" \/>\n<meta property=\"article:publisher\" content=\"https:\/\/www.facebook.com\/Ratatamforhappykids\/\" \/>\n<meta property=\"article:modified_time\" content=\"2026-03-03T09:44:54+00:00\" \/>\n<meta property=\"og:image\" content=\"https:\/\/ratatamkids.com\/wp-content\/uploads\/2024\/10\/BPB-072-BALLE-REBONDISSANTE-ANIMAL-GIRAFE-3.jpg\" \/>\n\t<meta property=\"og:image:width\" content=\"800\" \/>\n\t<meta property=\"og:image:height\" content=\"800\" \/>\n\t<meta property=\"og:image:type\" content=\"image\/jpeg\" \/>\n<meta name=\"twitter:card\" content=\"summary_large_image\" \/>\n<meta name=\"twitter:label1\" content=\"Est. reading time\" \/>\n\t<meta name=\"twitter:data1\" content=\"2 minutes\" \/>\n<script type=\"application\/ld+json\" class=\"yoast-schema-graph\">{\"@context\":\"https:\/\/schema.org\",\"@graph\":[{\"@type\":\"WebPage\",\"@id\":\"https:\/\/ratatamkids.com\/en\/produit\/balle-rebondissante-girafe\/\",\"url\":\"https:\/\/ratatamkids.com\/en\/produit\/balle-rebondissante-girafe\/\",\"name\":\"Balle rebondissante Girafe - Ratatam Official Website\",\"isPartOf\":{\"@id\":\"https:\/\/ratatamkids.com\/en\/#website\"},\"primaryImageOfPage\":{\"@id\":\"https:\/\/ratatamkids.com\/en\/produit\/balle-rebondissante-girafe\/#primaryimage\"},\"image\":{\"@id\":\"https:\/\/ratatamkids.com\/en\/produit\/balle-rebondissante-girafe\/#primaryimage\"},\"thumbnailUrl\":\"https:\/\/ratatamkids.com\/wp-content\/uploads\/2024\/10\/BPB-072-BALLE-REBONDISSANTE-ANIMAL-GIRAFE-3.jpg\",\"datePublished\":\"2024-10-11T10:11:19+00:00\",\"dateModified\":\"2026-03-03T09:44:54+00:00\",\"description\":\"La balle rebondissante girafe pour enfants ! La balle rebondissante est livr\u00e9e dans son emballage kraft animal peau de b\u00eate.\",\"breadcrumb\":{\"@id\":\"https:\/\/ratatamkids.com\/en\/produit\/balle-rebondissante-girafe\/#breadcrumb\"},\"inLanguage\":\"en-US\",\"potentialAction\":[{\"@type\":\"ReadAction\",\"target\":[\"https:\/\/ratatamkids.com\/en\/produit\/balle-rebondissante-girafe\/\"]}]},{\"@type\":\"ImageObject\",\"inLanguage\":\"en-US\",\"@id\":\"https:\/\/ratatamkids.com\/en\/produit\/balle-rebondissante-girafe\/#primaryimage\",\"url\":\"https:\/\/ratatamkids.com\/wp-content\/uploads\/2024\/10\/BPB-072-BALLE-REBONDISSANTE-ANIMAL-GIRAFE-3.jpg\",\"contentUrl\":\"https:\/\/ratatamkids.com\/wp-content\/uploads\/2024\/10\/BPB-072-BALLE-REBONDISSANTE-ANIMAL-GIRAFE-3.jpg\",\"width\":800,\"height\":800,\"caption\":\"BALLE REBONDISSANTE ANIMAL GIRAFE RATATAM KIDS BPB-072\"},{\"@type\":\"BreadcrumbList\",\"@id\":\"https:\/\/ratatamkids.com\/en\/produit\/balle-rebondissante-girafe\/#breadcrumb\",\"itemListElement\":[{\"@type\":\"ListItem\",\"position\":1,\"name\":\"Accueil\",\"item\":\"https:\/\/ratatamkids.com\/en\/\"},{\"@type\":\"ListItem\",\"position\":2,\"name\":\"Shop\",\"item\":\"https:\/\/ratatamkids.com\/en\/shop\/\"},{\"@type\":\"ListItem\",\"position\":3,\"name\":\"Toys\",\"item\":\"https:\/\/ratatamkids.com\/en\/categorie-produit\/toys\/\"},{\"@type\":\"ListItem\",\"position\":4,\"name\":\"Bouncing balls\",\"item\":\"https:\/\/ratatamkids.com\/en\/categorie-produit\/toys\/bouncing-balls\/\"},{\"@type\":\"ListItem\",\"position\":5,\"name\":\"Balle rebondissante Girafe\"}]},{\"@type\":\"WebSite\",\"@id\":\"https:\/\/ratatamkids.com\/en\/#website\",\"url\":\"https:\/\/ratatamkids.com\/en\/\",\"name\":\"Ratatam Official Website\",\"description\":\"Cool brand for happy kids!\",\"potentialAction\":[{\"@type\":\"SearchAction\",\"target\":{\"@type\":\"EntryPoint\",\"urlTemplate\":\"https:\/\/ratatamkids.com\/en\/?s={search_term_string}\"},\"query-input\":{\"@type\":\"PropertyValueSpecification\",\"valueRequired\":true,\"valueName\":\"search_term_string\"}}],\"inLanguage\":\"en-US\"}]}<\/script>\n<!-- \/ Yoast SEO plugin. -->","yoast_head_json":{"title":"Balle rebondissante Girafe - Ratatam Official Website","description":"La balle rebondissante girafe pour enfants ! La balle rebondissante est livr\u00e9e dans son emballage kraft animal peau de b\u00eate.","robots":{"index":"index","follow":"follow","max-snippet":"max-snippet:-1","max-image-preview":"max-image-preview:large","max-video-preview":"max-video-preview:-1"},"canonical":"https:\/\/ratatamkids.com\/en\/produit\/balle-rebondissante-girafe\/","og_locale":"en_US","og_type":"article","og_title":"Balle rebondissante Girafe - Ratatam Official Website","og_description":"La balle rebondissante girafe pour enfants ! La balle rebondissante est livr\u00e9e dans son emballage kraft animal peau de b\u00eate.","og_url":"https:\/\/ratatamkids.com\/en\/produit\/balle-rebondissante-girafe\/","og_site_name":"Ratatam Official Website","article_publisher":"https:\/\/www.facebook.com\/Ratatamforhappykids\/","article_modified_time":"2026-03-03T09:44:54+00:00","og_image":[{"width":800,"height":800,"url":"https:\/\/ratatamkids.com\/wp-content\/uploads\/2024\/10\/BPB-072-BALLE-REBONDISSANTE-ANIMAL-GIRAFE-3.jpg","type":"image\/jpeg"}],"twitter_card":"summary_large_image","twitter_misc":{"Est. reading time":"2 minutes"},"schema":{"@context":"https:\/\/schema.org","@graph":[{"@type":"WebPage","@id":"https:\/\/ratatamkids.com\/en\/produit\/balle-rebondissante-girafe\/","url":"https:\/\/ratatamkids.com\/en\/produit\/balle-rebondissante-girafe\/","name":"Balle rebondissante Girafe - Ratatam Official Website","isPartOf":{"@id":"https:\/\/ratatamkids.com\/en\/#website"},"primaryImageOfPage":{"@id":"https:\/\/ratatamkids.com\/en\/produit\/balle-rebondissante-girafe\/#primaryimage"},"image":{"@id":"https:\/\/ratatamkids.com\/en\/produit\/balle-rebondissante-girafe\/#primaryimage"},"thumbnailUrl":"https:\/\/ratatamkids.com\/wp-content\/uploads\/2024\/10\/BPB-072-BALLE-REBONDISSANTE-ANIMAL-GIRAFE-3.jpg","datePublished":"2024-10-11T10:11:19+00:00","dateModified":"2026-03-03T09:44:54+00:00","description":"La balle rebondissante girafe pour enfants ! La balle rebondissante est livr\u00e9e dans son emballage kraft animal peau de b\u00eate.","breadcrumb":{"@id":"https:\/\/ratatamkids.com\/en\/produit\/balle-rebondissante-girafe\/#breadcrumb"},"inLanguage":"en-US","potentialAction":[{"@type":"ReadAction","target":["https:\/\/ratatamkids.com\/en\/produit\/balle-rebondissante-girafe\/"]}]},{"@type":"ImageObject","inLanguage":"en-US","@id":"https:\/\/ratatamkids.com\/en\/produit\/balle-rebondissante-girafe\/#primaryimage","url":"https:\/\/ratatamkids.com\/wp-content\/uploads\/2024\/10\/BPB-072-BALLE-REBONDISSANTE-ANIMAL-GIRAFE-3.jpg","contentUrl":"https:\/\/ratatamkids.com\/wp-content\/uploads\/2024\/10\/BPB-072-BALLE-REBONDISSANTE-ANIMAL-GIRAFE-3.jpg","width":800,"height":800,"caption":"BALLE REBONDISSANTE ANIMAL GIRAFE RATATAM KIDS BPB-072"},{"@type":"BreadcrumbList","@id":"https:\/\/ratatamkids.com\/en\/produit\/balle-rebondissante-girafe\/#breadcrumb","itemListElement":[{"@type":"ListItem","position":1,"name":"Accueil","item":"https:\/\/ratatamkids.com\/en\/"},{"@type":"ListItem","position":2,"name":"Shop","item":"https:\/\/ratatamkids.com\/en\/shop\/"},{"@type":"ListItem","position":3,"name":"Toys","item":"https:\/\/ratatamkids.com\/en\/categorie-produit\/toys\/"},{"@type":"ListItem","position":4,"name":"Bouncing balls","item":"https:\/\/ratatamkids.com\/en\/categorie-produit\/toys\/bouncing-balls\/"},{"@type":"ListItem","position":5,"name":"Balle rebondissante Girafe"}]},{"@type":"WebSite","@id":"https:\/\/ratatamkids.com\/en\/#website","url":"https:\/\/ratatamkids.com\/en\/","name":"Ratatam Official Website","description":"Cool brand for happy kids!","potentialAction":[{"@type":"SearchAction","target":{"@type":"EntryPoint","urlTemplate":"https:\/\/ratatamkids.com\/en\/?s={search_term_string}"},"query-input":{"@type":"PropertyValueSpecification","valueRequired":true,"valueName":"search_term_string"}}],"inLanguage":"en-US"}]}},"_links":{"self":[{"href":"https:\/\/ratatamkids.com\/en\/wp-json\/wp\/v2\/product\/35466","targetHints":{"allow":["GET"]}}],"collection":[{"href":"https:\/\/ratatamkids.com\/en\/wp-json\/wp\/v2\/product"}],"about":[{"href":"https:\/\/ratatamkids.com\/en\/wp-json\/wp\/v2\/types\/product"}],"replies":[{"embeddable":true,"href":"https:\/\/ratatamkids.com\/en\/wp-json\/wp\/v2\/comments?post=35466"}],"wp:featuredmedia":[{"embeddable":true,"href":"https:\/\/ratatamkids.com\/en\/wp-json\/wp\/v2\/media\/35616"}],"wp:attachment":[{"href":"https:\/\/ratatamkids.com\/en\/wp-json\/wp\/v2\/media?parent=35466"}],"wp:term":[{"taxonomy":"product_brand","embeddable":true,"href":"https:\/\/ratatamkids.com\/en\/wp-json\/wp\/v2\/product_brand?post=35466"},{"taxonomy":"product_cat","embeddable":true,"href":"https:\/\/ratatamkids.com\/en\/wp-json\/wp\/v2\/product_cat?post=35466"},{"taxonomy":"product_tag","embeddable":true,"href":"https:\/\/ratatamkids.com\/en\/wp-json\/wp\/v2\/product_tag?post=35466"}],"curies":[{"name":"wp","href":"https:\/\/api.w.org\/{rel}","templated":true}]}}