{"id":35347,"date":"2024-09-26T13:13:09","date_gmt":"2024-09-26T11:13:09","guid":{"rendered":"https:\/\/ratatamkids.com\/?post_type=product&#038;p=35347"},"modified":"2026-04-16T16:05:08","modified_gmt":"2026-04-16T14:05:08","slug":"couronne-paillete-pompom-elastique-or","status":"publish","type":"product","link":"https:\/\/ratatamkids.com\/en\/produit\/couronne-paillete-pompom-elastique-or\/","title":{"rendered":"Couronne paillet\u00e9 pompom \u00e9lastique or"},"content":{"rendered":"<p data-start=\"115\" data-end=\"286\">\ud83d\udc51 <strong data-start=\"118\" data-end=\"158\">La couronne magique de chez Ratatam!<\/strong> \u2728<br data-start=\"160\" data-end=\"163\" \/>Un soup\u00e7on de paillettes, une touche de pompons, et <em data-start=\"215\" data-end=\"228\">abracadabra<\/em>\u2026 te voil\u00e0 devenu(e) roi ou reine d\u2019un monde fantastique !<\/p>\n<p data-start=\"288\" data-end=\"552\">Id\u00e9ale pour les f\u00eates d\u2019anniversaire, les apr\u00e8s-midis d\u00e9guis\u00e9s ou simplement pour r\u00e9gner sur le salon avec style, cette couronne est un concentr\u00e9 de bonne humeur et de magie. Elle brille, elle tient bien, et surtout\u2026 elle fait p\u00e9tiller les yeux des petits r\u00eaveurs.<\/p>\n<p data-start=\"554\" data-end=\"693\">Que tu sois un dragon en cavale, une f\u00e9e press\u00e9e ou un pirate chic, cette couronne ajoute toujours une dose de merveilleux \u00e0 tes aventures.<\/p>\n<p data-start=\"695\" data-end=\"765\">\u2728 \u00c0 porter sans mod\u00e9ration, m\u00eame pour aller chercher un go\u00fbter royal !<\/p>\n<p data-start=\"695\" data-end=\"765\">Fabriqu\u00e9 en Chine<\/p>\n","protected":false},"excerpt":{"rendered":"<p>\u00c0 enfiler pour toutes les grandes aventures \ud83d\udc51<\/p>\n","protected":false},"featured_media":44284,"comment_status":"open","ping_status":"closed","template":"","meta":{"_acf_changed":false},"product_brand":[],"product_cat":[23,231],"product_tag":[],"class_list":{"0":"post-35347","1":"product","2":"type-product","3":"status-publish","4":"has-post-thumbnail","6":"product_cat-accessoires","7":"product_cat-grande-baguette-magique","9":"first","10":"instock","11":"taxable","12":"shipping-taxable","13":"purchasable","14":"product-type-simple"},"acf":[],"yoast_head":"<!-- This site is optimized with the Yoast SEO plugin v25.4 - https:\/\/yoast.com\/wordpress\/plugins\/seo\/ -->\n<title>Couronne paillet\u00e9 pompom \u00e9lastique or - Ratatam Official Website<\/title>\n<meta name=\"description\" content=\"Couronne paillet\u00e9e Ratatam : un accessoire f\u00e9erique et scintillant pour les enfants qui aiment r\u00eaver, jouer et briller comme des rois et reines.\" \/>\n<meta name=\"robots\" content=\"index, follow, max-snippet:-1, max-image-preview:large, max-video-preview:-1\" \/>\n<link rel=\"canonical\" href=\"https:\/\/ratatamkids.com\/en\/produit\/couronne-paillete-pompom-elastique-or\/\" \/>\n<meta property=\"og:locale\" content=\"en_US\" \/>\n<meta property=\"og:type\" content=\"article\" \/>\n<meta property=\"og:title\" content=\"Couronne paillet\u00e9 pompom \u00e9lastique or - Ratatam Official Website\" \/>\n<meta property=\"og:description\" content=\"Couronne paillet\u00e9e Ratatam : un accessoire f\u00e9erique et scintillant pour les enfants qui aiment r\u00eaver, jouer et briller comme des rois et reines.\" \/>\n<meta property=\"og:url\" content=\"https:\/\/ratatamkids.com\/en\/produit\/couronne-paillete-pompom-elastique-or\/\" \/>\n<meta property=\"og:site_name\" content=\"Ratatam Official Website\" \/>\n<meta property=\"article:publisher\" content=\"https:\/\/www.facebook.com\/Ratatamforhappykids\/\" \/>\n<meta property=\"article:modified_time\" content=\"2026-04-16T14:05:08+00:00\" \/>\n<meta property=\"og:image\" content=\"https:\/\/ratatamkids.com\/wp-content\/uploads\/2024\/09\/COURONNE-POMPONS-CLEOR-9-1024x1024.png\" \/>\n\t<meta property=\"og:image:width\" content=\"1024\" \/>\n\t<meta property=\"og:image:height\" content=\"1024\" \/>\n\t<meta property=\"og:image:type\" content=\"image\/png\" \/>\n<meta name=\"twitter:card\" content=\"summary_large_image\" \/>\n<meta name=\"twitter:label1\" content=\"Est. reading time\" \/>\n\t<meta name=\"twitter:data1\" content=\"1 minute\" \/>\n<script type=\"application\/ld+json\" class=\"yoast-schema-graph\">{\"@context\":\"https:\/\/schema.org\",\"@graph\":[{\"@type\":\"WebPage\",\"@id\":\"https:\/\/ratatamkids.com\/en\/produit\/couronne-paillete-pompom-elastique-or\/\",\"url\":\"https:\/\/ratatamkids.com\/en\/produit\/couronne-paillete-pompom-elastique-or\/\",\"name\":\"Couronne paillet\u00e9 pompom \u00e9lastique or - Ratatam Official Website\",\"isPartOf\":{\"@id\":\"https:\/\/ratatamkids.com\/en\/#website\"},\"primaryImageOfPage\":{\"@id\":\"https:\/\/ratatamkids.com\/en\/produit\/couronne-paillete-pompom-elastique-or\/#primaryimage\"},\"image\":{\"@id\":\"https:\/\/ratatamkids.com\/en\/produit\/couronne-paillete-pompom-elastique-or\/#primaryimage\"},\"thumbnailUrl\":\"https:\/\/ratatamkids.com\/wp-content\/uploads\/2024\/09\/COURONNE-POMPONS-CLEOR-9.png\",\"datePublished\":\"2024-09-26T11:13:09+00:00\",\"dateModified\":\"2026-04-16T14:05:08+00:00\",\"description\":\"Couronne paillet\u00e9e Ratatam : un accessoire f\u00e9erique et scintillant pour les enfants qui aiment r\u00eaver, jouer et briller comme des rois et reines.\",\"breadcrumb\":{\"@id\":\"https:\/\/ratatamkids.com\/en\/produit\/couronne-paillete-pompom-elastique-or\/#breadcrumb\"},\"inLanguage\":\"en-US\",\"potentialAction\":[{\"@type\":\"ReadAction\",\"target\":[\"https:\/\/ratatamkids.com\/en\/produit\/couronne-paillete-pompom-elastique-or\/\"]}]},{\"@type\":\"ImageObject\",\"inLanguage\":\"en-US\",\"@id\":\"https:\/\/ratatamkids.com\/en\/produit\/couronne-paillete-pompom-elastique-or\/#primaryimage\",\"url\":\"https:\/\/ratatamkids.com\/wp-content\/uploads\/2024\/09\/COURONNE-POMPONS-CLEOR-9.png\",\"contentUrl\":\"https:\/\/ratatamkids.com\/wp-content\/uploads\/2024\/09\/COURONNE-POMPONS-CLEOR-9.png\",\"width\":1999,\"height\":1999},{\"@type\":\"BreadcrumbList\",\"@id\":\"https:\/\/ratatamkids.com\/en\/produit\/couronne-paillete-pompom-elastique-or\/#breadcrumb\",\"itemListElement\":[{\"@type\":\"ListItem\",\"position\":1,\"name\":\"Accueil\",\"item\":\"https:\/\/ratatamkids.com\/en\/\"},{\"@type\":\"ListItem\",\"position\":2,\"name\":\"Shop\",\"item\":\"https:\/\/ratatamkids.com\/en\/shop\/\"},{\"@type\":\"ListItem\",\"position\":3,\"name\":\"Accessories\",\"item\":\"https:\/\/ratatamkids.com\/en\/categorie-produit\/accessories\/\"},{\"@type\":\"ListItem\",\"position\":4,\"name\":\"Magic Wands\",\"item\":\"https:\/\/ratatamkids.com\/en\/categorie-produit\/accessories\/magic-wands\/\"},{\"@type\":\"ListItem\",\"position\":5,\"name\":\"Couronne paillet\u00e9 pompom \u00e9lastique or\"}]},{\"@type\":\"WebSite\",\"@id\":\"https:\/\/ratatamkids.com\/en\/#website\",\"url\":\"https:\/\/ratatamkids.com\/en\/\",\"name\":\"Ratatam Official Website\",\"description\":\"Cool brand for happy kids!\",\"potentialAction\":[{\"@type\":\"SearchAction\",\"target\":{\"@type\":\"EntryPoint\",\"urlTemplate\":\"https:\/\/ratatamkids.com\/en\/?s={search_term_string}\"},\"query-input\":{\"@type\":\"PropertyValueSpecification\",\"valueRequired\":true,\"valueName\":\"search_term_string\"}}],\"inLanguage\":\"en-US\"}]}<\/script>\n<!-- \/ Yoast SEO plugin. -->","yoast_head_json":{"title":"Couronne paillet\u00e9 pompom \u00e9lastique or - Ratatam Official Website","description":"Couronne paillet\u00e9e Ratatam : un accessoire f\u00e9erique et scintillant pour les enfants qui aiment r\u00eaver, jouer et briller comme des rois et reines.","robots":{"index":"index","follow":"follow","max-snippet":"max-snippet:-1","max-image-preview":"max-image-preview:large","max-video-preview":"max-video-preview:-1"},"canonical":"https:\/\/ratatamkids.com\/en\/produit\/couronne-paillete-pompom-elastique-or\/","og_locale":"en_US","og_type":"article","og_title":"Couronne paillet\u00e9 pompom \u00e9lastique or - Ratatam Official Website","og_description":"Couronne paillet\u00e9e Ratatam : un accessoire f\u00e9erique et scintillant pour les enfants qui aiment r\u00eaver, jouer et briller comme des rois et reines.","og_url":"https:\/\/ratatamkids.com\/en\/produit\/couronne-paillete-pompom-elastique-or\/","og_site_name":"Ratatam Official Website","article_publisher":"https:\/\/www.facebook.com\/Ratatamforhappykids\/","article_modified_time":"2026-04-16T14:05:08+00:00","og_image":[{"width":1024,"height":1024,"url":"https:\/\/ratatamkids.com\/wp-content\/uploads\/2024\/09\/COURONNE-POMPONS-CLEOR-9-1024x1024.png","type":"image\/png"}],"twitter_card":"summary_large_image","twitter_misc":{"Est. reading time":"1 minute"},"schema":{"@context":"https:\/\/schema.org","@graph":[{"@type":"WebPage","@id":"https:\/\/ratatamkids.com\/en\/produit\/couronne-paillete-pompom-elastique-or\/","url":"https:\/\/ratatamkids.com\/en\/produit\/couronne-paillete-pompom-elastique-or\/","name":"Couronne paillet\u00e9 pompom \u00e9lastique or - Ratatam Official Website","isPartOf":{"@id":"https:\/\/ratatamkids.com\/en\/#website"},"primaryImageOfPage":{"@id":"https:\/\/ratatamkids.com\/en\/produit\/couronne-paillete-pompom-elastique-or\/#primaryimage"},"image":{"@id":"https:\/\/ratatamkids.com\/en\/produit\/couronne-paillete-pompom-elastique-or\/#primaryimage"},"thumbnailUrl":"https:\/\/ratatamkids.com\/wp-content\/uploads\/2024\/09\/COURONNE-POMPONS-CLEOR-9.png","datePublished":"2024-09-26T11:13:09+00:00","dateModified":"2026-04-16T14:05:08+00:00","description":"Couronne paillet\u00e9e Ratatam : un accessoire f\u00e9erique et scintillant pour les enfants qui aiment r\u00eaver, jouer et briller comme des rois et reines.","breadcrumb":{"@id":"https:\/\/ratatamkids.com\/en\/produit\/couronne-paillete-pompom-elastique-or\/#breadcrumb"},"inLanguage":"en-US","potentialAction":[{"@type":"ReadAction","target":["https:\/\/ratatamkids.com\/en\/produit\/couronne-paillete-pompom-elastique-or\/"]}]},{"@type":"ImageObject","inLanguage":"en-US","@id":"https:\/\/ratatamkids.com\/en\/produit\/couronne-paillete-pompom-elastique-or\/#primaryimage","url":"https:\/\/ratatamkids.com\/wp-content\/uploads\/2024\/09\/COURONNE-POMPONS-CLEOR-9.png","contentUrl":"https:\/\/ratatamkids.com\/wp-content\/uploads\/2024\/09\/COURONNE-POMPONS-CLEOR-9.png","width":1999,"height":1999},{"@type":"BreadcrumbList","@id":"https:\/\/ratatamkids.com\/en\/produit\/couronne-paillete-pompom-elastique-or\/#breadcrumb","itemListElement":[{"@type":"ListItem","position":1,"name":"Accueil","item":"https:\/\/ratatamkids.com\/en\/"},{"@type":"ListItem","position":2,"name":"Shop","item":"https:\/\/ratatamkids.com\/en\/shop\/"},{"@type":"ListItem","position":3,"name":"Accessories","item":"https:\/\/ratatamkids.com\/en\/categorie-produit\/accessories\/"},{"@type":"ListItem","position":4,"name":"Magic Wands","item":"https:\/\/ratatamkids.com\/en\/categorie-produit\/accessories\/magic-wands\/"},{"@type":"ListItem","position":5,"name":"Couronne paillet\u00e9 pompom \u00e9lastique or"}]},{"@type":"WebSite","@id":"https:\/\/ratatamkids.com\/en\/#website","url":"https:\/\/ratatamkids.com\/en\/","name":"Ratatam Official Website","description":"Cool brand for happy kids!","potentialAction":[{"@type":"SearchAction","target":{"@type":"EntryPoint","urlTemplate":"https:\/\/ratatamkids.com\/en\/?s={search_term_string}"},"query-input":{"@type":"PropertyValueSpecification","valueRequired":true,"valueName":"search_term_string"}}],"inLanguage":"en-US"}]}},"_links":{"self":[{"href":"https:\/\/ratatamkids.com\/en\/wp-json\/wp\/v2\/product\/35347","targetHints":{"allow":["GET"]}}],"collection":[{"href":"https:\/\/ratatamkids.com\/en\/wp-json\/wp\/v2\/product"}],"about":[{"href":"https:\/\/ratatamkids.com\/en\/wp-json\/wp\/v2\/types\/product"}],"replies":[{"embeddable":true,"href":"https:\/\/ratatamkids.com\/en\/wp-json\/wp\/v2\/comments?post=35347"}],"wp:featuredmedia":[{"embeddable":true,"href":"https:\/\/ratatamkids.com\/en\/wp-json\/wp\/v2\/media\/44284"}],"wp:attachment":[{"href":"https:\/\/ratatamkids.com\/en\/wp-json\/wp\/v2\/media?parent=35347"}],"wp:term":[{"taxonomy":"product_brand","embeddable":true,"href":"https:\/\/ratatamkids.com\/en\/wp-json\/wp\/v2\/product_brand?post=35347"},{"taxonomy":"product_cat","embeddable":true,"href":"https:\/\/ratatamkids.com\/en\/wp-json\/wp\/v2\/product_cat?post=35347"},{"taxonomy":"product_tag","embeddable":true,"href":"https:\/\/ratatamkids.com\/en\/wp-json\/wp\/v2\/product_tag?post=35347"}],"curies":[{"name":"wp","href":"https:\/\/api.w.org\/{rel}","templated":true}]}}