{"id":35295,"date":"2024-09-16T12:44:53","date_gmt":"2024-09-16T10:44:53","guid":{"rendered":"https:\/\/ratatamkids.com\/?post_type=product&#038;p=35295"},"modified":"2026-04-15T10:23:16","modified_gmt":"2026-04-15T08:23:16","slug":"masque-dragon-violet","status":"publish","type":"product","link":"https:\/\/ratatamkids.com\/en\/produit\/masque-dragon-violet\/","title":{"rendered":"Masque dragon &#8211; Violet"},"content":{"rendered":"<p>Transformez chaque jour en une aventure fantastique avec <strong>nos masques d&#8217;animaux<\/strong> ! Que les enfants souhaitent se d\u00e9guiser pour une f\u00eate, se mettre en sc\u00e8ne pour un anniversaire ou simplement s&#8217;amuser \u00e0 la maison, nos masques sont parfaits pour donner vie \u00e0 l\u2019imagination des plus jeunes et des moins jeunes !<\/p>\n<p>Gr\u00e2ce \u00e0 l\u2019\u00e9lastique, nos masques s\u2019adaptent \u00e0 toutes les t\u00eates, offrant un ajustement parfait pour petits et grands.<\/p>\n<p>Les masques invitent \u00a0\u00e0 se raconter des histoires, \u00e0 jouer des sc\u00e9naris improbables et \u00e0 partager des fous rires en famille ou entre amis. Parfaits pour des s\u00e9ances photo m\u00e9morables ou pour animer des jeux de r\u00f4le, ils vous permettront de cr\u00e9er des souvenirs inoubliables.<\/p>\n<p>Alors n&#8217;attendez plus ! Enfilez votre masque et laissez libre cours \u00e0 votre cr\u00e9ativit\u00e9. Avec nos masques d&#8217;animaux dr\u00f4les, chaque jour devient une nouvelle aventure pleine de rires et de surprises !<\/p>\n<p><strong>Commandez maintenant et entrez dans la peau de votre animal pr\u00e9f\u00e9r\u00e9 !<\/strong><\/p>\n<p>Fabriqu\u00e9 en Chine<\/p>\n<p>Polyur\u00e9thane<\/p>\n<p>Disponible en 9 compagnons: Dragon violet, Souris marron, Cerf, Panda, Dragon noir, Loup, Souris grise, Puma &amp; Marmotte<\/p>\n","protected":false},"excerpt":{"rendered":"<p>Transformez chaque jour en une aventure fantastique avec <strong>nos masques d&#8217;animaux<\/strong> !<\/p>\n<p>9 compagnons possibles: Dragon violet, Souris marron, Cerf, Panda, Dragon noir, Loup, Souris grise, Puma &amp; Marmotte<\/p>\n","protected":false},"featured_media":36852,"comment_status":"open","ping_status":"closed","template":"","meta":{"_acf_changed":false},"product_brand":[],"product_cat":[549,553,551,552,20,23],"product_tag":[162],"class_list":{"0":"post-35295","1":"product","2":"type-product","3":"status-publish","4":"has-post-thumbnail","6":"product_cat-idees-cadeaux","7":"product_cat-20e","8":"product_cat-3-6-ans","9":"product_cat-6-ans-et","10":"product_cat-deguisements","11":"product_cat-accessoires","12":"product_tag-halloween","14":"first","15":"instock","16":"taxable","17":"shipping-taxable","18":"purchasable","19":"product-type-simple"},"acf":[],"yoast_head":"<!-- This site is optimized with the Yoast SEO plugin v25.4 - https:\/\/yoast.com\/wordpress\/plugins\/seo\/ -->\n<title>Masque dragon - Violet - Ratatam Official Website<\/title>\n<meta name=\"description\" content=\"Masque de d\u00e9guisement dragon pour enfants. Disponible en dragon, souris, cerf et panda. Livraison offerte en France Metropolitaine\" \/>\n<meta name=\"robots\" content=\"index, follow, max-snippet:-1, max-image-preview:large, max-video-preview:-1\" \/>\n<link rel=\"canonical\" href=\"https:\/\/ratatamkids.com\/en\/produit\/masque-dragon-violet\/\" \/>\n<meta property=\"og:locale\" content=\"en_US\" \/>\n<meta property=\"og:type\" content=\"article\" \/>\n<meta property=\"og:title\" content=\"Masque dragon - Violet - Ratatam Official Website\" \/>\n<meta property=\"og:description\" content=\"Masque de d\u00e9guisement dragon pour enfants. Disponible en dragon, souris, cerf et panda. Livraison offerte en France Metropolitaine\" \/>\n<meta property=\"og:url\" content=\"https:\/\/ratatamkids.com\/en\/produit\/masque-dragon-violet\/\" \/>\n<meta property=\"og:site_name\" content=\"Ratatam Official Website\" \/>\n<meta property=\"article:publisher\" content=\"https:\/\/www.facebook.com\/Ratatamforhappykids\/\" \/>\n<meta property=\"article:modified_time\" content=\"2026-04-15T08:23:16+00:00\" \/>\n<meta property=\"og:image\" content=\"https:\/\/ratatamkids.com\/wp-content\/uploads\/2024\/09\/MK-D070-MASQUE-DRAGON-1.jpg\" \/>\n\t<meta property=\"og:image:width\" content=\"2000\" \/>\n\t<meta property=\"og:image:height\" content=\"2000\" \/>\n\t<meta property=\"og:image:type\" content=\"image\/jpeg\" \/>\n<meta name=\"twitter:card\" content=\"summary_large_image\" \/>\n<meta name=\"twitter:label1\" content=\"Est. reading time\" \/>\n\t<meta name=\"twitter:data1\" content=\"2 minutes\" \/>\n<script type=\"application\/ld+json\" class=\"yoast-schema-graph\">{\"@context\":\"https:\/\/schema.org\",\"@graph\":[{\"@type\":\"WebPage\",\"@id\":\"https:\/\/ratatamkids.com\/en\/produit\/masque-dragon-violet\/\",\"url\":\"https:\/\/ratatamkids.com\/en\/produit\/masque-dragon-violet\/\",\"name\":\"Masque dragon - Violet - Ratatam Official Website\",\"isPartOf\":{\"@id\":\"https:\/\/ratatamkids.com\/en\/#website\"},\"primaryImageOfPage\":{\"@id\":\"https:\/\/ratatamkids.com\/en\/produit\/masque-dragon-violet\/#primaryimage\"},\"image\":{\"@id\":\"https:\/\/ratatamkids.com\/en\/produit\/masque-dragon-violet\/#primaryimage\"},\"thumbnailUrl\":\"https:\/\/ratatamkids.com\/wp-content\/uploads\/2024\/09\/MK-D070-MASQUE-DRAGON-1.jpg\",\"datePublished\":\"2024-09-16T10:44:53+00:00\",\"dateModified\":\"2026-04-15T08:23:16+00:00\",\"description\":\"Masque de d\u00e9guisement dragon pour enfants. Disponible en dragon, souris, cerf et panda. Livraison offerte en France Metropolitaine\",\"breadcrumb\":{\"@id\":\"https:\/\/ratatamkids.com\/en\/produit\/masque-dragon-violet\/#breadcrumb\"},\"inLanguage\":\"en-US\",\"potentialAction\":[{\"@type\":\"ReadAction\",\"target\":[\"https:\/\/ratatamkids.com\/en\/produit\/masque-dragon-violet\/\"]}]},{\"@type\":\"ImageObject\",\"inLanguage\":\"en-US\",\"@id\":\"https:\/\/ratatamkids.com\/en\/produit\/masque-dragon-violet\/#primaryimage\",\"url\":\"https:\/\/ratatamkids.com\/wp-content\/uploads\/2024\/09\/MK-D070-MASQUE-DRAGON-1.jpg\",\"contentUrl\":\"https:\/\/ratatamkids.com\/wp-content\/uploads\/2024\/09\/MK-D070-MASQUE-DRAGON-1.jpg\",\"width\":2000,\"height\":2000,\"caption\":\"MASQUE DRAGON ENFANTS RATATAM KIDS MK-D070\"},{\"@type\":\"BreadcrumbList\",\"@id\":\"https:\/\/ratatamkids.com\/en\/produit\/masque-dragon-violet\/#breadcrumb\",\"itemListElement\":[{\"@type\":\"ListItem\",\"position\":1,\"name\":\"Accueil\",\"item\":\"https:\/\/ratatamkids.com\/en\/\"},{\"@type\":\"ListItem\",\"position\":2,\"name\":\"Shop\",\"item\":\"https:\/\/ratatamkids.com\/en\/shop\/\"},{\"@type\":\"ListItem\",\"position\":3,\"name\":\"Accessories\",\"item\":\"https:\/\/ratatamkids.com\/en\/categorie-produit\/accessories\/\"},{\"@type\":\"ListItem\",\"position\":4,\"name\":\"Masque dragon &#8211; Violet\"}]},{\"@type\":\"WebSite\",\"@id\":\"https:\/\/ratatamkids.com\/en\/#website\",\"url\":\"https:\/\/ratatamkids.com\/en\/\",\"name\":\"Ratatam Official Website\",\"description\":\"Cool brand for happy kids!\",\"potentialAction\":[{\"@type\":\"SearchAction\",\"target\":{\"@type\":\"EntryPoint\",\"urlTemplate\":\"https:\/\/ratatamkids.com\/en\/?s={search_term_string}\"},\"query-input\":{\"@type\":\"PropertyValueSpecification\",\"valueRequired\":true,\"valueName\":\"search_term_string\"}}],\"inLanguage\":\"en-US\"}]}<\/script>\n<!-- \/ Yoast SEO plugin. -->","yoast_head_json":{"title":"Masque dragon - Violet - Ratatam Official Website","description":"Masque de d\u00e9guisement dragon pour enfants. Disponible en dragon, souris, cerf et panda. Livraison offerte en France Metropolitaine","robots":{"index":"index","follow":"follow","max-snippet":"max-snippet:-1","max-image-preview":"max-image-preview:large","max-video-preview":"max-video-preview:-1"},"canonical":"https:\/\/ratatamkids.com\/en\/produit\/masque-dragon-violet\/","og_locale":"en_US","og_type":"article","og_title":"Masque dragon - Violet - Ratatam Official Website","og_description":"Masque de d\u00e9guisement dragon pour enfants. Disponible en dragon, souris, cerf et panda. Livraison offerte en France Metropolitaine","og_url":"https:\/\/ratatamkids.com\/en\/produit\/masque-dragon-violet\/","og_site_name":"Ratatam Official Website","article_publisher":"https:\/\/www.facebook.com\/Ratatamforhappykids\/","article_modified_time":"2026-04-15T08:23:16+00:00","og_image":[{"width":2000,"height":2000,"url":"https:\/\/ratatamkids.com\/wp-content\/uploads\/2024\/09\/MK-D070-MASQUE-DRAGON-1.jpg","type":"image\/jpeg"}],"twitter_card":"summary_large_image","twitter_misc":{"Est. reading time":"2 minutes"},"schema":{"@context":"https:\/\/schema.org","@graph":[{"@type":"WebPage","@id":"https:\/\/ratatamkids.com\/en\/produit\/masque-dragon-violet\/","url":"https:\/\/ratatamkids.com\/en\/produit\/masque-dragon-violet\/","name":"Masque dragon - Violet - Ratatam Official Website","isPartOf":{"@id":"https:\/\/ratatamkids.com\/en\/#website"},"primaryImageOfPage":{"@id":"https:\/\/ratatamkids.com\/en\/produit\/masque-dragon-violet\/#primaryimage"},"image":{"@id":"https:\/\/ratatamkids.com\/en\/produit\/masque-dragon-violet\/#primaryimage"},"thumbnailUrl":"https:\/\/ratatamkids.com\/wp-content\/uploads\/2024\/09\/MK-D070-MASQUE-DRAGON-1.jpg","datePublished":"2024-09-16T10:44:53+00:00","dateModified":"2026-04-15T08:23:16+00:00","description":"Masque de d\u00e9guisement dragon pour enfants. Disponible en dragon, souris, cerf et panda. Livraison offerte en France Metropolitaine","breadcrumb":{"@id":"https:\/\/ratatamkids.com\/en\/produit\/masque-dragon-violet\/#breadcrumb"},"inLanguage":"en-US","potentialAction":[{"@type":"ReadAction","target":["https:\/\/ratatamkids.com\/en\/produit\/masque-dragon-violet\/"]}]},{"@type":"ImageObject","inLanguage":"en-US","@id":"https:\/\/ratatamkids.com\/en\/produit\/masque-dragon-violet\/#primaryimage","url":"https:\/\/ratatamkids.com\/wp-content\/uploads\/2024\/09\/MK-D070-MASQUE-DRAGON-1.jpg","contentUrl":"https:\/\/ratatamkids.com\/wp-content\/uploads\/2024\/09\/MK-D070-MASQUE-DRAGON-1.jpg","width":2000,"height":2000,"caption":"MASQUE DRAGON ENFANTS RATATAM KIDS MK-D070"},{"@type":"BreadcrumbList","@id":"https:\/\/ratatamkids.com\/en\/produit\/masque-dragon-violet\/#breadcrumb","itemListElement":[{"@type":"ListItem","position":1,"name":"Accueil","item":"https:\/\/ratatamkids.com\/en\/"},{"@type":"ListItem","position":2,"name":"Shop","item":"https:\/\/ratatamkids.com\/en\/shop\/"},{"@type":"ListItem","position":3,"name":"Accessories","item":"https:\/\/ratatamkids.com\/en\/categorie-produit\/accessories\/"},{"@type":"ListItem","position":4,"name":"Masque dragon &#8211; Violet"}]},{"@type":"WebSite","@id":"https:\/\/ratatamkids.com\/en\/#website","url":"https:\/\/ratatamkids.com\/en\/","name":"Ratatam Official Website","description":"Cool brand for happy kids!","potentialAction":[{"@type":"SearchAction","target":{"@type":"EntryPoint","urlTemplate":"https:\/\/ratatamkids.com\/en\/?s={search_term_string}"},"query-input":{"@type":"PropertyValueSpecification","valueRequired":true,"valueName":"search_term_string"}}],"inLanguage":"en-US"}]}},"_links":{"self":[{"href":"https:\/\/ratatamkids.com\/en\/wp-json\/wp\/v2\/product\/35295","targetHints":{"allow":["GET"]}}],"collection":[{"href":"https:\/\/ratatamkids.com\/en\/wp-json\/wp\/v2\/product"}],"about":[{"href":"https:\/\/ratatamkids.com\/en\/wp-json\/wp\/v2\/types\/product"}],"replies":[{"embeddable":true,"href":"https:\/\/ratatamkids.com\/en\/wp-json\/wp\/v2\/comments?post=35295"}],"wp:featuredmedia":[{"embeddable":true,"href":"https:\/\/ratatamkids.com\/en\/wp-json\/wp\/v2\/media\/36852"}],"wp:attachment":[{"href":"https:\/\/ratatamkids.com\/en\/wp-json\/wp\/v2\/media?parent=35295"}],"wp:term":[{"taxonomy":"product_brand","embeddable":true,"href":"https:\/\/ratatamkids.com\/en\/wp-json\/wp\/v2\/product_brand?post=35295"},{"taxonomy":"product_cat","embeddable":true,"href":"https:\/\/ratatamkids.com\/en\/wp-json\/wp\/v2\/product_cat?post=35295"},{"taxonomy":"product_tag","embeddable":true,"href":"https:\/\/ratatamkids.com\/en\/wp-json\/wp\/v2\/product_tag?post=35295"}],"curies":[{"name":"wp","href":"https:\/\/api.w.org\/{rel}","templated":true}]}}