{"id":35277,"date":"2024-09-13T15:28:53","date_gmt":"2024-09-13T13:28:53","guid":{"rendered":"https:\/\/ratatamkids.com\/produit\/balle-rebondissante-marbree-hibou-57-mm-ora-ng\/"},"modified":"2026-03-11T17:22:41","modified_gmt":"2026-03-11T16:22:41","slug":"balle-rebondissante-marbree-hibou-57-mm-ora-ng","status":"publish","type":"product","link":"https:\/\/ratatamkids.com\/en\/produit\/balle-rebondissante-marbree-hibou-57-mm-ora-ng\/","title":{"rendered":"Balle rebondissante marbr\u00e9e hibou 57 mm &#8211; Orange"},"content":{"rendered":"<p><strong>D\u00e9couvre la science du rebond !<\/strong> Pourquoi cette balle rebondit-elle si haut ?<\/p>\n<p>C&#8217;est un myst\u00e8re \u00e0 r\u00e9soudre ! Sa couleur orange te rappellera le feu et son emballage hibou te donnera des id\u00e9es de nouvelles exp\u00e9riences !<\/p>\n<p>Avec un diam\u00e8tre de 57 mm, cette balle est parfaite pour les petites mains curieuses. Son rebond parfait te garantit des heures de jeux palpitants, que tu sois seul ou avec tes amis !<\/p>\n<p>Couleurs: bleu, orange, rose, violet, jaune, vert<\/p>\n<p>Dimensions: 57 mm<\/p>\n<p>Fabriqu\u00e9 en Chine<\/p>\n<p>Caoutchouc<\/p>\n<p data-start=\"1099\" data-end=\"1158\">\u267b\ufe0f <strong data-start=\"1102\" data-end=\"1132\">Emballage 100 % recyclable<\/strong><\/p>\n<p data-start=\"1099\" data-end=\"1158\"><img loading=\"lazy\" decoding=\"async\" class=\"sFlh5c FyHeAf iPVvYb\" src=\"https:\/\/www.sytraival.com\/img\/actualite-zoom\/5d22bec45b677c13da5e3ed4e1969e6a\/21-logo-triman.png\" alt=\"Triman: le logo du tri - Sytraival\" width=\"31\" height=\"32\" \/><\/p>\n","protected":false},"excerpt":{"rendered":"<div class=\"woocommerce-product-details__short-description mb-2.5\">\n<div class=\"woocommerce-product-details__short-description mb-2.5\">\n<p>La balle rebondissante hibou et marbr\u00e9e !<\/p>\n<p>C\u2019est une maxi balle rebondissante, taille 57 mm, et elle est disponible dans 6 couleurs!<\/p>\n<p>La balle rebondissante est livr\u00e9e dans son emballage kraft hibou.<\/p>\n<\/div>\n<\/div>\n","protected":false},"featured_media":37349,"comment_status":"open","ping_status":"closed","template":"","meta":{"_acf_changed":false},"product_brand":[],"product_cat":[15,24,250,192],"product_tag":[],"class_list":{"0":"post-35277","1":"product","2":"type-product","3":"status-publish","4":"has-post-thumbnail","6":"product_cat-non-classe","7":"product_cat-jouets","8":"product_cat-balles-rebondissantes","9":"product_cat-balles-rebondissantes-hiboux","11":"first","12":"instock","13":"taxable","14":"shipping-taxable","15":"purchasable","16":"product-type-simple"},"acf":[],"yoast_head":"<!-- This site is optimized with the Yoast SEO plugin v25.4 - https:\/\/yoast.com\/wordpress\/plugins\/seo\/ -->\n<title>Balle rebondissante marbr\u00e9e hibou 57 mm - Orange - Ratatam Official Website<\/title>\n<meta name=\"description\" content=\"Amusez-vous en apprenant avec notre balle rebondissante hibou violette pour enfan ! Livraison offerte en France Metropolitaine\" \/>\n<meta name=\"robots\" content=\"index, follow, max-snippet:-1, max-image-preview:large, max-video-preview:-1\" \/>\n<link rel=\"canonical\" href=\"https:\/\/ratatamkids.com\/en\/produit\/balle-rebondissante-marbree-hibou-57-mm-ora-ng\/\" \/>\n<meta property=\"og:locale\" content=\"en_US\" \/>\n<meta property=\"og:type\" content=\"article\" \/>\n<meta property=\"og:title\" content=\"Balle rebondissante marbr\u00e9e hibou 57 mm - Orange - Ratatam Official Website\" \/>\n<meta property=\"og:description\" content=\"Amusez-vous en apprenant avec notre balle rebondissante hibou violette pour enfan ! Livraison offerte en France Metropolitaine\" \/>\n<meta property=\"og:url\" content=\"https:\/\/ratatamkids.com\/en\/produit\/balle-rebondissante-marbree-hibou-57-mm-ora-ng\/\" \/>\n<meta property=\"og:site_name\" content=\"Ratatam Official Website\" \/>\n<meta property=\"article:publisher\" content=\"https:\/\/www.facebook.com\/Ratatamforhappykids\/\" \/>\n<meta property=\"article:modified_time\" content=\"2026-03-11T16:22:41+00:00\" \/>\n<meta property=\"og:image\" content=\"https:\/\/ratatamkids.com\/wp-content\/uploads\/2024\/09\/BRH-070-BALLE-REBONDISSANTE-MARBREE-ORANGE.png\" \/>\n\t<meta property=\"og:image:width\" content=\"1404\" \/>\n\t<meta property=\"og:image:height\" content=\"1404\" \/>\n\t<meta property=\"og:image:type\" content=\"image\/png\" \/>\n<meta name=\"twitter:card\" content=\"summary_large_image\" \/>\n<meta name=\"twitter:label1\" content=\"Est. reading time\" \/>\n\t<meta name=\"twitter:data1\" content=\"1 minute\" \/>\n<script type=\"application\/ld+json\" class=\"yoast-schema-graph\">{\"@context\":\"https:\/\/schema.org\",\"@graph\":[{\"@type\":\"WebPage\",\"@id\":\"https:\/\/ratatamkids.com\/en\/produit\/balle-rebondissante-marbree-hibou-57-mm-ora-ng\/\",\"url\":\"https:\/\/ratatamkids.com\/en\/produit\/balle-rebondissante-marbree-hibou-57-mm-ora-ng\/\",\"name\":\"Balle rebondissante marbr\u00e9e hibou 57 mm - Orange - Ratatam Official Website\",\"isPartOf\":{\"@id\":\"https:\/\/ratatamkids.com\/en\/#website\"},\"primaryImageOfPage\":{\"@id\":\"https:\/\/ratatamkids.com\/en\/produit\/balle-rebondissante-marbree-hibou-57-mm-ora-ng\/#primaryimage\"},\"image\":{\"@id\":\"https:\/\/ratatamkids.com\/en\/produit\/balle-rebondissante-marbree-hibou-57-mm-ora-ng\/#primaryimage\"},\"thumbnailUrl\":\"https:\/\/ratatamkids.com\/wp-content\/uploads\/2024\/09\/BRH-070-BALLE-REBONDISSANTE-MARBREE-ORANGE.png\",\"datePublished\":\"2024-09-13T13:28:53+00:00\",\"dateModified\":\"2026-03-11T16:22:41+00:00\",\"description\":\"Amusez-vous en apprenant avec notre balle rebondissante hibou violette pour enfan ! Livraison offerte en France Metropolitaine\",\"breadcrumb\":{\"@id\":\"https:\/\/ratatamkids.com\/en\/produit\/balle-rebondissante-marbree-hibou-57-mm-ora-ng\/#breadcrumb\"},\"inLanguage\":\"en-US\",\"potentialAction\":[{\"@type\":\"ReadAction\",\"target\":[\"https:\/\/ratatamkids.com\/en\/produit\/balle-rebondissante-marbree-hibou-57-mm-ora-ng\/\"]}]},{\"@type\":\"ImageObject\",\"inLanguage\":\"en-US\",\"@id\":\"https:\/\/ratatamkids.com\/en\/produit\/balle-rebondissante-marbree-hibou-57-mm-ora-ng\/#primaryimage\",\"url\":\"https:\/\/ratatamkids.com\/wp-content\/uploads\/2024\/09\/BRH-070-BALLE-REBONDISSANTE-MARBREE-ORANGE.png\",\"contentUrl\":\"https:\/\/ratatamkids.com\/wp-content\/uploads\/2024\/09\/BRH-070-BALLE-REBONDISSANTE-MARBREE-ORANGE.png\",\"width\":1404,\"height\":1404,\"caption\":\"BALLE REBONDISSANTE 57 MM MARBRE ORANGE HIBOU RATATAM JOUETS ENFANT\"},{\"@type\":\"BreadcrumbList\",\"@id\":\"https:\/\/ratatamkids.com\/en\/produit\/balle-rebondissante-marbree-hibou-57-mm-ora-ng\/#breadcrumb\",\"itemListElement\":[{\"@type\":\"ListItem\",\"position\":1,\"name\":\"Accueil\",\"item\":\"https:\/\/ratatamkids.com\/en\/\"},{\"@type\":\"ListItem\",\"position\":2,\"name\":\"Shop\",\"item\":\"https:\/\/ratatamkids.com\/en\/shop\/\"},{\"@type\":\"ListItem\",\"position\":3,\"name\":\"Toys\",\"item\":\"https:\/\/ratatamkids.com\/en\/categorie-produit\/toys\/\"},{\"@type\":\"ListItem\",\"position\":4,\"name\":\"Bouncing balls\",\"item\":\"https:\/\/ratatamkids.com\/en\/categorie-produit\/toys\/bouncing-balls\/\"},{\"@type\":\"ListItem\",\"position\":5,\"name\":\"Balle rebondissante marbr\u00e9e hibou 57 mm &#8211; Orange\"}]},{\"@type\":\"WebSite\",\"@id\":\"https:\/\/ratatamkids.com\/en\/#website\",\"url\":\"https:\/\/ratatamkids.com\/en\/\",\"name\":\"Ratatam Official Website\",\"description\":\"Cool brand for happy kids!\",\"potentialAction\":[{\"@type\":\"SearchAction\",\"target\":{\"@type\":\"EntryPoint\",\"urlTemplate\":\"https:\/\/ratatamkids.com\/en\/?s={search_term_string}\"},\"query-input\":{\"@type\":\"PropertyValueSpecification\",\"valueRequired\":true,\"valueName\":\"search_term_string\"}}],\"inLanguage\":\"en-US\"}]}<\/script>\n<!-- \/ Yoast SEO plugin. -->","yoast_head_json":{"title":"Balle rebondissante marbr\u00e9e hibou 57 mm - Orange - Ratatam Official Website","description":"Amusez-vous en apprenant avec notre balle rebondissante hibou violette pour enfan ! Livraison offerte en France Metropolitaine","robots":{"index":"index","follow":"follow","max-snippet":"max-snippet:-1","max-image-preview":"max-image-preview:large","max-video-preview":"max-video-preview:-1"},"canonical":"https:\/\/ratatamkids.com\/en\/produit\/balle-rebondissante-marbree-hibou-57-mm-ora-ng\/","og_locale":"en_US","og_type":"article","og_title":"Balle rebondissante marbr\u00e9e hibou 57 mm - Orange - Ratatam Official Website","og_description":"Amusez-vous en apprenant avec notre balle rebondissante hibou violette pour enfan ! Livraison offerte en France Metropolitaine","og_url":"https:\/\/ratatamkids.com\/en\/produit\/balle-rebondissante-marbree-hibou-57-mm-ora-ng\/","og_site_name":"Ratatam Official Website","article_publisher":"https:\/\/www.facebook.com\/Ratatamforhappykids\/","article_modified_time":"2026-03-11T16:22:41+00:00","og_image":[{"width":1404,"height":1404,"url":"https:\/\/ratatamkids.com\/wp-content\/uploads\/2024\/09\/BRH-070-BALLE-REBONDISSANTE-MARBREE-ORANGE.png","type":"image\/png"}],"twitter_card":"summary_large_image","twitter_misc":{"Est. reading time":"1 minute"},"schema":{"@context":"https:\/\/schema.org","@graph":[{"@type":"WebPage","@id":"https:\/\/ratatamkids.com\/en\/produit\/balle-rebondissante-marbree-hibou-57-mm-ora-ng\/","url":"https:\/\/ratatamkids.com\/en\/produit\/balle-rebondissante-marbree-hibou-57-mm-ora-ng\/","name":"Balle rebondissante marbr\u00e9e hibou 57 mm - Orange - Ratatam Official Website","isPartOf":{"@id":"https:\/\/ratatamkids.com\/en\/#website"},"primaryImageOfPage":{"@id":"https:\/\/ratatamkids.com\/en\/produit\/balle-rebondissante-marbree-hibou-57-mm-ora-ng\/#primaryimage"},"image":{"@id":"https:\/\/ratatamkids.com\/en\/produit\/balle-rebondissante-marbree-hibou-57-mm-ora-ng\/#primaryimage"},"thumbnailUrl":"https:\/\/ratatamkids.com\/wp-content\/uploads\/2024\/09\/BRH-070-BALLE-REBONDISSANTE-MARBREE-ORANGE.png","datePublished":"2024-09-13T13:28:53+00:00","dateModified":"2026-03-11T16:22:41+00:00","description":"Amusez-vous en apprenant avec notre balle rebondissante hibou violette pour enfan ! Livraison offerte en France Metropolitaine","breadcrumb":{"@id":"https:\/\/ratatamkids.com\/en\/produit\/balle-rebondissante-marbree-hibou-57-mm-ora-ng\/#breadcrumb"},"inLanguage":"en-US","potentialAction":[{"@type":"ReadAction","target":["https:\/\/ratatamkids.com\/en\/produit\/balle-rebondissante-marbree-hibou-57-mm-ora-ng\/"]}]},{"@type":"ImageObject","inLanguage":"en-US","@id":"https:\/\/ratatamkids.com\/en\/produit\/balle-rebondissante-marbree-hibou-57-mm-ora-ng\/#primaryimage","url":"https:\/\/ratatamkids.com\/wp-content\/uploads\/2024\/09\/BRH-070-BALLE-REBONDISSANTE-MARBREE-ORANGE.png","contentUrl":"https:\/\/ratatamkids.com\/wp-content\/uploads\/2024\/09\/BRH-070-BALLE-REBONDISSANTE-MARBREE-ORANGE.png","width":1404,"height":1404,"caption":"BALLE REBONDISSANTE 57 MM MARBRE ORANGE HIBOU RATATAM JOUETS ENFANT"},{"@type":"BreadcrumbList","@id":"https:\/\/ratatamkids.com\/en\/produit\/balle-rebondissante-marbree-hibou-57-mm-ora-ng\/#breadcrumb","itemListElement":[{"@type":"ListItem","position":1,"name":"Accueil","item":"https:\/\/ratatamkids.com\/en\/"},{"@type":"ListItem","position":2,"name":"Shop","item":"https:\/\/ratatamkids.com\/en\/shop\/"},{"@type":"ListItem","position":3,"name":"Toys","item":"https:\/\/ratatamkids.com\/en\/categorie-produit\/toys\/"},{"@type":"ListItem","position":4,"name":"Bouncing balls","item":"https:\/\/ratatamkids.com\/en\/categorie-produit\/toys\/bouncing-balls\/"},{"@type":"ListItem","position":5,"name":"Balle rebondissante marbr\u00e9e hibou 57 mm &#8211; Orange"}]},{"@type":"WebSite","@id":"https:\/\/ratatamkids.com\/en\/#website","url":"https:\/\/ratatamkids.com\/en\/","name":"Ratatam Official Website","description":"Cool brand for happy kids!","potentialAction":[{"@type":"SearchAction","target":{"@type":"EntryPoint","urlTemplate":"https:\/\/ratatamkids.com\/en\/?s={search_term_string}"},"query-input":{"@type":"PropertyValueSpecification","valueRequired":true,"valueName":"search_term_string"}}],"inLanguage":"en-US"}]}},"_links":{"self":[{"href":"https:\/\/ratatamkids.com\/en\/wp-json\/wp\/v2\/product\/35277","targetHints":{"allow":["GET"]}}],"collection":[{"href":"https:\/\/ratatamkids.com\/en\/wp-json\/wp\/v2\/product"}],"about":[{"href":"https:\/\/ratatamkids.com\/en\/wp-json\/wp\/v2\/types\/product"}],"replies":[{"embeddable":true,"href":"https:\/\/ratatamkids.com\/en\/wp-json\/wp\/v2\/comments?post=35277"}],"wp:featuredmedia":[{"embeddable":true,"href":"https:\/\/ratatamkids.com\/en\/wp-json\/wp\/v2\/media\/37349"}],"wp:attachment":[{"href":"https:\/\/ratatamkids.com\/en\/wp-json\/wp\/v2\/media?parent=35277"}],"wp:term":[{"taxonomy":"product_brand","embeddable":true,"href":"https:\/\/ratatamkids.com\/en\/wp-json\/wp\/v2\/product_brand?post=35277"},{"taxonomy":"product_cat","embeddable":true,"href":"https:\/\/ratatamkids.com\/en\/wp-json\/wp\/v2\/product_cat?post=35277"},{"taxonomy":"product_tag","embeddable":true,"href":"https:\/\/ratatamkids.com\/en\/wp-json\/wp\/v2\/product_tag?post=35277"}],"curies":[{"name":"wp","href":"https:\/\/api.w.org\/{rel}","templated":true}]}}