{"id":35276,"date":"2024-09-13T15:28:05","date_gmt":"2024-09-13T13:28:05","guid":{"rendered":"https:\/\/ratatamkids.com\/produit\/balle-rebondissante-marbree-hibou-57-mm-rose\/"},"modified":"2026-03-23T12:22:39","modified_gmt":"2026-03-23T11:22:39","slug":"balle-rebondissante-marbree-hibou-57-mm-rose","status":"publish","type":"product","link":"https:\/\/ratatamkids.com\/en\/produit\/balle-rebondissante-marbree-hibou-57-mm-rose\/","title":{"rendered":"Balle rebondissante marbr\u00e9e hibou 57 mm &#8211; Rose"},"content":{"rendered":"<p><strong>D\u00e9voile les secrets de la magie !<\/strong><\/p>\n<p>Cette balle rose est bien plus qu&#8217;un simple jouet.<\/p>\n<p>Ses veines marbr\u00e9es cachent des pouvoirs magiques que seul toi peux r\u00e9v\u00e9ler.<\/p>\n<p>Imagine-la se transformer en une baguette magique, capable de faire appara\u00eetre des fleurs ou de cr\u00e9er des arcs-en-ciel. Avec son emballage hibou, tu seras le sorcier le plus puissant du royaume !<\/p>\n<p>Avec un diam\u00e8tre de 57 mm, cette balle est parfaite pour les petites mains curieuses. Son rebond parfait te garantit des heures de jeux palpitants, que tu sois seul ou avec tes amis !<\/p>\n<p>Couleurs: bleu, orange, rose, violet, jaune, vert<\/p>\n<p>Dimensions: 57 mm<\/p>\n<p>Fabriqu\u00e9 en Chine<\/p>\n<p>Caoutchouc<\/p>\n<p data-start=\"1099\" data-end=\"1158\">\u267b\ufe0f <strong data-start=\"1102\" data-end=\"1132\">Emballage 100 % recyclable<\/strong><\/p>\n<p data-start=\"1099\" data-end=\"1158\"><img loading=\"lazy\" decoding=\"async\" class=\"sFlh5c FyHeAf iPVvYb\" src=\"https:\/\/www.sytraival.com\/img\/actualite-zoom\/5d22bec45b677c13da5e3ed4e1969e6a\/21-logo-triman.png\" alt=\"Triman: le logo du tri - Sytraival\" width=\"31\" height=\"32\" \/><\/p>\n","protected":false},"excerpt":{"rendered":"<div class=\"woocommerce-product-details__short-description mb-2.5\">\n<div class=\"woocommerce-product-details__short-description mb-2.5\">\n<p>La balle rebondissante hibou et marbr\u00e9e !<\/p>\n<p>C\u2019est une maxi balle rebondissante, taille 57 mm, et elle est disponible dans 6 couleurs!<\/p>\n<p>La balle rebondissante est livr\u00e9e dans son emballage kraft hibou.<\/p>\n<\/div>\n<\/div>\n","protected":false},"featured_media":37351,"comment_status":"open","ping_status":"closed","template":"","meta":{"_acf_changed":false},"product_brand":[],"product_cat":[15,24,250,192],"product_tag":[],"class_list":{"0":"post-35276","1":"product","2":"type-product","3":"status-publish","4":"has-post-thumbnail","6":"product_cat-non-classe","7":"product_cat-jouets","8":"product_cat-balles-rebondissantes","9":"product_cat-balles-rebondissantes-hiboux","11":"first","12":"outofstock","13":"taxable","14":"shipping-taxable","15":"purchasable","16":"product-type-simple"},"acf":[],"yoast_head":"<!-- This site is optimized with the Yoast SEO plugin v25.4 - https:\/\/yoast.com\/wordpress\/plugins\/seo\/ -->\n<title>Balle rebondissante marbr\u00e9e hibou 57 mm - Rose - Ratatam Official Website<\/title>\n<meta name=\"description\" content=\"Coup de coeur pour notre balle rebondissante hibou marbree rose pour enfant ! Livraison offerte en France Metropolitaine.\" \/>\n<meta name=\"robots\" content=\"index, follow, max-snippet:-1, max-image-preview:large, max-video-preview:-1\" \/>\n<link rel=\"canonical\" href=\"https:\/\/ratatamkids.com\/en\/produit\/balle-rebondissante-marbree-hibou-57-mm-rose\/\" \/>\n<meta property=\"og:locale\" content=\"en_US\" \/>\n<meta property=\"og:type\" content=\"article\" \/>\n<meta property=\"og:title\" content=\"Balle rebondissante marbr\u00e9e hibou 57 mm - Rose - Ratatam Official Website\" \/>\n<meta property=\"og:description\" content=\"Coup de coeur pour notre balle rebondissante hibou marbree rose pour enfant ! Livraison offerte en France Metropolitaine.\" \/>\n<meta property=\"og:url\" content=\"https:\/\/ratatamkids.com\/en\/produit\/balle-rebondissante-marbree-hibou-57-mm-rose\/\" \/>\n<meta property=\"og:site_name\" content=\"Ratatam Official Website\" \/>\n<meta property=\"article:publisher\" content=\"https:\/\/www.facebook.com\/Ratatamforhappykids\/\" \/>\n<meta property=\"article:modified_time\" content=\"2026-03-23T11:22:39+00:00\" \/>\n<meta property=\"og:image\" content=\"https:\/\/ratatamkids.com\/wp-content\/uploads\/2024\/09\/BRH-069-BALLE-REBONDISSANTE-MARBREE-ROSE.png\" \/>\n\t<meta property=\"og:image:width\" content=\"1404\" \/>\n\t<meta property=\"og:image:height\" content=\"1404\" \/>\n\t<meta property=\"og:image:type\" content=\"image\/png\" \/>\n<meta name=\"twitter:card\" content=\"summary_large_image\" \/>\n<meta name=\"twitter:label1\" content=\"Est. reading time\" \/>\n\t<meta name=\"twitter:data1\" content=\"1 minute\" \/>\n<script type=\"application\/ld+json\" class=\"yoast-schema-graph\">{\"@context\":\"https:\/\/schema.org\",\"@graph\":[{\"@type\":\"WebPage\",\"@id\":\"https:\/\/ratatamkids.com\/en\/produit\/balle-rebondissante-marbree-hibou-57-mm-rose\/\",\"url\":\"https:\/\/ratatamkids.com\/en\/produit\/balle-rebondissante-marbree-hibou-57-mm-rose\/\",\"name\":\"Balle rebondissante marbr\u00e9e hibou 57 mm - Rose - Ratatam Official Website\",\"isPartOf\":{\"@id\":\"https:\/\/ratatamkids.com\/en\/#website\"},\"primaryImageOfPage\":{\"@id\":\"https:\/\/ratatamkids.com\/en\/produit\/balle-rebondissante-marbree-hibou-57-mm-rose\/#primaryimage\"},\"image\":{\"@id\":\"https:\/\/ratatamkids.com\/en\/produit\/balle-rebondissante-marbree-hibou-57-mm-rose\/#primaryimage\"},\"thumbnailUrl\":\"https:\/\/ratatamkids.com\/wp-content\/uploads\/2024\/09\/BRH-069-BALLE-REBONDISSANTE-MARBREE-ROSE.png\",\"datePublished\":\"2024-09-13T13:28:05+00:00\",\"dateModified\":\"2026-03-23T11:22:39+00:00\",\"description\":\"Coup de coeur pour notre balle rebondissante hibou marbree rose pour enfant ! Livraison offerte en France Metropolitaine.\",\"breadcrumb\":{\"@id\":\"https:\/\/ratatamkids.com\/en\/produit\/balle-rebondissante-marbree-hibou-57-mm-rose\/#breadcrumb\"},\"inLanguage\":\"en-US\",\"potentialAction\":[{\"@type\":\"ReadAction\",\"target\":[\"https:\/\/ratatamkids.com\/en\/produit\/balle-rebondissante-marbree-hibou-57-mm-rose\/\"]}]},{\"@type\":\"ImageObject\",\"inLanguage\":\"en-US\",\"@id\":\"https:\/\/ratatamkids.com\/en\/produit\/balle-rebondissante-marbree-hibou-57-mm-rose\/#primaryimage\",\"url\":\"https:\/\/ratatamkids.com\/wp-content\/uploads\/2024\/09\/BRH-069-BALLE-REBONDISSANTE-MARBREE-ROSE.png\",\"contentUrl\":\"https:\/\/ratatamkids.com\/wp-content\/uploads\/2024\/09\/BRH-069-BALLE-REBONDISSANTE-MARBREE-ROSE.png\",\"width\":1404,\"height\":1404,\"caption\":\"BALLE REBONDISSANTE HIBOU MARBRE ROSE 57 MM POUR ENFANT RATATAM\"},{\"@type\":\"BreadcrumbList\",\"@id\":\"https:\/\/ratatamkids.com\/en\/produit\/balle-rebondissante-marbree-hibou-57-mm-rose\/#breadcrumb\",\"itemListElement\":[{\"@type\":\"ListItem\",\"position\":1,\"name\":\"Accueil\",\"item\":\"https:\/\/ratatamkids.com\/en\/\"},{\"@type\":\"ListItem\",\"position\":2,\"name\":\"Shop\",\"item\":\"https:\/\/ratatamkids.com\/en\/shop\/\"},{\"@type\":\"ListItem\",\"position\":3,\"name\":\"Toys\",\"item\":\"https:\/\/ratatamkids.com\/en\/categorie-produit\/toys\/\"},{\"@type\":\"ListItem\",\"position\":4,\"name\":\"Bouncing balls\",\"item\":\"https:\/\/ratatamkids.com\/en\/categorie-produit\/toys\/bouncing-balls\/\"},{\"@type\":\"ListItem\",\"position\":5,\"name\":\"Balle rebondissante marbr\u00e9e hibou 57 mm &#8211; Rose\"}]},{\"@type\":\"WebSite\",\"@id\":\"https:\/\/ratatamkids.com\/en\/#website\",\"url\":\"https:\/\/ratatamkids.com\/en\/\",\"name\":\"Ratatam Official Website\",\"description\":\"Cool brand for happy kids!\",\"potentialAction\":[{\"@type\":\"SearchAction\",\"target\":{\"@type\":\"EntryPoint\",\"urlTemplate\":\"https:\/\/ratatamkids.com\/en\/?s={search_term_string}\"},\"query-input\":{\"@type\":\"PropertyValueSpecification\",\"valueRequired\":true,\"valueName\":\"search_term_string\"}}],\"inLanguage\":\"en-US\"}]}<\/script>\n<!-- \/ Yoast SEO plugin. -->","yoast_head_json":{"title":"Balle rebondissante marbr\u00e9e hibou 57 mm - Rose - Ratatam Official Website","description":"Coup de coeur pour notre balle rebondissante hibou marbree rose pour enfant ! Livraison offerte en France Metropolitaine.","robots":{"index":"index","follow":"follow","max-snippet":"max-snippet:-1","max-image-preview":"max-image-preview:large","max-video-preview":"max-video-preview:-1"},"canonical":"https:\/\/ratatamkids.com\/en\/produit\/balle-rebondissante-marbree-hibou-57-mm-rose\/","og_locale":"en_US","og_type":"article","og_title":"Balle rebondissante marbr\u00e9e hibou 57 mm - Rose - Ratatam Official Website","og_description":"Coup de coeur pour notre balle rebondissante hibou marbree rose pour enfant ! Livraison offerte en France Metropolitaine.","og_url":"https:\/\/ratatamkids.com\/en\/produit\/balle-rebondissante-marbree-hibou-57-mm-rose\/","og_site_name":"Ratatam Official Website","article_publisher":"https:\/\/www.facebook.com\/Ratatamforhappykids\/","article_modified_time":"2026-03-23T11:22:39+00:00","og_image":[{"width":1404,"height":1404,"url":"https:\/\/ratatamkids.com\/wp-content\/uploads\/2024\/09\/BRH-069-BALLE-REBONDISSANTE-MARBREE-ROSE.png","type":"image\/png"}],"twitter_card":"summary_large_image","twitter_misc":{"Est. reading time":"1 minute"},"schema":{"@context":"https:\/\/schema.org","@graph":[{"@type":"WebPage","@id":"https:\/\/ratatamkids.com\/en\/produit\/balle-rebondissante-marbree-hibou-57-mm-rose\/","url":"https:\/\/ratatamkids.com\/en\/produit\/balle-rebondissante-marbree-hibou-57-mm-rose\/","name":"Balle rebondissante marbr\u00e9e hibou 57 mm - Rose - Ratatam Official Website","isPartOf":{"@id":"https:\/\/ratatamkids.com\/en\/#website"},"primaryImageOfPage":{"@id":"https:\/\/ratatamkids.com\/en\/produit\/balle-rebondissante-marbree-hibou-57-mm-rose\/#primaryimage"},"image":{"@id":"https:\/\/ratatamkids.com\/en\/produit\/balle-rebondissante-marbree-hibou-57-mm-rose\/#primaryimage"},"thumbnailUrl":"https:\/\/ratatamkids.com\/wp-content\/uploads\/2024\/09\/BRH-069-BALLE-REBONDISSANTE-MARBREE-ROSE.png","datePublished":"2024-09-13T13:28:05+00:00","dateModified":"2026-03-23T11:22:39+00:00","description":"Coup de coeur pour notre balle rebondissante hibou marbree rose pour enfant ! Livraison offerte en France Metropolitaine.","breadcrumb":{"@id":"https:\/\/ratatamkids.com\/en\/produit\/balle-rebondissante-marbree-hibou-57-mm-rose\/#breadcrumb"},"inLanguage":"en-US","potentialAction":[{"@type":"ReadAction","target":["https:\/\/ratatamkids.com\/en\/produit\/balle-rebondissante-marbree-hibou-57-mm-rose\/"]}]},{"@type":"ImageObject","inLanguage":"en-US","@id":"https:\/\/ratatamkids.com\/en\/produit\/balle-rebondissante-marbree-hibou-57-mm-rose\/#primaryimage","url":"https:\/\/ratatamkids.com\/wp-content\/uploads\/2024\/09\/BRH-069-BALLE-REBONDISSANTE-MARBREE-ROSE.png","contentUrl":"https:\/\/ratatamkids.com\/wp-content\/uploads\/2024\/09\/BRH-069-BALLE-REBONDISSANTE-MARBREE-ROSE.png","width":1404,"height":1404,"caption":"BALLE REBONDISSANTE HIBOU MARBRE ROSE 57 MM POUR ENFANT RATATAM"},{"@type":"BreadcrumbList","@id":"https:\/\/ratatamkids.com\/en\/produit\/balle-rebondissante-marbree-hibou-57-mm-rose\/#breadcrumb","itemListElement":[{"@type":"ListItem","position":1,"name":"Accueil","item":"https:\/\/ratatamkids.com\/en\/"},{"@type":"ListItem","position":2,"name":"Shop","item":"https:\/\/ratatamkids.com\/en\/shop\/"},{"@type":"ListItem","position":3,"name":"Toys","item":"https:\/\/ratatamkids.com\/en\/categorie-produit\/toys\/"},{"@type":"ListItem","position":4,"name":"Bouncing balls","item":"https:\/\/ratatamkids.com\/en\/categorie-produit\/toys\/bouncing-balls\/"},{"@type":"ListItem","position":5,"name":"Balle rebondissante marbr\u00e9e hibou 57 mm &#8211; Rose"}]},{"@type":"WebSite","@id":"https:\/\/ratatamkids.com\/en\/#website","url":"https:\/\/ratatamkids.com\/en\/","name":"Ratatam Official Website","description":"Cool brand for happy kids!","potentialAction":[{"@type":"SearchAction","target":{"@type":"EntryPoint","urlTemplate":"https:\/\/ratatamkids.com\/en\/?s={search_term_string}"},"query-input":{"@type":"PropertyValueSpecification","valueRequired":true,"valueName":"search_term_string"}}],"inLanguage":"en-US"}]}},"_links":{"self":[{"href":"https:\/\/ratatamkids.com\/en\/wp-json\/wp\/v2\/product\/35276","targetHints":{"allow":["GET"]}}],"collection":[{"href":"https:\/\/ratatamkids.com\/en\/wp-json\/wp\/v2\/product"}],"about":[{"href":"https:\/\/ratatamkids.com\/en\/wp-json\/wp\/v2\/types\/product"}],"replies":[{"embeddable":true,"href":"https:\/\/ratatamkids.com\/en\/wp-json\/wp\/v2\/comments?post=35276"}],"wp:featuredmedia":[{"embeddable":true,"href":"https:\/\/ratatamkids.com\/en\/wp-json\/wp\/v2\/media\/37351"}],"wp:attachment":[{"href":"https:\/\/ratatamkids.com\/en\/wp-json\/wp\/v2\/media?parent=35276"}],"wp:term":[{"taxonomy":"product_brand","embeddable":true,"href":"https:\/\/ratatamkids.com\/en\/wp-json\/wp\/v2\/product_brand?post=35276"},{"taxonomy":"product_cat","embeddable":true,"href":"https:\/\/ratatamkids.com\/en\/wp-json\/wp\/v2\/product_cat?post=35276"},{"taxonomy":"product_tag","embeddable":true,"href":"https:\/\/ratatamkids.com\/en\/wp-json\/wp\/v2\/product_tag?post=35276"}],"curies":[{"name":"wp","href":"https:\/\/api.w.org\/{rel}","templated":true}]}}