{"id":35262,"date":"2024-09-13T10:18:05","date_gmt":"2024-09-13T08:18:05","guid":{"rendered":"https:\/\/ratatamkids.com\/?post_type=product&#038;p=35262"},"modified":"2026-03-31T17:05:20","modified_gmt":"2026-03-31T15:05:20","slug":"baton-de-majorette-or","status":"publish","type":"product","link":"https:\/\/ratatamkids.com\/en\/produit\/baton-de-majorette-or\/","title":{"rendered":"B\u00e2ton de majorette &#8211; Or"},"content":{"rendered":"<h3><strong>B\u00e2ton de majorette brillant couleur or \u2728<\/strong><\/h3>\n<p><strong>Un accessoire pour briller comme une vraie star !<\/strong><\/p>\n<p>Votre petite majorette en herbe r\u00eave de parader avec style ? Avec ce superbe b\u00e2ton de majorette dor\u00e9, elle va en mettre plein la vue ! \ud83c\udf1f Le b\u00e2ton scintille de mille feux sous la lumi\u00e8re, parfait pour des chor\u00e9graphies pleines de paillettes et d\u2019\u00e9l\u00e9gance. \ud83d\udcab<\/p>\n<p><strong>Pourquoi on l\u2019adore ?<\/strong><\/p>\n<ul>\n<li><strong>Look ultra brillant<\/strong> : une belle finition dor\u00e9e qui fait tourner toutes les t\u00eates !<\/li>\n<li><strong>Facile \u00e0 manipuler<\/strong> : l\u00e9ger et con\u00e7u pour les petites mains agiles, il est parfait pour les figures et les mouvements les plus styl\u00e9s !<\/li>\n<li><strong>Polyvalent<\/strong> : que ce soit pour un spectacle, une f\u00eate ou juste s\u2019amuser dans le jardin, ce b\u00e2ton rendra chaque moment magique ! \ud83c\udf89<\/li>\n<\/ul>\n<p><strong>Et encore mieux&#8230;<\/strong><br \/>\nPour un look 100% majorette, ne manquez pas d&#8217;ajouter <strong>les pompons assortis<\/strong>, disponibles \u00e0 part ! Ils apporteront encore plus de fun et de mouvement \u00e0 chaque tour de b\u00e2ton ! \ud83c\udf80<\/p>\n<p><strong>Pr\u00eate \u00e0 parader ?<\/strong><\/p>\n<p>Le b\u00e2ton de majorette dor\u00e9 attend sa future star pour des heures de danse et de rires ! \ud83d\udc51<\/p>\n<p>\ud83c\udfb6 <strong>En avant la musique !<\/strong><\/p>\n<p>Fabriqu\u00e9 en Chine<\/p>\n<p>Disponible en 2 couleurs: or et violet.<\/p>\n","protected":false},"excerpt":{"rendered":"<p>Votre petite majorette en herbe r\u00eave de parader avec style ?<\/p>\n<p>Avec ce superbe b\u00e2ton de majorette dor\u00e9, elle va en mettre plein la vue ! \ud83c\udf1f<\/p>\n<p>Le b\u00e2ton scintille de mille feux sous la lumi\u00e8re, parfait pour des chor\u00e9graphies pleines de paillettes et d\u2019\u00e9l\u00e9gance. \ud83d\udcab<\/p>\n","protected":false},"featured_media":35566,"comment_status":"open","ping_status":"closed","template":"","meta":{"_acf_changed":false},"product_brand":[],"product_cat":[23],"product_tag":[],"class_list":{"0":"post-35262","1":"product","2":"type-product","3":"status-publish","4":"has-post-thumbnail","6":"product_cat-accessoires","8":"first","9":"instock","10":"taxable","11":"shipping-taxable","12":"purchasable","13":"product-type-simple"},"acf":[],"yoast_head":"<!-- This site is optimized with the Yoast SEO plugin v25.4 - https:\/\/yoast.com\/wordpress\/plugins\/seo\/ -->\n<title>B\u00e2ton de majorette - Or - Ratatam Official Website<\/title>\n<meta name=\"description\" content=\"Baton de majorette couleur or pour enfants. Ajoutez y les pompons pour plus de fun. Livraison offerte France Metropolitaine.\" \/>\n<meta name=\"robots\" content=\"index, follow, max-snippet:-1, max-image-preview:large, max-video-preview:-1\" \/>\n<link rel=\"canonical\" href=\"https:\/\/ratatamkids.com\/en\/produit\/baton-de-majorette-or\/\" \/>\n<meta property=\"og:locale\" content=\"en_US\" \/>\n<meta property=\"og:type\" content=\"article\" \/>\n<meta property=\"og:title\" content=\"B\u00e2ton de majorette - Or - Ratatam Official Website\" \/>\n<meta property=\"og:description\" content=\"Baton de majorette couleur or pour enfants. Ajoutez y les pompons pour plus de fun. Livraison offerte France Metropolitaine.\" \/>\n<meta property=\"og:url\" content=\"https:\/\/ratatamkids.com\/en\/produit\/baton-de-majorette-or\/\" \/>\n<meta property=\"og:site_name\" content=\"Ratatam Official Website\" \/>\n<meta property=\"article:publisher\" content=\"https:\/\/www.facebook.com\/Ratatamforhappykids\/\" \/>\n<meta property=\"article:modified_time\" content=\"2026-03-31T15:05:20+00:00\" \/>\n<meta property=\"og:image\" content=\"https:\/\/ratatamkids.com\/wp-content\/uploads\/2024\/09\/MS-010-BATON-DE-MAJORETTE-OR-.jpg\" \/>\n\t<meta property=\"og:image:width\" content=\"800\" \/>\n\t<meta property=\"og:image:height\" content=\"800\" \/>\n\t<meta property=\"og:image:type\" content=\"image\/jpeg\" \/>\n<meta name=\"twitter:card\" content=\"summary_large_image\" \/>\n<meta name=\"twitter:label1\" content=\"Est. reading time\" \/>\n\t<meta name=\"twitter:data1\" content=\"2 minutes\" \/>\n<script type=\"application\/ld+json\" class=\"yoast-schema-graph\">{\"@context\":\"https:\/\/schema.org\",\"@graph\":[{\"@type\":\"WebPage\",\"@id\":\"https:\/\/ratatamkids.com\/en\/produit\/baton-de-majorette-or\/\",\"url\":\"https:\/\/ratatamkids.com\/en\/produit\/baton-de-majorette-or\/\",\"name\":\"B\u00e2ton de majorette - Or - Ratatam Official Website\",\"isPartOf\":{\"@id\":\"https:\/\/ratatamkids.com\/en\/#website\"},\"primaryImageOfPage\":{\"@id\":\"https:\/\/ratatamkids.com\/en\/produit\/baton-de-majorette-or\/#primaryimage\"},\"image\":{\"@id\":\"https:\/\/ratatamkids.com\/en\/produit\/baton-de-majorette-or\/#primaryimage\"},\"thumbnailUrl\":\"https:\/\/ratatamkids.com\/wp-content\/uploads\/2024\/09\/MS-010-BATON-DE-MAJORETTE-OR-.jpg\",\"datePublished\":\"2024-09-13T08:18:05+00:00\",\"dateModified\":\"2026-03-31T15:05:20+00:00\",\"description\":\"Baton de majorette couleur or pour enfants. Ajoutez y les pompons pour plus de fun. Livraison offerte France Metropolitaine.\",\"breadcrumb\":{\"@id\":\"https:\/\/ratatamkids.com\/en\/produit\/baton-de-majorette-or\/#breadcrumb\"},\"inLanguage\":\"en-US\",\"potentialAction\":[{\"@type\":\"ReadAction\",\"target\":[\"https:\/\/ratatamkids.com\/en\/produit\/baton-de-majorette-or\/\"]}]},{\"@type\":\"ImageObject\",\"inLanguage\":\"en-US\",\"@id\":\"https:\/\/ratatamkids.com\/en\/produit\/baton-de-majorette-or\/#primaryimage\",\"url\":\"https:\/\/ratatamkids.com\/wp-content\/uploads\/2024\/09\/MS-010-BATON-DE-MAJORETTE-OR-.jpg\",\"contentUrl\":\"https:\/\/ratatamkids.com\/wp-content\/uploads\/2024\/09\/MS-010-BATON-DE-MAJORETTE-OR-.jpg\",\"width\":800,\"height\":800,\"caption\":\"BATON DE MAJORETTE OR POUR ENFANTS RATATAM KIDS\"},{\"@type\":\"BreadcrumbList\",\"@id\":\"https:\/\/ratatamkids.com\/en\/produit\/baton-de-majorette-or\/#breadcrumb\",\"itemListElement\":[{\"@type\":\"ListItem\",\"position\":1,\"name\":\"Accueil\",\"item\":\"https:\/\/ratatamkids.com\/en\/\"},{\"@type\":\"ListItem\",\"position\":2,\"name\":\"Shop\",\"item\":\"https:\/\/ratatamkids.com\/en\/shop\/\"},{\"@type\":\"ListItem\",\"position\":3,\"name\":\"Black Week\",\"item\":\"https:\/\/ratatamkids.com\/en\/categorie-produit\/black-week\/\"},{\"@type\":\"ListItem\",\"position\":4,\"name\":\"B\u00e2ton de majorette &#8211; Or\"}]},{\"@type\":\"WebSite\",\"@id\":\"https:\/\/ratatamkids.com\/en\/#website\",\"url\":\"https:\/\/ratatamkids.com\/en\/\",\"name\":\"Ratatam Official Website\",\"description\":\"Cool brand for happy kids!\",\"potentialAction\":[{\"@type\":\"SearchAction\",\"target\":{\"@type\":\"EntryPoint\",\"urlTemplate\":\"https:\/\/ratatamkids.com\/en\/?s={search_term_string}\"},\"query-input\":{\"@type\":\"PropertyValueSpecification\",\"valueRequired\":true,\"valueName\":\"search_term_string\"}}],\"inLanguage\":\"en-US\"}]}<\/script>\n<!-- \/ Yoast SEO plugin. -->","yoast_head_json":{"title":"B\u00e2ton de majorette - Or - Ratatam Official Website","description":"Baton de majorette couleur or pour enfants. Ajoutez y les pompons pour plus de fun. Livraison offerte France Metropolitaine.","robots":{"index":"index","follow":"follow","max-snippet":"max-snippet:-1","max-image-preview":"max-image-preview:large","max-video-preview":"max-video-preview:-1"},"canonical":"https:\/\/ratatamkids.com\/en\/produit\/baton-de-majorette-or\/","og_locale":"en_US","og_type":"article","og_title":"B\u00e2ton de majorette - Or - Ratatam Official Website","og_description":"Baton de majorette couleur or pour enfants. Ajoutez y les pompons pour plus de fun. Livraison offerte France Metropolitaine.","og_url":"https:\/\/ratatamkids.com\/en\/produit\/baton-de-majorette-or\/","og_site_name":"Ratatam Official Website","article_publisher":"https:\/\/www.facebook.com\/Ratatamforhappykids\/","article_modified_time":"2026-03-31T15:05:20+00:00","og_image":[{"width":800,"height":800,"url":"https:\/\/ratatamkids.com\/wp-content\/uploads\/2024\/09\/MS-010-BATON-DE-MAJORETTE-OR-.jpg","type":"image\/jpeg"}],"twitter_card":"summary_large_image","twitter_misc":{"Est. reading time":"2 minutes"},"schema":{"@context":"https:\/\/schema.org","@graph":[{"@type":"WebPage","@id":"https:\/\/ratatamkids.com\/en\/produit\/baton-de-majorette-or\/","url":"https:\/\/ratatamkids.com\/en\/produit\/baton-de-majorette-or\/","name":"B\u00e2ton de majorette - Or - Ratatam Official Website","isPartOf":{"@id":"https:\/\/ratatamkids.com\/en\/#website"},"primaryImageOfPage":{"@id":"https:\/\/ratatamkids.com\/en\/produit\/baton-de-majorette-or\/#primaryimage"},"image":{"@id":"https:\/\/ratatamkids.com\/en\/produit\/baton-de-majorette-or\/#primaryimage"},"thumbnailUrl":"https:\/\/ratatamkids.com\/wp-content\/uploads\/2024\/09\/MS-010-BATON-DE-MAJORETTE-OR-.jpg","datePublished":"2024-09-13T08:18:05+00:00","dateModified":"2026-03-31T15:05:20+00:00","description":"Baton de majorette couleur or pour enfants. Ajoutez y les pompons pour plus de fun. Livraison offerte France Metropolitaine.","breadcrumb":{"@id":"https:\/\/ratatamkids.com\/en\/produit\/baton-de-majorette-or\/#breadcrumb"},"inLanguage":"en-US","potentialAction":[{"@type":"ReadAction","target":["https:\/\/ratatamkids.com\/en\/produit\/baton-de-majorette-or\/"]}]},{"@type":"ImageObject","inLanguage":"en-US","@id":"https:\/\/ratatamkids.com\/en\/produit\/baton-de-majorette-or\/#primaryimage","url":"https:\/\/ratatamkids.com\/wp-content\/uploads\/2024\/09\/MS-010-BATON-DE-MAJORETTE-OR-.jpg","contentUrl":"https:\/\/ratatamkids.com\/wp-content\/uploads\/2024\/09\/MS-010-BATON-DE-MAJORETTE-OR-.jpg","width":800,"height":800,"caption":"BATON DE MAJORETTE OR POUR ENFANTS RATATAM KIDS"},{"@type":"BreadcrumbList","@id":"https:\/\/ratatamkids.com\/en\/produit\/baton-de-majorette-or\/#breadcrumb","itemListElement":[{"@type":"ListItem","position":1,"name":"Accueil","item":"https:\/\/ratatamkids.com\/en\/"},{"@type":"ListItem","position":2,"name":"Shop","item":"https:\/\/ratatamkids.com\/en\/shop\/"},{"@type":"ListItem","position":3,"name":"Black Week","item":"https:\/\/ratatamkids.com\/en\/categorie-produit\/black-week\/"},{"@type":"ListItem","position":4,"name":"B\u00e2ton de majorette &#8211; Or"}]},{"@type":"WebSite","@id":"https:\/\/ratatamkids.com\/en\/#website","url":"https:\/\/ratatamkids.com\/en\/","name":"Ratatam Official Website","description":"Cool brand for happy kids!","potentialAction":[{"@type":"SearchAction","target":{"@type":"EntryPoint","urlTemplate":"https:\/\/ratatamkids.com\/en\/?s={search_term_string}"},"query-input":{"@type":"PropertyValueSpecification","valueRequired":true,"valueName":"search_term_string"}}],"inLanguage":"en-US"}]}},"_links":{"self":[{"href":"https:\/\/ratatamkids.com\/en\/wp-json\/wp\/v2\/product\/35262","targetHints":{"allow":["GET"]}}],"collection":[{"href":"https:\/\/ratatamkids.com\/en\/wp-json\/wp\/v2\/product"}],"about":[{"href":"https:\/\/ratatamkids.com\/en\/wp-json\/wp\/v2\/types\/product"}],"replies":[{"embeddable":true,"href":"https:\/\/ratatamkids.com\/en\/wp-json\/wp\/v2\/comments?post=35262"}],"wp:featuredmedia":[{"embeddable":true,"href":"https:\/\/ratatamkids.com\/en\/wp-json\/wp\/v2\/media\/35566"}],"wp:attachment":[{"href":"https:\/\/ratatamkids.com\/en\/wp-json\/wp\/v2\/media?parent=35262"}],"wp:term":[{"taxonomy":"product_brand","embeddable":true,"href":"https:\/\/ratatamkids.com\/en\/wp-json\/wp\/v2\/product_brand?post=35262"},{"taxonomy":"product_cat","embeddable":true,"href":"https:\/\/ratatamkids.com\/en\/wp-json\/wp\/v2\/product_cat?post=35262"},{"taxonomy":"product_tag","embeddable":true,"href":"https:\/\/ratatamkids.com\/en\/wp-json\/wp\/v2\/product_tag?post=35262"}],"curies":[{"name":"wp","href":"https:\/\/api.w.org\/{rel}","templated":true}]}}