{"id":35261,"date":"2024-09-13T10:11:36","date_gmt":"2024-09-13T08:11:36","guid":{"rendered":"https:\/\/ratatamkids.com\/?post_type=product&#038;p=35261"},"modified":"2026-04-20T10:47:32","modified_gmt":"2026-04-20T08:47:32","slug":"set-baguette-couronne-or","status":"publish","type":"product","link":"https:\/\/ratatamkids.com\/en\/produit\/set-baguette-couronne-or\/","title":{"rendered":"Set baguette + couronne &#8211; Or"},"content":{"rendered":"<p data-sourcepos=\"5:1-5:58\">Deviens le roi (ou la reine) de ton ch\u00e2teau !<\/p>\n<p data-sourcepos=\"7:1-8:299\">Avec ce magnifique set en or, tu vas r\u00e9gner sur ton royaume avec \u00e9clat !<\/p>\n<p data-sourcepos=\"7:1-8:299\">La couronne dor\u00e9e scintillante te donnera un air majestueux et la baguette magique te permettra de transformer tes sujets en grenouilles&#8230; ou en princes et princesses !<\/p>\n<p data-sourcepos=\"7:1-8:299\">Pr\u00e9pare-toi \u00e0 vivre des aventures royales inoubliables !<\/p>\n<p data-sourcepos=\"7:1-8:299\">Disponibles en 2 couleurs: rose et or<\/p>\n<p data-sourcepos=\"7:1-8:299\">Fabriqu\u00e9 en Chine<\/p>\n","protected":false},"excerpt":{"rendered":"<p>Deviens un roi l\u00e9gendaire avec ce magnifique set en or ! La couronne est orn\u00e9e de pierres pr\u00e9cieuses scintillantes et la baguette magique est finement cisel\u00e9e.<\/p>\n","protected":false},"featured_media":36800,"comment_status":"open","ping_status":"closed","template":"","meta":{"_acf_changed":false},"product_brand":[],"product_cat":[23,233,231],"product_tag":[],"class_list":{"0":"post-35261","1":"product","2":"type-product","3":"status-publish","4":"has-post-thumbnail","6":"product_cat-accessoires","7":"product_cat-accessoires-a-paillettes-ratatam-kids","8":"product_cat-grande-baguette-magique","10":"first","11":"instock","12":"taxable","13":"shipping-taxable","14":"purchasable","15":"product-type-simple"},"acf":[],"yoast_head":"<!-- This site is optimized with the Yoast SEO plugin v25.4 - https:\/\/yoast.com\/wordpress\/plugins\/seo\/ -->\n<title>Set baguette + couronne - Or - Ratatam Official Website<\/title>\n<meta name=\"robots\" content=\"index, follow, max-snippet:-1, max-image-preview:large, max-video-preview:-1\" \/>\n<link rel=\"canonical\" href=\"https:\/\/ratatamkids.com\/en\/produit\/set-baguette-couronne-or\/\" \/>\n<meta property=\"og:locale\" content=\"en_US\" \/>\n<meta property=\"og:type\" content=\"article\" \/>\n<meta property=\"og:title\" content=\"Set baguette + couronne - Or - Ratatam Official Website\" \/>\n<meta property=\"og:description\" content=\"Deviens un roi l\u00e9gendaire avec ce magnifique set en or ! La couronne est orn\u00e9e de pierres pr\u00e9cieuses scintillantes et la baguette magique est finement cisel\u00e9e.\" \/>\n<meta property=\"og:url\" content=\"https:\/\/ratatamkids.com\/en\/produit\/set-baguette-couronne-or\/\" \/>\n<meta property=\"og:site_name\" content=\"Ratatam Official Website\" \/>\n<meta property=\"article:publisher\" content=\"https:\/\/www.facebook.com\/Ratatamforhappykids\/\" \/>\n<meta property=\"article:modified_time\" content=\"2026-04-20T08:47:32+00:00\" \/>\n<meta property=\"og:image\" content=\"https:\/\/ratatamkids.com\/wp-content\/uploads\/2024\/09\/BC066-SET-BAGUETTE-COURONNE-OR-1.jpg\" \/>\n\t<meta property=\"og:image:width\" content=\"2000\" \/>\n\t<meta property=\"og:image:height\" content=\"2000\" \/>\n\t<meta property=\"og:image:type\" content=\"image\/jpeg\" \/>\n<meta name=\"twitter:card\" content=\"summary_large_image\" \/>\n<meta name=\"twitter:label1\" content=\"Est. reading time\" \/>\n\t<meta name=\"twitter:data1\" content=\"1 minute\" \/>\n<script type=\"application\/ld+json\" class=\"yoast-schema-graph\">{\"@context\":\"https:\/\/schema.org\",\"@graph\":[{\"@type\":\"WebPage\",\"@id\":\"https:\/\/ratatamkids.com\/en\/produit\/set-baguette-couronne-or\/\",\"url\":\"https:\/\/ratatamkids.com\/en\/produit\/set-baguette-couronne-or\/\",\"name\":\"Set baguette + couronne - Or - Ratatam Official Website\",\"isPartOf\":{\"@id\":\"https:\/\/ratatamkids.com\/en\/#website\"},\"primaryImageOfPage\":{\"@id\":\"https:\/\/ratatamkids.com\/en\/produit\/set-baguette-couronne-or\/#primaryimage\"},\"image\":{\"@id\":\"https:\/\/ratatamkids.com\/en\/produit\/set-baguette-couronne-or\/#primaryimage\"},\"thumbnailUrl\":\"https:\/\/ratatamkids.com\/wp-content\/uploads\/2024\/09\/BC066-SET-BAGUETTE-COURONNE-OR-1.jpg\",\"datePublished\":\"2024-09-13T08:11:36+00:00\",\"dateModified\":\"2026-04-20T08:47:32+00:00\",\"breadcrumb\":{\"@id\":\"https:\/\/ratatamkids.com\/en\/produit\/set-baguette-couronne-or\/#breadcrumb\"},\"inLanguage\":\"en-US\",\"potentialAction\":[{\"@type\":\"ReadAction\",\"target\":[\"https:\/\/ratatamkids.com\/en\/produit\/set-baguette-couronne-or\/\"]}]},{\"@type\":\"ImageObject\",\"inLanguage\":\"en-US\",\"@id\":\"https:\/\/ratatamkids.com\/en\/produit\/set-baguette-couronne-or\/#primaryimage\",\"url\":\"https:\/\/ratatamkids.com\/wp-content\/uploads\/2024\/09\/BC066-SET-BAGUETTE-COURONNE-OR-1.jpg\",\"contentUrl\":\"https:\/\/ratatamkids.com\/wp-content\/uploads\/2024\/09\/BC066-SET-BAGUETTE-COURONNE-OR-1.jpg\",\"width\":2000,\"height\":2000,\"caption\":\"SET BAGUETTE ET COURONNE OR RATATAM KIDS BC066\"},{\"@type\":\"BreadcrumbList\",\"@id\":\"https:\/\/ratatamkids.com\/en\/produit\/set-baguette-couronne-or\/#breadcrumb\",\"itemListElement\":[{\"@type\":\"ListItem\",\"position\":1,\"name\":\"Accueil\",\"item\":\"https:\/\/ratatamkids.com\/en\/\"},{\"@type\":\"ListItem\",\"position\":2,\"name\":\"Shop\",\"item\":\"https:\/\/ratatamkids.com\/en\/shop\/\"},{\"@type\":\"ListItem\",\"position\":3,\"name\":\"Accessories\",\"item\":\"https:\/\/ratatamkids.com\/en\/categorie-produit\/accessories\/\"},{\"@type\":\"ListItem\",\"position\":4,\"name\":\"Set baguette + couronne &#8211; Or\"}]},{\"@type\":\"WebSite\",\"@id\":\"https:\/\/ratatamkids.com\/en\/#website\",\"url\":\"https:\/\/ratatamkids.com\/en\/\",\"name\":\"Ratatam Official Website\",\"description\":\"Cool brand for happy kids!\",\"potentialAction\":[{\"@type\":\"SearchAction\",\"target\":{\"@type\":\"EntryPoint\",\"urlTemplate\":\"https:\/\/ratatamkids.com\/en\/?s={search_term_string}\"},\"query-input\":{\"@type\":\"PropertyValueSpecification\",\"valueRequired\":true,\"valueName\":\"search_term_string\"}}],\"inLanguage\":\"en-US\"}]}<\/script>\n<!-- \/ Yoast SEO plugin. -->","yoast_head_json":{"title":"Set baguette + couronne - Or - Ratatam Official Website","robots":{"index":"index","follow":"follow","max-snippet":"max-snippet:-1","max-image-preview":"max-image-preview:large","max-video-preview":"max-video-preview:-1"},"canonical":"https:\/\/ratatamkids.com\/en\/produit\/set-baguette-couronne-or\/","og_locale":"en_US","og_type":"article","og_title":"Set baguette + couronne - Or - Ratatam Official Website","og_description":"Deviens un roi l\u00e9gendaire avec ce magnifique set en or ! La couronne est orn\u00e9e de pierres pr\u00e9cieuses scintillantes et la baguette magique est finement cisel\u00e9e.","og_url":"https:\/\/ratatamkids.com\/en\/produit\/set-baguette-couronne-or\/","og_site_name":"Ratatam Official Website","article_publisher":"https:\/\/www.facebook.com\/Ratatamforhappykids\/","article_modified_time":"2026-04-20T08:47:32+00:00","og_image":[{"width":2000,"height":2000,"url":"https:\/\/ratatamkids.com\/wp-content\/uploads\/2024\/09\/BC066-SET-BAGUETTE-COURONNE-OR-1.jpg","type":"image\/jpeg"}],"twitter_card":"summary_large_image","twitter_misc":{"Est. reading time":"1 minute"},"schema":{"@context":"https:\/\/schema.org","@graph":[{"@type":"WebPage","@id":"https:\/\/ratatamkids.com\/en\/produit\/set-baguette-couronne-or\/","url":"https:\/\/ratatamkids.com\/en\/produit\/set-baguette-couronne-or\/","name":"Set baguette + couronne - Or - Ratatam Official Website","isPartOf":{"@id":"https:\/\/ratatamkids.com\/en\/#website"},"primaryImageOfPage":{"@id":"https:\/\/ratatamkids.com\/en\/produit\/set-baguette-couronne-or\/#primaryimage"},"image":{"@id":"https:\/\/ratatamkids.com\/en\/produit\/set-baguette-couronne-or\/#primaryimage"},"thumbnailUrl":"https:\/\/ratatamkids.com\/wp-content\/uploads\/2024\/09\/BC066-SET-BAGUETTE-COURONNE-OR-1.jpg","datePublished":"2024-09-13T08:11:36+00:00","dateModified":"2026-04-20T08:47:32+00:00","breadcrumb":{"@id":"https:\/\/ratatamkids.com\/en\/produit\/set-baguette-couronne-or\/#breadcrumb"},"inLanguage":"en-US","potentialAction":[{"@type":"ReadAction","target":["https:\/\/ratatamkids.com\/en\/produit\/set-baguette-couronne-or\/"]}]},{"@type":"ImageObject","inLanguage":"en-US","@id":"https:\/\/ratatamkids.com\/en\/produit\/set-baguette-couronne-or\/#primaryimage","url":"https:\/\/ratatamkids.com\/wp-content\/uploads\/2024\/09\/BC066-SET-BAGUETTE-COURONNE-OR-1.jpg","contentUrl":"https:\/\/ratatamkids.com\/wp-content\/uploads\/2024\/09\/BC066-SET-BAGUETTE-COURONNE-OR-1.jpg","width":2000,"height":2000,"caption":"SET BAGUETTE ET COURONNE OR RATATAM KIDS BC066"},{"@type":"BreadcrumbList","@id":"https:\/\/ratatamkids.com\/en\/produit\/set-baguette-couronne-or\/#breadcrumb","itemListElement":[{"@type":"ListItem","position":1,"name":"Accueil","item":"https:\/\/ratatamkids.com\/en\/"},{"@type":"ListItem","position":2,"name":"Shop","item":"https:\/\/ratatamkids.com\/en\/shop\/"},{"@type":"ListItem","position":3,"name":"Accessories","item":"https:\/\/ratatamkids.com\/en\/categorie-produit\/accessories\/"},{"@type":"ListItem","position":4,"name":"Set baguette + couronne &#8211; Or"}]},{"@type":"WebSite","@id":"https:\/\/ratatamkids.com\/en\/#website","url":"https:\/\/ratatamkids.com\/en\/","name":"Ratatam Official Website","description":"Cool brand for happy kids!","potentialAction":[{"@type":"SearchAction","target":{"@type":"EntryPoint","urlTemplate":"https:\/\/ratatamkids.com\/en\/?s={search_term_string}"},"query-input":{"@type":"PropertyValueSpecification","valueRequired":true,"valueName":"search_term_string"}}],"inLanguage":"en-US"}]}},"_links":{"self":[{"href":"https:\/\/ratatamkids.com\/en\/wp-json\/wp\/v2\/product\/35261","targetHints":{"allow":["GET"]}}],"collection":[{"href":"https:\/\/ratatamkids.com\/en\/wp-json\/wp\/v2\/product"}],"about":[{"href":"https:\/\/ratatamkids.com\/en\/wp-json\/wp\/v2\/types\/product"}],"replies":[{"embeddable":true,"href":"https:\/\/ratatamkids.com\/en\/wp-json\/wp\/v2\/comments?post=35261"}],"wp:featuredmedia":[{"embeddable":true,"href":"https:\/\/ratatamkids.com\/en\/wp-json\/wp\/v2\/media\/36800"}],"wp:attachment":[{"href":"https:\/\/ratatamkids.com\/en\/wp-json\/wp\/v2\/media?parent=35261"}],"wp:term":[{"taxonomy":"product_brand","embeddable":true,"href":"https:\/\/ratatamkids.com\/en\/wp-json\/wp\/v2\/product_brand?post=35261"},{"taxonomy":"product_cat","embeddable":true,"href":"https:\/\/ratatamkids.com\/en\/wp-json\/wp\/v2\/product_cat?post=35261"},{"taxonomy":"product_tag","embeddable":true,"href":"https:\/\/ratatamkids.com\/en\/wp-json\/wp\/v2\/product_tag?post=35261"}],"curies":[{"name":"wp","href":"https:\/\/api.w.org\/{rel}","templated":true}]}}