{"id":35260,"date":"2024-09-13T10:10:10","date_gmt":"2024-09-13T08:10:10","guid":{"rendered":"https:\/\/ratatamkids.com\/?post_type=product&#038;p=35260"},"modified":"2026-04-17T08:18:44","modified_gmt":"2026-04-17T06:18:44","slug":"set-baguette-couronne-rose","status":"publish","type":"product","link":"https:\/\/ratatamkids.com\/en\/produit\/set-baguette-couronne-rose\/","title":{"rendered":"Set baguette + couronne &#8211; Rose"},"content":{"rendered":"<p data-sourcepos=\"5:1-5:43\">Deviens une vraie princesse ! \u2728<\/p>\n<p data-sourcepos=\"7:1-8:367\">Mets ta plus belle robe et pr\u00e9pare-toi \u00e0 r\u00e9gner sur ton royaume !<\/p>\n<p data-sourcepos=\"7:1-8:367\">Avec ce magnifique set couronne et baguette, tu seras la princesse la plus \u00e9blouissante de toutes. La couronne scintillante et la baguette magique rose te donneront des pouvoirs incroyables pour r\u00e9aliser tous tes r\u00eaves.<\/p>\n<p data-sourcepos=\"7:1-8:367\">Alors, pr\u00eate \u00e0 vivre des aventures royales ?<\/p>\n<p data-sourcepos=\"7:1-8:367\">Dispo en 2 couleurs: or et rose<\/p>\n<p data-sourcepos=\"7:1-8:367\">Fabriqu\u00e9 en Chine<\/p>\n","protected":false},"excerpt":{"rendered":"<p>Deviens une princesse des \u00e9toiles ! \u2728 Cette magnifique couronne scintillante et cette baguette magique rose (ou dor\u00e9e) sont parfaites pour les petites reines qui aiment r\u00eaver. La couronne est l\u00e9g\u00e8re et confortable, id\u00e9ale pour les petites t\u00eates.<\/p>\n","protected":false},"featured_media":36806,"comment_status":"open","ping_status":"closed","template":"","meta":{"_acf_changed":false},"product_brand":[],"product_cat":[557,23,233,231],"product_tag":[],"class_list":{"0":"post-35260","1":"product","2":"type-product","3":"status-publish","4":"has-post-thumbnail","6":"product_cat-black-week","7":"product_cat-accessoires","8":"product_cat-accessoires-a-paillettes-ratatam-kids","9":"product_cat-grande-baguette-magique","11":"first","12":"instock","13":"taxable","14":"shipping-taxable","15":"purchasable","16":"product-type-simple"},"acf":[],"yoast_head":"<!-- This site is optimized with the Yoast SEO plugin v25.4 - https:\/\/yoast.com\/wordpress\/plugins\/seo\/ -->\n<title>Set baguette + couronne - Rose - Ratatam Official Website<\/title>\n<meta name=\"robots\" content=\"index, follow, max-snippet:-1, max-image-preview:large, max-video-preview:-1\" \/>\n<link rel=\"canonical\" href=\"https:\/\/ratatamkids.com\/en\/produit\/set-baguette-couronne-rose\/\" \/>\n<meta property=\"og:locale\" content=\"en_US\" \/>\n<meta property=\"og:type\" content=\"article\" \/>\n<meta property=\"og:title\" content=\"Set baguette + couronne - Rose - Ratatam Official Website\" \/>\n<meta property=\"og:description\" content=\"Deviens une princesse des \u00e9toiles ! \u2728 Cette magnifique couronne scintillante et cette baguette magique rose (ou dor\u00e9e) sont parfaites pour les petites reines qui aiment r\u00eaver. La couronne est l\u00e9g\u00e8re et confortable, id\u00e9ale pour les petites t\u00eates.\" \/>\n<meta property=\"og:url\" content=\"https:\/\/ratatamkids.com\/en\/produit\/set-baguette-couronne-rose\/\" \/>\n<meta property=\"og:site_name\" content=\"Ratatam Official Website\" \/>\n<meta property=\"article:publisher\" content=\"https:\/\/www.facebook.com\/Ratatamforhappykids\/\" \/>\n<meta property=\"article:modified_time\" content=\"2026-04-17T06:18:44+00:00\" \/>\n<meta property=\"og:image\" content=\"https:\/\/ratatamkids.com\/wp-content\/uploads\/2024\/09\/BC056-SET-BAGUETTE-COURONNE-ROSE-1.jpg\" \/>\n\t<meta property=\"og:image:width\" content=\"2000\" \/>\n\t<meta property=\"og:image:height\" content=\"2000\" \/>\n\t<meta property=\"og:image:type\" content=\"image\/jpeg\" \/>\n<meta name=\"twitter:card\" content=\"summary_large_image\" \/>\n<meta name=\"twitter:label1\" content=\"Est. reading time\" \/>\n\t<meta name=\"twitter:data1\" content=\"1 minute\" \/>\n<script type=\"application\/ld+json\" class=\"yoast-schema-graph\">{\"@context\":\"https:\/\/schema.org\",\"@graph\":[{\"@type\":\"WebPage\",\"@id\":\"https:\/\/ratatamkids.com\/en\/produit\/set-baguette-couronne-rose\/\",\"url\":\"https:\/\/ratatamkids.com\/en\/produit\/set-baguette-couronne-rose\/\",\"name\":\"Set baguette + couronne - Rose - Ratatam Official Website\",\"isPartOf\":{\"@id\":\"https:\/\/ratatamkids.com\/en\/#website\"},\"primaryImageOfPage\":{\"@id\":\"https:\/\/ratatamkids.com\/en\/produit\/set-baguette-couronne-rose\/#primaryimage\"},\"image\":{\"@id\":\"https:\/\/ratatamkids.com\/en\/produit\/set-baguette-couronne-rose\/#primaryimage\"},\"thumbnailUrl\":\"https:\/\/ratatamkids.com\/wp-content\/uploads\/2024\/09\/BC056-SET-BAGUETTE-COURONNE-ROSE-1.jpg\",\"datePublished\":\"2024-09-13T08:10:10+00:00\",\"dateModified\":\"2026-04-17T06:18:44+00:00\",\"breadcrumb\":{\"@id\":\"https:\/\/ratatamkids.com\/en\/produit\/set-baguette-couronne-rose\/#breadcrumb\"},\"inLanguage\":\"en-US\",\"potentialAction\":[{\"@type\":\"ReadAction\",\"target\":[\"https:\/\/ratatamkids.com\/en\/produit\/set-baguette-couronne-rose\/\"]}]},{\"@type\":\"ImageObject\",\"inLanguage\":\"en-US\",\"@id\":\"https:\/\/ratatamkids.com\/en\/produit\/set-baguette-couronne-rose\/#primaryimage\",\"url\":\"https:\/\/ratatamkids.com\/wp-content\/uploads\/2024\/09\/BC056-SET-BAGUETTE-COURONNE-ROSE-1.jpg\",\"contentUrl\":\"https:\/\/ratatamkids.com\/wp-content\/uploads\/2024\/09\/BC056-SET-BAGUETTE-COURONNE-ROSE-1.jpg\",\"width\":2000,\"height\":2000,\"caption\":\"SET BAGUETTE ET COURONNE ROSE RATATAM KIDS BC056\"},{\"@type\":\"BreadcrumbList\",\"@id\":\"https:\/\/ratatamkids.com\/en\/produit\/set-baguette-couronne-rose\/#breadcrumb\",\"itemListElement\":[{\"@type\":\"ListItem\",\"position\":1,\"name\":\"Accueil\",\"item\":\"https:\/\/ratatamkids.com\/en\/\"},{\"@type\":\"ListItem\",\"position\":2,\"name\":\"Shop\",\"item\":\"https:\/\/ratatamkids.com\/en\/shop\/\"},{\"@type\":\"ListItem\",\"position\":3,\"name\":\"Accessories\",\"item\":\"https:\/\/ratatamkids.com\/en\/categorie-produit\/accessories\/\"},{\"@type\":\"ListItem\",\"position\":4,\"name\":\"Set baguette + couronne &#8211; Rose\"}]},{\"@type\":\"WebSite\",\"@id\":\"https:\/\/ratatamkids.com\/en\/#website\",\"url\":\"https:\/\/ratatamkids.com\/en\/\",\"name\":\"Ratatam Official Website\",\"description\":\"Cool brand for happy kids!\",\"potentialAction\":[{\"@type\":\"SearchAction\",\"target\":{\"@type\":\"EntryPoint\",\"urlTemplate\":\"https:\/\/ratatamkids.com\/en\/?s={search_term_string}\"},\"query-input\":{\"@type\":\"PropertyValueSpecification\",\"valueRequired\":true,\"valueName\":\"search_term_string\"}}],\"inLanguage\":\"en-US\"}]}<\/script>\n<!-- \/ Yoast SEO plugin. -->","yoast_head_json":{"title":"Set baguette + couronne - Rose - Ratatam Official Website","robots":{"index":"index","follow":"follow","max-snippet":"max-snippet:-1","max-image-preview":"max-image-preview:large","max-video-preview":"max-video-preview:-1"},"canonical":"https:\/\/ratatamkids.com\/en\/produit\/set-baguette-couronne-rose\/","og_locale":"en_US","og_type":"article","og_title":"Set baguette + couronne - Rose - Ratatam Official Website","og_description":"Deviens une princesse des \u00e9toiles ! \u2728 Cette magnifique couronne scintillante et cette baguette magique rose (ou dor\u00e9e) sont parfaites pour les petites reines qui aiment r\u00eaver. La couronne est l\u00e9g\u00e8re et confortable, id\u00e9ale pour les petites t\u00eates.","og_url":"https:\/\/ratatamkids.com\/en\/produit\/set-baguette-couronne-rose\/","og_site_name":"Ratatam Official Website","article_publisher":"https:\/\/www.facebook.com\/Ratatamforhappykids\/","article_modified_time":"2026-04-17T06:18:44+00:00","og_image":[{"width":2000,"height":2000,"url":"https:\/\/ratatamkids.com\/wp-content\/uploads\/2024\/09\/BC056-SET-BAGUETTE-COURONNE-ROSE-1.jpg","type":"image\/jpeg"}],"twitter_card":"summary_large_image","twitter_misc":{"Est. reading time":"1 minute"},"schema":{"@context":"https:\/\/schema.org","@graph":[{"@type":"WebPage","@id":"https:\/\/ratatamkids.com\/en\/produit\/set-baguette-couronne-rose\/","url":"https:\/\/ratatamkids.com\/en\/produit\/set-baguette-couronne-rose\/","name":"Set baguette + couronne - Rose - Ratatam Official Website","isPartOf":{"@id":"https:\/\/ratatamkids.com\/en\/#website"},"primaryImageOfPage":{"@id":"https:\/\/ratatamkids.com\/en\/produit\/set-baguette-couronne-rose\/#primaryimage"},"image":{"@id":"https:\/\/ratatamkids.com\/en\/produit\/set-baguette-couronne-rose\/#primaryimage"},"thumbnailUrl":"https:\/\/ratatamkids.com\/wp-content\/uploads\/2024\/09\/BC056-SET-BAGUETTE-COURONNE-ROSE-1.jpg","datePublished":"2024-09-13T08:10:10+00:00","dateModified":"2026-04-17T06:18:44+00:00","breadcrumb":{"@id":"https:\/\/ratatamkids.com\/en\/produit\/set-baguette-couronne-rose\/#breadcrumb"},"inLanguage":"en-US","potentialAction":[{"@type":"ReadAction","target":["https:\/\/ratatamkids.com\/en\/produit\/set-baguette-couronne-rose\/"]}]},{"@type":"ImageObject","inLanguage":"en-US","@id":"https:\/\/ratatamkids.com\/en\/produit\/set-baguette-couronne-rose\/#primaryimage","url":"https:\/\/ratatamkids.com\/wp-content\/uploads\/2024\/09\/BC056-SET-BAGUETTE-COURONNE-ROSE-1.jpg","contentUrl":"https:\/\/ratatamkids.com\/wp-content\/uploads\/2024\/09\/BC056-SET-BAGUETTE-COURONNE-ROSE-1.jpg","width":2000,"height":2000,"caption":"SET BAGUETTE ET COURONNE ROSE RATATAM KIDS BC056"},{"@type":"BreadcrumbList","@id":"https:\/\/ratatamkids.com\/en\/produit\/set-baguette-couronne-rose\/#breadcrumb","itemListElement":[{"@type":"ListItem","position":1,"name":"Accueil","item":"https:\/\/ratatamkids.com\/en\/"},{"@type":"ListItem","position":2,"name":"Shop","item":"https:\/\/ratatamkids.com\/en\/shop\/"},{"@type":"ListItem","position":3,"name":"Accessories","item":"https:\/\/ratatamkids.com\/en\/categorie-produit\/accessories\/"},{"@type":"ListItem","position":4,"name":"Set baguette + couronne &#8211; Rose"}]},{"@type":"WebSite","@id":"https:\/\/ratatamkids.com\/en\/#website","url":"https:\/\/ratatamkids.com\/en\/","name":"Ratatam Official Website","description":"Cool brand for happy kids!","potentialAction":[{"@type":"SearchAction","target":{"@type":"EntryPoint","urlTemplate":"https:\/\/ratatamkids.com\/en\/?s={search_term_string}"},"query-input":{"@type":"PropertyValueSpecification","valueRequired":true,"valueName":"search_term_string"}}],"inLanguage":"en-US"}]}},"_links":{"self":[{"href":"https:\/\/ratatamkids.com\/en\/wp-json\/wp\/v2\/product\/35260","targetHints":{"allow":["GET"]}}],"collection":[{"href":"https:\/\/ratatamkids.com\/en\/wp-json\/wp\/v2\/product"}],"about":[{"href":"https:\/\/ratatamkids.com\/en\/wp-json\/wp\/v2\/types\/product"}],"replies":[{"embeddable":true,"href":"https:\/\/ratatamkids.com\/en\/wp-json\/wp\/v2\/comments?post=35260"}],"wp:featuredmedia":[{"embeddable":true,"href":"https:\/\/ratatamkids.com\/en\/wp-json\/wp\/v2\/media\/36806"}],"wp:attachment":[{"href":"https:\/\/ratatamkids.com\/en\/wp-json\/wp\/v2\/media?parent=35260"}],"wp:term":[{"taxonomy":"product_brand","embeddable":true,"href":"https:\/\/ratatamkids.com\/en\/wp-json\/wp\/v2\/product_brand?post=35260"},{"taxonomy":"product_cat","embeddable":true,"href":"https:\/\/ratatamkids.com\/en\/wp-json\/wp\/v2\/product_cat?post=35260"},{"taxonomy":"product_tag","embeddable":true,"href":"https:\/\/ratatamkids.com\/en\/wp-json\/wp\/v2\/product_tag?post=35260"}],"curies":[{"name":"wp","href":"https:\/\/api.w.org\/{rel}","templated":true}]}}