{"id":35258,"date":"2024-09-13T10:04:29","date_gmt":"2024-09-13T08:04:29","guid":{"rendered":"https:\/\/ratatamkids.com\/?post_type=product&#038;p=35258"},"modified":"2026-03-03T10:54:26","modified_gmt":"2026-03-03T09:54:26","slug":"balle-tissus-bebe-10-cm-moutarde","status":"publish","type":"product","link":"https:\/\/ratatamkids.com\/en\/produit\/balle-tissus-bebe-10-cm-moutarde\/","title":{"rendered":"Balle tissus b\u00e9b\u00e9 10 cm &#8211; moutarde"},"content":{"rendered":"<h1 data-sourcepos=\"5:1-5:61\">La petite boule de soleil moutarde pour b\u00e9b\u00e9 ! \u2600\ufe0f<\/h1>\n<p data-sourcepos=\"9:1-9:324\">Imaginez le sourire de votre b\u00e9b\u00e9 en serrant cette adorable balle toute douce dans ses petites mains ! \u2728<\/p>\n<p data-sourcepos=\"9:1-9:324\">Notre balle en tissu 100% coton, d&#8217;un jaune moutarde \u00e9clatant, est parfaite pour \u00e9veiller les sens de votre tout-petit.<\/p>\n<p data-sourcepos=\"9:1-9:324\">Avec ses couleurs vives et sa texture agr\u00e9able, elle deviendra rapidement son nouveau meilleur ami.<\/p>\n<ul data-sourcepos=\"11:1-16:0\">\n<li data-sourcepos=\"11:1-16:0\"><strong>Pourquoi votre b\u00e9b\u00e9 va l&#8217;adorer ?<\/strong>\n<ul data-sourcepos=\"12:5-16:0\">\n<li data-sourcepos=\"12:5-12:98\"><strong>Douceur extr\u00eame :<\/strong> Parfaite pour les petites bouches qui aiment tout mettre \u00e0 la bouche !<\/li>\n<li data-sourcepos=\"13:5-13:61\"><strong>Couleurs vives :<\/strong> Stimule la vision et la curiosit\u00e9.<\/li>\n<li data-sourcepos=\"14:5-14:69\"><strong>Texture agr\u00e9able :<\/strong> D\u00e9veloppe le toucher et la coordination.<\/li>\n<li data-sourcepos=\"15:5-16:0\"><strong>100% coton :<\/strong> Naturelle et douce pour la peau.<\/li>\n<\/ul>\n<\/li>\n<\/ul>\n<p data-sourcepos=\"17:1-17:37\">Fabriqu\u00e9 en Chine<\/p>\n<p data-sourcepos=\"17:1-17:37\">100% Coton<\/p>\n<p data-sourcepos=\"17:1-17:37\">Disponible en moutarde et rose.<\/p>\n","protected":false},"excerpt":{"rendered":"<p>Cette balle en tissu de 10 cm est le compagnon de jeu parfait pour votre b\u00e9b\u00e9.<\/p>\n<p>Fabriqu\u00e9e \u00e0 partir de coton 100% naturel, elle est douce, l\u00e9g\u00e8re et facile \u00e0 saisir.<\/p>\n","protected":false},"featured_media":36795,"comment_status":"open","ping_status":"closed","template":"","meta":{"_acf_changed":false},"product_brand":[],"product_cat":[19,190,24],"product_tag":[],"class_list":{"0":"post-35258","1":"product","2":"type-product","3":"status-publish","4":"has-post-thumbnail","6":"product_cat-ballons","7":"product_cat-ballons-tissus","8":"product_cat-jouets","10":"first","11":"instock","12":"taxable","13":"shipping-taxable","14":"purchasable","15":"product-type-simple"},"acf":[],"yoast_head":"<!-- This site is optimized with the Yoast SEO plugin v25.4 - https:\/\/yoast.com\/wordpress\/plugins\/seo\/ -->\n<title>Balle tissus b\u00e9b\u00e9 10 cm - moutarde - Ratatam Official Website<\/title>\n<meta name=\"description\" content=\"Balle b\u00e9b\u00e9 en tissu 100% coton couleur moutarde. Jouets et balles pour enfants et touts petits. Livraison offerte en France Metropolitaine\" \/>\n<meta name=\"robots\" content=\"index, follow, max-snippet:-1, max-image-preview:large, max-video-preview:-1\" \/>\n<link rel=\"canonical\" href=\"https:\/\/ratatamkids.com\/en\/produit\/balle-tissus-bebe-10-cm-moutarde\/\" \/>\n<meta property=\"og:locale\" content=\"en_US\" \/>\n<meta property=\"og:type\" content=\"article\" \/>\n<meta property=\"og:title\" content=\"Balle tissus b\u00e9b\u00e9 10 cm - moutarde - Ratatam Official Website\" \/>\n<meta property=\"og:description\" content=\"Balle b\u00e9b\u00e9 en tissu 100% coton couleur moutarde. Jouets et balles pour enfants et touts petits. Livraison offerte en France Metropolitaine\" \/>\n<meta property=\"og:url\" content=\"https:\/\/ratatamkids.com\/en\/produit\/balle-tissus-bebe-10-cm-moutarde\/\" \/>\n<meta property=\"og:site_name\" content=\"Ratatam Official Website\" \/>\n<meta property=\"article:publisher\" content=\"https:\/\/www.facebook.com\/Ratatamforhappykids\/\" \/>\n<meta property=\"article:modified_time\" content=\"2026-03-03T09:54:26+00:00\" \/>\n<meta property=\"og:image\" content=\"https:\/\/ratatamkids.com\/wp-content\/uploads\/2024\/09\/BC10-J021-BALLON-BEBE-MULTICO-MOUTARDE-2.jpg\" \/>\n\t<meta property=\"og:image:width\" content=\"2000\" \/>\n\t<meta property=\"og:image:height\" content=\"2000\" \/>\n\t<meta property=\"og:image:type\" content=\"image\/jpeg\" \/>\n<meta name=\"twitter:card\" content=\"summary_large_image\" \/>\n<meta name=\"twitter:label1\" content=\"Est. reading time\" \/>\n\t<meta name=\"twitter:data1\" content=\"1 minute\" \/>\n<script type=\"application\/ld+json\" class=\"yoast-schema-graph\">{\"@context\":\"https:\/\/schema.org\",\"@graph\":[{\"@type\":\"WebPage\",\"@id\":\"https:\/\/ratatamkids.com\/en\/produit\/balle-tissus-bebe-10-cm-moutarde\/\",\"url\":\"https:\/\/ratatamkids.com\/en\/produit\/balle-tissus-bebe-10-cm-moutarde\/\",\"name\":\"Balle tissus b\u00e9b\u00e9 10 cm - moutarde - Ratatam Official Website\",\"isPartOf\":{\"@id\":\"https:\/\/ratatamkids.com\/en\/#website\"},\"primaryImageOfPage\":{\"@id\":\"https:\/\/ratatamkids.com\/en\/produit\/balle-tissus-bebe-10-cm-moutarde\/#primaryimage\"},\"image\":{\"@id\":\"https:\/\/ratatamkids.com\/en\/produit\/balle-tissus-bebe-10-cm-moutarde\/#primaryimage\"},\"thumbnailUrl\":\"https:\/\/ratatamkids.com\/wp-content\/uploads\/2024\/09\/BC10-J021-BALLON-BEBE-MULTICO-MOUTARDE-2.jpg\",\"datePublished\":\"2024-09-13T08:04:29+00:00\",\"dateModified\":\"2026-03-03T09:54:26+00:00\",\"description\":\"Balle b\u00e9b\u00e9 en tissu 100% coton couleur moutarde. Jouets et balles pour enfants et touts petits. Livraison offerte en France Metropolitaine\",\"breadcrumb\":{\"@id\":\"https:\/\/ratatamkids.com\/en\/produit\/balle-tissus-bebe-10-cm-moutarde\/#breadcrumb\"},\"inLanguage\":\"en-US\",\"potentialAction\":[{\"@type\":\"ReadAction\",\"target\":[\"https:\/\/ratatamkids.com\/en\/produit\/balle-tissus-bebe-10-cm-moutarde\/\"]}]},{\"@type\":\"ImageObject\",\"inLanguage\":\"en-US\",\"@id\":\"https:\/\/ratatamkids.com\/en\/produit\/balle-tissus-bebe-10-cm-moutarde\/#primaryimage\",\"url\":\"https:\/\/ratatamkids.com\/wp-content\/uploads\/2024\/09\/BC10-J021-BALLON-BEBE-MULTICO-MOUTARDE-2.jpg\",\"contentUrl\":\"https:\/\/ratatamkids.com\/wp-content\/uploads\/2024\/09\/BC10-J021-BALLON-BEBE-MULTICO-MOUTARDE-2.jpg\",\"width\":2000,\"height\":2000,\"caption\":\"BALLE TISSU BEBE MOUTARDE RATATAM KIDS BC10-J021\"},{\"@type\":\"BreadcrumbList\",\"@id\":\"https:\/\/ratatamkids.com\/en\/produit\/balle-tissus-bebe-10-cm-moutarde\/#breadcrumb\",\"itemListElement\":[{\"@type\":\"ListItem\",\"position\":1,\"name\":\"Accueil\",\"item\":\"https:\/\/ratatamkids.com\/en\/\"},{\"@type\":\"ListItem\",\"position\":2,\"name\":\"Shop\",\"item\":\"https:\/\/ratatamkids.com\/en\/shop\/\"},{\"@type\":\"ListItem\",\"position\":3,\"name\":\"Balloons\",\"item\":\"https:\/\/ratatamkids.com\/en\/categorie-produit\/balloons\/\"},{\"@type\":\"ListItem\",\"position\":4,\"name\":\"Balloons Fabrics\",\"item\":\"https:\/\/ratatamkids.com\/en\/categorie-produit\/balloons\/balloons-fabrics\/\"},{\"@type\":\"ListItem\",\"position\":5,\"name\":\"Balle tissus b\u00e9b\u00e9 10 cm &#8211; moutarde\"}]},{\"@type\":\"WebSite\",\"@id\":\"https:\/\/ratatamkids.com\/en\/#website\",\"url\":\"https:\/\/ratatamkids.com\/en\/\",\"name\":\"Ratatam Official Website\",\"description\":\"Cool brand for happy kids!\",\"potentialAction\":[{\"@type\":\"SearchAction\",\"target\":{\"@type\":\"EntryPoint\",\"urlTemplate\":\"https:\/\/ratatamkids.com\/en\/?s={search_term_string}\"},\"query-input\":{\"@type\":\"PropertyValueSpecification\",\"valueRequired\":true,\"valueName\":\"search_term_string\"}}],\"inLanguage\":\"en-US\"}]}<\/script>\n<!-- \/ Yoast SEO plugin. -->","yoast_head_json":{"title":"Balle tissus b\u00e9b\u00e9 10 cm - moutarde - Ratatam Official Website","description":"Balle b\u00e9b\u00e9 en tissu 100% coton couleur moutarde. Jouets et balles pour enfants et touts petits. Livraison offerte en France Metropolitaine","robots":{"index":"index","follow":"follow","max-snippet":"max-snippet:-1","max-image-preview":"max-image-preview:large","max-video-preview":"max-video-preview:-1"},"canonical":"https:\/\/ratatamkids.com\/en\/produit\/balle-tissus-bebe-10-cm-moutarde\/","og_locale":"en_US","og_type":"article","og_title":"Balle tissus b\u00e9b\u00e9 10 cm - moutarde - Ratatam Official Website","og_description":"Balle b\u00e9b\u00e9 en tissu 100% coton couleur moutarde. Jouets et balles pour enfants et touts petits. Livraison offerte en France Metropolitaine","og_url":"https:\/\/ratatamkids.com\/en\/produit\/balle-tissus-bebe-10-cm-moutarde\/","og_site_name":"Ratatam Official Website","article_publisher":"https:\/\/www.facebook.com\/Ratatamforhappykids\/","article_modified_time":"2026-03-03T09:54:26+00:00","og_image":[{"width":2000,"height":2000,"url":"https:\/\/ratatamkids.com\/wp-content\/uploads\/2024\/09\/BC10-J021-BALLON-BEBE-MULTICO-MOUTARDE-2.jpg","type":"image\/jpeg"}],"twitter_card":"summary_large_image","twitter_misc":{"Est. reading time":"1 minute"},"schema":{"@context":"https:\/\/schema.org","@graph":[{"@type":"WebPage","@id":"https:\/\/ratatamkids.com\/en\/produit\/balle-tissus-bebe-10-cm-moutarde\/","url":"https:\/\/ratatamkids.com\/en\/produit\/balle-tissus-bebe-10-cm-moutarde\/","name":"Balle tissus b\u00e9b\u00e9 10 cm - moutarde - Ratatam Official Website","isPartOf":{"@id":"https:\/\/ratatamkids.com\/en\/#website"},"primaryImageOfPage":{"@id":"https:\/\/ratatamkids.com\/en\/produit\/balle-tissus-bebe-10-cm-moutarde\/#primaryimage"},"image":{"@id":"https:\/\/ratatamkids.com\/en\/produit\/balle-tissus-bebe-10-cm-moutarde\/#primaryimage"},"thumbnailUrl":"https:\/\/ratatamkids.com\/wp-content\/uploads\/2024\/09\/BC10-J021-BALLON-BEBE-MULTICO-MOUTARDE-2.jpg","datePublished":"2024-09-13T08:04:29+00:00","dateModified":"2026-03-03T09:54:26+00:00","description":"Balle b\u00e9b\u00e9 en tissu 100% coton couleur moutarde. Jouets et balles pour enfants et touts petits. Livraison offerte en France Metropolitaine","breadcrumb":{"@id":"https:\/\/ratatamkids.com\/en\/produit\/balle-tissus-bebe-10-cm-moutarde\/#breadcrumb"},"inLanguage":"en-US","potentialAction":[{"@type":"ReadAction","target":["https:\/\/ratatamkids.com\/en\/produit\/balle-tissus-bebe-10-cm-moutarde\/"]}]},{"@type":"ImageObject","inLanguage":"en-US","@id":"https:\/\/ratatamkids.com\/en\/produit\/balle-tissus-bebe-10-cm-moutarde\/#primaryimage","url":"https:\/\/ratatamkids.com\/wp-content\/uploads\/2024\/09\/BC10-J021-BALLON-BEBE-MULTICO-MOUTARDE-2.jpg","contentUrl":"https:\/\/ratatamkids.com\/wp-content\/uploads\/2024\/09\/BC10-J021-BALLON-BEBE-MULTICO-MOUTARDE-2.jpg","width":2000,"height":2000,"caption":"BALLE TISSU BEBE MOUTARDE RATATAM KIDS BC10-J021"},{"@type":"BreadcrumbList","@id":"https:\/\/ratatamkids.com\/en\/produit\/balle-tissus-bebe-10-cm-moutarde\/#breadcrumb","itemListElement":[{"@type":"ListItem","position":1,"name":"Accueil","item":"https:\/\/ratatamkids.com\/en\/"},{"@type":"ListItem","position":2,"name":"Shop","item":"https:\/\/ratatamkids.com\/en\/shop\/"},{"@type":"ListItem","position":3,"name":"Balloons","item":"https:\/\/ratatamkids.com\/en\/categorie-produit\/balloons\/"},{"@type":"ListItem","position":4,"name":"Balloons Fabrics","item":"https:\/\/ratatamkids.com\/en\/categorie-produit\/balloons\/balloons-fabrics\/"},{"@type":"ListItem","position":5,"name":"Balle tissus b\u00e9b\u00e9 10 cm &#8211; moutarde"}]},{"@type":"WebSite","@id":"https:\/\/ratatamkids.com\/en\/#website","url":"https:\/\/ratatamkids.com\/en\/","name":"Ratatam Official Website","description":"Cool brand for happy kids!","potentialAction":[{"@type":"SearchAction","target":{"@type":"EntryPoint","urlTemplate":"https:\/\/ratatamkids.com\/en\/?s={search_term_string}"},"query-input":{"@type":"PropertyValueSpecification","valueRequired":true,"valueName":"search_term_string"}}],"inLanguage":"en-US"}]}},"_links":{"self":[{"href":"https:\/\/ratatamkids.com\/en\/wp-json\/wp\/v2\/product\/35258","targetHints":{"allow":["GET"]}}],"collection":[{"href":"https:\/\/ratatamkids.com\/en\/wp-json\/wp\/v2\/product"}],"about":[{"href":"https:\/\/ratatamkids.com\/en\/wp-json\/wp\/v2\/types\/product"}],"replies":[{"embeddable":true,"href":"https:\/\/ratatamkids.com\/en\/wp-json\/wp\/v2\/comments?post=35258"}],"wp:featuredmedia":[{"embeddable":true,"href":"https:\/\/ratatamkids.com\/en\/wp-json\/wp\/v2\/media\/36795"}],"wp:attachment":[{"href":"https:\/\/ratatamkids.com\/en\/wp-json\/wp\/v2\/media?parent=35258"}],"wp:term":[{"taxonomy":"product_brand","embeddable":true,"href":"https:\/\/ratatamkids.com\/en\/wp-json\/wp\/v2\/product_brand?post=35258"},{"taxonomy":"product_cat","embeddable":true,"href":"https:\/\/ratatamkids.com\/en\/wp-json\/wp\/v2\/product_cat?post=35258"},{"taxonomy":"product_tag","embeddable":true,"href":"https:\/\/ratatamkids.com\/en\/wp-json\/wp\/v2\/product_tag?post=35258"}],"curies":[{"name":"wp","href":"https:\/\/api.w.org\/{rel}","templated":true}]}}