{"id":35137,"date":"2024-09-07T16:20:15","date_gmt":"2024-09-07T14:20:15","guid":{"rendered":"https:\/\/ratatamkids.com\/?post_type=product&#038;p=35137"},"modified":"2026-04-01T11:05:05","modified_gmt":"2026-04-01T09:05:05","slug":"la-cape-holographique-a-franges-corail","status":"publish","type":"product","link":"https:\/\/ratatamkids.com\/en\/produit\/la-cape-holographique-a-franges-corail\/","title":{"rendered":"La cape holographique \u00e0 franges &#8211; Corail"},"content":{"rendered":"<div class=\"relative flex w-[calc(100%-50px)] flex-col gap-1 md:gap-3 lg:w-[calc(100%-115px)]\">\n<div class=\"flex flex-grow flex-col gap-3\">\n<div class=\"min-h-[20px] flex items-start overflow-x-auto whitespace-pre-wrap break-words flex-col gap-4\">\n<div class=\"markdown prose w-full break-words dark:prose-invert light\">\n<p data-sourcepos=\"5:1-5:306\"><strong>Lib\u00e9rez la super-h\u00e9ro\u00efne (ou le super-h\u00e9ros) qui sommeille en vous !<\/strong><\/p>\n<p data-sourcepos=\"5:1-5:306\">\u00a0Avec notre cape holographique corail, votre enfant va voler de ses propres ailes et sauver le monde (ou du moins, sa chambre). Franges scintillantes et sequins magiques : le combo gagnant pour des aventures extraordinaires !<\/p>\n<p><strong>Un personnage tout droit sorti d\u2019un conte f\u00e9erique<\/strong>. Les moments de jeu seront remplis de plaisir et d\u2019aventure avec cette cape scintillante qui stimule la cr\u00e9ativit\u00e9.<\/p>\n<\/div>\n<\/div>\n<\/div>\n<\/div>\n<p>De l\u2019encolure au bas de la cape: 48 cm<\/p>\n<p><strong>Taille unique<\/strong><\/p>\n<p><strong>Id\u00e9al de 3 \u00e0 10 ans<\/strong><\/p>\n<p>Polyester et coton.<\/p>\n<p>Fabriqu\u00e9 en Chine.<\/p>\n<p>Disponible en corail, violet et or!<\/p>\n","protected":false},"excerpt":{"rendered":"<div class=\"woocommerce-product-details__short-description mb-2.5\">\n<p>La cape holographique CORAIL!<\/p>\n<p>Transformez votre enfant en boule \u00e0 facettes!<\/p>\n<p>L\u2019 effet \u00ab\u00a0Wahouuuuu\u00a0\u00bb est garanti avec cette cape qui brille et illumine!<\/p>\n<p>La cape est appliqu\u00e9e de sequins franges holographiques.<\/p>\n<\/div>\n","protected":false},"featured_media":41873,"comment_status":"open","ping_status":"closed","template":"","meta":{"_acf_changed":false},"product_brand":[],"product_cat":[490,20,144],"product_tag":[],"class_list":{"0":"post-35137","1":"product","2":"type-product","3":"status-publish","4":"has-post-thumbnail","6":"product_cat-tenues-extraordinaires","7":"product_cat-deguisements","8":"product_cat-capes","10":"first","11":"instock","12":"taxable","13":"shipping-taxable","14":"purchasable","15":"product-type-simple"},"acf":[],"yoast_head":"<!-- This site is optimized with the Yoast SEO plugin v25.4 - https:\/\/yoast.com\/wordpress\/plugins\/seo\/ -->\n<title>La cape holographique \u00e0 franges - Corail - Ratatam Official Website<\/title>\n<meta name=\"robots\" content=\"index, follow, max-snippet:-1, max-image-preview:large, max-video-preview:-1\" \/>\n<link rel=\"canonical\" href=\"https:\/\/ratatamkids.com\/en\/produit\/la-cape-holographique-a-franges-corail\/\" \/>\n<meta property=\"og:locale\" content=\"en_US\" \/>\n<meta property=\"og:type\" content=\"article\" \/>\n<meta property=\"og:title\" content=\"La cape holographique \u00e0 franges - Corail - Ratatam Official Website\" \/>\n<meta property=\"og:description\" content=\"La cape holographique CORAIL!  Transformez votre enfant en boule \u00e0 facettes!  L\u2019 effet \u00ab\u00a0Wahouuuuu\u00a0\u00bb est garanti avec cette cape qui brille et illumine!  La cape est appliqu\u00e9e de sequins franges holographiques.\" \/>\n<meta property=\"og:url\" content=\"https:\/\/ratatamkids.com\/en\/produit\/la-cape-holographique-a-franges-corail\/\" \/>\n<meta property=\"og:site_name\" content=\"Ratatam Official Website\" \/>\n<meta property=\"article:publisher\" content=\"https:\/\/www.facebook.com\/Ratatamforhappykids\/\" \/>\n<meta property=\"article:modified_time\" content=\"2026-04-01T09:05:05+00:00\" \/>\n<meta property=\"og:image\" content=\"https:\/\/ratatamkids.com\/wp-content\/uploads\/2024\/09\/CAPE-HOLO-ORANGE-LIFESTYLE-3-768x1024.jpg\" \/>\n\t<meta property=\"og:image:width\" content=\"768\" \/>\n\t<meta property=\"og:image:height\" content=\"1024\" \/>\n\t<meta property=\"og:image:type\" content=\"image\/jpeg\" \/>\n<meta name=\"twitter:card\" content=\"summary_large_image\" \/>\n<meta name=\"twitter:label1\" content=\"Est. reading time\" \/>\n\t<meta name=\"twitter:data1\" content=\"1 minute\" \/>\n<script type=\"application\/ld+json\" class=\"yoast-schema-graph\">{\"@context\":\"https:\/\/schema.org\",\"@graph\":[{\"@type\":\"WebPage\",\"@id\":\"https:\/\/ratatamkids.com\/en\/produit\/la-cape-holographique-a-franges-corail\/\",\"url\":\"https:\/\/ratatamkids.com\/en\/produit\/la-cape-holographique-a-franges-corail\/\",\"name\":\"La cape holographique \u00e0 franges - Corail - Ratatam Official Website\",\"isPartOf\":{\"@id\":\"https:\/\/ratatamkids.com\/en\/#website\"},\"primaryImageOfPage\":{\"@id\":\"https:\/\/ratatamkids.com\/en\/produit\/la-cape-holographique-a-franges-corail\/#primaryimage\"},\"image\":{\"@id\":\"https:\/\/ratatamkids.com\/en\/produit\/la-cape-holographique-a-franges-corail\/#primaryimage\"},\"thumbnailUrl\":\"https:\/\/ratatamkids.com\/wp-content\/uploads\/2024\/09\/CAPE-HOLO-ORANGE-LIFESTYLE-3-scaled.jpg\",\"datePublished\":\"2024-09-07T14:20:15+00:00\",\"dateModified\":\"2026-04-01T09:05:05+00:00\",\"breadcrumb\":{\"@id\":\"https:\/\/ratatamkids.com\/en\/produit\/la-cape-holographique-a-franges-corail\/#breadcrumb\"},\"inLanguage\":\"en-US\",\"potentialAction\":[{\"@type\":\"ReadAction\",\"target\":[\"https:\/\/ratatamkids.com\/en\/produit\/la-cape-holographique-a-franges-corail\/\"]}]},{\"@type\":\"ImageObject\",\"inLanguage\":\"en-US\",\"@id\":\"https:\/\/ratatamkids.com\/en\/produit\/la-cape-holographique-a-franges-corail\/#primaryimage\",\"url\":\"https:\/\/ratatamkids.com\/wp-content\/uploads\/2024\/09\/CAPE-HOLO-ORANGE-LIFESTYLE-3-scaled.jpg\",\"contentUrl\":\"https:\/\/ratatamkids.com\/wp-content\/uploads\/2024\/09\/CAPE-HOLO-ORANGE-LIFESTYLE-3-scaled.jpg\",\"width\":1920,\"height\":2560,\"caption\":\"CAPE HOLOGRPAHIQUE CORAIL DEGUISEMENT ENFANTS RATATAM\"},{\"@type\":\"BreadcrumbList\",\"@id\":\"https:\/\/ratatamkids.com\/en\/produit\/la-cape-holographique-a-franges-corail\/#breadcrumb\",\"itemListElement\":[{\"@type\":\"ListItem\",\"position\":1,\"name\":\"Accueil\",\"item\":\"https:\/\/ratatamkids.com\/en\/\"},{\"@type\":\"ListItem\",\"position\":2,\"name\":\"Shop\",\"item\":\"https:\/\/ratatamkids.com\/en\/shop\/\"},{\"@type\":\"ListItem\",\"position\":3,\"name\":\"Disguises\",\"item\":\"https:\/\/ratatamkids.com\/en\/categorie-produit\/disguises\/\"},{\"@type\":\"ListItem\",\"position\":4,\"name\":\"Capes\",\"item\":\"https:\/\/ratatamkids.com\/en\/categorie-produit\/disguises\/capes-en\/\"},{\"@type\":\"ListItem\",\"position\":5,\"name\":\"La cape holographique \u00e0 franges &#8211; Corail\"}]},{\"@type\":\"WebSite\",\"@id\":\"https:\/\/ratatamkids.com\/en\/#website\",\"url\":\"https:\/\/ratatamkids.com\/en\/\",\"name\":\"Ratatam Official Website\",\"description\":\"Cool brand for happy kids!\",\"potentialAction\":[{\"@type\":\"SearchAction\",\"target\":{\"@type\":\"EntryPoint\",\"urlTemplate\":\"https:\/\/ratatamkids.com\/en\/?s={search_term_string}\"},\"query-input\":{\"@type\":\"PropertyValueSpecification\",\"valueRequired\":true,\"valueName\":\"search_term_string\"}}],\"inLanguage\":\"en-US\"}]}<\/script>\n<!-- \/ Yoast SEO plugin. -->","yoast_head_json":{"title":"La cape holographique \u00e0 franges - Corail - Ratatam Official Website","robots":{"index":"index","follow":"follow","max-snippet":"max-snippet:-1","max-image-preview":"max-image-preview:large","max-video-preview":"max-video-preview:-1"},"canonical":"https:\/\/ratatamkids.com\/en\/produit\/la-cape-holographique-a-franges-corail\/","og_locale":"en_US","og_type":"article","og_title":"La cape holographique \u00e0 franges - Corail - Ratatam Official Website","og_description":"La cape holographique CORAIL!  Transformez votre enfant en boule \u00e0 facettes!  L\u2019 effet \u00ab\u00a0Wahouuuuu\u00a0\u00bb est garanti avec cette cape qui brille et illumine!  La cape est appliqu\u00e9e de sequins franges holographiques.","og_url":"https:\/\/ratatamkids.com\/en\/produit\/la-cape-holographique-a-franges-corail\/","og_site_name":"Ratatam Official Website","article_publisher":"https:\/\/www.facebook.com\/Ratatamforhappykids\/","article_modified_time":"2026-04-01T09:05:05+00:00","og_image":[{"width":768,"height":1024,"url":"https:\/\/ratatamkids.com\/wp-content\/uploads\/2024\/09\/CAPE-HOLO-ORANGE-LIFESTYLE-3-768x1024.jpg","type":"image\/jpeg"}],"twitter_card":"summary_large_image","twitter_misc":{"Est. reading time":"1 minute"},"schema":{"@context":"https:\/\/schema.org","@graph":[{"@type":"WebPage","@id":"https:\/\/ratatamkids.com\/en\/produit\/la-cape-holographique-a-franges-corail\/","url":"https:\/\/ratatamkids.com\/en\/produit\/la-cape-holographique-a-franges-corail\/","name":"La cape holographique \u00e0 franges - Corail - Ratatam Official Website","isPartOf":{"@id":"https:\/\/ratatamkids.com\/en\/#website"},"primaryImageOfPage":{"@id":"https:\/\/ratatamkids.com\/en\/produit\/la-cape-holographique-a-franges-corail\/#primaryimage"},"image":{"@id":"https:\/\/ratatamkids.com\/en\/produit\/la-cape-holographique-a-franges-corail\/#primaryimage"},"thumbnailUrl":"https:\/\/ratatamkids.com\/wp-content\/uploads\/2024\/09\/CAPE-HOLO-ORANGE-LIFESTYLE-3-scaled.jpg","datePublished":"2024-09-07T14:20:15+00:00","dateModified":"2026-04-01T09:05:05+00:00","breadcrumb":{"@id":"https:\/\/ratatamkids.com\/en\/produit\/la-cape-holographique-a-franges-corail\/#breadcrumb"},"inLanguage":"en-US","potentialAction":[{"@type":"ReadAction","target":["https:\/\/ratatamkids.com\/en\/produit\/la-cape-holographique-a-franges-corail\/"]}]},{"@type":"ImageObject","inLanguage":"en-US","@id":"https:\/\/ratatamkids.com\/en\/produit\/la-cape-holographique-a-franges-corail\/#primaryimage","url":"https:\/\/ratatamkids.com\/wp-content\/uploads\/2024\/09\/CAPE-HOLO-ORANGE-LIFESTYLE-3-scaled.jpg","contentUrl":"https:\/\/ratatamkids.com\/wp-content\/uploads\/2024\/09\/CAPE-HOLO-ORANGE-LIFESTYLE-3-scaled.jpg","width":1920,"height":2560,"caption":"CAPE HOLOGRPAHIQUE CORAIL DEGUISEMENT ENFANTS RATATAM"},{"@type":"BreadcrumbList","@id":"https:\/\/ratatamkids.com\/en\/produit\/la-cape-holographique-a-franges-corail\/#breadcrumb","itemListElement":[{"@type":"ListItem","position":1,"name":"Accueil","item":"https:\/\/ratatamkids.com\/en\/"},{"@type":"ListItem","position":2,"name":"Shop","item":"https:\/\/ratatamkids.com\/en\/shop\/"},{"@type":"ListItem","position":3,"name":"Disguises","item":"https:\/\/ratatamkids.com\/en\/categorie-produit\/disguises\/"},{"@type":"ListItem","position":4,"name":"Capes","item":"https:\/\/ratatamkids.com\/en\/categorie-produit\/disguises\/capes-en\/"},{"@type":"ListItem","position":5,"name":"La cape holographique \u00e0 franges &#8211; Corail"}]},{"@type":"WebSite","@id":"https:\/\/ratatamkids.com\/en\/#website","url":"https:\/\/ratatamkids.com\/en\/","name":"Ratatam Official Website","description":"Cool brand for happy kids!","potentialAction":[{"@type":"SearchAction","target":{"@type":"EntryPoint","urlTemplate":"https:\/\/ratatamkids.com\/en\/?s={search_term_string}"},"query-input":{"@type":"PropertyValueSpecification","valueRequired":true,"valueName":"search_term_string"}}],"inLanguage":"en-US"}]}},"_links":{"self":[{"href":"https:\/\/ratatamkids.com\/en\/wp-json\/wp\/v2\/product\/35137","targetHints":{"allow":["GET"]}}],"collection":[{"href":"https:\/\/ratatamkids.com\/en\/wp-json\/wp\/v2\/product"}],"about":[{"href":"https:\/\/ratatamkids.com\/en\/wp-json\/wp\/v2\/types\/product"}],"replies":[{"embeddable":true,"href":"https:\/\/ratatamkids.com\/en\/wp-json\/wp\/v2\/comments?post=35137"}],"wp:featuredmedia":[{"embeddable":true,"href":"https:\/\/ratatamkids.com\/en\/wp-json\/wp\/v2\/media\/41873"}],"wp:attachment":[{"href":"https:\/\/ratatamkids.com\/en\/wp-json\/wp\/v2\/media?parent=35137"}],"wp:term":[{"taxonomy":"product_brand","embeddable":true,"href":"https:\/\/ratatamkids.com\/en\/wp-json\/wp\/v2\/product_brand?post=35137"},{"taxonomy":"product_cat","embeddable":true,"href":"https:\/\/ratatamkids.com\/en\/wp-json\/wp\/v2\/product_cat?post=35137"},{"taxonomy":"product_tag","embeddable":true,"href":"https:\/\/ratatamkids.com\/en\/wp-json\/wp\/v2\/product_tag?post=35137"}],"curies":[{"name":"wp","href":"https:\/\/api.w.org\/{rel}","templated":true}]}}