{"id":34967,"date":"2024-08-28T08:36:09","date_gmt":"2024-08-28T06:36:09","guid":{"rendered":"https:\/\/ratatamkids.com\/?post_type=product&#038;p=34967"},"modified":"2026-02-09T22:40:39","modified_gmt":"2026-02-09T21:40:39","slug":"ballon-sauteur-violet","status":"publish","type":"product","link":"https:\/\/ratatamkids.com\/en\/produit\/ballon-sauteur-violet\/","title":{"rendered":"Ballon sauteur &#8211; Violet"},"content":{"rendered":"<h1><strong>Bondis avec \u00e9clat avec notre Ballon Sauteur Violet \u00e0 Paillettes Ratatam Kids ! \u2728<\/strong><\/h1>\n<p>Pr\u00eat(e) \u00e0 sauter dans un tourbillon de paillettes et de fun ? Laisse-toi s\u00e9duire par notre fabuleux <strong>Ballon Sauteur Violet \u00e0 Paillettes<\/strong>, con\u00e7u en France avec tout l&#8217;amour de Ratatam ! Gr\u00e2ce \u00e0 son design \u00e9tincelant et son mat\u00e9riau s\u00fbr, il est parfait pour t&#8217;amuser tout en scintillant de mille feux ! \ud83c\udf1f<\/p>\n<p><strong>Caract\u00e9ristiques :<\/strong><\/p>\n<ul>\n<li><strong>Fabriqu\u00e9 en France<\/strong> avec soin et magie.<\/li>\n<li><strong>Violet \u00e0 paillettes<\/strong> pour un effet waouh garanti \u00e0 chaque saut !<\/li>\n<li><strong>PVC sans phtalates<\/strong>, pour un jeu fun et sans danger.<\/li>\n<li><strong>Livr\u00e9 d\u00e9gonfl\u00e9<\/strong> pour ajouter une touche de suspense&#8230; et encore plus de rires !<\/li>\n<\/ul>\n<p><strong>Astuce scintillante de Ratatam Kids<\/strong> : Pas besoin de devenir un dragon pour le gonfler ! Suis notre tuto facile, et en un rien de temps, ton ballon sera pr\u00eat. Pour encore plus de rapidit\u00e9, utilise un gonfleur pour matelas gonflables !<\/p>\n<p>Pr\u00e9pare-toi pour des heures de sauts \u00e9tincelants et de fous rires avec notre <strong>Ballon Sauteur Violet \u00e0 Paillettes Ratatam Kids<\/strong> ! \ud83c\udf08<\/p>\n<p><strong>Dimensions<\/strong> : Gonfl\u00e9, ton ballon peut atteindre environ 40 cm de circonf\u00e9rence pour des sauts encore plus grandioses ! \ud83c\udf89<\/p>\n<p>Pour faciliter le gonflage des ballons sauteurs, nous recommandons de les conserver \u00e0 une temp\u00e9rature ambiante d\u2019au moins 20\u202f\u00b0C, afin de d\u00e9tendre la mati\u00e8re<\/p>\n<p><em>Les ballons fabrication artisanale peuvent entra\u00eener de l\u00e9g\u00e8res variations de couleurs d&#8217;une s\u00e9rie \u00e0 l&#8217;autre.<\/em><\/p>\n","protected":false},"excerpt":{"rendered":"<p>Saute et brille avec le Ballon Sauteur Violet \u00e0 Paillettes Ratatam Kids !<\/p>\n<p>Con\u00e7u en France, s\u00fbr et fun, il promet des heures de rires \u00e9tincelants. \ud83c\udf1f<\/p>\n","protected":false},"featured_media":36812,"comment_status":"open","ping_status":"closed","template":"","meta":{"_acf_changed":false},"product_brand":[],"product_cat":[147,19,174,186],"product_tag":[],"class_list":{"0":"post-34967","1":"product","2":"type-product","3":"status-publish","4":"has-post-thumbnail","6":"product_cat-made-in-france","7":"product_cat-ballons","8":"product_cat-ballons-recycles-ratatam-kids","9":"product_cat-ballons-sauteurs","11":"first","12":"instock","13":"taxable","14":"shipping-taxable","15":"purchasable","16":"product-type-simple"},"acf":[],"yoast_head":"<!-- This site is optimized with the Yoast SEO plugin v25.4 - https:\/\/yoast.com\/wordpress\/plugins\/seo\/ -->\n<title>Ballon sauteur - Violet - Ratatam Official Website<\/title>\n<meta name=\"description\" content=\"Saute et brille avec le Ballon Sauteur Violet \u00e0 Paillettes Ratatam Kids ! Con\u00e7u en France, s\u00fbr et fun, il promet des heures de rires \u00e9tincelants. \ud83c\udf1f\" \/>\n<meta name=\"robots\" content=\"index, follow, max-snippet:-1, max-image-preview:large, max-video-preview:-1\" \/>\n<link rel=\"canonical\" href=\"https:\/\/ratatamkids.com\/en\/produit\/ballon-sauteur-violet\/\" \/>\n<meta property=\"og:locale\" content=\"en_US\" \/>\n<meta property=\"og:type\" content=\"article\" \/>\n<meta property=\"og:title\" content=\"Ballon sauteur - Violet - Ratatam Official Website\" \/>\n<meta property=\"og:description\" content=\"Saute et brille avec le Ballon Sauteur Violet \u00e0 Paillettes Ratatam Kids ! Con\u00e7u en France, s\u00fbr et fun, il promet des heures de rires \u00e9tincelants. \ud83c\udf1f\" \/>\n<meta property=\"og:url\" content=\"https:\/\/ratatamkids.com\/en\/produit\/ballon-sauteur-violet\/\" \/>\n<meta property=\"og:site_name\" content=\"Ratatam Official Website\" \/>\n<meta property=\"article:publisher\" content=\"https:\/\/www.facebook.com\/Ratatamforhappykids\/\" \/>\n<meta property=\"article:modified_time\" content=\"2026-02-09T21:40:39+00:00\" \/>\n<meta property=\"og:image\" content=\"https:\/\/ratatamkids.com\/wp-content\/uploads\/2024\/08\/BS-010-BALLON-SAUTEUR-VIOLET.jpg\" \/>\n\t<meta property=\"og:image:width\" content=\"2000\" \/>\n\t<meta property=\"og:image:height\" content=\"2000\" \/>\n\t<meta property=\"og:image:type\" content=\"image\/jpeg\" \/>\n<meta name=\"twitter:card\" content=\"summary_large_image\" \/>\n<meta name=\"twitter:label1\" content=\"Est. reading time\" \/>\n\t<meta name=\"twitter:data1\" content=\"2 minutes\" \/>\n<script type=\"application\/ld+json\" class=\"yoast-schema-graph\">{\"@context\":\"https:\/\/schema.org\",\"@graph\":[{\"@type\":\"WebPage\",\"@id\":\"https:\/\/ratatamkids.com\/en\/produit\/ballon-sauteur-violet\/\",\"url\":\"https:\/\/ratatamkids.com\/en\/produit\/ballon-sauteur-violet\/\",\"name\":\"Ballon sauteur - Violet - Ratatam Official Website\",\"isPartOf\":{\"@id\":\"https:\/\/ratatamkids.com\/en\/#website\"},\"primaryImageOfPage\":{\"@id\":\"https:\/\/ratatamkids.com\/en\/produit\/ballon-sauteur-violet\/#primaryimage\"},\"image\":{\"@id\":\"https:\/\/ratatamkids.com\/en\/produit\/ballon-sauteur-violet\/#primaryimage\"},\"thumbnailUrl\":\"https:\/\/ratatamkids.com\/wp-content\/uploads\/2024\/08\/BS-010-BALLON-SAUTEUR-VIOLET.jpg\",\"datePublished\":\"2024-08-28T06:36:09+00:00\",\"dateModified\":\"2026-02-09T21:40:39+00:00\",\"description\":\"Saute et brille avec le Ballon Sauteur Violet \u00e0 Paillettes Ratatam Kids ! Con\u00e7u en France, s\u00fbr et fun, il promet des heures de rires \u00e9tincelants. \ud83c\udf1f\",\"breadcrumb\":{\"@id\":\"https:\/\/ratatamkids.com\/en\/produit\/ballon-sauteur-violet\/#breadcrumb\"},\"inLanguage\":\"en-US\",\"potentialAction\":[{\"@type\":\"ReadAction\",\"target\":[\"https:\/\/ratatamkids.com\/en\/produit\/ballon-sauteur-violet\/\"]}]},{\"@type\":\"ImageObject\",\"inLanguage\":\"en-US\",\"@id\":\"https:\/\/ratatamkids.com\/en\/produit\/ballon-sauteur-violet\/#primaryimage\",\"url\":\"https:\/\/ratatamkids.com\/wp-content\/uploads\/2024\/08\/BS-010-BALLON-SAUTEUR-VIOLET.jpg\",\"contentUrl\":\"https:\/\/ratatamkids.com\/wp-content\/uploads\/2024\/08\/BS-010-BALLON-SAUTEUR-VIOLET.jpg\",\"width\":2000,\"height\":2000,\"caption\":\"BALLON SAUTEUR VIOLET POUR ENFANTS BS-010 RATATAM KIDS\"},{\"@type\":\"BreadcrumbList\",\"@id\":\"https:\/\/ratatamkids.com\/en\/produit\/ballon-sauteur-violet\/#breadcrumb\",\"itemListElement\":[{\"@type\":\"ListItem\",\"position\":1,\"name\":\"Accueil\",\"item\":\"https:\/\/ratatamkids.com\/en\/\"},{\"@type\":\"ListItem\",\"position\":2,\"name\":\"Shop\",\"item\":\"https:\/\/ratatamkids.com\/en\/shop\/\"},{\"@type\":\"ListItem\",\"position\":3,\"name\":\"Balloons\",\"item\":\"https:\/\/ratatamkids.com\/en\/categorie-produit\/balloons\/\"},{\"@type\":\"ListItem\",\"position\":4,\"name\":\"Recycled balloons\",\"item\":\"https:\/\/ratatamkids.com\/en\/categorie-produit\/balloons\/recycled-balloons\/\"},{\"@type\":\"ListItem\",\"position\":5,\"name\":\"Ballon sauteur &#8211; Violet\"}]},{\"@type\":\"WebSite\",\"@id\":\"https:\/\/ratatamkids.com\/en\/#website\",\"url\":\"https:\/\/ratatamkids.com\/en\/\",\"name\":\"Ratatam Official Website\",\"description\":\"Cool brand for happy kids!\",\"potentialAction\":[{\"@type\":\"SearchAction\",\"target\":{\"@type\":\"EntryPoint\",\"urlTemplate\":\"https:\/\/ratatamkids.com\/en\/?s={search_term_string}\"},\"query-input\":{\"@type\":\"PropertyValueSpecification\",\"valueRequired\":true,\"valueName\":\"search_term_string\"}}],\"inLanguage\":\"en-US\"}]}<\/script>\n<!-- \/ Yoast SEO plugin. -->","yoast_head_json":{"title":"Ballon sauteur - Violet - Ratatam Official Website","description":"Saute et brille avec le Ballon Sauteur Violet \u00e0 Paillettes Ratatam Kids ! Con\u00e7u en France, s\u00fbr et fun, il promet des heures de rires \u00e9tincelants. \ud83c\udf1f","robots":{"index":"index","follow":"follow","max-snippet":"max-snippet:-1","max-image-preview":"max-image-preview:large","max-video-preview":"max-video-preview:-1"},"canonical":"https:\/\/ratatamkids.com\/en\/produit\/ballon-sauteur-violet\/","og_locale":"en_US","og_type":"article","og_title":"Ballon sauteur - Violet - Ratatam Official Website","og_description":"Saute et brille avec le Ballon Sauteur Violet \u00e0 Paillettes Ratatam Kids ! Con\u00e7u en France, s\u00fbr et fun, il promet des heures de rires \u00e9tincelants. \ud83c\udf1f","og_url":"https:\/\/ratatamkids.com\/en\/produit\/ballon-sauteur-violet\/","og_site_name":"Ratatam Official Website","article_publisher":"https:\/\/www.facebook.com\/Ratatamforhappykids\/","article_modified_time":"2026-02-09T21:40:39+00:00","og_image":[{"width":2000,"height":2000,"url":"https:\/\/ratatamkids.com\/wp-content\/uploads\/2024\/08\/BS-010-BALLON-SAUTEUR-VIOLET.jpg","type":"image\/jpeg"}],"twitter_card":"summary_large_image","twitter_misc":{"Est. reading time":"2 minutes"},"schema":{"@context":"https:\/\/schema.org","@graph":[{"@type":"WebPage","@id":"https:\/\/ratatamkids.com\/en\/produit\/ballon-sauteur-violet\/","url":"https:\/\/ratatamkids.com\/en\/produit\/ballon-sauteur-violet\/","name":"Ballon sauteur - Violet - Ratatam Official Website","isPartOf":{"@id":"https:\/\/ratatamkids.com\/en\/#website"},"primaryImageOfPage":{"@id":"https:\/\/ratatamkids.com\/en\/produit\/ballon-sauteur-violet\/#primaryimage"},"image":{"@id":"https:\/\/ratatamkids.com\/en\/produit\/ballon-sauteur-violet\/#primaryimage"},"thumbnailUrl":"https:\/\/ratatamkids.com\/wp-content\/uploads\/2024\/08\/BS-010-BALLON-SAUTEUR-VIOLET.jpg","datePublished":"2024-08-28T06:36:09+00:00","dateModified":"2026-02-09T21:40:39+00:00","description":"Saute et brille avec le Ballon Sauteur Violet \u00e0 Paillettes Ratatam Kids ! Con\u00e7u en France, s\u00fbr et fun, il promet des heures de rires \u00e9tincelants. \ud83c\udf1f","breadcrumb":{"@id":"https:\/\/ratatamkids.com\/en\/produit\/ballon-sauteur-violet\/#breadcrumb"},"inLanguage":"en-US","potentialAction":[{"@type":"ReadAction","target":["https:\/\/ratatamkids.com\/en\/produit\/ballon-sauteur-violet\/"]}]},{"@type":"ImageObject","inLanguage":"en-US","@id":"https:\/\/ratatamkids.com\/en\/produit\/ballon-sauteur-violet\/#primaryimage","url":"https:\/\/ratatamkids.com\/wp-content\/uploads\/2024\/08\/BS-010-BALLON-SAUTEUR-VIOLET.jpg","contentUrl":"https:\/\/ratatamkids.com\/wp-content\/uploads\/2024\/08\/BS-010-BALLON-SAUTEUR-VIOLET.jpg","width":2000,"height":2000,"caption":"BALLON SAUTEUR VIOLET POUR ENFANTS BS-010 RATATAM KIDS"},{"@type":"BreadcrumbList","@id":"https:\/\/ratatamkids.com\/en\/produit\/ballon-sauteur-violet\/#breadcrumb","itemListElement":[{"@type":"ListItem","position":1,"name":"Accueil","item":"https:\/\/ratatamkids.com\/en\/"},{"@type":"ListItem","position":2,"name":"Shop","item":"https:\/\/ratatamkids.com\/en\/shop\/"},{"@type":"ListItem","position":3,"name":"Balloons","item":"https:\/\/ratatamkids.com\/en\/categorie-produit\/balloons\/"},{"@type":"ListItem","position":4,"name":"Recycled balloons","item":"https:\/\/ratatamkids.com\/en\/categorie-produit\/balloons\/recycled-balloons\/"},{"@type":"ListItem","position":5,"name":"Ballon sauteur &#8211; Violet"}]},{"@type":"WebSite","@id":"https:\/\/ratatamkids.com\/en\/#website","url":"https:\/\/ratatamkids.com\/en\/","name":"Ratatam Official Website","description":"Cool brand for happy kids!","potentialAction":[{"@type":"SearchAction","target":{"@type":"EntryPoint","urlTemplate":"https:\/\/ratatamkids.com\/en\/?s={search_term_string}"},"query-input":{"@type":"PropertyValueSpecification","valueRequired":true,"valueName":"search_term_string"}}],"inLanguage":"en-US"}]}},"_links":{"self":[{"href":"https:\/\/ratatamkids.com\/en\/wp-json\/wp\/v2\/product\/34967","targetHints":{"allow":["GET"]}}],"collection":[{"href":"https:\/\/ratatamkids.com\/en\/wp-json\/wp\/v2\/product"}],"about":[{"href":"https:\/\/ratatamkids.com\/en\/wp-json\/wp\/v2\/types\/product"}],"replies":[{"embeddable":true,"href":"https:\/\/ratatamkids.com\/en\/wp-json\/wp\/v2\/comments?post=34967"}],"wp:featuredmedia":[{"embeddable":true,"href":"https:\/\/ratatamkids.com\/en\/wp-json\/wp\/v2\/media\/36812"}],"wp:attachment":[{"href":"https:\/\/ratatamkids.com\/en\/wp-json\/wp\/v2\/media?parent=34967"}],"wp:term":[{"taxonomy":"product_brand","embeddable":true,"href":"https:\/\/ratatamkids.com\/en\/wp-json\/wp\/v2\/product_brand?post=34967"},{"taxonomy":"product_cat","embeddable":true,"href":"https:\/\/ratatamkids.com\/en\/wp-json\/wp\/v2\/product_cat?post=34967"},{"taxonomy":"product_tag","embeddable":true,"href":"https:\/\/ratatamkids.com\/en\/wp-json\/wp\/v2\/product_tag?post=34967"}],"curies":[{"name":"wp","href":"https:\/\/api.w.org\/{rel}","templated":true}]}}