{"id":34963,"date":"2024-08-28T08:32:01","date_gmt":"2024-08-28T06:32:01","guid":{"rendered":"https:\/\/ratatamkids.com\/?post_type=product&#038;p=34963"},"modified":"2026-04-15T14:34:42","modified_gmt":"2026-04-15T12:34:42","slug":"ballon-mouton-summer-10-cm-vert","status":"publish","type":"product","link":"https:\/\/ratatamkids.com\/en\/produit\/ballon-mouton-summer-10-cm-vert\/","title":{"rendered":"Balle mouton paillet\u00e9e 10 cm &#8211; Vert"},"content":{"rendered":"<p><strong>La balle mouton paillet\u00e9e 10 cm \u2013 Ratatam Kids\u00a0<br data-start=\"144\" data-end=\"147\" \/>Du peps, du fun et des couleurs en format mini ! Les balles paillet\u00e9es de Ratatam Kids (10 cm de bonheur) sont parfaites pour faire la f\u00eate partout : \u00e0 la plage, au parc ou \u00e0 la maison. Ultra l\u00e9geres et faciles \u00e0 manipuler, m\u00eame pour les plus petits, elles promettent des heures de jeu en toute libert\u00e9. Le petit plus ? elles sont emball\u00e9es dans un adorable packaging en kraft mouton, aussi mignon que rigolo ! \u00c0 offrir ou \u00e0 s\u2019offrir, pour un \u00e9t\u00e9 plein de rebondissements Chaque balle de cette gamme est fabriqu\u00e9e de fa\u00e7on artisanale \u00e0 la main, en France. Chaque pi\u00e8ce est donc unique et singuli\u00e8re.<\/strong><\/p>\n<p data-start=\"686\" data-end=\"934\">\u00a0Chaque balle de cette gamme est <strong data-start=\"721\" data-end=\"753\">fabriqu\u00e9e \u00e0 la main en France<\/strong>, de mani\u00e8re artisanale. Chaque pi\u00e8ce est donc <strong data-start=\"800\" data-end=\"824\">unique et singuli\u00e8re<\/strong>.<br data-start=\"825\" data-end=\"828\" \/>De l\u00e9g\u00e8res variations de couleur peuvent appara\u00eetre d\u2019une s\u00e9rie \u00e0 l\u2019autre, pour encore plus de charme.<\/p>\n<p data-start=\"686\" data-end=\"934\"><br data-start=\"825\" data-end=\"828\" \/>\u00a0De l\u00e9g\u00e8res variations de couleur peuvent appara\u00eetre d\u2019une s\u00e9rie \u00e0 l\u2019autre, pour encore plus de charme.<\/p>\n<p data-start=\"936\" data-end=\"965\">\u00a0En <strong data-start=\"942\" data-end=\"964\">PVC sans phtalates<\/strong>.<\/p>\n<p data-start=\"967\" data-end=\"999\">\u00a0Disponible en <strong data-start=\"984\" data-end=\"998\">7 couleurs<\/strong>.<\/p>\n<p data-start=\"1001\" data-end=\"1097\">\u00a0Ratatam Kids vous propose son <strong data-start=\"1034\" data-end=\"1053\">tutoriel ballon<\/strong> pour les gonfler sans stress ni difficult\u00e9.<\/p>\n<p data-start=\"1099\" data-end=\"1158\">\u267b\ufe0f <strong data-start=\"1102\" data-end=\"1132\">Emballage 100 % recyclable<\/strong>, portant le logo Triman<\/p>\n<p data-start=\"1099\" data-end=\"1158\"><img loading=\"lazy\" decoding=\"async\" class=\"sFlh5c FyHeAf iPVvYb\" src=\"https:\/\/www.sytraival.com\/img\/actualite-zoom\/5d22bec45b677c13da5e3ed4e1969e6a\/21-logo-triman.png\" alt=\"Triman: le logo du tri - Sytraival\" width=\"31\" height=\"32\" \/><\/p>\n","protected":false},"excerpt":{"rendered":"<p><strong>La balle de manipulation<\/strong> id\u00e9ale pour les plus petits !<\/p>\n<p>La baby balle paillet\u00e9e mouton en diam\u00e8tre 10 cm est fabriqu\u00e9e en France et elle est disponible en 7 couleurs!<\/p>\n","protected":false},"featured_media":36772,"comment_status":"open","ping_status":"closed","template":"","meta":{"_acf_changed":false},"product_brand":[],"product_cat":[147,19,189,177],"product_tag":[514],"class_list":{"0":"post-34963","1":"product","2":"type-product","3":"status-publish","4":"has-post-thumbnail","6":"product_cat-made-in-france","7":"product_cat-ballons","8":"product_cat-ballons-babys-moutons","9":"product_cat-ballons-pailletes","10":"product_tag-toasty","12":"first","13":"instock","14":"taxable","15":"shipping-taxable","16":"purchasable","17":"product-type-simple"},"acf":[],"yoast_head":"<!-- This site is optimized with the Yoast SEO plugin v25.4 - https:\/\/yoast.com\/wordpress\/plugins\/seo\/ -->\n<title>Balle mouton paillet\u00e9e 10 cm - Vert - Ratatam Official Website<\/title>\n<meta name=\"description\" content=\"Balle de manipulation pour enfant. Ballon mouton summer 10 cm disponible en 7 couleurs. Ratatam kids\" \/>\n<meta name=\"robots\" content=\"index, follow, max-snippet:-1, max-image-preview:large, max-video-preview:-1\" \/>\n<link rel=\"canonical\" href=\"https:\/\/ratatamkids.com\/en\/produit\/ballon-mouton-summer-10-cm-vert\/\" \/>\n<meta property=\"og:locale\" content=\"en_US\" \/>\n<meta property=\"og:type\" content=\"article\" \/>\n<meta property=\"og:title\" content=\"Balle mouton paillet\u00e9e 10 cm - Vert - Ratatam Official Website\" \/>\n<meta property=\"og:description\" content=\"Balle de manipulation pour enfant. Ballon mouton summer 10 cm disponible en 7 couleurs. Ratatam kids\" \/>\n<meta property=\"og:url\" content=\"https:\/\/ratatamkids.com\/en\/produit\/ballon-mouton-summer-10-cm-vert\/\" \/>\n<meta property=\"og:site_name\" content=\"Ratatam Official Website\" \/>\n<meta property=\"article:publisher\" content=\"https:\/\/www.facebook.com\/Ratatamforhappykids\/\" \/>\n<meta property=\"article:modified_time\" content=\"2026-04-15T12:34:42+00:00\" \/>\n<meta property=\"og:image\" content=\"https:\/\/ratatamkids.com\/wp-content\/uploads\/2024\/08\/B008-10-BALLON-PAILLETTE-VERT-10-CM-1.jpg\" \/>\n\t<meta property=\"og:image:width\" content=\"2000\" \/>\n\t<meta property=\"og:image:height\" content=\"2000\" \/>\n\t<meta property=\"og:image:type\" content=\"image\/jpeg\" \/>\n<meta name=\"twitter:card\" content=\"summary_large_image\" \/>\n<meta name=\"twitter:label1\" content=\"Est. reading time\" \/>\n\t<meta name=\"twitter:data1\" content=\"2 minutes\" \/>\n<script type=\"application\/ld+json\" class=\"yoast-schema-graph\">{\"@context\":\"https:\/\/schema.org\",\"@graph\":[{\"@type\":\"WebPage\",\"@id\":\"https:\/\/ratatamkids.com\/en\/produit\/ballon-mouton-summer-10-cm-vert\/\",\"url\":\"https:\/\/ratatamkids.com\/en\/produit\/ballon-mouton-summer-10-cm-vert\/\",\"name\":\"Balle mouton paillet\u00e9e 10 cm - Vert - Ratatam Official Website\",\"isPartOf\":{\"@id\":\"https:\/\/ratatamkids.com\/en\/#website\"},\"primaryImageOfPage\":{\"@id\":\"https:\/\/ratatamkids.com\/en\/produit\/ballon-mouton-summer-10-cm-vert\/#primaryimage\"},\"image\":{\"@id\":\"https:\/\/ratatamkids.com\/en\/produit\/ballon-mouton-summer-10-cm-vert\/#primaryimage\"},\"thumbnailUrl\":\"https:\/\/ratatamkids.com\/wp-content\/uploads\/2024\/08\/B008-10-BALLON-PAILLETTE-VERT-10-CM-1.jpg\",\"datePublished\":\"2024-08-28T06:32:01+00:00\",\"dateModified\":\"2026-04-15T12:34:42+00:00\",\"description\":\"Balle de manipulation pour enfant. Ballon mouton summer 10 cm disponible en 7 couleurs. Ratatam kids\",\"breadcrumb\":{\"@id\":\"https:\/\/ratatamkids.com\/en\/produit\/ballon-mouton-summer-10-cm-vert\/#breadcrumb\"},\"inLanguage\":\"en-US\",\"potentialAction\":[{\"@type\":\"ReadAction\",\"target\":[\"https:\/\/ratatamkids.com\/en\/produit\/ballon-mouton-summer-10-cm-vert\/\"]}]},{\"@type\":\"ImageObject\",\"inLanguage\":\"en-US\",\"@id\":\"https:\/\/ratatamkids.com\/en\/produit\/ballon-mouton-summer-10-cm-vert\/#primaryimage\",\"url\":\"https:\/\/ratatamkids.com\/wp-content\/uploads\/2024\/08\/B008-10-BALLON-PAILLETTE-VERT-10-CM-1.jpg\",\"contentUrl\":\"https:\/\/ratatamkids.com\/wp-content\/uploads\/2024\/08\/B008-10-BALLON-PAILLETTE-VERT-10-CM-1.jpg\",\"width\":2000,\"height\":2000,\"caption\":\"BALLON A PAILLETTES 10 CM VERT POUR ENFANTS RATATAM KIDS B008-10\"},{\"@type\":\"BreadcrumbList\",\"@id\":\"https:\/\/ratatamkids.com\/en\/produit\/ballon-mouton-summer-10-cm-vert\/#breadcrumb\",\"itemListElement\":[{\"@type\":\"ListItem\",\"position\":1,\"name\":\"Accueil\",\"item\":\"https:\/\/ratatamkids.com\/en\/\"},{\"@type\":\"ListItem\",\"position\":2,\"name\":\"Shop\",\"item\":\"https:\/\/ratatamkids.com\/en\/shop\/\"},{\"@type\":\"ListItem\",\"position\":3,\"name\":\"Balloons\",\"item\":\"https:\/\/ratatamkids.com\/en\/categorie-produit\/balloons\/\"},{\"@type\":\"ListItem\",\"position\":4,\"name\":\"Baby Sheep balloons\",\"item\":\"https:\/\/ratatamkids.com\/en\/categorie-produit\/balloons\/baby-sheep-balloons\/\"},{\"@type\":\"ListItem\",\"position\":5,\"name\":\"Balle mouton paillet\u00e9e 10 cm &#8211; Vert\"}]},{\"@type\":\"WebSite\",\"@id\":\"https:\/\/ratatamkids.com\/en\/#website\",\"url\":\"https:\/\/ratatamkids.com\/en\/\",\"name\":\"Ratatam Official Website\",\"description\":\"Cool brand for happy kids!\",\"potentialAction\":[{\"@type\":\"SearchAction\",\"target\":{\"@type\":\"EntryPoint\",\"urlTemplate\":\"https:\/\/ratatamkids.com\/en\/?s={search_term_string}\"},\"query-input\":{\"@type\":\"PropertyValueSpecification\",\"valueRequired\":true,\"valueName\":\"search_term_string\"}}],\"inLanguage\":\"en-US\"}]}<\/script>\n<!-- \/ Yoast SEO plugin. -->","yoast_head_json":{"title":"Balle mouton paillet\u00e9e 10 cm - Vert - Ratatam Official Website","description":"Balle de manipulation pour enfant. Ballon mouton summer 10 cm disponible en 7 couleurs. Ratatam kids","robots":{"index":"index","follow":"follow","max-snippet":"max-snippet:-1","max-image-preview":"max-image-preview:large","max-video-preview":"max-video-preview:-1"},"canonical":"https:\/\/ratatamkids.com\/en\/produit\/ballon-mouton-summer-10-cm-vert\/","og_locale":"en_US","og_type":"article","og_title":"Balle mouton paillet\u00e9e 10 cm - Vert - Ratatam Official Website","og_description":"Balle de manipulation pour enfant. Ballon mouton summer 10 cm disponible en 7 couleurs. Ratatam kids","og_url":"https:\/\/ratatamkids.com\/en\/produit\/ballon-mouton-summer-10-cm-vert\/","og_site_name":"Ratatam Official Website","article_publisher":"https:\/\/www.facebook.com\/Ratatamforhappykids\/","article_modified_time":"2026-04-15T12:34:42+00:00","og_image":[{"width":2000,"height":2000,"url":"https:\/\/ratatamkids.com\/wp-content\/uploads\/2024\/08\/B008-10-BALLON-PAILLETTE-VERT-10-CM-1.jpg","type":"image\/jpeg"}],"twitter_card":"summary_large_image","twitter_misc":{"Est. reading time":"2 minutes"},"schema":{"@context":"https:\/\/schema.org","@graph":[{"@type":"WebPage","@id":"https:\/\/ratatamkids.com\/en\/produit\/ballon-mouton-summer-10-cm-vert\/","url":"https:\/\/ratatamkids.com\/en\/produit\/ballon-mouton-summer-10-cm-vert\/","name":"Balle mouton paillet\u00e9e 10 cm - Vert - Ratatam Official Website","isPartOf":{"@id":"https:\/\/ratatamkids.com\/en\/#website"},"primaryImageOfPage":{"@id":"https:\/\/ratatamkids.com\/en\/produit\/ballon-mouton-summer-10-cm-vert\/#primaryimage"},"image":{"@id":"https:\/\/ratatamkids.com\/en\/produit\/ballon-mouton-summer-10-cm-vert\/#primaryimage"},"thumbnailUrl":"https:\/\/ratatamkids.com\/wp-content\/uploads\/2024\/08\/B008-10-BALLON-PAILLETTE-VERT-10-CM-1.jpg","datePublished":"2024-08-28T06:32:01+00:00","dateModified":"2026-04-15T12:34:42+00:00","description":"Balle de manipulation pour enfant. Ballon mouton summer 10 cm disponible en 7 couleurs. Ratatam kids","breadcrumb":{"@id":"https:\/\/ratatamkids.com\/en\/produit\/ballon-mouton-summer-10-cm-vert\/#breadcrumb"},"inLanguage":"en-US","potentialAction":[{"@type":"ReadAction","target":["https:\/\/ratatamkids.com\/en\/produit\/ballon-mouton-summer-10-cm-vert\/"]}]},{"@type":"ImageObject","inLanguage":"en-US","@id":"https:\/\/ratatamkids.com\/en\/produit\/ballon-mouton-summer-10-cm-vert\/#primaryimage","url":"https:\/\/ratatamkids.com\/wp-content\/uploads\/2024\/08\/B008-10-BALLON-PAILLETTE-VERT-10-CM-1.jpg","contentUrl":"https:\/\/ratatamkids.com\/wp-content\/uploads\/2024\/08\/B008-10-BALLON-PAILLETTE-VERT-10-CM-1.jpg","width":2000,"height":2000,"caption":"BALLON A PAILLETTES 10 CM VERT POUR ENFANTS RATATAM KIDS B008-10"},{"@type":"BreadcrumbList","@id":"https:\/\/ratatamkids.com\/en\/produit\/ballon-mouton-summer-10-cm-vert\/#breadcrumb","itemListElement":[{"@type":"ListItem","position":1,"name":"Accueil","item":"https:\/\/ratatamkids.com\/en\/"},{"@type":"ListItem","position":2,"name":"Shop","item":"https:\/\/ratatamkids.com\/en\/shop\/"},{"@type":"ListItem","position":3,"name":"Balloons","item":"https:\/\/ratatamkids.com\/en\/categorie-produit\/balloons\/"},{"@type":"ListItem","position":4,"name":"Baby Sheep balloons","item":"https:\/\/ratatamkids.com\/en\/categorie-produit\/balloons\/baby-sheep-balloons\/"},{"@type":"ListItem","position":5,"name":"Balle mouton paillet\u00e9e 10 cm &#8211; Vert"}]},{"@type":"WebSite","@id":"https:\/\/ratatamkids.com\/en\/#website","url":"https:\/\/ratatamkids.com\/en\/","name":"Ratatam Official Website","description":"Cool brand for happy kids!","potentialAction":[{"@type":"SearchAction","target":{"@type":"EntryPoint","urlTemplate":"https:\/\/ratatamkids.com\/en\/?s={search_term_string}"},"query-input":{"@type":"PropertyValueSpecification","valueRequired":true,"valueName":"search_term_string"}}],"inLanguage":"en-US"}]}},"_links":{"self":[{"href":"https:\/\/ratatamkids.com\/en\/wp-json\/wp\/v2\/product\/34963","targetHints":{"allow":["GET"]}}],"collection":[{"href":"https:\/\/ratatamkids.com\/en\/wp-json\/wp\/v2\/product"}],"about":[{"href":"https:\/\/ratatamkids.com\/en\/wp-json\/wp\/v2\/types\/product"}],"replies":[{"embeddable":true,"href":"https:\/\/ratatamkids.com\/en\/wp-json\/wp\/v2\/comments?post=34963"}],"wp:featuredmedia":[{"embeddable":true,"href":"https:\/\/ratatamkids.com\/en\/wp-json\/wp\/v2\/media\/36772"}],"wp:attachment":[{"href":"https:\/\/ratatamkids.com\/en\/wp-json\/wp\/v2\/media?parent=34963"}],"wp:term":[{"taxonomy":"product_brand","embeddable":true,"href":"https:\/\/ratatamkids.com\/en\/wp-json\/wp\/v2\/product_brand?post=34963"},{"taxonomy":"product_cat","embeddable":true,"href":"https:\/\/ratatamkids.com\/en\/wp-json\/wp\/v2\/product_cat?post=34963"},{"taxonomy":"product_tag","embeddable":true,"href":"https:\/\/ratatamkids.com\/en\/wp-json\/wp\/v2\/product_tag?post=34963"}],"curies":[{"name":"wp","href":"https:\/\/api.w.org\/{rel}","templated":true}]}}