{"id":34815,"date":"2024-08-02T16:23:17","date_gmt":"2024-08-02T14:23:17","guid":{"rendered":"https:\/\/ratatamkids.com\/produit\/casquette-scratchy-set-pastel\/"},"modified":"2026-03-10T14:46:26","modified_gmt":"2026-03-10T13:46:26","slug":"casquette-scratchy-set-pastel","status":"publish","type":"product","link":"https:\/\/ratatamkids.com\/en\/produit\/casquette-scratchy-set-pastel\/","title":{"rendered":"La Casquette Scratchy 4-8 ans &#8211; Set Woodstock"},"content":{"rendered":"<h2 data-start=\"0\" data-end=\"57\">Casquette Vibes Woodstock \u2013 Fleurs &amp; Peace and Love<\/h2>\n<p data-start=\"59\" data-end=\"92\"><strong data-start=\"59\" data-end=\"87\">Hey les esprits libres !<\/strong><\/p>\n<p data-start=\"94\" data-end=\"235\">Voici la casquette parfaite pour celles et ceux qui aiment les good vibes, les couleurs qui claquent et les looks qui respirent la libert\u00e9.<\/p>\n<p data-start=\"237\" data-end=\"382\">Avec son combo <strong data-start=\"252\" data-end=\"270\">corail et gris<\/strong> et son <strong data-start=\"278\" data-end=\"319\">set d\u2019\u00e9cussons Woodstock ultra color\u00e9<\/strong>, elle apporte une vraie \u00e9nergie feel good \u00e0 toutes les tenues.<\/p>\n<p data-start=\"384\" data-end=\"602\">Le devant est \u00e9quip\u00e9 d\u2019une surface sp\u00e9ciale pour accrocher facilement les \u00e9cussons scratchables. On change, on mixe, on compose son mood du jour.<br data-start=\"529\" data-end=\"532\" \/>Aujourd\u2019hui <em data-start=\"544\" data-end=\"558\">flower power<\/em>, demain total <em data-start=\"573\" data-end=\"580\">peace<\/em>. \u00c0 chacun son style !<\/p>\n<h3 data-start=\"609\" data-end=\"632\">\u00a0Caract\u00e9ristiques<\/h3>\n<ul data-start=\"634\" data-end=\"925\">\n<li data-start=\"634\" data-end=\"680\">\n<p data-start=\"636\" data-end=\"680\"><strong data-start=\"636\" data-end=\"647\">Style :<\/strong> Esprit Woodstock, fun &amp; color\u00e9<\/p>\n<\/li>\n<li data-start=\"681\" data-end=\"717\">\n<p data-start=\"683\" data-end=\"717\"><strong data-start=\"683\" data-end=\"697\">Mati\u00e8res :<\/strong> Coton &amp; Polyester<\/p>\n<\/li>\n<li data-start=\"718\" data-end=\"778\">\n<p data-start=\"720\" data-end=\"747\"><strong data-start=\"720\" data-end=\"745\">Tailles disponibles :<\/strong><\/p>\n<ul data-start=\"750\" data-end=\"778\">\n<li data-start=\"750\" data-end=\"761\">\n<p data-start=\"752\" data-end=\"761\">4\/8 ans<\/p>\n<\/li>\n<li data-start=\"764\" data-end=\"778\">\n<p data-start=\"766\" data-end=\"778\">8 ans et +<\/p>\n<\/li>\n<\/ul>\n<\/li>\n<li data-start=\"779\" data-end=\"820\">\n<p data-start=\"781\" data-end=\"820\"><strong data-start=\"781\" data-end=\"796\">Fermeture :<\/strong> Ajustable \u00e0 l\u2019arri\u00e8re<\/p>\n<\/li>\n<li data-start=\"821\" data-end=\"885\">\n<p data-start=\"823\" data-end=\"885\"><strong data-start=\"823\" data-end=\"840\">Accessoires :<\/strong> Set d\u2019\u00e9cussons Woodstock inclus<\/p>\n<\/li>\n<li data-start=\"886\" data-end=\"925\">\n<p data-start=\"888\" data-end=\"925\"><strong data-start=\"888\" data-end=\"905\">Fabrication :<\/strong> Fabriqu\u00e9 en Chine<\/p>\n<\/li>\n<\/ul>\n<h3 data-start=\"932\" data-end=\"951\">\u00a0Points forts<\/h3>\n<p data-start=\"953\" data-end=\"1056\"><strong data-start=\"953\" data-end=\"973\">Expression libre<\/strong><br data-start=\"973\" data-end=\"976\" \/>Les \u00e9cussons se changent en un clin d\u2019\u0153il pour cr\u00e9er un look unique chaque jour.<\/p>\n<p data-start=\"1058\" data-end=\"1148\"><strong data-start=\"1058\" data-end=\"1080\">Confort &amp; maintien<\/strong><br data-start=\"1080\" data-end=\"1083\" \/>Ajustable pour s\u2019adapter parfaitement \u00e0 toutes les petites t\u00eates.<\/p>\n<p data-start=\"1150\" data-end=\"1276\"><strong data-start=\"1150\" data-end=\"1174\">Qualit\u00e9 &amp; durabilit\u00e9<\/strong><br data-start=\"1174\" data-end=\"1177\" \/>Pens\u00e9e pour suivre les kids dans toutes leurs aventures, du festival imaginaire \u00e0 la cour de r\u00e9cr\u00e9.<\/p>\n<h3 data-start=\"1283\" data-end=\"1310\">\u00a0Conseils d\u2019entretien<\/h3>\n<ul data-start=\"1312\" data-end=\"1410\">\n<li data-start=\"1312\" data-end=\"1349\">\n<p data-start=\"1314\" data-end=\"1349\">Retirer les \u00e9cussons avant lavage<\/p>\n<\/li>\n<li data-start=\"1350\" data-end=\"1384\">\n<p data-start=\"1352\" data-end=\"1384\">Lavage \u00e0 la main \u00e0 l\u2019eau ti\u00e8de<\/p>\n<\/li>\n<li data-start=\"1385\" data-end=\"1410\">\n<p data-start=\"1387\" data-end=\"1410\">S\u00e9chage \u00e0 l\u2019air libre<\/p>\n<\/li>\n<\/ul>\n","protected":false},"excerpt":{"rendered":"<p>D\u00e9couvrez la casquette m\u00e9ga cool pour enfants avec des \u00e9cussons Woodstock rigolos !<\/p>\n<p><strong>Customisable et fun, cette casquette corail et grise est id\u00e9ale pour les petits skaters et cr\u00e9atifs. <\/strong><\/p>\n<p>Parfaite pour un look unique et ludique.<\/p>\n<p>2 tailles disponibles: 4\/8 ans et 8 ans et +<\/p>\n<p>Disponible avec des sets d&#8217;\u00e9cussons dinos ou pastel !<\/p>\n<p>Coton et polyester<\/p>\n","protected":false},"featured_media":43974,"comment_status":"open","ping_status":"closed","template":"","meta":{"_acf_changed":false},"product_brand":[],"product_cat":[23,257],"product_tag":[],"class_list":{"0":"post-34815","1":"product","2":"type-product","3":"status-publish","4":"has-post-thumbnail","6":"product_cat-accessoires","7":"product_cat-accessoires-de-mode","9":"first","10":"instock","11":"taxable","12":"shipping-taxable","13":"purchasable","14":"product-type-simple"},"acf":[],"yoast_head":"<!-- This site is optimized with the Yoast SEO plugin v25.4 - https:\/\/yoast.com\/wordpress\/plugins\/seo\/ -->\n<title>La Casquette Scratchy 4-8 ans - Set Woodstock - Ratatam Official Website<\/title>\n<meta name=\"description\" content=\"D\u00e9couvrez la casquette m\u00e9ga cool pour enfants avec des \u00e9cussons woodstock rigolos ! Customisable et fun, cette casquette est id\u00e9ale pour les petits skaters\" \/>\n<meta name=\"robots\" content=\"index, follow, max-snippet:-1, max-image-preview:large, max-video-preview:-1\" \/>\n<link rel=\"canonical\" href=\"https:\/\/ratatamkids.com\/en\/produit\/casquette-scratchy-set-pastel\/\" \/>\n<meta property=\"og:locale\" content=\"en_US\" \/>\n<meta property=\"og:type\" content=\"article\" \/>\n<meta property=\"og:title\" content=\"La Casquette Scratchy 4-8 ans - Set Woodstock - Ratatam Official Website\" \/>\n<meta property=\"og:description\" content=\"D\u00e9couvrez la casquette m\u00e9ga cool pour enfants avec des \u00e9cussons woodstock rigolos ! Customisable et fun, cette casquette est id\u00e9ale pour les petits skaters\" \/>\n<meta property=\"og:url\" content=\"https:\/\/ratatamkids.com\/en\/produit\/casquette-scratchy-set-pastel\/\" \/>\n<meta property=\"og:site_name\" content=\"Ratatam Official Website\" \/>\n<meta property=\"article:publisher\" content=\"https:\/\/www.facebook.com\/Ratatamforhappykids\/\" \/>\n<meta property=\"article:modified_time\" content=\"2026-03-10T13:46:26+00:00\" \/>\n<meta property=\"og:image\" content=\"https:\/\/ratatamkids.com\/wp-content\/uploads\/2024\/08\/Photoroom_20260211_145543.jpg\" \/>\n\t<meta property=\"og:image:width\" content=\"1512\" \/>\n\t<meta property=\"og:image:height\" content=\"2016\" \/>\n\t<meta property=\"og:image:type\" content=\"image\/jpeg\" \/>\n<meta name=\"twitter:card\" content=\"summary_large_image\" \/>\n<meta name=\"twitter:label1\" content=\"Est. reading time\" \/>\n\t<meta name=\"twitter:data1\" content=\"2 minutes\" \/>\n<script type=\"application\/ld+json\" class=\"yoast-schema-graph\">{\"@context\":\"https:\/\/schema.org\",\"@graph\":[{\"@type\":\"WebPage\",\"@id\":\"https:\/\/ratatamkids.com\/en\/produit\/casquette-scratchy-set-pastel\/\",\"url\":\"https:\/\/ratatamkids.com\/en\/produit\/casquette-scratchy-set-pastel\/\",\"name\":\"La Casquette Scratchy 4-8 ans - Set Woodstock - Ratatam Official Website\",\"isPartOf\":{\"@id\":\"https:\/\/ratatamkids.com\/en\/#website\"},\"primaryImageOfPage\":{\"@id\":\"https:\/\/ratatamkids.com\/en\/produit\/casquette-scratchy-set-pastel\/#primaryimage\"},\"image\":{\"@id\":\"https:\/\/ratatamkids.com\/en\/produit\/casquette-scratchy-set-pastel\/#primaryimage\"},\"thumbnailUrl\":\"https:\/\/ratatamkids.com\/wp-content\/uploads\/2024\/08\/Photoroom_20260211_145543.jpg\",\"datePublished\":\"2024-08-02T14:23:17+00:00\",\"dateModified\":\"2026-03-10T13:46:26+00:00\",\"description\":\"D\u00e9couvrez la casquette m\u00e9ga cool pour enfants avec des \u00e9cussons woodstock rigolos ! Customisable et fun, cette casquette est id\u00e9ale pour les petits skaters\",\"breadcrumb\":{\"@id\":\"https:\/\/ratatamkids.com\/en\/produit\/casquette-scratchy-set-pastel\/#breadcrumb\"},\"inLanguage\":\"en-US\",\"potentialAction\":[{\"@type\":\"ReadAction\",\"target\":[\"https:\/\/ratatamkids.com\/en\/produit\/casquette-scratchy-set-pastel\/\"]}]},{\"@type\":\"ImageObject\",\"inLanguage\":\"en-US\",\"@id\":\"https:\/\/ratatamkids.com\/en\/produit\/casquette-scratchy-set-pastel\/#primaryimage\",\"url\":\"https:\/\/ratatamkids.com\/wp-content\/uploads\/2024\/08\/Photoroom_20260211_145543.jpg\",\"contentUrl\":\"https:\/\/ratatamkids.com\/wp-content\/uploads\/2024\/08\/Photoroom_20260211_145543.jpg\",\"width\":1512,\"height\":2016},{\"@type\":\"BreadcrumbList\",\"@id\":\"https:\/\/ratatamkids.com\/en\/produit\/casquette-scratchy-set-pastel\/#breadcrumb\",\"itemListElement\":[{\"@type\":\"ListItem\",\"position\":1,\"name\":\"Accueil\",\"item\":\"https:\/\/ratatamkids.com\/en\/\"},{\"@type\":\"ListItem\",\"position\":2,\"name\":\"Shop\",\"item\":\"https:\/\/ratatamkids.com\/en\/shop\/\"},{\"@type\":\"ListItem\",\"position\":3,\"name\":\"Accessories\",\"item\":\"https:\/\/ratatamkids.com\/en\/categorie-produit\/accessories\/\"},{\"@type\":\"ListItem\",\"position\":4,\"name\":\"Fashion Accessories\",\"item\":\"https:\/\/ratatamkids.com\/en\/categorie-produit\/accessories\/fashion-accessories\/\"},{\"@type\":\"ListItem\",\"position\":5,\"name\":\"La Casquette Scratchy 4-8 ans &#8211; Set Woodstock\"}]},{\"@type\":\"WebSite\",\"@id\":\"https:\/\/ratatamkids.com\/en\/#website\",\"url\":\"https:\/\/ratatamkids.com\/en\/\",\"name\":\"Ratatam Official Website\",\"description\":\"Cool brand for happy kids!\",\"potentialAction\":[{\"@type\":\"SearchAction\",\"target\":{\"@type\":\"EntryPoint\",\"urlTemplate\":\"https:\/\/ratatamkids.com\/en\/?s={search_term_string}\"},\"query-input\":{\"@type\":\"PropertyValueSpecification\",\"valueRequired\":true,\"valueName\":\"search_term_string\"}}],\"inLanguage\":\"en-US\"}]}<\/script>\n<!-- \/ Yoast SEO plugin. -->","yoast_head_json":{"title":"La Casquette Scratchy 4-8 ans - Set Woodstock - Ratatam Official Website","description":"D\u00e9couvrez la casquette m\u00e9ga cool pour enfants avec des \u00e9cussons woodstock rigolos ! Customisable et fun, cette casquette est id\u00e9ale pour les petits skaters","robots":{"index":"index","follow":"follow","max-snippet":"max-snippet:-1","max-image-preview":"max-image-preview:large","max-video-preview":"max-video-preview:-1"},"canonical":"https:\/\/ratatamkids.com\/en\/produit\/casquette-scratchy-set-pastel\/","og_locale":"en_US","og_type":"article","og_title":"La Casquette Scratchy 4-8 ans - Set Woodstock - Ratatam Official Website","og_description":"D\u00e9couvrez la casquette m\u00e9ga cool pour enfants avec des \u00e9cussons woodstock rigolos ! Customisable et fun, cette casquette est id\u00e9ale pour les petits skaters","og_url":"https:\/\/ratatamkids.com\/en\/produit\/casquette-scratchy-set-pastel\/","og_site_name":"Ratatam Official Website","article_publisher":"https:\/\/www.facebook.com\/Ratatamforhappykids\/","article_modified_time":"2026-03-10T13:46:26+00:00","og_image":[{"width":1512,"height":2016,"url":"https:\/\/ratatamkids.com\/wp-content\/uploads\/2024\/08\/Photoroom_20260211_145543.jpg","type":"image\/jpeg"}],"twitter_card":"summary_large_image","twitter_misc":{"Est. reading time":"2 minutes"},"schema":{"@context":"https:\/\/schema.org","@graph":[{"@type":"WebPage","@id":"https:\/\/ratatamkids.com\/en\/produit\/casquette-scratchy-set-pastel\/","url":"https:\/\/ratatamkids.com\/en\/produit\/casquette-scratchy-set-pastel\/","name":"La Casquette Scratchy 4-8 ans - Set Woodstock - Ratatam Official Website","isPartOf":{"@id":"https:\/\/ratatamkids.com\/en\/#website"},"primaryImageOfPage":{"@id":"https:\/\/ratatamkids.com\/en\/produit\/casquette-scratchy-set-pastel\/#primaryimage"},"image":{"@id":"https:\/\/ratatamkids.com\/en\/produit\/casquette-scratchy-set-pastel\/#primaryimage"},"thumbnailUrl":"https:\/\/ratatamkids.com\/wp-content\/uploads\/2024\/08\/Photoroom_20260211_145543.jpg","datePublished":"2024-08-02T14:23:17+00:00","dateModified":"2026-03-10T13:46:26+00:00","description":"D\u00e9couvrez la casquette m\u00e9ga cool pour enfants avec des \u00e9cussons woodstock rigolos ! Customisable et fun, cette casquette est id\u00e9ale pour les petits skaters","breadcrumb":{"@id":"https:\/\/ratatamkids.com\/en\/produit\/casquette-scratchy-set-pastel\/#breadcrumb"},"inLanguage":"en-US","potentialAction":[{"@type":"ReadAction","target":["https:\/\/ratatamkids.com\/en\/produit\/casquette-scratchy-set-pastel\/"]}]},{"@type":"ImageObject","inLanguage":"en-US","@id":"https:\/\/ratatamkids.com\/en\/produit\/casquette-scratchy-set-pastel\/#primaryimage","url":"https:\/\/ratatamkids.com\/wp-content\/uploads\/2024\/08\/Photoroom_20260211_145543.jpg","contentUrl":"https:\/\/ratatamkids.com\/wp-content\/uploads\/2024\/08\/Photoroom_20260211_145543.jpg","width":1512,"height":2016},{"@type":"BreadcrumbList","@id":"https:\/\/ratatamkids.com\/en\/produit\/casquette-scratchy-set-pastel\/#breadcrumb","itemListElement":[{"@type":"ListItem","position":1,"name":"Accueil","item":"https:\/\/ratatamkids.com\/en\/"},{"@type":"ListItem","position":2,"name":"Shop","item":"https:\/\/ratatamkids.com\/en\/shop\/"},{"@type":"ListItem","position":3,"name":"Accessories","item":"https:\/\/ratatamkids.com\/en\/categorie-produit\/accessories\/"},{"@type":"ListItem","position":4,"name":"Fashion Accessories","item":"https:\/\/ratatamkids.com\/en\/categorie-produit\/accessories\/fashion-accessories\/"},{"@type":"ListItem","position":5,"name":"La Casquette Scratchy 4-8 ans &#8211; Set Woodstock"}]},{"@type":"WebSite","@id":"https:\/\/ratatamkids.com\/en\/#website","url":"https:\/\/ratatamkids.com\/en\/","name":"Ratatam Official Website","description":"Cool brand for happy kids!","potentialAction":[{"@type":"SearchAction","target":{"@type":"EntryPoint","urlTemplate":"https:\/\/ratatamkids.com\/en\/?s={search_term_string}"},"query-input":{"@type":"PropertyValueSpecification","valueRequired":true,"valueName":"search_term_string"}}],"inLanguage":"en-US"}]}},"_links":{"self":[{"href":"https:\/\/ratatamkids.com\/en\/wp-json\/wp\/v2\/product\/34815","targetHints":{"allow":["GET"]}}],"collection":[{"href":"https:\/\/ratatamkids.com\/en\/wp-json\/wp\/v2\/product"}],"about":[{"href":"https:\/\/ratatamkids.com\/en\/wp-json\/wp\/v2\/types\/product"}],"replies":[{"embeddable":true,"href":"https:\/\/ratatamkids.com\/en\/wp-json\/wp\/v2\/comments?post=34815"}],"wp:featuredmedia":[{"embeddable":true,"href":"https:\/\/ratatamkids.com\/en\/wp-json\/wp\/v2\/media\/43974"}],"wp:attachment":[{"href":"https:\/\/ratatamkids.com\/en\/wp-json\/wp\/v2\/media?parent=34815"}],"wp:term":[{"taxonomy":"product_brand","embeddable":true,"href":"https:\/\/ratatamkids.com\/en\/wp-json\/wp\/v2\/product_brand?post=34815"},{"taxonomy":"product_cat","embeddable":true,"href":"https:\/\/ratatamkids.com\/en\/wp-json\/wp\/v2\/product_cat?post=34815"},{"taxonomy":"product_tag","embeddable":true,"href":"https:\/\/ratatamkids.com\/en\/wp-json\/wp\/v2\/product_tag?post=34815"}],"curies":[{"name":"wp","href":"https:\/\/api.w.org\/{rel}","templated":true}]}}