{"id":34814,"date":"2024-08-02T16:21:44","date_gmt":"2024-08-02T14:21:44","guid":{"rendered":"https:\/\/ratatamkids.com\/produit\/casquette-scratchy-them\/"},"modified":"2026-02-11T15:01:17","modified_gmt":"2026-02-11T14:01:17","slug":"casquette-scratchy-them","status":"publish","type":"product","link":"https:\/\/ratatamkids.com\/en\/produit\/casquette-scratchy-them\/","title":{"rendered":"La Casquette Scratchy 4-8 ans &#8211; Set dinos"},"content":{"rendered":"<h1>Casquette M\u00e9ga Cool avec \u00c9cussons Dinos Rigolos !<\/h1>\n<p>Hey les p&#8217;tits skaters et p&#8217;tites fashionistas ! Cette casquette, c&#8217;est LA touche m\u00e9ga cool qui va vous transformer en vrai pro du style ! Super chouette et pleine de surprises, elle est pr\u00eate \u00e0 \u00eatre customis\u00e9e \u00e0 volont\u00e9. Le devant de la casquette est comme une sc\u00e8ne de th\u00e9\u00e2tre pour nos adorables petits \u00e9cussons scratchables. Changez-les aussi souvent que vous voulez pour un look qui d\u00e9chire \u00e0 chaque fois !<\/p>\n<p><strong>Caract\u00e9ristiques :<\/strong><\/p>\n<ul>\n<li><strong>Style :<\/strong> Casquette ultra styl\u00e9e et fun<\/li>\n<li><strong>Mat\u00e9riaux :<\/strong> Coton et polyester<\/li>\n<li><strong>Taille :<\/strong> Ajustable, pour s&#8217;adapter \u00e0 toutes les t\u00eates (m\u00eame celles des petits dinos !)<\/li>\n<li><strong>Accessoires :<\/strong> Set d&#8217;\u00e9cussons inclus<\/li>\n<\/ul>\n<p><strong>Variantes :<\/strong><\/p>\n<ol>\n<li><strong>Casquette Corail et Grise avec Set d&#8217;\u00c9cussons Dinos<\/strong><br \/>\nAvec des dinos super rigolos, cette variante est id\u00e9ale pour les fans de T-Rex et autres amis pr\u00e9historiques !<\/li>\n<li><strong>Casquette Corail et Grise avec Set d&#8217;\u00c9cussons Pastel<\/strong><br \/>\nPour les r\u00eaveurs et les cr\u00e9atifs, ces \u00e9cussons pastel ajoutent une touche toute douce et pleine de magie !<\/li>\n<\/ol>\n<p><strong>Points Forts :<\/strong><\/p>\n<ul>\n<li><strong>Customisation Illimit\u00e9e :<\/strong> Changez les \u00e9cussons selon l&#8217;humeur du jour !<\/li>\n<li><strong>Confort et R\u00e9glage :<\/strong> Super facile \u00e0 ajuster, comme par magie !<\/li>\n<li><strong>Robustesse et Qualit\u00e9 :<\/strong> R\u00e9sistante aux aventures quotidiennes (et aux attaques de dinosaures !).<\/li>\n<\/ul>\n<p><strong>Conseils d&#8217;Entretien :<\/strong><br \/>\nLavez la casquette \u00e0 la main (comme une baguette magique) \u00e0 l&#8217;eau ti\u00e8de et laissez-la s\u00e9cher \u00e0 l&#8217;air libre. Les \u00e9cussons doivent \u00eatre retir\u00e9s avant le lavage pour \u00e9viter qu&#8217;ils ne se perdent dans le royaume des chaussettes disparues !<\/p>\n<p>Coton et Polyester<\/p>\n<p>Fabriqu\u00e9 en Chine<\/p>\n<p>2 variables d&#8217;\u00e9cussons: les dinosaures et les pastels<\/p>\n<p>2 tailles disponibles: 4\/8 ans et 8ans +<\/p>\n<p>&nbsp;<\/p>\n","protected":false},"excerpt":{"rendered":"<p><strong>D\u00e9couvrez la casquette m\u00e9ga cool pour enfants avec des \u00e9cussons dinos rigolos ! <\/strong><\/p>\n<p>Customisable et fun, cette casquette corail et grise est id\u00e9ale pour les petits skaters et cr\u00e9atifs.<\/p>\n<p>Parfaite pour un look unique et ludique.<\/p>\n<p>2 tailles disponibles: 3\/6 ans et 6ans et +<\/p>\n<p>Disponible avec des sets d&#8217;\u00e9cussons dinos ou pastel !<\/p>\n<p>En coton et polyester<\/p>\n","protected":false},"featured_media":36846,"comment_status":"open","ping_status":"closed","template":"","meta":{"_acf_changed":false},"product_brand":[],"product_cat":[23,257],"product_tag":[],"class_list":{"0":"post-34814","1":"product","2":"type-product","3":"status-publish","4":"has-post-thumbnail","6":"product_cat-accessoires","7":"product_cat-accessoires-de-mode","9":"first","10":"outofstock","11":"taxable","12":"shipping-taxable","13":"purchasable","14":"product-type-simple"},"acf":[],"yoast_head":"<!-- This site is optimized with the Yoast SEO plugin v25.4 - https:\/\/yoast.com\/wordpress\/plugins\/seo\/ -->\n<title>La Casquette Scratchy 4-8 ans - Set dinos - Ratatam Official Website<\/title>\n<meta name=\"description\" content=\"D\u00e9couvrez la casquette m\u00e9ga cool pour enfants avec des \u00e9cussons dinos rigolos ! Customisable et fun, cette casquette est id\u00e9ale pour les petits skaters.\" \/>\n<meta name=\"robots\" content=\"index, follow, max-snippet:-1, max-image-preview:large, max-video-preview:-1\" \/>\n<link rel=\"canonical\" href=\"https:\/\/ratatamkids.com\/en\/produit\/casquette-scratchy-them\/\" \/>\n<meta property=\"og:locale\" content=\"en_US\" \/>\n<meta property=\"og:type\" content=\"article\" \/>\n<meta property=\"og:title\" content=\"La Casquette Scratchy 4-8 ans - Set dinos - Ratatam Official Website\" \/>\n<meta property=\"og:description\" content=\"D\u00e9couvrez la casquette m\u00e9ga cool pour enfants avec des \u00e9cussons dinos rigolos ! Customisable et fun, cette casquette est id\u00e9ale pour les petits skaters.\" \/>\n<meta property=\"og:url\" content=\"https:\/\/ratatamkids.com\/en\/produit\/casquette-scratchy-them\/\" \/>\n<meta property=\"og:site_name\" content=\"Ratatam Official Website\" \/>\n<meta property=\"article:publisher\" content=\"https:\/\/www.facebook.com\/Ratatamforhappykids\/\" \/>\n<meta property=\"article:modified_time\" content=\"2026-02-11T14:01:17+00:00\" \/>\n<meta property=\"og:image\" content=\"https:\/\/ratatamkids.com\/wp-content\/uploads\/2024\/08\/CQ-S122-ET-CQ-S222-CASQUETTE-DINOS-1.jpg\" \/>\n\t<meta property=\"og:image:width\" content=\"2000\" \/>\n\t<meta property=\"og:image:height\" content=\"2000\" \/>\n\t<meta property=\"og:image:type\" content=\"image\/jpeg\" \/>\n<meta name=\"twitter:card\" content=\"summary_large_image\" \/>\n<meta name=\"twitter:label1\" content=\"Est. reading time\" \/>\n\t<meta name=\"twitter:data1\" content=\"2 minutes\" \/>\n<script type=\"application\/ld+json\" class=\"yoast-schema-graph\">{\"@context\":\"https:\/\/schema.org\",\"@graph\":[{\"@type\":\"WebPage\",\"@id\":\"https:\/\/ratatamkids.com\/en\/produit\/casquette-scratchy-them\/\",\"url\":\"https:\/\/ratatamkids.com\/en\/produit\/casquette-scratchy-them\/\",\"name\":\"La Casquette Scratchy 4-8 ans - Set dinos - Ratatam Official Website\",\"isPartOf\":{\"@id\":\"https:\/\/ratatamkids.com\/en\/#website\"},\"primaryImageOfPage\":{\"@id\":\"https:\/\/ratatamkids.com\/en\/produit\/casquette-scratchy-them\/#primaryimage\"},\"image\":{\"@id\":\"https:\/\/ratatamkids.com\/en\/produit\/casquette-scratchy-them\/#primaryimage\"},\"thumbnailUrl\":\"https:\/\/ratatamkids.com\/wp-content\/uploads\/2024\/08\/CQ-S122-ET-CQ-S222-CASQUETTE-DINOS-1.jpg\",\"datePublished\":\"2024-08-02T14:21:44+00:00\",\"dateModified\":\"2026-02-11T14:01:17+00:00\",\"description\":\"D\u00e9couvrez la casquette m\u00e9ga cool pour enfants avec des \u00e9cussons dinos rigolos ! Customisable et fun, cette casquette est id\u00e9ale pour les petits skaters.\",\"breadcrumb\":{\"@id\":\"https:\/\/ratatamkids.com\/en\/produit\/casquette-scratchy-them\/#breadcrumb\"},\"inLanguage\":\"en-US\",\"potentialAction\":[{\"@type\":\"ReadAction\",\"target\":[\"https:\/\/ratatamkids.com\/en\/produit\/casquette-scratchy-them\/\"]}]},{\"@type\":\"ImageObject\",\"inLanguage\":\"en-US\",\"@id\":\"https:\/\/ratatamkids.com\/en\/produit\/casquette-scratchy-them\/#primaryimage\",\"url\":\"https:\/\/ratatamkids.com\/wp-content\/uploads\/2024\/08\/CQ-S122-ET-CQ-S222-CASQUETTE-DINOS-1.jpg\",\"contentUrl\":\"https:\/\/ratatamkids.com\/wp-content\/uploads\/2024\/08\/CQ-S122-ET-CQ-S222-CASQUETTE-DINOS-1.jpg\",\"width\":2000,\"height\":2000,\"caption\":\"CASQUETTE SCRATCH DINOS POUR ENFANTS RATATAM KIDS\"},{\"@type\":\"BreadcrumbList\",\"@id\":\"https:\/\/ratatamkids.com\/en\/produit\/casquette-scratchy-them\/#breadcrumb\",\"itemListElement\":[{\"@type\":\"ListItem\",\"position\":1,\"name\":\"Accueil\",\"item\":\"https:\/\/ratatamkids.com\/en\/\"},{\"@type\":\"ListItem\",\"position\":2,\"name\":\"Shop\",\"item\":\"https:\/\/ratatamkids.com\/en\/shop\/\"},{\"@type\":\"ListItem\",\"position\":3,\"name\":\"id\u00e9es cadeaux\",\"item\":\"https:\/\/ratatamkids.com\/en\/categorie-produit\/idees-cadeaux\/\"},{\"@type\":\"ListItem\",\"position\":4,\"name\":\"-40\u20ac\",\"item\":\"https:\/\/ratatamkids.com\/en\/categorie-produit\/idees-cadeaux\/40e\/\"},{\"@type\":\"ListItem\",\"position\":5,\"name\":\"La Casquette Scratchy 4-8 ans &#8211; Set dinos\"}]},{\"@type\":\"WebSite\",\"@id\":\"https:\/\/ratatamkids.com\/en\/#website\",\"url\":\"https:\/\/ratatamkids.com\/en\/\",\"name\":\"Ratatam Official Website\",\"description\":\"Cool brand for happy kids!\",\"potentialAction\":[{\"@type\":\"SearchAction\",\"target\":{\"@type\":\"EntryPoint\",\"urlTemplate\":\"https:\/\/ratatamkids.com\/en\/?s={search_term_string}\"},\"query-input\":{\"@type\":\"PropertyValueSpecification\",\"valueRequired\":true,\"valueName\":\"search_term_string\"}}],\"inLanguage\":\"en-US\"}]}<\/script>\n<!-- \/ Yoast SEO plugin. -->","yoast_head_json":{"title":"La Casquette Scratchy 4-8 ans - Set dinos - Ratatam Official Website","description":"D\u00e9couvrez la casquette m\u00e9ga cool pour enfants avec des \u00e9cussons dinos rigolos ! Customisable et fun, cette casquette est id\u00e9ale pour les petits skaters.","robots":{"index":"index","follow":"follow","max-snippet":"max-snippet:-1","max-image-preview":"max-image-preview:large","max-video-preview":"max-video-preview:-1"},"canonical":"https:\/\/ratatamkids.com\/en\/produit\/casquette-scratchy-them\/","og_locale":"en_US","og_type":"article","og_title":"La Casquette Scratchy 4-8 ans - Set dinos - Ratatam Official Website","og_description":"D\u00e9couvrez la casquette m\u00e9ga cool pour enfants avec des \u00e9cussons dinos rigolos ! Customisable et fun, cette casquette est id\u00e9ale pour les petits skaters.","og_url":"https:\/\/ratatamkids.com\/en\/produit\/casquette-scratchy-them\/","og_site_name":"Ratatam Official Website","article_publisher":"https:\/\/www.facebook.com\/Ratatamforhappykids\/","article_modified_time":"2026-02-11T14:01:17+00:00","og_image":[{"width":2000,"height":2000,"url":"https:\/\/ratatamkids.com\/wp-content\/uploads\/2024\/08\/CQ-S122-ET-CQ-S222-CASQUETTE-DINOS-1.jpg","type":"image\/jpeg"}],"twitter_card":"summary_large_image","twitter_misc":{"Est. reading time":"2 minutes"},"schema":{"@context":"https:\/\/schema.org","@graph":[{"@type":"WebPage","@id":"https:\/\/ratatamkids.com\/en\/produit\/casquette-scratchy-them\/","url":"https:\/\/ratatamkids.com\/en\/produit\/casquette-scratchy-them\/","name":"La Casquette Scratchy 4-8 ans - Set dinos - Ratatam Official Website","isPartOf":{"@id":"https:\/\/ratatamkids.com\/en\/#website"},"primaryImageOfPage":{"@id":"https:\/\/ratatamkids.com\/en\/produit\/casquette-scratchy-them\/#primaryimage"},"image":{"@id":"https:\/\/ratatamkids.com\/en\/produit\/casquette-scratchy-them\/#primaryimage"},"thumbnailUrl":"https:\/\/ratatamkids.com\/wp-content\/uploads\/2024\/08\/CQ-S122-ET-CQ-S222-CASQUETTE-DINOS-1.jpg","datePublished":"2024-08-02T14:21:44+00:00","dateModified":"2026-02-11T14:01:17+00:00","description":"D\u00e9couvrez la casquette m\u00e9ga cool pour enfants avec des \u00e9cussons dinos rigolos ! Customisable et fun, cette casquette est id\u00e9ale pour les petits skaters.","breadcrumb":{"@id":"https:\/\/ratatamkids.com\/en\/produit\/casquette-scratchy-them\/#breadcrumb"},"inLanguage":"en-US","potentialAction":[{"@type":"ReadAction","target":["https:\/\/ratatamkids.com\/en\/produit\/casquette-scratchy-them\/"]}]},{"@type":"ImageObject","inLanguage":"en-US","@id":"https:\/\/ratatamkids.com\/en\/produit\/casquette-scratchy-them\/#primaryimage","url":"https:\/\/ratatamkids.com\/wp-content\/uploads\/2024\/08\/CQ-S122-ET-CQ-S222-CASQUETTE-DINOS-1.jpg","contentUrl":"https:\/\/ratatamkids.com\/wp-content\/uploads\/2024\/08\/CQ-S122-ET-CQ-S222-CASQUETTE-DINOS-1.jpg","width":2000,"height":2000,"caption":"CASQUETTE SCRATCH DINOS POUR ENFANTS RATATAM KIDS"},{"@type":"BreadcrumbList","@id":"https:\/\/ratatamkids.com\/en\/produit\/casquette-scratchy-them\/#breadcrumb","itemListElement":[{"@type":"ListItem","position":1,"name":"Accueil","item":"https:\/\/ratatamkids.com\/en\/"},{"@type":"ListItem","position":2,"name":"Shop","item":"https:\/\/ratatamkids.com\/en\/shop\/"},{"@type":"ListItem","position":3,"name":"id\u00e9es cadeaux","item":"https:\/\/ratatamkids.com\/en\/categorie-produit\/idees-cadeaux\/"},{"@type":"ListItem","position":4,"name":"-40\u20ac","item":"https:\/\/ratatamkids.com\/en\/categorie-produit\/idees-cadeaux\/40e\/"},{"@type":"ListItem","position":5,"name":"La Casquette Scratchy 4-8 ans &#8211; Set dinos"}]},{"@type":"WebSite","@id":"https:\/\/ratatamkids.com\/en\/#website","url":"https:\/\/ratatamkids.com\/en\/","name":"Ratatam Official Website","description":"Cool brand for happy kids!","potentialAction":[{"@type":"SearchAction","target":{"@type":"EntryPoint","urlTemplate":"https:\/\/ratatamkids.com\/en\/?s={search_term_string}"},"query-input":{"@type":"PropertyValueSpecification","valueRequired":true,"valueName":"search_term_string"}}],"inLanguage":"en-US"}]}},"_links":{"self":[{"href":"https:\/\/ratatamkids.com\/en\/wp-json\/wp\/v2\/product\/34814","targetHints":{"allow":["GET"]}}],"collection":[{"href":"https:\/\/ratatamkids.com\/en\/wp-json\/wp\/v2\/product"}],"about":[{"href":"https:\/\/ratatamkids.com\/en\/wp-json\/wp\/v2\/types\/product"}],"replies":[{"embeddable":true,"href":"https:\/\/ratatamkids.com\/en\/wp-json\/wp\/v2\/comments?post=34814"}],"wp:featuredmedia":[{"embeddable":true,"href":"https:\/\/ratatamkids.com\/en\/wp-json\/wp\/v2\/media\/36846"}],"wp:attachment":[{"href":"https:\/\/ratatamkids.com\/en\/wp-json\/wp\/v2\/media?parent=34814"}],"wp:term":[{"taxonomy":"product_brand","embeddable":true,"href":"https:\/\/ratatamkids.com\/en\/wp-json\/wp\/v2\/product_brand?post=34814"},{"taxonomy":"product_cat","embeddable":true,"href":"https:\/\/ratatamkids.com\/en\/wp-json\/wp\/v2\/product_cat?post=34814"},{"taxonomy":"product_tag","embeddable":true,"href":"https:\/\/ratatamkids.com\/en\/wp-json\/wp\/v2\/product_tag?post=34814"}],"curies":[{"name":"wp","href":"https:\/\/api.w.org\/{rel}","templated":true}]}}