{"id":34807,"date":"2018-08-17T10:56:03","date_gmt":"2018-08-17T08:56:03","guid":{"rendered":"https:\/\/ratatamkids.com\/?post_type=product&#038;p=34807"},"modified":"2026-02-16T11:45:09","modified_gmt":"2026-02-16T10:45:09","slug":"le-chouchou-metallique-violet","status":"publish","type":"product","link":"https:\/\/ratatamkids.com\/en\/produit\/le-chouchou-metallique-violet\/","title":{"rendered":"Le chouchou m\u00e9tallique &#8211; violet"},"content":{"rendered":"<h1>D\u00e9couvrez notre chouchou satin\u00e9 violet, un accessoire indispensable pour tous les d\u00e9guisements enfant !<\/h1>\n<p>Con\u00e7u pour offrir un confort maximal et un style irr\u00e9sistible, ce chouchou en nylon satin\u00e9 doux et \u00e9lastique est l&#8217;ajout parfait \u00e0 toute tenue de r\u00eave.<\/p>\n<p>Confortable, il est fabriqu\u00e9 en nylon satin\u00e9 doux et \u00e9lastique, ce chouchou non seulement procure un grand confort, mais ajoute aussi une touche d&#8217;amusement \u00e0 chaque coiffure de votre enfant !<\/p>\n<p>Que ce soit pour se transformer en princesse, en f\u00e9e ou en super-h\u00e9ros, ce chouchou satin\u00e9 dor\u00e9 compl\u00e8te tous les styles. Il apporte une touche de f\u00e9minit\u00e9 et de sophistication \u00e0 chaque d\u00e9guisement.<\/p>\n<p>Que votre enfant participe \u00e0 un bal royal dans un royaume enchant\u00e9, \u00e0 une mission secr\u00e8te dans l&#8217;espace ou \u00e0 une qu\u00eate magique dans une for\u00eat enchant\u00e9e, ce chouchou satin\u00e9 \u00e9lastique est le compagnon id\u00e9al pour chaque aventure.<\/p>\n<p>Disponible dans 4 couleurs.<\/p>\n<p>Nylon.<\/p>\n<p>Fabriqu\u00e9 en Chine.<\/p>\n","protected":false},"excerpt":{"rendered":"<p>Tout \u00a0droit des ann\u00e9es 90\u2032, le chouchou revient en force!<\/p>\n<p>On se noue les cheveux, ou on l\u2019utilise comme bijoux au poignet.<\/p>\n<p>Le chouchou Ratatam est m\u00e9tallis\u00e9, il est \u00e9lastique bien s\u00fbr.<\/p>\n<p>Disponible dans 4 couleurs.<\/p>\n<p>Polyester.<\/p>\n","protected":false},"featured_media":34809,"comment_status":"open","ping_status":"closed","template":"","meta":{"_acf_changed":false},"product_brand":[],"product_cat":[23,257],"product_tag":[],"class_list":{"0":"post-34807","1":"product","2":"type-product","3":"status-publish","4":"has-post-thumbnail","6":"product_cat-accessoires","7":"product_cat-accessoires-de-mode","9":"first","10":"outofstock","11":"taxable","12":"shipping-taxable","13":"purchasable","14":"product-type-simple"},"acf":[],"yoast_head":"<!-- This site is optimized with the Yoast SEO plugin v25.4 - https:\/\/yoast.com\/wordpress\/plugins\/seo\/ -->\n<title>Le chouchou m\u00e9tallique - violet - Ratatam Official Website<\/title>\n<meta name=\"description\" content=\"Chouchou \u00e9lastique pour cheveux satin\u00e9 violet Ratatam Kids. Livraison offerte en France Metropolitaine.\" \/>\n<meta name=\"robots\" content=\"index, follow, max-snippet:-1, max-image-preview:large, max-video-preview:-1\" \/>\n<link rel=\"canonical\" href=\"https:\/\/ratatamkids.com\/en\/produit\/le-chouchou-metallique-violet\/\" \/>\n<meta property=\"og:locale\" content=\"en_US\" \/>\n<meta property=\"og:type\" content=\"article\" \/>\n<meta property=\"og:title\" content=\"Le chouchou m\u00e9tallique - violet - Ratatam Official Website\" \/>\n<meta property=\"og:description\" content=\"Chouchou \u00e9lastique pour cheveux satin\u00e9 violet Ratatam Kids. Livraison offerte en France Metropolitaine.\" \/>\n<meta property=\"og:url\" content=\"https:\/\/ratatamkids.com\/en\/produit\/le-chouchou-metallique-violet\/\" \/>\n<meta property=\"og:site_name\" content=\"Ratatam Official Website\" \/>\n<meta property=\"article:publisher\" content=\"https:\/\/www.facebook.com\/Ratatamforhappykids\/\" \/>\n<meta property=\"article:modified_time\" content=\"2026-02-16T10:45:09+00:00\" \/>\n<meta property=\"og:image\" content=\"https:\/\/ratatamkids.com\/wp-content\/uploads\/2024\/08\/Image-24.jpg\" \/>\n\t<meta property=\"og:image:width\" content=\"851\" \/>\n\t<meta property=\"og:image:height\" content=\"851\" \/>\n\t<meta property=\"og:image:type\" content=\"image\/jpeg\" \/>\n<meta name=\"twitter:card\" content=\"summary_large_image\" \/>\n<meta name=\"twitter:label1\" content=\"Est. reading time\" \/>\n\t<meta name=\"twitter:data1\" content=\"1 minute\" \/>\n<script type=\"application\/ld+json\" class=\"yoast-schema-graph\">{\"@context\":\"https:\/\/schema.org\",\"@graph\":[{\"@type\":\"WebPage\",\"@id\":\"https:\/\/ratatamkids.com\/en\/produit\/le-chouchou-metallique-violet\/\",\"url\":\"https:\/\/ratatamkids.com\/en\/produit\/le-chouchou-metallique-violet\/\",\"name\":\"Le chouchou m\u00e9tallique - violet - Ratatam Official Website\",\"isPartOf\":{\"@id\":\"https:\/\/ratatamkids.com\/en\/#website\"},\"primaryImageOfPage\":{\"@id\":\"https:\/\/ratatamkids.com\/en\/produit\/le-chouchou-metallique-violet\/#primaryimage\"},\"image\":{\"@id\":\"https:\/\/ratatamkids.com\/en\/produit\/le-chouchou-metallique-violet\/#primaryimage\"},\"thumbnailUrl\":\"https:\/\/ratatamkids.com\/wp-content\/uploads\/2024\/08\/Image-24.jpg\",\"datePublished\":\"2018-08-17T08:56:03+00:00\",\"dateModified\":\"2026-02-16T10:45:09+00:00\",\"description\":\"Chouchou \u00e9lastique pour cheveux satin\u00e9 violet Ratatam Kids. Livraison offerte en France Metropolitaine.\",\"breadcrumb\":{\"@id\":\"https:\/\/ratatamkids.com\/en\/produit\/le-chouchou-metallique-violet\/#breadcrumb\"},\"inLanguage\":\"en-US\",\"potentialAction\":[{\"@type\":\"ReadAction\",\"target\":[\"https:\/\/ratatamkids.com\/en\/produit\/le-chouchou-metallique-violet\/\"]}]},{\"@type\":\"ImageObject\",\"inLanguage\":\"en-US\",\"@id\":\"https:\/\/ratatamkids.com\/en\/produit\/le-chouchou-metallique-violet\/#primaryimage\",\"url\":\"https:\/\/ratatamkids.com\/wp-content\/uploads\/2024\/08\/Image-24.jpg\",\"contentUrl\":\"https:\/\/ratatamkids.com\/wp-content\/uploads\/2024\/08\/Image-24.jpg\",\"width\":851,\"height\":851},{\"@type\":\"BreadcrumbList\",\"@id\":\"https:\/\/ratatamkids.com\/en\/produit\/le-chouchou-metallique-violet\/#breadcrumb\",\"itemListElement\":[{\"@type\":\"ListItem\",\"position\":1,\"name\":\"Accueil\",\"item\":\"https:\/\/ratatamkids.com\/en\/\"},{\"@type\":\"ListItem\",\"position\":2,\"name\":\"Shop\",\"item\":\"https:\/\/ratatamkids.com\/en\/shop\/\"},{\"@type\":\"ListItem\",\"position\":3,\"name\":\"Accessories\",\"item\":\"https:\/\/ratatamkids.com\/en\/categorie-produit\/accessories\/\"},{\"@type\":\"ListItem\",\"position\":4,\"name\":\"Fashion Accessories\",\"item\":\"https:\/\/ratatamkids.com\/en\/categorie-produit\/accessories\/fashion-accessories\/\"},{\"@type\":\"ListItem\",\"position\":5,\"name\":\"Le chouchou m\u00e9tallique &#8211; violet\"}]},{\"@type\":\"WebSite\",\"@id\":\"https:\/\/ratatamkids.com\/en\/#website\",\"url\":\"https:\/\/ratatamkids.com\/en\/\",\"name\":\"Ratatam Official Website\",\"description\":\"Cool brand for happy kids!\",\"potentialAction\":[{\"@type\":\"SearchAction\",\"target\":{\"@type\":\"EntryPoint\",\"urlTemplate\":\"https:\/\/ratatamkids.com\/en\/?s={search_term_string}\"},\"query-input\":{\"@type\":\"PropertyValueSpecification\",\"valueRequired\":true,\"valueName\":\"search_term_string\"}}],\"inLanguage\":\"en-US\"}]}<\/script>\n<!-- \/ Yoast SEO plugin. -->","yoast_head_json":{"title":"Le chouchou m\u00e9tallique - violet - Ratatam Official Website","description":"Chouchou \u00e9lastique pour cheveux satin\u00e9 violet Ratatam Kids. Livraison offerte en France Metropolitaine.","robots":{"index":"index","follow":"follow","max-snippet":"max-snippet:-1","max-image-preview":"max-image-preview:large","max-video-preview":"max-video-preview:-1"},"canonical":"https:\/\/ratatamkids.com\/en\/produit\/le-chouchou-metallique-violet\/","og_locale":"en_US","og_type":"article","og_title":"Le chouchou m\u00e9tallique - violet - Ratatam Official Website","og_description":"Chouchou \u00e9lastique pour cheveux satin\u00e9 violet Ratatam Kids. Livraison offerte en France Metropolitaine.","og_url":"https:\/\/ratatamkids.com\/en\/produit\/le-chouchou-metallique-violet\/","og_site_name":"Ratatam Official Website","article_publisher":"https:\/\/www.facebook.com\/Ratatamforhappykids\/","article_modified_time":"2026-02-16T10:45:09+00:00","og_image":[{"width":851,"height":851,"url":"https:\/\/ratatamkids.com\/wp-content\/uploads\/2024\/08\/Image-24.jpg","type":"image\/jpeg"}],"twitter_card":"summary_large_image","twitter_misc":{"Est. reading time":"1 minute"},"schema":{"@context":"https:\/\/schema.org","@graph":[{"@type":"WebPage","@id":"https:\/\/ratatamkids.com\/en\/produit\/le-chouchou-metallique-violet\/","url":"https:\/\/ratatamkids.com\/en\/produit\/le-chouchou-metallique-violet\/","name":"Le chouchou m\u00e9tallique - violet - Ratatam Official Website","isPartOf":{"@id":"https:\/\/ratatamkids.com\/en\/#website"},"primaryImageOfPage":{"@id":"https:\/\/ratatamkids.com\/en\/produit\/le-chouchou-metallique-violet\/#primaryimage"},"image":{"@id":"https:\/\/ratatamkids.com\/en\/produit\/le-chouchou-metallique-violet\/#primaryimage"},"thumbnailUrl":"https:\/\/ratatamkids.com\/wp-content\/uploads\/2024\/08\/Image-24.jpg","datePublished":"2018-08-17T08:56:03+00:00","dateModified":"2026-02-16T10:45:09+00:00","description":"Chouchou \u00e9lastique pour cheveux satin\u00e9 violet Ratatam Kids. Livraison offerte en France Metropolitaine.","breadcrumb":{"@id":"https:\/\/ratatamkids.com\/en\/produit\/le-chouchou-metallique-violet\/#breadcrumb"},"inLanguage":"en-US","potentialAction":[{"@type":"ReadAction","target":["https:\/\/ratatamkids.com\/en\/produit\/le-chouchou-metallique-violet\/"]}]},{"@type":"ImageObject","inLanguage":"en-US","@id":"https:\/\/ratatamkids.com\/en\/produit\/le-chouchou-metallique-violet\/#primaryimage","url":"https:\/\/ratatamkids.com\/wp-content\/uploads\/2024\/08\/Image-24.jpg","contentUrl":"https:\/\/ratatamkids.com\/wp-content\/uploads\/2024\/08\/Image-24.jpg","width":851,"height":851},{"@type":"BreadcrumbList","@id":"https:\/\/ratatamkids.com\/en\/produit\/le-chouchou-metallique-violet\/#breadcrumb","itemListElement":[{"@type":"ListItem","position":1,"name":"Accueil","item":"https:\/\/ratatamkids.com\/en\/"},{"@type":"ListItem","position":2,"name":"Shop","item":"https:\/\/ratatamkids.com\/en\/shop\/"},{"@type":"ListItem","position":3,"name":"Accessories","item":"https:\/\/ratatamkids.com\/en\/categorie-produit\/accessories\/"},{"@type":"ListItem","position":4,"name":"Fashion Accessories","item":"https:\/\/ratatamkids.com\/en\/categorie-produit\/accessories\/fashion-accessories\/"},{"@type":"ListItem","position":5,"name":"Le chouchou m\u00e9tallique &#8211; violet"}]},{"@type":"WebSite","@id":"https:\/\/ratatamkids.com\/en\/#website","url":"https:\/\/ratatamkids.com\/en\/","name":"Ratatam Official Website","description":"Cool brand for happy kids!","potentialAction":[{"@type":"SearchAction","target":{"@type":"EntryPoint","urlTemplate":"https:\/\/ratatamkids.com\/en\/?s={search_term_string}"},"query-input":{"@type":"PropertyValueSpecification","valueRequired":true,"valueName":"search_term_string"}}],"inLanguage":"en-US"}]}},"_links":{"self":[{"href":"https:\/\/ratatamkids.com\/en\/wp-json\/wp\/v2\/product\/34807","targetHints":{"allow":["GET"]}}],"collection":[{"href":"https:\/\/ratatamkids.com\/en\/wp-json\/wp\/v2\/product"}],"about":[{"href":"https:\/\/ratatamkids.com\/en\/wp-json\/wp\/v2\/types\/product"}],"replies":[{"embeddable":true,"href":"https:\/\/ratatamkids.com\/en\/wp-json\/wp\/v2\/comments?post=34807"}],"wp:featuredmedia":[{"embeddable":true,"href":"https:\/\/ratatamkids.com\/en\/wp-json\/wp\/v2\/media\/34809"}],"wp:attachment":[{"href":"https:\/\/ratatamkids.com\/en\/wp-json\/wp\/v2\/media?parent=34807"}],"wp:term":[{"taxonomy":"product_brand","embeddable":true,"href":"https:\/\/ratatamkids.com\/en\/wp-json\/wp\/v2\/product_brand?post=34807"},{"taxonomy":"product_cat","embeddable":true,"href":"https:\/\/ratatamkids.com\/en\/wp-json\/wp\/v2\/product_cat?post=34807"},{"taxonomy":"product_tag","embeddable":true,"href":"https:\/\/ratatamkids.com\/en\/wp-json\/wp\/v2\/product_tag?post=34807"}],"curies":[{"name":"wp","href":"https:\/\/api.w.org\/{rel}","templated":true}]}}