{"id":34796,"date":"2024-11-06T17:19:21","date_gmt":"2024-11-06T16:19:21","guid":{"rendered":"https:\/\/ratatamkids.com\/?post_type=product&#038;p=34796"},"modified":"2026-04-12T10:18:07","modified_gmt":"2026-04-12T08:18:07","slug":"le-sac-banane-damier-rose-et-rouge","status":"publish","type":"product","link":"https:\/\/ratatamkids.com\/en\/produit\/le-sac-banane-damier-rose-et-rouge\/","title":{"rendered":"Le sac banane damier &#8211; Rose et rouge"},"content":{"rendered":"<h3><strong>Sac Banane &#8211; Imprim\u00e9 Damier Rose et Rouge \ud83d\udc96<\/strong><\/h3>\n<p>\ud83c\udfc1 <strong>Pr\u00e9parez-vous \u00e0 faire des \u00e9tincelles avec ce sac banane damier rose et rouge ultra fun !<\/strong> \ud83c\udfc1<\/p>\n<p>Votre mini star va adorer ce sac banane au <strong>look damier<\/strong> super styl\u00e9 ! Avec son imprim\u00e9 rose et rouge, c\u2019est l\u2019accessoire parfait pour ajouter une touche funky \u00e0 toutes ses tenues, que ce soit \u00e0 l\u2019\u00e9cole ou pour ses aventures du week-end !<\/p>\n<p>\ud83c\udf92 <strong>Pratique et super mignon<\/strong> : Assez spacieux pour y ranger tous ses tr\u00e9sors : bonbons, cartes secr\u00e8tes ou petits jouets, tout trouve sa place dans ce sac super cool !<\/p>\n<p>\ud83d\udc96 <strong>Pour les kids qui ont du style<\/strong> : Id\u00e9al pour les enfants qui aiment mixer couleurs et motifs tout en restant au top de la tendance ! Avec ce sac banane, fini de perdre ses affaires !<\/p>\n<p>\ud83d\udc96<strong> Pour les mamans branch\u00e9es:<\/strong> Id\u00e9al pour les mamans qui aiment la mode avec un petit style r\u00e9tro !<\/p>\n<p>\ud83d\udcab <strong>Pourquoi on l\u2019aime ?<\/strong><\/p>\n<ul>\n<li>Taille parfaite pour les petites explorations<\/li>\n<li>Look color\u00e9 et original qui fait p\u00e9tiller le quotidien<\/li>\n<li>L\u00e9ger, fun et facile \u00e0 porter !<\/li>\n<\/ul>\n<p>Enfile ton sac banane et d\u00e9marre la journ\u00e9e avec style ! \ud83c\udfc1\ud83d\udc5f<\/p>\n<p>100% Coton<\/p>\n<p>Fabriqu\u00e9 en Chine<\/p>\n<p>2 imprim\u00e9s disponibles: Damier rose&amp;rouge \/ Damier bleu&amp;jaune<\/p>\n","protected":false},"excerpt":{"rendered":"<p>Craquez pour le sac banane imprim\u00e9 damier rose et rouge \ud83d\udc96, l&#8217;accessoire fun et tendance pour les kids !<\/p>\n<p>Parfait pour transporter tous leurs petits tr\u00e9sors avec style !<\/p>\n<p>100% Coton<\/p>\n","protected":false},"featured_media":35066,"comment_status":"open","ping_status":"closed","template":"","meta":{"_acf_changed":false},"product_brand":[],"product_cat":[23,240],"product_tag":[],"class_list":{"0":"post-34796","1":"product","2":"type-product","3":"status-publish","4":"has-post-thumbnail","6":"product_cat-accessoires","7":"product_cat-sacs","9":"first","10":"outofstock","11":"taxable","12":"shipping-taxable","13":"purchasable","14":"product-type-simple"},"acf":[],"yoast_head":"<!-- This site is optimized with the Yoast SEO plugin v25.4 - https:\/\/yoast.com\/wordpress\/plugins\/seo\/ -->\n<title>Le sac banane damier - Rose et rouge - Ratatam Official Website<\/title>\n<meta name=\"description\" content=\"Craquez pour le sac banane imprim\u00e9 damier rose et rouge \ud83d\udc96, l&#039;accessoire fun et tendance pour les kids ! Parfait pour transporter tous leurs petits tr\u00e9sors.\" \/>\n<meta name=\"robots\" content=\"index, follow, max-snippet:-1, max-image-preview:large, max-video-preview:-1\" \/>\n<link rel=\"canonical\" href=\"https:\/\/ratatamkids.com\/en\/produit\/le-sac-banane-damier-rose-et-rouge\/\" \/>\n<meta property=\"og:locale\" content=\"en_US\" \/>\n<meta property=\"og:type\" content=\"article\" \/>\n<meta property=\"og:title\" content=\"Le sac banane damier - Rose et rouge - Ratatam Official Website\" \/>\n<meta property=\"og:description\" content=\"Craquez pour le sac banane imprim\u00e9 damier rose et rouge \ud83d\udc96, l&#039;accessoire fun et tendance pour les kids ! Parfait pour transporter tous leurs petits tr\u00e9sors.\" \/>\n<meta property=\"og:url\" content=\"https:\/\/ratatamkids.com\/en\/produit\/le-sac-banane-damier-rose-et-rouge\/\" \/>\n<meta property=\"og:site_name\" content=\"Ratatam Official Website\" \/>\n<meta property=\"article:publisher\" content=\"https:\/\/www.facebook.com\/Ratatamforhappykids\/\" \/>\n<meta property=\"article:modified_time\" content=\"2026-04-12T08:18:07+00:00\" \/>\n<meta property=\"og:image\" content=\"https:\/\/ratatamkids.com\/wp-content\/uploads\/2024\/07\/BN-A035-BANANE-DAMIER-ROSE-ROUGE-2.jpg\" \/>\n\t<meta property=\"og:image:width\" content=\"800\" \/>\n\t<meta property=\"og:image:height\" content=\"800\" \/>\n\t<meta property=\"og:image:type\" content=\"image\/jpeg\" \/>\n<meta name=\"twitter:card\" content=\"summary_large_image\" \/>\n<meta name=\"twitter:label1\" content=\"Est. reading time\" \/>\n\t<meta name=\"twitter:data1\" content=\"2 minutes\" \/>\n<script type=\"application\/ld+json\" class=\"yoast-schema-graph\">{\"@context\":\"https:\/\/schema.org\",\"@graph\":[{\"@type\":\"WebPage\",\"@id\":\"https:\/\/ratatamkids.com\/en\/produit\/le-sac-banane-damier-rose-et-rouge\/\",\"url\":\"https:\/\/ratatamkids.com\/en\/produit\/le-sac-banane-damier-rose-et-rouge\/\",\"name\":\"Le sac banane damier - Rose et rouge - Ratatam Official Website\",\"isPartOf\":{\"@id\":\"https:\/\/ratatamkids.com\/en\/#website\"},\"primaryImageOfPage\":{\"@id\":\"https:\/\/ratatamkids.com\/en\/produit\/le-sac-banane-damier-rose-et-rouge\/#primaryimage\"},\"image\":{\"@id\":\"https:\/\/ratatamkids.com\/en\/produit\/le-sac-banane-damier-rose-et-rouge\/#primaryimage\"},\"thumbnailUrl\":\"https:\/\/ratatamkids.com\/wp-content\/uploads\/2024\/07\/BN-A035-BANANE-DAMIER-ROSE-ROUGE-2.jpg\",\"datePublished\":\"2024-11-06T16:19:21+00:00\",\"dateModified\":\"2026-04-12T08:18:07+00:00\",\"description\":\"Craquez pour le sac banane imprim\u00e9 damier rose et rouge \ud83d\udc96, l'accessoire fun et tendance pour les kids ! Parfait pour transporter tous leurs petits tr\u00e9sors.\",\"breadcrumb\":{\"@id\":\"https:\/\/ratatamkids.com\/en\/produit\/le-sac-banane-damier-rose-et-rouge\/#breadcrumb\"},\"inLanguage\":\"en-US\",\"potentialAction\":[{\"@type\":\"ReadAction\",\"target\":[\"https:\/\/ratatamkids.com\/en\/produit\/le-sac-banane-damier-rose-et-rouge\/\"]}]},{\"@type\":\"ImageObject\",\"inLanguage\":\"en-US\",\"@id\":\"https:\/\/ratatamkids.com\/en\/produit\/le-sac-banane-damier-rose-et-rouge\/#primaryimage\",\"url\":\"https:\/\/ratatamkids.com\/wp-content\/uploads\/2024\/07\/BN-A035-BANANE-DAMIER-ROSE-ROUGE-2.jpg\",\"contentUrl\":\"https:\/\/ratatamkids.com\/wp-content\/uploads\/2024\/07\/BN-A035-BANANE-DAMIER-ROSE-ROUGE-2.jpg\",\"width\":800,\"height\":800,\"caption\":\"BANANE DAMIER ROSE ET ROUGE BN-A035 RATATAM KIDS\"},{\"@type\":\"BreadcrumbList\",\"@id\":\"https:\/\/ratatamkids.com\/en\/produit\/le-sac-banane-damier-rose-et-rouge\/#breadcrumb\",\"itemListElement\":[{\"@type\":\"ListItem\",\"position\":1,\"name\":\"Accueil\",\"item\":\"https:\/\/ratatamkids.com\/en\/\"},{\"@type\":\"ListItem\",\"position\":2,\"name\":\"Shop\",\"item\":\"https:\/\/ratatamkids.com\/en\/shop\/\"},{\"@type\":\"ListItem\",\"position\":3,\"name\":\"Accessories\",\"item\":\"https:\/\/ratatamkids.com\/en\/categorie-produit\/accessories\/\"},{\"@type\":\"ListItem\",\"position\":4,\"name\":\"Le sac banane damier &#8211; Rose et rouge\"}]},{\"@type\":\"WebSite\",\"@id\":\"https:\/\/ratatamkids.com\/en\/#website\",\"url\":\"https:\/\/ratatamkids.com\/en\/\",\"name\":\"Ratatam Official Website\",\"description\":\"Cool brand for happy kids!\",\"potentialAction\":[{\"@type\":\"SearchAction\",\"target\":{\"@type\":\"EntryPoint\",\"urlTemplate\":\"https:\/\/ratatamkids.com\/en\/?s={search_term_string}\"},\"query-input\":{\"@type\":\"PropertyValueSpecification\",\"valueRequired\":true,\"valueName\":\"search_term_string\"}}],\"inLanguage\":\"en-US\"}]}<\/script>\n<!-- \/ Yoast SEO plugin. -->","yoast_head_json":{"title":"Le sac banane damier - Rose et rouge - Ratatam Official Website","description":"Craquez pour le sac banane imprim\u00e9 damier rose et rouge \ud83d\udc96, l'accessoire fun et tendance pour les kids ! Parfait pour transporter tous leurs petits tr\u00e9sors.","robots":{"index":"index","follow":"follow","max-snippet":"max-snippet:-1","max-image-preview":"max-image-preview:large","max-video-preview":"max-video-preview:-1"},"canonical":"https:\/\/ratatamkids.com\/en\/produit\/le-sac-banane-damier-rose-et-rouge\/","og_locale":"en_US","og_type":"article","og_title":"Le sac banane damier - Rose et rouge - Ratatam Official Website","og_description":"Craquez pour le sac banane imprim\u00e9 damier rose et rouge \ud83d\udc96, l'accessoire fun et tendance pour les kids ! Parfait pour transporter tous leurs petits tr\u00e9sors.","og_url":"https:\/\/ratatamkids.com\/en\/produit\/le-sac-banane-damier-rose-et-rouge\/","og_site_name":"Ratatam Official Website","article_publisher":"https:\/\/www.facebook.com\/Ratatamforhappykids\/","article_modified_time":"2026-04-12T08:18:07+00:00","og_image":[{"width":800,"height":800,"url":"https:\/\/ratatamkids.com\/wp-content\/uploads\/2024\/07\/BN-A035-BANANE-DAMIER-ROSE-ROUGE-2.jpg","type":"image\/jpeg"}],"twitter_card":"summary_large_image","twitter_misc":{"Est. reading time":"2 minutes"},"schema":{"@context":"https:\/\/schema.org","@graph":[{"@type":"WebPage","@id":"https:\/\/ratatamkids.com\/en\/produit\/le-sac-banane-damier-rose-et-rouge\/","url":"https:\/\/ratatamkids.com\/en\/produit\/le-sac-banane-damier-rose-et-rouge\/","name":"Le sac banane damier - Rose et rouge - Ratatam Official Website","isPartOf":{"@id":"https:\/\/ratatamkids.com\/en\/#website"},"primaryImageOfPage":{"@id":"https:\/\/ratatamkids.com\/en\/produit\/le-sac-banane-damier-rose-et-rouge\/#primaryimage"},"image":{"@id":"https:\/\/ratatamkids.com\/en\/produit\/le-sac-banane-damier-rose-et-rouge\/#primaryimage"},"thumbnailUrl":"https:\/\/ratatamkids.com\/wp-content\/uploads\/2024\/07\/BN-A035-BANANE-DAMIER-ROSE-ROUGE-2.jpg","datePublished":"2024-11-06T16:19:21+00:00","dateModified":"2026-04-12T08:18:07+00:00","description":"Craquez pour le sac banane imprim\u00e9 damier rose et rouge \ud83d\udc96, l'accessoire fun et tendance pour les kids ! Parfait pour transporter tous leurs petits tr\u00e9sors.","breadcrumb":{"@id":"https:\/\/ratatamkids.com\/en\/produit\/le-sac-banane-damier-rose-et-rouge\/#breadcrumb"},"inLanguage":"en-US","potentialAction":[{"@type":"ReadAction","target":["https:\/\/ratatamkids.com\/en\/produit\/le-sac-banane-damier-rose-et-rouge\/"]}]},{"@type":"ImageObject","inLanguage":"en-US","@id":"https:\/\/ratatamkids.com\/en\/produit\/le-sac-banane-damier-rose-et-rouge\/#primaryimage","url":"https:\/\/ratatamkids.com\/wp-content\/uploads\/2024\/07\/BN-A035-BANANE-DAMIER-ROSE-ROUGE-2.jpg","contentUrl":"https:\/\/ratatamkids.com\/wp-content\/uploads\/2024\/07\/BN-A035-BANANE-DAMIER-ROSE-ROUGE-2.jpg","width":800,"height":800,"caption":"BANANE DAMIER ROSE ET ROUGE BN-A035 RATATAM KIDS"},{"@type":"BreadcrumbList","@id":"https:\/\/ratatamkids.com\/en\/produit\/le-sac-banane-damier-rose-et-rouge\/#breadcrumb","itemListElement":[{"@type":"ListItem","position":1,"name":"Accueil","item":"https:\/\/ratatamkids.com\/en\/"},{"@type":"ListItem","position":2,"name":"Shop","item":"https:\/\/ratatamkids.com\/en\/shop\/"},{"@type":"ListItem","position":3,"name":"Accessories","item":"https:\/\/ratatamkids.com\/en\/categorie-produit\/accessories\/"},{"@type":"ListItem","position":4,"name":"Le sac banane damier &#8211; Rose et rouge"}]},{"@type":"WebSite","@id":"https:\/\/ratatamkids.com\/en\/#website","url":"https:\/\/ratatamkids.com\/en\/","name":"Ratatam Official Website","description":"Cool brand for happy kids!","potentialAction":[{"@type":"SearchAction","target":{"@type":"EntryPoint","urlTemplate":"https:\/\/ratatamkids.com\/en\/?s={search_term_string}"},"query-input":{"@type":"PropertyValueSpecification","valueRequired":true,"valueName":"search_term_string"}}],"inLanguage":"en-US"}]}},"_links":{"self":[{"href":"https:\/\/ratatamkids.com\/en\/wp-json\/wp\/v2\/product\/34796","targetHints":{"allow":["GET"]}}],"collection":[{"href":"https:\/\/ratatamkids.com\/en\/wp-json\/wp\/v2\/product"}],"about":[{"href":"https:\/\/ratatamkids.com\/en\/wp-json\/wp\/v2\/types\/product"}],"replies":[{"embeddable":true,"href":"https:\/\/ratatamkids.com\/en\/wp-json\/wp\/v2\/comments?post=34796"}],"wp:featuredmedia":[{"embeddable":true,"href":"https:\/\/ratatamkids.com\/en\/wp-json\/wp\/v2\/media\/35066"}],"wp:attachment":[{"href":"https:\/\/ratatamkids.com\/en\/wp-json\/wp\/v2\/media?parent=34796"}],"wp:term":[{"taxonomy":"product_brand","embeddable":true,"href":"https:\/\/ratatamkids.com\/en\/wp-json\/wp\/v2\/product_brand?post=34796"},{"taxonomy":"product_cat","embeddable":true,"href":"https:\/\/ratatamkids.com\/en\/wp-json\/wp\/v2\/product_cat?post=34796"},{"taxonomy":"product_tag","embeddable":true,"href":"https:\/\/ratatamkids.com\/en\/wp-json\/wp\/v2\/product_tag?post=34796"}],"curies":[{"name":"wp","href":"https:\/\/api.w.org\/{rel}","templated":true}]}}