{"id":34795,"date":"2024-07-30T17:17:49","date_gmt":"2024-07-30T15:17:49","guid":{"rendered":"https:\/\/ratatamkids.com\/?post_type=product&#038;p=34795"},"modified":"2026-04-12T10:16:39","modified_gmt":"2026-04-12T08:16:39","slug":"le-sac-banane-damier-bleu-et-jaune","status":"publish","type":"product","link":"https:\/\/ratatamkids.com\/en\/produit\/le-sac-banane-damier-bleu-et-jaune\/","title":{"rendered":"Le sac banane damier &#8211; Bleu et jaune"},"content":{"rendered":"<div class=\"flex max-w-full flex-col flex-grow\">\n<div class=\"min-h-[20px] text-message flex w-full flex-col items-end gap-2 whitespace-normal break-words [.text-message+&amp;]:mt-5 overflow-x-auto\" dir=\"auto\" data-message-author-role=\"assistant\" data-message-id=\"7d56fa3a-8577-440e-8edc-a2a8e7787591\">\n<div class=\"flex w-full flex-col gap-1 empty:hidden first:pt-[3px]\">\n<div class=\"markdown prose w-full break-words dark:prose-invert light\">\n<h3><strong>Sac Banane &#8211; Imprim\u00e9 Damier Jaune et Bleu \ud83d\udc9b\ud83d\udc99<\/strong><\/h3>\n<p>\ud83c\udfc1 <strong>Pr\u00eat(e) \u00e0 flasher avec le sac banane le plus cool de la r\u00e9cr\u00e9 ?<\/strong> \ud83c\udfc1<\/p>\n<p>Avec son imprim\u00e9 damier <strong>jaune p\u00e9tillant et bleu \u00e9clatant<\/strong>, ce sac banane est l\u2019accessoire qu\u2019il te faut pour des aventures color\u00e9es et ultra fun ! \ud83c\udf89<\/p>\n<p>\ud83c\udf92 <strong>Pratique et styl\u00e9<\/strong> : Ce sac est parfait pour transporter tous les petits tr\u00e9sors de ton mini-explorateur. Que ce soit des jouets, des bonbons ou m\u00eame un secret bien gard\u00e9\u2026 tout y trouve sa place ! \ud83c\udf1f<\/p>\n<p>\ud83d\udc9b\ud83d\udc99 <strong>Pour les enfants qui aiment briller<\/strong> : Avec son motif damier fun et funky, ce sac est fait pour les kids qui veulent se d\u00e9marquer et \u00eatre au top du style. Enfile-le et c&#8217;est parti pour des journ\u00e9es pleines de couleurs et de rires !<\/p>\n<p>\ud83d\udcab <strong>Pourquoi l\u2019adopter ?<\/strong><\/p>\n<ul>\n<li>Taille id\u00e9ale pour toutes les mini-aventures !<\/li>\n<li>Look fun et \u00e9clatant qui fait sensation !<\/li>\n<li>L\u00e9ger, pratique et super facile \u00e0 porter !<\/li>\n<\/ul>\n<p>Pr\u00eat \u00e0 faire des jaloux avec ton sac banane jaune et bleu ? Fonce et pr\u00e9pare-toi pour des aventures styl\u00e9es ! \ud83d\ude80<\/p>\n<p>100% Coton<\/p>\n<p>Fabriqu\u00e9 en Chine<\/p>\n<p>2 imprim\u00e9s disponibles: Damier rose&amp;rouge \/ Damier bleu&amp;jaune<\/p>\n<\/div>\n<\/div>\n<\/div>\n<\/div>\n","protected":false},"excerpt":{"rendered":"<p>Adoptez le sac banane imprim\u00e9 damier jaune et bleu \ud83d\udc9b\ud83d\udc99, l&#8217;accessoire fun et tendance pour les enfants ! I<\/p>\n<p>d\u00e9al pour transporter leurs petits tr\u00e9sors avec style et originalit\u00e9 !<\/p>\n<p>100% Coton<\/p>\n","protected":false},"featured_media":35816,"comment_status":"open","ping_status":"closed","template":"","meta":{"_acf_changed":false},"product_brand":[],"product_cat":[23,240],"product_tag":[],"class_list":{"0":"post-34795","1":"product","2":"type-product","3":"status-publish","4":"has-post-thumbnail","6":"product_cat-accessoires","7":"product_cat-sacs","9":"first","10":"outofstock","11":"taxable","12":"shipping-taxable","13":"purchasable","14":"product-type-simple"},"acf":[],"yoast_head":"<!-- This site is optimized with the Yoast SEO plugin v25.4 - https:\/\/yoast.com\/wordpress\/plugins\/seo\/ -->\n<title>Le sac banane damier - Bleu et jaune - Ratatam Official Website<\/title>\n<meta name=\"description\" content=\"Adoptez le sac banane imprim\u00e9 damier jaune et bleu \ud83d\udc9b\ud83d\udc99, l&#039;accessoire fun et tendance pour les enfants ! Id\u00e9al pour transporter leurs petits tr\u00e9sors.\" \/>\n<meta name=\"robots\" content=\"index, follow, max-snippet:-1, max-image-preview:large, max-video-preview:-1\" \/>\n<link rel=\"canonical\" href=\"https:\/\/ratatamkids.com\/en\/produit\/le-sac-banane-damier-bleu-et-jaune\/\" \/>\n<meta property=\"og:locale\" content=\"en_US\" \/>\n<meta property=\"og:type\" content=\"article\" \/>\n<meta property=\"og:title\" content=\"Le sac banane damier - Bleu et jaune - Ratatam Official Website\" \/>\n<meta property=\"og:description\" content=\"Adoptez le sac banane imprim\u00e9 damier jaune et bleu \ud83d\udc9b\ud83d\udc99, l&#039;accessoire fun et tendance pour les enfants ! Id\u00e9al pour transporter leurs petits tr\u00e9sors.\" \/>\n<meta property=\"og:url\" content=\"https:\/\/ratatamkids.com\/en\/produit\/le-sac-banane-damier-bleu-et-jaune\/\" \/>\n<meta property=\"og:site_name\" content=\"Ratatam Official Website\" \/>\n<meta property=\"article:publisher\" content=\"https:\/\/www.facebook.com\/Ratatamforhappykids\/\" \/>\n<meta property=\"article:modified_time\" content=\"2026-04-12T08:16:39+00:00\" \/>\n<meta property=\"og:image\" content=\"https:\/\/ratatamkids.com\/wp-content\/uploads\/2024\/07\/IMG_8096-3.jpeg\" \/>\n\t<meta property=\"og:image:width\" content=\"1179\" \/>\n\t<meta property=\"og:image:height\" content=\"1179\" \/>\n\t<meta property=\"og:image:type\" content=\"image\/jpeg\" \/>\n<meta name=\"twitter:card\" content=\"summary_large_image\" \/>\n<meta name=\"twitter:label1\" content=\"Est. reading time\" \/>\n\t<meta name=\"twitter:data1\" content=\"2 minutes\" \/>\n<script type=\"application\/ld+json\" class=\"yoast-schema-graph\">{\"@context\":\"https:\/\/schema.org\",\"@graph\":[{\"@type\":\"WebPage\",\"@id\":\"https:\/\/ratatamkids.com\/en\/produit\/le-sac-banane-damier-bleu-et-jaune\/\",\"url\":\"https:\/\/ratatamkids.com\/en\/produit\/le-sac-banane-damier-bleu-et-jaune\/\",\"name\":\"Le sac banane damier - Bleu et jaune - Ratatam Official Website\",\"isPartOf\":{\"@id\":\"https:\/\/ratatamkids.com\/en\/#website\"},\"primaryImageOfPage\":{\"@id\":\"https:\/\/ratatamkids.com\/en\/produit\/le-sac-banane-damier-bleu-et-jaune\/#primaryimage\"},\"image\":{\"@id\":\"https:\/\/ratatamkids.com\/en\/produit\/le-sac-banane-damier-bleu-et-jaune\/#primaryimage\"},\"thumbnailUrl\":\"https:\/\/ratatamkids.com\/wp-content\/uploads\/2024\/07\/IMG_8096-3.jpeg\",\"datePublished\":\"2024-07-30T15:17:49+00:00\",\"dateModified\":\"2026-04-12T08:16:39+00:00\",\"description\":\"Adoptez le sac banane imprim\u00e9 damier jaune et bleu \ud83d\udc9b\ud83d\udc99, l'accessoire fun et tendance pour les enfants ! Id\u00e9al pour transporter leurs petits tr\u00e9sors.\",\"breadcrumb\":{\"@id\":\"https:\/\/ratatamkids.com\/en\/produit\/le-sac-banane-damier-bleu-et-jaune\/#breadcrumb\"},\"inLanguage\":\"en-US\",\"potentialAction\":[{\"@type\":\"ReadAction\",\"target\":[\"https:\/\/ratatamkids.com\/en\/produit\/le-sac-banane-damier-bleu-et-jaune\/\"]}]},{\"@type\":\"ImageObject\",\"inLanguage\":\"en-US\",\"@id\":\"https:\/\/ratatamkids.com\/en\/produit\/le-sac-banane-damier-bleu-et-jaune\/#primaryimage\",\"url\":\"https:\/\/ratatamkids.com\/wp-content\/uploads\/2024\/07\/IMG_8096-3.jpeg\",\"contentUrl\":\"https:\/\/ratatamkids.com\/wp-content\/uploads\/2024\/07\/IMG_8096-3.jpeg\",\"width\":1179,\"height\":1179,\"caption\":\"Screenshot\"},{\"@type\":\"BreadcrumbList\",\"@id\":\"https:\/\/ratatamkids.com\/en\/produit\/le-sac-banane-damier-bleu-et-jaune\/#breadcrumb\",\"itemListElement\":[{\"@type\":\"ListItem\",\"position\":1,\"name\":\"Accueil\",\"item\":\"https:\/\/ratatamkids.com\/en\/\"},{\"@type\":\"ListItem\",\"position\":2,\"name\":\"Shop\",\"item\":\"https:\/\/ratatamkids.com\/en\/shop\/\"},{\"@type\":\"ListItem\",\"position\":3,\"name\":\"id\u00e9es cadeaux\",\"item\":\"https:\/\/ratatamkids.com\/en\/categorie-produit\/idees-cadeaux\/\"},{\"@type\":\"ListItem\",\"position\":4,\"name\":\"Ado &amp; Maman\",\"item\":\"https:\/\/ratatamkids.com\/en\/categorie-produit\/idees-cadeaux\/ado-maman\/\"},{\"@type\":\"ListItem\",\"position\":5,\"name\":\"Le sac banane damier &#8211; Bleu et jaune\"}]},{\"@type\":\"WebSite\",\"@id\":\"https:\/\/ratatamkids.com\/en\/#website\",\"url\":\"https:\/\/ratatamkids.com\/en\/\",\"name\":\"Ratatam Official Website\",\"description\":\"Cool brand for happy kids!\",\"potentialAction\":[{\"@type\":\"SearchAction\",\"target\":{\"@type\":\"EntryPoint\",\"urlTemplate\":\"https:\/\/ratatamkids.com\/en\/?s={search_term_string}\"},\"query-input\":{\"@type\":\"PropertyValueSpecification\",\"valueRequired\":true,\"valueName\":\"search_term_string\"}}],\"inLanguage\":\"en-US\"}]}<\/script>\n<!-- \/ Yoast SEO plugin. -->","yoast_head_json":{"title":"Le sac banane damier - Bleu et jaune - Ratatam Official Website","description":"Adoptez le sac banane imprim\u00e9 damier jaune et bleu \ud83d\udc9b\ud83d\udc99, l'accessoire fun et tendance pour les enfants ! Id\u00e9al pour transporter leurs petits tr\u00e9sors.","robots":{"index":"index","follow":"follow","max-snippet":"max-snippet:-1","max-image-preview":"max-image-preview:large","max-video-preview":"max-video-preview:-1"},"canonical":"https:\/\/ratatamkids.com\/en\/produit\/le-sac-banane-damier-bleu-et-jaune\/","og_locale":"en_US","og_type":"article","og_title":"Le sac banane damier - Bleu et jaune - Ratatam Official Website","og_description":"Adoptez le sac banane imprim\u00e9 damier jaune et bleu \ud83d\udc9b\ud83d\udc99, l'accessoire fun et tendance pour les enfants ! Id\u00e9al pour transporter leurs petits tr\u00e9sors.","og_url":"https:\/\/ratatamkids.com\/en\/produit\/le-sac-banane-damier-bleu-et-jaune\/","og_site_name":"Ratatam Official Website","article_publisher":"https:\/\/www.facebook.com\/Ratatamforhappykids\/","article_modified_time":"2026-04-12T08:16:39+00:00","og_image":[{"width":1179,"height":1179,"url":"https:\/\/ratatamkids.com\/wp-content\/uploads\/2024\/07\/IMG_8096-3.jpeg","type":"image\/jpeg"}],"twitter_card":"summary_large_image","twitter_misc":{"Est. reading time":"2 minutes"},"schema":{"@context":"https:\/\/schema.org","@graph":[{"@type":"WebPage","@id":"https:\/\/ratatamkids.com\/en\/produit\/le-sac-banane-damier-bleu-et-jaune\/","url":"https:\/\/ratatamkids.com\/en\/produit\/le-sac-banane-damier-bleu-et-jaune\/","name":"Le sac banane damier - Bleu et jaune - Ratatam Official Website","isPartOf":{"@id":"https:\/\/ratatamkids.com\/en\/#website"},"primaryImageOfPage":{"@id":"https:\/\/ratatamkids.com\/en\/produit\/le-sac-banane-damier-bleu-et-jaune\/#primaryimage"},"image":{"@id":"https:\/\/ratatamkids.com\/en\/produit\/le-sac-banane-damier-bleu-et-jaune\/#primaryimage"},"thumbnailUrl":"https:\/\/ratatamkids.com\/wp-content\/uploads\/2024\/07\/IMG_8096-3.jpeg","datePublished":"2024-07-30T15:17:49+00:00","dateModified":"2026-04-12T08:16:39+00:00","description":"Adoptez le sac banane imprim\u00e9 damier jaune et bleu \ud83d\udc9b\ud83d\udc99, l'accessoire fun et tendance pour les enfants ! Id\u00e9al pour transporter leurs petits tr\u00e9sors.","breadcrumb":{"@id":"https:\/\/ratatamkids.com\/en\/produit\/le-sac-banane-damier-bleu-et-jaune\/#breadcrumb"},"inLanguage":"en-US","potentialAction":[{"@type":"ReadAction","target":["https:\/\/ratatamkids.com\/en\/produit\/le-sac-banane-damier-bleu-et-jaune\/"]}]},{"@type":"ImageObject","inLanguage":"en-US","@id":"https:\/\/ratatamkids.com\/en\/produit\/le-sac-banane-damier-bleu-et-jaune\/#primaryimage","url":"https:\/\/ratatamkids.com\/wp-content\/uploads\/2024\/07\/IMG_8096-3.jpeg","contentUrl":"https:\/\/ratatamkids.com\/wp-content\/uploads\/2024\/07\/IMG_8096-3.jpeg","width":1179,"height":1179,"caption":"Screenshot"},{"@type":"BreadcrumbList","@id":"https:\/\/ratatamkids.com\/en\/produit\/le-sac-banane-damier-bleu-et-jaune\/#breadcrumb","itemListElement":[{"@type":"ListItem","position":1,"name":"Accueil","item":"https:\/\/ratatamkids.com\/en\/"},{"@type":"ListItem","position":2,"name":"Shop","item":"https:\/\/ratatamkids.com\/en\/shop\/"},{"@type":"ListItem","position":3,"name":"id\u00e9es cadeaux","item":"https:\/\/ratatamkids.com\/en\/categorie-produit\/idees-cadeaux\/"},{"@type":"ListItem","position":4,"name":"Ado &amp; Maman","item":"https:\/\/ratatamkids.com\/en\/categorie-produit\/idees-cadeaux\/ado-maman\/"},{"@type":"ListItem","position":5,"name":"Le sac banane damier &#8211; Bleu et jaune"}]},{"@type":"WebSite","@id":"https:\/\/ratatamkids.com\/en\/#website","url":"https:\/\/ratatamkids.com\/en\/","name":"Ratatam Official Website","description":"Cool brand for happy kids!","potentialAction":[{"@type":"SearchAction","target":{"@type":"EntryPoint","urlTemplate":"https:\/\/ratatamkids.com\/en\/?s={search_term_string}"},"query-input":{"@type":"PropertyValueSpecification","valueRequired":true,"valueName":"search_term_string"}}],"inLanguage":"en-US"}]}},"_links":{"self":[{"href":"https:\/\/ratatamkids.com\/en\/wp-json\/wp\/v2\/product\/34795","targetHints":{"allow":["GET"]}}],"collection":[{"href":"https:\/\/ratatamkids.com\/en\/wp-json\/wp\/v2\/product"}],"about":[{"href":"https:\/\/ratatamkids.com\/en\/wp-json\/wp\/v2\/types\/product"}],"replies":[{"embeddable":true,"href":"https:\/\/ratatamkids.com\/en\/wp-json\/wp\/v2\/comments?post=34795"}],"wp:featuredmedia":[{"embeddable":true,"href":"https:\/\/ratatamkids.com\/en\/wp-json\/wp\/v2\/media\/35816"}],"wp:attachment":[{"href":"https:\/\/ratatamkids.com\/en\/wp-json\/wp\/v2\/media?parent=34795"}],"wp:term":[{"taxonomy":"product_brand","embeddable":true,"href":"https:\/\/ratatamkids.com\/en\/wp-json\/wp\/v2\/product_brand?post=34795"},{"taxonomy":"product_cat","embeddable":true,"href":"https:\/\/ratatamkids.com\/en\/wp-json\/wp\/v2\/product_cat?post=34795"},{"taxonomy":"product_tag","embeddable":true,"href":"https:\/\/ratatamkids.com\/en\/wp-json\/wp\/v2\/product_tag?post=34795"}],"curies":[{"name":"wp","href":"https:\/\/api.w.org\/{rel}","templated":true}]}}