{"id":34618,"date":"2024-08-17T15:20:52","date_gmt":"2024-08-17T13:20:52","guid":{"rendered":"https:\/\/ratatamkids.com\/?post_type=product&#038;p=34618"},"modified":"2026-04-01T16:55:34","modified_gmt":"2026-04-01T14:55:34","slug":"packaging-sac-filet-coton-corail","status":"publish","type":"product","link":"https:\/\/ratatamkids.com\/en\/produit\/packaging-sac-filet-coton-corail\/","title":{"rendered":"Le sac filet &#8211; Corail"},"content":{"rendered":"<p>Salut toi, en qu\u00eate <strong>d&#8217;un sac filet corail<\/strong> hyper choupi et ultra pratique ? Ne cherche plus !<\/p>\n<p>D\u00e9couvre notre irr\u00e9sistible P<strong>etit Sac Filet Corail, con\u00e7u en 100% coton<\/strong> pour t&#8217;accompagner avec style et bonne humeur o\u00f9 que tu ailles.<\/p>\n<p>Imagine ce petit bijou vibrant de couleur corail, aussi doux pour la plan\u00e8te que pour tes affaires. Parfait pour tes petites courses, tes sorties \u00e0 la plage ou simplement pour ajouter une touche de cool \u00e0 ton quotidien.<\/p>\n<p>Avec sa taille parfaite pour tes essentiels et sa r\u00e9sistance \u00e0 toute \u00e9preuve, il va devenir ton meilleur alli\u00e9. Son design a\u00e9r\u00e9 \u00e9vite de ramener le sable chez toi, et ses couleurs p\u00e9tillantes comme le jaune et le cr\u00e8me te feront craquer.<\/p>\n<p>\u2013 Sac r\u00e9utilisable en filet trop choupi<br \/>\n\u2013 Petit sac filet 100% coton pour les courses<br \/>\n\u2013 Sac filet pour enfants et adultes<br \/>\n\u2013 Petit sac filet pour la plage et les courses<\/p>\n<p>Fabriqu\u00e9 en Chine<\/p>\n<p><strong>Dimensions:\u00a0<\/strong><\/p>\n<p>largeur: 30 cm hauteur: 22 cm anses: 12,5 cm<\/p>\n<p>100% Coton<\/p>\n","protected":false},"excerpt":{"rendered":"<p>D\u00e9couvrez notre <strong>Petit Sac Filet Corail en coton 100%<\/strong> : mignon, pratique et \u00e9colo ! I<\/p>\n<p>d\u00e9al pour les courses, la plage et toutes vos aventures.<\/p>\n<p>Disponible dans des couleurs vibrantes comme le corail, le jaune et le cr\u00e8me.<\/p>\n<p>Adoptez-le pour ajouter une touche de style et de fonctionnalit\u00e9 \u00e0 votre quotidien !<\/p>\n","protected":false},"featured_media":34629,"comment_status":"open","ping_status":"closed","template":"","meta":{"_acf_changed":false},"product_brand":[],"product_cat":[556,553,554,551,552,240],"product_tag":[],"class_list":{"0":"post-34618","1":"product","2":"type-product","3":"status-publish","4":"has-post-thumbnail","6":"product_cat-10e","7":"product_cat-20e","8":"product_cat-40e","9":"product_cat-3-6-ans","10":"product_cat-6-ans-et","11":"product_cat-sacs","13":"first","14":"instock","15":"taxable","16":"shipping-taxable","17":"purchasable","18":"product-type-simple"},"acf":[],"yoast_head":"<!-- This site is optimized with the Yoast SEO plugin v25.4 - https:\/\/yoast.com\/wordpress\/plugins\/seo\/ -->\n<title>Le sac filet - Corail - Ratatam Official Website<\/title>\n<meta name=\"robots\" content=\"index, follow, max-snippet:-1, max-image-preview:large, max-video-preview:-1\" \/>\n<link rel=\"canonical\" href=\"https:\/\/ratatamkids.com\/en\/produit\/packaging-sac-filet-coton-corail\/\" \/>\n<meta property=\"og:locale\" content=\"en_US\" \/>\n<meta property=\"og:type\" content=\"article\" \/>\n<meta property=\"og:title\" content=\"Le sac filet - Corail - Ratatam Official Website\" \/>\n<meta property=\"og:description\" content=\"D\u00e9couvrez notre Petit Sac Filet Corail en coton 100% : mignon, pratique et \u00e9colo ! I  d\u00e9al pour les courses, la plage et toutes vos aventures.  Disponible dans des couleurs vibrantes comme le corail, le jaune et le cr\u00e8me.  Adoptez-le pour ajouter une touche de style et de fonctionnalit\u00e9 \u00e0 votre quotidien !\" \/>\n<meta property=\"og:url\" content=\"https:\/\/ratatamkids.com\/en\/produit\/packaging-sac-filet-coton-corail\/\" \/>\n<meta property=\"og:site_name\" content=\"Ratatam Official Website\" \/>\n<meta property=\"article:publisher\" content=\"https:\/\/www.facebook.com\/Ratatamforhappykids\/\" \/>\n<meta property=\"article:modified_time\" content=\"2026-04-01T14:55:34+00:00\" \/>\n<meta property=\"og:image\" content=\"https:\/\/ratatamkids.com\/wp-content\/uploads\/2024\/07\/FILET_CORAIL-SAC-FILET-CORAIL.jpg\" \/>\n\t<meta property=\"og:image:width\" content=\"800\" \/>\n\t<meta property=\"og:image:height\" content=\"800\" \/>\n\t<meta property=\"og:image:type\" content=\"image\/jpeg\" \/>\n<meta name=\"twitter:card\" content=\"summary_large_image\" \/>\n<meta name=\"twitter:label1\" content=\"Est. reading time\" \/>\n\t<meta name=\"twitter:data1\" content=\"1 minute\" \/>\n<script type=\"application\/ld+json\" class=\"yoast-schema-graph\">{\"@context\":\"https:\/\/schema.org\",\"@graph\":[{\"@type\":\"WebPage\",\"@id\":\"https:\/\/ratatamkids.com\/en\/produit\/packaging-sac-filet-coton-corail\/\",\"url\":\"https:\/\/ratatamkids.com\/en\/produit\/packaging-sac-filet-coton-corail\/\",\"name\":\"Le sac filet - Corail - Ratatam Official Website\",\"isPartOf\":{\"@id\":\"https:\/\/ratatamkids.com\/en\/#website\"},\"primaryImageOfPage\":{\"@id\":\"https:\/\/ratatamkids.com\/en\/produit\/packaging-sac-filet-coton-corail\/#primaryimage\"},\"image\":{\"@id\":\"https:\/\/ratatamkids.com\/en\/produit\/packaging-sac-filet-coton-corail\/#primaryimage\"},\"thumbnailUrl\":\"https:\/\/ratatamkids.com\/wp-content\/uploads\/2024\/07\/FILET_CORAIL-SAC-FILET-CORAIL.jpg\",\"datePublished\":\"2024-08-17T13:20:52+00:00\",\"dateModified\":\"2026-04-01T14:55:34+00:00\",\"breadcrumb\":{\"@id\":\"https:\/\/ratatamkids.com\/en\/produit\/packaging-sac-filet-coton-corail\/#breadcrumb\"},\"inLanguage\":\"en-US\",\"potentialAction\":[{\"@type\":\"ReadAction\",\"target\":[\"https:\/\/ratatamkids.com\/en\/produit\/packaging-sac-filet-coton-corail\/\"]}]},{\"@type\":\"ImageObject\",\"inLanguage\":\"en-US\",\"@id\":\"https:\/\/ratatamkids.com\/en\/produit\/packaging-sac-filet-coton-corail\/#primaryimage\",\"url\":\"https:\/\/ratatamkids.com\/wp-content\/uploads\/2024\/07\/FILET_CORAIL-SAC-FILET-CORAIL.jpg\",\"contentUrl\":\"https:\/\/ratatamkids.com\/wp-content\/uploads\/2024\/07\/FILET_CORAIL-SAC-FILET-CORAIL.jpg\",\"width\":800,\"height\":800,\"caption\":\"SAC FILET CORAIL RATATAM KIDS\"},{\"@type\":\"BreadcrumbList\",\"@id\":\"https:\/\/ratatamkids.com\/en\/produit\/packaging-sac-filet-coton-corail\/#breadcrumb\",\"itemListElement\":[{\"@type\":\"ListItem\",\"position\":1,\"name\":\"Accueil\",\"item\":\"https:\/\/ratatamkids.com\/en\/\"},{\"@type\":\"ListItem\",\"position\":2,\"name\":\"Shop\",\"item\":\"https:\/\/ratatamkids.com\/en\/shop\/\"},{\"@type\":\"ListItem\",\"position\":3,\"name\":\"id\u00e9es cadeaux\",\"item\":\"https:\/\/ratatamkids.com\/en\/categorie-produit\/idees-cadeaux\/\"},{\"@type\":\"ListItem\",\"position\":4,\"name\":\"-10\u20ac\",\"item\":\"https:\/\/ratatamkids.com\/en\/categorie-produit\/idees-cadeaux\/10e\/\"},{\"@type\":\"ListItem\",\"position\":5,\"name\":\"Le sac filet &#8211; Corail\"}]},{\"@type\":\"WebSite\",\"@id\":\"https:\/\/ratatamkids.com\/en\/#website\",\"url\":\"https:\/\/ratatamkids.com\/en\/\",\"name\":\"Ratatam Official Website\",\"description\":\"Cool brand for happy kids!\",\"potentialAction\":[{\"@type\":\"SearchAction\",\"target\":{\"@type\":\"EntryPoint\",\"urlTemplate\":\"https:\/\/ratatamkids.com\/en\/?s={search_term_string}\"},\"query-input\":{\"@type\":\"PropertyValueSpecification\",\"valueRequired\":true,\"valueName\":\"search_term_string\"}}],\"inLanguage\":\"en-US\"}]}<\/script>\n<!-- \/ Yoast SEO plugin. -->","yoast_head_json":{"title":"Le sac filet - Corail - Ratatam Official Website","robots":{"index":"index","follow":"follow","max-snippet":"max-snippet:-1","max-image-preview":"max-image-preview:large","max-video-preview":"max-video-preview:-1"},"canonical":"https:\/\/ratatamkids.com\/en\/produit\/packaging-sac-filet-coton-corail\/","og_locale":"en_US","og_type":"article","og_title":"Le sac filet - Corail - Ratatam Official Website","og_description":"D\u00e9couvrez notre Petit Sac Filet Corail en coton 100% : mignon, pratique et \u00e9colo ! I  d\u00e9al pour les courses, la plage et toutes vos aventures.  Disponible dans des couleurs vibrantes comme le corail, le jaune et le cr\u00e8me.  Adoptez-le pour ajouter une touche de style et de fonctionnalit\u00e9 \u00e0 votre quotidien !","og_url":"https:\/\/ratatamkids.com\/en\/produit\/packaging-sac-filet-coton-corail\/","og_site_name":"Ratatam Official Website","article_publisher":"https:\/\/www.facebook.com\/Ratatamforhappykids\/","article_modified_time":"2026-04-01T14:55:34+00:00","og_image":[{"width":800,"height":800,"url":"https:\/\/ratatamkids.com\/wp-content\/uploads\/2024\/07\/FILET_CORAIL-SAC-FILET-CORAIL.jpg","type":"image\/jpeg"}],"twitter_card":"summary_large_image","twitter_misc":{"Est. reading time":"1 minute"},"schema":{"@context":"https:\/\/schema.org","@graph":[{"@type":"WebPage","@id":"https:\/\/ratatamkids.com\/en\/produit\/packaging-sac-filet-coton-corail\/","url":"https:\/\/ratatamkids.com\/en\/produit\/packaging-sac-filet-coton-corail\/","name":"Le sac filet - Corail - Ratatam Official Website","isPartOf":{"@id":"https:\/\/ratatamkids.com\/en\/#website"},"primaryImageOfPage":{"@id":"https:\/\/ratatamkids.com\/en\/produit\/packaging-sac-filet-coton-corail\/#primaryimage"},"image":{"@id":"https:\/\/ratatamkids.com\/en\/produit\/packaging-sac-filet-coton-corail\/#primaryimage"},"thumbnailUrl":"https:\/\/ratatamkids.com\/wp-content\/uploads\/2024\/07\/FILET_CORAIL-SAC-FILET-CORAIL.jpg","datePublished":"2024-08-17T13:20:52+00:00","dateModified":"2026-04-01T14:55:34+00:00","breadcrumb":{"@id":"https:\/\/ratatamkids.com\/en\/produit\/packaging-sac-filet-coton-corail\/#breadcrumb"},"inLanguage":"en-US","potentialAction":[{"@type":"ReadAction","target":["https:\/\/ratatamkids.com\/en\/produit\/packaging-sac-filet-coton-corail\/"]}]},{"@type":"ImageObject","inLanguage":"en-US","@id":"https:\/\/ratatamkids.com\/en\/produit\/packaging-sac-filet-coton-corail\/#primaryimage","url":"https:\/\/ratatamkids.com\/wp-content\/uploads\/2024\/07\/FILET_CORAIL-SAC-FILET-CORAIL.jpg","contentUrl":"https:\/\/ratatamkids.com\/wp-content\/uploads\/2024\/07\/FILET_CORAIL-SAC-FILET-CORAIL.jpg","width":800,"height":800,"caption":"SAC FILET CORAIL RATATAM KIDS"},{"@type":"BreadcrumbList","@id":"https:\/\/ratatamkids.com\/en\/produit\/packaging-sac-filet-coton-corail\/#breadcrumb","itemListElement":[{"@type":"ListItem","position":1,"name":"Accueil","item":"https:\/\/ratatamkids.com\/en\/"},{"@type":"ListItem","position":2,"name":"Shop","item":"https:\/\/ratatamkids.com\/en\/shop\/"},{"@type":"ListItem","position":3,"name":"id\u00e9es cadeaux","item":"https:\/\/ratatamkids.com\/en\/categorie-produit\/idees-cadeaux\/"},{"@type":"ListItem","position":4,"name":"-10\u20ac","item":"https:\/\/ratatamkids.com\/en\/categorie-produit\/idees-cadeaux\/10e\/"},{"@type":"ListItem","position":5,"name":"Le sac filet &#8211; Corail"}]},{"@type":"WebSite","@id":"https:\/\/ratatamkids.com\/en\/#website","url":"https:\/\/ratatamkids.com\/en\/","name":"Ratatam Official Website","description":"Cool brand for happy kids!","potentialAction":[{"@type":"SearchAction","target":{"@type":"EntryPoint","urlTemplate":"https:\/\/ratatamkids.com\/en\/?s={search_term_string}"},"query-input":{"@type":"PropertyValueSpecification","valueRequired":true,"valueName":"search_term_string"}}],"inLanguage":"en-US"}]}},"_links":{"self":[{"href":"https:\/\/ratatamkids.com\/en\/wp-json\/wp\/v2\/product\/34618","targetHints":{"allow":["GET"]}}],"collection":[{"href":"https:\/\/ratatamkids.com\/en\/wp-json\/wp\/v2\/product"}],"about":[{"href":"https:\/\/ratatamkids.com\/en\/wp-json\/wp\/v2\/types\/product"}],"replies":[{"embeddable":true,"href":"https:\/\/ratatamkids.com\/en\/wp-json\/wp\/v2\/comments?post=34618"}],"wp:featuredmedia":[{"embeddable":true,"href":"https:\/\/ratatamkids.com\/en\/wp-json\/wp\/v2\/media\/34629"}],"wp:attachment":[{"href":"https:\/\/ratatamkids.com\/en\/wp-json\/wp\/v2\/media?parent=34618"}],"wp:term":[{"taxonomy":"product_brand","embeddable":true,"href":"https:\/\/ratatamkids.com\/en\/wp-json\/wp\/v2\/product_brand?post=34618"},{"taxonomy":"product_cat","embeddable":true,"href":"https:\/\/ratatamkids.com\/en\/wp-json\/wp\/v2\/product_cat?post=34618"},{"taxonomy":"product_tag","embeddable":true,"href":"https:\/\/ratatamkids.com\/en\/wp-json\/wp\/v2\/product_tag?post=34618"}],"curies":[{"name":"wp","href":"https:\/\/api.w.org\/{rel}","templated":true}]}}