{"id":34565,"date":"2024-07-04T14:21:46","date_gmt":"2024-07-04T12:21:46","guid":{"rendered":"https:\/\/ratatamkids.com\/?post_type=product&#038;p=34565"},"modified":"2026-04-01T00:00:06","modified_gmt":"2026-03-31T22:00:06","slug":"le-grand-cabas-coton-eclair-bleu","status":"publish","type":"product","link":"https:\/\/ratatamkids.com\/en\/produit\/le-grand-cabas-coton-eclair-bleu\/","title":{"rendered":"Le Grand Cabas coton \u00e9clair &#8211; Bleu"},"content":{"rendered":"<div class=\"flex flex-grow flex-col max-w-full\">\n<div class=\"min-h-[20px] text-message flex flex-col items-start whitespace-pre-wrap break-words [.text-message+&amp;]:mt-5 juice:w-full juice:items-end overflow-x-auto gap-2\" dir=\"auto\" data-message-author-role=\"assistant\" data-message-id=\"50305498-3bb2-491e-9779-bfb762836471\">\n<div class=\"flex w-full flex-col gap-1 juice:empty:hidden juice:first:pt-[3px]\">\n<div class=\"markdown prose w-full break-words dark:prose-invert light\">\n<h2><strong>Hey les p&#8217;tits aventuriers !<\/strong><\/h2>\n<p>Laissez-moi vous pr\u00e9senter votre nouveau compagnon d&#8217;aventures : le <strong>Grand Cabas Magique<\/strong> ! \ud83c\udf1f\u2728<\/p>\n<p><strong>\ud83c\udfa8 2 Faces R\u00e9versibles pour Double Fun !<\/strong><\/p>\n<ul>\n<li><strong>Face 1 : Bleu avec \u00c9clairs \u26a1<\/strong> \u2013 Pour les super-h\u00e9ros en herbe qui aiment les sensations fortes et les \u00e9clairs de g\u00e9nie !<\/li>\n<li><strong>Face 2 : Quadrillage Bleu \ud83d\udccf<\/strong> \u2013 Pour les petits explorateurs qui adorent jouer \u00e0 cache-cache avec les tr\u00e9sors secrets.<\/li>\n<\/ul>\n<p><strong>\ud83c\udf08 Ultra Pratique et Giga Mignon !<\/strong><\/p>\n<ul>\n<li><strong>Taille : 53 cm x 44 cm<\/strong> \u2013 Parfait pour tout transporter, des jouets aux go\u00fbters, en passant par les tr\u00e9sors les plus pr\u00e9cieux !<\/li>\n<li><strong>100% Coton Doux et R\u00e9sistant<\/strong> \u2013 Parce que les meilleurs aventuriers m\u00e9ritent le meilleur confort.<\/li>\n<\/ul>\n<p><strong>Pourquoi l\u2019adopter ?<\/strong><\/p>\n<ul>\n<li><strong>Fourre-tout Rigolo<\/strong> \u2013 Emmenez partout vos doudous, livres, et m\u00eame des super-pouvoirs !<\/li>\n<li><strong>Style Mignon et Fun<\/strong> \u2013 Soyez le plus styl\u00e9(e) de la cour de r\u00e9cr\u00e9 avec ce cabas magique !<\/li>\n<\/ul>\n<p><strong>Pr\u00eat pour des aventures incroyables ?<\/strong><\/p>\n<p>En r\u00e9alit\u00e9 il convient aussi bien \u00e0 toutes les mamans et papas super funs !!!<\/p>\n<p>N&#8217;attendez plus ! Adoptez votre <strong>Grand Cabas Magique<\/strong> et pr\u00e9parez-vous \u00e0 vivre des journ\u00e9es remplies de rires, de jeux et de d\u00e9couvertes fantastiques ! \ud83c\udf1f\ud83d\ude80<\/p>\n<\/div>\n<\/div>\n<\/div>\n<\/div>\n<div class=\"mt-1 flex gap-3 empty:hidden juice:-ml-3\">\n<div class=\"flex\"><\/div>\n<div class=\"flex items-center\">\n<div class=\"flex items-center pb-0.5 juice:pb-0\">\n<div class=\"[&amp;_svg]:h-full [&amp;_svg]:w-full icon-md h-4 w-4\">100% Coton<\/div>\n<div>Fabriqu\u00e9 en Chine<\/div>\n<\/div>\n<div>Dimensions: 53&#215;44 cm<\/div>\n<div>Anses: 25 cm<\/div>\n<\/div>\n<div>Disponibles en 2 variants: Bleu &amp; Eclairs, Rose &amp; Coeurs<\/div>\n<\/div>\n","protected":false},"excerpt":{"rendered":"<p>D\u00e9couvrez le <strong>Grand Cabas Magique<\/strong>, un sac r\u00e9versible 100% coton parfait pour les enfants.<\/p>\n<p>Avec ses deux faces amusantes \u2013 \u00e9clairs bleus et quadrillage bleu<\/p>\n<p>Ce cabas de 53 cm x 44 cm est id\u00e9al pour transporter jouets, go\u00fbters et tr\u00e9sors. Ultra pratique et styl\u00e9, il accompagnera les petits aventuriers dans toutes leurs escapades !<\/p>\n","protected":false},"featured_media":34640,"comment_status":"open","ping_status":"closed","template":"","meta":{"_acf_changed":false},"product_brand":[],"product_cat":[558,23,240],"product_tag":[],"class_list":{"0":"post-34565","1":"product","2":"type-product","3":"status-publish","4":"has-post-thumbnail","6":"product_cat-braderie","7":"product_cat-accessoires","8":"product_cat-sacs","10":"first","11":"instock","12":"taxable","13":"shipping-taxable","14":"purchasable","15":"product-type-simple"},"acf":[],"yoast_head":"<!-- This site is optimized with the Yoast SEO plugin v25.4 - https:\/\/yoast.com\/wordpress\/plugins\/seo\/ -->\n<title>Le Grand Cabas coton \u00e9clair - Bleu - Ratatam Official Website<\/title>\n<meta name=\"description\" content=\"D\u00e9couvrez le Grand Cabas Magique, un sac r\u00e9versible 100% coton parfait pour les enfants. Avec ses deux faces amusantes Ratatam K\" \/>\n<meta name=\"robots\" content=\"index, follow, max-snippet:-1, max-image-preview:large, max-video-preview:-1\" \/>\n<link rel=\"canonical\" href=\"https:\/\/ratatamkids.com\/en\/produit\/le-grand-cabas-coton-eclair-bleu\/\" \/>\n<meta property=\"og:locale\" content=\"en_US\" \/>\n<meta property=\"og:type\" content=\"article\" \/>\n<meta property=\"og:title\" content=\"Le Grand Cabas coton \u00e9clair - Bleu - Ratatam Official Website\" \/>\n<meta property=\"og:description\" content=\"D\u00e9couvrez le Grand Cabas Magique, un sac r\u00e9versible 100% coton parfait pour les enfants. Avec ses deux faces amusantes Ratatam K\" \/>\n<meta property=\"og:url\" content=\"https:\/\/ratatamkids.com\/en\/produit\/le-grand-cabas-coton-eclair-bleu\/\" \/>\n<meta property=\"og:site_name\" content=\"Ratatam Official Website\" \/>\n<meta property=\"article:publisher\" content=\"https:\/\/www.facebook.com\/Ratatamforhappykids\/\" \/>\n<meta property=\"article:modified_time\" content=\"2026-03-31T22:00:06+00:00\" \/>\n<meta property=\"og:image\" content=\"https:\/\/ratatamkids.com\/wp-content\/uploads\/2024\/07\/FT-A029-GRAND-CABAS-ECLAIRS-BLEU-2.jpg\" \/>\n\t<meta property=\"og:image:width\" content=\"800\" \/>\n\t<meta property=\"og:image:height\" content=\"800\" \/>\n\t<meta property=\"og:image:type\" content=\"image\/jpeg\" \/>\n<meta name=\"twitter:card\" content=\"summary_large_image\" \/>\n<meta name=\"twitter:label1\" content=\"Est. reading time\" \/>\n\t<meta name=\"twitter:data1\" content=\"2 minutes\" \/>\n<script type=\"application\/ld+json\" class=\"yoast-schema-graph\">{\"@context\":\"https:\/\/schema.org\",\"@graph\":[{\"@type\":\"WebPage\",\"@id\":\"https:\/\/ratatamkids.com\/en\/produit\/le-grand-cabas-coton-eclair-bleu\/\",\"url\":\"https:\/\/ratatamkids.com\/en\/produit\/le-grand-cabas-coton-eclair-bleu\/\",\"name\":\"Le Grand Cabas coton \u00e9clair - Bleu - Ratatam Official Website\",\"isPartOf\":{\"@id\":\"https:\/\/ratatamkids.com\/en\/#website\"},\"primaryImageOfPage\":{\"@id\":\"https:\/\/ratatamkids.com\/en\/produit\/le-grand-cabas-coton-eclair-bleu\/#primaryimage\"},\"image\":{\"@id\":\"https:\/\/ratatamkids.com\/en\/produit\/le-grand-cabas-coton-eclair-bleu\/#primaryimage\"},\"thumbnailUrl\":\"https:\/\/ratatamkids.com\/wp-content\/uploads\/2024\/07\/FT-A029-GRAND-CABAS-ECLAIRS-BLEU-2.jpg\",\"datePublished\":\"2024-07-04T12:21:46+00:00\",\"dateModified\":\"2026-03-31T22:00:06+00:00\",\"description\":\"D\u00e9couvrez le Grand Cabas Magique, un sac r\u00e9versible 100% coton parfait pour les enfants. Avec ses deux faces amusantes Ratatam K\",\"breadcrumb\":{\"@id\":\"https:\/\/ratatamkids.com\/en\/produit\/le-grand-cabas-coton-eclair-bleu\/#breadcrumb\"},\"inLanguage\":\"en-US\",\"potentialAction\":[{\"@type\":\"ReadAction\",\"target\":[\"https:\/\/ratatamkids.com\/en\/produit\/le-grand-cabas-coton-eclair-bleu\/\"]}]},{\"@type\":\"ImageObject\",\"inLanguage\":\"en-US\",\"@id\":\"https:\/\/ratatamkids.com\/en\/produit\/le-grand-cabas-coton-eclair-bleu\/#primaryimage\",\"url\":\"https:\/\/ratatamkids.com\/wp-content\/uploads\/2024\/07\/FT-A029-GRAND-CABAS-ECLAIRS-BLEU-2.jpg\",\"contentUrl\":\"https:\/\/ratatamkids.com\/wp-content\/uploads\/2024\/07\/FT-A029-GRAND-CABAS-ECLAIRS-BLEU-2.jpg\",\"width\":800,\"height\":800,\"caption\":\"GRAND CABAS ECLAIRS BLEU ET CLAIRS FT-A029 RATATAM KIDS\"},{\"@type\":\"BreadcrumbList\",\"@id\":\"https:\/\/ratatamkids.com\/en\/produit\/le-grand-cabas-coton-eclair-bleu\/#breadcrumb\",\"itemListElement\":[{\"@type\":\"ListItem\",\"position\":1,\"name\":\"Accueil\",\"item\":\"https:\/\/ratatamkids.com\/en\/\"},{\"@type\":\"ListItem\",\"position\":2,\"name\":\"Shop\",\"item\":\"https:\/\/ratatamkids.com\/en\/shop\/\"},{\"@type\":\"ListItem\",\"position\":3,\"name\":\"La braderie\",\"item\":\"https:\/\/ratatamkids.com\/en\/categorie-produit\/braderie\/\"},{\"@type\":\"ListItem\",\"position\":4,\"name\":\"Le Grand Cabas coton \u00e9clair &#8211; Bleu\"}]},{\"@type\":\"WebSite\",\"@id\":\"https:\/\/ratatamkids.com\/en\/#website\",\"url\":\"https:\/\/ratatamkids.com\/en\/\",\"name\":\"Ratatam Official Website\",\"description\":\"Cool brand for happy kids!\",\"potentialAction\":[{\"@type\":\"SearchAction\",\"target\":{\"@type\":\"EntryPoint\",\"urlTemplate\":\"https:\/\/ratatamkids.com\/en\/?s={search_term_string}\"},\"query-input\":{\"@type\":\"PropertyValueSpecification\",\"valueRequired\":true,\"valueName\":\"search_term_string\"}}],\"inLanguage\":\"en-US\"}]}<\/script>\n<!-- \/ Yoast SEO plugin. -->","yoast_head_json":{"title":"Le Grand Cabas coton \u00e9clair - Bleu - Ratatam Official Website","description":"D\u00e9couvrez le Grand Cabas Magique, un sac r\u00e9versible 100% coton parfait pour les enfants. Avec ses deux faces amusantes Ratatam K","robots":{"index":"index","follow":"follow","max-snippet":"max-snippet:-1","max-image-preview":"max-image-preview:large","max-video-preview":"max-video-preview:-1"},"canonical":"https:\/\/ratatamkids.com\/en\/produit\/le-grand-cabas-coton-eclair-bleu\/","og_locale":"en_US","og_type":"article","og_title":"Le Grand Cabas coton \u00e9clair - Bleu - Ratatam Official Website","og_description":"D\u00e9couvrez le Grand Cabas Magique, un sac r\u00e9versible 100% coton parfait pour les enfants. Avec ses deux faces amusantes Ratatam K","og_url":"https:\/\/ratatamkids.com\/en\/produit\/le-grand-cabas-coton-eclair-bleu\/","og_site_name":"Ratatam Official Website","article_publisher":"https:\/\/www.facebook.com\/Ratatamforhappykids\/","article_modified_time":"2026-03-31T22:00:06+00:00","og_image":[{"width":800,"height":800,"url":"https:\/\/ratatamkids.com\/wp-content\/uploads\/2024\/07\/FT-A029-GRAND-CABAS-ECLAIRS-BLEU-2.jpg","type":"image\/jpeg"}],"twitter_card":"summary_large_image","twitter_misc":{"Est. reading time":"2 minutes"},"schema":{"@context":"https:\/\/schema.org","@graph":[{"@type":"WebPage","@id":"https:\/\/ratatamkids.com\/en\/produit\/le-grand-cabas-coton-eclair-bleu\/","url":"https:\/\/ratatamkids.com\/en\/produit\/le-grand-cabas-coton-eclair-bleu\/","name":"Le Grand Cabas coton \u00e9clair - Bleu - Ratatam Official Website","isPartOf":{"@id":"https:\/\/ratatamkids.com\/en\/#website"},"primaryImageOfPage":{"@id":"https:\/\/ratatamkids.com\/en\/produit\/le-grand-cabas-coton-eclair-bleu\/#primaryimage"},"image":{"@id":"https:\/\/ratatamkids.com\/en\/produit\/le-grand-cabas-coton-eclair-bleu\/#primaryimage"},"thumbnailUrl":"https:\/\/ratatamkids.com\/wp-content\/uploads\/2024\/07\/FT-A029-GRAND-CABAS-ECLAIRS-BLEU-2.jpg","datePublished":"2024-07-04T12:21:46+00:00","dateModified":"2026-03-31T22:00:06+00:00","description":"D\u00e9couvrez le Grand Cabas Magique, un sac r\u00e9versible 100% coton parfait pour les enfants. Avec ses deux faces amusantes Ratatam K","breadcrumb":{"@id":"https:\/\/ratatamkids.com\/en\/produit\/le-grand-cabas-coton-eclair-bleu\/#breadcrumb"},"inLanguage":"en-US","potentialAction":[{"@type":"ReadAction","target":["https:\/\/ratatamkids.com\/en\/produit\/le-grand-cabas-coton-eclair-bleu\/"]}]},{"@type":"ImageObject","inLanguage":"en-US","@id":"https:\/\/ratatamkids.com\/en\/produit\/le-grand-cabas-coton-eclair-bleu\/#primaryimage","url":"https:\/\/ratatamkids.com\/wp-content\/uploads\/2024\/07\/FT-A029-GRAND-CABAS-ECLAIRS-BLEU-2.jpg","contentUrl":"https:\/\/ratatamkids.com\/wp-content\/uploads\/2024\/07\/FT-A029-GRAND-CABAS-ECLAIRS-BLEU-2.jpg","width":800,"height":800,"caption":"GRAND CABAS ECLAIRS BLEU ET CLAIRS FT-A029 RATATAM KIDS"},{"@type":"BreadcrumbList","@id":"https:\/\/ratatamkids.com\/en\/produit\/le-grand-cabas-coton-eclair-bleu\/#breadcrumb","itemListElement":[{"@type":"ListItem","position":1,"name":"Accueil","item":"https:\/\/ratatamkids.com\/en\/"},{"@type":"ListItem","position":2,"name":"Shop","item":"https:\/\/ratatamkids.com\/en\/shop\/"},{"@type":"ListItem","position":3,"name":"La braderie","item":"https:\/\/ratatamkids.com\/en\/categorie-produit\/braderie\/"},{"@type":"ListItem","position":4,"name":"Le Grand Cabas coton \u00e9clair &#8211; Bleu"}]},{"@type":"WebSite","@id":"https:\/\/ratatamkids.com\/en\/#website","url":"https:\/\/ratatamkids.com\/en\/","name":"Ratatam Official Website","description":"Cool brand for happy kids!","potentialAction":[{"@type":"SearchAction","target":{"@type":"EntryPoint","urlTemplate":"https:\/\/ratatamkids.com\/en\/?s={search_term_string}"},"query-input":{"@type":"PropertyValueSpecification","valueRequired":true,"valueName":"search_term_string"}}],"inLanguage":"en-US"}]}},"_links":{"self":[{"href":"https:\/\/ratatamkids.com\/en\/wp-json\/wp\/v2\/product\/34565","targetHints":{"allow":["GET"]}}],"collection":[{"href":"https:\/\/ratatamkids.com\/en\/wp-json\/wp\/v2\/product"}],"about":[{"href":"https:\/\/ratatamkids.com\/en\/wp-json\/wp\/v2\/types\/product"}],"replies":[{"embeddable":true,"href":"https:\/\/ratatamkids.com\/en\/wp-json\/wp\/v2\/comments?post=34565"}],"wp:featuredmedia":[{"embeddable":true,"href":"https:\/\/ratatamkids.com\/en\/wp-json\/wp\/v2\/media\/34640"}],"wp:attachment":[{"href":"https:\/\/ratatamkids.com\/en\/wp-json\/wp\/v2\/media?parent=34565"}],"wp:term":[{"taxonomy":"product_brand","embeddable":true,"href":"https:\/\/ratatamkids.com\/en\/wp-json\/wp\/v2\/product_brand?post=34565"},{"taxonomy":"product_cat","embeddable":true,"href":"https:\/\/ratatamkids.com\/en\/wp-json\/wp\/v2\/product_cat?post=34565"},{"taxonomy":"product_tag","embeddable":true,"href":"https:\/\/ratatamkids.com\/en\/wp-json\/wp\/v2\/product_tag?post=34565"}],"curies":[{"name":"wp","href":"https:\/\/api.w.org\/{rel}","templated":true}]}}