{"id":34562,"date":"2024-07-04T14:17:01","date_gmt":"2024-07-04T12:17:01","guid":{"rendered":"https:\/\/ratatamkids.com\/?post_type=product&#038;p=34562"},"modified":"2026-04-12T10:16:26","modified_gmt":"2026-04-12T08:16:26","slug":"sac-bowling-motifs-petits-coeurs-rose","status":"publish","type":"product","link":"https:\/\/ratatamkids.com\/en\/produit\/sac-bowling-motifs-petits-coeurs-rose\/","title":{"rendered":"Le Sac Bowling Motifs Petits Coeurs &#8211; Rose"},"content":{"rendered":"<div class=\"flex-shrink-0 flex flex-col relative items-end\">\n<div>\n<div class=\"pt-0.5 juice:pt-0\">\n<div class=\"gizmo-bot-avatar flex h-6 w-6 items-center justify-center overflow-hidden rounded-full juice:h-8 juice:w-8\">\n<div class=\"relative p-1 rounded-sm flex items-center justify-center bg-token-main-surface-primary text-token-text-primary h-8 w-8\"><\/div>\n<\/div>\n<\/div>\n<\/div>\n<\/div>\n<div class=\"group\/conversation-turn relative flex w-full min-w-0 flex-col agent-turn\">\n<div class=\"flex-col gap-1 md:gap-3\">\n<div class=\"flex flex-grow flex-col max-w-full\">\n<div class=\"min-h-[20px] text-message flex flex-col items-start whitespace-pre-wrap break-words [.text-message+&amp;]:mt-5 juice:w-full juice:items-end overflow-x-auto gap-2\" dir=\"auto\" data-message-author-role=\"assistant\" data-message-id=\"48c24f93-cf7a-433e-9c76-259d8949f487\">\n<div class=\"flex w-full flex-col gap-1 juice:empty:hidden juice:first:pt-[3px]\">\n<div class=\"markdown prose w-full break-words dark:prose-invert light\">\n<h1><strong>\ud83c\udf80 Le Sac Bowling Magique \ud83c\udf80<\/strong><\/h1>\n<p>\ud83c\udf1f Coucou les petits explorateurs ! \ud83c\udf1f<\/p>\n<p>Laissez-moi vous pr\u00e9senter notre super mignon <strong>Sac Bowling Coeurs Magique<\/strong> ! Ce sac est un vrai tr\u00e9sor pour toutes vos aventures quotidiennes. \ud83c\udf89\u2728<\/p>\n<p><strong>Pourquoi vous allez l&#8217;adorer ?<\/strong><\/p>\n<p>\ud83c\udf38 <strong>Doux comme un nuage :<\/strong> Fabriqu\u00e9 en coton tout doux, ce sac est comme un c\u00e2lin qui vous suit partout !<\/p>\n<p>\u2764\ufe0f <strong>Fond Rose et Petits C\u0153urs Rouges :<\/strong> Un design adorable avec un fond rose parsem\u00e9 de petits c\u0153urs rouges, parfait pour r\u00e9pandre de l&#8217;amour et de la joie partout o\u00f9 vous allez !<\/p>\n<p>\ud83d\udd10 <strong>Poche Zipp\u00e9e Secr\u00e8te :<\/strong> Chut&#8230; cachez tous vos petits tr\u00e9sors dans la poche zipp\u00e9e discr\u00e8te. Personne ne saura o\u00f9 ils sont !<\/p>\n<p>\ud83c\udf92 <strong>Grande Ouverture Magique :<\/strong> Une grande ouverture pour ranger facilement toutes vos affaires, que ce soit pour partir en week-end, aller au sport ou \u00e0 la danse !<\/p>\n<p>\ud83c\udfc5 <strong>Compagnon de Toutes Vos Aventures :<\/strong> Ce sac est id\u00e9al pour toutes les occasions, que vous soyez en route pour un week-end chez Mamie, une s\u00e9ance de danse ou une journ\u00e9e au parc !<\/p>\n<p><strong>Avec notre Sac Bowling Magique, chaque jour devient une aventure enchant\u00e9e !<\/strong><\/p>\n<p>Pr\u00eat \u00e0 d\u00e9couvrir le monde avec style et un sourire ? \ud83c\udf0d\u2728<\/p>\n<p>100% Coton<\/p>\n<p>Fabriqu\u00e9 en Chine<\/p>\n<p>Dimensions:<br \/>\n4 cm longueur<br \/>\n30 cm hauteur<br \/>\n22 cm de profondeur<\/p>\n<p>Disponible en 2 imprim\u00e9s: coeurs &amp; rose \/ \u00e9clairs &amp; bleu<\/p>\n<\/div>\n<\/div>\n<\/div>\n<\/div>\n<\/div>\n<\/div>\n","protected":false},"excerpt":{"rendered":"<div class=\"flex-shrink-0 flex flex-col relative items-end\">\n<div>\n<div class=\"pt-0.5 juice:pt-0\">\n<div class=\"gizmo-bot-avatar flex h-6 w-6 items-center justify-center overflow-hidden rounded-full juice:h-8 juice:w-8\"><\/div>\n<\/div>\n<\/div>\n<\/div>\n<div class=\"group\/conversation-turn relative flex w-full min-w-0 flex-col agent-turn\">\n<div class=\"flex-col gap-1 md:gap-3\">\n<div class=\"flex flex-grow flex-col max-w-full\">\n<div class=\"min-h-[20px] text-message flex flex-col items-start whitespace-pre-wrap break-words [.text-message+&amp;]:mt-5 juice:w-full juice:items-end overflow-x-auto gap-2\" dir=\"auto\" data-message-author-role=\"assistant\" data-message-id=\"af26f11e-51c3-47da-b326-9cd0affb580f\">\n<div class=\"flex w-full flex-col gap-1 juice:empty:hidden juice:first:pt-[3px]\">\n<div class=\"markdown prose w-full break-words dark:prose-invert light\">\n<p>D\u00e9couvrez <strong>le Sac Bowling Magique en coton doux,<\/strong> avec un fond rose et des petits c\u0153urs rouges !<\/p>\n<p>Ce sac mignon et pratique dispose d&#8217;une poche zipp\u00e9e secr\u00e8te et d&#8217;une grande ouverture.<\/p>\n<p>Id\u00e9al pour partir en week-end, aller au sport ou \u00e0 la danse.<\/p>\n<\/div>\n<\/div>\n<\/div>\n<\/div>\n<\/div>\n<\/div>\n","protected":false},"featured_media":34692,"comment_status":"open","ping_status":"closed","template":"","meta":{"_acf_changed":false},"product_brand":[],"product_cat":[240],"product_tag":[511,512],"class_list":{"0":"post-34562","1":"product","2":"type-product","3":"status-publish","4":"has-post-thumbnail","6":"product_cat-sacs","7":"product_tag-coeur","8":"product_tag-coeurs","10":"first","11":"instock","12":"taxable","13":"shipping-taxable","14":"purchasable","15":"product-type-simple"},"acf":[],"yoast_head":"<!-- This site is optimized with the Yoast SEO plugin v25.4 - https:\/\/yoast.com\/wordpress\/plugins\/seo\/ -->\n<title>Le Sac Bowling Motifs Petits Coeurs - Rose - Ratatam Official Website<\/title>\n<meta name=\"description\" content=\"D\u00e9couvrez le Sac Bowling Magique en coton doux, avec un fond rose et des petits coeurs. Livraison offerte France Metropolitaine.\" \/>\n<meta name=\"robots\" content=\"index, follow, max-snippet:-1, max-image-preview:large, max-video-preview:-1\" \/>\n<link rel=\"canonical\" href=\"https:\/\/ratatamkids.com\/en\/produit\/sac-bowling-motifs-petits-coeurs-rose\/\" \/>\n<meta property=\"og:locale\" content=\"en_US\" \/>\n<meta property=\"og:type\" content=\"article\" \/>\n<meta property=\"og:title\" content=\"Le Sac Bowling Motifs Petits Coeurs - Rose - Ratatam Official Website\" \/>\n<meta property=\"og:description\" content=\"D\u00e9couvrez le Sac Bowling Magique en coton doux, avec un fond rose et des petits coeurs. Livraison offerte France Metropolitaine.\" \/>\n<meta property=\"og:url\" content=\"https:\/\/ratatamkids.com\/en\/produit\/sac-bowling-motifs-petits-coeurs-rose\/\" \/>\n<meta property=\"og:site_name\" content=\"Ratatam Official Website\" \/>\n<meta property=\"article:publisher\" content=\"https:\/\/www.facebook.com\/Ratatamforhappykids\/\" \/>\n<meta property=\"article:modified_time\" content=\"2026-04-12T08:16:26+00:00\" \/>\n<meta property=\"og:image\" content=\"https:\/\/ratatamkids.com\/wp-content\/uploads\/2024\/07\/SB-A026-SAC-BOWLING-ROSE-COEURS-3.jpg\" \/>\n\t<meta property=\"og:image:width\" content=\"800\" \/>\n\t<meta property=\"og:image:height\" content=\"800\" \/>\n\t<meta property=\"og:image:type\" content=\"image\/jpeg\" \/>\n<meta name=\"twitter:card\" content=\"summary_large_image\" \/>\n<meta name=\"twitter:label1\" content=\"Est. reading time\" \/>\n\t<meta name=\"twitter:data1\" content=\"2 minutes\" \/>\n<script type=\"application\/ld+json\" class=\"yoast-schema-graph\">{\"@context\":\"https:\/\/schema.org\",\"@graph\":[{\"@type\":\"WebPage\",\"@id\":\"https:\/\/ratatamkids.com\/en\/produit\/sac-bowling-motifs-petits-coeurs-rose\/\",\"url\":\"https:\/\/ratatamkids.com\/en\/produit\/sac-bowling-motifs-petits-coeurs-rose\/\",\"name\":\"Le Sac Bowling Motifs Petits Coeurs - Rose - Ratatam Official Website\",\"isPartOf\":{\"@id\":\"https:\/\/ratatamkids.com\/en\/#website\"},\"primaryImageOfPage\":{\"@id\":\"https:\/\/ratatamkids.com\/en\/produit\/sac-bowling-motifs-petits-coeurs-rose\/#primaryimage\"},\"image\":{\"@id\":\"https:\/\/ratatamkids.com\/en\/produit\/sac-bowling-motifs-petits-coeurs-rose\/#primaryimage\"},\"thumbnailUrl\":\"https:\/\/ratatamkids.com\/wp-content\/uploads\/2024\/07\/SB-A026-SAC-BOWLING-ROSE-COEURS-3.jpg\",\"datePublished\":\"2024-07-04T12:17:01+00:00\",\"dateModified\":\"2026-04-12T08:16:26+00:00\",\"description\":\"D\u00e9couvrez le Sac Bowling Magique en coton doux, avec un fond rose et des petits coeurs. Livraison offerte France Metropolitaine.\",\"breadcrumb\":{\"@id\":\"https:\/\/ratatamkids.com\/en\/produit\/sac-bowling-motifs-petits-coeurs-rose\/#breadcrumb\"},\"inLanguage\":\"en-US\",\"potentialAction\":[{\"@type\":\"ReadAction\",\"target\":[\"https:\/\/ratatamkids.com\/en\/produit\/sac-bowling-motifs-petits-coeurs-rose\/\"]}]},{\"@type\":\"ImageObject\",\"inLanguage\":\"en-US\",\"@id\":\"https:\/\/ratatamkids.com\/en\/produit\/sac-bowling-motifs-petits-coeurs-rose\/#primaryimage\",\"url\":\"https:\/\/ratatamkids.com\/wp-content\/uploads\/2024\/07\/SB-A026-SAC-BOWLING-ROSE-COEURS-3.jpg\",\"contentUrl\":\"https:\/\/ratatamkids.com\/wp-content\/uploads\/2024\/07\/SB-A026-SAC-BOWLING-ROSE-COEURS-3.jpg\",\"width\":800,\"height\":800,\"caption\":\"SB-A026 SAC BOWLING COEUR ROSE RATATAM KIDS\"},{\"@type\":\"BreadcrumbList\",\"@id\":\"https:\/\/ratatamkids.com\/en\/produit\/sac-bowling-motifs-petits-coeurs-rose\/#breadcrumb\",\"itemListElement\":[{\"@type\":\"ListItem\",\"position\":1,\"name\":\"Accueil\",\"item\":\"https:\/\/ratatamkids.com\/en\/\"},{\"@type\":\"ListItem\",\"position\":2,\"name\":\"Shop\",\"item\":\"https:\/\/ratatamkids.com\/en\/shop\/\"},{\"@type\":\"ListItem\",\"position\":3,\"name\":\"Accessories\",\"item\":\"https:\/\/ratatamkids.com\/en\/categorie-produit\/accessories\/\"},{\"@type\":\"ListItem\",\"position\":4,\"name\":\"Bags\",\"item\":\"https:\/\/ratatamkids.com\/en\/categorie-produit\/accessories\/bags\/\"},{\"@type\":\"ListItem\",\"position\":5,\"name\":\"Le Sac Bowling Motifs Petits Coeurs &#8211; Rose\"}]},{\"@type\":\"WebSite\",\"@id\":\"https:\/\/ratatamkids.com\/en\/#website\",\"url\":\"https:\/\/ratatamkids.com\/en\/\",\"name\":\"Ratatam Official Website\",\"description\":\"Cool brand for happy kids!\",\"potentialAction\":[{\"@type\":\"SearchAction\",\"target\":{\"@type\":\"EntryPoint\",\"urlTemplate\":\"https:\/\/ratatamkids.com\/en\/?s={search_term_string}\"},\"query-input\":{\"@type\":\"PropertyValueSpecification\",\"valueRequired\":true,\"valueName\":\"search_term_string\"}}],\"inLanguage\":\"en-US\"}]}<\/script>\n<!-- \/ Yoast SEO plugin. -->","yoast_head_json":{"title":"Le Sac Bowling Motifs Petits Coeurs - Rose - Ratatam Official Website","description":"D\u00e9couvrez le Sac Bowling Magique en coton doux, avec un fond rose et des petits coeurs. Livraison offerte France Metropolitaine.","robots":{"index":"index","follow":"follow","max-snippet":"max-snippet:-1","max-image-preview":"max-image-preview:large","max-video-preview":"max-video-preview:-1"},"canonical":"https:\/\/ratatamkids.com\/en\/produit\/sac-bowling-motifs-petits-coeurs-rose\/","og_locale":"en_US","og_type":"article","og_title":"Le Sac Bowling Motifs Petits Coeurs - Rose - Ratatam Official Website","og_description":"D\u00e9couvrez le Sac Bowling Magique en coton doux, avec un fond rose et des petits coeurs. Livraison offerte France Metropolitaine.","og_url":"https:\/\/ratatamkids.com\/en\/produit\/sac-bowling-motifs-petits-coeurs-rose\/","og_site_name":"Ratatam Official Website","article_publisher":"https:\/\/www.facebook.com\/Ratatamforhappykids\/","article_modified_time":"2026-04-12T08:16:26+00:00","og_image":[{"width":800,"height":800,"url":"https:\/\/ratatamkids.com\/wp-content\/uploads\/2024\/07\/SB-A026-SAC-BOWLING-ROSE-COEURS-3.jpg","type":"image\/jpeg"}],"twitter_card":"summary_large_image","twitter_misc":{"Est. reading time":"2 minutes"},"schema":{"@context":"https:\/\/schema.org","@graph":[{"@type":"WebPage","@id":"https:\/\/ratatamkids.com\/en\/produit\/sac-bowling-motifs-petits-coeurs-rose\/","url":"https:\/\/ratatamkids.com\/en\/produit\/sac-bowling-motifs-petits-coeurs-rose\/","name":"Le Sac Bowling Motifs Petits Coeurs - Rose - Ratatam Official Website","isPartOf":{"@id":"https:\/\/ratatamkids.com\/en\/#website"},"primaryImageOfPage":{"@id":"https:\/\/ratatamkids.com\/en\/produit\/sac-bowling-motifs-petits-coeurs-rose\/#primaryimage"},"image":{"@id":"https:\/\/ratatamkids.com\/en\/produit\/sac-bowling-motifs-petits-coeurs-rose\/#primaryimage"},"thumbnailUrl":"https:\/\/ratatamkids.com\/wp-content\/uploads\/2024\/07\/SB-A026-SAC-BOWLING-ROSE-COEURS-3.jpg","datePublished":"2024-07-04T12:17:01+00:00","dateModified":"2026-04-12T08:16:26+00:00","description":"D\u00e9couvrez le Sac Bowling Magique en coton doux, avec un fond rose et des petits coeurs. Livraison offerte France Metropolitaine.","breadcrumb":{"@id":"https:\/\/ratatamkids.com\/en\/produit\/sac-bowling-motifs-petits-coeurs-rose\/#breadcrumb"},"inLanguage":"en-US","potentialAction":[{"@type":"ReadAction","target":["https:\/\/ratatamkids.com\/en\/produit\/sac-bowling-motifs-petits-coeurs-rose\/"]}]},{"@type":"ImageObject","inLanguage":"en-US","@id":"https:\/\/ratatamkids.com\/en\/produit\/sac-bowling-motifs-petits-coeurs-rose\/#primaryimage","url":"https:\/\/ratatamkids.com\/wp-content\/uploads\/2024\/07\/SB-A026-SAC-BOWLING-ROSE-COEURS-3.jpg","contentUrl":"https:\/\/ratatamkids.com\/wp-content\/uploads\/2024\/07\/SB-A026-SAC-BOWLING-ROSE-COEURS-3.jpg","width":800,"height":800,"caption":"SB-A026 SAC BOWLING COEUR ROSE RATATAM KIDS"},{"@type":"BreadcrumbList","@id":"https:\/\/ratatamkids.com\/en\/produit\/sac-bowling-motifs-petits-coeurs-rose\/#breadcrumb","itemListElement":[{"@type":"ListItem","position":1,"name":"Accueil","item":"https:\/\/ratatamkids.com\/en\/"},{"@type":"ListItem","position":2,"name":"Shop","item":"https:\/\/ratatamkids.com\/en\/shop\/"},{"@type":"ListItem","position":3,"name":"Accessories","item":"https:\/\/ratatamkids.com\/en\/categorie-produit\/accessories\/"},{"@type":"ListItem","position":4,"name":"Bags","item":"https:\/\/ratatamkids.com\/en\/categorie-produit\/accessories\/bags\/"},{"@type":"ListItem","position":5,"name":"Le Sac Bowling Motifs Petits Coeurs &#8211; Rose"}]},{"@type":"WebSite","@id":"https:\/\/ratatamkids.com\/en\/#website","url":"https:\/\/ratatamkids.com\/en\/","name":"Ratatam Official Website","description":"Cool brand for happy kids!","potentialAction":[{"@type":"SearchAction","target":{"@type":"EntryPoint","urlTemplate":"https:\/\/ratatamkids.com\/en\/?s={search_term_string}"},"query-input":{"@type":"PropertyValueSpecification","valueRequired":true,"valueName":"search_term_string"}}],"inLanguage":"en-US"}]}},"_links":{"self":[{"href":"https:\/\/ratatamkids.com\/en\/wp-json\/wp\/v2\/product\/34562","targetHints":{"allow":["GET"]}}],"collection":[{"href":"https:\/\/ratatamkids.com\/en\/wp-json\/wp\/v2\/product"}],"about":[{"href":"https:\/\/ratatamkids.com\/en\/wp-json\/wp\/v2\/types\/product"}],"replies":[{"embeddable":true,"href":"https:\/\/ratatamkids.com\/en\/wp-json\/wp\/v2\/comments?post=34562"}],"wp:featuredmedia":[{"embeddable":true,"href":"https:\/\/ratatamkids.com\/en\/wp-json\/wp\/v2\/media\/34692"}],"wp:attachment":[{"href":"https:\/\/ratatamkids.com\/en\/wp-json\/wp\/v2\/media?parent=34562"}],"wp:term":[{"taxonomy":"product_brand","embeddable":true,"href":"https:\/\/ratatamkids.com\/en\/wp-json\/wp\/v2\/product_brand?post=34562"},{"taxonomy":"product_cat","embeddable":true,"href":"https:\/\/ratatamkids.com\/en\/wp-json\/wp\/v2\/product_cat?post=34562"},{"taxonomy":"product_tag","embeddable":true,"href":"https:\/\/ratatamkids.com\/en\/wp-json\/wp\/v2\/product_tag?post=34562"}],"curies":[{"name":"wp","href":"https:\/\/api.w.org\/{rel}","templated":true}]}}