{"id":34504,"date":"2024-09-16T17:26:23","date_gmt":"2024-09-16T15:26:23","guid":{"rendered":"https:\/\/ratatamkids.com\/?post_type=product&#038;p=34504"},"modified":"2026-04-20T10:49:26","modified_gmt":"2026-04-20T08:49:26","slug":"set-de-dinette-jaune-2","status":"publish","type":"product","link":"https:\/\/ratatamkids.com\/en\/produit\/set-de-dinette-jaune-2\/","title":{"rendered":"Set de dinette &#8211; Jaune"},"content":{"rendered":"<h1>Set de D\u00eenette Jaune<\/h1>\n<p>La Cuisine des Petits Chefs en Couleur ! \ud83c\udf51<\/p>\n<p>Bienvenue dans la cuisine des petits chefs en herbe ! Avec ce set de d\u00eenette en silicone jaune, pr\u00e9pare des repas d\u00e9licieux et rigolos pour toutes tes peluches et poup\u00e9es. Laisse libre cours \u00e0 ton imagination en cr\u00e9ant des plats fantastiques et en jouant au chef \u00e9toil\u00e9 ! \ud83c\udf1f\ud83d\udc69\u200d\ud83c\udf73\ud83d\udc68\u200d\ud83c\udf73<\/p>\n<p>\ud83c\udf7d\ufe0f Ce qu\u2019il y a dans ton set :<br \/>\n\u2013 Une jolie petite cocotte jaune pour tes plats mijot\u00e9s \ud83e\udd58<br \/>\n\u2013 Deux assiettes pr\u00eates \u00e0 servir tes meilleures cr\u00e9ations \ud83c\udf7d\ufe0f<br \/>\n\u2013 Une po\u00eale pour des pancakes ou des omelettes parfaites \ud83c\udf73<br \/>\n\u2013 Un rouleau \u00e0 p\u00e2tisserie pour faire semblant de pr\u00e9parer des tartes \ud83e\udd67<br \/>\n\u2013 Un chauffe-plat pour garder tes plats au chaud (m\u00eame s\u2019ils sont imaginaires !) \ud83d\udd25<br \/>\n\u2013 Une planche \u00e0 d\u00e9couper et un grand couteau (inoffensif !) pour couper en toute s\u00e9curit\u00e9 \ud83c\udf5e\ud83d\udd2a<br \/>\n\u2013 Une spatule pour m\u00e9langer et retourner tes plats \ud83c\udf73<br \/>\n\u2013 Deux bols pour tes soupes ou desserts gourmands \ud83c\udf5c<br \/>\n\u2013 Une louche pour servir comme un(e) pro ! \ud83c\udf72<\/p>\n<p>Pourquoi on l\u2019adore ?<br \/>\nAvec sa belle couleur jaune, ce set de d\u00eenette est super tendance ! Il permet de jouer des heures en cr\u00e9ant des repas imaginaires tout en d\u00e9veloppant la cr\u00e9ativit\u00e9 et l\u2019imagination. Tout ce qu\u2019il te faut pour devenir un chef hors pair dans ta cuisine miniature ! \ud83c\udf89\ud83d\udc68\u200d\ud83c\udf73<\/p>\n<p>Alors, pr\u00eat(e) \u00e0 \u00e9pater tes invit\u00e9s avec des plats gourmands (m\u00eame invisibles) ? Avec ce set corail, la cuisine n\u2019a jamais \u00e9t\u00e9 aussi fun ! \ud83d\ude04<\/p>\n<p>Fabriqu\u00e9 en Chine<\/p>\n<p>En silicone<\/p>\n<p>Ne convient pas aux enfants de &#8211; de 3 ans<\/p>\n<p data-start=\"1099\" data-end=\"1158\">\u267b\ufe0f <strong data-start=\"1102\" data-end=\"1132\">Emballage 100 % recyclable<\/strong>, portant le logo Triman<\/p>\n<p data-start=\"1099\" data-end=\"1158\"><img loading=\"lazy\" decoding=\"async\" class=\"sFlh5c FyHeAf iPVvYb\" src=\"https:\/\/www.sytraival.com\/img\/actualite-zoom\/5d22bec45b677c13da5e3ed4e1969e6a\/21-logo-triman.png\" alt=\"Triman: le logo du tri - Sytraival\" width=\"31\" height=\"32\" \/><\/p>\n","protected":false},"excerpt":{"rendered":"<h1 class=\"product_title entry-title\"><span style=\"font-size: 16px;\">Set de d\u00eenette en plastique corail pour enfants : cocotte, assiettes, po\u00eale, rouleau \u00e0 p\u00e2tisserie, chauffe-plat, \u00a0planche, couteau, spatule, bols et louche.<\/span><\/h1>\n<div class=\"woocommerce-product-details__short-description\">\n<p>Pr\u00eat(e) \u00e0 cuisiner ! \ud83c\udf73<\/p>\n<\/div>\n","protected":false},"featured_media":43130,"comment_status":"open","ping_status":"closed","template":"","meta":{"_acf_changed":false},"product_brand":[],"product_cat":[24],"product_tag":[],"class_list":{"0":"post-34504","1":"product","2":"type-product","3":"status-publish","4":"has-post-thumbnail","6":"product_cat-jouets","8":"first","9":"instock","10":"sale","11":"taxable","12":"shipping-taxable","13":"purchasable","14":"product-type-simple"},"acf":[],"yoast_head":"<!-- This site is optimized with the Yoast SEO plugin v25.4 - https:\/\/yoast.com\/wordpress\/plugins\/seo\/ -->\n<title>Set de dinette - Jaune - Ratatam Official Website<\/title>\n<meta name=\"description\" content=\"Set de d\u00eenette en plastique jaune pour enfants : cocotte, assiettes, po\u00eale, rouleau \u00e0 p\u00e2tisserie, chauffe-plat, sel, poivre, planche, couteau, spatule, bols et louche.\" \/>\n<meta name=\"robots\" content=\"index, follow, max-snippet:-1, max-image-preview:large, max-video-preview:-1\" \/>\n<link rel=\"canonical\" href=\"https:\/\/ratatamkids.com\/en\/produit\/set-de-dinette-jaune-2\/\" \/>\n<meta property=\"og:locale\" content=\"en_US\" \/>\n<meta property=\"og:type\" content=\"article\" \/>\n<meta property=\"og:title\" content=\"Set de dinette - Jaune - Ratatam Official Website\" \/>\n<meta property=\"og:description\" content=\"Set de d\u00eenette en plastique jaune pour enfants : cocotte, assiettes, po\u00eale, rouleau \u00e0 p\u00e2tisserie, chauffe-plat, sel, poivre, planche, couteau, spatule, bols et louche.\" \/>\n<meta property=\"og:url\" content=\"https:\/\/ratatamkids.com\/en\/produit\/set-de-dinette-jaune-2\/\" \/>\n<meta property=\"og:site_name\" content=\"Ratatam Official Website\" \/>\n<meta property=\"article:publisher\" content=\"https:\/\/www.facebook.com\/Ratatamforhappykids\/\" \/>\n<meta property=\"article:modified_time\" content=\"2026-04-20T08:49:26+00:00\" \/>\n<meta property=\"og:image\" content=\"https:\/\/ratatamkids.com\/wp-content\/uploads\/2024\/09\/DINETTE-JAUNE-12-PIECES.jpg\" \/>\n\t<meta property=\"og:image:width\" content=\"2000\" \/>\n\t<meta property=\"og:image:height\" content=\"2000\" \/>\n\t<meta property=\"og:image:type\" content=\"image\/jpeg\" \/>\n<meta name=\"twitter:card\" content=\"summary_large_image\" \/>\n<meta name=\"twitter:label1\" content=\"Est. reading time\" \/>\n\t<meta name=\"twitter:data1\" content=\"2 minutes\" \/>\n<script type=\"application\/ld+json\" class=\"yoast-schema-graph\">{\"@context\":\"https:\/\/schema.org\",\"@graph\":[{\"@type\":\"WebPage\",\"@id\":\"https:\/\/ratatamkids.com\/en\/produit\/set-de-dinette-jaune-2\/\",\"url\":\"https:\/\/ratatamkids.com\/en\/produit\/set-de-dinette-jaune-2\/\",\"name\":\"Set de dinette - Jaune - Ratatam Official Website\",\"isPartOf\":{\"@id\":\"https:\/\/ratatamkids.com\/en\/#website\"},\"primaryImageOfPage\":{\"@id\":\"https:\/\/ratatamkids.com\/en\/produit\/set-de-dinette-jaune-2\/#primaryimage\"},\"image\":{\"@id\":\"https:\/\/ratatamkids.com\/en\/produit\/set-de-dinette-jaune-2\/#primaryimage\"},\"thumbnailUrl\":\"https:\/\/ratatamkids.com\/wp-content\/uploads\/2024\/09\/DINETTE-JAUNE-12-PIECES.jpg\",\"datePublished\":\"2024-09-16T15:26:23+00:00\",\"dateModified\":\"2026-04-20T08:49:26+00:00\",\"description\":\"Set de d\u00eenette en plastique jaune pour enfants : cocotte, assiettes, po\u00eale, rouleau \u00e0 p\u00e2tisserie, chauffe-plat, sel, poivre, planche, couteau, spatule, bols et louche.\",\"breadcrumb\":{\"@id\":\"https:\/\/ratatamkids.com\/en\/produit\/set-de-dinette-jaune-2\/#breadcrumb\"},\"inLanguage\":\"en-US\",\"potentialAction\":[{\"@type\":\"ReadAction\",\"target\":[\"https:\/\/ratatamkids.com\/en\/produit\/set-de-dinette-jaune-2\/\"]}]},{\"@type\":\"ImageObject\",\"inLanguage\":\"en-US\",\"@id\":\"https:\/\/ratatamkids.com\/en\/produit\/set-de-dinette-jaune-2\/#primaryimage\",\"url\":\"https:\/\/ratatamkids.com\/wp-content\/uploads\/2024\/09\/DINETTE-JAUNE-12-PIECES.jpg\",\"contentUrl\":\"https:\/\/ratatamkids.com\/wp-content\/uploads\/2024\/09\/DINETTE-JAUNE-12-PIECES.jpg\",\"width\":2000,\"height\":2000},{\"@type\":\"BreadcrumbList\",\"@id\":\"https:\/\/ratatamkids.com\/en\/produit\/set-de-dinette-jaune-2\/#breadcrumb\",\"itemListElement\":[{\"@type\":\"ListItem\",\"position\":1,\"name\":\"Accueil\",\"item\":\"https:\/\/ratatamkids.com\/en\/\"},{\"@type\":\"ListItem\",\"position\":2,\"name\":\"Shop\",\"item\":\"https:\/\/ratatamkids.com\/en\/shop\/\"},{\"@type\":\"ListItem\",\"position\":3,\"name\":\"Toys\",\"item\":\"https:\/\/ratatamkids.com\/en\/categorie-produit\/toys\/\"},{\"@type\":\"ListItem\",\"position\":4,\"name\":\"Set de dinette &#8211; Jaune\"}]},{\"@type\":\"WebSite\",\"@id\":\"https:\/\/ratatamkids.com\/en\/#website\",\"url\":\"https:\/\/ratatamkids.com\/en\/\",\"name\":\"Ratatam Official Website\",\"description\":\"Cool brand for happy kids!\",\"potentialAction\":[{\"@type\":\"SearchAction\",\"target\":{\"@type\":\"EntryPoint\",\"urlTemplate\":\"https:\/\/ratatamkids.com\/en\/?s={search_term_string}\"},\"query-input\":{\"@type\":\"PropertyValueSpecification\",\"valueRequired\":true,\"valueName\":\"search_term_string\"}}],\"inLanguage\":\"en-US\"}]}<\/script>\n<!-- \/ Yoast SEO plugin. -->","yoast_head_json":{"title":"Set de dinette - Jaune - Ratatam Official Website","description":"Set de d\u00eenette en plastique jaune pour enfants : cocotte, assiettes, po\u00eale, rouleau \u00e0 p\u00e2tisserie, chauffe-plat, sel, poivre, planche, couteau, spatule, bols et louche.","robots":{"index":"index","follow":"follow","max-snippet":"max-snippet:-1","max-image-preview":"max-image-preview:large","max-video-preview":"max-video-preview:-1"},"canonical":"https:\/\/ratatamkids.com\/en\/produit\/set-de-dinette-jaune-2\/","og_locale":"en_US","og_type":"article","og_title":"Set de dinette - Jaune - Ratatam Official Website","og_description":"Set de d\u00eenette en plastique jaune pour enfants : cocotte, assiettes, po\u00eale, rouleau \u00e0 p\u00e2tisserie, chauffe-plat, sel, poivre, planche, couteau, spatule, bols et louche.","og_url":"https:\/\/ratatamkids.com\/en\/produit\/set-de-dinette-jaune-2\/","og_site_name":"Ratatam Official Website","article_publisher":"https:\/\/www.facebook.com\/Ratatamforhappykids\/","article_modified_time":"2026-04-20T08:49:26+00:00","og_image":[{"width":2000,"height":2000,"url":"https:\/\/ratatamkids.com\/wp-content\/uploads\/2024\/09\/DINETTE-JAUNE-12-PIECES.jpg","type":"image\/jpeg"}],"twitter_card":"summary_large_image","twitter_misc":{"Est. reading time":"2 minutes"},"schema":{"@context":"https:\/\/schema.org","@graph":[{"@type":"WebPage","@id":"https:\/\/ratatamkids.com\/en\/produit\/set-de-dinette-jaune-2\/","url":"https:\/\/ratatamkids.com\/en\/produit\/set-de-dinette-jaune-2\/","name":"Set de dinette - Jaune - Ratatam Official Website","isPartOf":{"@id":"https:\/\/ratatamkids.com\/en\/#website"},"primaryImageOfPage":{"@id":"https:\/\/ratatamkids.com\/en\/produit\/set-de-dinette-jaune-2\/#primaryimage"},"image":{"@id":"https:\/\/ratatamkids.com\/en\/produit\/set-de-dinette-jaune-2\/#primaryimage"},"thumbnailUrl":"https:\/\/ratatamkids.com\/wp-content\/uploads\/2024\/09\/DINETTE-JAUNE-12-PIECES.jpg","datePublished":"2024-09-16T15:26:23+00:00","dateModified":"2026-04-20T08:49:26+00:00","description":"Set de d\u00eenette en plastique jaune pour enfants : cocotte, assiettes, po\u00eale, rouleau \u00e0 p\u00e2tisserie, chauffe-plat, sel, poivre, planche, couteau, spatule, bols et louche.","breadcrumb":{"@id":"https:\/\/ratatamkids.com\/en\/produit\/set-de-dinette-jaune-2\/#breadcrumb"},"inLanguage":"en-US","potentialAction":[{"@type":"ReadAction","target":["https:\/\/ratatamkids.com\/en\/produit\/set-de-dinette-jaune-2\/"]}]},{"@type":"ImageObject","inLanguage":"en-US","@id":"https:\/\/ratatamkids.com\/en\/produit\/set-de-dinette-jaune-2\/#primaryimage","url":"https:\/\/ratatamkids.com\/wp-content\/uploads\/2024\/09\/DINETTE-JAUNE-12-PIECES.jpg","contentUrl":"https:\/\/ratatamkids.com\/wp-content\/uploads\/2024\/09\/DINETTE-JAUNE-12-PIECES.jpg","width":2000,"height":2000},{"@type":"BreadcrumbList","@id":"https:\/\/ratatamkids.com\/en\/produit\/set-de-dinette-jaune-2\/#breadcrumb","itemListElement":[{"@type":"ListItem","position":1,"name":"Accueil","item":"https:\/\/ratatamkids.com\/en\/"},{"@type":"ListItem","position":2,"name":"Shop","item":"https:\/\/ratatamkids.com\/en\/shop\/"},{"@type":"ListItem","position":3,"name":"Toys","item":"https:\/\/ratatamkids.com\/en\/categorie-produit\/toys\/"},{"@type":"ListItem","position":4,"name":"Set de dinette &#8211; Jaune"}]},{"@type":"WebSite","@id":"https:\/\/ratatamkids.com\/en\/#website","url":"https:\/\/ratatamkids.com\/en\/","name":"Ratatam Official Website","description":"Cool brand for happy kids!","potentialAction":[{"@type":"SearchAction","target":{"@type":"EntryPoint","urlTemplate":"https:\/\/ratatamkids.com\/en\/?s={search_term_string}"},"query-input":{"@type":"PropertyValueSpecification","valueRequired":true,"valueName":"search_term_string"}}],"inLanguage":"en-US"}]}},"_links":{"self":[{"href":"https:\/\/ratatamkids.com\/en\/wp-json\/wp\/v2\/product\/34504","targetHints":{"allow":["GET"]}}],"collection":[{"href":"https:\/\/ratatamkids.com\/en\/wp-json\/wp\/v2\/product"}],"about":[{"href":"https:\/\/ratatamkids.com\/en\/wp-json\/wp\/v2\/types\/product"}],"replies":[{"embeddable":true,"href":"https:\/\/ratatamkids.com\/en\/wp-json\/wp\/v2\/comments?post=34504"}],"wp:featuredmedia":[{"embeddable":true,"href":"https:\/\/ratatamkids.com\/en\/wp-json\/wp\/v2\/media\/43130"}],"wp:attachment":[{"href":"https:\/\/ratatamkids.com\/en\/wp-json\/wp\/v2\/media?parent=34504"}],"wp:term":[{"taxonomy":"product_brand","embeddable":true,"href":"https:\/\/ratatamkids.com\/en\/wp-json\/wp\/v2\/product_brand?post=34504"},{"taxonomy":"product_cat","embeddable":true,"href":"https:\/\/ratatamkids.com\/en\/wp-json\/wp\/v2\/product_cat?post=34504"},{"taxonomy":"product_tag","embeddable":true,"href":"https:\/\/ratatamkids.com\/en\/wp-json\/wp\/v2\/product_tag?post=34504"}],"curies":[{"name":"wp","href":"https:\/\/api.w.org\/{rel}","templated":true}]}}